{"id":651,"date":"2024-07-02T15:24:09","date_gmt":"2024-07-02T15:24:09","guid":{"rendered":"http:\/\/localhost\/hommywp\/hot-sale-countertop-frozen-yogurt-maker-machine-price-list\/"},"modified":"2025-08-01T09:57:38","modified_gmt":"2025-08-01T09:57:38","slug":"venda-quente-maquina-de-sorvete-expresso","status":"publish","type":"product","link":"https:\/\/www.hommy.com\/pt\/p\/venda-quente-maquina-de-sorvete-expresso\/","title":{"rendered":"Lista de pre\u00e7os da m\u00e1quina de iogurte congelado de bancada de venda quente"},"content":{"rendered":"<div>\n<p>&nbsp;<\/p>\n<h2 style=\"text-align: center\"><strong><span style=\"font-family: arial, helvetica, sans-serif;font-size: 24px\"><a name=\"Hot Sale Soft Serve Ice Cream Machine\"><\/a>M\u00e1quina de Sorvete Expresso de Venda Quente<\/span><\/strong><\/h2>\n<p style=\"text-align: center\"><span style=\"font-family: arial, helvetica, sans-serif;font-size: 16px\"><a href=\"#Hot Sale Soft Serve Ice Cream Machine\" target=\"_self\" data-lv=\"0\" rel=\"noopener\">M\u00e1quina de Sorvete Expresso de Venda Quente<\/a>|<a href=\"#Touch screen control\" target=\"_self\" data-lv=\"0\" rel=\"noopener\">Controlo por ecr\u00e3 t\u00e1til<\/a>|<a href=\"#Functions\" target=\"_self\" data-lv=\"0\" rel=\"noopener\">Fun\u00e7\u00f5es<\/a>|<a href=\"#PRODUCT DETAILS\" target=\"_self\" data-lv=\"0\" rel=\"noopener\">DETALHES DO PRODUTO<\/a><\/span><\/p>\n<p>Temos vindo a servir os clientes com a nossa vasta cole\u00e7\u00e3o de <a style=\"color:blue\" href=\"https:\/\/www.hommy.com\/pt\/maquina-de-iogurte-gelado\/\">m\u00e1quina de iogurte gelado<\/a>s de todo o mundo. Podemos fornecer aos clientes as m\u00e1quinas necess\u00e1rias dentro do prazo estipulado. Al\u00e9m disso, fornecemos aos clientes as m\u00e1quinas no mercado a pre\u00e7os mais competitivos.<\/p>\n<p><\/p>\n<p>Para al\u00e9m disso, os nossos profissionais fornecem aos clientes os servi\u00e7os p\u00f3s-venda.<\/p>\n<p style=\"text-align: center\">&nbsp;<\/p>\n<div class=\"d-tem11-graphic tem11-graphic mockup\" data-detail=\"wrap\">\n<div class=\"tab_row\">\n<div class=\"img\" style=\"width: 50%\"><img decoding=\"async\" title=\"\" alt=\"produto-Hommy-img\" src=\"https:\/\/www.hommy.com\/wp-content\/uploads\/15553942303515.jpg\"><\/div>\n<div class=\"text_box\" style=\"width: 50%\">\n<div class=\"txt\">\n<p>&nbsp;<\/p>\n<h2><strong><span style=\"font-family: arial, helvetica, sans-serif;font-size: 24px\"><a name=\"Touch screen control\"><\/a>Controlo por ecr\u00e3 t\u00e1til<\/span><\/strong><\/h2>\n<p>&nbsp;<\/p>\n<p style=\"line-height: 2em\">O sistema de controlo t\u00e1til por microprocessador est\u00e1 integrado num painel de vidro temperado dur\u00e1vel.<br \/>As temperaturas nas tremonhas ou nos cilindros de congela\u00e7\u00e3o podem ser visualizadas em qualquer ponto do funcionamento.<br \/>Fornece o n\u00edvel de viscosidade necess\u00e1rio para as doses.<br \/>Indicador do n\u00edvel de mistura e alarme. Quando a luz de falta de mistura pisca, a m\u00e1quina desliga-se automaticamente para evitar danos.<br \/>Modo de espera: Durante longos per\u00edodos sem utiliza\u00e7\u00e3o, a fun\u00e7\u00e3o de espera mant\u00e9m as temperaturas seguras do produto na tremonha de mistura e no cilindro de congela\u00e7\u00e3o.<br \/>Fun\u00e7\u00e3o de prote\u00e7\u00e3o da press\u00e3o do sistema de arrefecimento.<br \/>A constru\u00e7\u00e3o duradoura com cobertura em a\u00e7o inoxid\u00e1vel confere um aspeto exterior moderno e luxuoso.<br \/><span style=\"font-size: 18px\"><strong><br \/><\/strong><\/span><\/p>\n<p style=\"line-height: 2em\"><span style=\"font-family: arial, helvetica, sans-serif;font-size: 24px\"><strong><a name=\"Functions\"><\/a>Fun\u00e7\u00f5es: <\/strong><\/span><br \/><span style=\"font-family: arial, helvetica, sans-serif;font-size: 16px\">O sistema de pr\u00e9-arrefecimento mant\u00e9m a mistura abaixo dos 5\u00b0C durante os modos autom\u00e1tico e de espera. A bomba de ar fornece a mistura com uma certa quantidade de ar para os cilindros de congela\u00e7\u00e3o. <br \/>O misturador mant\u00e9m a uniformidade da mistura nas tremonhas. *O contador permite ao operador ver o n\u00famero de por\u00e7\u00f5es distribu\u00eddas.<br \/>Ru\u00eddo ultra-silencioso de 50-55 decib\u00e9is.&nbsp;<\/span><\/p>\n<\/div>\n<\/div>\n<\/div>\n<\/div>\n<p>&nbsp;<\/p>\n<div class=\"text-left d-tem09-title d-interval\" data-detail=\"wrap\">\n<div class=\"title-header\">\n<h2><strong><span style=\"font-size: 24px;font-family: arial, helvetica, sans-serif\"><a name=\"PRODUCT DETAILS\"><\/a>DETALHES DO PRODUTO<\/span><\/strong><\/h2>\n<div class=\"subtitle\"><span>Ap\u00f3s anos de desenvolvimento, estabelecemos uma rede de distribui\u00e7\u00e3o em grande escala em v\u00e1rios pa\u00edses e recebemos um bom feedback dos nossos clientes.<\/span><\/div>\n<\/div>\n<\/div>\n<p>&nbsp;<\/p>\n<div class=\"d-tem18-graphic d-clearfix d-interval mockup clearfix\" data-detail=\"wrap\">\n<div class=\"col-lg-4 col-md-4 col-sm-4 col-xs-6\">\n<div class=\"item\">\n<div class=\"images\"><img decoding=\"async\" title=\"\" alt=\"produto-Hommy-img\" src=\"https:\/\/www.hommy.com\/wp-content\/uploads\/15553942943527.jpg\"><\/div>\n<\/div>\n<\/div>\n<div class=\"col-lg-4 col-md-4 col-sm-4 col-xs-6\">\n<div class=\"item\">\n<div class=\"images\"><img decoding=\"async\" title=\"\" alt=\"produto-Hommy-img\" src=\"https:\/\/www.hommy.com\/wp-content\/uploads\/15553943011548.jpg\"><\/div>\n<\/div>\n<\/div>\n<div class=\"col-lg-4 col-md-4 col-sm-4 col-xs-6\">\n<div class=\"item\">\n<div class=\"images\"><img decoding=\"async\" title=\"\" alt=\"produto-M\u00e1quina de gelados quentes de servi\u00e7o suave-Hommy-img\" src=\"https:\/\/www.hommy.com\/wp-content\/uploads\/15553943082607.jpg\"><\/div>\n<\/div>\n<\/div>\n<\/div>\n<p>&nbsp;<\/p>\n<p>Documento\uff1a<img decoding=\"async\" src=\"https:\/\/www.hommy.com\/wp-content\/uploads\/icon_pdf-33.gif\" style=\"margin-right: 2px\" alt=\"produto-Hommy-img\" title=\"\"><a href=\"https:\/\/img80002414.weyesimg.com\/uploads\/www.hommy.com\/addon\/16028125946586.pdf\" title=\"16028125946586.pdf\" style=\"font-size: 12px\">16028125946586.pdf<\/a><\/p>\n<h2>\u00c9 poss\u00edvel congelar iogurte de baunilha? Eu n\u00e3o consigo, por isso compro o sem gordura.<\/h2>\n<p style=\"margin-top: 5px;margin-bottom: 5px\"><\/p>\n<p style=\"margin-top: 5px;margin-bottom: 5px\">Ah, e tamb\u00e9m compro queijo creme sem gordura.<\/p>\n<p style=\"margin-top: 5px;margin-bottom: 5px\"><\/p>\n<p style=\"margin-top: 5px;margin-bottom: 5px\">N\u00e3o \u00e9 que eu n\u00e3o goste de queijo creme sem gordura, mas \u00e9 que ouvi dizer que n\u00e3o sabe bem. Por isso, fa\u00e7o o meu pr\u00f3prio queijo. Fa\u00e7o o meu pr\u00f3prio queijo de raiz, porque \u00e9 muito melhor.<\/p>\n<p style=\"margin-top: 5px;margin-bottom: 5px\"><\/p>\n<p style=\"margin-top: 5px;margin-bottom: 5px\">Ent\u00e3o, o que \u00e9 o queijo creme sem gordura? \u00c9 basicamente uma combina\u00e7\u00e3o de a\u00e7\u00facar e farinha branca, e \u00e9 o que costum\u00e1vamos chamar de \"queijo cottage\".<\/p>\n<p style=\"margin-top: 5px;margin-bottom: 5px\"><\/p>\n<h2>Quanto tempo dura um <a style=\"color:blue\" href=\"https:\/\/www.hommy.com\/pt\/maquina-de-gelados\/\">m\u00e1quina de servir refrigerantes<\/a> \u00faltimo?<\/h2>\n<p style=\"margin-top: 5px;margin-bottom: 5px\"><\/p>\n<p style=\"margin-top: 5px;margin-bottom: 5px\">\u00c9 f\u00e1cil saber se a m\u00e1quina de servir gelado est\u00e1 a funcionar corretamente. Se o gelado tiver um aspeto cremoso, uma consist\u00eancia espessa e sair livremente do distribuidor, est\u00e1 a funcionar corretamente. Se o gelado for duro, tiver uma consist\u00eancia fina e n\u00e3o sair livremente do distribuidor, n\u00e3o est\u00e1 a funcionar corretamente. Tamb\u00e9m \u00e9 f\u00e1cil saber se uma m\u00e1quina de servir gelado \u00e9 antiga ou nova. Se a m\u00e1quina for mais antiga, ser\u00e1 provavelmente mais dif\u00edcil de limpar e n\u00e3o funcionar\u00e1 t\u00e3o bem.<\/p>\n<p style=\"margin-top: 5px;margin-bottom: 5px\"><\/p>\n<p style=\"margin-top: 5px;margin-bottom: 5px\"><\/p>\n<h2>Os c\u00e3es podem comer iogurte grego?<\/h2>\n<p style=\"margin-top: 5px;margin-bottom: 5px\"><\/p>\n<p style=\"margin-top: 5px;margin-bottom: 5px\">O iogurte grego \u00e9 a mais recente tend\u00eancia no mundo canino, mas ser\u00e1 que os c\u00e3es podem comer iogurte grego? Vamos responder a esta pergunta e muito mais no nosso guia de iogurte grego para c\u00e3es.<\/p>\n<\/div><\/div>","protected":false},"excerpt":{"rendered":"<p>&nbsp; Hot Sale Soft Serve Ice Cream Machine Hot Sale Soft Serve Ice Cream Machine|Touch screen control|Functions|PRODUCT DETAILS We have been serving the customers with our wide collection of frozen yogurt machines from all over the world. We can provide the customers with the required machines within the stipulated time. Moreover, we provide the customers [&hellip;]<\/p>\n","protected":false},"featured_media":646,"comment_status":"open","ping_status":"open","template":"","meta":{"_swt_meta_header_display":false,"_swt_meta_footer_display":false,"_swt_meta_site_title_display":false,"_swt_meta_sticky_header":false,"_swt_meta_transparent_header":false},"product_brand":[],"product_cat":[80,77],"product_tag":[],"class_list":{"0":"post-651","1":"product","2":"type-product","3":"status-publish","4":"has-post-thumbnail","6":"product_cat-frozen-yogurt-machine","7":"product_cat-ice-cream-machine","9":"first","10":"instock","11":"shipping-taxable","12":"product-type-simple"},"_links":{"self":[{"href":"https:\/\/www.hommy.com\/pt\/wp-json\/wp\/v2\/product\/651","targetHints":{"allow":["GET"]}}],"collection":[{"href":"https:\/\/www.hommy.com\/pt\/wp-json\/wp\/v2\/product"}],"about":[{"href":"https:\/\/www.hommy.com\/pt\/wp-json\/wp\/v2\/types\/product"}],"replies":[{"embeddable":true,"href":"https:\/\/www.hommy.com\/pt\/wp-json\/wp\/v2\/comments?post=651"}],"wp:featuredmedia":[{"embeddable":true,"href":"https:\/\/www.hommy.com\/pt\/wp-json\/wp\/v2\/media\/646"}],"wp:attachment":[{"href":"https:\/\/www.hommy.com\/pt\/wp-json\/wp\/v2\/media?parent=651"}],"wp:term":[{"taxonomy":"product_brand","embeddable":true,"href":"https:\/\/www.hommy.com\/pt\/wp-json\/wp\/v2\/product_brand?post=651"},{"taxonomy":"product_cat","embeddable":true,"href":"https:\/\/www.hommy.com\/pt\/wp-json\/wp\/v2\/product_cat?post=651"},{"taxonomy":"product_tag","embeddable":true,"href":"https:\/\/www.hommy.com\/pt\/wp-json\/wp\/v2\/product_tag?post=651"}],"curies":[{"name":"wp","href":"https:\/\/api.w.org\/{rel}","templated":true}]}}