{"id":645,"date":"2024-07-02T14:54:03","date_gmt":"2024-07-02T14:54:03","guid":{"rendered":"http:\/\/localhost\/hommywp\/pop-corn-making-equipment-vending-machine-manufacturer-price-list\/"},"modified":"2025-08-01T09:57:38","modified_gmt":"2025-08-01T09:57:38","slug":"maquina-de-venda-automatica-de-pipocas-16","status":"publish","type":"product","link":"https:\/\/www.hommy.com\/pt\/p\/maquina-de-venda-automatica-de-pipocas-16\/","title":{"rendered":"Pop Corn Making Equipment, M\u00e1quina de venda autom\u00e1tica de milho Lista de pre\u00e7os do fabricante"},"content":{"rendered":"<div>\n<p style=\"text-align: center\"><span style=\"font-size: 24px\"><br \/><\/span><\/p>\n<h2 style=\"text-align: center\"><strong><span style=\"font-family: arial, helvetica, sans-serif;font-size: 24px\"><a name=\"Vending popcorn machine\"><\/a>M\u00e1quina de venda autom\u00e1tica de pipocas<\/span><\/strong><br \/><\/h2>\n<p style=\"text-align: center\"><a href=\"#Vending popcorn machine\" target=\"_self\" data-lv=\"0\" rel=\"noopener\"><span style=\"font-family: arial, helvetica, sans-serif;font-size: 16px\">M\u00e1quina de venda autom\u00e1tica de pipocas<\/span><\/a><span style=\"font-family: arial, helvetica, sans-serif;font-size: 16px\">|<a href=\"#PRODUCT FEATURES\" target=\"_self\" data-lv=\"0\" rel=\"noopener\">CARACTER\u00cdSTICAS DO PRODUTO<\/a>|<a href=\"#Vending popcorn machine\" target=\"_self\" data-lv=\"0\" rel=\"noopener\">M\u00e1quina de venda autom\u00e1tica de pipocas<\/a>|<a href=\"#PRODUCT SPECIFICATION\" target=\"_self\" data-lv=\"0\" rel=\"noopener\">ESPECIFICA\u00c7\u00c3O DO PRODUTO<\/a>|<a href=\"#PRODUCT ADVANTAGE\" target=\"_self\" data-lv=\"0\" rel=\"noopener\">VANTAGEM DO PRODUTO<\/a><\/span><\/p>\n<p><\/p>\n<p><!-- Video start --><video poster=\"https:\/\/img80002414.weyesimg.com\/uploads\/www.hommy.com\/video\/15794976206195.mp4?vframe\/jpg\/offset\/1\" id=\"video\" preload=\"auto\" controls=\"controls\" style=\"width:100%;height:510px\"><\/video><!-- Video end --><\/p>\n<p><!-- Video start --><video poster=\"https:\/\/img80002414.weyesimg.com\/uploads\/www.hommy.com\/video\/15863024924759.mp4?vframe\/jpg\/offset\/1\" id=\"video\" preload=\"auto\" controls=\"controls\" style=\"width:100%;height:510px\"><\/video><!-- Video end --><\/p>\n<\/p>\n<p>N\u00f3s fornecemos uma ampla gama de m\u00e1quina de venda autom\u00e1tica de pipoca para atender \u00e0s necessidades de nossos clientes. Nossa m\u00e1quina \u00e9 feita dispon\u00edvel em diferentes tamanhos e desenhos e \u00e9 muito facilmente dispon\u00edvel no mercado. Nossa gama de qualidade de m\u00e1quina de venda autom\u00e1tica de pipoca \u00e9 disponibilizado em taxas muito razo\u00e1veis.<\/p>\n<p><\/p>\n<p>Eles s\u00e3o altamente exigidos no mercado por causa de sua qualidade e confiabilidade. Nossa m\u00e1quina de venda autom\u00e1tica de pipoca est\u00e1 dispon\u00edvel em diferentes modelos e tamanhos e pode ser personalizado de acordo com as necessidades dos nossos clientes.<\/p>\n<p><span style=\"font-size: 24px\"><br \/><\/span><\/p>\n<h2><strong><span style=\"font-size: 24px;font-family: arial, helvetica, sans-serif\"><a name=\"PRODUCT FEATURES\"><\/a>CARACTER\u00cdSTICAS DO PRODUTO<\/span><\/strong><\/h2>\n<p style=\"font-size: 13px;line-height: 30px\"><span>A f\u00e1brica da Hommy ocupa uma \u00e1rea de 30500 metros quadrados na cidade de Xinhui Jiangmen, incluindo linhas de produ\u00e7\u00e3o flex\u00edveis, laborat\u00f3rio de I&amp;D, centro de aprendizagem e oficina equipada com equipamento de ponta.<\/span><\/p>\n<div class=\"d-tem11-graphic tem11-graphic mockup\" data-detail=\"wrap\">\n<div class=\"tab_row\">\n<div class=\"img\" style=\"width:50%\"><img decoding=\"async\" src=\"https:\/\/www.hommy.com\/wp-content\/uploads\/15794987406646.png\" alt=\"produto-HM-PC-18 m\u00e1quina de venda autom\u00e1tica de pipocas-Hommy-img\" title=\"\"><\/div>\n<div class=\"text_box\" style=\"width:50%\">\n<div class=\"txt\">\n<h2><span style=\"font-family: arial, helvetica, sans-serif;font-size: 24px\"><strong><a name=\"Vending popcorn machine\"><\/a>M\u00e1quina de venda autom\u00e1tica de pipocas<\/strong><\/span><\/h2>\n<p><\/p>\n<p style=\"margin-top:0;margin-right:0;margin-bottom:0;margin-left:0;text-indent:0;text-align:justify\"><span style=\"font-family:\u5b8b\u4f53;letter-spacing:0;font-size:16px\">1. capacidade de cada copo: 50ml que pode fazer cerca de 16-18OZ pipocas.<\/span><\/p>\n<p style=\"margin-top:0;margin-right:0;margin-bottom:0;margin-left:0;text-indent:0;text-align:justify\"><span style=\"font-family: \u5b8b\u4f53;font-size: 16px;letter-spacing: 0px\">2. a m\u00e1quina no interior pode armazenar 80pcs saco de papel.    3.<\/span><span style=\"font-family: \u5b8b\u4f53;font-size: 16px;letter-spacing: 0px\">Sistema de pagamento: moeda e ficha.              4.<\/span><span style=\"font-family: \u5b8b\u4f53;font-size: 16px;letter-spacing: 0px\">Pipoqueira de 30L em a\u00e7o inox e capa exterior com imagem bonita.<\/span><\/p>\n<p style=\"margin-top:0;margin-right:0;margin-bottom:0;margin-left:0;text-indent:0;text-align:justify\"><span style=\"font-family: \u5b8b\u4f53;font-size: 16px;letter-spacing: 0px\">5. a m\u00e1quina dentro do sistema de aquecimento de instala\u00e7\u00e3o e ventilador o milho feito para pipoca \u00e9 rapidamente s\u00f3 precisa de 60-80 segundo<\/span><\/p>\n<p style=\"margin-top:0;margin-right:0;margin-bottom:0;margin-left:0;text-indent:0;text-align:justify\"><span style=\"font-family: \u5b8b\u4f53;font-size: 16px;letter-spacing: 0px\">6. a m\u00e1quina dentro de instalar o sistema de calor de controlo autom\u00e1tico.<\/span><\/p>\n<p style=\"margin-top:0;margin-right:0;margin-bottom:0;margin-left:0;text-indent:0;text-align:justify\"><span style=\"font-family: \u5b8b\u4f53;font-size: 16px;letter-spacing: 0px\">7.<\/span><span style=\"font-family: \u5b8b\u4f53;font-size: 16px;letter-spacing: 0px\">A ta\u00e7a feita em alum\u00ednio transmite bem o calor.<\/span><\/p>\n<p style=\"margin-top:0;margin-right:0;margin-bottom:0;margin-left:0;text-indent:0;text-align:justify\"><span style=\"font-family: \u5b8b\u4f53;font-size: 16px;letter-spacing: 0px\">8. o topo da m\u00e1quina tem placa de publicidade led, que tem 10 cores para mudar para o seu para ajust\u00e1-lo .&nbsp;&nbsp;<\/span><\/p>\n<p style=\"margin-top:0;margin-right:0;margin-bottom:0;text-align:justify\"><span style=\"font-family:\u5b8b\u4f53;letter-spacing:0;font-size:16px\">9. Poupan\u00e7a de energia .                        10.<\/span><span style=\"font-family: \u5b8b\u4f53;font-size: 16px;letter-spacing: 0px\">Conce\u00e7\u00e3o simples e comodidade de funcionamento.<\/span><\/p>\n<p><\/p>\n<\/div>\n<\/div>\n<\/div>\n<\/div>\n<p style=\"font-size: 13px;line-height: 30px\"><span><br \/><\/span><\/p>\n<p style=\"font-size: 13px;line-height: 30px\"><span><br \/><\/span><\/p>\n<p style=\"font-size: 13px;line-height: 30px\"><span><\/span><\/p>\n<h2><strong><span style=\"font-size: 24px;font-family: arial, helvetica, sans-serif\"><a name=\"PRODUCT SPECIFICATION\"><\/a>ESPECIFICA\u00c7\u00c3O DO PRODUTO<\/span><\/strong><\/h2>\n<p style=\"font-size: 13px;line-height: 30px\"><span>A excelente experi\u00eancia do cliente \u00e9 o ponto de partida da Hommy.<\/span><\/p>\n<p style=\"text-align:center\"><span style=\"font-size: 24px\"><img decoding=\"async\" src=\"https:\/\/www.hommy.com\/wp-content\/uploads\/15865765716782-1.png\" title=\"uploads\/www.hommy.com\/images\/https:\/\/www.hommy.com\/wp-content\/uploads\/15865765716782-1.png\" alt=\"imagem.png\" \/><\/span><\/p>\n<p style=\"font-size: 13px;line-height: 30px\"><span style=\"font-size: 24px\"><br \/><\/span><\/p>\n<h2 style=\"font-size: 13px;line-height: 30px\"><strong><span style=\"font-size: 24px;font-family: arial, helvetica, sans-serif\"><a name=\"PRODUCT ADVANTAGE\"><\/a>VANTAGEM DO PRODUTO<\/span><\/strong><br \/><\/h2>\n<p style=\"font-size: 13px;line-height: 30px\"><span style=\"font-size: 24px\"><\/span><\/p>\n<div class=\"d-tem01-graphic tem01-graphic mockup\" data-detail=\"wrap\">\n<div class=\"cont-section clearfix d-clearfix\">\n<div class=\"col-md-6 col-sm-6 col-xs-6\">\n<div class=\"right-p\">\n<p><span style=\"font-size: 20px\">Painel publicit\u00e1rio com leds&nbsp;<\/span><\/p>\n<p><span style=\"font-family: \u5b8b\u4f53;font-size: 16px;letter-spacing: 0px\">Placa de publicidade LED, que tem 10 cores para mudar para voc\u00ea ajust\u00e1-lo, voc\u00ea pode atrair mais clientes.<\/span><\/p>\n<p><span style=\"font-family: \u5b8b\u4f53;font-size: 16px;letter-spacing: 0px\"><br \/><\/span><\/p>\n<p><img decoding=\"async\" src=\"https:\/\/www.hommy.com\/wp-content\/uploads\/15865768005936.jpg\" alt=\"produto-Hommy-img\" title=\"\" style=\"text-align: center\"><\/p>\n<\/div>\n<\/div>\n<div class=\"col-md-6 col-sm-6 col-xs-6\">\n<div class=\"right-p\"><span style=\"font-size: 20px\">Sistema de pagamento: moeda e ficha&nbsp;<\/span>&nbsp;<\/p>\n<p><span style=\"font-family:\u5b8b\u4f53;letter-spacing:0;font-size:16px\">A m\u00e1quina de pagamento interna que pode aceitar moedas e fichas, pode utilizar fichas para fazer a promo\u00e7\u00e3o da sua m\u00e1quina.&nbsp;<\/span><\/p>\n<\/div>\n<p style=\"text-align:center\"><img decoding=\"async\" src=\"https:\/\/www.hommy.com\/wp-content\/uploads\/15865769703876.jpg\" alt=\"produto-Hommy-HM-PC-18 m\u00e1quina de venda autom\u00e1tica de pipocas-img\" title=\"\"><\/p>\n<p><\/p>\n<p>&nbsp;<\/p>\n<p>&nbsp;<\/p>\n<p><\/p>\n<\/div>\n<\/div>\n<\/div>\n<div class=\"d-tem01-graphic tem01-graphic mockup\" data-detail=\"wrap\">\n<div class=\"cont-section clearfix d-clearfix\">\n<div class=\"col-md-6 col-sm-6 col-xs-6\">\n<div class=\"right-p\">\n<div class=\"h2 heading\">Pote de aquecimento resistente<\/div>\n<p><\/p>\n<p><span style=\"font-family:\u5b8b\u4f53;letter-spacing:0;font-size:16px\">A m\u00e1quina dentro do pote de aquecimento que usa materiais resistentes a altas temperaturas que podem passar 200 graus, normalmente a temperatura de trabalho do pote de aquecimento \u00e9 de 90 graus a 110 graus.&nbsp;&nbsp;<\/span><\/p>\n<\/div>\n<div class=\"graphic_pic animated wow bounceIn\" data-wow-delay=\".7s\"><img decoding=\"async\" src=\"https:\/\/www.hommy.com\/wp-content\/uploads\/15865774343251-1.jpg\" alt=\"m\u00e1quina de venda autom\u00e1tica de produtos -Hommy-img\" title=\"\" style=\"float: left\"><br \/>\n &nbsp; &nbsp; &nbsp; &nbsp; &nbsp; &nbsp;<\/div>\n<\/div>\n<div class=\"col-md-6 col-sm-6 col-xs-6\">\n<div class=\"right-p\">\n<div class=\"h2 heading\">Saco de papel e caixa de dep\u00f3sito Stoge<\/div>\n<p><\/p>\n<p><span style=\"font-family: \u5b8b\u4f53;font-size: 16px;letter-spacing: 0px\">O interior da m\u00e1quina tem uma caixa de dinheiro maior e um saco de papel maior (para guardar cerca de 80 unidades).<\/span><\/p>\n<p><\/p>\n<p><\/p>\n<p><img decoding=\"async\" src=\"https:\/\/www.hommy.com\/wp-content\/uploads\/15865778984004.jpg\" alt=\"produto-M\u00e1quina de venda autom\u00e1tica de mam\u00e3s -img\" title=\"\">&nbsp; &nbsp; &nbsp; &nbsp; &nbsp; &nbsp; &nbsp;<\/p>\n<\/div>\n<\/div>\n<\/div>\n<\/div>\n<p>&nbsp; &nbsp; &nbsp;<\/p>\n<p>Documento\uff1a<img decoding=\"async\" src=\"https:\/\/www.hommy.com\/wp-content\/uploads\/icon_pdf-32.gif\" style=\"margin-right: 2px\" alt=\"produto-HM-PC-18 m\u00e1quina de venda autom\u00e1tica de pipocas-Hommy-img-1\" title=\"\"><a href=\"https:\/\/img80002414.weyesimg.com\/uploads\/www.hommy.com\/addon\/16028328875109.pdf\" title=\"16028328875109.pdf\" style=\"font-size: 12px\">16028328875109.pdf<\/a><\/p>\n<h2>Como posso iniciar uma atividade de venda autom\u00e1tica?<\/h2>\n<p style=\"margin-top: 5px;margin-bottom: 5px\"><\/p>\n<p style=\"margin-top: 5px;margin-bottom: 5px\">\"Estou muito entusiasmado por abrir o meu primeiro neg\u00f3cio de venda autom\u00e1tica. N\u00e3o sei muito sobre o sector, mas estou confiante de que posso aprender as compet\u00eancias necess\u00e1rias para come\u00e7ar o meu pr\u00f3prio neg\u00f3cio.\"<\/p>\n<p style=\"margin-top: 5px;margin-bottom: 5px\"><\/p>\n<p style=\"margin-top: 5px;margin-bottom: 5px\">Se alguma vez pensou na venda autom\u00e1tica, n\u00e3o est\u00e1 sozinho. H\u00e1 muitas pessoas que querem entrar no neg\u00f3cio da venda autom\u00e1tica e est\u00e3o \u00e0 procura de respostas sobre como come\u00e7ar.<\/p>\n<p style=\"margin-top: 5px;margin-bottom: 5px\"><\/p>\n<p style=\"margin-top: 5px;margin-bottom: 5px\"><\/p>\n<p style=\"margin-top: 5px;margin-bottom: 5px\">Como se fazem pipocas numa m\u00e1quina grande? Qual \u00e9 a melhor maneira de p\u00f4r a manteiga l\u00e1 dentro? Qual \u00e9 um bom saco de pipocas para micro-ondas? Comprei alguns sacos na mercearia e parecem estar em todo o lado, por isso estou \u00e0 procura de recomenda\u00e7\u00f5es.<\/p>\n<p style=\"margin-top: 5px;margin-bottom: 5px\"><\/p>\n<p style=\"margin-top: 5px;margin-bottom: 5px\">Como se fazem pipocas numa m\u00e1quina grande? Qual \u00e9 a melhor maneira de p\u00f4r a manteiga l\u00e1 dentro? Qual \u00e9 um bom saco de pipocas para micro-ondas? Comprei alguns sacos na mercearia e parecem estar em todo o lado, por isso estou \u00e0 procura de recomenda\u00e7\u00f5es...<\/p>\n<p style=\"margin-top: 5px;margin-bottom: 5px\"><\/p>\n<h2>\u00c9 necess\u00e1ria uma licen\u00e7a para uma m\u00e1quina de venda autom\u00e1tica no Ont\u00e1rio?<\/h2>\n<p style=\"margin-top: 5px;margin-bottom: 5px\"><\/p>\n<p style=\"margin-top: 5px;margin-bottom: 5px\">A resposta \u00e9 sim. Para abrir um novo local ou uma nova m\u00e1quina, \u00e9 necess\u00e1rio ter uma licen\u00e7a da Alcohol and Gaming Commission of Ontario (AGCO). Existem duas licen\u00e7as para m\u00e1quinas de venda autom\u00e1tica: uma licen\u00e7a normal de venda autom\u00e1tica e uma licen\u00e7a de bebidas alco\u00f3licas.<\/p>\n<p style=\"margin-top: 5px;margin-bottom: 5px\"><\/p>\n<p style=\"margin-top: 5px;margin-bottom: 5px\">Pode obter uma licen\u00e7a normal de venda autom\u00e1tica para a sua empresa e para a sua nova m\u00e1quina, mas n\u00e3o pode obter uma licen\u00e7a de venda de bebidas alco\u00f3licas para a sua nova m\u00e1quina.<\/p>\n<\/div><\/div>","protected":false},"excerpt":{"rendered":"<p>Vending popcorn machine Vending popcorn machine|PRODUCT FEATURES|Vending popcorn machine|PRODUCT SPECIFICATION|PRODUCT ADVANTAGE We provide a wide range of popcorn vending machine for catering to the needs of our clients. Our machine is made available in different sizes and designs and is very easily available at the market. Our quality range of popcorn vending machine is made [&hellip;]<\/p>\n","protected":false},"featured_media":638,"comment_status":"open","ping_status":"open","template":"","meta":{"_swt_meta_header_display":false,"_swt_meta_footer_display":false,"_swt_meta_site_title_display":false,"_swt_meta_sticky_header":false,"_swt_meta_transparent_header":false},"product_brand":[],"product_cat":[79,68],"product_tag":[],"class_list":{"0":"post-645","1":"product","2":"type-product","3":"status-publish","4":"has-post-thumbnail","6":"product_cat-popcorn-vending-machine","7":"product_cat-vending-machine","9":"first","10":"instock","11":"shipping-taxable","12":"product-type-simple"},"_links":{"self":[{"href":"https:\/\/www.hommy.com\/pt\/wp-json\/wp\/v2\/product\/645","targetHints":{"allow":["GET"]}}],"collection":[{"href":"https:\/\/www.hommy.com\/pt\/wp-json\/wp\/v2\/product"}],"about":[{"href":"https:\/\/www.hommy.com\/pt\/wp-json\/wp\/v2\/types\/product"}],"replies":[{"embeddable":true,"href":"https:\/\/www.hommy.com\/pt\/wp-json\/wp\/v2\/comments?post=645"}],"wp:featuredmedia":[{"embeddable":true,"href":"https:\/\/www.hommy.com\/pt\/wp-json\/wp\/v2\/media\/638"}],"wp:attachment":[{"href":"https:\/\/www.hommy.com\/pt\/wp-json\/wp\/v2\/media?parent=645"}],"wp:term":[{"taxonomy":"product_brand","embeddable":true,"href":"https:\/\/www.hommy.com\/pt\/wp-json\/wp\/v2\/product_brand?post=645"},{"taxonomy":"product_cat","embeddable":true,"href":"https:\/\/www.hommy.com\/pt\/wp-json\/wp\/v2\/product_cat?post=645"},{"taxonomy":"product_tag","embeddable":true,"href":"https:\/\/www.hommy.com\/pt\/wp-json\/wp\/v2\/product_tag?post=645"}],"curies":[{"name":"wp","href":"https:\/\/api.w.org\/{rel}","templated":true}]}}