{"id":637,"date":"2024-07-02T14:53:27","date_gmt":"2024-07-02T14:53:27","guid":{"rendered":"http:\/\/localhost\/hommywp\/polular-coin-operated-automatic-popcorn-vending-machine\/"},"modified":"2025-08-01T09:57:38","modified_gmt":"2025-08-01T09:57:38","slug":"maquina-automatica-de-venda-automatica-de-pipocas","status":"publish","type":"product","link":"https:\/\/www.hommy.com\/pt\/p\/maquina-automatica-de-venda-automatica-de-pipocas\/","title":{"rendered":"M\u00e1quina autom\u00e1tica de venda de pipocas operada por moedas Polular"},"content":{"rendered":"<p style=\"text-align: center\"><span style=\"font-family:Calibri;font-size:29px\">Venda autom\u00e1tica de um sabor <\/span><span style=\"font-family:\u5b8b\u4f53;font-size:29px\">M\u00e1quina de pipocas <\/span><\/p>\n<p style=\"text-align: center\"><span style=\"font-family:Calibri;font-size:29px\">https:\/\/youtu.be\/jkdmDw6KefI<\/span><\/p>\n<p><span style=\"font-family:Calibri;font-size:29px\">&nbsp;<\/span><\/p>\n<p>A m\u00e1quina autom\u00e1tica de venda autom\u00e1tica de pipocas oferecida \u00e9 amplamente apreciada pela sua durabilidade, alta qualidade, funcionalidade suave, design perfeito, etc. Ele \u00e9 projetado usando as melhores mat\u00e9rias-primas e componentes de qualidade para garantir o seu desempenho de longa dura\u00e7\u00e3o. Al\u00e9m disso, a m\u00e1quina autom\u00e1tica de venda autom\u00e1tica de pipocas \u00e9 testada em diferentes par\u00e2metros para garantir que ela ofere\u00e7a um \u00f3timo desempenho.<\/p>\n<p><span style=\"font-family:Calibri;font-size:29px\"><\/span><\/p>\n<p><span style=\"font-family:\u5b8b\u4f53;font-size:29px\">Especifica\u00e7\u00f5es do produto:<\/span><\/p>\n<p><span style=\"font-family:\u5b8b\u4f53;font-size:29px\"><img decoding=\"async\" src=\"https:\/\/www.hommy.com\/wp-content\/uploads\/16431874463170.png\" alt=\"produto-Hommy-img\" title=\"\"><\/span><\/p>\n<p><span style=\"font-family:\u5b8b\u4f53;font-size:29px\"><\/span><\/p>\n<p style=\"margin-bottom:0;text-align:justify\"><span style=\"font-family:\u5b8b\u4f53;font-size:29px\">Carater\u00edsticas do produto\uff1a<\/span><\/p>\n<p style=\"margin-bottom:0;text-align:justify\"><strong><span style=\"font-family: Calibri;font-size: 16px\">Ecr\u00e3 de opera\u00e7\u00e3o e publicidade de 21\" com sistema android<\/span><\/strong><\/p>\n<p style=\"margin-bottom:0;text-align:justify\"><strong><span style=\"font-family: Calibri;font-size: 16px\">As ch\u00e1venas caem automaticamente. Capacidade de cada ch\u00e1vena: 32 on\u00e7as (a m\u00e1quina no interior pode&nbsp;<\/span><\/strong><strong><span style=\"font-family: Calibri;font-size: 16px\">manter 100pcs copo de papel )<\/span><\/strong><\/p>\n<p style=\"margin-bottom:0;text-align:justify\"><strong><span style=\"font-family: Calibri;font-size: 16px\">\u25cf<\/span><span style=\"font-size: 16px\"><span style=\"font-family:\u5b8b\u4f53\">&nbsp;<\/span><\/span><\/strong><strong><span style=\"font-family: Calibri;font-size: 16px\">A cobertura exterior \u00e9 em a\u00e7o inoxid\u00e1vel e \u00e9 revestida com uma bela imagem.<\/span><\/strong><\/p>\n<p style=\"margin-bottom:0;text-align:justify\"><strong><span style=\"font-family: Calibri;font-size: 16px\">No interior da m\u00e1quina est\u00e1 instalado um sistema de aquecimento e uma ventoinha que faz com que o milho se transforme em pipocas rapidamente<\/span><\/strong><\/p>\n<p style=\"margin-bottom:0;text-align:justify\"><strong><span style=\"font-family: Calibri;font-size: 16px\">&nbsp;em apenas 80 segundos, a temperatura do aquecedor da m\u00e1quina pode ser ajustada com base em diferentes tipos de&nbsp;<\/span><\/strong><strong><span style=\"font-family: Calibri;font-size: 16px\">de pipocas.<\/span><\/strong><\/p>\n<p style=\"margin-bottom:0;text-align:justify\"><strong><span style=\"font-family: Calibri;font-size: 16px\">A m\u00e1quina misturar\u00e1 automaticamente as pipocas com o sabor da m\u00e1quina.<\/span><\/strong><\/p>\n<p style=\"margin-bottom:0;text-align:justify\"><strong><span style=\"font-family: Calibri;font-size: 16px\">No interior da m\u00e1quina est\u00e1 instalado um aquecedor de controlo autom\u00e1tico. Design simples e opera\u00e7\u00e3o conveniente.<\/span><\/strong><\/p>\n<p style=\"margin-bottom:0;text-align:justify\"><strong><span style=\"font-family: Calibri;font-size: 16px\">Duas ta\u00e7as feitas em alum\u00ednio s\u00e3o boas para a transmiss\u00e3o de calor.<\/span><\/strong><\/p>\n<p style=\"margin-bottom:0;text-align:justify\"><strong><span style=\"font-family: Calibri;font-size: 16px\">O idioma da interface do ecr\u00e3 t\u00e1til pode ser configurado com base em diferentes pa\u00edses.<\/span><\/strong><\/p>\n<p style=\"margin-bottom:0;text-align:justify\"><strong><span style=\"font-family: Calibri;font-size: 16px\">Sistema de pagamento: moeda, fatura, MDB para leitor de cart\u00f5es<\/span><\/strong><\/p>\n<p style=\"margin-bottom:0;text-align:justify\"><strong><span style=\"font-family: Calibri;font-size: 16px\">A m\u00e1quina no interior mant\u00e9m um sabor de milho.<\/span><\/strong><\/p>\n<p style=\"margin-bottom:0;text-align:justify\"><strong><span style=\"font-family: Calibri;font-size: 16px\">O sistema remoto pode rastrear a situa\u00e7\u00e3o de venda, lembrete de falta de material, configura\u00e7\u00e3o de dados internos da m\u00e1quina,<\/span><\/strong><strong><span style=\"font-family: Calibri;font-size: 16px\">&nbsp; Lembrete de falha da m\u00e1quina.&nbsp;&nbsp;<\/span><\/strong><\/p>\n<p style=\"margin-bottom:0;margin-left:96px;text-align:justify\"><span style=\"font-family:Calibri;font-size:16px\">&nbsp;<\/span><span style=\"font-family: \u5b8b\u4f53;font-size: 16px\">&nbsp; &nbsp; &nbsp; &nbsp; &nbsp; &nbsp;<\/span><\/p>\n<p><span style=\"font-family:\u5b8b\u4f53;font-size:29px\">Vantagem do produto:<\/span><\/p>\n<p><span style=\"font-family:Calibri;font-size:16px\">&nbsp;<\/span><span style=\"font-family: Calibri;font-size: 16px\">1.&nbsp;<\/span><span style=\"font-family: Calibri;font-size: 16px\">O aquecedor de duas camadas distribui o calor de forma mais uniforme<\/span><\/p>\n<p><img loading=\"lazy\" decoding=\"async\" src=\"https:\/\/www.hommy.com\/wp-content\/uploads\/16431876355525.png\" title=\"\" alt=\"produto-Hommy-Automatic Vending Popcorn Machine-img\" width=\"350\" height=\"366\" border=\"0\" vspace=\"0\" style=\"width: 350px;height: 366px\"><\/p>\n<p><span style=\"font-family:\u5b8b\u4f53;font-size:16px\">2.<\/span><span style=\"font-family:\u5b8b\u4f53;font-size:16px\">A m\u00e1quina<\/span><span style=\"font-family:Calibri;font-size:16px\">&nbsp;Dispomos de 3 tipos de pagamento para a sua opera\u00e7\u00e3o: fatura, moeda e troca de moeda, cart\u00e3o de cr\u00e9dito.<\/span><span style=\"font-family:\u5b8b\u4f53;font-size:16px\">&nbsp;<\/span><\/p>\n<p><img loading=\"lazy\" decoding=\"async\" src=\"https:\/\/www.hommy.com\/wp-content\/uploads\/16431876115451.png\" title=\"\" alt=\"produto-M\u00e1quina autom\u00e1tica de venda autom\u00e1tica de pipocas-Hommy-img\" width=\"350\" height=\"162\" border=\"0\" vspace=\"0\" style=\"width: 350px;height: 162px\"><\/p>\n<p><span style=\"font-family:\u5b8b\u4f53;font-size:16px\">3.<\/span><span style=\"font-family:\u5b8b\u4f53;font-size:16px\">A m\u00e1quina dentro do pote de aquecimento que usa materiais resistentes a altas temperaturas que podem passar 200 graus, normalmente a temperatura de trabalho do pote de aquecimento \u00e9 de 90 graus a 110 graus. &nbsp;<\/span><\/p>\n<p><img loading=\"lazy\" decoding=\"async\" src=\"https:\/\/www.hommy.com\/wp-content\/uploads\/16431875836350.jpg\" title=\"\" alt=\"produto-Hommy-img\" width=\"350\" height=\"1440\" border=\"0\" vspace=\"0\" style=\"width: 350px;height: 1440px\"><\/p>\n<p><span style=\"font-family:Calibri;font-size:16px\">4.&nbsp;<\/span><span style=\"font-family:Calibri;font-size:16px\">A m\u00e1quina no interior pode guardar um copo de 32OZ 100pcs . <\/span><\/p>\n<p><span style=\"font-family:\u5b8b\u4f53;font-size:16px\"><img loading=\"lazy\" decoding=\"async\" src=\"https:\/\/www.hommy.com\/wp-content\/uploads\/16431875535861.png\" title=\"\" alt=\"produto-Hommy-img\" width=\"350\" height=\"1080\" border=\"0\" vspace=\"0\" style=\"width: 350px;height: 1080px\">&nbsp;&nbsp;<\/span><\/p>\n<p><span style=\"font-family:Calibri;font-size:16px\">5.<\/span><span style=\"font-family:Calibri;font-size:16px\">O interior da m\u00e1quina pode guardar 1 sabor de milho .<\/span><\/p>\n<p><img loading=\"lazy\" decoding=\"async\" src=\"https:\/\/www.hommy.com\/wp-content\/uploads\/16431874975650.png\" title=\"\" alt=\"produto-Hommy-img\" width=\"350\" height=\"522\" border=\"0\" vspace=\"0\" style=\"width: 350px;height: 522px\"><\/p>\n<h2>Que tipo de \u00f3leo se utiliza nas m\u00e1quinas de pipocas? E quanto tempo se deixa arrefecer antes de abrir a tampa?<\/h2>\n<p style=\"margin-top: 5px;margin-bottom: 5px\"><\/p>\n<p style=\"margin-top: 5px;margin-bottom: 5px\">Estou a pensar comprar uma m\u00e1quina de fazer pipocas este fim de semana. Estava a olhar para a M&amp;P e gosto da ideia de poder ajustar a quantidade de manteiga e sal. Tenho um filho de 13 anos que quer comer as pipocas, por isso quero poder faz\u00ea-las sem que fiquem a saber a manteiga.<\/p>\n<p style=\"margin-top: 5px;margin-bottom: 5px\"><\/p>\n<p style=\"margin-top: 5px;margin-bottom: 5px\">A primeira coisa que me vem \u00e0 cabe\u00e7a \u00e9 o \u00f3leo de canola. Mas quero poder utilizar \u00f3leo vegetal normal.<\/p>\n<p style=\"margin-top: 5px;margin-bottom: 5px\"><\/p>\n<p style=\"margin-top: 5px;margin-bottom: 5px\"><\/p>\n<h2>Qual \u00e9 o neg\u00f3cio perfeito para come\u00e7ar?<\/h2>\n<p style=\"margin-top: 5px;margin-bottom: 5px\"><\/p>\n<p style=\"margin-top: 5px;margin-bottom: 5px\">Esta pergunta j\u00e1 foi feita tantas vezes que a resposta est\u00e1 quase a tornar-se um clich\u00e9. Mas h\u00e1 uma verdade que \u00e9 muitas vezes ignorada. Se for uma pessoa \u00edntegra, n\u00e3o importa qual o neg\u00f3cio que est\u00e1 a iniciar. O mesmo se aplica a uma pessoa \u00edntegra. Se for uma pessoa \u00edntegra, n\u00e3o importar\u00e1 a empresa que iniciar. A verdade \u00e9 que n\u00e3o \u00e9 a empresa que importa, mas sim a pessoa. Uma pessoa \u00edntegra trabalhar\u00e1 diligentemente para construir um neg\u00f3cio de sucesso, mas o sucesso ser\u00e1 medido pela integridade da pessoa.<\/p>\n<p style=\"margin-top: 5px;margin-bottom: 5px\"><\/p>\n<h2>As m\u00e1quinas de venda autom\u00e1tica s\u00e3o rent\u00e1veis no Canad\u00e1?<\/h2>\n<p style=\"margin-top: 5px;margin-bottom: 5px\"><\/p>\n<p style=\"margin-top: 5px;margin-bottom: 5px\">S\u00e3o poucas as m\u00e1quinas de venda autom\u00e1tica que n\u00e3o s\u00e3o rent\u00e1veis no Canad\u00e1. As raz\u00f5es prendem-se com o facto de o Canad\u00e1 ser um mercado relativamente pequeno e de o custo de entrega ser relativamente baixo. Por exemplo, se uma empresa entrega cinco artigos a um cliente e o custo de entrega \u00e9 de $15, ent\u00e3o o custo de uma m\u00e1quina para entregar os mesmos artigos \u00e9 de apenas $3. No entanto, algumas m\u00e1quinas de venda autom\u00e1tica n\u00e3o s\u00e3o rent\u00e1veis no Canad\u00e1 e outras s\u00e3o-no.<\/p>\n<\/p><\/div>","protected":false},"excerpt":{"rendered":"<p>One flavor automatic vending Popcorn Machine https:\/\/youtu.be\/jkdmDw6KefI &nbsp; The offered Automatic Vending Popcorn Machine is widely appreciated for its durability, high quality, smooth functionality, perfect design, etc. It is designed using the finest quality raw materials and components to ensure its long-lasting performance. Further, the Automatic Vending Popcorn Machine is tested on different parameters to [&hellip;]<\/p>\n","protected":false},"featured_media":1967,"comment_status":"open","ping_status":"open","template":"","meta":{"_swt_meta_header_display":false,"_swt_meta_footer_display":false,"_swt_meta_site_title_display":false,"_swt_meta_sticky_header":false,"_swt_meta_transparent_header":false},"product_brand":[],"product_cat":[79,68],"product_tag":[],"class_list":{"0":"post-637","1":"product","2":"type-product","3":"status-publish","4":"has-post-thumbnail","6":"product_cat-popcorn-vending-machine","7":"product_cat-vending-machine","9":"first","10":"instock","11":"shipping-taxable","12":"product-type-simple"},"_links":{"self":[{"href":"https:\/\/www.hommy.com\/pt\/wp-json\/wp\/v2\/product\/637","targetHints":{"allow":["GET"]}}],"collection":[{"href":"https:\/\/www.hommy.com\/pt\/wp-json\/wp\/v2\/product"}],"about":[{"href":"https:\/\/www.hommy.com\/pt\/wp-json\/wp\/v2\/types\/product"}],"replies":[{"embeddable":true,"href":"https:\/\/www.hommy.com\/pt\/wp-json\/wp\/v2\/comments?post=637"}],"wp:featuredmedia":[{"embeddable":true,"href":"https:\/\/www.hommy.com\/pt\/wp-json\/wp\/v2\/media\/1967"}],"wp:attachment":[{"href":"https:\/\/www.hommy.com\/pt\/wp-json\/wp\/v2\/media?parent=637"}],"wp:term":[{"taxonomy":"product_brand","embeddable":true,"href":"https:\/\/www.hommy.com\/pt\/wp-json\/wp\/v2\/product_brand?post=637"},{"taxonomy":"product_cat","embeddable":true,"href":"https:\/\/www.hommy.com\/pt\/wp-json\/wp\/v2\/product_cat?post=637"},{"taxonomy":"product_tag","embeddable":true,"href":"https:\/\/www.hommy.com\/pt\/wp-json\/wp\/v2\/product_tag?post=637"}],"curies":[{"name":"wp","href":"https:\/\/api.w.org\/{rel}","templated":true}]}}