{"id":630,"date":"2024-07-02T14:42:50","date_gmt":"2024-07-02T14:42:50","guid":{"rendered":"http:\/\/localhost\/hommywp\/multiple-payment-methods-popcorn-vending-machine-for-sale\/"},"modified":"2025-08-01T09:57:38","modified_gmt":"2025-08-01T09:57:38","slug":"hm-pm-18a-maquina-automatica-de-venda-automatica-de-pipocas","status":"publish","type":"product","link":"https:\/\/www.hommy.com\/pt\/p\/hm-pm-18a-maquina-automatica-de-venda-automatica-de-pipocas\/","title":{"rendered":"M\u00e1quina de venda autom\u00e1tica de pipocas com v\u00e1rios m\u00e9todos de pagamento para venda"},"content":{"rendered":"<div>\n<p style=\"text-align: center\"><span style=\"font-size: 24px\"><br \/><\/span><\/p>\n<h2 style=\"text-align: center\"><strong><span style=\"font-family: arial, helvetica, sans-serif;font-size: 24px\"><a name=\"Full Automatic Vending popcorn machine\"><\/a>M\u00e1quina de venda autom\u00e1tica de pipocas<\/span><\/strong><br \/><\/h2>\n<p style=\"text-align: center\"><a href=\"#Full Automatic Vending popcorn machine\" target=\"_self\" data-lv=\"0\" rel=\"noopener\"><span style=\"font-family: arial, helvetica, sans-serif;font-size: 16px\">M\u00e1quina de venda autom\u00e1tica de pipocas<\/span><\/a><span style=\"font-family: arial, helvetica, sans-serif;font-size: 16px\">|<a href=\"#PRODUCT FEATURES\" target=\"_self\" data-lv=\"0\" rel=\"noopener\">CARACTER\u00cdSTICAS DO PRODUTO<\/a>|<a href=\"#Full Automatic Vending popcorn machine\" target=\"_self\" data-lv=\"0\" rel=\"noopener\">M\u00e1quina de venda autom\u00e1tica de pipocas<\/a>|<a href=\"#PRODUCT SPECIFICATION\" target=\"_self\" data-lv=\"0\" rel=\"noopener\">ESPECIFICA\u00c7\u00c3O DO PRODUTO<\/a>|<a href=\"#PRODUCT ADVANTAGE\" target=\"_self\" data-lv=\"0\" rel=\"noopener\">VANTAGEM DO PRODUTO<\/a><\/span><\/p>\n<p><span style=\"font-size: 24px\"><br \/><\/span><\/p>\n<p><!-- Video start --><video poster=\"https:\/\/img80002414.weyesimg.com\/uploads\/www.hommy.com\/video\/15794976206195.mp4?vframe\/jpg\/offset\/1\" id=\"video\" preload=\"auto\" controls=\"controls\" style=\"width:100%;height:510px\"><\/video><!-- Video end --><\/p>\n<p>Nossos clientes podem aproveitar de n\u00f3s esta m\u00e1quina de venda autom\u00e1tica em v\u00e1rias especifica\u00e7\u00f5es a pre\u00e7os razo\u00e1veis. Esta m\u00e1quina de venda autom\u00e1tica de pipoca \u00e9 usado para servir pipoca nos restaurantes, hot\u00e9is, salas de cinema, shoppings e outros locais p\u00fablicos. Ele \u00e9 projetado de tal forma que ele pode ser facilmente operado por uma \u00fanica pessoa. A m\u00e1quina de venda autom\u00e1tica de pipocas \u00e9 fabricado usando os componentes de melhor qualidade.<\/p>\n<h2><strong><span style=\"font-size: 24px;font-family: arial, helvetica, sans-serif\"><a name=\"PRODUCT FEATURES\"><\/a>CARACTER\u00cdSTICAS DO PRODUTO<\/span><\/strong><\/h2>\n<p style=\"font-size: 13px;line-height: 30px\"><span>A f\u00e1brica da Hommy ocupa uma \u00e1rea de 30500 metros quadrados na cidade de Xinhui Jiangmen, incluindo linhas de produ\u00e7\u00e3o flex\u00edveis, laborat\u00f3rio de I&amp;D, centro de aprendizagem e oficina equipada com equipamento de ponta.<\/span><\/p>\n<div class=\"d-tem11-graphic tem11-graphic mockup\" data-detail=\"wrap\">\n<div class=\"tab_row\">\n<div class=\"img\" style=\"width:50%\"><img loading=\"lazy\" decoding=\"async\" src=\"https:\/\/www.hommy.com\/wp-content\/uploads\/15865788232339.png\" alt=\"produto-HM-PM-18A M\u00e1quina autom\u00e1tica de venda autom\u00e1tica de pipocas-Hommy-img\" title=\"\" width=\"481\" height=\"641\" border=\"0\" vspace=\"0\" style=\"width: 481px;height: 641px\"><\/div>\n<div class=\"text_box\" style=\"width:50%\">\n<div class=\"txt\">\n<h2><strong><span style=\"font-family: arial, helvetica, sans-serif;font-size: 24px\"><a name=\"Full Automatic Vending popcorn machine\"><\/a>M\u00e1quina de venda autom\u00e1tica de pipocas<\/span><\/strong><\/h2>\n<p><span style=\"font-size: 18px\"><strong><br \/><\/strong><\/span><\/p>\n<p style=\"margin-bottom: 0px;text-align: justify\"><span style=\"font-family: \u5b8b\u4f53;letter-spacing: 0px;font-size: 16px\">1.15\" ecr\u00e3 de opera\u00e7\u00e3o e publicidade . 2.Capacidade de cada copo: 100ml que pode fazer cerca de 32OZ pipocas .<\/span><\/p>\n<p style=\"margin-bottom: 0px;text-align: justify\"><span style=\"font-family: \u5b8b\u4f53;font-size: 16px;letter-spacing: 0px\">3. a m\u00e1quina no interior pode armazenar 100pcs copo.        4.<\/span><span style=\"font-family: \u5b8b\u4f53;font-size: 16px;letter-spacing: 0px\">M\u00e1quina de venda autom\u00e1tica de pipocas totalmente autom\u00e1tica.          5<\/span><span style=\"font-family: \u5b8b\u4f53;font-size: 16px;letter-spacing: 0px\">Sistema de pagamento: dinheiro, moedas e fichas, cart\u00e3o de cr\u00e9dito, troca de moedas e pagamento online.&nbsp;<\/span><\/p>\n<p style=\"margin-bottom: 0px;text-align: justify\"><span style=\"font-family: \u5b8b\u4f53;font-size: 16px;letter-spacing: 0px\">6.&nbsp;<\/span><span style=\"font-family: \u5b8b\u4f53;font-size: 16px;letter-spacing: 0px\">Pipoqueira de 30L em a\u00e7o inox e capa exterior com imagem bonita.<\/span><\/p>\n<p style=\"margin-bottom: 0px;text-align: justify\"><span style=\"font-family: \u5b8b\u4f53;font-size: 16px;letter-spacing: 0px\">7. o tempo de produ\u00e7\u00e3o de pipocas \u00e9 de apenas 60-80 segundos.<\/span><\/p>\n<p style=\"margin-bottom: 0px;text-align: justify\"><span style=\"font-family: \u5b8b\u4f53;font-size: 16px;letter-spacing: 0px\">8. a m\u00e1quina no interior instala o sistema autom\u00e1tico de controlo de calor.<\/span><\/p>\n<p style=\"margin-bottom: 0px;text-align: justify\"><span style=\"font-family: \u5b8b\u4f53;font-size: 16px;letter-spacing: 0px\">9. A ta\u00e7a feita em alum\u00ednio transmite bem o calor.<\/span><\/p>\n<p style=\"margin-bottom: 0px;text-align: justify\"><span style=\"font-family: \u5b8b\u4f53;font-size: 16px;letter-spacing: 0px\">10. a l\u00edngua pode basear-se em diferentes pa\u00edses para a ajustar.<\/span><\/p>\n<p style=\"margin-bottom: 0px;text-align: justify\"><span style=\"font-family: \u5b8b\u4f53;font-size: 16px;letter-spacing: 0px\">11. existem 3 sabores para escolher que misturam o sabor dentro da m\u00e1quina.&nbsp;&nbsp;<\/span><\/p>\n<p style=\"margin-bottom: 0px;text-align: justify\"><span style=\"font-family: \u5b8b\u4f53;letter-spacing: 0px;font-size: 16px\">12. O sistema remoto pode vender situa\u00e7\u00e3o, lembrete de fuga de material, defini\u00e7\u00e3o de dados internos da m\u00e1quina, lembrete de falha da m\u00e1quina.<\/span><\/p>\n<p style=\"margin-bottom: 0px;text-align: justify\"><span style=\"font-family: \u5b8b\u4f53;font-size: 16px;letter-spacing: 0px\">13. conce\u00e7\u00e3o simples e comodidade de funcionamento .<\/span><\/p>\n<p><span style=\"font-family: \u5b8b\u4f53;font-size: 16px;letter-spacing: 0px\"><br \/><\/span><\/p>\n<p style=\"margin-top:0;margin-right:0;margin-bottom:0;margin-left:0;text-indent:0;text-align:justify\"><\/p>\n<\/div>\n<\/div>\n<\/div>\n<\/div>\n<p style=\"font-size: 13px;line-height: 30px\"><span><br \/><\/span><\/p>\n<p style=\"font-size: 13px;line-height: 30px\"><span><br \/><\/span><\/p>\n<p style=\"font-size: 13px;line-height: 30px\"><span><\/span><\/p>\n<h2><strong><span style=\"font-family: arial, helvetica, sans-serif;font-size: 24px\"><a name=\"PRODUCT SPECIFICATION\"><\/a>ESPECIFICA\u00c7\u00c3O DO PRODUTO<\/span><\/strong><\/h2>\n<p style=\"font-size: 13px;line-height: 30px\"><span>A excelente experi\u00eancia do cliente \u00e9 o ponto de partida da Hommy.<\/span><\/p>\n<p style=\"text-align:center\"><span style=\"font-size: 24px\"><img decoding=\"async\" src=\"https:\/\/www.hommy.com\/wp-content\/uploads\/15865765716782.png\" title=\"uploads\/www.hommy.com\/images\/https:\/\/www.hommy.com\/wp-content\/uploads\/15865765716782.png\" alt=\"imagem.png\" \/><\/span><\/p>\n<p style=\"font-size: 13px;line-height: 30px\"><span style=\"font-size: 24px\"><br \/><\/span><\/p>\n<h2 style=\"font-size: 13px;line-height: 30px\"><strong><span style=\"font-family: arial, helvetica, sans-serif;font-size: 24px\"><a name=\"PRODUCT ADVANTAGE\"><\/a>VANTAGEM DO PRODUTO<\/span><\/strong><br \/><\/h2>\n<p style=\"font-size: 13px;line-height: 30px\"><span style=\"font-size: 24px\"><\/span><\/p>\n<div class=\"d-tem01-graphic tem01-graphic mockup\" data-detail=\"wrap\">\n<div class=\"cont-section clearfix d-clearfix\">\n<div class=\"col-md-6 col-sm-6 col-xs-6\">\n<div class=\"right-p\">\n<div class=\"h2 heading\">Pote de aquecimento resistente<\/div>\n<p><\/p>\n<p><span style=\"font-family:\u5b8b\u4f53;letter-spacing:0;font-size:16px\">A m\u00e1quina dentro do pote de aquecimento que usa materiais resistentes a altas temperaturas que podem passar 200 graus, normalmente a temperatura de trabalho do pote de aquecimento \u00e9 de 90 graus a 110 graus.&nbsp;&nbsp;<\/span><\/p>\n<\/div>\n<div class=\"graphic_pic animated wow bounceIn\" data-wow-delay=\".7s\"><img decoding=\"async\" src=\"https:\/\/www.hommy.com\/wp-content\/uploads\/15865774343251.jpg\" alt=\"produto-Hommy-img\" title=\"\" style=\"float: left\"><br \/>\n &nbsp; &nbsp; &nbsp; &nbsp; &nbsp; &nbsp;<\/div>\n<\/div>\n<div class=\"col-md-6 col-sm-6 col-xs-6\">\n<div class=\"right-p\">\n<div class=\"h2 heading\">L\u00edngua diferente&nbsp;<\/div>\n<p><\/p>\n<p><span style=\"font-family:\u5b8b\u4f53;letter-spacing:0;font-size:16px\">Podemos definir uma linguagem diferente para a m\u00e1quina para ensinar o seu funcionamento&nbsp;<\/span><\/p>\n<p><\/p>\n<p><\/p>\n<p><img loading=\"lazy\" decoding=\"async\" src=\"https:\/\/www.hommy.com\/wp-content\/uploads\/15788858317746-6.png\" alt=\"produto-Hommy-img\" title=\"\" width=\"441\" height=\"588\" border=\"0\" vspace=\"0\" style=\"width: 441px;height: 588px\">&nbsp; &nbsp; &nbsp; &nbsp; &nbsp; &nbsp; &nbsp;<\/p>\n<\/div>\n<\/div>\n<\/div>\n<\/div>\n<p>&nbsp; &nbsp;<\/p>\n<p>&nbsp;Documento\uff1a<img decoding=\"async\" src=\"https:\/\/www.hommy.com\/wp-content\/uploads\/icon_pdf-31.gif\" style=\"margin-right: 2px\" alt=\"produto-Hommy-m\u00e1quina autom\u00e1tica de venda de pipocas -img\" title=\"\"><a href=\"https:\/\/img80002414.weyesimg.com\/uploads\/www.hommy.com\/addon\/16028332825554.pdf\" title=\"16028332825554.pdf\" style=\"font-size: 12px\">16028332825554.pdf<\/a><\/p>\n<h2>As pipocas s\u00e3o um neg\u00f3cio rent\u00e1vel?<\/h2>\n<p style=\"margin-top: 5px;margin-bottom: 5px\">As pipocas s\u00e3o um snack muito popular. \u00c9 um snack f\u00e1cil de fazer e de vender. \u00c9 tamb\u00e9m um snack muito popular entre as crian\u00e7as. S\u00e3o vendidas em quase todas as lojas e restaurantes. \u00c9 um snack que se vende a pre\u00e7os muito baixos. Uma \u00fanica sess\u00e3o num cinema ou num evento pode durar uma ou duas horas e, durante esse tempo, \u00e9 prov\u00e1vel que tenha comido muitas pipocas.<\/p>\n<p style=\"margin-top: 5px;margin-bottom: 5px\"><\/p>\n<h2>As m\u00e1quinas de venda autom\u00e1tica precisam de eletricidade?<\/h2>\n<p style=\"margin-top: 5px;margin-bottom: 5px\">Todas as m\u00e1quinas de venda autom\u00e1tica necessitam de eletricidade sob a forma de eletricidade. Como \u00e9 que a eletricidade chega \u00e0s m\u00e1quinas de venda autom\u00e1tica \u00e9 uma quest\u00e3o diferente. H\u00e1 duas formas de a eletricidade chegar \u00e0s m\u00e1quinas de venda autom\u00e1tica. Uma \u00e9 atrav\u00e9s da cablagem. Neste caso, a cablagem liga as m\u00e1quinas de venda autom\u00e1tica \u00e0 fonte de alimenta\u00e7\u00e3o el\u00e9ctrica. A outra forma \u00e9 atrav\u00e9s de energia sem fios. Neste caso, as m\u00e1quinas de venda autom\u00e1tica recebem a energia da fonte de alimenta\u00e7\u00e3o el\u00e9ctrica sem qualquer cablagem.<\/p>\n<p style=\"margin-top: 5px;margin-bottom: 5px\"><\/p>\n<h2>As chaves das m\u00e1quinas de venda autom\u00e1tica s\u00e3o universais?<\/h2>\n<p style=\"margin-top: 5px;margin-bottom: 5px\">Compreendo que algumas m\u00e1quinas de venda autom\u00e1tica t\u00eam um teclado que exige que seja premida uma tecla espec\u00edfica para ativar a m\u00e1quina. No entanto, tamb\u00e9m sei que h\u00e1 algumas m\u00e1quinas de venda autom\u00e1tica que t\u00eam um teclado que exige que seja premida uma combina\u00e7\u00e3o espec\u00edfica de n\u00fameros para ativar a m\u00e1quina.<\/p>\n<\/p><\/div>","protected":false},"excerpt":{"rendered":"<p>Full Automatic Vending popcorn machine Full Automatic Vending popcorn machine|PRODUCT FEATURES|Full Automatic Vending popcorn machine|PRODUCT SPECIFICATION|PRODUCT ADVANTAGE Our clients can avail from us this vending machine in various specifications at reasonable prices. This popcorn vending machine is used for serving popcorn in the restaurants, hotels, movie halls, malls and other public places. It is designed [&hellip;]<\/p>\n","protected":false},"featured_media":625,"comment_status":"open","ping_status":"open","template":"","meta":{"_swt_meta_header_display":false,"_swt_meta_footer_display":false,"_swt_meta_site_title_display":false,"_swt_meta_sticky_header":false,"_swt_meta_transparent_header":false},"product_brand":[],"product_cat":[79,68],"product_tag":[],"class_list":{"0":"post-630","1":"product","2":"type-product","3":"status-publish","4":"has-post-thumbnail","6":"product_cat-popcorn-vending-machine","7":"product_cat-vending-machine","9":"first","10":"instock","11":"shipping-taxable","12":"product-type-simple"},"_links":{"self":[{"href":"https:\/\/www.hommy.com\/pt\/wp-json\/wp\/v2\/product\/630","targetHints":{"allow":["GET"]}}],"collection":[{"href":"https:\/\/www.hommy.com\/pt\/wp-json\/wp\/v2\/product"}],"about":[{"href":"https:\/\/www.hommy.com\/pt\/wp-json\/wp\/v2\/types\/product"}],"replies":[{"embeddable":true,"href":"https:\/\/www.hommy.com\/pt\/wp-json\/wp\/v2\/comments?post=630"}],"wp:featuredmedia":[{"embeddable":true,"href":"https:\/\/www.hommy.com\/pt\/wp-json\/wp\/v2\/media\/625"}],"wp:attachment":[{"href":"https:\/\/www.hommy.com\/pt\/wp-json\/wp\/v2\/media?parent=630"}],"wp:term":[{"taxonomy":"product_brand","embeddable":true,"href":"https:\/\/www.hommy.com\/pt\/wp-json\/wp\/v2\/product_brand?post=630"},{"taxonomy":"product_cat","embeddable":true,"href":"https:\/\/www.hommy.com\/pt\/wp-json\/wp\/v2\/product_cat?post=630"},{"taxonomy":"product_tag","embeddable":true,"href":"https:\/\/www.hommy.com\/pt\/wp-json\/wp\/v2\/product_tag?post=630"}],"curies":[{"name":"wp","href":"https:\/\/api.w.org\/{rel}","templated":true}]}}