{"id":624,"date":"2024-07-02T14:42:43","date_gmt":"2024-07-02T14:42:43","guid":{"rendered":"http:\/\/localhost\/hommywp\/auto-2-flavors-popcorn-vending-machine-cost-wholesale\/"},"modified":"2025-08-01T09:57:38","modified_gmt":"2025-08-01T09:57:38","slug":"maquina-de-venda-automatica-de-pipocas-de-2-sabores","status":"publish","type":"product","link":"https:\/\/www.hommy.com\/pt\/p\/maquina-de-venda-automatica-de-pipocas-de-2-sabores\/","title":{"rendered":"M\u00e1quina de venda autom\u00e1tica de pipocas de 2 sabores Custo por atacado"},"content":{"rendered":"<div>\n<p style=\"text-align: center\"><strong><span style=\"font-family: \u5b8b\u4f53;font-size: 29px\"><\/span><\/strong><\/p>\n<p style=\"text-align: center\"><span style=\"font-family:Calibri;font-size:29px\">Venda autom\u00e1tica 24 horas <\/span><span style=\"font-family:\u5b8b\u4f53;font-size:29px\">M\u00e1quina de pipocas <\/span><\/p>\n<p style=\"text-align: center\"><span style=\"font-family:Calibri;font-size:29px\">https:\/\/youtu.be\/jkdmDw6KefI<\/span><\/p>\n<p style=\"text-align: left\"><span style=\"font-family: Calibri;font-size: 29px\"><\/span>Nossa gama de m\u00e1quina de venda autom\u00e1tica de pipoca \u00e9 amplamente exigido pelos clientes, pois \u00e9 f\u00e1cil de operar e tem instala\u00e7\u00f5es de reabastecimento f\u00e1cil.A gama de m\u00e1quina de venda autom\u00e1tica de pipoca tamb\u00e9m est\u00e1 dispon\u00edvel em diferentes tamanhos, formas, desenhos e estilos que podem ser personalizados como por sua necessidade. Al\u00e9m disso, os pre\u00e7os da m\u00e1quina de venda autom\u00e1tica de pipocas tamb\u00e9m s\u00e3o muito razo\u00e1veis.<\/p>\n<p><span style=\"font-family: \u5b8b\u4f53;font-size: 29px\">Especifica\u00e7\u00f5es do produto:<\/span><\/p>\n<p><span style=\"font-family: \u5b8b\u4f53;font-size: 29px\"><img decoding=\"async\" src=\"https:\/\/www.hommy.com\/wp-content\/uploads\/16431836941896-1.png\" alt=\"produto-Hommy-img\" title=\"\"><\/span><\/p>\n<p><\/p>\n<p style=\"margin-bottom: 0px\"><span style=\"font-family: \u5b8b\u4f53;font-size: 29px\"><\/span><\/p>\n<p style=\"margin-bottom: 0px;text-align: left\"><span style=\"font-family:\u5b8b\u4f53;font-size:29px\">Carater\u00edsticas do produto:<\/span><\/p>\n<p style=\"margin-bottom: 0px;text-align: left\"><strong><span style=\"font-family: Calibri;font-size: 16px\">Ecr\u00e3 de opera\u00e7\u00e3o e publicidade de 21\" com sistema android<\/span><\/strong><\/p>\n<p style=\"margin-bottom: 0px;text-align: left\"><strong><span style=\"font-family: Calibri;font-size: 16px\">As ch\u00e1venas caem automaticamente. Capacidade de cada ch\u00e1vena: 32 on\u00e7as (a m\u00e1quina no interior pode&nbsp;<\/span><\/strong><strong><span style=\"font-family: Calibri;font-size: 16px\">manter 100pcs copo de papel )<\/span><\/strong><\/p>\n<p style=\"margin-bottom: 0px;text-align: left\"><strong><span style=\"font-family: Calibri;font-size: 16px\">\u25cf<\/span><\/strong><strong><span style=\"font-family: Calibri;font-size: 16px\">A cobertura exterior \u00e9 em a\u00e7o inoxid\u00e1vel e \u00e9 revestida com uma bela imagem.<\/span><\/strong><\/p>\n<p style=\"margin-bottom: 0px;text-align: left\"><strong><span style=\"font-family: Calibri;font-size: 16px\">No interior da m\u00e1quina est\u00e1 instalado um sistema de aquecimento e uma ventoinha que faz com que o milho se transforme em pipocas rapidamente&nbsp;<\/span><\/strong><strong><span style=\"font-family: Calibri;font-size: 16px\">&nbsp;em apenas 80 segundos, a temperatura do aquecedor da m\u00e1quina pode ser ajustada com base em diferentes tipos de&nbsp;<\/span><\/strong><strong><span style=\"font-family: Calibri;font-size: 16px\">de pipocas.<\/span><\/strong><\/p>\n<p style=\"margin-bottom: 0px;text-align: left\"><strong><span style=\"font-family: Calibri;font-size: 16px\">A m\u00e1quina misturar\u00e1 automaticamente as pipocas com o sabor da m\u00e1quina.<\/span><\/strong><\/p>\n<p style=\"margin-bottom: 0px;text-align: left\"><strong><span style=\"font-family: Calibri;font-size: 16px\">No interior da m\u00e1quina est\u00e1 instalado um aquecedor de controlo autom\u00e1tico. Design simples e opera\u00e7\u00e3o conveniente.<\/span><\/strong><\/p>\n<p style=\"margin-bottom: 0px;text-align: left\"><strong><span style=\"font-family: Calibri;font-size: 16px\">Duas ta\u00e7as feitas em alum\u00ednio s\u00e3o boas para a transmiss\u00e3o de calor.<\/span><\/strong><\/p>\n<p style=\"margin-bottom: 0px;text-align: left\"><strong><span style=\"font-family: Calibri;font-size: 16px\">O idioma da interface do ecr\u00e3 t\u00e1til pode ser configurado com base em diferentes pa\u00edses.<\/span><\/strong><\/p>\n<p style=\"margin-bottom: 0px;text-align: left\"><strong><span style=\"font-family: Calibri;font-size: 16px\">Sistema de pagamento: moeda, fatura, MDB para leitor de cart\u00f5es<\/span><\/strong><\/p>\n<p style=\"margin-bottom: 0px;text-align: left\"><strong><span style=\"font-family: Calibri;font-size: 16px\">O milho deve ser usado o que j\u00e1 est\u00e1 feito com sabor, e a m\u00e1quina pode servir 2 sabores diferentes para&nbsp;<\/span><\/strong><strong><span style=\"font-family: Calibri;font-size: 16px\">op\u00e7\u00e3o: um doce e um salgado.<\/span><\/strong><\/p>\n<p style=\"margin-bottom: 0px;text-align: left\"><strong><span style=\"font-family: Calibri;font-size: 16px\">O sistema remoto pode rastrear a situa\u00e7\u00e3o de venda, lembrete de falta de material, configura\u00e7\u00e3o de dados internos da m\u00e1quina,&nbsp;<\/span><\/strong><strong><span style=\"font-family: Calibri;font-size: 16px\">Lembrete de falha da m\u00e1quina.&nbsp;&nbsp;<\/span><\/strong><\/p>\n<p style=\"margin-bottom: 0px;margin-left: 96px;text-align: left\"><span style=\"font-family: Calibri;font-size: 16px\">&nbsp;<\/span><span style=\"font-family: \u5b8b\u4f53;font-size: 16px\">&nbsp; &nbsp; &nbsp; &nbsp; &nbsp; &nbsp;&nbsp;<\/span><\/p>\n<p><span style=\"font-family: \u5b8b\u4f53;font-size: 29px\">Vantagem do produto:<\/span><\/p>\n<p><span style=\"font-family: \u5b8b\u4f53;font-size: 16px\">1.<\/span><span style=\"font-family: Calibri;font-size: 16px\">O aquecedor de duas camadas distribui o calor de forma mais uniforme<\/span><\/p>\n<p><img loading=\"lazy\" decoding=\"async\" src=\"https:\/\/www.hommy.com\/wp-content\/uploads\/16431845549200.png\" title=\"\" alt=\"produto-Hommy-img\" width=\"350\" height=\"366\" border=\"0\" vspace=\"0\" style=\"width: 350px;height: 366px\"><\/p>\n<p><span style=\"font-family: \u5b8b\u4f53;font-size: 16px\">2.<\/span><span style=\"font-family: \u5b8b\u4f53;font-size: 16px\">A m\u00e1quina<\/span><span style=\"font-family: Calibri;font-size: 16px\">&nbsp;Dispomos de 3 tipos de pagamento para a sua opera\u00e7\u00e3o: fatura, moeda e troca de moeda, cart\u00e3o de cr\u00e9dito.<\/span><span style=\"font-family: \u5b8b\u4f53;font-size: 16px\">&nbsp;<\/span><\/p>\n<p><span style=\"font-family: \u5b8b\u4f53;font-size: 16px\"><\/span><span style=\"font-family: \u5b8b\u4f53;font-size: 16px\"><\/span><\/p>\n<p><img loading=\"lazy\" decoding=\"async\" src=\"https:\/\/www.hommy.com\/wp-content\/uploads\/16431846494554.png\" title=\"\" alt=\"produto-M\u00e1quina de venda autom\u00e1tica de pipocas de sabor Tommy-2-img\" width=\"350\" height=\"162\" border=\"0\" vspace=\"0\" style=\"width: 350px;height: 162px\"><\/p>\n<p><span style=\"font-family: \u5b8b\u4f53;font-size: 16px\">3.<\/span><span style=\"font-family: \u5b8b\u4f53;font-size: 16px\">A m\u00e1quina dentro do pote de aquecimento que usa materiais resistentes a altas temperaturas que podem passar 200 graus, normalmente a temperatura de trabalho do pote de aquecimento \u00e9 de 90 graus a 110 graus.<\/span><span style=\"font-family: \u5b8b\u4f53;font-size: 16px\">&nbsp;<\/span><\/p>\n<p><img loading=\"lazy\" decoding=\"async\" src=\"https:\/\/www.hommy.com\/wp-content\/uploads\/16431846822537.jpg\" title=\"\" alt=\"produto-Hommy-img\" width=\"350\" height=\"1440\" border=\"0\" vspace=\"0\" style=\"width: 350px;height: 1440px\"><\/p>\n<p><span style=\"font-family: \u5b8b\u4f53;font-size: 16px\">4.<\/span><span style=\"font-family: Calibri;font-size: 16px\">A m\u00e1quina no interior pode guardar um copo de 32OZ 100pcs .<\/span><\/p>\n<p><img loading=\"lazy\" decoding=\"async\" src=\"https:\/\/www.hommy.com\/wp-content\/uploads\/16431847722694.png\" title=\"\" alt=\"produto-2 sabor M\u00e1quina de venda autom\u00e1tica de pipocas-Hommy-img\" width=\"350\" height=\"1080\" border=\"0\" vspace=\"0\" style=\"width: 350px;height: 1080px\"><\/p>\n<p><span style=\"font-family: \u5b8b\u4f53;font-size: 16px\">5.<\/span><span style=\"font-family: Calibri;font-size: 16px\">&nbsp;O interior da m\u00e1quina pode manter 2 sabores de milho para o comprador escolher.<\/span><\/p>\n<p><img loading=\"lazy\" decoding=\"async\" src=\"https:\/\/www.hommy.com\/wp-content\/uploads\/16431849207917.png\" title=\"\" alt=\"produto-Hommy-img\" width=\"350\" height=\"1024\" border=\"0\" vspace=\"0\" style=\"width: 350px;height: 1024px\"><\/p>\n<p><img loading=\"lazy\" decoding=\"async\" src=\"https:\/\/www.hommy.com\/wp-content\/uploads\/16431852367811.png\" title=\"\" alt=\"produto-Hommy-img-1\" width=\"350\" height=\"199\" border=\"0\" vspace=\"0\" style=\"width: 350px;height: 199px\"><\/p>\n<h2>Quanto \u00e9 que uma m\u00e1quina de venda autom\u00e1tica de gelo ganha por ano?<\/h2>\n<p style=\"margin-top: 5px;margin-bottom: 5px\">Dependendo do tamanho da m\u00e1quina e da conce\u00e7\u00e3o da m\u00e1quina, o custo anual de uma \u00fanica m\u00e1quina pode variar entre $250-$1000. O custo anual de funcionamento de uma m\u00e1quina \u00e9 de cerca de $300-$400. O custo da m\u00e1quina e o custo de funcionamento da m\u00e1quina s\u00e3o apenas uma pequena parte do custo de propriedade da m\u00e1quina. O custo da m\u00e1quina e o custo de funcionamento da m\u00e1quina s\u00e3o apenas uma pequena parte do custo de possuir a m\u00e1quina.<\/p>\n<p style=\"margin-top: 5px;margin-bottom: 5px\"><\/p>\n<h2>Quanto custa uma m\u00e1quina de venda autom\u00e1tica de alimentos?<\/h2>\n<p style=\"margin-top: 5px;margin-bottom: 5px\">Para os s\u00edtios grossistas, o pre\u00e7o \u00e9 menos importante do que o custo dos produtos. Se estiver a vender pizza no valor de $10 por $3, ent\u00e3o o seu lucro \u00e9 de $7. A m\u00e1quina de venda autom\u00e1tica de alimentos tornou-se uma forma popular de vender alimentos em eventos. A m\u00e1quina de venda autom\u00e1tica \u00e9 uma m\u00e1quina que vende comida e bebida \u00e0s pessoas que participam num evento. Os alimentos que podem ser vendidos s\u00e3o normalmente pr\u00e9-embalados e s\u00f3 s\u00e3o servidos \u00e0s pessoas que participam no evento. \u00c9 muito c\u00f3modo e poupa tempo, e n\u00e3o ocupa muito do seu tempo ou energia.<\/p>\n<p style=\"margin-top: 5px;margin-bottom: 5px\"><\/p>\n<h2>Pode ter uma m\u00e1quina de refrigerantes em sua casa?&nbsp;<\/h2>\n<p style=\"margin-top: 5px;margin-bottom: 5px\">Sim, \u00e9 poss\u00edvel! A Soda Maker da Sodastream \u00e9 uma pequena m\u00e1quina que pode transformar a sua casa numa fonte de refrigerantes! Pode fazer o seu pr\u00f3prio refrigerante, limonada, ch\u00e1 gelado e outras bebidas. A m\u00e1quina pode ser montada num balc\u00e3o ou numa secret\u00e1ria e cabe em qualquer lugar, mesmo em espa\u00e7os pequenos. Se \u00e9 um amante de refrigerantes ou gosta de poder fazer as suas pr\u00f3prias bebidas, este \u00e9 um \u00f3timo presente!<\/p>\n<\/p><\/div>","protected":false},"excerpt":{"rendered":"<p>24 hours vending Popcorn Machine https:\/\/youtu.be\/jkdmDw6KefI Our range of popcorn vending machine is widely demanded by the clients as it is easy to operate and has easy replenishment facilities.The range of popcorn vending machine is also available in different sizes, shapes, designs and styles that can be customized as per your need. Moreover, the prices [&hellip;]<\/p>\n","protected":false},"featured_media":1966,"comment_status":"closed","ping_status":"closed","template":"","meta":{"_swt_meta_header_display":false,"_swt_meta_footer_display":false,"_swt_meta_site_title_display":false,"_swt_meta_sticky_header":false,"_swt_meta_transparent_header":false},"product_brand":[],"product_cat":[79,68],"product_tag":[],"class_list":{"0":"post-624","1":"product","2":"type-product","3":"status-publish","4":"has-post-thumbnail","6":"product_cat-popcorn-vending-machine","7":"product_cat-vending-machine","9":"first","10":"instock","11":"shipping-taxable","12":"product-type-simple"},"_links":{"self":[{"href":"https:\/\/www.hommy.com\/pt\/wp-json\/wp\/v2\/product\/624","targetHints":{"allow":["GET"]}}],"collection":[{"href":"https:\/\/www.hommy.com\/pt\/wp-json\/wp\/v2\/product"}],"about":[{"href":"https:\/\/www.hommy.com\/pt\/wp-json\/wp\/v2\/types\/product"}],"replies":[{"embeddable":true,"href":"https:\/\/www.hommy.com\/pt\/wp-json\/wp\/v2\/comments?post=624"}],"wp:featuredmedia":[{"embeddable":true,"href":"https:\/\/www.hommy.com\/pt\/wp-json\/wp\/v2\/media\/1966"}],"wp:attachment":[{"href":"https:\/\/www.hommy.com\/pt\/wp-json\/wp\/v2\/media?parent=624"}],"wp:term":[{"taxonomy":"product_brand","embeddable":true,"href":"https:\/\/www.hommy.com\/pt\/wp-json\/wp\/v2\/product_brand?post=624"},{"taxonomy":"product_cat","embeddable":true,"href":"https:\/\/www.hommy.com\/pt\/wp-json\/wp\/v2\/product_cat?post=624"},{"taxonomy":"product_tag","embeddable":true,"href":"https:\/\/www.hommy.com\/pt\/wp-json\/wp\/v2\/product_tag?post=624"}],"curies":[{"name":"wp","href":"https:\/\/api.w.org\/{rel}","templated":true}]}}