{"id":608,"date":"2024-07-02T14:42:29","date_gmt":"2024-07-02T14:42:29","guid":{"rendered":"http:\/\/localhost\/hommywp\/commercial-5-flavors-popcorn-vending-machine-manufacturer\/"},"modified":"2025-08-01T09:57:36","modified_gmt":"2025-08-01T09:57:36","slug":"maquina-de-venda-automatica-de-pipocas-de-5-sabores","status":"publish","type":"product","link":"https:\/\/www.hommy.com\/pt\/p\/maquina-de-venda-automatica-de-pipocas-de-5-sabores\/","title":{"rendered":"M\u00e1quina de venda autom\u00e1tica de pipocas comercial de 5 sabores Fabricante"},"content":{"rendered":"<div>\n<p style=\"text-align: center\">\n<p><\/p>\n<div>\n<div>\n<p>As pipocas tornaram-se um elemento b\u00e1sico nas salas de cinema de todo o pa\u00eds. As nossas m\u00e1quinas de venda autom\u00e1tica de pipocas self-service permitem aos clientes comprar pipocas sem a assist\u00eancia de um caixa ou empregado.<\/p>\n<p>Somos um fabricante de M\u00e1quina de Venda Autom\u00e1tica de Pipocas Comercial na China e a nossa f\u00e1brica est\u00e1 equipada com a maquinaria mais avan\u00e7ada da ind\u00fastria. Estamos no neg\u00f3cio h\u00e1 mais de 20 anos e temos os pre\u00e7os mais competitivos do sector. Al\u00e9m disso, temos vindo a fornecer muitas grandes empresas de alimentos e lanches nos EUA, Reino Unido, Canad\u00e1, Austr\u00e1lia, Europa, \u00c1sia e Am\u00e9rica do Sul.<\/p>\n<p>Todas as m\u00e1quinas autom\u00e1ticas s\u00e3o inspeccionadas, testadas e reparadas antes do envio. Temos uma forte equipa de I&amp;D, podemos ajud\u00e1-lo com a melhor solu\u00e7\u00e3o de design para as suas necessidades espec\u00edficas.<\/p>\n<p>Esta \u00e9 uma nova grande oportunidade de neg\u00f3cio para come\u00e7ar o seu pr\u00f3prio neg\u00f3cio. Existem muitos clientes potenciais perto de si. Entre em a\u00e7\u00e3o agora! Se estiver interessado no nosso produto, contacte-nos para obter um or\u00e7amento.<\/p>\n<\/div>\n<\/div>\n<p><span style=\"font-family:\u5b8b\u4f53;font-size:29px\">Especifica\u00e7\u00e3o do produto:<\/span><\/p>\n<p><span style=\"font-family:\u5b8b\u4f53;font-size:29px\"><img decoding=\"async\" src=\"https:\/\/www.hommy.com\/wp-content\/uploads\/16431864017723.png\" alt=\"produto-Hommy-img\" title=\"\"><\/span><\/p>\n<p><\/p>\n<p style=\"margin-bottom:0;text-align:justify\"><span style=\"font-family:\u5b8b\u4f53;font-size:29px\">Carater\u00edsticas do produto\uff1a<\/span><\/p>\n<p style=\"margin-bottom:0;text-align:justify\"><strong><span style=\"font-family: Calibri;font-size: 16px\">A tampa exterior \u00e9 de a\u00e7o inoxid\u00e1vel e est\u00e1 revestida com uma bonita imagem.<\/span><\/strong><\/p>\n<p style=\"margin-bottom:0;text-align:justify\"><strong><span style=\"font-family: Calibri;font-size: 16px\">Ecr\u00e3 de opera\u00e7\u00e3o e publicidade de 21,5\" com sistema android<\/span><\/strong><\/p>\n<p style=\"margin-bottom:0;text-align:justify\"><strong><span style=\"font-family: Calibri;font-size: 16px\">&nbsp;-Permitir que as pessoas escolham os sabores, a quantidade da encomenda e o m\u00e9todo de pagamento<\/span><\/strong><\/p>\n<p style=\"margin-bottom:0;text-align:justify\"><strong><span style=\"font-family: Calibri;font-size: 16px\">&nbsp; -Permite que o operador verifique os dados da m\u00e1quina, o registo de vendas, as vendas e a configura\u00e7\u00e3o da m\u00e1quina, o erro, o alerta de invent\u00e1rio baixo.<\/span><\/strong><\/p>\n<p style=\"margin-bottom:0;text-align:justify\"><strong><span style=\"font-family: Calibri;font-size: 16px\">O copo de papel cair\u00e1 automaticamente. (capacidade de armazenamento de 100pcs 32oz copo de papel dentro)<\/span><\/strong><\/p>\n<p style=\"margin-bottom:0;text-align:justify\"><strong><span style=\"font-family: Calibri;font-size: 16px\">\u25cf<\/span><span style=\"font-size: 16px\"><span style=\"font-family:\u5b8b\u4f53\">&nbsp;<\/span><\/span><\/strong><strong><span style=\"font-family: Calibri;font-size: 16px\">Instalado o sistema de aquecimento e a ventoinha, transforma o milho em pipocas e adiciona sabor rapidamente em cerca de 100~120 segundos.<\/span><\/strong><\/p>\n<p style=\"margin-bottom:0;text-align:justify\"><strong><span style=\"font-family: Calibri;font-size: 16px\">&nbsp; &nbsp;A temperatura do aquecedor da m\u00e1quina pode ser ajustada com base nos diferentes tipos de pipocas.<\/span><\/strong><\/p>\n<p style=\"margin-bottom:0;text-align:justify\"><strong><span style=\"font-family: Calibri;font-size: 16px\">\u25cf com 5 sabores \u00e0 escolha, usamos molho com pipocas para misturar sabores diferentes.<\/span><\/strong><\/p>\n<p style=\"margin-bottom:0;text-align:justify\"><strong><span style=\"font-family: Calibri;font-size: 16px\">Design engenhoso e f\u00e1cil opera\u00e7\u00e3o.<\/span><\/strong><\/p>\n<p style=\"margin-bottom:0;text-align:justify\"><strong><span style=\"font-family: Calibri;font-size: 16px\">A ta\u00e7a feita em alum\u00ednio \u00e9 boa para a transmiss\u00e3o de calor.<\/span><\/strong><\/p>\n<p style=\"margin-bottom:0;text-align:justify\"><strong><span style=\"font-family: Calibri;font-size: 16px\">O idioma da interface do ecr\u00e3 t\u00e1til pode ser personalizado.<\/span><\/strong><\/p>\n<p style=\"margin-bottom:0;text-align:justify\"><strong><span style=\"font-family: Calibri;font-size: 16px\">Sistema de pagamento:  Aceitador de moedas, aceitador de notas, moeda de troco, interface MDB para leitor de cart\u00f5es.&nbsp; &nbsp;<\/span><\/strong><\/p>\n<p style=\"margin-bottom:0;text-align:justify\"><strong><span style=\"font-family: Calibri;font-size: 16px\">Sistema de monitoriza\u00e7\u00e3o remota ligado a WiFi, o operador pode verificar os dados online, lembrete de invent\u00e1rio baixo<\/span><\/strong><\/p>\n<p style=\"margin-bottom:0;text-align:justify\"><strong><span style=\"font-family: Calibri;font-size: 16px\">&nbsp; &nbsp; &nbsp;e o lembrete de avaria da m\u00e1quina pode ser enviado para o telem\u00f3vel.&nbsp;&nbsp;<\/span><\/strong><\/p>\n<p style=\"margin-bottom:0;margin-left:96px;text-align:justify\"><span style=\"font-family:Calibri;font-size:16px\">&nbsp;<\/span><span style=\"font-family: \u5b8b\u4f53;font-size: 16px\">&nbsp; &nbsp; &nbsp; &nbsp; &nbsp; &nbsp;<\/span><\/p>\n<p><span style=\"font-family:\u5b8b\u4f53;font-size:29px\">Vantagem do produto:<\/span><\/p>\n<p><span style=\"font-family: Calibri;font-size: 16px\">1.&nbsp;<\/span><span style=\"font-family: Calibri;font-size: 16px\">O aquecedor de duas camadas distribui o calor de forma mais uniforme<\/span><\/p>\n<p><img loading=\"lazy\" decoding=\"async\" src=\"https:\/\/www.hommy.com\/wp-content\/uploads\/16431867316937.png\" title=\"\" alt=\"produto-Hommy-img\" width=\"350\" height=\"366\" border=\"0\" vspace=\"0\" style=\"width: 350px;height: 366px\"><\/p>\n<p><span style=\"font-family:\u5b8b\u4f53;font-size:16px\">1.&nbsp;<\/span><span style=\"font-family:\u5b8b\u4f53;font-size:16px\">A m\u00e1quina<\/span><span style=\"font-family:Calibri;font-size:16px\">&nbsp;Dispomos de 3 tipos de pagamento para a sua opera\u00e7\u00e3o: fatura, moeda e troca de moeda, cart\u00e3o de cr\u00e9dito.<\/span><span style=\"font-family:\u5b8b\u4f53;font-size:16px\">&nbsp;<\/span><\/p>\n<p><img loading=\"lazy\" decoding=\"async\" src=\"https:\/\/www.hommy.com\/wp-content\/uploads\/16431867566200.png\" title=\"\" alt=\"produto-Hommy-img\" width=\"350\" height=\"162\" border=\"0\" vspace=\"0\" style=\"width: 350px;height: 162px\"><\/p>\n<p><span style=\"font-family:\u5b8b\u4f53;font-size:16px\">2.&nbsp;<\/span><span style=\"font-family:\u5b8b\u4f53;font-size:16px\">A m\u00e1quina dentro do pote de aquecimento que usa materiais resistentes a altas temperaturas que podem passar 200 graus, normalmente a temperatura de trabalho do pote de aquecimento \u00e9 de 90 graus a 110 graus. &nbsp;<\/span><\/p>\n<p><img loading=\"lazy\" decoding=\"async\" src=\"https:\/\/www.hommy.com\/wp-content\/uploads\/16431867774526.jpg\" title=\"\" alt=\"produto-Hommy-img\" width=\"350\" height=\"1440\" border=\"0\" vspace=\"0\" style=\"width: 350px;height: 1440px\"><\/p>\n<p><span style=\"font-family:Calibri;font-size:16px\">3.&nbsp;<\/span><span style=\"font-family:Calibri;font-size:16px\">&nbsp;A m\u00e1quina no interior pode guardar um copo de 32OZ 100pcs . <\/span><\/p>\n<p><span style=\"font-family:\u5b8b\u4f53;font-size:16px\"><img loading=\"lazy\" decoding=\"async\" src=\"https:\/\/www.hommy.com\/wp-content\/uploads\/16431868692645.png\" title=\"\" alt=\"produto-M\u00e1quina de venda autom\u00e1tica de pipocas de sabor Tommy-5-img\" width=\"350\" height=\"1080\" border=\"0\" vspace=\"0\" style=\"width: 350px;height: 1080px\">&nbsp;&nbsp;<\/span><\/p>\n<p><span style=\"font-family:Calibri;font-size:16px\">4.&nbsp;<\/span><span style=\"font-family:Calibri;font-size:16px\">&nbsp;O interior da m\u00e1quina pode guardar 5 sabores de milho para o comprador escolher.<\/span><\/p>\n<p><img loading=\"lazy\" decoding=\"async\" src=\"https:\/\/www.hommy.com\/wp-content\/uploads\/16431869912947.png\" title=\"\" alt=\"produto-5 sabor m\u00e1quina de venda autom\u00e1tica de pipocas-Hommy-img\" width=\"350\" height=\"1024\" border=\"0\" vspace=\"0\" style=\"width: 350px;height: 1024px\"><\/p>\n<div>\n<div>\n<h2 class=\"otl-heading\" style=\"text-indent: 0em;padding-left: 0em\">As m\u00e1quinas de venda autom\u00e1tica de pipocas podem ser instaladas em edif\u00edcios de apartamentos?<\/h2>\n<p>Sim, isto \u00e9 poss\u00edvel, mas requer muito planeamento e coordena\u00e7\u00e3o. O mais importante \u00e9 garantir que a m\u00e1quina de venda autom\u00e1tica \u00e9 colocada numa \u00e1rea p\u00fablica do edif\u00edcio (e n\u00e3o atr\u00e1s do elevador ou dentro de um escrit\u00f3rio privado) para que as pessoas a possam utilizar facilmente. Al\u00e9m disso, \u00e9 necess\u00e1rio instalar um mecanismo que possa bloquear a m\u00e1quina quando n\u00e3o estiver a ser utilizada.<\/p>\n<p><\/p>\n<h2 class=\"otl-heading\" style=\"text-indent: 0em;padding-left: 0em\">Que tipo de \u00f3leo se utiliza nas m\u00e1quinas de pipocas?<\/h2>\n<p>Existem diferentes tipos de \u00f3leo para m\u00e1quinas de pipocas, mas a maioria impede que os gr\u00e3os rebentem.<\/p>\n<p>- \u00d3leo autoclavado - \u00e9 recomendado para a maioria das m\u00e1quinas.<\/p>\n<p>- Polietilenoglicol - \u00e9 geralmente utilizado em m\u00e1quinas manuais mais antigas.<\/p>\n<p>- \u00d3leo mineral - tamb\u00e9m \u00e9 frequentemente utilizado em m\u00e1quinas manuais.<\/p>\n<p>Pode tamb\u00e9m utilizar azeite, que \u00e9 recomendado para uma quantidade menor de gr\u00e3os.<\/p>\n<p><\/p>\n<h2 class=\"otl-heading\" style=\"text-indent: 0em;padding-left: 0em\">As pipocas s\u00e3o um neg\u00f3cio rent\u00e1vel?<\/h2>\n<p>As pipocas s\u00e3o um snack muito popular, e um n\u00famero crescente de pessoas est\u00e1 a optar por elas como uma alternativa mais saud\u00e1vel aos snacks tradicionais. Tamb\u00e9m est\u00e3o a tornar-se mais populares entre os frequentadores de cinema e at\u00e9 est\u00e3o a ser vendidas em algumas mercearias - por isso, s\u00e3o definitivamente uma boa ideia de neg\u00f3cio.<\/p>\n<p><\/p>\n<h2 class=\"otl-heading\" style=\"text-indent: 0em;padding-left: 0em\">Os complexos de apartamentos s\u00e3o bons locais para m\u00e1quinas de venda autom\u00e1tica de pipocas?<\/h2>\n<p>A resposta \u00e9 sim. Se pretende instalar uma m\u00e1quina de venda autom\u00e1tica de pipocas num complexo de apartamentos, deve pesquisar primeiro a \u00e1rea para descobrir se existem quaisquer regulamentos ou regras relativas a m\u00e1quinas de venda autom\u00e1tica. Para al\u00e9m disso, dever\u00e1 encontrar um local que esteja relativamente perto da entrada do edif\u00edcio e que seja bem frequentado pelos residentes.<\/p>\n<\/div>\n<\/div>\n<p><\/p>\n<\/p><\/div>","protected":false},"excerpt":{"rendered":"<p>Popcorn has become a staple at movie theaters across the country. Our self-service popcorn vending machines allow customers to purchase popcorn without assistance from a cashier or server. We are a Commercial Popcorn Vending Machine manufacturer in China and our factory is equipped with the most advanced machinery in the industry. We have been in [&hellip;]<\/p>\n","protected":false},"featured_media":1964,"comment_status":"open","ping_status":"open","template":"","meta":{"_swt_meta_header_display":false,"_swt_meta_footer_display":false,"_swt_meta_site_title_display":false,"_swt_meta_sticky_header":false,"_swt_meta_transparent_header":false},"product_brand":[],"product_cat":[79,68],"product_tag":[],"class_list":{"0":"post-608","1":"product","2":"type-product","3":"status-publish","4":"has-post-thumbnail","6":"product_cat-popcorn-vending-machine","7":"product_cat-vending-machine","9":"first","10":"instock","11":"shipping-taxable","12":"product-type-simple"},"_links":{"self":[{"href":"https:\/\/www.hommy.com\/pt\/wp-json\/wp\/v2\/product\/608","targetHints":{"allow":["GET"]}}],"collection":[{"href":"https:\/\/www.hommy.com\/pt\/wp-json\/wp\/v2\/product"}],"about":[{"href":"https:\/\/www.hommy.com\/pt\/wp-json\/wp\/v2\/types\/product"}],"replies":[{"embeddable":true,"href":"https:\/\/www.hommy.com\/pt\/wp-json\/wp\/v2\/comments?post=608"}],"wp:featuredmedia":[{"embeddable":true,"href":"https:\/\/www.hommy.com\/pt\/wp-json\/wp\/v2\/media\/1964"}],"wp:attachment":[{"href":"https:\/\/www.hommy.com\/pt\/wp-json\/wp\/v2\/media?parent=608"}],"wp:term":[{"taxonomy":"product_brand","embeddable":true,"href":"https:\/\/www.hommy.com\/pt\/wp-json\/wp\/v2\/product_brand?post=608"},{"taxonomy":"product_cat","embeddable":true,"href":"https:\/\/www.hommy.com\/pt\/wp-json\/wp\/v2\/product_cat?post=608"},{"taxonomy":"product_tag","embeddable":true,"href":"https:\/\/www.hommy.com\/pt\/wp-json\/wp\/v2\/product_tag?post=608"}],"curies":[{"name":"wp","href":"https:\/\/api.w.org\/{rel}","templated":true}]}}