{"id":601,"date":"2024-07-02T14:15:02","date_gmt":"2024-07-02T14:15:02","guid":{"rendered":"http:\/\/localhost\/hommywp\/commercial-automated-soft-ice-cream-machine-for-sale-hommy-brand\/"},"modified":"2025-08-01T09:57:36","modified_gmt":"2025-08-01T09:57:36","slug":"maquina-de-gelados-comercial-hm701","status":"publish","type":"product","link":"https:\/\/www.hommy.com\/pt\/p\/maquina-de-gelados-comercial-hm701\/","title":{"rendered":"M\u00e1quina de Sorvete Expresso Autom\u00e1tica Comercial para Venda Marca Hommy"},"content":{"rendered":"<div>\n<p style=\"text-align: center\"><\/p>\n<h2 style=\"text-align: center\"><span style=\"font-size: 24px;font-family: arial, helvetica, sans-serif\"><strong><span style=\"font-size: 24px;letter-spacing: 0px\"><a name=\"Small ice cream machine\"><\/a>Pequena m\u00e1quina de gelados<\/span><\/strong><\/span><\/h2>\n<p style=\"text-align: center\"><a href=\"#Small ice cream machine\" target=\"_self\" data-lv=\"0\" rel=\"noopener\"><span style=\"letter-spacing: 0px;font-family: arial, helvetica, sans-serif;font-size: 16px\">Pequena m\u00e1quina de gelados<\/span><\/a><span style=\"letter-spacing: 0px;font-family: arial, helvetica, sans-serif;font-size: 16px\">|<a href=\"#PRODUCT FEATURES\" target=\"_self\" data-lv=\"0\" rel=\"noopener\">CARACTER\u00cdSTICAS DO PRODUTO<\/a>|<a href=\"#Soft Serve Freezer Frozen Yogurt Freezer Pre-cooling\" target=\"_self\" data-lv=\"0\" rel=\"noopener\">Congelador de refrigerantes Congelador de iogurte congelado Pr\u00e9-arrefecimento<\/a>|<a href=\"#PRODUCT SPECIFICATION\" target=\"_self\" data-lv=\"0\" rel=\"noopener\">ESPECIFICA\u00c7\u00c3O DO PRODUTO<\/a>|<a href=\"#PRODUCT ADVANTAGE\" target=\"_self\" data-lv=\"0\" rel=\"noopener\">VANTAGEM DO PRODUTO<\/a><\/span><\/p>\n<p style=\"text-align: center\">&nbsp;&nbsp;&nbsp;&nbsp;<\/p>\n<p style=\"text-align: center\">\n<p style=\"text-align: center\">&nbsp; &nbsp;&nbsp;<\/p>\n<p style=\"text-align: left\">Somos tamb\u00e9m um dos principais fabricantes e fornecedores de <a style=\"color:blue\" href=\"\/pt\/\">M\u00e1quina de gelados<\/a>N\u00f3s temos uma vasta gama de m\u00e1quinas de sorvete que est\u00e3o dispon\u00edveis a pre\u00e7os l\u00edderes de mercado. Eles podem at\u00e9 mesmo ser availalbe como por sua data preferida de entrega. N\u00f3s somos muito bem versados com as especifica\u00e7\u00f5es de qualidade e exig\u00eancias de qualidade dos nossos clientes e nos esfor\u00e7amos para atender a todos os crit\u00e9rios com cada m\u00e1quina.&nbsp;&nbsp; &nbsp; &nbsp; &nbsp; &nbsp; &nbsp; &nbsp; &nbsp;&nbsp;&nbsp; &nbsp; &nbsp;<\/p>\n<h2><span style=\"font-family: arial, helvetica, sans-serif\"><strong><span style=\"font-size: 24px\"><a name=\"PRODUCT FEATURES\"><\/a>CARACTER\u00cdSTICAS DO PRODUTO<\/span><\/strong><\/span><br \/><\/h2>\n<p><span style=\"font-size: 22px\"><span style=\"font-family: Helvetica;font-size: 16px\"><\/span><\/span><\/p>\n<p style=\"margin-top:0;margin-right:0;margin-bottom:10px;margin-left:0;text-indent:0\"><span style=\"font-family: Helvetica;letter-spacing: 0;font-size: 16px\">A Hommy tem uma equipa profissional para a conce\u00e7\u00e3o do produto. Existem engenheiros profissionais de refrigera\u00e7\u00e3o, engenheiros de software e engenheiros de estruturas para garantir que a qualidade do produto \u00e9 est\u00e1vel e duradoura. Ao mesmo tempo, o design personalizado \u00e9 adicionado para facilitar o futuro servi\u00e7o p\u00f3s-venda. A m\u00e1quina de sorvete Hommy \u00e9 digna de confian\u00e7a.<\/span><\/p>\n<p><\/p>\n<div class=\"d-tem01-graphic tem01-graphic mockup\" data-detail=\"wrap\">\n<div class=\"cont-section clearfix d-clearfix\">\n<div class=\"col-md-6 col-sm-6 col-xs-6\">\n<div class=\"right-p\">\n<div class=\"h2 heading\" style=\"text-align: center\"><img decoding=\"async\" src=\"https:\/\/www.hommy.com\/wp-content\/uploads\/16002442948830.jpg\" alt=\"produto-Hommy-img\" title=\"\" style=\"font-size: 14px\"><span style=\"font-size: 14px\">&nbsp; &nbsp; &nbsp; &nbsp; &nbsp; &nbsp; &nbsp;<\/span><\/div>\n<\/div>\n<\/div>\n<div class=\"col-md-6 col-sm-6 col-xs-6\">\n<div class=\"right-p\">\n<div class=\"h2 heading\">\n<div class=\"col-md-6 col-sm-6 col-xs-6\" style=\"width: 820px\">\n<h2 style=\"text-align: left\"><strong><span style=\"font-family: arial, helvetica, sans-serif;font-size: 24px\">&nbsp; &nbsp; &nbsp;<a name=\"Soft Serve Freezer Frozen Yogurt Freezer Pre-cooling\"><\/a>Congelador de gelados Congelador de iogurte congelado<\/span><\/strong><\/h2>\n<\/div>\n<div class=\"col-md-6 col-sm-6 col-xs-6\" style=\"width: 820px\">\n<div class=\"right-p\" style=\"padding: 0px 0px 0px 30px\">\n<div class=\"h2 heading\" style=\"margin: 0px 0px 15px;font-size: 22px\">\n<h2 style=\"text-align: left\"><span style=\"font-size: 24px;font-family: arial, helvetica, sans-serif\"><strong><span style=\"font-size: 24px\">Pr\u00e9-resfriamento, Misturador,<\/span><span style=\"font-size: 24px\">&nbsp;<\/span><span style=\"font-size: 24px\">Balc\u00e3o, tratamento t\u00e9rmico, descongela\u00e7\u00e3o, desinfe\u00e7\u00e3o<\/span><\/strong><\/span><\/h2>\n<h2 style=\"text-align: left\"><strong><span style=\"font-family: arial, helvetica, sans-serif;font-size: 24px\">Carater\u00edsticas:<\/span><\/strong><\/h2>\n<p style=\"margin-left: 32px;text-align: left\"><span style=\"font-family: Calibri;font-size: 16px\">- Oferta de produtos: Oferecer todas as varia\u00e7\u00f5es populares de refrigerantes, desde gelados a iogurtes congelados com baixo teor de gordura ou sem gordura.<\/span><\/p>\n<p style=\"margin-left: 32px;text-align: left\"><span style=\"font-family: Calibri;font-size: 16px\">- Sabor: Servir um \u00fanico sabor.<\/span><\/p>\n<p style=\"margin-left: 32px;text-align: left\"><span style=\"font-family: Calibri;font-size: 16px\">- Tremonha de mistura: Uma capacidade de 13 litros (13,7 litros, 3,43 gal\u00f5es)<\/span><\/p>\n<p style=\"margin-left: 32px;text-align: left\"><span style=\"font-family: Calibri;font-size: 16px\">- Cilindro de congela\u00e7\u00e3o: Uma capacidade de 1,8 litros<\/span><\/p>\n<p style=\"text-align: left\"><span style=\"font-family: Calibri;font-size: 16px\">Controlo eletr\u00f3nico:<\/span><\/p>\n<p style=\"margin-left: 32px;text-align: left\"><span style=\"font-family: Calibri;font-size: 16px\">- As temperaturas nas tremonhas ou nos cilindros de congela\u00e7\u00e3o podem ser visualizadas em qualquer ponto do funcionamento.<\/span><\/p>\n<p style=\"margin-left: 32px;text-align: left\"><span style=\"font-family: Calibri;font-size: 16px\">- Fornece o n\u00edvel de viscosidade necess\u00e1rio para as doses.<\/span><\/p>\n<p style=\"margin-left: 32px;text-align: left\"><span style=\"font-family: Calibri;font-size: 16px\">- Indicador do n\u00edvel de mistura e alarme. Quando a luz de falta de mistura pisca, a m\u00e1quina desliga-se automaticamente para evitar danos.<\/span><\/p>\n<p style=\"text-align: left\"><span style=\"font-family: Calibri;font-size: 16px\">Modo de espera:<\/span><\/p>\n<p style=\"text-align: left\"><span style=\"font-family: Calibri;font-size: 16px\">Durante longos per\u00edodos sem utiliza\u00e7\u00e3o, a fun\u00e7\u00e3o de espera mant\u00e9m as temperaturas seguras do produto na tremonha de mistura e no cilindro de congela\u00e7\u00e3o.<\/span><\/p>\n<p style=\"margin-left: 32px;text-align: left\"><span style=\"font-family: Calibri;font-size: 16px\">- Fun\u00e7\u00e3o de prote\u00e7\u00e3o da press\u00e3o do sistema de arrefecimento.<\/span><\/p>\n<p style=\"margin-left: 32px;text-align: left\"><span style=\"font-family: Calibri;font-size: 16px\">- A constru\u00e7\u00e3o duradoura com cobertura em a\u00e7o inoxid\u00e1vel torna-o moderno e<\/span><span style=\"font-family: \u5b8b\u4f53;font-size: 16px\">&nbsp;<\/span><span style=\"font-family: Calibri;font-size: 16px\">aspeto exterior luxuoso<\/span><\/p>\n<p style=\"text-align: left\"><span style=\"font-family: Calibri;font-size: 16px\">Fun\u00e7\u00f5es:<\/span><\/p>\n<p style=\"text-align: left\"><span style=\"font-family: Calibri;font-size: 16px\">O sistema de pr\u00e9-arrefecimento mant\u00e9m a mistura abaixo dos 5\u00b0C durante os modos autom\u00e1tico e de espera.<\/span><\/p>\n<p style=\"text-align: left\"><span style=\"font-family: Calibri;font-size: 16px\">O misturador mant\u00e9m a uniformidade da mistura nas tremonhas.<\/span><\/p>\n<p style=\"text-align: left\"><span style=\"font-family: Calibri;font-size: 16px\">O tratamento t\u00e9rmico proporciona uma rotina de limpeza di\u00e1ria para manter o produto de acordo com as normas de qualidade e seguran\u00e7a at\u00e9 duas semanas antes da limpeza completa com desmontagem.<\/span><\/p>\n<p style=\"text-align: left\"><span style=\"font-family: Calibri;font-size: 16px\">Descongela\u00e7\u00e3o<\/span><\/p>\n<p style=\"margin-left: 32px;text-align: left\"><span style=\"font-family: Calibri;font-size: 16px\">- A descongela\u00e7\u00e3o de produ\u00e7\u00e3o derrete rapidamente o produto nos dois cilindros e<\/span><span style=\"font-family: \u5b8b\u4f53;font-size: 16px\">&nbsp;<\/span><span style=\"font-family: Calibri;font-size: 16px\">e depois volta ao modo de produ\u00e7\u00e3o para se reproduzir.<\/span><\/p>\n<p style=\"margin-left: 32px;text-align: left\"><span style=\"font-family: Calibri;font-size: 16px\">- A descongela\u00e7\u00e3o por lavagem derrete rapidamente o produto nos cilindros que<\/span><span style=\"font-family: \u5b8b\u4f53;font-size: 16px\">&nbsp;<\/span><span style=\"font-family: Calibri;font-size: 16px\">reduz significativamente os restos antes da limpeza.<\/span><\/p>\n<p style=\"text-align: left\"><span style=\"font-family: Calibri;font-size: 16px\">Desinfe\u00e7\u00e3o<\/span><\/p>\n<p style=\"margin-left: 32px;text-align: left\"><span style=\"font-family: Calibri;font-size: 16px\">- Fun\u00e7\u00e3o especial que torna o processo de higieniza\u00e7\u00e3o semi-autom\u00e1tico e f\u00e1cil.<\/span><\/p>\n<p style=\"text-align: left\"><span style=\"font-family: Calibri;font-size: 16px\">N\u00e3o desmontar a m\u00e1quina para limpar a unidade de bloqueio da garganta, o batedor e o<\/span><span style=\"font-family: \u5b8b\u4f53;font-size: 16px\">&nbsp;<\/span><span style=\"font-family: Calibri;font-size: 16px\">cilindro.<\/span><\/p>\n<p><span style=\"font-family: Calibri;font-size: 16px\"><br \/><\/span><\/div>\n<\/div>\n<\/div>\n<p><span style=\"font-size: 14px\"><\/span><\/div>\n<\/div>\n<p>&nbsp; &nbsp; &nbsp; &nbsp; &nbsp;<\/p><\/div>\n<\/div>\n<\/div>\n<p><span style=\"font-size: 22px\"><\/span><\/p>\n<div class=\"d-tem03-graphic tem03-graphic mockup\" data-detail=\"wrap\">\n<div class=\"cont-section\">\n<h2 style=\"text-align: left\"><strong><span style=\"font-size: 24px;font-family: arial, helvetica, sans-serif\"><a name=\"PRODUCT SPECIFICATION\"><\/a>ESPECIFICA\u00c7\u00c3O DO PRODUTO<\/span><\/strong><\/h2>\n<p style=\"text-align: left\"><span style=\"font-size: 24px\"><\/span><\/p>\n<p style=\"text-align: left\"><span style=\"font-family: Helvetica;letter-spacing: 0px;font-size: 16px\"><\/span><\/p>\n<p style=\"text-align: left\"><span style=\"font-family: Helvetica;letter-spacing: 0;font-size: 16px\">A Hommy tem uma equipa profissional para a conce\u00e7\u00e3o do produto. Existem engenheiros profissionais de refrigera\u00e7\u00e3o, engenheiros de software e engenheiros estruturais para garantir que a qualidade do produto \u00e9 est\u00e1vel e dur\u00e1vel. Ao mesmo tempo, o design personalizado \u00e9 adicionado<\/span><span style=\"font-family: \u5b8b\u4f53;letter-spacing: 0;font-size: 16px\">&nbsp;<\/span><span style=\"font-family: Helvetica;letter-spacing: 0;font-size: 16px\">para facilitar o futuro servi\u00e7o p\u00f3s-venda. A m\u00e1quina de gelados Hommy \u00e9 digna de confian\u00e7a.<\/span><\/p>\n<p style=\"text-align: left\"><span style=\"font-family: Helvetica;letter-spacing: 0px;font-size: 16px\"><\/span><\/p>\n<p style=\"text-align: left\"><span style=\"font-size: 24px\"><\/span><\/p>\n<p><img decoding=\"async\" src=\"https:\/\/www.hommy.com\/wp-content\/uploads\/16001606257392-1.png\" alt=\"produto-Hommy-img\" title=\"\">&nbsp; &nbsp; &nbsp;&nbsp;<\/p>\n<p style=\"text-align: left\"><\/p>\n<p style=\"text-align: left\"><span style=\"font-size: 24px\"><\/span><\/p>\n<p style=\"text-align: left\"><span style=\"font-size: 24px\"><br \/><\/span><\/p>\n<h2 style=\"text-align: left\"><strong><span style=\"font-size: 24px;font-family: arial, helvetica, sans-serif\">VANTAGEM DO PRODUTO<\/span><\/strong><\/h2>\n<p><span style=\"font-size: 24px\"><\/span><\/p>\n<p><span style=\"font-family: Helvetica;letter-spacing: 0px;font-size: 16px\"><\/span><\/p>\n<p style=\"text-align: left\"><span style=\"font-family: Helvetica;letter-spacing: 0px\">A Hommy produziu uma m\u00e1quina de gelados durante 20 anos de experi\u00eancia, a m\u00e1quina de venda autom\u00e1tica de gelados adiciona mais fun\u00e7\u00f5es de gelado suave, porque n\u00e3o h\u00e1 ningu\u00e9m para fazer o servi\u00e7o a toda a hora. baseamo-nos nesta adi\u00e7\u00e3o de mais sensores e usamos software para control\u00e1-la, que \u00e9 de boa qualidade e boa fun\u00e7\u00e3o.<\/span><\/p>\n<p style=\"text-align: left\"><span style=\"font-family: Helvetica;letter-spacing: 0px\"><\/span><\/p>\n<p><span style=\"font-family: Helvetica;letter-spacing: 0px\"><\/span><\/div>\n<\/div>\n<div class=\"d-tem01-graphic tem01-graphic mockup\" data-detail=\"wrap\">\n<div class=\"cont-section clearfix d-clearfix\">\n<div class=\"col-md-6 col-sm-6 col-xs-6\">\n<div class=\"right-p\">\n<div class=\"h2 heading\"><span style=\"letter-spacing: 0px;font-family: Helvetica;font-weight: bold;font-size: 18px\">1.&nbsp;<\/span><strong style=\"font-family: inherit;font-size: 22px\"><span style=\"font-family: Helvetica;letter-spacing: 0px;font-size: 18px\">Tubo de expans\u00e3o<\/span><\/strong><\/div>\n<p><span style=\"font-family: \u5b8b\u4f53;font-size: 16px\">A fun\u00e7\u00e3o do tubo de expans\u00e3o \u00e9 soprar ar para dentro do cilindro e mistur\u00e1-lo com o gelado para aumentar a taxa de expans\u00e3o do gelado, que fica mais macio e delicioso quando o comemos. A taxa de expans\u00e3o do tubo de expans\u00e3o \u00e9 30%-45%, e tem tr\u00eas orif\u00edcios diferentes para os clientes ajustarem a quantidade de entrada de ar, o que \u00e9 conveniente para limpar e simples de operar.<\/span><\/p>\n<p><span style=\"font-family: \u5b8b\u4f53;font-size: 16px\"><br \/><\/span><\/p>\n<p><span style=\"font-family: \u5b8b\u4f53;font-size: 16px\"><br \/><\/span><\/p>\n<\/div>\n<div class=\"graphic_pic animated wow bounceIn\" data-wow-delay=\".7s\">\n<p style=\"text-align:center\"><img decoding=\"async\" src=\"https:\/\/www.hommy.com\/wp-content\/uploads\/16002438458170.jpg\" alt=\"produto-Hommy-img\" title=\"\"><\/p>\n<\/div>\n<\/div>\n<div class=\"col-md-6 col-sm-6 col-xs-6\">\n<div class=\"right-p\">\n<div class=\"h2 heading\"><span style=\"font-size: 22px\">2.Deixar o sensor<\/span><\/div>\n<p><span style=\"letter-spacing: 0px;font-family: \u5b8b\u4f53;font-size: 16px\">Se voc\u00ea vender sorvete \u00e0 noite, a configura\u00e7\u00e3o autom\u00e1tica do sistema Pasteuriza\u00e7\u00e3o: Pode matar as bact\u00e9rias que produzem dentro da m\u00e1quina de -5 \u2103 \u2192 65 \u2103 \u2192 -5 \u2103 processo (desinfetar o cilindro de carregamento e a mat\u00e9ria-prima dentro, depois refrigerar para o status de reserva). para que voc\u00ea possa manter a m\u00e1quina a cada 14 dias uma vez.<\/span><span style=\"letter-spacing: 0px;font-family: \u5b8b\u4f53\">&nbsp;<\/span><\/p>\n<p><span style=\"letter-spacing: 0px;font-family: \u5b8b\u4f53\"><br \/><\/span><\/p>\n<p><span style=\"letter-spacing: 0px;font-family: \u5b8b\u4f53\"><br \/><\/span><\/p>\n<p><\/p>\n<\/div>\n<div class=\"graphic_pic animated wow bounceIn\" data-wow-delay=\".7s\">\n<p style=\"text-align:center\"><img decoding=\"async\" src=\"https:\/\/www.hommy.com\/wp-content\/uploads\/16002438718897.jpg\" alt=\"produto-HM701 m\u00e1quina de gelado comercial-Hommy-img\" title=\"\"><\/p>\n<\/div>\n<\/div>\n<\/div>\n<\/div>\n<div class=\"d-tem01-graphic tem01-graphic mockup\" data-detail=\"wrap\">\n<div class=\"cont-section clearfix d-clearfix\">\n<div class=\"col-md-6 col-sm-6 col-xs-6\">\n<div class=\"right-p\">\n<div class=\"h2 heading\"><span style=\"font-size: 22px\">3. pasteuriza\u00e7\u00e3o<\/span><\/div>\n<p><span style=\"letter-spacing: 0px;font-family: \u5b8b\u4f53;font-size: 16px\">Se voc\u00ea vender sorvete \u00e0 noite, a configura\u00e7\u00e3o autom\u00e1tica do sistema Pasteuriza\u00e7\u00e3o: Pode matar as bact\u00e9rias que produzem dentro da m\u00e1quina de -5 \u2103 \u2192 65 \u2103 \u2192 -5 \u2103 processo (desinfetar o cilindro de carregamento e a mat\u00e9ria-prima dentro, depois refrigerar para o status de reserva). para que voc\u00ea possa manter a m\u00e1quina a cada 14 dias uma vez.<\/span><span style=\"letter-spacing: 0px;font-family: \u5b8b\u4f53\">&nbsp;<\/span><\/p>\n<p><span style=\"letter-spacing: 0px;font-family: \u5b8b\u4f53\"><br \/><\/span><\/p>\n<p><span style=\"letter-spacing: 0px;font-family: \u5b8b\u4f53\">&nbsp;<\/span><\/p>\n<\/div>\n<div class=\"graphic_pic animated wow bounceIn\" data-wow-delay=\".7s\">\n<p style=\"text-align:center\"><img decoding=\"async\" src=\"https:\/\/www.hommy.com\/wp-content\/uploads\/16002438931389.jpg\" alt=\"produto-Hommy-HM701 m\u00e1quina de gelado comercial-img\" title=\"\"><\/p>\n<\/div>\n<\/div>\n<div class=\"col-md-6 col-sm-6 col-xs-6\">\n<div class=\"right-p\">\n<div class=\"h2 heading\"><span style=\"font-size: 22px\">4.Controlador<\/span><\/div>\n<p><span style=\"letter-spacing: 0px;font-family: \u5b8b\u4f53;font-size: 16px\">O painel de controlo mostra claramente as fun\u00e7\u00f5es internas da m\u00e1quina. Ao mesmo tempo, a m\u00e1quina tamb\u00e9m lembra a fun\u00e7\u00e3o de limpeza, adicionando fun\u00e7\u00f5es mais humanizadas, tamb\u00e9m somos bem-vindos a fazer OEM.<\/span>&nbsp;&nbsp;<\/p>\n<p><\/p>\n<p><\/p>\n<\/div>\n<div class=\"graphic_pic animated wow bounceIn\" data-wow-delay=\".7s\">\n<p style=\"text-align:center\"><img decoding=\"async\" src=\"https:\/\/www.hommy.com\/wp-content\/uploads\/16002439163396.jpg\" alt=\"produto-Hommy-img\" title=\"\"><\/p>\n<\/div>\n<\/div>\n<\/div>\n<\/div>\n<div class=\"d-tem01-graphic tem01-graphic mockup\" data-detail=\"wrap\">\n<div class=\"cont-section clearfix d-clearfix\">\n<div class=\"col-md-6 col-sm-6 col-xs-6\">\n<div class=\"right-p\">\n<p><span style=\"font-size: 22px\">5. misturador na tremonha<\/span><\/p>\n<p><span style=\"font-family: \u5b8b\u4f53;font-size: 16px\">Misturar uniformemente. O misturador de alta velocidade no funil mant\u00e9m o material fluindo no funil em caso de cobertura. O gelado ficar\u00e1 mais suave depois de misturado completamente com ar.<\/span><\/p>\n<p><span style=\"font-family: \u5b8b\u4f53;font-size: 16px\"><br \/><\/span><\/p>\n<p><span style=\"font-family: \u5b8b\u4f53;font-size: 16px\"><br \/><\/span><\/p>\n<p><span style=\"font-family: \u5b8b\u4f53;font-size: 16px\"><br \/><\/span><\/p>\n<\/div>\n<div class=\"graphic_pic animated wow bounceIn\" data-wow-delay=\".7s\">\n<p style=\"text-align:center\"><img decoding=\"async\" src=\"https:\/\/www.hommy.com\/wp-content\/uploads\/16002439503054.jpg\" alt=\"produto-Hommy-img-1\" title=\"\"><\/p>\n<\/div>\n<\/div>\n<div class=\"col-md-6 col-sm-6 col-xs-6\">\n<div class=\"right-p\">\n<p><span style=\"font-size: 22px\">6. acess\u00f3rios opcionais de escape<\/span><\/p>\n<p><span style=\"font-family: \u5b8b\u4f53;font-size: 16px\">Instalar corretamente a m\u00e1quina de gelados. A dist\u00e2ncia entre o orif\u00edcio de exaust\u00e3o atr\u00e1s da m\u00e1quina e a parede \u00e9 de 1 metro para ventila\u00e7\u00e3o, mas, de facto, \u00e9 imposs\u00edvel conseguir esta situa\u00e7\u00e3o no nosso local de armazenamento. A Hommy concebeu uma nova conduta de exaust\u00e3o para o uso di\u00e1rio, a fim de extrair o ar quente. No topo, pode satisfazer mais locais sem ocupar espa\u00e7o.<\/span><\/p>\n<p><span style=\"font-family: \u5b8b\u4f53;font-size: 16px\"><br \/><\/span><\/p>\n<p><span style=\"font-family: \u5b8b\u4f53;font-size: 16px\"><br \/><\/span><\/p>\n<\/div>\n<div class=\"graphic_pic animated wow bounceIn\" data-wow-delay=\".7s\">\n<p style=\"text-align:center\"><img decoding=\"async\" src=\"https:\/\/www.hommy.com\/wp-content\/uploads\/16002439846203.jpg\" alt=\"produto-Hommy-img-1\" title=\"\"><\/p>\n<\/div>\n<\/div>\n<\/div>\n<\/div>\n<p><span style=\"font-family: \u5b8b\u4f53;letter-spacing: 0px;font-size: 16px\"><\/span><\/p>\n<p>Documento\uff1a<img decoding=\"async\" src=\"https:\/\/www.hommy.com\/wp-content\/uploads\/icon_pdf-30.gif\" style=\"margin-right: 2px\" alt=\"produto-Hommy-img-1\" title=\"\"><a href=\"https:\/\/img80002414.weyesimg.com\/uploads\/www.hommy.com\/addon\/16028097954416.pdf\" title=\"16028097954416.pdf\" style=\"font-size: 12px\">16028097954416.pdf<\/a><\/p>\n<h2>O gelado soft \u00e9 um verdadeiro gelado?<\/h2>\n<p style=\"margin-top: 5px;margin-bottom: 5px\">O gelado soft refere-se \u00e0 textura macia de um gelado. A sua textura \u00e9 diferente da do verdadeiro gelado e da dos produtos l\u00e1cteos congelados. Neste artigo, discutiremos se o gelado soft \u00e9 um verdadeiro gelado.<\/p>\n<p style=\"margin-top: 5px;margin-bottom: 5px\"><\/p>\n<h2>O que \u00e9 <a style=\"color:blue\" href=\"https:\/\/www.hommy.com\/pt\/maquina-de-gelado-soft\/\">m\u00e1quina de servir gelado soft<\/a>?<\/h2>\n<p style=\"margin-top: 5px;margin-bottom: 5px\">A m\u00e1quina de sorvete expresso \u00e9 a segunda gera\u00e7\u00e3o de m\u00e1quinas de sorvete, sendo a primeira a m\u00e1quina de sorvete expresso e a m\u00e1quina de sorvete expresso, ambas pertencentes \u00e0 mesma classe de m\u00e1quina de sorvete. <a style=\"color:blue\" href=\"https:\/\/www.hommy.com\/pt\/maquina-de-gelado-soft\/\">M\u00e1quina de gelado soft<\/a> A m\u00e1quina de sorvete expresso \u00e9 basicamente diferente da m\u00e1quina de sorvete expresso pela diferen\u00e7a na maciez do sorvete que ela produz. A m\u00e1quina de sorvete expresso pode misturar, bater, congelar e servir sorvete em poucos minutos sem nenhum trabalho duro. Ela \u00e9 amplamente utilizada em restaurantes, cadeias de fast food, caf\u00e9s e outros lugares com grande demanda.<\/p>\n<p style=\"margin-top: 5px;margin-bottom: 5px\"><\/p>\n<h2>Como \u00e9 que se faz um gelado suave?<\/h2>\n<p style=\"margin-top: 5px;margin-bottom: 5px\">\"Mmmm. A melhor forma de fazer gelado suave \u00e9 utilizar um agente amaciador. O mais comum \u00e9 o glicerol, mas outros agentes amaciadores incluem o sorbitol e o xarope de sorbitol. O glicerol \u00e9 adicionado ao gelado enquanto este est\u00e1 a ser feito, e o sorbitol \u00e9 adicionado ao gelado enquanto este est\u00e1 a ser armazenado.\"<\/p>\n<\/div><\/div>","protected":false},"excerpt":{"rendered":"<p>Small ice cream machine Small ice cream machine|PRODUCT FEATURES|Soft Serve Freezer Frozen Yogurt Freezer Pre-cooling|PRODUCT SPECIFICATION|PRODUCT ADVANTAGE &nbsp;&nbsp;&nbsp;&nbsp; &nbsp; &nbsp;&nbsp; We are also one of the leading manufacturers and suppliers of Ice Cream Machines.We have a wide range of Ice Cream Machines that are available at market leading prices. They can even be availalbe as [&hellip;]<\/p>\n","protected":false},"featured_media":592,"comment_status":"open","ping_status":"open","template":"","meta":{"_swt_meta_header_display":false,"_swt_meta_footer_display":false,"_swt_meta_site_title_display":false,"_swt_meta_sticky_header":false,"_swt_meta_transparent_header":false},"product_brand":[],"product_cat":[77,78],"product_tag":[],"class_list":{"0":"post-601","1":"product","2":"type-product","3":"status-publish","4":"has-post-thumbnail","6":"product_cat-ice-cream-machine","7":"product_cat-soft-ice-cream-machine","9":"first","10":"instock","11":"shipping-taxable","12":"product-type-simple"},"_links":{"self":[{"href":"https:\/\/www.hommy.com\/pt\/wp-json\/wp\/v2\/product\/601","targetHints":{"allow":["GET"]}}],"collection":[{"href":"https:\/\/www.hommy.com\/pt\/wp-json\/wp\/v2\/product"}],"about":[{"href":"https:\/\/www.hommy.com\/pt\/wp-json\/wp\/v2\/types\/product"}],"replies":[{"embeddable":true,"href":"https:\/\/www.hommy.com\/pt\/wp-json\/wp\/v2\/comments?post=601"}],"wp:featuredmedia":[{"embeddable":true,"href":"https:\/\/www.hommy.com\/pt\/wp-json\/wp\/v2\/media\/592"}],"wp:attachment":[{"href":"https:\/\/www.hommy.com\/pt\/wp-json\/wp\/v2\/media?parent=601"}],"wp:term":[{"taxonomy":"product_brand","embeddable":true,"href":"https:\/\/www.hommy.com\/pt\/wp-json\/wp\/v2\/product_brand?post=601"},{"taxonomy":"product_cat","embeddable":true,"href":"https:\/\/www.hommy.com\/pt\/wp-json\/wp\/v2\/product_cat?post=601"},{"taxonomy":"product_tag","embeddable":true,"href":"https:\/\/www.hommy.com\/pt\/wp-json\/wp\/v2\/product_tag?post=601"}],"curies":[{"name":"wp","href":"https:\/\/api.w.org\/{rel}","templated":true}]}}