{"id":581,"date":"2024-07-02T14:14:55","date_gmt":"2024-07-02T14:14:55","guid":{"rendered":"http:\/\/localhost\/hommywp\/hm706b-professional-high-output-ice-cream-maker-factory-cost\/"},"modified":"2025-11-05T18:50:10","modified_gmt":"2025-11-05T18:50:10","slug":"maquina-de-gelados-hm706b","status":"publish","type":"product","link":"https:\/\/www.hommy.com\/pt\/p\/maquina-de-gelados-hm706b\/","title":{"rendered":"Hm706b Profissional de Alta Sa\u00edda Custo de F\u00e1brica de M\u00e1quina de Sorvete"},"content":{"rendered":"<div>\n<p style=\"text-align: center\"><\/p>\n<h2 style=\"text-align: center\"><span style=\"font-family: arial, helvetica, sans-serif;font-size: 24px\"><strong><span style=\"font-family: arial, helvetica, sans-serif;letter-spacing: 0px\"><a name=\"Table top ice cream machine\"><\/a>M\u00e1quina de gelados de mesa<\/span><\/strong><\/span><\/h2>\n<p style=\"text-align: center\"><a href=\"#Table top ice cream machine\" target=\"_self\" data-lv=\"0\" rel=\"noopener\"><span style=\"font-size: 16px;font-family: arial, helvetica, sans-serif\"><strong><span style=\"font-size: 16px;letter-spacing: 0px\">M\u00e1quina de gelados de mesa<\/span><\/strong><\/span><\/a><span style=\"font-size: 16px;font-family: arial, helvetica, sans-serif\"><strong><span style=\"font-size: 16px;letter-spacing: 0px\">|<a href=\"#Product Features\" target=\"_self\" data-lv=\"0\" rel=\"noopener\">Carater\u00edsticas do produto<\/a>|<a href=\"#Soft Serve Freezer and  Frozen Yogurt Freezer\" target=\"_self\" data-lv=\"0\" rel=\"noopener\">Congelador de gelados e congelador de iogurte<\/a>|<a href=\"#Product Specification\" target=\"_self\" data-lv=\"0\" rel=\"noopener\">Especifica\u00e7\u00e3o do produto<\/a>&nbsp;<\/span><\/strong><\/span><\/p>\n<p><\/p>\n<p style=\"text-align: center\">\n<p>Estes <a style=\"color:blue\" href=\"\/pt\/\">m\u00e1quina de gelados<\/a>s s\u00e3o amplamente apreciados devido \u00e0 sua constru\u00e7\u00e3o robusta, carater\u00edsticas f\u00e1ceis de operar e durabilidade. Somos um dos nomes eminentes na ind\u00fastria. Todos os nossos produtos s\u00e3o concebidos de acordo com as \u00faltimas tend\u00eancias da ind\u00fastria. Seguimos rigorosamente os par\u00e2metros de qualidade no fabrico da gama, o que nos torna numa posi\u00e7\u00e3o \u00fanica para fornecer a qualidade perfeita. Al\u00e9m disso, o equipamento vem com uma garantia para o refrigerador de 1 ano. Os clientes podem facilmente aproveitar os benef\u00edcios desta garantia connosco.<\/p>\n<h4><strong><span style=\"font-family: \u5b8b\u4f53;letter-spacing: 0;font-size: 18px\"><\/span><\/strong><\/h4>\n<h2 style=\", Helvetica, Arial, sans-serif\"><span style=\"font-family: arial, helvetica, sans-serif;font-size: 24px\"><strong><span style=\"font-family: arial, helvetica, sans-serif;letter-spacing: 0px\"><a name=\"Product Features\"><\/a>Produto&nbsp;<\/span><\/strong><strong><span style=\"font-family: arial, helvetica, sans-serif;letter-spacing: 0px\">Carater\u00edsticas<\/span><\/strong><\/span><strong><span style=\"font-family: \u5b8b\u4f53;letter-spacing: 0px\">&nbsp;<\/span><\/strong><strong><span style=\"font-family: \u5b8b\u4f53;letter-spacing: 0px\">&nbsp;<\/span><\/strong><\/h2>\n<p><span style=\"font-family: Helvetica;letter-spacing: 0px;font-size: 16px\">A Hommy tem uma equipa profissional para a conce\u00e7\u00e3o do produto. H\u00e1 engenheiros profissionais de refrigera\u00e7\u00e3o, engenheiros de software e engenheiros estruturais para garantir que a qualidade do produto seja est\u00e1vel e dur\u00e1vel. Ao mesmo tempo, o design personalizado \u00e9 adicionado para facilitar o futuro servi\u00e7o p\u00f3s-venda. Hommy <a style=\"color:blue\" href=\"\/pt\/\">m\u00e1quina de gelados<\/a> \u00e9 digno de confian\u00e7a.<\/span><\/p>\n<p><span style=\"font-family: Helvetica;letter-spacing: 0px;font-size: 16px\"><br \/><\/span><\/p>\n<p><span style=\"font-family: Helvetica;letter-spacing: 0px;font-size: 16px\"><\/span><\/p>\n<div class=\"d-tem01-graphic tem01-graphic mockup\" data-detail=\"wrap\">\n<div class=\"cont-section clearfix d-clearfix\">\n<div class=\"col-md-6 col-sm-6 col-xs-6\">\n<div class=\"right-p\">\n<div class=\"h2 heading\"><img decoding=\"async\" src=\"https:\/\/www.hommy.com\/wp-content\/uploads\/16002465096161.jpg\" alt=\"produto-Hommy-img\" style=\"font-size: 14px\" title=\"\"><span style=\"font-size: 14px\">&nbsp; &nbsp; &nbsp; &nbsp; &nbsp; &nbsp; &nbsp;<\/span><\/div>\n<\/div>\n<\/div>\n<div class=\"col-md-6 col-sm-6 col-xs-6\">\n<div class=\"right-p\">\n<div class=\"h2 heading\">\n<h2 style=\"margin-bottom: 0px;font-size: 22px;text-align: justify\"><span style=\"font-size: 24px\"><strong><span style=\"font-family: arial, helvetica, sans-serif;letter-spacing: 0px\"><a name=\"Soft Serve Freezer and  Frozen Yogurt Freezer\"><\/a>Congelador de gelados e congelador de iogurte<\/span><\/strong><\/span><\/h2>\n<h2 style=\"margin-bottom: 0px;font-size: 22px;text-align: justify\"><strong><span style=\"letter-spacing: 0px;font-family: arial, helvetica, sans-serif;font-size: 24px\">Twin Twist, Pr\u00e9-resfriamento, Misturador, Balc\u00e3o, Tratamento t\u00e9rmico, Descongelamento, Desinfe\u00e7\u00e3o, Sistema de monitoriza\u00e7\u00e3o remota<\/span><\/strong><\/h2>\n<h2 style=\"margin-bottom: 0px;font-size: 22px;text-align: justify\"><strong><span style=\"letter-spacing: 0px;font-family: arial, helvetica, sans-serif;font-size: 24px\">Carater\u00edsticas<\/span><\/strong><\/h2>\n<p style=\"margin-bottom: 0px;font-size: 22px;text-align: justify\"><span style=\"font-family: \u5b8b\u4f53;letter-spacing: 0px;font-size: 16px\">-<\/span><span style=\"font-family: Calibri;letter-spacing: 0px;font-size: 16px\">Oferta de produtos: Oferecer todas as varia\u00e7\u00f5es populares de refrigerantes, desde gelados a iogurtes congelados com baixo teor de gordura ou sem gordura.<\/span><\/p>\n<p style=\"margin-bottom: 0px;font-size: 22px;text-align: justify\"><span style=\"font-family: \u5b8b\u4f53;letter-spacing: 0px;font-size: 16px\">-<\/span><span style=\"font-family: Calibri;letter-spacing: 0px;font-size: 16px\">Sabor: Servir dois sabores separados e um twist.<\/span><\/p>\n<p style=\"margin-bottom: 0px;font-size: 22px;text-align: justify\"><span style=\"font-family: \u5b8b\u4f53;letter-spacing: 0px;font-size: 16px\">-<\/span><span style=\"font-family: Calibri;letter-spacing: 0px;font-size: 16px\">Tremonha de mistura: Duas capacidades de 13 litros (13,7 litros, 3,43 gal\u00f5es)<\/span><\/p>\n<p style=\"margin-bottom: 0px;font-size: 22px;text-align: justify\"><span style=\"font-family: \u5b8b\u4f53;letter-spacing: 0px;font-size: 16px\">-<\/span><span style=\"font-family: Calibri;letter-spacing: 0px;font-size: 16px\">Cilindro de congela\u00e7\u00e3o: Duas capacidades de 2,8 litros (3,0 litros, 0,74 gal\u00f5es)<\/span><\/p>\n<p style=\"margin-bottom: 0px;font-size: 22px;text-align: justify\"><span style=\"font-family: \u5b8b\u4f53;letter-spacing: 0px;font-size: 16px\">-<\/span><span style=\"font-family: Calibri;letter-spacing: 0px;font-size: 16px\">Controlador de ecr\u00e3 t\u00e1til a cores de 15\" com sistema Android.<\/span><\/p>\n<p style=\"margin-bottom: 0px;font-size: 22px;text-align: justify\"><span style=\"font-family: Calibri;letter-spacing: 0px;font-size: 16px\">- Garantir a seguran\u00e7a: Depois de definir todos os par\u00e2metros conforme necess\u00e1rio, bloquear a placa de controlo e as defini\u00e7\u00f5es n\u00e3o podem ser alteradas por outras pessoas.<\/span><\/p>\n<p style=\"margin-bottom: 0px;font-size: 22px;text-align: justify\"><span style=\"font-family: Calibri;letter-spacing: 0px;font-size: 16px\">Fun\u00e7\u00f5es:<\/span><\/p>\n<p style=\"margin-bottom: 0px;font-size: 22px;text-align: justify\"><span style=\"font-family: \u5b8b\u4f53;letter-spacing: 0px;font-size: 16px\">-<\/span><span style=\"font-family: Calibri;letter-spacing: 0px;font-size: 16px\">O sistema de pr\u00e9-arrefecimento mant\u00e9m a mistura abaixo de 5<\/span><span style=\"font-family: \u5b8b\u4f53;letter-spacing: 0px;font-size: 16px\">\u2103<\/span><span style=\"font-family: Calibri;letter-spacing: 0px;font-size: 16px\">&nbsp;durante os modos autom\u00e1tico e de espera.<\/span><\/p>\n<p style=\"margin-bottom: 0px;font-size: 22px;text-align: justify\"><span style=\"font-family: \u5b8b\u4f53;letter-spacing: 0px;font-size: 16px\">-<\/span><span style=\"font-family: Calibri;letter-spacing: 0px;font-size: 16px\">O misturador mant\u00e9m a uniformidade da mistura nas tremonhas.<\/span><\/p>\n<p style=\"margin-bottom: 0px;font-size: 22px;text-align: justify\"><span style=\"font-family: \u5b8b\u4f53;letter-spacing: 0px;font-size: 16px\">-<\/span><span style=\"font-family: Calibri;letter-spacing: 0px;font-size: 16px\">O tratamento t\u00e9rmico proporciona uma rotina de limpeza di\u00e1ria para manter o produto de acordo com as normas de qualidade e seguran\u00e7a at\u00e9 duas semanas antes da limpeza completa com desmontagem.<\/span><\/p>\n<p style=\"margin-bottom: 0px;font-size: 22px;text-align: justify\"><span style=\"font-family: \u5b8b\u4f53;letter-spacing: 0px;font-size: 16px\">-<\/span><span style=\"font-family: Calibri;letter-spacing: 0px;font-size: 16px\">Descongela\u00e7\u00e3o<\/span><\/p>\n<p style=\"margin-bottom: 0px;font-size: 22px;text-align: justify\"><span style=\"font-family: Calibri;letter-spacing: 0px;font-size: 16px\">- A descongela\u00e7\u00e3o de produ\u00e7\u00e3o derrete rapidamente o produto em ambos os cilindros e volta ao modo de produ\u00e7\u00e3o para reproduzir.<\/span><\/p>\n<p style=\"margin-bottom: 0px;font-size: 22px;text-align: justify\"><span style=\"font-family: Calibri;letter-spacing: 0px;font-size: 16px\">- A descongela\u00e7\u00e3o por lavagem derrete rapidamente o produto nos cilindros, o que reduz significativamente os restos antes da limpeza.<\/span><\/p>\n<p style=\"margin-bottom: 0px;font-size: 22px;text-align: justify\"><span style=\"font-family: \u5b8b\u4f53;letter-spacing: 0px;font-size: 16px\">-<\/span><span style=\"font-family: Calibri;letter-spacing: 0px;font-size: 16px\">Desinfe\u00e7\u00e3o<\/span><\/p>\n<p style=\"margin-bottom: 0px;font-size: 22px;text-align: justify\"><span style=\"font-family: Calibri;letter-spacing: 0px;font-size: 16px\">- Fun\u00e7\u00e3o especial que torna o processo de higieniza\u00e7\u00e3o semi-autom\u00e1tico e f\u00e1cil.<\/span><\/p>\n<p style=\"margin-bottom: 0px;font-size: 22px;text-align: justify\"><span style=\"font-family: Calibri;letter-spacing: 0px;font-size: 16px\">- N\u00e3o desmontar a m\u00e1quina para limpar a unidade de bloqueio da garganta, a unidade de bomba de ar, o batedor e o cilindro.<\/span><\/p>\n<p style=\"margin-bottom: 0px;font-size: 22px;text-align: justify\"><span style=\"font-family: \u5b8b\u4f53;letter-spacing: 0px;font-size: 16px\">-<\/span><span style=\"font-family: Calibri;letter-spacing: 0px;font-size: 16px\">O contador permite ao operador visualizar o n\u00famero de por\u00e7\u00f5es distribu\u00eddas.<\/span><\/p>\n<p style=\"margin-bottom: 0px;font-size: 22px;text-align: justify\"><span style=\"font-family: \u5b8b\u4f53;letter-spacing: 0px;font-size: 16px\">-<\/span><span style=\"font-family: Calibri;letter-spacing: 0px;font-size: 16px\">Sistema de monitoriza\u00e7\u00e3o \u00e0 dist\u00e2ncia:<\/span><\/p>\n<p style=\"margin-bottom: 0px;font-size: 22px;text-align: justify\"><span style=\"font-family: Calibri;letter-spacing: 0px;font-size: 16px\">- Liga\u00e7\u00e3o \u00e0 rede sem fios, que permite verificar a data em linha.<\/span><\/p>\n<p style=\"margin-bottom: 0px;font-size: 22px;text-align: justify\"><span style=\"font-family: Calibri;letter-spacing: 0px;font-size: 16px\">- Descobrir atempadamente a falha da m\u00e1quina e enviar diretamente uma mensagem de diagn\u00f3stico de funcionamento para o centro de monitoriza\u00e7\u00e3o da f\u00e1brica, a fim de resolver o problema<\/span><span style=\"font-family: \u5b8b\u4f53;letter-spacing: 0px;font-size: 16px\">&nbsp;<\/span><span style=\"font-family: Calibri;letter-spacing: 0px;font-size: 16px\">problema mais rapidamente.<\/span><\/p>\n<p style=\"margin-bottom: 0px;font-size: 22px;text-align: justify\"><span style=\"font-family: Calibri;letter-spacing: 0px;font-size: 16px\">- Monitorizar o volume de vendas em tempo real, bem como o n\u00edvel de l\u00edquido nas tremonhas, alertando para a necessidade de adicionar material.<\/span><\/p>\n<p><span style=\"font-size: 14px\"><\/span><\/div>\n<\/div>\n<\/div>\n<\/div>\n<\/div>\n<h4><strong><span style=\"font-family: \u5b8b\u4f53;letter-spacing: 0;font-size: 18px\"><\/span><\/strong><\/h4>\n<h2><span style=\"font-family: arial, helvetica, sans-serif;font-size: 24px\"><strong><span style=\"font-family: arial, helvetica, sans-serif;letter-spacing: 0px\"><a name=\"Product Specification\"><\/a>Especifica\u00e7\u00e3o do produto<\/span><\/strong><\/span><strong style=\"color: inherit;font-family: inherit;font-size: 18px\"><span style=\"font-family: \u5b8b\u4f53;letter-spacing: 0px\">&nbsp;<\/span><\/strong><\/h2>\n<p style=\"margin-top:0;margin-right:0;margin-bottom:10px;margin-left:0;text-indent:0\"><span style=\"font-family: Helvetica;letter-spacing: 0;font-size: 16px\"><\/span><\/p>\n<p><span style=\"font-family: Helvetica;letter-spacing: 0;font-size: 16px\">A Hommy tem uma equipa profissional para a conce\u00e7\u00e3o do produto. Existem engenheiros profissionais de refrigera\u00e7\u00e3o, engenheiros de software e engenheiros estruturais para garantir que a qualidade do produto \u00e9 est\u00e1vel e dur\u00e1vel. Ao mesmo tempo, o design personalizado \u00e9 adicionado<\/span><span style=\"font-family: \u5b8b\u4f53;letter-spacing: 0;font-size: 16px\">&nbsp;<\/span><span style=\"font-family: Helvetica;letter-spacing: 0;font-size: 16px\">para facilitar o futuro servi\u00e7o p\u00f3s-venda. A m\u00e1quina de gelados Hommy \u00e9 digna de confian\u00e7a.<\/span><\/p>\n<p><span style=\"font-family: Helvetica;letter-spacing: 0;font-size: 16px\"><br \/><\/span><\/p>\n<p><span style=\"font-family: inherit\"><\/span><\/p>\n<p style=\"text-align:center\"><img decoding=\"async\" src=\"https:\/\/www.hommy.com\/wp-content\/uploads\/16002452328091.png\" alt=\"produto-Hommy-img\" title=\"\"><\/p>\n<p><\/p>\n<p><\/p>\n<div class=\"d-tem01-graphic tem01-graphic mockup\" data-detail=\"wrap\">\n<div class=\"cont-section clearfix d-clearfix\">\n<div class=\"col-md-6 col-sm-6 col-xs-6\">\n<div class=\"right-p\">\n<div class=\"h2 heading\">\n<p style=\"margin-bottom:13px;margin-left:0;text-indent:0\"><span style=\"font-family: Helvetica;letter-spacing: 0;font-weight: bold;font-size: 18px\">1.&nbsp;<\/span><strong><span style=\"font-family: Helvetica;letter-spacing: 0;font-size: 18px\">Tubo de expans\u00e3o<\/span><\/strong><\/p>\n<\/div>\n<p><span style=\"font-family: \u5b8b\u4f53;font-size: 16px;letter-spacing: 0px\">A fun\u00e7\u00e3o do tubo de expans\u00e3o \u00e9 soprar ar para dentro do cilindro e mistur\u00e1-lo com o gelado para aumentar a taxa de expans\u00e3o do gelado, que fica mais macio e delicioso quando o comemos. A taxa de expans\u00e3o do tubo de expans\u00e3o \u00e9 30%-45%, e tem tr\u00eas orif\u00edcios diferentes para os clientes ajustarem a quantidade de entrada de ar, o que \u00e9 conveniente para limpar e simples de operar.<\/span><\/p>\n<p><span style=\"font-family: \u5b8b\u4f53;font-size: 16px;letter-spacing: 0px\"><br \/><\/span><\/p>\n<p><span style=\"font-family: \u5b8b\u4f53;font-size: 16px;letter-spacing: 0px\"><br \/><\/span><\/p>\n<\/div>\n<div class=\"graphic_pic animated wow bounceIn\" data-wow-delay=\".7s\">\n<p style=\"text-align:center\"><img decoding=\"async\" src=\"https:\/\/www.hommy.com\/wp-content\/uploads\/16002467024223.jpg\" alt=\"produto-Hommy-img\" title=\"\"><\/p>\n<\/div>\n<\/div>\n<div class=\"col-md-6 col-sm-6 col-xs-6\">\n<div class=\"right-p\">\n<div class=\"h2 heading\">\n<p><span style=\"font-family: Helvetica;letter-spacing: 0;font-size: 22px\">2. Deixar o senso<\/span><span style=\"font-family: \u5b8b\u4f53;letter-spacing: 0;font-size: 22px\">r<\/span><\/p>\n<\/div>\n<p><span><span style=\"font-family: \u5b8b\u4f53;letter-spacing: 0px;font-size: 16px\">Deixar o sensor ter&nbsp;<\/span><span style=\"font-family: Calibri;letter-spacing: 0px;font-size: 16px\">Segunda fase, a primeira fase do alarme de n\u00edvel de material em falta, a segunda fase do encerramento autom\u00e1tico.&nbsp;<\/span><span style=\"font-family: \u5b8b\u4f53;letter-spacing: 0px;font-size: 16px\">Quando recebe a primeira mensagem, tem algum tempo para adicionar material, n\u00e3o precisa de deixar a m\u00e1quina parar para a trabalhar.<\/span><\/span><\/p>\n<p><span><span style=\"font-family: \u5b8b\u4f53;letter-spacing: 0px;font-size: 16px\"><br \/><\/span><\/span><\/p>\n<p><span><span style=\"font-family: \u5b8b\u4f53;letter-spacing: 0px;font-size: 16px\"><br \/><\/span><\/span><\/p>\n<p><span><span style=\"font-family: \u5b8b\u4f53;letter-spacing: 0px;font-size: 16px\"><br \/><\/span><\/span><\/p>\n<p style=\"text-align:center\"><img decoding=\"async\" src=\"https:\/\/www.hommy.com\/wp-content\/uploads\/16002467515556.jpg\" alt=\"produto-Hommy-img\" title=\"\" style=\"text-align: center\"><\/p>\n<\/div>\n<\/div>\n<\/div>\n<\/div>\n<div class=\"d-tem01-graphic tem01-graphic mockup\" data-detail=\"wrap\">\n<div class=\"cont-section clearfix d-clearfix\">\n<div class=\"col-md-6 col-sm-6 col-xs-6\">\n<div class=\"right-p\">\n<div class=\"h2 heading\"><span style=\"letter-spacing: 0px\">3.&nbsp;<\/span><span style=\"font-family: Helvetica;letter-spacing: 0px\">Pasteuriza\u00e7\u00e3o<\/span><\/div>\n<p><span><span style=\"font-family: \u5b8b\u4f53;letter-spacing: 0px;font-size: 16px\">Se vender gelados \u00e0 noite, o sistema de configura\u00e7\u00e3o autom\u00e1tica Pasteuriza\u00e7\u00e3o : Pode matar&nbsp;<\/span><span style=\"font-family: Calibri;letter-spacing: 0px;font-size: 16px\">a bact\u00e9ria&nbsp;<\/span><span style=\"font-family: \u5b8b\u4f53;letter-spacing: 0px;font-size: 16px\">que&nbsp;<\/span><span style=\"font-family: Calibri;letter-spacing: 0px;font-size: 16px\">produzir<\/span><span style=\"letter-spacing: 0px;font-size: 16px\"><span style=\"font-family:\u5b8b\u4f53\">&nbsp;<\/span><\/span><span style=\"font-family: Calibri;letter-spacing: 0px;font-size: 16px\">no interior da m\u00e1quina<\/span><span style=\"font-family: \u5b8b\u4f53;letter-spacing: 0px;font-size: 16px\">&nbsp;de -5\u2103&nbsp;<\/span><span style=\"font-family: Arial;letter-spacing: 0px;font-size: 16px\">\u2192<\/span><span style=\"font-family: \u5b8b\u4f53;letter-spacing: 0px;font-size: 16px\">&nbsp;65\u2103<\/span><span style=\"font-family: Arial;letter-spacing: 0px;font-size: 16px\">\u2192<\/span><span style=\"font-family: \u5b8b\u4f53;letter-spacing: 0px;font-size: 16px\">&nbsp;-5\u2103<\/span><span style=\"font-family: Calibri;letter-spacing: 0px;font-size: 16px\">processo<\/span><span style=\"font-family: \u5b8b\u4f53;letter-spacing: 0px;font-size: 16px\">&nbsp;(desinfetar o cilindro de carga e a mat\u00e9ria-prima no interior, depois refrigerar at\u00e9 ao estado de reserva).<\/span><\/span><\/p>\n<p><\/p>\n<\/div>\n<div class=\"graphic_pic animated wow bounceIn\" data-wow-delay=\".7s\">\n<p style=\"text-align:center\"><img decoding=\"async\" src=\"https:\/\/www.hommy.com\/wp-content\/uploads\/16002467836145.jpg\" alt=\"produto-HM706B m\u00e1quina de gelados-Hommy-img\" title=\"\"><\/p>\n<\/div>\n<\/div>\n<div class=\"col-md-6 col-sm-6 col-xs-6\">\n<div class=\"right-p\">\n<div class=\"h2 heading\"><span style=\"letter-spacing: 0px\">4.&nbsp;<\/span><span style=\"font-family: Helvetica;letter-spacing: 0px\">Controlador<\/span><\/div>\n<p><span style=\"font-family: \u5b8b\u4f53;font-size: 16px;letter-spacing: 0px\">O painel de controlo mostra claramente as fun\u00e7\u00f5es internas da m\u00e1quina. Ao mesmo tempo, a m\u00e1quina tamb\u00e9m lembra a fun\u00e7\u00e3o de limpeza, adicionando fun\u00e7\u00f5es mais humanizadas, tamb\u00e9m somos bem-vindos a fazer OEM.<\/span><\/p>\n<p><span style=\"font-family: \u5b8b\u4f53;font-size: 16px;letter-spacing: 0px\"><br \/><\/span><\/p>\n<p><\/p>\n<\/div>\n<div class=\"graphic_pic animated wow bounceIn\" data-wow-delay=\".7s\">\n<p style=\"text-align:center\"><img decoding=\"async\" src=\"https:\/\/www.hommy.com\/wp-content\/uploads\/16002468032578.jpg\" alt=\"produto-Hommy-HM706B m\u00e1quina de gelados-img\" title=\"\"><\/p>\n<\/div>\n<\/div>\n<\/div>\n<\/div>\n<div class=\"d-tem01-graphic tem01-graphic mockup\" data-detail=\"wrap\">\n<div class=\"cont-section clearfix d-clearfix\">\n<div class=\"col-md-6 col-sm-6 col-xs-6\">\n<div class=\"right-p\">\n<div class=\"h2 heading\">5. Misturador na tremonha<\/div>\n<p><span style=\"font-family: \u5b8b\u4f53;font-size: 16px;letter-spacing: 0px\">Misturar uniformemente. O misturador de alta velocidade no funil mant\u00e9m o material fluindo no funil em caso de cobertura. O gelado ficar\u00e1 mais suave depois de misturado completamente com ar.<\/span><\/p>\n<p><span style=\"font-family: \u5b8b\u4f53;font-size: 16px;letter-spacing: 0px\"><br \/><\/span><\/p>\n<p><span style=\"font-family: \u5b8b\u4f53;font-size: 16px;letter-spacing: 0px\"><br \/><\/span><\/p>\n<p><span style=\"font-family: \u5b8b\u4f53;font-size: 16px;letter-spacing: 0px\"><br \/><\/span><\/p>\n<\/div>\n<div class=\"graphic_pic animated wow bounceIn\" data-wow-delay=\".7s\">\n<p style=\"text-align:center\"><img decoding=\"async\" src=\"https:\/\/www.hommy.com\/wp-content\/uploads\/16002468551062.jpg\" alt=\"produto-Hommy-img-1\" title=\"\"><\/p>\n<\/div>\n<\/div>\n<div class=\"col-md-6 col-sm-6 col-xs-6\">\n<div class=\"right-p\">\n<div class=\"h2 heading\">6. Acess\u00f3rios opcionais de escape<\/div>\n<div class=\"description\">\n<p><span style=\"font-family: \u5b8b\u4f53;letter-spacing: 0;font-size: 16px\">Instalar corretamente a m\u00e1quina de gelados. A dist\u00e2ncia entre o orif\u00edcio de exaust\u00e3o atr\u00e1s da m\u00e1quina e a parede \u00e9 de 1 metro para ventila\u00e7\u00e3o, mas, de facto, \u00e9 imposs\u00edvel conseguir esta situa\u00e7\u00e3o no nosso local de armazenamento. A Hommy concebeu uma nova conduta de exaust\u00e3o para o uso di\u00e1rio, a fim de extrair o ar quente. No topo, pode satisfazer mais locais sem ocupar espa\u00e7o.<\/span><\/p>\n<\/div>\n<\/div>\n<div class=\"graphic_pic animated wow bounceIn\" data-wow-delay=\".7s\">\n<p style=\"text-align:center\"><img decoding=\"async\" src=\"https:\/\/www.hommy.com\/wp-content\/uploads\/16002468827657.jpg\" alt=\"produto-Hommy-img-1\" title=\"\"><\/p>\n<\/div>\n<\/div>\n<\/div>\n<\/div>\n<p><span style=\"font-family: inherit\">&nbsp; &nbsp; &nbsp; &nbsp; &nbsp; &nbsp; &nbsp;<\/span><\/p>\n<p><\/p>\n<p>&nbsp; &nbsp; &nbsp;<\/p>\n<p>Documento\uff1a<img decoding=\"async\" src=\"https:\/\/www.hommy.com\/wp-content\/uploads\/icon_pdf-28.gif\" style=\"margin-right: 2px\" alt=\"produto-Hommy-img-1\" title=\"\"><a href=\"https:\/\/img80002414.weyesimg.com\/uploads\/www.hommy.com\/addon\/16027509944616.pdf\" title=\"16027509944616.pdf\" style=\"font-size: 12px\">16027509944616.pdf<\/a><\/p>\n<h2>O gelado caseiro pode congelar sem sal grosso?<\/h2>\n<p style=\"margin-top: 5px;margin-bottom: 5px\"><\/p>\n<p style=\"margin-top: 5px;margin-bottom: 5px\">O gelado caseiro tem v\u00e1rias vantagens em rela\u00e7\u00e3o ao gelado comprado em lojas. Normalmente \u00e9 mais caro, porque \u00e9 preciso pagar os ingredientes e o tempo de produ\u00e7\u00e3o, e \u00e9 normalmente mais saud\u00e1vel, porque se usa menos a\u00e7\u00facar e estabilizadores.<\/p>\n<p style=\"margin-top: 5px;margin-bottom: 5px\"><\/p>\n<p style=\"margin-top: 5px;margin-bottom: 5px\">Pode ser feito com menos calorias do que o gelado comprado em loja, mas essa \u00e9 a desvantagem.<\/p>\n<p style=\"margin-top: 5px;margin-bottom: 5px\"><\/p>\n<p style=\"margin-top: 5px;margin-bottom: 5px\">H\u00e1 alguns anos, tent\u00e1mos fazer o nosso pr\u00f3prio gelado em casa, mas nunca congelou corretamente e tivemos de deitar fora a maior parte.<\/p>\n<p style=\"margin-top: 5px;margin-bottom: 5px\"><\/p>\n<h2>\u00c9 poss\u00edvel utilizar sal normal no gelado caseiro?<\/h2>\n<p style=\"margin-top: 5px;margin-bottom: 5px\"><\/p>\n<p style=\"margin-top: 5px;margin-bottom: 5px\">O gelado \u00e9 uma del\u00edcia. O que \u00e9 melhor do que um cone de gelado num dia quente de ver\u00e3o? N\u00e3o sei, mas quero saber o que seria. Ent\u00e3o, o que \u00e9 que se faz quando a m\u00e1quina de gelados n\u00e3o est\u00e1 a fazer gelado? Ligas ao teu pai, claro. \"O que recomendas\", perguntei-lhe, \"que devo usar para fazer o gelado?\" Ele recomendou sal comum. Quando falei disso a uma amiga, ela disse: \"Oh, eu sei, mas sabem mesmo a sal\". Como sabe, todos n\u00f3s temos um sabor diferente na boca quando comemos gelado. O seu gosto \u00e9 diferente do dos outros? Aposto que sim. O gelado de uma pessoa pode ser o veneno de outra. Uma pessoa pode pensar que \u00e9 louco se n\u00e3o for um grande f\u00e3 de sal.<\/p>\n<p style=\"margin-top: 5px;margin-bottom: 5px\"><\/p>\n<h2>Que tipo de congelador \u00e9 melhor para gelados?<\/h2>\n<p style=\"margin-top: 5px;margin-bottom: 5px\"><\/p>\n<p style=\"margin-top: 5px;margin-bottom: 5px\">Qual \u00e9 o melhor, o congelador pequeno ou o congelador grande? N\u00e3o tenho muita experi\u00eancia com gelados e tenho estado a pensar em comprar um, mas n\u00e3o tenho a certeza de qual \u00e9 o melhor tipo para gelados. Estou a ficar um pouco entusiasmada com a ideia de experimentar o meu pr\u00f3prio gelado e estou agora a tentar encontrar o congelador \"perfeito\" para o tornar mais f\u00e1cil. Obrigada!<\/p>\n<\/div><\/div>","protected":false},"excerpt":{"rendered":"<p>Table top ice cream machine Table top ice cream machine|Product Features|Soft Serve Freezer and&nbsp; Frozen Yogurt Freezer|Product Specification&nbsp; These ice cream makers are widely appreciated because of its robust construction, easy-to-operate features and durability. We are one of the eminent names in the industry. All our products are designed after following the latest trends of [&hellip;]<\/p>\n","protected":false},"featured_media":572,"comment_status":"open","ping_status":"open","template":"","meta":{"_swt_meta_header_display":false,"_swt_meta_footer_display":false,"_swt_meta_site_title_display":false,"_swt_meta_sticky_header":false,"_swt_meta_transparent_header":false},"product_brand":[],"product_cat":[77,78],"product_tag":[],"class_list":{"0":"post-581","1":"product","2":"type-product","3":"status-publish","4":"has-post-thumbnail","6":"product_cat-ice-cream-machine","7":"product_cat-soft-ice-cream-machine","9":"first","10":"instock","11":"shipping-taxable","12":"product-type-simple"},"_links":{"self":[{"href":"https:\/\/www.hommy.com\/pt\/wp-json\/wp\/v2\/product\/581","targetHints":{"allow":["GET"]}}],"collection":[{"href":"https:\/\/www.hommy.com\/pt\/wp-json\/wp\/v2\/product"}],"about":[{"href":"https:\/\/www.hommy.com\/pt\/wp-json\/wp\/v2\/types\/product"}],"replies":[{"embeddable":true,"href":"https:\/\/www.hommy.com\/pt\/wp-json\/wp\/v2\/comments?post=581"}],"wp:featuredmedia":[{"embeddable":true,"href":"https:\/\/www.hommy.com\/pt\/wp-json\/wp\/v2\/media\/572"}],"wp:attachment":[{"href":"https:\/\/www.hommy.com\/pt\/wp-json\/wp\/v2\/media?parent=581"}],"wp:term":[{"taxonomy":"product_brand","embeddable":true,"href":"https:\/\/www.hommy.com\/pt\/wp-json\/wp\/v2\/product_brand?post=581"},{"taxonomy":"product_cat","embeddable":true,"href":"https:\/\/www.hommy.com\/pt\/wp-json\/wp\/v2\/product_cat?post=581"},{"taxonomy":"product_tag","embeddable":true,"href":"https:\/\/www.hommy.com\/pt\/wp-json\/wp\/v2\/product_tag?post=581"}],"curies":[{"name":"wp","href":"https:\/\/api.w.org\/{rel}","templated":true}]}}