{"id":570,"date":"2024-07-02T14:14:45","date_gmt":"2024-07-02T14:14:45","guid":{"rendered":"http:\/\/localhost\/hommywp\/industrial-21-falvors-soft-serve-ice-cream-machine-manufacturer\/"},"modified":"2025-08-01T09:57:36","modified_gmt":"2025-08-01T09:57:36","slug":"2-1-maquina-de-gelados-quentes-com-congelador-falvor","status":"publish","type":"product","link":"https:\/\/www.hommy.com\/pt\/p\/2-1-maquina-de-gelados-quentes-com-congelador-falvor\/","title":{"rendered":"M\u00e1quina de Sorvete Expresso Industrial 2+1 Falvors Fabricante"},"content":{"rendered":"<div>\n<p>&nbsp;<\/p>\n<h2 style=\"text-align: center\"><span style=\"font-family: arial, helvetica, sans-serif;font-size: 24px\"><strong><span style=\"font-family: arial, helvetica, sans-serif\"><a name=\"2 flavour + 1mix soft ice cream machine\"><\/a>2 sabores + 1mix m\u00e1quina de gelado soft<\/span><\/strong><\/span><strong><span style=\"font-size: 20px\">&nbsp;<\/span><\/strong><\/h2>\n<p style=\"text-align: center\"><a href=\"#2 flavour + 1mix soft ice cream machine\" target=\"_self\" data-lv=\"0\" rel=\"noopener\"><span style=\"font-family: arial, helvetica, sans-serif;font-size: 16px\">2 sabores + 1mix m\u00e1quina de gelado soft<\/span><\/a><span style=\"font-family: arial, helvetica, sans-serif;font-size: 16px\">|<a href=\"#Product Features\" target=\"_self\" data-lv=\"0\" rel=\"noopener\">Carater\u00edsticas do produto<\/a>|<a href=\"#Touch screen control\" target=\"_self\" data-lv=\"0\" rel=\"noopener\">Controlo por ecr\u00e3 t\u00e1til<\/a>|<a href=\"#Functions|PRODUCT ADVANTAGE\" target=\"_self\" data-lv=\"0\" rel=\"noopener\">Fun\u00e7\u00f5es|VANTAGEM DO PRODUTO<\/a>|<a href=\"#2+1 falvor Soft Serve Freezer\" target=\"_self\" data-lv=\"0\" rel=\"noopener\">Congelador 2+1 falvor Soft Serve<\/a><\/span><strong><span style=\"font-size: 20px\"><br \/><\/span><\/strong><\/p>\n<p><strong><span style=\"font-size: 20px\"><br \/><\/span><\/strong><\/p>\n<p style=\"text-align: center\">&nbsp;<iframe loading=\"lazy\" title=\"M\u00e1quina de Sorvetes Expresso Hommy HM726 em MacDonald\" width=\"500\" height=\"281\" src=\"https:\/\/www.youtube.com\/embed\/mT-z8S6VBG0?feature=oembed\" frameborder=\"0\" allow=\"accelerometer; autoplay; clipboard-write; encrypted-media; gyroscope; picture-in-picture; web-share\" referrerpolicy=\"strict-origin-when-cross-origin\" allowfullscreen><\/iframe><\/p>\n<p>Estas m\u00e1quinas s\u00e3o amplamente utilizadas para a produ\u00e7\u00e3o de gelado soft-serve. O <a style=\"color:blue\" href=\"https:\/\/www.hommy.com\/pt\/maquina-de-gelado-soft\/\">m\u00e1quina de servir gelado soft<\/a> \u00e9 tamb\u00e9m utilizada na produ\u00e7\u00e3o de gelado soft serve em v\u00e1rios tipos de restaurantes e caf\u00e9s. A nossa m\u00e1quina \u00e9 desenvolvida pelos nossos engenheiros experientes em conformidade com os padr\u00f5es internacionais e normas de qualidade.<\/p>\n<h2><span style=\"font-family: arial, helvetica, sans-serif\"><strong><span style=\"font-size: 24px\"><a name=\"Product Features\"><\/a>Carater\u00edsticas do produto<\/span><\/strong><\/span><strong><span style=\"font-size: 24px\">&nbsp;<\/span><\/strong><\/h2>\n<p><span style=\"font-size: 16px\">A Hommy tem uma equipa profissional para a conce\u00e7\u00e3o do produto. H\u00e1 engenheiros profissionais de refrigera\u00e7\u00e3o, engenheiros de software e engenheiros estruturais para garantir que a qualidade do produto seja est\u00e1vel e dur\u00e1vel. Ao mesmo tempo, o design personalizado \u00e9 adicionado para facilitar o futuro servi\u00e7o p\u00f3s-venda. Hommy <a style=\"color:blue\" href=\"\/pt\/\">m\u00e1quina de gelados<\/a> \u00e9 digno de confian\u00e7a.<\/span><\/p>\n<div class=\"d-tem11-graphic tem11-graphic mockup\" data-detail=\"wrap\">\n<div class=\"tab_row\">\n<div class=\"img\" style=\"width: 50%\"><img decoding=\"async\" title=\"\" alt=\"produto-Hommy-img\" src=\"https:\/\/www.hommy.com\/wp-content\/uploads\/15553936786104.jpg\"><\/div>\n<div class=\"text_box\" style=\"width: 50%\">\n<div class=\"txt\">\n<p>&nbsp;<\/p>\n<h2><strong><span style=\"font-family: arial, helvetica, sans-serif;font-size: 24px\"><a name=\"Touch screen control\"><\/a>Controlo por ecr\u00e3 t\u00e1til<\/span><\/strong><\/h2>\n<p>&nbsp;<\/p>\n<p style=\"line-height: 2em\">O sistema de controlo t\u00e1til por microprocessador est\u00e1 integrado num painel de vidro temperado dur\u00e1vel.<br \/>As temperaturas nas tremonhas ou nos cilindros de congela\u00e7\u00e3o podem ser visualizadas em qualquer ponto do funcionamento.<br \/>Fornece o n\u00edvel de viscosidade necess\u00e1rio para as doses.<br \/>Indicador do n\u00edvel de mistura e alarme. Quando a luz de falta de mistura pisca, a m\u00e1quina desliga-se automaticamente para evitar danos.<br \/>A bomba de ar fornece a mistura com uma certa quantidade de ar aos cilindros de congela\u00e7\u00e3o.<br \/>Modo de espera: Durante longos per\u00edodos sem utiliza\u00e7\u00e3o, a fun\u00e7\u00e3o de espera mant\u00e9m as temperaturas seguras do produto na tremonha de mistura e no cilindro de congela\u00e7\u00e3o.<br \/>Fun\u00e7\u00e3o de prote\u00e7\u00e3o da press\u00e3o do sistema de arrefecimento.<br \/>A constru\u00e7\u00e3o duradoura com cobertura em a\u00e7o inoxid\u00e1vel confere um aspeto exterior moderno e luxuoso.<br \/><span style=\"font-size: 18px\"><strong><br \/><\/strong><\/span><\/p>\n<p style=\"line-height: 2em\"><span style=\"font-family: arial, helvetica, sans-serif;font-size: 24px\"><strong><a name=\"Functions: \"><\/a>Fun\u00e7\u00f5es: <\/strong><\/span><br \/><span style=\"font-family: arial, helvetica, sans-serif;font-size: 16px\">O sistema de pr\u00e9-arrefecimento mant\u00e9m a mistura abaixo dos 5\u00b0C durante os modos autom\u00e1tico e de espera. A bomba de ar fornece a mistura com uma certa quantidade de ar para os cilindros de congela\u00e7\u00e3o. <br \/>O misturador mant\u00e9m a uniformidade da mistura nas tremonhas. *O contador permite ao operador ver o n\u00famero de por\u00e7\u00f5es distribu\u00eddas.<br \/>Ru\u00eddo ultra-silencioso de 50-55 decib\u00e9is.<\/span> <\/p>\n<p style=\"line-height: 1.75em\">&nbsp;<\/p>\n<\/div>\n<\/div>\n<\/div>\n<\/div>\n<div class=\"text-left d-tem09-title d-interval\" data-detail=\"wrap\">\n<div class=\"title-header\">\n<h2><strong><span style=\"font-size: 24px;font-family: arial, helvetica, sans-serif\"><a name=\"PRODUCT ADVANTAGE\"><\/a>VANTAGEM DO PRODUTO<\/span><\/strong><\/h2>\n<div class=\"subtitle\"><span>Al\u00e9m disso, engenheiros altamente qualificados, tecn\u00f3logos competentes e pessoal experiente contribuem muito para o desenvolvimento da empresa.<\/span><\/div>\n<\/div>\n<\/div>\n<p><\/p>\n<p style=\"text-align:center\"><img decoding=\"async\" src=\"https:\/\/www.hommy.com\/wp-content\/uploads\/15553937579612.jpg\" alt=\"produto-2+1 Sabores M\u00e1quina de servir refrigerantes-Hommy-img\" title=\"\"><\/p>\n<p><\/p>\n<div class=\"d-tem04-promotion d-tem01-promotion mockup\" data-detail=\"wrap\">\n<div class=\"cont-section\">\n<div class=\"main\">\n<div class=\"header text-center\">\n<h2><strong><span style=\"font-family: arial, helvetica, sans-serif;font-size: 24px\"><a name=\"2+1 falvor Soft Serve Freezer\"><\/a>Congelador 2+1 falvor Soft Serve<\/span><\/strong><\/h2>\n<div class=\"subtitle\" style=\"text-align: left\">\n<p><\/p>\n<p style=\"line-height: 2em\"><strong><span><\/span><\/strong>Bomba de ar: ajust\u00e1vel de 20% a 80%, reduz a gera\u00e7\u00e3o de cristais de gelo, faz com que o iogurte congelado (gelado) tenha um sabor suave e um aspeto branco; reduz a utiliza\u00e7\u00e3o de mat\u00e9rias-primas, aumenta os lucros.<\/p>\n<p style=\"line-height: 2em\"><strong><span><\/span><\/strong>A m\u00e1quina tem no seu interior dois sistemas de controlo independentes, pode usar uma m\u00e1quina para fazer dois tipos de produtos: gelado soft e iogurte congelado.<\/p>\n<p style=\"line-height: 2em\"><strong><span><\/span><\/strong>A m\u00e1quina utiliza no seu interior um compressor fabricado em Fran\u00e7a e uma v\u00e1lvula de expans\u00e3o fabricada em It\u00e1lia.<\/p>\n<p style=\"line-height: 2em\"><strong><span><\/span><\/strong>O incens\u00e1rio tem uma segunda fase, a primeira fase de alarme de n\u00edvel de material em falta, a segunda fase de paragem autom\u00e1tica.<\/p>\n<\/div>\n<\/div>\n<\/div>\n<\/div>\n<\/div>\n<p>&nbsp;Documento\uff1a<img decoding=\"async\" src=\"https:\/\/www.hommy.com\/wp-content\/uploads\/icon_pdf-27.gif\" style=\"margin-right: 2px\" alt=\"produto-2+1 Sabores Soft Serve Freezerm\u00e1quina de gelados soft-Hommy-img\" title=\"\"><a href=\"https:\/\/img80002414.weyesimg.com\/uploads\/www.hommy.com\/addon\/16028102773329.pdf\" title=\"16028102773329.pdf\" style=\"font-size: 12px\">16028102773329.pdf<\/a><\/p>\n<h2>Qual \u00e9 a diferen\u00e7a entre gelo duro e gelo mole?<\/h2>\n<p style=\"margin-top: 5px;margin-bottom: 5px\">Se gosta de gelados, provavelmente j\u00e1 ouviu falar de gelo duro e de gelo mole. O gelo duro e o gelo mole foram inventados nos Estados Unidos, nos anos 50 e 60, e h\u00e1 um grande debate sobre se s\u00e3o dois tipos diferentes de gelo ou o mesmo tipo de gelo. Mas podemos confirmar que o gelo duro e o macio s\u00e3o dois tipos da mesma coisa: o gelado.<\/p>\n<p style=\"margin-top: 5px;margin-bottom: 5px\"><\/p>\n<h2>O gelado soft pode ser recongelado?<\/h2>\n<p style=\"margin-top: 5px;margin-bottom: 5px\">Um dos meus sabores favoritos para fazer no ver\u00e3o \u00e9 o \"gelado soft\". \u00c9 o que eu chamo o meu \"gelado de ver\u00e3o\", pois \u00e9 leve, cremoso e rico e tem um sabor doce e cremoso agrad\u00e1vel. O \u00fanico problema \u00e9 que \u00e9 muito dif\u00edcil de guardar no congelador. A forma como o fa\u00e7o \u00e9 cozinhando os lactic\u00ednios, arrefecendo-os e depois batendo-os para obter aquela textura suave de gelado.<\/p>\n<p style=\"margin-top: 5px;margin-bottom: 5px\"><\/p>\n<h2>Porque \u00e9 que o McDonald's se livrou do sundae de morango?<\/h2>\n<p style=\"margin-top: 5px;margin-bottom: 5px\">O vice-presidente de marketing da empresa, Michael Girelli, disse ao USA Today que a decis\u00e3o foi tomada depois de os clientes do McDonald's terem deixado claro que n\u00e3o queriam ver o sabor do morango nos seus sundaes.<\/p>\n<\/div><\/div>","protected":false},"excerpt":{"rendered":"<p>&nbsp; 2 flavour + 1mix soft ice cream machine&nbsp; 2 flavour + 1mix soft ice cream machine|Product Features|Touch screen control|Functions|PRODUCT ADVANTAGE|2+1 falvor Soft Serve Freezer &nbsp; These machines are widely used for the production of a soft-serve ice cream. The soft serve ice cream machine is also used in the making of soft serve ice [&hellip;]<\/p>\n","protected":false},"featured_media":567,"comment_status":"open","ping_status":"open","template":"","meta":{"_swt_meta_header_display":false,"_swt_meta_footer_display":false,"_swt_meta_site_title_display":false,"_swt_meta_sticky_header":false,"_swt_meta_transparent_header":false},"product_brand":[],"product_cat":[77,78],"product_tag":[],"class_list":{"0":"post-570","1":"product","2":"type-product","3":"status-publish","4":"has-post-thumbnail","6":"product_cat-ice-cream-machine","7":"product_cat-soft-ice-cream-machine","9":"first","10":"instock","11":"shipping-taxable","12":"product-type-simple"},"_links":{"self":[{"href":"https:\/\/www.hommy.com\/pt\/wp-json\/wp\/v2\/product\/570","targetHints":{"allow":["GET"]}}],"collection":[{"href":"https:\/\/www.hommy.com\/pt\/wp-json\/wp\/v2\/product"}],"about":[{"href":"https:\/\/www.hommy.com\/pt\/wp-json\/wp\/v2\/types\/product"}],"replies":[{"embeddable":true,"href":"https:\/\/www.hommy.com\/pt\/wp-json\/wp\/v2\/comments?post=570"}],"wp:featuredmedia":[{"embeddable":true,"href":"https:\/\/www.hommy.com\/pt\/wp-json\/wp\/v2\/media\/567"}],"wp:attachment":[{"href":"https:\/\/www.hommy.com\/pt\/wp-json\/wp\/v2\/media?parent=570"}],"wp:term":[{"taxonomy":"product_brand","embeddable":true,"href":"https:\/\/www.hommy.com\/pt\/wp-json\/wp\/v2\/product_brand?post=570"},{"taxonomy":"product_cat","embeddable":true,"href":"https:\/\/www.hommy.com\/pt\/wp-json\/wp\/v2\/product_cat?post=570"},{"taxonomy":"product_tag","embeddable":true,"href":"https:\/\/www.hommy.com\/pt\/wp-json\/wp\/v2\/product_tag?post=570"}],"curies":[{"name":"wp","href":"https:\/\/api.w.org\/{rel}","templated":true}]}}