{"id":566,"date":"2024-07-02T14:14:40","date_gmt":"2024-07-02T14:14:40","guid":{"rendered":"http:\/\/localhost\/hommywp\/popular-fruit-soft-serve-ice-cream-machine-factory-equipment\/"},"modified":"2025-08-01T09:57:36","modified_gmt":"2025-08-01T09:57:36","slug":"maquinas-de-gelados-quentes","status":"publish","type":"product","link":"https:\/\/www.hommy.com\/pt\/p\/maquinas-de-gelados-quentes\/","title":{"rendered":"Popular Frutas Soft Serve M\u00e1quina de Sorvete Equipamento de F\u00e1brica"},"content":{"rendered":"<div>\n<p>&nbsp;<\/p>\n<p><span style=\"font-size: 20px\"><\/span><\/p>\n<h2 style=\"text-align: center\"><strong><span style=\"letter-spacing: 0px;font-family: arial, helvetica, sans-serif;font-size: 24px\"><a name=\"Soft Serve Machines\"><\/a>M\u00e1quinas de servir refrigerantes<\/span><\/strong><\/h2>\n<p style=\"text-align: center\"><span style=\"letter-spacing: 0px;font-family: arial, helvetica, sans-serif;font-size: 16px\"><a href=\"#Soft Serve Machines\" target=\"_self\" data-lv=\"0\" rel=\"noopener\">M\u00e1quinas de servir refrigerantes<\/a>|<a href=\"#Features\" target=\"_self\" data-lv=\"0\" rel=\"noopener\">Carater\u00edsticas<\/a>|<a href=\"#PRODUCT ADVANTAGE\" target=\"_self\" data-lv=\"0\" rel=\"noopener\">VANTAGEM DO PRODUTO<\/a>|<a href=\"#2+1 flavor Soft Serve Freezer\" target=\"_self\" data-lv=\"0\" rel=\"noopener\">Congelador de sorvetes de 2+1 sabores<\/a><\/span><\/p>\n<p style=\"text-align: center\"><\/p>\n<p>Para responder \u00e0s necessidades do mercado, estamos a produzir produtos de qualidade superior <a style=\"color:blue\" href=\"https:\/\/www.hommy.com\/pt\/maquina-de-gelado-soft\/\">m\u00e1quina de servir gelado soft<\/a> que possui uma tecnologia avan\u00e7ada com componentes inovadores. Al\u00e9m disso, esta m\u00e1quina foi concebida utilizando tecnologia avan\u00e7ada que a torna mais eficiente e economizadora de energia. Estas m\u00e1quinas est\u00e3o dispon\u00edveis em diferentes especifica\u00e7\u00f5es de acordo com os requisitos dos clientes. Al\u00e9m disso, estas m\u00e1quinas s\u00e3o rigorosamente testadas em par\u00e2metros de qualidade para garantir o seu desempenho.<\/p>\n<div class=\"d-tem11-graphic tem11-graphic mockup\" data-detail=\"wrap\">\n<div class=\"tab_row\">\n<div class=\"img\" style=\"width: 50%\"><img decoding=\"async\" title=\"\" alt=\"produto-M\u00e1quina de gelados Soft Serve M\u00e1quinas-Hommy-img\" src=\"https:\/\/www.hommy.com\/wp-content\/uploads\/15585041103798.jpg\"><\/div>\n<div class=\"text_box\" style=\"width: 50%\">\n<div class=\"txt\">\n<div class=\"title\">\n<h2><strong style=\"color: inherit;font-family: inherit;font-size: 30px\"><span style=\"font-family: arial, helvetica, sans-serif;font-size: 24px\"><a name=\"Features\"><\/a>Carater\u00edsticas<\/span><\/strong><br \/><\/h2>\n<\/div>\n<p style=\"margin-left:32px\"><span style=\"font-family:Calibri;font-size:16px\">-&nbsp;<\/span><span style=\"font-family:Calibri;font-size:16px\">Oferta de produtos: oferecer todas as variantes populares de gelado soft<\/span><\/p>\n<p style=\"margin-left:32px\"><span style=\"font-family:Calibri;font-size:16px\">-&nbsp;<\/span><span style=\"font-family:Calibri;font-size:16px\">Sabor: servir dois sabores separados e um twist<\/span><\/p>\n<p style=\"margin-left:32px\"><span style=\"font-family:Calibri;font-size:16px\">-&nbsp;<\/span><span style=\"font-family:Calibri;font-size:16px\">Tremonha de mistura: dois 5,5 litros de capacidade (5,81 quartos, 1,45 gal\u00f5es)<\/span><\/p>\n<p style=\"margin-left:32px\"><span style=\"font-family:Calibri;font-size:16px\">-&nbsp;<\/span><span style=\"font-family:Calibri;font-size:16px\">Cilindro de congela\u00e7\u00e3o: dois 2,1 litros de capacidade (2,21 quartos, 0,55 gal\u00f5es)<\/span><\/p>\n<p><span style=\"font-family:Calibri;font-size:16px\">Controlo eletr\u00f3nico:<\/span><\/p>\n<p style=\"margin-left:32px\"><span style=\"font-family:Calibri;font-size:16px\">-&nbsp;<\/span><span style=\"font-family:Calibri;font-size:16px\">A temperatura nos cilindros de congela\u00e7\u00e3o pode ser visualizada em qualquer ponto do funcionamento.<\/span><\/p>\n<p style=\"margin-left:32px\"><span style=\"font-family:Calibri;font-size:16px\">-&nbsp;<\/span><span style=\"font-family:Calibri;font-size:16px\">Fornece o n\u00edvel de viscosidade necess\u00e1rio para as doses.<\/span><\/p>\n<p style=\"margin-left:32px\"><span style=\"font-family:Calibri;font-size:16px\">-&nbsp;<\/span><span style=\"font-family:Calibri;font-size:16px\">Indicador do n\u00edvel de mistura e alarme. Quando a luz de falta de mistura pisca, a m\u00e1quina desliga-se automaticamente para evitar danos.<\/span><\/p>\n<p><span style=\"font-family:Calibri;font-size:16px\">Modo de espera:<\/span><\/p>\n<p style=\"margin-left:32px\"><span style=\"font-family:Calibri;font-size:16px\">-&nbsp;<\/span><span style=\"font-family:Calibri;font-size:16px\">Durante longos per\u00edodos sem utiliza\u00e7\u00e3o, a fun\u00e7\u00e3o de espera mant\u00e9m as temperaturas seguras do produto na tremonha de mistura e no cilindro de congela\u00e7\u00e3o.<\/span><\/p>\n<p style=\"margin-left:32px\"><span style=\"font-family:Calibri;font-size:16px\">-&nbsp;<\/span><span style=\"font-family:Calibri;font-size:16px\">Fun\u00e7\u00e3o de prote\u00e7\u00e3o da press\u00e3o do sistema de arrefecimento.<\/span><\/p>\n<p><span style=\"font-family:Calibri;font-size:16px\">Fun\u00e7\u00f5es opcionais:<\/span><\/p>\n<p style=\"margin-left:32px\"><span style=\"font-family:Calibri;font-size:16px\">-&nbsp;<\/span><span style=\"font-family:Calibri;font-size:16px\">O tubo de expans\u00e3o de alimenta\u00e7\u00e3o por gravidade fornece a mistura com um excesso de cerca de 20-30% aos cilindros de congela\u00e7\u00e3o.<\/span><\/p>\n<p><span style=\"font-family:Calibri;font-size:16px\">O contador permite ao operador visualizar o n\u00famero de por\u00e7\u00f5es distribu\u00eddas.<\/span><\/p>\n<p style=\"line-height: 1.75em\">&nbsp;<\/p>\n<\/div>\n<\/div>\n<\/div>\n<\/div>\n<p>&nbsp;<\/p>\n<div class=\"text-left d-tem09-title d-interval\" data-detail=\"wrap\">\n<div class=\"title-header\">\n<h2><strong><span style=\"font-family: arial, helvetica, sans-serif;font-size: 24px\"><a name=\"PRODUCT ADVANTAGE\"><\/a>VANTAGEM DO PRODUTO<\/span><\/strong><\/h2>\n<div class=\"subtitle\"><span>Al\u00e9m disso, engenheiros altamente qualificados, tecn\u00f3logos competentes e pessoal experiente contribuem muito para o desenvolvimento da empresa.<\/span><\/div>\n<\/div>\n<\/div>\n<p style=\"text-align:center\"><\/p>\n<p><img decoding=\"async\" src=\"https:\/\/www.hommy.com\/wp-content\/uploads\/15585058853778.png\" alt=\"produto-Hommy-img\" title=\"\"><\/p>\n<p><strong style=\"font-size: 30px;text-align: center\"><span style=\"font-family: arial, helvetica, sans-serif;font-size: 24px\"><br \/><\/span><\/strong><\/p>\n<p><strong style=\"font-size: 30px;text-align: center\"><span style=\"font-family: arial, helvetica, sans-serif;font-size: 24px\">Congelador de sorvetes de 2+1 sabores<\/span><\/strong><\/p>\n<div class=\"subtitle\">\n<p style=\"line-height: 2em\"><strong><span><\/span><\/strong>A m\u00e1quina tem no seu interior dois sistemas de controlo independentes, pode usar uma m\u00e1quina para fazer dois tipos de produtos: gelado soft e iogurte congelado.<\/p>\n<p>- Indicador do n\u00edvel de mistura e alarme. Quando a luz de falta de mistura pisca, a m\u00e1quina desliga-se automaticamente para evitar danos.<\/p>\n<p>Modo de espera:<\/p>\n<p>- Fun\u00e7\u00e3o de prote\u00e7\u00e3o da press\u00e3o do sistema de arrefecimento.&nbsp;<\/p>\n<p>- F\u00e1cil de utilizar<\/p>\n<h2 style=\"font-family: sans-serif\">Fazer <a style=\"color:blue\" href=\"\/pt\/\">m\u00e1quina de gelados<\/a>s fazer um servi\u00e7o suave?<\/h2>\n<p style=\"margin-top: 5px;margin-bottom: 5px;font-family: sans-serif;font-size: 16px\">Uma m\u00e1quina de gelados faz gelados cremosos? Vou comprar uma m\u00e1quina de gelados de creme e queria saber se h\u00e1 receitas de creme que eu possa fazer com ela. Estou a planear fazer gelados de 1, 2 e 4 copos e quero saber se s\u00e3o f\u00e1ceis de fazer com esta m\u00e1quina e se a m\u00e1quina cria uma consist\u00eancia consistente. Muito obrigada!<\/p>\n<p style=\"margin-top: 5px;margin-bottom: 5px;font-family: sans-serif;font-size: 16px\"><\/p>\n<h2 style=\"font-family: sans-serif\">Quanto custa um <a style=\"color:blue\" href=\"https:\/\/www.hommy.com\/pt\/maquina-de-gelado-soft\/\">m\u00e1quina de gelado soft<\/a>?<\/h2>\n<p style=\"margin-top: 5px;margin-bottom: 5px;font-family: sans-serif;font-size: 16px\">O termo <a style=\"color:blue\" href=\"\/pt\/\">m\u00e1quina de gelados<\/a> refere-se a aparelhos de cozinha que separam o gelo do l\u00edquido de uma forma semelhante aos tabuleiros para cubos de gelo. \u00c0 medida que o gelo come\u00e7a a derreter no l\u00edquido da sua m\u00e1quina de gelados, a \u00e1gua congela rapidamente, pelo que o gelado pode ser feito em apenas alguns minutos. A quantidade de gelo necess\u00e1ria para fazer o gelado depende da rapidez com que pretende que o gelado congele e descongele.<\/p>\n<p style=\"margin-top: 5px;margin-bottom: 5px;font-family: sans-serif;font-size: 16px\"><\/p>\n<h2 style=\"font-family: sans-serif\">Quanto tempo dura o gelado soft numa m\u00e1quina?<\/h2>\n<p style=\"margin-top: 5px;margin-bottom: 5px;font-family: sans-serif;font-size: 16px\">Li que s\u00f3 dura cerca de uma hora e que depois \u00e9 melhor deitar fora o gelado soft serve para uma nova fornada. <a style=\"color:blue\" href=\"https:\/\/www.hommy.com\/pt\/maquina-de-gelados\/\">m\u00e1quina de servir refrigerantes<\/a> O tempo que demora a fazer gelado \u00e9 em grande parte ditado pela temperatura do congelador. Uma vez que est\u00e1 a utilizar uma m\u00e1quina de servir gelado, o tempo para fazer um lote de gelado com uma m\u00e1quina de servir gelado \u00e9 determinado pelo tempo que a m\u00e1quina de servir gelado demora a fazer o gelado.<\/p>\n<\/div>\n<\/div><\/div>","protected":false},"excerpt":{"rendered":"<p>&nbsp; Soft Serve Machines Soft Serve Machines|Features|PRODUCT ADVANTAGE|2+1 flavor Soft Serve Freezer To cater to the needs of the market, we are making superior quality soft serve ice cream machine that has an advanced technology with innovative components. Moreover, this machine has been designed by using advanced technology that makes it more efficient and energy-saving. [&hellip;]<\/p>\n","protected":false},"featured_media":564,"comment_status":"open","ping_status":"open","template":"","meta":{"_swt_meta_header_display":false,"_swt_meta_footer_display":false,"_swt_meta_site_title_display":false,"_swt_meta_sticky_header":false,"_swt_meta_transparent_header":false},"product_brand":[],"product_cat":[77,78],"product_tag":[],"class_list":{"0":"post-566","1":"product","2":"type-product","3":"status-publish","4":"has-post-thumbnail","6":"product_cat-ice-cream-machine","7":"product_cat-soft-ice-cream-machine","9":"first","10":"instock","11":"shipping-taxable","12":"product-type-simple"},"_links":{"self":[{"href":"https:\/\/www.hommy.com\/pt\/wp-json\/wp\/v2\/product\/566","targetHints":{"allow":["GET"]}}],"collection":[{"href":"https:\/\/www.hommy.com\/pt\/wp-json\/wp\/v2\/product"}],"about":[{"href":"https:\/\/www.hommy.com\/pt\/wp-json\/wp\/v2\/types\/product"}],"replies":[{"embeddable":true,"href":"https:\/\/www.hommy.com\/pt\/wp-json\/wp\/v2\/comments?post=566"}],"wp:featuredmedia":[{"embeddable":true,"href":"https:\/\/www.hommy.com\/pt\/wp-json\/wp\/v2\/media\/564"}],"wp:attachment":[{"href":"https:\/\/www.hommy.com\/pt\/wp-json\/wp\/v2\/media?parent=566"}],"wp:term":[{"taxonomy":"product_brand","embeddable":true,"href":"https:\/\/www.hommy.com\/pt\/wp-json\/wp\/v2\/product_brand?post=566"},{"taxonomy":"product_cat","embeddable":true,"href":"https:\/\/www.hommy.com\/pt\/wp-json\/wp\/v2\/product_cat?post=566"},{"taxonomy":"product_tag","embeddable":true,"href":"https:\/\/www.hommy.com\/pt\/wp-json\/wp\/v2\/product_tag?post=566"}],"curies":[{"name":"wp","href":"https:\/\/api.w.org\/{rel}","templated":true}]}}