{"id":563,"date":"2024-07-02T13:52:44","date_gmt":"2024-07-02T13:52:44","guid":{"rendered":"http:\/\/localhost\/hommywp\/hm-pm-31-industrial-big-ice-block-making-machine-for-sale-factory\/"},"modified":"2025-08-01T09:57:36","modified_gmt":"2025-08-01T09:57:36","slug":"hm-pm-31-maquina-de-fazer-blocos-de-gelo-para-venda","status":"publish","type":"product","link":"https:\/\/www.hommy.com\/pt\/p\/hm-pm-31-maquina-de-fazer-blocos-de-gelo-para-venda\/","title":{"rendered":"Hm-Pm-31 M\u00e1quina de fazer bloco de gelo grande industrial para venda na f\u00e1brica"},"content":{"rendered":"<div>\n<p><\/p>\n<p>&nbsp;&nbsp;&nbsp;&nbsp;<\/p>\n<h2 style=\"text-align: center\"><strong><span style=\"letter-spacing: 0px;font-family: arial, helvetica, sans-serif;font-size: 24px\"><a name=\"Ice block machine\"><\/a>M\u00e1quina de blocos de gelo<\/span><\/strong><\/h2>\n<p style=\"text-align: center\"><a href=\"#Ice block machine\" target=\"_self\" data-lv=\"0\" rel=\"noopener\"><span style=\"font-family: arial, helvetica, sans-serif;font-size: 16px\">M\u00e1quina de blocos de gelo<\/span><\/a><span style=\"font-family: arial, helvetica, sans-serif;font-size: 16px\">|<a href=\"#Product Features\" target=\"_self\" data-lv=\"0\" rel=\"noopener\">Carater\u00edsticas do produto<\/a>|<a href=\"#Product specification\" target=\"_self\" data-lv=\"0\" rel=\"noopener\">Especifica\u00e7\u00e3o do produto<\/a><\/span><\/p>\n<p><\/p>\n<p style=\"text-align: center\">&nbsp; &nbsp;&nbsp;<\/p>\n<p><\/p>\n<p style=\"text-align: left\">Fabricadas com a ajuda dos mais recentes avan\u00e7os tecnol\u00f3gicos, estas m\u00e1quinas s\u00e3o ideais para fazer grandes blocos de gelo de alta qualidade. Somos um nome de renome neste dom\u00ednio, uma vez que as nossas m\u00e1quinas s\u00e3o fabricadas com mat\u00e9rias-primas de alta qualidade. Estas m\u00e1quinas s\u00e3o amplamente utilizadas em v\u00e1rios sectores para a produ\u00e7\u00e3o de blocos de gelo. Oferecemos estas m\u00e1quinas em diferentes tamanhos, capacidades e designs.<\/p>\n<p><\/p>\n<div class=\"d-tem01-graphic tem01-graphic mockup\" data-detail=\"wrap\">\n<div class=\"cont-section clearfix d-clearfix\">\n<div class=\"col-md-6 col-sm-6 col-xs-6\"><\/p>\n<div class=\"graphic_pic animated wow bounceIn\" data-wow-delay=\".7s\">\n<p style=\"text-align:center\"><\/p>\n<p><\/p>\n<p><\/p>\n<p><img decoding=\"async\" src=\"https:\/\/www.hommy.com\/wp-content\/uploads\/16030737187486.jpg\" alt=\"produto-Hommy-img\" title=\"\"><\/p>\n<\/div>\n<\/div>\n<div class=\"col-md-6 col-sm-6 col-xs-6\">\n<div class=\"right-p\">\n<div class=\"h2 heading\">\n<h2><strong><span style=\"font-family: arial, helvetica, sans-serif;font-size: 24px\"><span style=\"font-family: arial, helvetica, sans-serif;letter-spacing: 0px\"><a name=\"Product Features\"><\/a>Produto <\/span><span style=\"font-family: arial, helvetica, sans-serif\">Carater\u00edsticas<\/span><\/span><\/strong><\/h2>\n<\/div>\n<div class=\"description\">\n<p><span style=\"font-size: 16px;font-family: arial, helvetica, sans-serif\">1. a m\u00e1quina \u00e9 constru\u00edda com apar\u00eancia luxuosa e f\u00e1cil opera\u00e7\u00e3o e baixo custo de manuten\u00e7\u00e3o.<\/span><\/p>\n<p><span style=\"font-family: arial, helvetica, sans-serif\"><span style=\"font-family: \u5b8b\u4f53;font-size: 16px\">2.<\/span><span style=\"font-family: Calibri;font-size: 16px\">O material interno do tanque \u00e9 feito de a\u00e7o inoxid\u00e1vel puro que pode resistir \u00e0 eros\u00e3o do \u00e1cido clor\u00eddrico.<\/span><\/span><\/p>\n<p><span style=\"font-family: arial, helvetica, sans-serif\"><span style=\"font-family: \u5b8b\u4f53;font-size: 16px\">3.<\/span><span style=\"font-family: Calibri;font-size: 16px\">O funcionamento \u00e9 f\u00e1cil.<\/span><\/span><\/p>\n<p><span style=\"font-family: arial, helvetica, sans-serif\"><span style=\"font-family: \u5b8b\u4f53;font-size: 16px\">4.<\/span><span style=\"font-family: Calibri;font-size: 16px\">Cobertura \u00e0 prova de ar e manuten\u00e7\u00e3o da utiliza\u00e7\u00e3o do material durante muito tempo.<\/span><\/span><\/p>\n<p><span style=\"font-family: arial, helvetica, sans-serif\"><span style=\"font-family: \u5b8b\u4f53;font-size: 16px\">5.<\/span><span style=\"font-family: Calibri;font-size: 16px\">Baixos investimentos de capital com produ\u00e7\u00e3o m\u00e1xima<\/span><\/span><\/p>\n<p><span style=\"font-family: arial, helvetica, sans-serif\"><span style=\"font-family: \u5b8b\u4f53;font-size: 16px\">6.<\/span><span style=\"font-family: Calibri;font-size: 16px\">Lucrar com a \u00e1gua, um potencial de lucro incr\u00edvel.<\/span><\/span><\/p>\n<p><span style=\"font-family: arial, helvetica, sans-serif\"><span style=\"font-family: \u5b8b\u4f53;font-size: 16px\">7.<\/span><span style=\"font-family: Calibri;font-size: 16px\">Capacidades oferecidas: 1ton\/24H , 2 ton\/24H , 3 ton\/24H , 4 ton\/24H , 5 ton\/24H .<\/span><\/span><\/p>\n<p><span style=\"font-family: arial, helvetica, sans-serif\"><span style=\"font-family: \u5b8b\u4f53;font-size: 16px\">8.<\/span><span style=\"font-family: Calibri;font-size: 16px\">Ice weight: 5kgs(130X70X630mm),10kgs(260X70X630mm),15kgs(210X100X830mm),20kgs(210X120X830mm),<\/span><\/span><\/p>\n<p style=\"text-indent:32px\"><span style=\"font-size: 16px;font-family: arial, helvetica, sans-serif\">25kgs(280X120X830mm)<\/span><\/p>\n<p><span style=\"font-family: arial, helvetica, sans-serif\"><span style=\"font-family: \u5b8b\u4f53;font-size: 16px\">9.<\/span><span style=\"font-family: Calibri;font-size: 16px\">N\u00e3o h\u00e1 necessidade de trabalhadores qualificados<\/span><\/span><\/p>\n<p><span style=\"font-family: arial, helvetica, sans-serif\"><span style=\"font-family: \u5b8b\u4f53;font-size: 16px\">10.<\/span><span style=\"font-family: Calibri;font-size: 16px\">Elevada durabilidade, manuten\u00e7\u00e3o m\u00ednima<\/span><\/span><\/p>\n<p><span style=\"font-family: arial, helvetica, sans-serif\"><span style=\"font-family: \u5b8b\u4f53;font-size: 16px\">11. <\/span><span style=\"font-family: Calibri;font-size: 16px\">Se a m\u00e1quina funcionar com sistema de arrefecimento a \u00e1gua, ter\u00e1 de instalar a bomba e a torre de arrefecimento em conjunto.<\/span><\/span><\/p>\n<\/div>\n<\/div>\n<p>&nbsp; &nbsp; &nbsp; &nbsp; &nbsp; &nbsp;<\/p><\/div>\n<\/div>\n<\/div>\n<h2><span style=\"font-family: arial, helvetica, sans-serif;font-size: 24px\"><strong><span style=\"font-family: arial, helvetica, sans-serif;letter-spacing: 0px\"><a name=\"Product specification\"><\/a>Especifica\u00e7\u00e3o do produto<\/span><\/strong><\/span><\/h2>\n<p><span style=\"font-family: arial, helvetica, sans-serif;font-size: 24px\"><strong><span style=\"font-family: arial, helvetica, sans-serif;letter-spacing: 0px\"><br \/><\/span><\/strong><\/span><\/p>\n<p><span style=\"font-family:\u5b8b\u4f53;letter-spacing:0;font-size:48px\"><img loading=\"lazy\" decoding=\"async\" src=\"https:\/\/www.hommy.com\/wp-content\/uploads\/16030736305566.png\" title=\"\" alt=\"produto-Hommy-img\" width=\"1000\" height=\"424\" border=\"0\" vspace=\"0\" style=\"width: 1000px;height: 424px\"><\/span><\/p>\n<p><\/p>\n<p>Documento\uff1a<img decoding=\"async\" src=\"http:\/\/admin.allweyes.com\/templates\/admin\/default\/assets\/library\/ueditor\/dialogs\/attachment\/fileTypeImages\/icon_pdf.gif\" style=\"margin-right: 2px\" alt=\"produto-HM-PM-31 m\u00e1quina de fazer blocos de gelo para venda-Hommy-img\" title=\"\"><a href=\"https:\/\/img80002414.weyesimg.com\/uploads\/www.hommy.com\/addon\/16030750603406.pdf\" title=\"16030750603406.pdf\" style=\"font-size: 12px\">16030750603406.pdf<\/a><\/p>\n<h2>As m\u00e1quinas de \u00e1gua d\u00e3o dinheiro?<\/h2>\n<p style=\"margin-top: 5px;margin-bottom: 5px\">Se est\u00e1 \u00e0 procura de uma fonte de rendimento que seja sustent\u00e1vel e n\u00e3o exija muito tempo ou esfor\u00e7o, ent\u00e3o a resposta \u00e9 sim! De facto, pode ganhar dinheiro com uma m\u00e1quina de \u00e1gua e eu vou mostrar-lhe como.<\/p>\n<p style=\"margin-top: 5px;margin-bottom: 5px\">\u00c9 algo em que a maior parte das pessoas n\u00e3o pensa, mas as m\u00e1quinas de \u00e1gua (tamb\u00e9m conhecidas como bombas submers\u00edveis) podem, de facto, fazer dinheiro para si.<\/p>\n<p style=\"margin-top: 5px;margin-bottom: 5px\"><\/p>\n<h2>Os blocos de gelo s\u00e3o melhores do que os cubos de gelo?<\/h2>\n<p style=\"margin-top: 5px;margin-bottom: 5px\">Os cubos de gelo s\u00e3o pr\u00e1ticos e existem numa grande variedade de tamanhos, mas n\u00e3o se comparam aos blocos de gelo, que s\u00e3o mais pr\u00e1ticos e existem em mais variedades. Os blocos de gelo tamb\u00e9m est\u00e3o dispon\u00edveis numa grande variedade de tamanhos e formas. Os blocos de gelo s\u00e3o a escolha mais popular entre os consumidores, e por uma boa raz\u00e3o: s\u00e3o pr\u00e1ticos, s\u00e3o bons para entreter os convidados e s\u00e3o f\u00e1ceis de embalar e transportar. Os blocos de gelo tamb\u00e9m s\u00e3o populares para fazer cocktails.<\/p>\n<p style=\"margin-top: 5px;margin-bottom: 5px\"><\/p>\n<h2>O fabrico de gelo \u00e9 um bom neg\u00f3cio?<\/h2>\n<p style=\"margin-top: 5px;margin-bottom: 5px\">Fa\u00e7o isto h\u00e1 muitos anos e devo dizer que nunca ganhei dinheiro com isto. Tive alguns anos bons, mas nunca um ano \u00f3timo. Estou apenas a tentar perceber se vale a pena gastar tempo, dinheiro e esfor\u00e7o para continuar a faz\u00ea-lo. Vivo no centro-oeste. No inverno, temos muita neve. Normalmente tenho o congelador cheio de gelo para quando falta a eletricidade. Acho que vendo cerca de 25-30 p\u00e9s c\u00fabicos por dia<\/p>\n<\/div><\/div>","protected":false},"excerpt":{"rendered":"<p>&nbsp;&nbsp;&nbsp;&nbsp; Ice block machine Ice block machine|Product Features|Product specification &nbsp; &nbsp;&nbsp; Manufactured with the aid of latest technological advancements, these machines are ideal for making high quality big block ice. We are a reputed name in this domain as our machines are manufactured using high quality raw material. We offer the products at industry leading [&hellip;]<\/p>\n","protected":false},"featured_media":561,"comment_status":"open","ping_status":"open","template":"","meta":{"_swt_meta_header_display":false,"_swt_meta_footer_display":false,"_swt_meta_site_title_display":false,"_swt_meta_sticky_header":false,"_swt_meta_transparent_header":false},"product_brand":[],"product_cat":[76],"product_tag":[],"class_list":{"0":"post-563","1":"product","2":"type-product","3":"status-publish","4":"has-post-thumbnail","6":"product_cat-ice-block-machine","8":"first","9":"instock","10":"shipping-taxable","11":"product-type-simple"},"_links":{"self":[{"href":"https:\/\/www.hommy.com\/pt\/wp-json\/wp\/v2\/product\/563","targetHints":{"allow":["GET"]}}],"collection":[{"href":"https:\/\/www.hommy.com\/pt\/wp-json\/wp\/v2\/product"}],"about":[{"href":"https:\/\/www.hommy.com\/pt\/wp-json\/wp\/v2\/types\/product"}],"replies":[{"embeddable":true,"href":"https:\/\/www.hommy.com\/pt\/wp-json\/wp\/v2\/comments?post=563"}],"wp:featuredmedia":[{"embeddable":true,"href":"https:\/\/www.hommy.com\/pt\/wp-json\/wp\/v2\/media\/561"}],"wp:attachment":[{"href":"https:\/\/www.hommy.com\/pt\/wp-json\/wp\/v2\/media?parent=563"}],"wp:term":[{"taxonomy":"product_brand","embeddable":true,"href":"https:\/\/www.hommy.com\/pt\/wp-json\/wp\/v2\/product_brand?post=563"},{"taxonomy":"product_cat","embeddable":true,"href":"https:\/\/www.hommy.com\/pt\/wp-json\/wp\/v2\/product_cat?post=563"},{"taxonomy":"product_tag","embeddable":true,"href":"https:\/\/www.hommy.com\/pt\/wp-json\/wp\/v2\/product_tag?post=563"}],"curies":[{"name":"wp","href":"https:\/\/api.w.org\/{rel}","templated":true}]}}