{"id":560,"date":"2024-07-02T13:52:40","date_gmt":"2024-07-02T13:52:40","guid":{"rendered":"http:\/\/localhost\/hommywp\/hm-pm-62-commercial-block-ice-maker-equipment-supplier-4tons-24h\/"},"modified":"2025-08-01T09:57:36","modified_gmt":"2025-08-01T09:57:36","slug":"maquina-de-fazer-blocos-de-gelo-para-venda","status":"publish","type":"product","link":"https:\/\/www.hommy.com\/pt\/p\/maquina-de-fazer-blocos-de-gelo-para-venda\/","title":{"rendered":"Hm-Pm-62 Bloco de Gelo Comercial Equipamento Fornecedor 4tons\/24h"},"content":{"rendered":"<div>\n<p><\/p>\n<h2 style=\", Helvetica, Arial, sans-serif;text-align: center\"><strong><span style=\"letter-spacing: 0px;font-family: arial, helvetica, sans-serif;font-size: 24px\"><a name=\"Block ice machine\"><\/a>M\u00e1quina de blocos de gelo<\/span><\/strong><\/h2>\n<p style=\"text-align: center\"><a href=\"#Block ice machine\" target=\"_self\" data-lv=\"0\" rel=\"noopener\"><span style=\"font-size: 18px;font-family: arial, helvetica, sans-serif\">M\u00e1quina de blocos de gelo<\/span><\/a><span style=\"font-size: 18px;font-family: arial, helvetica, sans-serif\">|<a href=\"#Product Features\" target=\"_self\" data-lv=\"0\" rel=\"noopener\">Carater\u00edsticas do produto<\/a>|<a href=\"#PRODUCT SPECIFICATION\" target=\"_self\" data-lv=\"0\" rel=\"noopener\">ESPECIFICA\u00c7\u00c3O DO PRODUTO<\/a><a href=\"#PRODUCT SPECIFICATION\" target=\"_self\" data-lv=\"0\" rel=\"noopener\"><\/a><\/span><\/p>\n<p><\/p>\n<p><\/p>\n<p style=\"text-align: center\">\n<p>N\u00f3s somos um renomado fabricante, fornecedor e exportador de m\u00e1quina de bloco de gelo. Este bloco de gelo comercial \u00e9 usado para fazer gelo na \u00e1rea comercial. Esta m\u00e1quina tem a capacidade de produzir uma grande quantidade de gelo em menos tempo. Al\u00e9m disso, esta m\u00e1quina tem um design eficaz e avan\u00e7ado. Esta m\u00e1quina de gelo est\u00e1 dispon\u00edvel em diferentes especifica\u00e7\u00f5es.<\/p>\n<p><\/p>\n<p>Estamos empenhados em oferecer uma excelente qualidade de m\u00e1quina de bloco de gelo comercial aos nossos valiosos clientes. Somos uma empresa orientada para a qualidade que se concentra na qualidade dos nossos produtos e tamb\u00e9m na qualidade dos servi\u00e7os que prestamos aos nossos clientes.<\/p>\n<p style=\"text-align: center\">&nbsp;<\/p>\n<p style=\"text-align: center\">&nbsp;<\/p>\n<div class=\"d-tem11-graphic tem11-graphic mockup\" data-detail=\"wrap\">\n<div class=\"tab_row\">\n<div class=\"img\" style=\"width: 50%\">\n<p style=\"text-align:center\"><img loading=\"lazy\" decoding=\"async\" title=\"\" alt=\"produto-HM-PM-62 m\u00e1quina de gelo em bloco-Hommy-img\" src=\"https:\/\/www.hommy.com\/wp-content\/uploads\/16030686509068.jpg\" width=\"480\" height=\"561\" border=\"0\" vspace=\"0\" style=\"width: 480px;height: 561px\"><\/p>\n<\/div>\n<div class=\"text_box\" style=\"width: 50%\">\n<div class=\"txt\">\n<div class=\"title\">\n<h2><strong><span style=\"font-family: arial, helvetica, sans-serif;font-size: 24px\"><a name=\"Product Features\"><\/a>Carater\u00edsticas do produto<\/span><\/strong>&nbsp;<\/h2>\n<\/div>\n<p><span style=\"font-family: arial, helvetica, sans-serif\"><span style=\"font-size: 16px\">1.<\/span><span style=\"font-size: 16px\">A m\u00e1quina \u00e9 constru\u00edda com uma apar\u00eancia luxuosa e f\u00e1cil opera\u00e7\u00e3o e baixo custo de manuten\u00e7\u00e3o.<\/span><\/span><\/p>\n<p><span style=\"font-family: arial, helvetica, sans-serif\"><span style=\"font-family: \u5b8b\u4f53;font-size: 16px\">2.<\/span><span style=\"font-family: Calibri;font-size: 16px\">O material interno do tanque \u00e9 feito de a\u00e7o inoxid\u00e1vel puro que pode resistir \u00e0 eros\u00e3o do \u00e1cido clor\u00eddrico.<\/span><\/span><\/p>\n<p><span style=\"font-family: arial, helvetica, sans-serif\"><span style=\"font-family: \u5b8b\u4f53;font-size: 16px\">3.<\/span><span style=\"font-family: Calibri;font-size: 16px\">O funcionamento \u00e9 f\u00e1cil.<\/span><\/span><\/p>\n<p><span style=\"font-family: arial, helvetica, sans-serif\"><span style=\"font-family: \u5b8b\u4f53;font-size: 16px\">4.<\/span><span style=\"font-family: Calibri;font-size: 16px\">Cobertura \u00e0 prova de ar e manuten\u00e7\u00e3o da utiliza\u00e7\u00e3o do material durante muito tempo.<\/span><\/span><\/p>\n<p><span style=\"font-family: arial, helvetica, sans-serif\"><span style=\"font-family: \u5b8b\u4f53;font-size: 16px\">5.<\/span><span style=\"font-family: Calibri;font-size: 16px\">Baixos investimentos de capital com produ\u00e7\u00e3o m\u00e1xima<\/span><\/span><\/p>\n<p><span style=\"font-family: arial, helvetica, sans-serif\"><span style=\"font-family: \u5b8b\u4f53;font-size: 16px\">6.<\/span><span style=\"font-family: Calibri;font-size: 16px\">Lucrar com a \u00e1gua, um potencial de lucro incr\u00edvel.<\/span><\/span><\/p>\n<p><span style=\"font-family: arial, helvetica, sans-serif\"><span style=\"font-family: \u5b8b\u4f53;font-size: 16px\">7.<\/span><span style=\"font-family: Calibri;font-size: 16px\">Capacidades oferecidas: 1ton\/24H , 2 ton\/24H , 3 ton\/24H , 4 ton\/24H , 5 ton\/24H .<\/span><\/span><\/p>\n<p><span style=\"font-family: arial, helvetica, sans-serif\"><span style=\"font-family: \u5b8b\u4f53;font-size: 16px\">8.<\/span><span style=\"font-family: Calibri;font-size: 16px\">Ice weight: 5kgs(130X70X630mm),10kgs(260X70X630mm),15kgs(210X100X830mm),20kgs(210X120X830mm),<\/span><\/span><\/p>\n<p style=\"text-indent:32px\"><span style=\"font-size: 16px;font-family: arial, helvetica, sans-serif\">25kgs(280X120X830mm)<\/span><\/p>\n<p><span style=\"font-family: arial, helvetica, sans-serif\"><span style=\"font-family: \u5b8b\u4f53;font-size: 16px\">9.<\/span><span style=\"font-family: Calibri;font-size: 16px\">N\u00e3o h\u00e1 necessidade de trabalhadores qualificados<\/span><\/span><\/p>\n<p><span style=\"font-family: arial, helvetica, sans-serif\"><span style=\"font-family: \u5b8b\u4f53;font-size: 16px\">10.<\/span><span style=\"font-family: Calibri;font-size: 16px\">Elevada durabilidade, manuten\u00e7\u00e3o m\u00ednima<\/span><\/span><\/p>\n<p><span style=\"font-family: arial, helvetica, sans-serif\"><span style=\"font-family: \u5b8b\u4f53;font-size: 16px\">11. <\/span><span style=\"font-family: Calibri;font-size: 16px\">Se a m\u00e1quina funcionar com sistema de arrefecimento a \u00e1gua, ter\u00e1 de instalar a bomba e a torre de arrefecimento em conjunto.<\/span><\/span><\/p>\n<\/div>\n<\/div>\n<\/div>\n<\/div>\n<p>&nbsp;<\/p>\n<div class=\"text-left d-tem09-title d-interval\" data-detail=\"wrap\">\n<div class=\"title-header\">\n<h2><strong><span style=\"font-size: 24px;font-family: arial, helvetica, sans-serif\"><a name=\"PRODUCT SPECIFICATION\"><\/a>ESPECIFICA\u00c7\u00d5ES DO PRODUTO<\/span><\/strong><strong><span style=\"font-size: 24px;font-family: arial, helvetica, sans-serif\"><\/span><\/strong><strong style=\"color: inherit;font-family: inherit\"><span style=\"font-size: 24px;font-family: arial, helvetica, sans-serif\">N<\/span><\/strong><\/h2>\n<div class=\"subtitle\" style=\"text-align: center\"><img loading=\"lazy\" decoding=\"async\" src=\"https:\/\/www.hommy.com\/wp-content\/uploads\/16030689896844.png\" title=\"\" alt=\"produto-Hommy-img\" width=\"1000\" height=\"424\" border=\"0\" vspace=\"0\" style=\"width: 1000px;height: 424px\"><\/div>\n<\/div>\n<\/div>\n<p>&nbsp;<\/p>\n<p><span><br \/><\/span><\/p>\n<p><span>Documento\uff1a<\/span><img decoding=\"async\" src=\"https:\/\/www.hommy.com\/wp-content\/uploads\/icon_pdf-26.gif\" style=\"margin-right: 2px\" alt=\"produto-Hommy-img\" title=\"\"><a href=\"https:\/\/img80002414.weyesimg.com\/uploads\/www.hommy.com\/addon\/16030709006453.pdf\" title=\"16030709006453.pdf\" style=\"font-size: 12px\">16030709006453.pdf<\/a><\/p>\n<h2>Como \u00e9 que se fazem grandes quantidades de cubos de gelo?<\/h2>\n<p style=\"margin-top: 5px;margin-bottom: 5px\"><\/p>\n<p style=\"margin-top: 5px;margin-bottom: 5px\">No passado, as pessoas faziam cubos de gelo colocando \u00e1gua num saco de pl\u00e1stico e colocando o saco no frigor\u00edfico. No entanto, este m\u00e9todo \u00e9 perigoso porque os sacos de pl\u00e1stico podem explodir no frigor\u00edfico.<\/p>\n<p style=\"margin-top: 5px;margin-bottom: 5px\"><\/p>\n<p style=\"margin-top: 5px;margin-bottom: 5px\"><\/p>\n<p style=\"margin-top: 5px;margin-bottom: 5px\">Estou a planear construir um barrac\u00e3o isolado de 8' x 4' x 4'. Tenho uma garagem de 4' x 8' x 8' que vou usar para um projeto exterior, mas preciso de usar o espa\u00e7o extra no meu barrac\u00e3o para arruma\u00e7\u00e3o. Estou a pensar comprar uma placa de espuma barata em forma de U e cobri-la com fibra de vidro. O isolamento deve impedir a entrada da maior parte do frio, mas pergunto-me se a fibra de vidro impedir\u00e1 a entrada de humidade. Tamb\u00e9m vou colocar a fibra de vidro no interior. A minha principal preocupa\u00e7\u00e3o \u00e9 se a fibra de vidro ir\u00e1 reter a humidade e impedi-la de entrar.<\/p>\n<p style=\"margin-top: 5px;margin-bottom: 5px\"><\/p>\n<h2>Porque \u00e9 que as m\u00e1quinas de fazer gelo se partem sempre?<\/h2>\n<p style=\"margin-top: 5px;margin-bottom: 5px\"><\/p>\n<p style=\"margin-top: 5px;margin-bottom: 5px\">Todos sabemos que os fabricantes de gelo n\u00e3o s\u00e3o perfeitos. Podem avariar-se e, mesmo com as m\u00e1quinas de gelo mais bem concebidas e fabricadas, haver\u00e1 gelo que n\u00e3o passar\u00e1 pela m\u00e1quina de gelo. Mas, porque \u00e9 que as m\u00e1quinas de gelo se partem?<\/p>\n<p style=\"margin-top: 5px;margin-bottom: 5px\"><\/p>\n<p style=\"margin-top: 5px;margin-bottom: 5px\">Recentemente, tivemos um problema com a nossa m\u00e1quina de fazer gelo. Partiu-se. O que n\u00e3o sab\u00edamos \u00e9 que se ia partir. Est\u00e1vamos a vender a nossa casa e n\u00e3o t\u00ednhamos desligado a \u00e1gua. Quando nos apercebemos que t\u00ednhamos uma m\u00e1quina de gelo avariada, telefon\u00e1mos ao nosso empreiteiro local. O empreiteiro veio c\u00e1 e fez alguns testes. Determinou que<\/p>\n<\/div><\/div>","protected":false},"excerpt":{"rendered":"<p>Block ice machine Block ice machine|Product Features|PRODUCT SPECIFICATION We are a renowned manufacturer, supplier and exporter of the block ice maker. This commercial block ice maker is used for making ice in the commercial area. This machine has the ability to produce large quantity of ice in less time. Moreover, this machine has an effective [&hellip;]<\/p>\n","protected":false},"featured_media":557,"comment_status":"open","ping_status":"open","template":"","meta":{"_swt_meta_header_display":false,"_swt_meta_footer_display":false,"_swt_meta_site_title_display":false,"_swt_meta_sticky_header":false,"_swt_meta_transparent_header":false},"product_brand":[],"product_cat":[76],"product_tag":[],"class_list":{"0":"post-560","1":"product","2":"type-product","3":"status-publish","4":"has-post-thumbnail","6":"product_cat-ice-block-machine","8":"first","9":"instock","10":"shipping-taxable","11":"product-type-simple"},"_links":{"self":[{"href":"https:\/\/www.hommy.com\/pt\/wp-json\/wp\/v2\/product\/560","targetHints":{"allow":["GET"]}}],"collection":[{"href":"https:\/\/www.hommy.com\/pt\/wp-json\/wp\/v2\/product"}],"about":[{"href":"https:\/\/www.hommy.com\/pt\/wp-json\/wp\/v2\/types\/product"}],"replies":[{"embeddable":true,"href":"https:\/\/www.hommy.com\/pt\/wp-json\/wp\/v2\/comments?post=560"}],"wp:featuredmedia":[{"embeddable":true,"href":"https:\/\/www.hommy.com\/pt\/wp-json\/wp\/v2\/media\/557"}],"wp:attachment":[{"href":"https:\/\/www.hommy.com\/pt\/wp-json\/wp\/v2\/media?parent=560"}],"wp:term":[{"taxonomy":"product_brand","embeddable":true,"href":"https:\/\/www.hommy.com\/pt\/wp-json\/wp\/v2\/product_brand?post=560"},{"taxonomy":"product_cat","embeddable":true,"href":"https:\/\/www.hommy.com\/pt\/wp-json\/wp\/v2\/product_cat?post=560"},{"taxonomy":"product_tag","embeddable":true,"href":"https:\/\/www.hommy.com\/pt\/wp-json\/wp\/v2\/product_tag?post=560"}],"curies":[{"name":"wp","href":"https:\/\/api.w.org\/{rel}","templated":true}]}}