{"id":556,"date":"2024-07-02T13:52:37","date_gmt":"2024-07-02T13:52:37","guid":{"rendered":"http:\/\/localhost\/hommywp\/hm-pm-60-ice-block-making-machine-sale-for-africa-5tons-24h\/"},"modified":"2025-08-01T09:57:36","modified_gmt":"2025-08-01T09:57:36","slug":"hm-pm-60-venda-de-maquina-de-fazer-blocos-de-gelo-para-africa","status":"publish","type":"product","link":"https:\/\/www.hommy.com\/pt\/p\/hm-pm-60-venda-de-maquina-de-fazer-blocos-de-gelo-para-africa\/","title":{"rendered":"Hm-Pm-60 M\u00e1quina para Fabrica\u00e7\u00e3o de Blocos de Gelo Venda Para \u00c1frica 5tons\/24h"},"content":{"rendered":"<div>\n<p><\/p>\n<h2 style=\"text-align: center\"><strong><span style=\"letter-spacing: 0px;font-family: arial, helvetica, sans-serif;font-size: 24px\"><a name=\"ice block making machine\"><\/a>m\u00e1quina de fazer blocos de gelo<\/span><\/strong><\/h2>\n<p style=\"text-align: center\"><a href=\"#ice block making machine\" target=\"_self\" data-lv=\"0\" rel=\"noopener\"><span style=\"letter-spacing: 0px;font-family: arial, helvetica, sans-serif;font-size: 16px\">m\u00e1quina de fazer blocos de gelo<\/span><\/a><span style=\"letter-spacing: 0px;font-family: arial, helvetica, sans-serif;font-size: 16px\">|<a href=\"#Product Features\" target=\"_self\" data-lv=\"0\" rel=\"noopener\">Carater\u00edsticas do produto<\/a>|<a href=\"#Product specification\" target=\"_self\" data-lv=\"0\" rel=\"noopener\">Especifica\u00e7\u00e3o do produto<\/a><\/span><\/p>\n<p><\/p>\n<p style=\"text-align: center\">&nbsp;&nbsp;&nbsp;&nbsp;<\/p>\n<p>A nossa m\u00e1quina oferecida \u00e9 usada para fazer todos os tamanhos de cubos de gelo para as pessoas. Al\u00e9m disso, a m\u00e1quina oferecida \u00e9 desenvolvida usando mat\u00e9ria-prima de qualidade e t\u00e9cnicas avan\u00e7adas. Os nossos clientes podem utilizar a m\u00e1quina em diferentes configura\u00e7\u00f5es para satisfazer as suas necessidades espec\u00edficas.<\/p>\n<div class=\"d-tem01-graphic tem01-graphic mockup\" data-detail=\"wrap\">\n<div class=\"cont-section clearfix d-clearfix\">\n<div class=\"col-md-6 col-sm-6 col-xs-6\"><\/p>\n<div class=\"graphic_pic animated wow bounceIn\" data-wow-delay=\".7s\">\n<p style=\"text-align:center\"><img loading=\"lazy\" decoding=\"async\" src=\"https:\/\/www.hommy.com\/wp-content\/uploads\/16030866173518.jpg\" alt=\"produto-Hommy-img\" title=\"\" width=\"500\" height=\"500\" border=\"0\" vspace=\"0\" style=\"width: 500px;height: 500px\"><\/p>\n<\/div>\n<\/div>\n<div class=\"col-md-6 col-sm-6 col-xs-6\">\n<div class=\"right-p\">\n<div class=\"h2 heading\">\n<h2><strong><span style=\"font-family: arial, helvetica, sans-serif;font-size: 24px\"><span style=\"font-family: arial, helvetica, sans-serif;letter-spacing: 0px\"><a name=\"Product Features\"><\/a>Produto <\/span><span style=\"font-family: arial, helvetica, sans-serif\">Carater\u00edsticas<\/span><\/span><\/strong><\/h2>\n<\/div>\n<div class=\"description\">\n<p><span style=\"font-family: arial, helvetica, sans-serif;font-size: 16px\">1. a m\u00e1quina \u00e9 constru\u00edda com apar\u00eancia luxuosa e f\u00e1cil opera\u00e7\u00e3o e baixo custo de manuten\u00e7\u00e3o.<\/span><\/p>\n<p><span style=\"font-family: arial, helvetica, sans-serif\"><span style=\"font-family: \u5b8b\u4f53;font-size: 16px\">2.<\/span><span style=\"font-family: Calibri;font-size: 16px\">O material interno do tanque \u00e9 feito de a\u00e7o inoxid\u00e1vel puro que pode resistir \u00e0 eros\u00e3o do \u00e1cido clor\u00eddrico.<\/span><\/span><\/p>\n<p><span style=\"font-family: arial, helvetica, sans-serif\"><span style=\"font-family: \u5b8b\u4f53;font-size: 16px\">3.<\/span><span style=\"font-family: Calibri;font-size: 16px\">O funcionamento \u00e9 f\u00e1cil.<\/span><\/span><\/p>\n<p><span style=\"font-family: arial, helvetica, sans-serif\"><span style=\"font-family: \u5b8b\u4f53;font-size: 16px\">4.<\/span><span style=\"font-family: Calibri;font-size: 16px\">Cobertura \u00e0 prova de ar e manuten\u00e7\u00e3o da utiliza\u00e7\u00e3o do material durante muito tempo.<\/span><\/span><\/p>\n<p><span style=\"font-family: arial, helvetica, sans-serif\"><span style=\"font-family: \u5b8b\u4f53;font-size: 16px\">5.<\/span><span style=\"font-family: Calibri;font-size: 16px\">Baixos investimentos de capital com produ\u00e7\u00e3o m\u00e1xima<\/span><\/span><\/p>\n<p><span style=\"font-family: arial, helvetica, sans-serif\"><span style=\"font-family: \u5b8b\u4f53;font-size: 16px\">6.<\/span><span style=\"font-family: Calibri;font-size: 16px\">Lucrar com a \u00e1gua, um potencial de lucro incr\u00edvel.<\/span><\/span><\/p>\n<p><span style=\"font-family: arial, helvetica, sans-serif\"><span style=\"font-family: \u5b8b\u4f53;font-size: 16px\">7.<\/span><span style=\"font-family: Calibri;font-size: 16px\">Capacidades oferecidas: 1ton\/24H , 2 ton\/24H , 3 ton\/24H , 4 ton\/24H , 5 ton\/24H .<\/span><\/span><\/p>\n<p><span style=\"font-family: arial, helvetica, sans-serif\"><span style=\"font-family: \u5b8b\u4f53;font-size: 16px\">8.<\/span><span style=\"font-family: Calibri;font-size: 16px\">Ice weight: 5kgs(130X70X630mm),10kgs(260X70X630mm),15kgs(210X100X830mm),20kgs(210X120X830mm),<\/span><\/span><\/p>\n<p style=\"text-indent:32px\"><span style=\"font-size: 16px;font-family: arial, helvetica, sans-serif\">25kgs(280X120X830mm)<\/span><\/p>\n<p><span style=\"font-family: arial, helvetica, sans-serif\"><span style=\"font-family: \u5b8b\u4f53;font-size: 16px\">9.<\/span><span style=\"font-family: Calibri;font-size: 16px\">N\u00e3o h\u00e1 necessidade de trabalhadores qualificados<\/span><\/span><\/p>\n<p><span style=\"font-family: arial, helvetica, sans-serif\"><span style=\"font-family: \u5b8b\u4f53;font-size: 16px\">10.<\/span><span style=\"font-family: Calibri;font-size: 16px\">Elevada durabilidade, manuten\u00e7\u00e3o m\u00ednima<\/span><\/span><\/p>\n<p><span style=\"font-family: arial, helvetica, sans-serif\"><span style=\"font-family: \u5b8b\u4f53;font-size: 16px\">11. <\/span><span style=\"font-family: Calibri;font-size: 16px\">Se a m\u00e1quina funcionar com sistema de arrefecimento a \u00e1gua, ter\u00e1 de instalar a bomba e a torre de arrefecimento em conjunto.<\/span><\/span><\/p>\n<p><span>&nbsp; &nbsp; &nbsp; &nbsp; &nbsp; &nbsp;<\/span><\/p>\n<\/div>\n<\/div>\n<\/div>\n<\/div>\n<\/div>\n<h2><strong><span style=\"letter-spacing: 0px;font-family: arial, helvetica, sans-serif;font-size: 24px\"><a name=\"Product specification\"><\/a>Especifica\u00e7\u00e3o do produto<\/span><\/strong><\/h2>\n<p><img loading=\"lazy\" decoding=\"async\" src=\"https:\/\/www.hommy.com\/wp-content\/uploads\/16030863868315.png\" title=\"\" alt=\"produto-Hommy-img\" width=\"1000\" height=\"424\" border=\"0\" vspace=\"0\" style=\"width: 1000px;height: 424px\"><\/p>\n<p><\/p>\n<p>Documento\uff1a<img decoding=\"async\" src=\"http:\/\/admin.allweyes.com\/templates\/admin\/default\/assets\/library\/ueditor\/dialogs\/attachment\/fileTypeImages\/icon_pdf.gif\" style=\"margin-right: 2px\" alt=\"product-HM-PM-60 venda de m\u00e1quina de fazer blocos de gelo para \u00c1frica-Hommy-img\" title=\"\"><a href=\"https:\/\/img80002414.weyesimg.com\/uploads\/www.hommy.com\/addon\/16030865203721.pdf\" title=\"16030865203721.pdf\" style=\"font-size: 12px\">16030865203721.pdf<\/a><\/p>\n<h2 style=\"font-family: sans-serif\">Os blocos de gelo s\u00e3o melhores do que os cubos de gelo?<\/h2>\n<p style=\"margin-top: 5px;margin-bottom: 5px;font-family: sans-serif;font-size: 16px\">De acordo com um inqu\u00e9rito da Associa\u00e7\u00e3o Nacional de Gelados, os americanos est\u00e3o a optar por blocos de gelo como a sua guloseima de gelado preferida. De facto, a popularidade dos blocos de gelo est\u00e1 a aumentar. O n\u00famero de gelatarias que oferecem este novo sabor aumentou quase 25%. Os blocos de gelo s\u00e3o, na verdade, uma cria\u00e7\u00e3o relativamente recente. No in\u00edcio dos anos 1900, os blocos de gelo eram uma nova guloseima de gelado nos Estados Unidos.&nbsp;<\/p>\n<p style=\"margin-top: 5px;margin-bottom: 5px;font-family: sans-serif;font-size: 16px\"><\/p>\n<h2 style=\"font-family: sans-serif\">O fabrico de gelo \u00e9 um bom neg\u00f3cio?<\/h2>\n<p style=\"margin-top: 5px;margin-bottom: 5px;font-family: sans-serif;font-size: 16px\">Desde a sua cria\u00e7\u00e3o, o gelo tem sido uma parte essencial das nossas vidas. Nos prim\u00f3rdios da ra\u00e7a humana, era utilizado para conservar a carne e outros alimentos. O gelo \u00e9 tamb\u00e9m utilizado para fazer bebidas como o vinho e a cerveja, e para fazer gelados. E depois h\u00e1 os cubos de gelo, que s\u00e3o a fonte da maioria das nossas bebidas e alimentos \u00e0 base de gelo.<\/p>\n<p style=\"margin-top: 5px;margin-bottom: 5px;font-family: sans-serif;font-size: 16px\"><\/p>\n<h2 style=\"font-family: sans-serif\">Qual \u00e9 o melhor isolante para evitar que o gelo derreta?<\/h2>\n<p style=\"margin-top: 5px;margin-bottom: 5px;font-family: sans-serif;font-size: 16px\">O melhor isolante \u00e9 uma combina\u00e7\u00e3o de muitas coisas. Em primeiro lugar, tem de ser um bom isolante t\u00e9rmico, o que significa que resistir\u00e1 ao calor do sol ou de qualquer outro fator. Se tiver uma \u00e1rea pequena que n\u00e3o seja aquecida, pode utilizar madeira para manter o sol afastado.&nbsp;<\/p>\n<\/div><\/div>","protected":false},"excerpt":{"rendered":"<p>ice block making machine ice block making machine|Product Features|Product specification &nbsp;&nbsp;&nbsp;&nbsp; Our offered machine is used to make all sizes of ice cubes for the people. Furthermore, the offered machine is developed using quality raw material and advanced techniques. Our clients can avail the machine from us in different configurations to meet their specific needs. [&hellip;]<\/p>\n","protected":false},"featured_media":554,"comment_status":"open","ping_status":"open","template":"","meta":{"_swt_meta_header_display":false,"_swt_meta_footer_display":false,"_swt_meta_site_title_display":false,"_swt_meta_sticky_header":false,"_swt_meta_transparent_header":false},"product_brand":[],"product_cat":[76],"product_tag":[],"class_list":{"0":"post-556","1":"product","2":"type-product","3":"status-publish","4":"has-post-thumbnail","6":"product_cat-ice-block-machine","8":"first","9":"instock","10":"shipping-taxable","11":"product-type-simple"},"_links":{"self":[{"href":"https:\/\/www.hommy.com\/pt\/wp-json\/wp\/v2\/product\/556","targetHints":{"allow":["GET"]}}],"collection":[{"href":"https:\/\/www.hommy.com\/pt\/wp-json\/wp\/v2\/product"}],"about":[{"href":"https:\/\/www.hommy.com\/pt\/wp-json\/wp\/v2\/types\/product"}],"replies":[{"embeddable":true,"href":"https:\/\/www.hommy.com\/pt\/wp-json\/wp\/v2\/comments?post=556"}],"wp:featuredmedia":[{"embeddable":true,"href":"https:\/\/www.hommy.com\/pt\/wp-json\/wp\/v2\/media\/554"}],"wp:attachment":[{"href":"https:\/\/www.hommy.com\/pt\/wp-json\/wp\/v2\/media?parent=556"}],"wp:term":[{"taxonomy":"product_brand","embeddable":true,"href":"https:\/\/www.hommy.com\/pt\/wp-json\/wp\/v2\/product_brand?post=556"},{"taxonomy":"product_cat","embeddable":true,"href":"https:\/\/www.hommy.com\/pt\/wp-json\/wp\/v2\/product_cat?post=556"},{"taxonomy":"product_tag","embeddable":true,"href":"https:\/\/www.hommy.com\/pt\/wp-json\/wp\/v2\/product_tag?post=556"}],"curies":[{"name":"wp","href":"https:\/\/api.w.org\/{rel}","templated":true}]}}