{"id":553,"date":"2024-07-02T13:52:34","date_gmt":"2024-07-02T13:52:34","guid":{"rendered":"http:\/\/localhost\/hommywp\/hm-pm-63-low-investment-ice-block-maker-maufacturer-direct-cost\/"},"modified":"2025-08-01T09:57:36","modified_gmt":"2025-08-01T09:57:36","slug":"hm-pm-63-maquina-de-fazer-blocos-de-gelo","status":"publish","type":"product","link":"https:\/\/www.hommy.com\/pt\/p\/hm-pm-63-maquina-de-fazer-blocos-de-gelo\/","title":{"rendered":"Hm-Pm-63 Fabricante de blocos de gelo de baixo investimento Custo direto do fabricante"},"content":{"rendered":"<div>\n<h2 style=\"text-align: center\"><span style=\"font-family: arial, helvetica, sans-serif;font-size: 24px\"><strong><span style=\"font-family: arial, helvetica, sans-serif;letter-spacing: 0px\"><br \/><\/span><\/strong><\/span><\/h2>\n<h2 style=\"text-align: center\"><span style=\"font-size: 24px;font-family: arial, helvetica, sans-serif\"><strong><span style=\"letter-spacing: 0px;font-size: 29px\"><a name=\"ice block maker\"><\/a>m\u00e1quina de fazer blocos de gelo<\/span><\/strong><\/span><\/h2>\n<p style=\"text-align: center\"><a href=\"#ice block maker\" target=\"_self\" data-lv=\"0\" rel=\"noopener\"><span style=\"font-family: arial, helvetica, sans-serif;font-size: 16px\"><span style=\"font-family: arial, helvetica, sans-serif;letter-spacing: 0px\"><span style=\"font-family: arial, helvetica, sans-serif;font-size: 16px;text-align: center\">m\u00e1quina de fazer blocos de gelo<\/span><\/span><\/span><\/a><span style=\"font-family: arial, helvetica, sans-serif;font-size: 16px\"><span style=\"font-family: arial, helvetica, sans-serif;letter-spacing: 0px\"><span style=\"font-family: arial, helvetica, sans-serif;font-size: 16px;text-align: center\"><\/span>|<a href=\"#Product Features\" target=\"_self\" data-lv=\"0\" rel=\"noopener\">Carater\u00edsticas do produto<\/a>|<a href=\"#Product specification\" target=\"_self\" data-lv=\"0\" rel=\"noopener\">Especifica\u00e7\u00e3o do produto<\/a><\/span><\/span><\/p>\n<p><\/p>\n<p><\/p>\n<p style=\"text-align: center\">&nbsp;&nbsp;&nbsp;&nbsp;<\/p>\n<p><a style=\"color:blue\" href=\"https:\/\/www.hommy.com\/pt\/maquina-de-blocos-de-gelo\/\">M\u00e1quina de fazer blocos de gelo<\/a> pode ser utilizado numa vasta gama de ind\u00fastrias alimentares e de bebidas, que se apresentam maioritariamente sob a forma de produtos congelados. O Ice Block Maker pode ser utilizado para fazer blocos de gelo ou cubos de gelo para uma vasta gama de bebidas como \u00e1gua, sumo, cerveja, bebidas alco\u00f3licas e refrigerantes.<\/p>\n<p><\/p>\n<p>N\u00f3s somos um dos principais fabricantes e fornecedores de m\u00e1quina de bloco de gelo. Estamos empenhados em oferecer uma ampla gama de M\u00e1quina de bloco de gelo que \u00e9 usado para produzir uma grande quantidade de blocos de gelo ou cubos de gelo.<\/p>\n<p><strong><span style=\"letter-spacing: 0px;font-family: arial, helvetica, sans-serif;font-size: 24px\"><\/span><\/strong><\/p>\n<div class=\"d-tem01-graphic tem01-graphic mockup\" data-detail=\"wrap\">\n<div class=\"cont-section clearfix d-clearfix\">\n<div class=\"col-md-6 col-sm-6 col-xs-6\"><\/p>\n<div class=\"graphic_pic animated wow bounceIn\" data-wow-delay=\".7s\">\n<p style=\"text-align:center\"><img decoding=\"async\" src=\"https:\/\/www.hommy.com\/wp-content\/uploads\/16030880678633.jpg\" alt=\"produto-HM-PM-63 m\u00e1quina de fazer blocos de gelo-Hommy-img\" title=\"\"><\/p>\n<\/div>\n<\/div>\n<div class=\"col-md-6 col-sm-6 col-xs-6\">\n<div class=\"right-p\">\n<div class=\"h2 heading\">\n<h2><strong><span style=\"font-family: arial, helvetica, sans-serif;font-size: 24px\"><span style=\"font-family: arial, helvetica, sans-serif;letter-spacing: 0px\"><a name=\"Product Features\"><\/a>Produto <\/span><span style=\"font-family: arial, helvetica, sans-serif\">Carater\u00edsticas<\/span><\/span><\/strong><\/h2>\n<p><span style=\"font-family: arial, helvetica, sans-serif\"><span style=\"font-size: 16px\">1.<\/span><span style=\"font-size: 16px\">A m\u00e1quina \u00e9 constru\u00edda com uma apar\u00eancia luxuosa e f\u00e1cil opera\u00e7\u00e3o e baixo custo de manuten\u00e7\u00e3o.<\/span><\/span><\/p>\n<p><span style=\"font-family: arial, helvetica, sans-serif\"><span style=\"font-family: \u5b8b\u4f53;font-size: 16px\">2.<\/span><span style=\"font-family: Calibri;font-size: 16px\">O material interno do tanque \u00e9 feito de a\u00e7o inoxid\u00e1vel puro que pode resistir \u00e0 eros\u00e3o do \u00e1cido clor\u00eddrico.<\/span><\/span><\/p>\n<p><span style=\"font-family: arial, helvetica, sans-serif\"><span style=\"font-family: \u5b8b\u4f53;font-size: 16px\">3.<\/span><span style=\"font-family: Calibri;font-size: 16px\">O funcionamento \u00e9 f\u00e1cil.<\/span><\/span><\/p>\n<p><span style=\"font-family: arial, helvetica, sans-serif\"><span style=\"font-family: \u5b8b\u4f53;font-size: 16px\">4.<\/span><span style=\"font-family: Calibri;font-size: 16px\">Cobertura \u00e0 prova de ar e manuten\u00e7\u00e3o da utiliza\u00e7\u00e3o do material durante muito tempo.<\/span><\/span><\/p>\n<p><span style=\"font-family: arial, helvetica, sans-serif\"><span style=\"font-family: \u5b8b\u4f53;font-size: 16px\">5.<\/span><span style=\"font-family: Calibri;font-size: 16px\">Baixos investimentos de capital com produ\u00e7\u00e3o m\u00e1xima<\/span><\/span><\/p>\n<p><span style=\"font-family: arial, helvetica, sans-serif\"><span style=\"font-family: \u5b8b\u4f53;font-size: 16px\">6.<\/span><span style=\"font-family: Calibri;font-size: 16px\">Lucrar com a \u00e1gua, um potencial de lucro incr\u00edvel.<\/span><\/span><\/p>\n<p><span style=\"font-family: arial, helvetica, sans-serif\"><span style=\"font-family: \u5b8b\u4f53;font-size: 16px\">7.<\/span><span style=\"font-family: Calibri;font-size: 16px\">Capacidades oferecidas: 1ton\/24H , 2 ton\/24H , 3 ton\/24H , 4 ton\/24H , 5 ton\/24H .<\/span><\/span><\/p>\n<p><span style=\"font-family: arial, helvetica, sans-serif\"><span style=\"font-family: \u5b8b\u4f53;font-size: 16px\">8.<\/span><span style=\"font-family: Calibri;font-size: 16px\">Ice weight: 5kgs(130X70X630mm),10kgs(260X70X630mm),15kgs(210X100X830mm),20kgs(210X120X830mm),<\/span><\/span><\/p>\n<p style=\"text-indent:32px\"><span style=\"font-size: 16px;font-family: arial, helvetica, sans-serif\">25kgs(280X120X830mm)<\/span><\/p>\n<p><span style=\"font-family: arial, helvetica, sans-serif\"><span style=\"font-family: \u5b8b\u4f53;font-size: 16px\">9.<\/span><span style=\"font-family: Calibri;font-size: 16px\">N\u00e3o h\u00e1 necessidade de trabalhadores qualificados<\/span><\/span><\/p>\n<p><span style=\"font-family: arial, helvetica, sans-serif\"><span style=\"font-family: \u5b8b\u4f53;font-size: 16px\">10.<\/span><span style=\"font-family: Calibri;font-size: 16px\">Elevada durabilidade, manuten\u00e7\u00e3o m\u00ednima<\/span><\/span><\/p>\n<p><span style=\"font-family: arial, helvetica, sans-serif\"><span style=\"font-family: \u5b8b\u4f53;font-size: 16px\">11. <\/span><span style=\"font-family: Calibri;font-size: 16px\">Se a m\u00e1quina funcionar com sistema de arrefecimento a \u00e1gua, ter\u00e1 de instalar a bomba e a torre de arrefecimento em conjunto.<\/span><\/span><\/p>\n<p><span> &nbsp; &nbsp;<\/span><\/div>\n<\/div>\n<\/div>\n<\/div>\n<\/div>\n<h2><strong><span style=\"letter-spacing: 0px;font-family: arial, helvetica, sans-serif;font-size: 24px\"><a name=\"Product specification\"><\/a>Especifica\u00e7\u00e3o do produto<\/span><\/strong><\/h2>\n<p><strong><span style=\"letter-spacing: 0px;font-family: arial, helvetica, sans-serif;font-size: 24px\"><br \/><\/span><\/strong><\/p>\n<p><img loading=\"lazy\" decoding=\"async\" src=\"https:\/\/www.hommy.com\/wp-content\/uploads\/16030880182602.png\" title=\"\" alt=\"produto-Hommy-img\" width=\"1000\" height=\"424\" border=\"0\" vspace=\"0\" style=\"width: 1000px;height: 424px\"><\/p>\n<p><\/p>\n<p><\/p>\n<p>Documento\uff1a<img decoding=\"async\" src=\"https:\/\/www.hommy.com\/wp-content\/uploads\/icon_pdf-25.gif\" style=\"margin-right: 2px\" alt=\"produto-Hommy-img\" title=\"\"><a href=\"https:\/\/img80002414.weyesimg.com\/uploads\/www.hommy.com\/addon\/16030883546016.pdf\" title=\"16030883546016.pdf\" style=\"font-size: 12px\">16030883546016.pdf<\/a><\/p>\n<h2>Quanto custa uma m\u00e1quina de gelo self-service?<\/h2>\n<p style=\"margin-top: 5px;margin-bottom: 5px\"><\/p>\n<p style=\"margin-top: 5px;margin-bottom: 5px\">O custo de uma m\u00e1quina de gelo self-service vai depender de uma s\u00e9rie de factores. N\u00e3o s\u00f3 a m\u00e1quina de gelo ou o dispensador espec\u00edficos s\u00e3o importantes, mas tamb\u00e9m a quantidade de gelo que precisa de fazer por dia e a quantidade de dinheiro que precisa de gastar para equipar as suas instala\u00e7\u00f5es com uma.<\/p>\n<p style=\"margin-top: 5px;margin-bottom: 5px\"><\/p>\n<p style=\"margin-top: 5px;margin-bottom: 5px\">O custo m\u00e9dio para comprar uma m\u00e1quina de gelo self-service para qualquer tipo de aplica\u00e7\u00e3o varia entre $900 e $1500. Mas \u00e9 claro que h\u00e1 uma s\u00e9rie de factores que influenciam isso.<\/p>\n<p style=\"margin-top: 5px;margin-bottom: 5px\"><\/p>\n<p style=\"margin-top: 5px;margin-bottom: 5px\"><\/p>\n<h2>Fazer gelo \u00e9 um bom neg\u00f3cio?<\/h2>\n<p style=\"margin-top: 5px;margin-bottom: 5px\"><\/p>\n<p style=\"margin-top: 5px;margin-bottom: 5px\">Como fazer da cria\u00e7\u00e3o de gelo um neg\u00f3cio<\/p>\n<p style=\"margin-top: 5px;margin-bottom: 5px\"><\/p>\n<p style=\"margin-top: 5px;margin-bottom: 5px\">Quando fomos para o Canad\u00e1 durante uma semana para nos casarmos, disse \u00e0 minha m\u00e3e que talvez n\u00e3o conseguisse escrever durante algum tempo. Depois fiz um post e, em poucos dias, comecei a preocupar-me em faz\u00ea-lo mais vezes. Num m\u00eas, comecei a sentir-me desesperada. Os dias passavam e eu continuava a n\u00e3o ter trabalho para mostrar, nem mesmo quando o meu marido come\u00e7ou a publicar os seus pr\u00f3prios contos. Finalmente, chegou o dia em que pensei em enlouquecer e escrever s\u00f3 para me sentir produtiva.<\/p>\n<p style=\"margin-top: 5px;margin-bottom: 5px\"><\/p>\n<h2>O gelo seco pode durar 3 dias?<\/h2>\n<p style=\"margin-top: 5px;margin-bottom: 5px\"><\/p>\n<p style=\"margin-top: 5px;margin-bottom: 5px\">A:<\/p>\n<p style=\"margin-top: 5px;margin-bottom: 5px\"><\/p>\n<p style=\"margin-top: 5px;margin-bottom: 5px\">N\u00e3o deve fazer muito para se decompor (na verdade, seria necess\u00e1rio o oposto desse efeito para funcionar, na verdade - o ponto de ebuli\u00e7\u00e3o elevado faria com que o gelo seco se expandisse mais em temperatura do que aumentasse a sua densidade), mas, em geral, deve durar alguns dias.<\/p>\n<p style=\"margin-top: 5px;margin-bottom: 5px\">No entanto, a \u00e1gua pode decair mais rapidamente (ou mais lentamente) da solu\u00e7\u00e3o \u00e0 medida que a temperatura aquece.<\/p>\n<\/div><\/div>","protected":false},"excerpt":{"rendered":"<p>ice block maker ice block maker|Product Features|Product specification &nbsp;&nbsp;&nbsp;&nbsp; Ice Block Maker can be used in a wide range of food and beverages industries, which are mostly in the form of frozen products. The Ice Block Maker can be used to make ice blocks or ice cubes for a wide range of beverages like water, [&hellip;]<\/p>\n","protected":false},"featured_media":550,"comment_status":"open","ping_status":"open","template":"","meta":{"_swt_meta_header_display":false,"_swt_meta_footer_display":false,"_swt_meta_site_title_display":false,"_swt_meta_sticky_header":false,"_swt_meta_transparent_header":false},"product_brand":[],"product_cat":[76],"product_tag":[],"class_list":{"0":"post-553","1":"product","2":"type-product","3":"status-publish","4":"has-post-thumbnail","6":"product_cat-ice-block-machine","8":"first","9":"instock","10":"shipping-taxable","11":"product-type-simple"},"_links":{"self":[{"href":"https:\/\/www.hommy.com\/pt\/wp-json\/wp\/v2\/product\/553","targetHints":{"allow":["GET"]}}],"collection":[{"href":"https:\/\/www.hommy.com\/pt\/wp-json\/wp\/v2\/product"}],"about":[{"href":"https:\/\/www.hommy.com\/pt\/wp-json\/wp\/v2\/types\/product"}],"replies":[{"embeddable":true,"href":"https:\/\/www.hommy.com\/pt\/wp-json\/wp\/v2\/comments?post=553"}],"wp:featuredmedia":[{"embeddable":true,"href":"https:\/\/www.hommy.com\/pt\/wp-json\/wp\/v2\/media\/550"}],"wp:attachment":[{"href":"https:\/\/www.hommy.com\/pt\/wp-json\/wp\/v2\/media?parent=553"}],"wp:term":[{"taxonomy":"product_brand","embeddable":true,"href":"https:\/\/www.hommy.com\/pt\/wp-json\/wp\/v2\/product_brand?post=553"},{"taxonomy":"product_cat","embeddable":true,"href":"https:\/\/www.hommy.com\/pt\/wp-json\/wp\/v2\/product_cat?post=553"},{"taxonomy":"product_tag","embeddable":true,"href":"https:\/\/www.hommy.com\/pt\/wp-json\/wp\/v2\/product_tag?post=553"}],"curies":[{"name":"wp","href":"https:\/\/api.w.org\/{rel}","templated":true}]}}