{"id":549,"date":"2024-07-02T13:52:30","date_gmt":"2024-07-02T13:52:30","guid":{"rendered":"http:\/\/localhost\/hommywp\/hm-pm-50-commercial-heavy-duty-ice-block-machine-price-list\/"},"modified":"2025-08-01T09:57:34","modified_gmt":"2025-08-01T09:57:34","slug":"maquina-para-fabrico-de-blocos-de-gelo-hm-pm-50","status":"publish","type":"product","link":"https:\/\/www.hommy.com\/pt\/p\/maquina-para-fabrico-de-blocos-de-gelo-hm-pm-50\/","title":{"rendered":"Hm-Pm-50 M\u00e1quina de bloco de gelo comercial para servi\u00e7o pesado Lista de pre\u00e7os"},"content":{"rendered":"<div>\n<p style=\"text-align: center\"><span style=\"font-family:\u5b8b\u4f53;letter-spacing:0;font-size:29px\"><br \/><\/span><\/p>\n<h2 style=\"text-align: center\"><strong><span style=\"letter-spacing: 0px;font-family: arial, helvetica, sans-serif;font-size: 24px\"><a name=\"ice block making machine\"><\/a>m\u00e1quina de fazer blocos de gelo<\/span><\/strong><\/h2>\n<p style=\"text-align: center\"><a href=\"#ice block making machine\" target=\"_self\" data-lv=\"0\" rel=\"noopener\"><span style=\"font-size: 16px\"><span style=\"letter-spacing: 0px;font-family: arial, helvetica, sans-serif\">m\u00e1quina de fazer blocos de gelo<\/span><\/span><\/a><span style=\"font-size: 16px\"><span style=\"letter-spacing: 0px;font-family: arial, helvetica, sans-serif\"><\/span><span style=\"letter-spacing: 0px;font-family: arial, helvetica, sans-serif\">|<a href=\"#Product Features\" target=\"_self\" data-lv=\"0\" rel=\"noopener\">Carater\u00edsticas do produto<\/a>|<a href=\"#Product specification\" target=\"_self\" data-lv=\"0\" rel=\"noopener\">Especifica\u00e7\u00e3o do produto<\/a><\/span><\/span><\/p>\n<p><span style=\"font-size: 16px\"><br \/><\/span><\/p>\n<p style=\"text-align: center\"><span style=\"font-size: 16px\">&nbsp; &nbsp;&nbsp;<\/span><\/p>\n<p><span style=\"font-size: 16px\"><\/span><\/p>\n<p><span style=\"font-size: 16px\"><\/span><\/p>\n<p><\/p>\n<p>A nossa m\u00e1quina \u00e9 uma ferramenta altamente automatizada que \u00e9 amplamente procurada em todo o mundo. Em nossas instala\u00e7\u00f5es modernizadas, n\u00f3s fabricamos e projetamos essas m\u00e1quinas em v\u00e1rias especifica\u00e7\u00f5es a pre\u00e7os mais competitivos. Estas m\u00e1quinas s\u00e3o capazes de fornecer qualidade consistente e uniforme, que \u00e9 essencial para fazer blocos de gelo. As nossas m\u00e1quinas s\u00e3o fabricadas com tecnologia de ponta e s\u00e3o altamente eficientes e robustas. Devido \u00e0s suas v\u00e1rias carater\u00edsticas, estas <a style=\"color:blue\" href=\"https:\/\/www.hommy.com\/pt\/maquina-de-blocos-de-gelo\/\">m\u00e1quina de blocos de gelo<\/a>s s\u00e3o amplamente apreciados pelos nossos clientes pela sua fiabilidade e facilidade de utiliza\u00e7\u00e3o. Estas m\u00e1quinas s\u00e3o fabricadas sob a orienta\u00e7\u00e3o de engenheiros altamente qualificados, e o seu desempenho \u00e9 avaliado em v\u00e1rios par\u00e2metros.<\/p>\n<div class=\"d-tem01-graphic tem01-graphic mockup\" data-detail=\"wrap\">\n<div class=\"cont-section clearfix d-clearfix\">\n<div class=\"col-md-6 col-sm-6 col-xs-6\">\n<p><\/p>\n<p><\/p>\n<div class=\"graphic_pic animated wow bounceIn\" data-wow-delay=\".7s\"><img loading=\"lazy\" decoding=\"async\" src=\"https:\/\/www.hommy.com\/wp-content\/uploads\/16030772362707.jpg\" alt=\"produto-Hommy-img\" title=\"\" width=\"500\" height=\"350\" border=\"0\" vspace=\"0\" style=\"width: 500px;height: 350px\"><br \/>\n &nbsp; &nbsp; &nbsp; &nbsp; &nbsp; &nbsp;<\/div>\n<\/div>\n<div class=\"col-md-6 col-sm-6 col-xs-6\">\n<div class=\"right-p\">\n<div class=\"h2 heading\">\n<h2><strong><span style=\"font-family: arial, helvetica, sans-serif;font-size: 24px\"><span style=\"font-family: arial, helvetica, sans-serif;letter-spacing: 0px\"><a name=\"Product Features\"><\/a>Produto <\/span><span style=\"font-family: arial, helvetica, sans-serif\">Carater\u00edsticas<\/span><\/span><\/strong><\/h2>\n<p><span style=\"font-family: arial, helvetica, sans-serif\"><span style=\"font-size: 16px\">1.<\/span><span style=\"font-size: 16px\">A m\u00e1quina \u00e9 constru\u00edda com uma apar\u00eancia luxuosa e f\u00e1cil opera\u00e7\u00e3o e baixo custo de manuten\u00e7\u00e3o.<\/span><\/span><\/p>\n<p><span style=\"font-family: arial, helvetica, sans-serif\"><span style=\"font-family: \u5b8b\u4f53;font-size: 16px\">2.<\/span><span style=\"font-family: Calibri;font-size: 16px\">O material interno do tanque \u00e9 feito de a\u00e7o inoxid\u00e1vel puro que pode resistir \u00e0 eros\u00e3o do \u00e1cido clor\u00eddrico.<\/span><\/span><\/p>\n<p><span style=\"font-family: arial, helvetica, sans-serif\"><span style=\"font-family: \u5b8b\u4f53;font-size: 16px\">3.<\/span><span style=\"font-family: Calibri;font-size: 16px\">O funcionamento \u00e9 f\u00e1cil.<\/span><\/span><\/p>\n<p><span style=\"font-family: arial, helvetica, sans-serif\"><span style=\"font-family: \u5b8b\u4f53;font-size: 16px\">4.<\/span><span style=\"font-family: Calibri;font-size: 16px\">Cobertura \u00e0 prova de ar e manuten\u00e7\u00e3o da utiliza\u00e7\u00e3o do material durante muito tempo.<\/span><\/span><\/p>\n<p><span style=\"font-family: arial, helvetica, sans-serif\"><span style=\"font-family: \u5b8b\u4f53;font-size: 16px\">5.<\/span><span style=\"font-family: Calibri;font-size: 16px\">Baixos investimentos de capital com produ\u00e7\u00e3o m\u00e1xima<\/span><\/span><\/p>\n<p><span style=\"font-family: arial, helvetica, sans-serif\"><span style=\"font-family: \u5b8b\u4f53;font-size: 16px\">6.<\/span><span style=\"font-family: Calibri;font-size: 16px\">Lucrar com a \u00e1gua, um potencial de lucro incr\u00edvel.<\/span><\/span><\/p>\n<p><span style=\"font-family: arial, helvetica, sans-serif\"><span style=\"font-family: \u5b8b\u4f53;font-size: 16px\">7.<\/span><span style=\"font-family: Calibri;font-size: 16px\">Capacidades oferecidas: 1ton\/24H , 2 ton\/24H , 3 ton\/24H , 4 ton\/24H , 5 ton\/24H .<\/span><\/span><\/p>\n<p><span style=\"font-family: arial, helvetica, sans-serif\"><span style=\"font-family: \u5b8b\u4f53;font-size: 16px\">8.<\/span><span style=\"font-family: Calibri;font-size: 16px\">Ice weight: 5kgs(130X70X630mm),10kgs(260X70X630mm),15kgs(210X100X830mm),20kgs(210X120X830mm),<\/span><\/span><\/p>\n<p style=\"text-indent: 32px\"><span style=\"font-size: 16px;font-family: arial, helvetica, sans-serif\">25kgs(280X120X830mm)<\/span><\/p>\n<p><span style=\"font-family: arial, helvetica, sans-serif\"><span style=\"font-family: \u5b8b\u4f53;font-size: 16px\">9.<\/span><span style=\"font-family: Calibri;font-size: 16px\">N\u00e3o h\u00e1 necessidade de trabalhadores qualificados<\/span><\/span><\/p>\n<p><span style=\"font-family: arial, helvetica, sans-serif\"><span style=\"font-family: \u5b8b\u4f53;font-size: 16px\">10.<\/span><span style=\"font-family: Calibri;font-size: 16px\">Elevada durabilidade, manuten\u00e7\u00e3o m\u00ednima<\/span><\/span><\/p>\n<p><span style=\"font-family: arial, helvetica, sans-serif\"><span style=\"font-family: \u5b8b\u4f53;font-size: 16px\">11. <\/span><span style=\"font-family: Calibri;font-size: 16px\">Se a m\u00e1quina funcionar com sistema de arrefecimento a \u00e1gua, ter\u00e1 de instalar a bomba e a torre de arrefecimento em conjunto.<\/span><\/span><\/p>\n<p><span>&nbsp; &nbsp; &nbsp;<\/span><\/div>\n<\/div>\n<\/div>\n<\/div>\n<\/div>\n<p><\/p>\n<h2><strong><span style=\"letter-spacing: 0px;font-family: arial, helvetica, sans-serif;font-size: 24px\"><a name=\"Product specification\"><\/a>Especifica\u00e7\u00e3o do produto<\/span><\/strong><\/h2>\n<p><strong><span style=\"letter-spacing: 0px;font-family: arial, helvetica, sans-serif;font-size: 24px\"><br \/><\/span><\/strong><\/p>\n<p><strong><span style=\"letter-spacing: 0px;font-family: arial, helvetica, sans-serif;font-size: 24px\"><img loading=\"lazy\" decoding=\"async\" src=\"https:\/\/www.hommy.com\/wp-content\/uploads\/16030770308566.png\" title=\"\" alt=\"produto-Hommy-img\" width=\"1000\" height=\"424\" border=\"0\" vspace=\"0\" style=\"width: 1000px;height: 424px\"><\/span><\/strong><\/p>\n<p><\/p>\n<p>Documento\uff1a<img decoding=\"async\" src=\"https:\/\/www.hommy.com\/wp-content\/uploads\/icon_pdf-24.gif\" style=\"margin-right: 2px\" alt=\"produto-HM-PM-50 m\u00e1quina de fazer blocos de gelo-Hommy-img\" title=\"\"><a href=\"https:\/\/img80002414.weyesimg.com\/uploads\/www.hommy.com\/addon\/16030773368604.pdf\" title=\"16030773368604.pdf\" style=\"font-size: 12px\">16030773368604.pdf<\/a><\/p>\n<h2 style=\"font-family: sans-serif\">Porque \u00e9 que as m\u00e1quinas de gelo s\u00e3o t\u00e3o caras?<\/h2>\n<p style=\"margin-top: 5px;margin-bottom: 5px;font-family: sans-serif;font-size: 16px\">Este \u00e9 o primeiro de uma s\u00e9rie de artigos do blogue sobre os cinco maiores fabricantes de gelo para bebidas do mundo, desde o mais pequeno at\u00e9 ao de maior capacidade. Embora um conhecimento b\u00e1sico dos fabricantes de gelo seja obrigat\u00f3rio para qualquer pessoa que beba refrigerantes, limonada e \u00e1gua nos EUA, um fabricante de gelo \u00e9 muito mais do que apenas fazer cubos de gelo. E embora o gelo produzido pelas m\u00e1quinas de gelo n\u00e3o tenha de ser t\u00e3o puro, os fabricantes querem produzir gelo sem bolhas de ar ou outras impurezas.<\/p>\n<h2 style=\"font-family: sans-serif\"><\/h2>\n<h2 style=\"font-family: sans-serif\">Como \u00e9 que se faz um bom bloco de gelo em casa?<\/h2>\n<p style=\"margin-top: 5px;margin-bottom: 5px;font-family: sans-serif;font-size: 16px\">R: S\u00e3o necess\u00e1rios quatro ingredientes para os blocos de gelo: sal, bicarbonato de s\u00f3dio, fermento em p\u00f3 e leite em p\u00f3. Mistura-se tudo at\u00e9 formar uma esp\u00e9cie de massa solta e depois deixa-se congelar. Se quiser, pode misturar um pouco de cacau em p\u00f3 ou sumo de lim\u00e3o. Se deixar a mistura de blocos de gelo arrefecer no congelador at\u00e9 ficar com a consist\u00eancia de uma massa de biscoito muito h\u00famida, ser\u00e1 mais f\u00e1cil de manusear. Quando estiver pronto para fazer um bloco de gelo, pegue na sua massa e enrole-a numa forma grande, semelhante a uma bola de neve. Volte a coloc\u00e1-la no congelador at\u00e9 ficar bem congelada. Quando estiver pronto para fazer as guloseimas em bloco de gelo, utilize uma faca afiada ou uma colher de gelado para retirar a massa do congelador, mold\u00e1-la de novo em forma de tronco e cort\u00e1-la em peda\u00e7os manej\u00e1veis.<\/p>\n<p style=\"margin-top: 5px;margin-bottom: 5px;font-family: sans-serif;font-size: 16px\"><\/p>\n<h2 style=\"font-family: sans-serif\">Os sacos de gelo funcionam melhor do que o gelo?<\/h2>\n<p style=\"margin-top: 5px;margin-bottom: 5px;font-family: sans-serif;font-size: 16px\">Uma pesquisa r\u00e1pida no Google apresenta cerca de uma centena de resultados. Parece que muitas pessoas n\u00e3o est\u00e3o convencidas de que os sacos de gelo funcionam muito bem, mas se ainda estiver \u00e0 procura de provas, aqui est\u00e1 uma cita\u00e7\u00e3o da Biblioteca Nacional de Medicina dos EUA que parece corroborar o que est\u00e1 a ver na sua experi\u00eancia.<\/p>\n<\/div><\/div>","protected":false},"excerpt":{"rendered":"<p>ice block making machine ice block making machine|Product Features|Product specification &nbsp; &nbsp;&nbsp; Our machine is a highly automated tool that is widely demanded throughout the globe. In our modernized facility, we manufacture and design these machines in various specifications at most competitive prices. These machines are capable of providing consistent and uniform quality, which is [&hellip;]<\/p>\n","protected":false},"featured_media":546,"comment_status":"open","ping_status":"open","template":"","meta":{"_swt_meta_header_display":false,"_swt_meta_footer_display":false,"_swt_meta_site_title_display":false,"_swt_meta_sticky_header":false,"_swt_meta_transparent_header":false},"product_brand":[],"product_cat":[76],"product_tag":[],"class_list":{"0":"post-549","1":"product","2":"type-product","3":"status-publish","4":"has-post-thumbnail","6":"product_cat-ice-block-machine","8":"first","9":"instock","10":"shipping-taxable","11":"product-type-simple"},"_links":{"self":[{"href":"https:\/\/www.hommy.com\/pt\/wp-json\/wp\/v2\/product\/549","targetHints":{"allow":["GET"]}}],"collection":[{"href":"https:\/\/www.hommy.com\/pt\/wp-json\/wp\/v2\/product"}],"about":[{"href":"https:\/\/www.hommy.com\/pt\/wp-json\/wp\/v2\/types\/product"}],"replies":[{"embeddable":true,"href":"https:\/\/www.hommy.com\/pt\/wp-json\/wp\/v2\/comments?post=549"}],"wp:featuredmedia":[{"embeddable":true,"href":"https:\/\/www.hommy.com\/pt\/wp-json\/wp\/v2\/media\/546"}],"wp:attachment":[{"href":"https:\/\/www.hommy.com\/pt\/wp-json\/wp\/v2\/media?parent=549"}],"wp:term":[{"taxonomy":"product_brand","embeddable":true,"href":"https:\/\/www.hommy.com\/pt\/wp-json\/wp\/v2\/product_brand?post=549"},{"taxonomy":"product_cat","embeddable":true,"href":"https:\/\/www.hommy.com\/pt\/wp-json\/wp\/v2\/product_cat?post=549"},{"taxonomy":"product_tag","embeddable":true,"href":"https:\/\/www.hommy.com\/pt\/wp-json\/wp\/v2\/product_tag?post=549"}],"curies":[{"name":"wp","href":"https:\/\/api.w.org\/{rel}","templated":true}]}}