{"id":536,"date":"2024-07-02T13:45:33","date_gmt":"2024-07-02T13:45:33","guid":{"rendered":"http:\/\/localhost\/hommywp\/zj130-hand-operated-sugarcane-juice-machine-at-best-factory-prices\/"},"modified":"2025-08-01T09:57:34","modified_gmt":"2025-08-01T09:57:34","slug":"zj120-maquina-de-sumo-de-cana-de-acucar-a-mao","status":"publish","type":"product","link":"https:\/\/www.hommy.com\/pt\/p\/zj120-maquina-de-sumo-de-cana-de-acucar-a-mao\/","title":{"rendered":"M\u00e1quina de sumo de cana manual Zj130 ao melhor pre\u00e7o de f\u00e1brica"},"content":{"rendered":"<div>\n<p><span><\/span><\/p>\n<h2 style=\"text-align: center\"><strong><span style=\"font-family: arial, helvetica, sans-serif;font-size: 24px\"><a name=\"Sugar Cane Juice Extractor Machine by hand\"><\/a>M\u00e1quina manual de extra\u00e7\u00e3o de sumo de cana-de-a\u00e7\u00facar<\/span><\/strong><\/h2>\n<p style=\"text-align: center\"><span style=\"font-size: 16px;font-family: arial, helvetica, sans-serif\"><\/span><a href=\"#Sugar Cane Juice Extractor Machine by hand\" target=\"_self\" data-lv=\"0\" rel=\"noopener\"><span style=\"font-family: arial, helvetica, sans-serif\">M\u00e1quina de extra\u00e7\u00e3o manual de sumo de cana-de-a\u00e7\u00facar<\/span><\/a><span style=\"font-family: arial, helvetica, sans-serif\">|<a href=\"#PRODUCT FEATURES\" target=\"_self\" data-lv=\"0\" rel=\"noopener\">CARACTER\u00cdSTICAS DO PRODUTO<\/a>|<a href=\"#Sugarcane Juice Machine by hand\" target=\"_self\" data-lv=\"0\" rel=\"noopener\">M\u00e1quina de sumo de cana \u00e0 m\u00e3o<\/a>|<a href=\"#PRODUCT SPECIFICATION\" target=\"_self\" data-lv=\"0\" rel=\"noopener\">ESPECIFICA\u00c7\u00c3O DO PRODUTO<\/a>|<a href=\"#PRODUCT ADVANTAGE\" target=\"_self\" data-lv=\"0\" rel=\"noopener\">VANTAGEM DO PRODUTO<\/a><span style=\"font-size: 16px\"><\/span><\/span><\/p>\n<p><strong><span style=\"font-family: arial, helvetica, sans-serif;font-size: 24px\"><br \/><\/span><\/strong><\/p>\n<p style=\"text-align: center\">&nbsp;<\/p>\n<p><!-- Video start --><video poster=\"https:\/\/img80002414.weyesimg.com\/uploads\/www.hommy.com\/video\/15828715752041.mp4?vframe\/jpg\/offset\/1\" id=\"video\" preload=\"auto\" controls=\"controls\" style=\"width:100%;height:510px\"><\/video><!-- Video end --><\/p>\n<p><span style=\"font-size: 14px\"><br \/><\/span><\/p>\n<p>&nbsp;<\/p>\n<div class=\"d-tem11-graphic tem11-graphic mockup\" data-detail=\"wrap\">\n<div class=\"tab_row\">\n<div class=\"img\" style=\"width: 49.1%;height: 306px\">\n<p style=\"text-align: center\"><img decoding=\"async\" height=\"353\" style=\"width: 69.61%\" src=\"https:\/\/www.hommy.com\/wp-content\/uploads\/15828803795049-3.jpg\" alt=\"produto-ZJ130 M\u00e1quina de sumo de cana \u00e0 m\u00e3o-Hommy-img\" title=\"\"><\/p>\n<\/div>\n<div class=\"text_box\" style=\"width: 50%\">\n<div class=\"txt\">\n<h2><strong><span style=\"font-family: arial, helvetica, sans-serif;font-size: 24px\"><a name=\"Sugarcane Juice Machine by hand \"><\/a>M\u00e1quina de espremer cana-de-a\u00e7\u00facar \u00e0 m\u00e3o&nbsp;<\/span><\/strong><\/h2>\n<p>&nbsp;<\/p>\n<p style=\"line-height: 1.5em\">Seguro, higi\u00e9nico, <br \/>Processo revolucion\u00e1rio de extra\u00e7\u00e3o da cana-de-a\u00e7\u00facar.<br \/>Exterior em a\u00e7o inoxid\u00e1vel .<br \/>F\u00e1cil de utilizar .<\/p>\n<p style=\"line-height: 1.5em\"><strong><span style=\"font-size: 18px\">Rolo<\/span><\/strong><\/p>\n<p style=\"line-height: 1.5em\">Parte interior em ferro<br \/>Envolvimento exterior com a\u00e7o inoxid\u00e1vel<br \/>N\u00e3o \u00e9 poss\u00edvel retirar para limpar, apenas utilizar \u00e1gua para o enxaguar.&nbsp;<\/p>\n<p style=\"line-height: 1.5em\"><strong><span style=\"font-size: 18px\"><br \/><\/span><\/strong><\/p>\n<p style=\"line-height: 1.5em\"><strong><span style=\"font-size: 18px\">Vara de press\u00e3o<\/span><\/strong><\/p>\n<p style=\"line-height: 1.5em\"><span style=\"font-size: 14px\">Ajustar manualmente a dist\u00e2ncia entre as barras de press\u00e3o .<\/span><\/p>\n<p style=\"line-height: 1.5em\"><span style=\"font-size: 14px\">que pode adicionar uma taxa de sumo .<br \/><\/span><\/p>\n<p style=\"line-height: 1.5em\"><\/p>\n<p>&nbsp;<\/p>\n<\/div>\n<\/div>\n<\/div>\n<\/div>\n<p><!-- \u8517\u6c41\u673aadvantages start --><\/p>\n<p><span style=\"font-size: 24px\"><\/span><\/p>\n<h2 style=\", Helvetica, Arial, sans-serif\"><strong><span style=\"font-size: 24px;font-family: arial, helvetica, sans-serif\"><a name=\"PRODUCT FEATURES\"><\/a>CARACTER\u00cdSTICAS DO PRODUTO<\/span><\/strong><\/h2>\n<div class=\"subtitle\" style=\"font-size: 13px;line-height: 30px\"><span><\/span><\/p>\n<p style=\"margin: 0px;padding: 0px;font-size: 12px;line-height: 30px\"><span style=\"color:#3f3f3f\">O comando manual <a style=\"color:blue\" href=\"https:\/\/www.hommy.com\/pt\/sugarcan-juice-machine\/\">m\u00e1quina de sumo de cana<\/a> \u00e9 f\u00e1cil de operar e limpar, e pode fazer sumo de cana-de-a\u00e7\u00facar fresca em apenas alguns minutos. Encomende hoje mesmo a sua melhor m\u00e1quina!<\/span><\/p>\n<p style=\"margin: 0px;padding: 0px;font-size: 12px;line-height: 30px\"><span style=\"color:#3f3f3f\"><br \/><\/span><\/p>\n<h3 style=\"margin: 0px;padding: 0px;font-size: 12px;line-height: 30px\"><span style=\"color:#3f3f3f\">F\u00c1CIL DE UTILIZAR<\/span><\/h3>\n<h3 style=\"margin: 0px;padding: 0px;font-size: 12px;line-height: 30px\"><span style=\"color:#3f3f3f\">Este espremedor de cana-de-a\u00e7\u00facar manual \u00e9 f\u00e1cil de utilizar. Basta colocar a cana-de-a\u00e7\u00facar no espremedor e come\u00e7ar a rodar a manivela. A m\u00e1quina de trefilar em espiral incorporada extrai o sumo da cana-de-a\u00e7\u00facar. As m\u00e1quinas manuais de processamento de cana-de-a\u00e7\u00facar s\u00e3o concebidas para serem utilizadas tamb\u00e9m em ambientes industriais. S\u00e3o dur\u00e1veis e f\u00e1ceis de operar, o que as torna ideais para utiliza\u00e7\u00e3o em opera\u00e7\u00f5es de processamento de sumo de cana-de-a\u00e7\u00facar em grande escala.<\/span><\/h3>\n<p><span style=\"color:#3f3f3f\"><br \/><\/span><span style=\"color:#3f3f3f\"><br \/><\/span><\/p>\n<h3 style=\"margin: 0px;padding: 0px;font-size: 12px;line-height: 30px\"><span style=\"color:#3f3f3f\">A ENTRADA \u00c9 GRANDE E F\u00c1CIL DE UTILIZAR<\/span><\/h3>\n<h3 style=\"margin: 0px;padding: 0px;font-size: 12px;line-height: 30px\"><span style=\"color:#3f3f3f\">O espremedor de cana-de-a\u00e7\u00facar tem uma entrada grande. Pode introduzir facilmente a cana-de-a\u00e7\u00facar na m\u00e1quina.&nbsp;<\/span><\/h3>\n<p><span style=\"color:#3f3f3f\"><br \/><\/span><span style=\"color:#3f3f3f\"><br \/><\/span><\/p>\n<h3 style=\"margin: 0px;padding: 0px;font-size: 12px;line-height: 30px\"><span style=\"color:#3f3f3f\">RESISTENTE E DURADOURO<\/span><\/h3>\n<h3 style=\"margin: 0px;padding: 0px;font-size: 12px;line-height: 30px\"><span style=\"color:#3f3f3f\">A m\u00e1quina de sumo de cana-de-a\u00e7\u00facar \u00e9 feita de a\u00e7o inoxid\u00e1vel. \u00c9 resistente \u00e0 corros\u00e3o e ao desgaste, garantindo assim uma longa vida \u00fatil.<\/span><\/h3>\n<p><span style=\"color:#3f3f3f\"><br \/><\/span><span style=\"color:#3f3f3f\"><br \/><\/span><\/p>\n<h3 style=\"margin: 0px;padding: 0px;font-size: 12px;line-height: 30px\"><span style=\"color:#3f3f3f\">F\u00c1CIL DE LIMPAR<\/span><\/h3>\n<h3 style=\"margin: 0px;padding: 0px;font-size: 12px;line-height: 30px\"><span style=\"color:#3f3f3f\">As pe\u00e7as do fabricante de caldo de cana s\u00e3o amov\u00edveis. Pode limp\u00e1-las facilmente com \u00e1gua.<\/span><\/h3>\n<p><span style=\"color:#3f3f3f\"><br \/><\/span><span style=\"color:#3f3f3f\"><br \/><\/span><\/p>\n<h3 style=\"margin: 0px;padding: 0px;font-size: 12px;line-height: 30px\"><span style=\"color:#3f3f3f\">ADEQUADO PARA UMA VARIEDADE DE CEN\u00c1RIOS<\/span><\/h3>\n<h3 style=\"margin: 0px;padding: 0px;font-size: 12px;line-height: 30px\"><span style=\"color:#3f3f3f\">Esta m\u00e1quina manual de sumo de cana-de-a\u00e7\u00facar \u00e9 adequada para utiliza\u00e7\u00e3o em frutarias, instala\u00e7\u00f5es de armazenamento a frio, lojas de ervas, restaurantes, hot\u00e9is, terminais, bares, salas de jogos, escolas, cinemas, caf\u00e9s, parques, mercados, \u00e1reas residenciais e outros locais. \u00c9 bastante vers\u00e1til e pode ser utilizada para fazer sumo de cana-de-a\u00e7\u00facar fresco espremido, que pode ser vendido no local.<\/span><\/h3>\n<p><span style=\"font-size: 24px\"><br \/><\/span><\/div>\n<h2><strong><span style=\"font-size: 24px;font-family: arial, helvetica, sans-serif\"><a name=\"PRODUCT SPECIFICATION\"><\/a>ESPECIFICA\u00c7\u00c3O DO PRODUTO<\/span><\/strong><\/h2>\n<div class=\"title\"><span style=\"font-size: 14px\">A excelente experi\u00eancia do cliente \u00e9 o ponto de partida da Hommy<\/span><\/div>\n<p><span style=\"font-size: 24px\"><\/span><\/p>\n<table width=\"723\" cellspacing=\"0\" cellpadding=\"0\">\n<colgroup>\n<col width=\"72\" style=\"width: 72px\" span=\"2\" \/>\n<col width=\"80\" style=\"width: 80px\" \/>\n<col width=\"86\" style=\"width: 86px\" \/>\n<col width=\"110\" style=\"width: 110px\" \/>\n<col width=\"87\" style=\"width: 87px\" \/>\n<col width=\"72\" style=\"width: 72px\" span=\"3\" \/><\/colgroup>\n<tbody>\n<tr class=\"firstRow\" style=\"height: 32px\">\n<td width=\"72\" height=\"61\" style=\"background-color: transparent\" rowspan=\"2\"><span style=\"font-family: \u5b8b\u4f53;font-size: 16px\">Modelo&nbsp;<\/span><\/td>\n<td width=\"152\" style=\"background-color: transparent\" rowspan=\"2\" colspan=\"2\"><span style=\"font-family: \u5b8b\u4f53;font-size: 16px\">Fonte de alimenta\u00e7\u00e3o<\/span><\/td>\n<td width=\"86\" style=\"background-color: transparent\" rowspan=\"2\"><span style=\"font-family: \u5b8b\u4f53;font-size: 16px\">Tipo<\/span><\/td>\n<td width=\"110\" style=\"background-color: transparent\" rowspan=\"2\"><span style=\"font-family: \u5b8b\u4f53;font-size: 16px\">tamanho do rolo \uff08mm)<\/span><\/td>\n<td width=\"87\" style=\"background-color: transparent\" rowspan=\"2\"><span style=\"font-family: \u5b8b\u4f53;font-size: 16px\">N.W.(kg)<\/span><\/td>\n<td width=\"216\" style=\"background-color: transparent\" colspan=\"3\"><span style=\"font-family: \u5b8b\u4f53;font-size: 16px\">Dimens\u00f5es l\u00edquidas (mm)<\/span><\/td>\n<\/tr>\n<tr style=\"height: 29px\">\n<td style=\"background-color: transparent\"><span style=\"font-family: \u5b8b\u4f53;font-size: 16px\">largura<\/span><\/td>\n<td style=\"background-color: transparent\"><span style=\"font-family: \u5b8b\u4f53;font-size: 16px\">profundidade<\/span><\/td>\n<td style=\"background-color: transparent\"><span style=\"font-family: \u5b8b\u4f53;font-size: 16px\">Altura<\/span><\/td>\n<\/tr>\n<tr style=\"height: 36px\">\n<td height=\"36\" style=\"background-color: transparent\"><span style=\"font-family: \u5b8b\u4f53;font-size: 16px\">ZJ130<\/span><\/td>\n<td style=\"background-color: transparent\" colspan=\"2\"><span style=\"font-family: \u5b8b\u4f53;font-size: 16px\">N\u00e3o<\/span><\/td>\n<td style=\"background-color: transparent\"><span style=\"font-family: \u5b8b\u4f53;font-size: 16px\">tabela&nbsp;<\/span><\/td>\n<td style=\"background-color: transparent\"><span style=\"font-family: \u5b8b\u4f53;font-size: 16px\">100 X \u00d873<\/span><\/td>\n<td style=\"background-color: transparent\"><span style=\"font-family: \u5b8b\u4f53;font-size: 16px\">33<\/span><\/td>\n<td style=\"background-color: transparent\"><span style=\"font-family: \u5b8b\u4f53;font-size: 16px\">340<\/span><\/td>\n<td style=\"background-color: transparent\"><span style=\"font-family: \u5b8b\u4f53;font-size: 16px\">380<\/span><\/td>\n<td style=\"background-color: transparent\"><span style=\"font-family: \u5b8b\u4f53;font-size: 16px\">380<\/span><\/td>\n<\/tr>\n<tr style=\"height: 57px\">\n<td height=\"57\" style=\"background-color: transparent\"><span style=\"font-family: \u5b8b\u4f53;font-size: 16px\">ZJ140<\/span><\/td>\n<td width=\"152\" style=\"background-color: transparent\" colspan=\"2\"><span style=\"font-family: \u5b8b\u4f53;font-size: 16px\">220V,50HZ\/60HZ,1ph (0.75W)<\/span><\/td>\n<td style=\"background-color: transparent\"><span style=\"font-family: \u5b8b\u4f53;font-size: 16px\">Vertical<\/span><\/td>\n<td style=\"background-color: transparent\"><span style=\"font-family: \u5b8b\u4f53;font-size: 16px\">100 X \u00d873<\/span><\/td>\n<td style=\"background-color: transparent\"><span style=\"font-family: \u5b8b\u4f53;font-size: 16px\">50<\/span><\/td>\n<td style=\"background-color: transparent\"><span style=\"font-family: \u5b8b\u4f53;font-size: 16px\">350<\/span><\/td>\n<td style=\"background-color: transparent\"><span style=\"font-family: \u5b8b\u4f53;font-size: 16px\">430<\/span><\/td>\n<td style=\"background-color: transparent\"><span style=\"font-family: \u5b8b\u4f53;font-size: 16px\">920<\/span><\/td>\n<\/tr>\n<\/tbody>\n<\/table>\n<p><span style=\"font-size: 24px\"><\/span><\/p>\n<p><span style=\"font-size: 24px\"><br \/><\/span><\/p>\n<h2><strong><span style=\"font-size: 24px;font-family: arial, helvetica, sans-serif\"><a name=\"PRODUCT ADVANTAGE\"><\/a>VANTAGEM DO PRODUTO<\/span><\/strong><\/h2>\n<div class=\"text-left d-tem09-title d-interval\" data-detail=\"wrap\">\n<div class=\"title-header\">\n<div class=\"subtitle\"><span>Al\u00e9m disso, engenheiros altamente qualificados, tecn\u00f3logos competentes e pessoal experiente contribuem muito para o desenvolvimento da empresa.<\/span><\/div>\n<p><span><\/span><\/div>\n<\/div>\n<div class=\"d-tem01-graphic tem01-graphic mockup\" data-detail=\"wrap\">\n<div class=\"cont-section clearfix d-clearfix\">\n<div class=\"col-md-6 col-sm-6 col-xs-6\">\n<div class=\"right-p\">\n<div class=\"h2 heading\"><strong>Rolo &nbsp;<\/strong><\/div>\n<p><strong>&nbsp;<\/strong><\/p>\n<div class=\"description\">\n<p style=\"text-align: center\"><strong><img loading=\"lazy\" decoding=\"async\" width=\"261\" height=\"239\" title=\"\" style=\"width: 247px\" alt=\"produto-Hommy-img\" src=\"https:\/\/www.hommy.com\/wp-content\/uploads\/15828745399521-6.png\"><\/strong><\/p>\n<\/div>\n<\/div>\n<p><strong>&nbsp; &nbsp; &nbsp; &nbsp; &nbsp; &nbsp;<\/strong><\/div>\n<div class=\"col-md-6 col-sm-6 col-xs-6\">\n<div class=\"right-p\">\n<div class=\"h2 heading\"><strong>&nbsp;Ajustar a barra de press\u00e3o&nbsp;<\/strong><\/div>\n<\/div>\n<div class=\"graphic_pic animated wow bounceIn\" data-wow-delay=\".7s\">\n<p style=\"text-align: center\"><strong><img loading=\"lazy\" decoding=\"async\" width=\"471\" height=\"233\" title=\"\" style=\"width: 311px\" alt=\"produto-Hommy-img\" src=\"https:\/\/www.hommy.com\/wp-content\/uploads\/15828747489869-6.png\"><\/strong><\/p>\n<\/div>\n<\/div>\n<\/div>\n<\/div>\n<p>&nbsp;<\/p>\n<p><span style=\"text-align: center\"><\/span><\/p>\n<div class=\"d-tem01-graphic tem01-graphic mockup\" data-detail=\"wrap\">\n<div class=\"cont-section clearfix d-clearfix\">\n<div class=\"col-md-6 col-sm-6 col-xs-6\">\n<div class=\"right-p\">\n<div class=\"h2 heading\">\n<p style=\"margin: 0pt\"><strong><span style=\"font-family: \u5b8b\u4f53;font-size: 24px\">Pega<\/span><\/strong><\/p>\n<\/div>\n<p style=\"padding: 0px;text-indent: 0px;vertical-align: baseline\"><span style=\"font-family: \u5b8b\u4f53;font-size: 16px\"><br \/><\/span><\/p>\n<\/div>\n<div class=\"graphic_pic animated wow bounceIn\" data-wow-delay=\".7s\">\n<p style=\"text-align: center\"><img loading=\"lazy\" decoding=\"async\" width=\"345\" height=\"219\" title=\"\" style=\"width: 267px\" alt=\"produto-m\u00e1quina de sumo de cana sem eletricidade -Hommy-img\" src=\"https:\/\/www.hommy.com\/wp-content\/uploads\/15828749106493-6.png\"><\/p>\n<\/div>\n<\/div>\n<div class=\"col-md-6 col-sm-6 col-xs-6\">\n<div class=\"right-p\">\n<div class=\"h2 heading\">Sa\u00edda &nbsp;<\/div>\n<p style=\"padding: 0px;text-align: left;line-height: 17px;vertical-align: baseline\"><span style=\"letter-spacing: 0px;font-family: \u5b8b\u4f53;font-size: 16px;font-style: normal;font-weight: normal\"><br \/><\/span><\/p>\n<\/div>\n<div class=\"graphic_pic animated wow bounceIn\" data-wow-delay=\".7s\">\n<p style=\"text-align: center\"><img loading=\"lazy\" decoding=\"async\" width=\"342\" height=\"240\" title=\"\" style=\"width: 282px\" alt=\"produto-Hommy-ZJ130 M\u00e1quina de sumo de cana-de-a\u00e7\u00facar \u00e0 m\u00e3o-img\" src=\"https:\/\/www.hommy.com\/wp-content\/uploads\/15828750346126.png\"><\/p>\n<\/div>\n<\/div>\n<\/div>\n<\/div>\n<p><span style=\"text-align: center\"><\/span><\/p>\n<div class=\"d-tem01-graphic tem01-graphic mockup\" data-detail=\"wrap\">\n<div class=\"cont-section clearfix d-clearfix\">\n<div class=\"col-md-6 col-sm-6 col-xs-6\">\n<div class=\"right-p\">\n<div class=\"h2 heading\">Tirar o sumo da torneira&nbsp;&nbsp;<\/div>\n<div class=\"description\"><span style=\"font-family: \u5b8b\u4f53;font-size: 14px\">Adicionar filtro <\/span><\/div>\n<\/div>\n<div class=\"graphic_pic animated wow bounceIn\" data-wow-delay=\".7s\">\n<p style=\"text-align: center\"><img loading=\"lazy\" decoding=\"async\" width=\"201\" height=\"322\" title=\"\" style=\"width: 475px\" alt=\"produto-Hommy-m\u00e1quina de sumo de cana-de-a\u00e7\u00facar sem eletricidade -img\" src=\"https:\/\/www.hommy.com\/wp-content\/uploads\/15828751527020.png\"><\/p>\n<\/div>\n<\/div>\n<div class=\"col-md-6 col-sm-6 col-xs-6\">\n<div class=\"right-p\">\n<div class=\"h2 heading\">\n<p style=\"margin: 0pt\">Entrada de alimenta\u00e7\u00e3o&nbsp;<\/p>\n<\/div>\n<div class=\"description\">Tamanho maior, f\u00e1cil de usar pela segunda vez<\/p>\n<p style=\"text-align: center\"><img decoding=\"async\" src=\"https:\/\/www.hommy.com\/wp-content\/uploads\/15828767927922.png\" alt=\"Produto-ZJ130 M\u00e1quina de sumo de cana-de-a\u00e7\u00facar \u00e0 m\u00e3o-Hommy-img-1\" title=\"\"><\/p>\n<\/div>\n<\/div>\n<p>&nbsp;&nbsp;&nbsp;&nbsp;&nbsp;&nbsp;&nbsp;&nbsp;&nbsp;&nbsp;&nbsp;&nbsp;<\/p>\n<p style=\"text-align: center\"><span style=\"font-size: 20px\"><br \/><\/span><\/p>\n<\/div>\n<\/div>\n<\/div>\n<p><!-- \u8517\u6c41\u673aadvantages End --><\/p>\n<h2>M\u00e1quina de sumo de cana de a\u00e7\u00facar manual Hommy na \u00cdndia para lojas de fruta<\/h2>\n<h3>Iniciar um neg\u00f3cio de m\u00e1quinas manuais de fabrico de sumo de cana-de-a\u00e7\u00facar na \u00cdndia<\/h3>\n<p>Iniciar um neg\u00f3cio de m\u00e1quinas manuais de fabrico de sumo de cana-de-a\u00e7\u00facar na \u00cdndia \u00e9 uma excelente forma de se tornar o seu pr\u00f3prio patr\u00e3o, definir o seu pr\u00f3prio hor\u00e1rio e obter um bom rendimento.<\/p>\n<p>Em primeiro lugar, o mercado do caldo de cana est\u00e1 a crescer rapidamente na \u00cdndia. Em segundo lugar, o sumo de cana-de-a\u00e7\u00facar \u00e9 uma bebida saud\u00e1vel e refrescante, popular entre todos os grupos et\u00e1rios.<\/p>\n<p>Em terceiro lugar, criar a sua pr\u00f3pria empresa \u00e9 uma \u00f3ptima forma de ser o seu pr\u00f3prio patr\u00e3o e de obter um bom rendimento.<\/p>\n<p>Em quarto lugar, com uma m\u00e1quina de sumo de cana-de-a\u00e7\u00facar manual, pode iniciar o seu plano com um investimento muito baixo.<\/p>\n<p>Em quinto lugar, encontrou agora a Hommy, um fornecedor fi\u00e1vel de m\u00e1quinas de sumo de cana-de-a\u00e7\u00facar na China.<\/p>\n<p>Assim, se procura uma oportunidade de com\u00e9rcio com bom potencial de crescimento, iniciar um projeto de m\u00e1quina de sumo de cana-de-a\u00e7\u00facar operada manualmente na \u00cdndia \u00e9 uma excelente op\u00e7\u00e3o para si.<\/p>\n<h3>\u00c9 dif\u00edcil encontrar uma f\u00e1brica de espremedores de cana-de-a\u00e7\u00facar manuais na \u00cdndia<\/h3>\n<p>Seguem-se alguns pontos a ter em conta quando se procura uma f\u00e1brica de espremedores de cana-de-a\u00e7\u00facar manuais na \u00cdndia.<\/p>\n<p>Perguntar se utilizam material certificado nas m\u00e1quinas que fabricam? Podem ser comprovados? Podem dar alguma garantia sobre o seu produto? Que tipos de garantias oferecem para a m\u00e1quina? Quanto \u00e9 que cobram pela garantia? Quanto \u00e9 que cobram pelo envio (nacional e internacional)? O s\u00edtio Web cont\u00e9m informa\u00e7\u00f5es de contacto? T\u00eam uma descri\u00e7\u00e3o completa das suas m\u00e1quinas prontamente dispon\u00edvel? Estas m\u00e1quinas s\u00e3o testadas por um laborat\u00f3rio de terceiros para garantir a sua seguran\u00e7a? Se a empresa reivindicar uma garantia, qual \u00e9 o procedimento de devolu\u00e7\u00e3o da m\u00e1quina em caso de defeito? Qual \u00e9 a sua pol\u00edtica de devolu\u00e7\u00e3o? Podem apresentar um certificado que prove que est\u00e3o certificados pelo governo da \u00cdndia para fabricar estes produtos? Se necess\u00e1rio, podem provar ao governo local da sua f\u00e1brica que est\u00e3o em total conformidade com as leis que regem as opera\u00e7\u00f5es da f\u00e1brica? Fornecem v\u00eddeos de instru\u00e7\u00f5es sobre como utilizar o seu equipamento? Quanto \u00e9 que pode pagar por artigo e por m\u00eas? Qual \u00e9 a pol\u00edtica de pagamento? O cr\u00e9dito \u00e9 permitido?<\/p>\n<h3>Coisas que deve ter em conta ao comprar um <a style=\"color:blue\" href=\"https:\/\/www.hommy.com\/pt\/sugarcan-juice-machine\/\">extrator de sumo de cana<\/a> \u00e0 m\u00e3o<\/h3>\n<p>Equipamento para fabrico de a\u00e7\u00facar de cana. Muitos pa\u00edses produzem a\u00e7\u00facar utilizando a cana-de-a\u00e7\u00facar como mat\u00e9ria-prima. A \u00cdndia \u00e9 um deles, que produz cana-de-a\u00e7\u00facar todos os anos e a consome internamente. No entanto, h\u00e1 algumas pessoas que cultivam cana-de-a\u00e7\u00facar apenas pelos lucros que obt\u00eam ao vend\u00ea-la aos fabricantes que produzem m\u00e1quinas de moagem de cana-de-a\u00e7\u00facar e outros equipamentos necess\u00e1rios. Este pa\u00eds tem muitos produtores de cana-de-a\u00e7\u00facar que se dedicam a esta cultura ano ap\u00f3s ano. Embora haja uma grande procura de a\u00e7\u00facar em algumas partes do mundo, a procura \u00e9 menor neste pa\u00eds, uma vez que j\u00e1 est\u00e3o a consumir as quantidades necess\u00e1rias. Consequentemente, existem no mercado pre\u00e7os elevados para a compra desta m\u00e1quina de tritura\u00e7\u00e3o, no valor de cerca de Rs 2 lakhs a 3 lakhs. Mas, se quiser comprar uma para si ou para os seus familiares, lembre-se de que, hoje em dia, h\u00b5 muita concorr\u00dencia no mercado, o que obrigou muitos dos revendedores a oferecer descontos para conquistar o cliente.<\/p>\n<h3>Hommy pode ajudar a sua m\u00e3o a operar o neg\u00f3cio do espremedor de cana-de-a\u00e7\u00facar<\/h3>\n<p>As nossas vantagens s\u00e3o as seguintes: Departamento de R&amp;D experiente: Temos uma equipa de I &amp; D experiente que tem for\u00e7a t\u00e9cnica abundante para analisar a tend\u00eancia do mercado e projetar novos produtos de acordo com as exig\u00eancias dos clientes. Al\u00e9m disso, a nossa equipa de controlo de qualidade implementa rigorosamente o sistema de inspe\u00e7\u00e3o de qualidade durante todo o processo para garantir a qualidade do produto. Grande linha de produtos: Existem muitos tipos de modelos de m\u00e1quinas diferentes na nossa linha de produ\u00e7\u00e3o, incluindo triturador manual de sumo de cana, extrator autom\u00e1tico de sumo de cana de a\u00e7\u00facar, etc. Capacidade de OEM: N\u00f3s podemos projetar e fabricar todos os tipos de m\u00e1quinas personalizadas em diferentes tamanhos de acordo com as necessidades espec\u00edficas do cliente. Boa posi\u00e7\u00e3o financeira e TQM: A nossa empresa passou a certifica\u00e7\u00e3o do sistema de gest\u00e3o de qualidade ISO9001:2008 e tem uma grande quantidade de activos que podem garantir uma opera\u00e7\u00e3o est\u00e1vel. Podemos fornecer-lhe produtos de alta qualidade e servi\u00e7o supremo a um pre\u00e7o competitivo!<\/p>\n<p>&nbsp; &nbsp; &nbsp; &nbsp; &nbsp; &nbsp; &nbsp; &nbsp; &nbsp; &nbsp; &nbsp; &nbsp; &nbsp; &nbsp; &nbsp; &nbsp; &nbsp; &nbsp; &nbsp; &nbsp; &nbsp; &nbsp; &nbsp; &nbsp; &nbsp; &nbsp; &nbsp; &nbsp; &nbsp; &nbsp; &nbsp;&nbsp;<\/p>\n<p>Documento\uff1a<img decoding=\"async\" src=\"https:\/\/www.hommy.com\/wp-content\/uploads\/icon_pdf-22.gif\" style=\"margin-right: 2px\" alt=\"produto-Hommy-img-1\" title=\"\"><a href=\"https:\/\/img80002414.weyesimg.com\/uploads\/www.hommy.com\/addon\/16028310973207.pdf\" title=\"16028310973207.pdf\" style=\"font-size: 12px\">16028310973207.pdf<\/a><\/p>\n<p><\/p>\n<\/div><\/div>","protected":false},"excerpt":{"rendered":"<p>Hand Operated Sugar Cane Juice Extractor Machine Sugar Cane Juice Extractor Machine by hand|PRODUCT FEATURES|Sugarcane Juice Machine by hand|PRODUCT SPECIFICATION|PRODUCT ADVANTAGE &nbsp; &nbsp; Sugarcane Juicer Machine by hand&nbsp; &nbsp; Safe, Hygienic, Revolutionary sugarcane extracting process.Outside made in stainless steel&nbsp;.Easy to operation . Roller Inside part made of ironOutside wrap with Stainless steelCan not take out [&hellip;]<\/p>\n","protected":false},"featured_media":528,"comment_status":"open","ping_status":"open","template":"","meta":{"_swt_meta_header_display":false,"_swt_meta_footer_display":false,"_swt_meta_site_title_display":false,"_swt_meta_sticky_header":false,"_swt_meta_transparent_header":false},"product_brand":[],"product_cat":[75],"product_tag":[],"class_list":{"0":"post-536","1":"product","2":"type-product","3":"status-publish","4":"has-post-thumbnail","6":"product_cat-sugarcane-juice-machine","8":"first","9":"instock","10":"shipping-taxable","11":"product-type-simple"},"_links":{"self":[{"href":"https:\/\/www.hommy.com\/pt\/wp-json\/wp\/v2\/product\/536","targetHints":{"allow":["GET"]}}],"collection":[{"href":"https:\/\/www.hommy.com\/pt\/wp-json\/wp\/v2\/product"}],"about":[{"href":"https:\/\/www.hommy.com\/pt\/wp-json\/wp\/v2\/types\/product"}],"replies":[{"embeddable":true,"href":"https:\/\/www.hommy.com\/pt\/wp-json\/wp\/v2\/comments?post=536"}],"wp:featuredmedia":[{"embeddable":true,"href":"https:\/\/www.hommy.com\/pt\/wp-json\/wp\/v2\/media\/528"}],"wp:attachment":[{"href":"https:\/\/www.hommy.com\/pt\/wp-json\/wp\/v2\/media?parent=536"}],"wp:term":[{"taxonomy":"product_brand","embeddable":true,"href":"https:\/\/www.hommy.com\/pt\/wp-json\/wp\/v2\/product_brand?post=536"},{"taxonomy":"product_cat","embeddable":true,"href":"https:\/\/www.hommy.com\/pt\/wp-json\/wp\/v2\/product_cat?post=536"},{"taxonomy":"product_tag","embeddable":true,"href":"https:\/\/www.hommy.com\/pt\/wp-json\/wp\/v2\/product_tag?post=536"}],"curies":[{"name":"wp","href":"https:\/\/api.w.org\/{rel}","templated":true}]}}