{"id":53,"date":"2024-07-02T11:51:46","date_gmt":"2024-07-02T11:51:46","guid":{"rendered":"http:\/\/localhost\/hommywp\/hm160a-automatic-smoothie-vending-machine-40-second-blends\/"},"modified":"2025-08-01T09:57:26","modified_gmt":"2025-08-01T09:57:26","slug":"hm160a-maquina-automatica-de-venda-automatica-de-batidos-40-segundos","status":"publish","type":"product","link":"https:\/\/www.hommy.com\/pt\/p\/hm160a-maquina-automatica-de-venda-automatica-de-batidos-40-segundos\/","title":{"rendered":"HM160A: M\u00e1quina autom\u00e1tica de venda autom\u00e1tica de batidos (misturas de 40 segundos!)"},"content":{"rendered":"<h2 class=\"wp-block-heading\">HM160A: M\u00e1quina autom\u00e1tica de venda autom\u00e1tica de batidos (misturas de 40 segundos!)<\/h2>\n\n\n\n<p>A m\u00e1quina autom\u00e1tica de venda autom\u00e1tica de batidos Hommy HM160A pode vender batidos deliciosos e saud\u00e1veis em 40 segundos, utilizando fruta congelada verdadeira.<\/p>\n\n\n\n<div class=\"wp-block-group is-content-justification-center is-nowrap is-layout-flex wp-container-core-group-is-layout-23441af8 wp-block-group-is-layout-flex\">\n<figure class=\"wp-block-image size-large\"><img decoding=\"async\" src=\"https:\/\/www.hommy.com\/wp-content\/uploads\/17105143854028.jpg\" alt=\"\" title=\"\"><\/figure>\n\n\n\n<figure class=\"wp-block-image size-large\"><img decoding=\"async\" src=\"https:\/\/www.hommy.com\/wp-content\/uploads\/17105143847413.jpg\" alt=\"\" title=\"\"><\/figure>\n\n\n\n<figure class=\"wp-block-image size-large\"><img decoding=\"async\" src=\"https:\/\/www.hommy.com\/wp-content\/uploads\/17105143852250.jpg\" alt=\"\" title=\"\"><\/figure>\n<\/div>\n\n\n\n<div style=\"height:50px\" aria-hidden=\"true\" class=\"wp-block-spacer\"><\/div>\n\n\n<p><iframe loading=\"lazy\" title=\"m\u00e1quina de venda autom\u00e1tica de batidos\" width=\"500\" height=\"281\" src=\"https:\/\/www.youtube.com\/embed\/LroJLrzqiXU?feature=oembed\" frameborder=\"0\" allow=\"accelerometer; autoplay; clipboard-write; encrypted-media; gyroscope; picture-in-picture; web-share\" referrerpolicy=\"strict-origin-when-cross-origin\" allowfullscreen><\/iframe><\/p>\n\n\n\n<div style=\"height:50px\" aria-hidden=\"true\" class=\"wp-block-spacer\"><\/div>\n\n\n\n<div class=\"wp-block-group is-vertical is-content-justification-center is-layout-flex wp-container-core-group-is-layout-ce155fab wp-block-group-is-layout-flex\">\n<h2 class=\"wp-block-heading\">Especifica\u00e7\u00e3o do produto:<\/h2>\n\n\n\n<figure class=\"wp-block-image\"><img decoding=\"async\" src=\"https:\/\/www.hommy.com\/wp-content\/uploads\/17105175578638.jpg\" alt=\"especifica\u00e7\u00f5es da m\u00e1quina de venda autom\u00e1tica de batidos\" title=\"especifica\u00e7\u00f5es da m\u00e1quina de venda autom\u00e1tica de batidos\"\/><\/figure>\n<\/div>\n\n\n\n<div style=\"height:50px\" aria-hidden=\"true\" class=\"wp-block-spacer\"><\/div>\n\n\n\n<h2 class=\"wp-block-heading\">Carater\u00edsticas do produto:<\/h2>\n\n\n\n<p>Ingredientes frescos, servi\u00e7o r\u00e1pido: Fa\u00e7a um batido em 40 segundos!<\/p>\n\n\n\n<p>Esta m\u00e1quina de venda autom\u00e1tica self-service pode criar batidos deliciosos e saud\u00e1veis utilizando fruta congelada verdadeira e vend\u00ea-la. Basta escolher os ingredientes e a m\u00e1quina mistura-os automaticamente com a quantidade desejada de \u00e1gua ou leite (100 ml a 300 ml) em menos de um minuto.<\/p>\n\n\n\n<div style=\"height:50px\" aria-hidden=\"true\" class=\"wp-block-spacer\"><\/div>\n\n\n\n<h3 class=\"wp-block-heading\">Ecr\u00e3s t\u00e1cteis duplos para uma utiliza\u00e7\u00e3o e monitoriza\u00e7\u00e3o f\u00e1ceis:<\/h3>\n\n\n\n<p>Ecr\u00e3 t\u00e1til de 25 polegadas para o cliente: Navegue pelas op\u00e7\u00f5es de batidos, veja fotografias de sabores de fruta e efectue facilmente o seu pedido.<\/p>\n\n\n\n<p>Ecr\u00e3 t\u00e1til interno de 13,3 polegadas (para operadores): Gerir dados de mistura como a utiliza\u00e7\u00e3o de \u00e1gua\/leite, efici\u00eancia de limpeza e ciclos de mistura.<\/p>\n\n\n\n<div style=\"height:50px\" aria-hidden=\"true\" class=\"wp-block-spacer\"><\/div>\n\n\n\n<h3 class=\"wp-block-heading\">Acompanhe o invent\u00e1rio com facilidade:<\/h3>\n\n\n\n<ol class=\"wp-block-list\">\n<li><p>Leitor de c\u00f3digo QR integrado: A m\u00e1quina l\u00ea um c\u00f3digo QR \u00fanico em cada copo, permitindo um controlo preciso do invent\u00e1rio. Veja facilmente quantos batidos foram vendidos.<\/p><\/li>\n\n\n\n<li><p>Ecr\u00e3 de vendas em tempo real: O ecr\u00e3 de 13,3 polegadas apresenta o n\u00famero total de batidos distribu\u00eddos, proporcionando uma vis\u00e3o geral clara e imediata do seu desempenho de vendas.<\/p><\/li>\n<\/ol>\n\n\n\n<div style=\"height:50px\" aria-hidden=\"true\" class=\"wp-block-spacer\"><\/div>\n\n\n\n<h3 class=\"wp-block-heading\">Rastreamento de c\u00f3digo QR<\/h3>\n\n\n\n<p>Cada copo recebe um c\u00f3digo QR \u00fanico que regista a utiliza\u00e7\u00e3o de \u00e1gua, a velocidade e o tempo de mistura e o volume de \u00e1gua de limpeza para um controlo de qualidade ideal.<\/p>\n\n\n\n<div style=\"height:50px\" aria-hidden=\"true\" class=\"wp-block-spacer\"><\/div>\n\n\n\n<h3 class=\"wp-block-heading\">Gest\u00e3o remota de m\u00e1quinas<\/h3>\n\n\n\n<p>Monitorize remotamente os dados de vendas e o desempenho da m\u00e1quina para uma manuten\u00e7\u00e3o proactiva e uma gest\u00e3o de invent\u00e1rio informada.<\/p>\n\n\n\n<div style=\"height:50px\" aria-hidden=\"true\" class=\"wp-block-spacer\"><\/div>\n\n\n\n<h3 class=\"wp-block-heading\">Ciclo de limpeza autom\u00e1tico<\/h3>\n\n\n\n<p>A m\u00e1quina limpa-se a si pr\u00f3pria ap\u00f3s cada mistura, garantindo higiene e um sabor consistente para cada cliente.<\/p>\n\n\n\n<div style=\"height:50px\" aria-hidden=\"true\" class=\"wp-block-spacer\"><\/div>\n\n\n\n<h3 class=\"wp-block-heading\">Op\u00e7\u00f5es de tamanho de ch\u00e1vena<\/h3>\n\n\n\n<p>Escolha entre copos PET de qualidade alimentar de 14 oz ou 16 oz para se adaptar perfeitamente \u00e0s suas necessidades.<\/p>\n\n\n\n<div style=\"height:50px\" aria-hidden=\"true\" class=\"wp-block-spacer\"><\/div>\n\n\n\n<h3 class=\"wp-block-heading\">Processo de funcionamento da m\u00e1quina de venda autom\u00e1tica de smoothies:<\/h3>\n\n\n\n<p>Carregue a m\u00e1quina: Encha os copos com fruta, feche-os e cole os autocolantes com o c\u00f3digo QR. Guarde os copos no congelador entre -10\u00b0C e -18\u00b0C.<\/p>\n\n\n\n<p>Selecionar e pagar:Escolha o sabor do batido e pague utilizando o ecr\u00e3 t\u00e1til.<\/p>\n\n\n\n<p>Recuperar o copo: Recolher o copo de fruta congelada na ranhura designada.<\/p>\n\n\n\n<p>Digitalizar e abrir: Digitalize o c\u00f3digo QR no copo para desbloquear a \u00e1rea de mistura. A porta abrir-se-\u00e1 automaticamente.<\/p>\n\n\n\n<p>Colocar e misturar: Coloque o copo no suporte por baixo do misturador. A porta fecha-se automaticamente.<\/p>\n\n\n\n<p>Desfrute do batido! O delicioso batido estar\u00e1 pronto em cerca de 40 segundos.<\/p>\n\n\n\n<p>Limpeza autom\u00e1tica: A m\u00e1quina limpa automaticamente as l\u00e2minas com \u00e1gua ap\u00f3s cada mistura, garantindo a higiene para o cliente seguinte.<\/p>\n\n\n\n<div style=\"height:50px\" aria-hidden=\"true\" class=\"wp-block-spacer\"><\/div>\n\n\n\n<h3 class=\"wp-block-heading\">Esteriliza\u00e7\u00e3o UV autom\u00e1tica<\/h3>\n\n\n\n<p>Desfrute de paz de esp\u00edrito com a irradia\u00e7\u00e3o ultravioleta (UV) incorporada que elimina bact\u00e9rias e v\u00edrus dentro da m\u00e1quina, garantindo os mais elevados padr\u00f5es de higiene.<\/p>\n\n\n\n<div style=\"height:50px\" aria-hidden=\"true\" class=\"wp-block-spacer\"><\/div>\n\n\n\n<h3 class=\"wp-block-heading\">Criar a identidade da sua marca<\/h3>\n\n\n\n<p>Concebemos padr\u00f5es de m\u00e1quinas personalizados para corresponder \u00e0 sua marca. Al\u00e9m disso, oferecemos servi\u00e7os OEM para personalizar m\u00e1quinas de acordo com as suas necessidades espec\u00edficas.<\/p>\n\n\n\n<div style=\"height:50px\" aria-hidden=\"true\" class=\"wp-block-spacer\"><\/div>\n\n\n\n<div class=\"wp-block-group is-vertical is-content-justification-center is-layout-flex wp-container-core-group-is-layout-ce155fab wp-block-group-is-layout-flex\">\n<h2 class=\"wp-block-heading\">Vantagem do produto:<\/h2>\n\n\n\n<p>1.<span style=\"font-size: revert; color: initial;\">Sistema de scanner: o sistema de scanner reconhece as informa\u00e7\u00f5es definidas no c\u00f3digo QR (quantidade de \u00e1gua, velocidade de mistura, tempo de mistura) e prepara o batido em conformidade. A m\u00e1quina funciona para diferentes sabores com base na defini\u00e7\u00e3o do c\u00f3digo QR.<\/span><\/p>\n\n\n\n<figure class=\"wp-block-image\"><img decoding=\"async\" src=\"https:\/\/www.hommy.com\/wp-content\/uploads\/17105175559625.jpg\" alt=\"scanner\" title=\"scanner\"\/><\/figure>\n\n\n\n<div style=\"height:0px\" aria-hidden=\"true\" class=\"wp-block-spacer wp-container-content-28f0cd9b\"><\/div>\n\n\n\n<p>2. sistema de um clique: O operador pode optar por utilizar o sistema de um clique, a m\u00e1quina faz o batido com base na informa\u00e7\u00e3o (quantidade de \u00e1gua, tempo de mistura, velocidade de mistura) definida no ecr\u00e3 e faz o batido em conformidade. A m\u00e1quina funciona apenas para um sabor com base na defini\u00e7\u00e3o.<\/p>\n\n\n\n<figure class=\"wp-block-image\"><img decoding=\"async\" src=\"https:\/\/www.hommy.com\/wp-content\/uploads\/17105175558461.jpg\" alt=\"Um clique\" title=\"Um clique\"\/><\/figure>\n\n\n\n<div style=\"height:0px\" aria-hidden=\"true\" class=\"wp-block-spacer wp-container-content-28f0cd9b\"><\/div>\n\n\n\n<p>3. auto-limpeza: A m\u00e1quina limpa-se automaticamente ap\u00f3s cada mistura.<\/p>\n\n\n\n<figure class=\"wp-block-image\"><img decoding=\"async\" src=\"https:\/\/www.hommy.com\/wp-content\/uploads\/17105175531218.jpg\" alt=\"limpeza\" title=\"limpeza\"\/><\/figure>\n\n\n\n<div style=\"height:0px\" aria-hidden=\"true\" class=\"wp-block-spacer wp-container-content-28f0cd9b\"><\/div>\n\n\n\n<p>4.<span style=\"font-size: revert; color: initial;\">Seguro: Existe um sensor no interior da m\u00e1quina. As l\u00e2minas s\u00f3 se misturam depois de a porta estar fechada.<\/span><\/p>\n\n\n\n<figure class=\"wp-block-image\"><img decoding=\"async\" src=\"https:\/\/www.hommy.com\/wp-content\/uploads\/17105175522157.jpg\" alt=\"misturador\" title=\"misturador\"\/><\/figure>\n\n\n\n<div style=\"height:0px\" aria-hidden=\"true\" class=\"wp-block-spacer wp-container-content-28f0cd9b\"><\/div>\n\n\n\n<p>5. o interior da m\u00e1quina tem v\u00e1rios idiomas para escolher: chin\u00eas, ingl\u00eas, alem\u00e3o, \u00e1rabe, malaio, tailand\u00eas, espanhol, coreano, etc...<\/p>\n\n\n\n<figure class=\"wp-block-image\"><img decoding=\"async\" src=\"https:\/\/www.hommy.com\/wp-content\/uploads\/17105175543965.jpg\" alt=\"lanugem\" title=\"lanugem\"\/><\/figure>\n\n\n\n<div style=\"height:0px\" aria-hidden=\"true\" class=\"wp-block-spacer wp-container-content-28f0cd9b\"><\/div>\n\n\n\n<p class=\"has-text-align-left\">6. existe um tanque de \u00e1gua limpa e um tanque de \u00e1guas residuais no interior da m\u00e1quina. N\u00e3o \u00e9 necess\u00e1ria uma linha de \u00e1gua. N\u00e3o \u00e9 necess\u00e1rio dreno no ch\u00e3o. Pode sempre ser movido para melhor lucro.<\/p>\n\n\n\n<figure class=\"wp-block-image\"><img decoding=\"async\" src=\"https:\/\/www.hommy.com\/wp-content\/uploads\/17105175576781.jpg\" alt=\"reservat\u00f3rios de \u00e1gua\" title=\"reservat\u00f3rios de \u00e1gua\"\/><\/figure>\n\n\n\n<div style=\"height:0px\" aria-hidden=\"true\" class=\"wp-block-spacer wp-container-content-28f0cd9b\"><\/div>\n<\/div>\n\n\n\n<h2 class=\"wp-block-heading\">FAQ<\/h2>\n\n\n\n<p>A m\u00e1quina de venda autom\u00e1tica de batidos \u00e9 rent\u00e1vel?<\/p>\n\n\n\n<p>Uma m\u00e1quina de venda autom\u00e1tica de batidos pode reduzir os custos operacionais, uma vez que elimina significativamente a necessidade de pagar a dispendiosa taxa de aluguer da loja e os custos de pessoal. S\u00f3 precisa de uma pessoa para reabastecer o material regularmente. Isto faz com que o nosso neg\u00f3cio de m\u00e1quinas de venda autom\u00e1tica de batidos seja uma oportunidade altamente rent\u00e1vel e econ\u00f3mica.<\/p>\n\n\n\n<p>Como funciona a m\u00e1quina de venda autom\u00e1tica de batidos?<\/p>\n\n\n\n<p>Atrav\u00e9s da incorpora\u00e7\u00e3o de tecnologias inovadoras, a m\u00e1quina de venda autom\u00e1tica de batidos armazena frutos congelados, mistura no copo e efectua automaticamente um trabalho de limpeza completo ap\u00f3s cada copo de mistura. Uma ch\u00e1vena de um batido saud\u00e1vel e fresco pode ficar pronta em 1 minuto.&nbsp;<\/p>\n\n\n\n<p>Qual \u00e9 a nova oportunidade de neg\u00f3cio de m\u00e1quinas de venda autom\u00e1tica nos EUA?<\/p>\n\n\n\n<p>Cada vez mais pessoas nos EUA que procuram ser saud\u00e1veis gostam do smoothie fresco. Como \u00e9 que as pessoas podem desfrutar do batido em qualquer altura e em qualquer lugar? A primeira m\u00e1quina de venda autom\u00e1tica de batidos misturados no copo foi encontrada num centro comercial nos EUA. A m\u00e1quina de venda autom\u00e1tica de smoothies de frutas reais congeladas \u00e9 uma nova oportunidade de neg\u00f3cio espalhada por todo o mundo.&nbsp;<\/p>","protected":false},"excerpt":{"rendered":"<p>HM160A: Automatic Smoothie Vending Machine (40-Second Blends!) Hommy HM160A commercial automatic smoothie vending machine can sell delicious and healthy smoothies in 40 seconds using real frozen fruit. Product specification: Product Features: Fresh ingredients, fast service: Make smoothie in 40 seconds! This self-serve vending machine can create delicious and healthy smoothies using real frozen fruit and [&hellip;]<\/p>\n","protected":false},"featured_media":42,"comment_status":"closed","ping_status":"closed","template":"","meta":{"_swt_meta_header_display":false,"_swt_meta_footer_display":false,"_swt_meta_site_title_display":false,"_swt_meta_sticky_header":false,"_swt_meta_transparent_header":false},"product_brand":[],"product_cat":[69,68],"product_tag":[],"class_list":{"0":"post-53","1":"product","2":"type-product","3":"status-publish","4":"has-post-thumbnail","6":"product_cat-smoothie-vending-machine","7":"product_cat-vending-machine","9":"first","10":"instock","11":"shipping-taxable","12":"product-type-simple"},"_links":{"self":[{"href":"https:\/\/www.hommy.com\/pt\/wp-json\/wp\/v2\/product\/53","targetHints":{"allow":["GET"]}}],"collection":[{"href":"https:\/\/www.hommy.com\/pt\/wp-json\/wp\/v2\/product"}],"about":[{"href":"https:\/\/www.hommy.com\/pt\/wp-json\/wp\/v2\/types\/product"}],"replies":[{"embeddable":true,"href":"https:\/\/www.hommy.com\/pt\/wp-json\/wp\/v2\/comments?post=53"}],"wp:featuredmedia":[{"embeddable":true,"href":"https:\/\/www.hommy.com\/pt\/wp-json\/wp\/v2\/media\/42"}],"wp:attachment":[{"href":"https:\/\/www.hommy.com\/pt\/wp-json\/wp\/v2\/media?parent=53"}],"wp:term":[{"taxonomy":"product_brand","embeddable":true,"href":"https:\/\/www.hommy.com\/pt\/wp-json\/wp\/v2\/product_brand?post=53"},{"taxonomy":"product_cat","embeddable":true,"href":"https:\/\/www.hommy.com\/pt\/wp-json\/wp\/v2\/product_cat?post=53"},{"taxonomy":"product_tag","embeddable":true,"href":"https:\/\/www.hommy.com\/pt\/wp-json\/wp\/v2\/product_tag?post=53"}],"curies":[{"name":"wp","href":"https:\/\/api.w.org\/{rel}","templated":true}]}}