{"id":438,"date":"2024-07-02T13:35:55","date_gmt":"2024-07-02T13:35:55","guid":{"rendered":"http:\/\/localhost\/hommywp\/zj190d-new-instant-fresh-sugarcane-juicing-squeezing-machine\/"},"modified":"2025-08-01T09:57:32","modified_gmt":"2025-08-01T09:57:32","slug":"zj190d","status":"publish","type":"product","link":"https:\/\/www.hommy.com\/pt\/p\/zj190d\/","title":{"rendered":"Zj190d Nova m\u00e1quina de espremer suco de cana-de-a\u00e7\u00facar fresco instant\u00e2neo"},"content":{"rendered":"<div>\n<p><span style=\"font-size: 20px\"><br \/><\/span><\/p>\n<h2 style=\"text-align: center\"><strong><span style=\"font-family: arial, helvetica, sans-serif;font-size: 24px\"><a name=\"Sugar Cane Juice Extractor Machine with cooler\"><\/a>M\u00e1quina de extra\u00e7\u00e3o de sumo de cana-de-a\u00e7\u00facar com refrigerador<\/span><\/strong><\/h2>\n<p style=\"text-align: center\"><span style=\"font-family: arial, helvetica, sans-serif;font-size: 16px\"><a href=\"#Sugar Cane Juice Extractor Machine with cooler\" target=\"_self\" data-lv=\"0\" rel=\"noopener\">M\u00e1quina de extra\u00e7\u00e3o de sumo de cana-de-a\u00e7\u00facar com refrigerador<\/a>|<a href=\"#PRODUCT FEATURES\" target=\"_self\" data-lv=\"0\" rel=\"noopener\">CARACTER\u00cdSTICAS DO PRODUTO<\/a>|<a href=\"#Sugarcane Juice Machine With Cooler and freezer\" target=\"_self\" data-lv=\"0\" rel=\"noopener\">M\u00e1quina de sumo de cana-de-a\u00e7\u00facar com refrigerador e congelador<\/a>|<a href=\"#PRODUCT ADVANTAGE\" target=\"_self\" data-lv=\"0\" rel=\"noopener\">VANTAGEM DO PRODUTO<\/a><\/span><\/p>\n<p><span style=\"font-size: 20px\"><br \/><\/span><\/p>\n<p style=\"text-align: center\">&nbsp;<\/p>\n<p><!-- Video start --><video poster=\"https:\/\/img80002414.weyesimg.com\/uploads\/www.hommy.com\/video\/15828463075760.mp4?vframe\/jpg\/offset\/1\" id=\"video\" preload=\"auto\" controls=\"controls\" style=\"width:100%;height:510px\"><\/video><!-- Video end --><\/p>\n<div class=\"text-left d-tem09-title d-interval\" data-detail=\"wrap\">\n<p><\/p>\n<p>A nossa m\u00e1quina \u00e9 precisamente concebida e fabricada utilizando componentes de alta qualidade e tecnologia de ponta para garantir que funciona de acordo com as normas internacionais. Estas m\u00e1quinas s\u00e3o projetadas para oferecer \u00f3timos resultados para os utilizadores. Nossas m\u00e1quinas de espremer suco de cana fresco s\u00e3o amplamente exigidos no mercado devido \u00e0 sua longa vida \u00fatil, confiabilidade, precis\u00e3o, baixa manuten\u00e7\u00e3o, etc.<\/p>\n<h2><strong><span style=\"font-size: 24px;font-family: arial, helvetica, sans-serif\"><br \/><\/span><\/strong><\/h2>\n<h2><strong><span style=\"font-size: 24px;font-family: arial, helvetica, sans-serif\"><a name=\"PRODUCT FEATURES\"><\/a>CARACTER\u00cdSTICAS DO PRODUTO<\/span><\/strong><\/h2>\n<div class=\"subtitle\"><span>A f\u00e1brica da Hommy ocupa uma \u00e1rea de 30500 metros quadrados na cidade de Xinhui Jiangmen, incluindo linhas de produ\u00e7\u00e3o flex\u00edveis, laborat\u00f3rio de I&amp;D, centro de aprendizagem e oficina equipada com equipamento de ponta.<\/span><\/div>\n<p><\/p>\n<\/div>\n<p>&nbsp;<\/p>\n<div class=\"d-tem11-graphic tem11-graphic mockup\" data-detail=\"wrap\">\n<div class=\"tab_row\">\n<div class=\"img\" style=\"width: 50%\"><img decoding=\"async\" height=\"514\" title=\"\" style=\"width: 90.23%\" alt=\"produto-Hommy-img\" src=\"https:\/\/www.hommy.com\/wp-content\/uploads\/15828495889503.png\"><\/div>\n<div class=\"text_box\" style=\"width: 50%\">\n<div class=\"txt\">\n<p>&nbsp;<\/p>\n<h2><strong><span style=\"font-family: arial, helvetica, sans-serif;font-size: 24px\"><a name=\"Sugarcane Juice Machine With Cooler and freezer\"><\/a>M\u00e1quina de sumo de cana-de-a\u00e7\u00facar com refrigerador e congelador<\/span><\/strong><\/h2>\n<p>&nbsp;<\/p>\n<p style=\"line-height: 1.5em\">Seguro, higi\u00e9nico, refrigerador, dispensador de copos, carater\u00edsticas promocionais<br \/>Processo revolucion\u00e1rio de extra\u00e7\u00e3o da cana-de-a\u00e7\u00facar.<br \/>Concebido de forma inovadora com um frigor\u00edfico e um dispensador de copos.<br \/>O design exterior atrai o cliente e ajuda-o a fazer promo\u00e7\u00e3o.<br \/>Higi\u00e9nico: todas as pe\u00e7as em contacto com o sumo s\u00e3o de qualidade alimentar. Os res\u00edduos s\u00e3o encaminhados para o caixote do lixo modular oculto.<br \/>Silenciosa: redu\u00e7\u00e3o do ru\u00eddo at\u00e9 90% em rela\u00e7\u00e3o \u00e0 m\u00e1quina tradicional.<\/p>\n<p style=\"line-height: 1.5em\"><strong><span style=\"font-size: 18px\">Rolo<\/span><\/strong><br \/>Fabricado em a\u00e7o inoxid\u00e1vel 100%.<br \/>Retira facilmente o rolo para o limpar sempre.<br \/>A cana-de-a\u00e7\u00facar triturada numa \u00fanica passagem termina com um rendimento de extra\u00e7\u00e3o de at\u00e9 85%.<\/p>\n<p style=\"line-height: 1.5em\"><strong><span style=\"font-size: 18px\">Motor de mudan\u00e7a de velocidades<\/span><\/strong><br \/>A velocidade do motor \u00e9 vari\u00e1vel em fun\u00e7\u00e3o do di\u00e2metro do caule da cana-de-a\u00e7\u00facar. Quanto maior for o di\u00e2metro, menor ser\u00e1 a velocidade para obter o m\u00e1ximo rendimento de extra\u00e7\u00e3o.<br \/>1\/2HP, 400watt, monof\u00e1sico.<br \/>O rolo \u00e9 capaz de se deslocar para a frente e para tr\u00e1s.<\/p>\n<p style=\"line-height: 1.5em\"><strong><span style=\"font-size: 18px\">Entrada da cana-de-a\u00e7\u00facar<\/span><\/strong><br \/>Acomoda o di\u00e2metro do caule da cana-de-a\u00e7\u00facar at\u00e9 2-1\/4\".<br \/>Sistema de refrigera\u00e7\u00e3o<br \/>O sumo triturado \u00e9 filtrado e rapidamente arrefecido.<br \/>Pode manter o arrefecimento do sumo de3\u2103 a 9\u2103 .<br \/>Torneira de limpeza<br \/>Proporciona comodidade para a limpeza di\u00e1ria do refrigerador e do tubo de liga\u00e7\u00e3o.<\/p>\n<p style=\"line-height: 1.5em\">&nbsp;<\/p>\n<p style=\"line-height: 1.5em\"><span style=\"font-size: 18px\"><strong>Congelador<\/strong><\/span><br \/>Manter a temperatura de 3\u2103a 9\u2103. <br \/>Conservar a lata de a\u00e7\u00facar cerca de 150 unidades. <\/p>\n<p>&nbsp;<\/p>\n<\/div>\n<\/div>\n<\/div>\n<\/div>\n<p><!-- \u8517\u6c41\u673aadvantages start --><\/p>\n<h2><strong><span style=\"font-size: 24px;font-family: arial, helvetica, sans-serif\"><a name=\"PRODUCT ADVANTAGE\"><\/a>VANTAGEM DO PRODUTO<\/span><\/strong><\/h2>\n<div class=\"text-left d-tem09-title d-interval\" data-detail=\"wrap\">\n<div class=\"title-header\">\n<div class=\"subtitle\"><span>Al\u00e9m disso, engenheiros altamente qualificados, tecn\u00f3logos competentes e pessoal experiente contribuem muito para o desenvolvimento da empresa.<\/span><\/div>\n<p><span><\/span><\/div>\n<\/div>\n<div class=\"d-tem01-graphic tem01-graphic mockup\" data-detail=\"wrap\">\n<div class=\"cont-section clearfix d-clearfix\">\n<div class=\"col-md-6 col-sm-6 col-xs-6\">\n<div class=\"right-p\">\n<div class=\"h2 heading\">F\u00e1cil de limpar&nbsp;<\/div>\n<div class=\"description\">O corpo da m\u00e1quina usa a\u00e7o inoxid\u00e1vel para a fabricar e a torneira de \u00e1gua para cada m\u00e1quina \u00e9 f\u00e1cil de operar.&nbsp;<\/div>\n<div class=\"description\">\n<p style=\"text-align: center\"><img loading=\"lazy\" decoding=\"async\" width=\"261\" height=\"244\" style=\"width: 374px\" src=\"https:\/\/www.hommy.com\/wp-content\/uploads\/15825383689650-3.png\" alt=\"produto-M\u00e1quina de espremer cana-de-a\u00e7\u00facar Tommy-ZJ190D com refrigera\u00e7\u00e3o-img\" title=\"\"><\/p>\n<\/div>\n<\/div>\n<p>&nbsp; &nbsp; &nbsp; &nbsp; &nbsp; &nbsp;<\/p><\/div>\n<div class=\"col-md-6 col-sm-6 col-xs-6\">\n<div class=\"right-p\">\n<div class=\"h2 heading\">Telhado e log\u00f3tipo &nbsp;<\/div>\n<div class=\"description\">O telhado de mais de 2,5 metros tamb\u00e9m est\u00e1 equipado com luzes, o que pode atrair mais clientes e o log\u00f3tipo pode fazer a promo\u00e7\u00e3o da sua marca.&nbsp;<\/div>\n<\/div>\n<p style=\"text-align: center\"><\/p>\n<\/div>\n<p style=\"text-align: center\"><span style=\"font-size: 20px\"><img loading=\"lazy\" decoding=\"async\" width=\"851\" height=\"269\" title=\"\" style=\"width: 215px\" alt=\"produto-Hommy-pequena m\u00e1quina de cana-de-a\u00e7\u00facar-img\" src=\"https:\/\/www.hommy.com\/wp-content\/uploads\/15828500133614.png\"><\/span><\/p>\n<\/div>\n<\/div>\n<p>&nbsp;<\/p>\n<div class=\"d-tem01-graphic tem01-graphic mockup\" data-detail=\"wrap\">\n<div class=\"cont-section clearfix d-clearfix\">\n<div class=\"col-md-6 col-sm-6 col-xs-6\">\n<div class=\"right-p\">\n<div class=\"h2 heading\">Filtro<\/div>\n<div class=\"description\">o interior da m\u00e1quina tem 3 camadas de filtro e<\/div>\n<div class=\"description\">este filtro \u00e9 f\u00e1cil de limpar todos os dias.<\/div>\n<div class=\"description\">&nbsp;&nbsp;&nbsp;&nbsp;&nbsp;&nbsp;&nbsp;&nbsp;&nbsp;&nbsp;&nbsp;&nbsp;<img loading=\"lazy\" decoding=\"async\" width=\"345\" height=\"240\" style=\"width: 274px;float: right\" src=\"https:\/\/www.hommy.com\/wp-content\/uploads\/15826146866066-3.jpg\" alt=\"produto-M\u00e1quina de espremer cana-de-a\u00e7\u00facar-ZJ190D com refrigera\u00e7\u00e3o-Hommy-img\" title=\"\"><img loading=\"lazy\" decoding=\"async\" width=\"345\" height=\"231\" title=\"\" style=\"width: 159px\" alt=\"produto-pequena m\u00e1quina de cana-de-a\u00e7\u00facar-Hommy-img\" src=\"https:\/\/www.hommy.com\/wp-content\/uploads\/15826146868350-3.jpg\"><\/div>\n<\/div>\n<\/div>\n<div class=\"col-md-6 col-sm-6 col-xs-6\">\n<div class=\"right-p\">\n<div class=\"h2 heading\">Motor forte&nbsp;<\/div>\n<div class=\"description\">\n<p style=\"text-indent: 0px\"><span style=\"font-family: \u5b8b\u4f53;font-size: 14px\">A velocidade do motor \u00e9 vari\u00e1vel em fun\u00e7\u00e3o do di\u00e2metro do caule da cana-de-a\u00e7\u00facar.<\/span><span style=\"font-family: \u5b8b\u4f53;font-size: 14px\">Quanto maior for o di\u00e2metro, menor ser\u00e1 a velocidade para obter o m\u00e1ximo rendimento de extra\u00e7\u00e3o.<\/span><\/p>\n<p style=\"text-align: center\"><img loading=\"lazy\" decoding=\"async\" width=\"344\" height=\"166\" title=\"\" style=\"width: 208px\" alt=\"produto-Hommy-img\" src=\"https:\/\/www.hommy.com\/wp-content\/uploads\/15826148286381-3.png\"><\/p>\n<\/div>\n<\/div>\n<\/div>\n<\/div>\n<\/div>\n<p><span style=\"text-align: center\"><\/span><span style=\"text-align: center\"><span style=\"text-align: center\"><span style=\"text-align: center\"><\/span><\/span><\/span><\/p>\n<div class=\"d-tem01-graphic tem01-graphic mockup\" data-detail=\"wrap\">\n<div class=\"cont-section clearfix d-clearfix\">\n<div class=\"col-md-6 col-sm-6 col-xs-6\">\n<div class=\"right-p\">\n<div class=\"h2 heading\">\n<p style=\"margin: 0pt\"><span style=\"text-transform: none;letter-spacing: 0pt;font-family: \u5b8b\u4f53;font-size: 13.5pt;font-style: normal;font-weight: normal\">E<\/span><span style=\"font-family: Tahoma;font-size: 10.5pt\"><span>xtrac\u00e7\u00e3o<\/span><\/span><span style=\"font-family: \u5b8b\u4f53;font-size: 10.5pt\"><span>&nbsp;taxa de sumo mais elevada<\/span><\/span><\/p>\n<\/div>\n<div class=\"description\">\n<p style=\"padding: 0px;text-indent: 0px;vertical-align: baseline\"><span style=\"font-family: \u5b8b\u4f53;font-size: 16px\"><span>a m\u00e1quina escolhe um motor forte e a estrutura razo\u00e1vel e bom desempenho de veda\u00e7\u00e3o, apenas uma prensa pode atingir 85% de rendimento de sumo, sem necessidade de m\u00e3o de obra <\/span><\/span><\/p>\n<\/div>\n<\/div>\n<div class=\"graphic_pic animated wow bounceIn\" data-wow-delay=\".7s\">\n<p style=\"text-align: center\"><img loading=\"lazy\" decoding=\"async\" width=\"345\" height=\"219\" title=\"\" style=\"width: 267px\" alt=\"produto-Hommy-img-1\" src=\"https:\/\/www.hommy.com\/wp-content\/uploads\/15826153385230-3.png\"><\/p>\n<\/div>\n<\/div>\n<div class=\"col-md-6 col-sm-6 col-xs-6\">\n<div class=\"right-p\">\n<div class=\"h2 heading\">Rolo&nbsp;<\/div>\n<div class=\"description\">\n<p style=\"padding: 0px;text-align: left;line-height: 17px;vertical-align: baseline\"><span style=\"letter-spacing: 0px;font-family: \u5b8b\u4f53;font-size: 16px;font-style: normal;font-weight: normal\">Eixo de aperto forte <\/span><span style=\"letter-spacing: 0px;font-family: \u5b8b\u4f53;font-size: 16px;font-style: normal;font-weight: normal\">e 100% em a\u00e7o inoxid\u00e1vel e f\u00e1cil de <\/span><span style=\"letter-spacing: 0px;font-family: Tahoma;font-size: 16px;font-style: normal;font-weight: normal\">remover<\/span><span style=\"letter-spacing: 0px;font-family: \u5b8b\u4f53;font-size: 16px;font-style: normal;font-weight: normal\">&nbsp;claro que n\u00e3o \u00e9 f\u00e1cil produzir bact\u00e9rias<\/span><\/p>\n<\/div>\n<\/div>\n<div class=\"graphic_pic animated wow bounceIn\" data-wow-delay=\".7s\">\n<p style=\"text-align: center\"><img loading=\"lazy\" decoding=\"async\" width=\"342\" height=\"240\" title=\"\" style=\"width: 282px\" alt=\"produto-M\u00e1quina de espremer cana-de-a\u00e7\u00facar Tommy-ZJ190D com refrigera\u00e7\u00e3o-img-1\" src=\"https:\/\/www.hommy.com\/wp-content\/uploads\/15826154235310-3.png\"><\/p>\n<\/div>\n<\/div>\n<\/div>\n<\/div>\n<p><span style=\"text-align: center\"><span style=\"text-align: center\"><span style=\"text-align: center\"><span style=\"text-align: center\"><span style=\"text-align: center\"><span style=\"text-align: center\"><\/span><\/span><\/span><\/span><\/span><\/span><\/p>\n<div class=\"d-tem01-graphic tem01-graphic mockup\" data-detail=\"wrap\">\n<div class=\"cont-section clearfix d-clearfix\">\n<div class=\"col-md-6 col-sm-6 col-xs-6\">\n<div class=\"right-p\">\n<div class=\"h2 heading\">Congelador&nbsp;<\/div>\n<div class=\"description\">a m\u00e1quina tem no seu interior um congelador para manter a cana-de-a\u00e7\u00facar fresca, que mant\u00e9m a temperatura de<\/div>\n<div class=\"description\"><span style=\"font-family: \u5b8b\u4f53;font-size: 10.5pt\"><span>3<\/span><\/span><span style=\"font-family: \u5b8b\u4f53;font-size: 10.5pt\"><span>\u2103<\/span><\/span><span style=\"font-family: \u5b8b\u4f53;font-size: 10.5pt\"><span>a 9<\/span><\/span><span style=\"font-family: \u5b8b\u4f53;font-size: 10.5pt\"><span>O congelador no interior pode guardar cerca de 100-150pcs de cana-de-a\u00e7\u00facar.&nbsp;<\/span><\/span><\/div>\n<\/div>\n<div class=\"graphic_pic animated wow bounceIn\" data-wow-delay=\".7s\">\n<p style=\"text-align: center\"><img loading=\"lazy\" decoding=\"async\" width=\"201\" height=\"225\" title=\"\" style=\"width: 153px\" alt=\"produto-Hommy-pequena m\u00e1quina de cana-de-a\u00e7\u00facar-img-1\" src=\"https:\/\/www.hommy.com\/wp-content\/uploads\/15827113126299-2.png\"><\/p>\n<\/div>\n<\/div>\n<div class=\"col-md-6 col-sm-6 col-xs-6\">\n<div class=\"right-p\">\n<div class=\"h2 heading\">\n<p style=\"margin: 0pt\">Dusbin<\/p>\n<\/div>\n<div class=\"description\">Existe um caixote do lixo de grande capacidade no interior da m\u00e1quina.<\/div>\n<\/div>\n<div class=\"graphic_pic animated wow bounceIn\" data-wow-delay=\".7s\">&nbsp;&nbsp;&nbsp;&nbsp;&nbsp;&nbsp;&nbsp;&nbsp;&nbsp;&nbsp;&nbsp;&nbsp;<\/p>\n<p style=\"text-align: center\"><img loading=\"lazy\" decoding=\"async\" width=\"201\" height=\"268\" title=\"\" style=\"width: 250px\" alt=\"produto-M\u00e1quina de espremer cana-de-a\u00e7\u00facar-ZJ190D com refrigera\u00e7\u00e3o-Hommy-img-1\" src=\"https:\/\/www.hommy.com\/wp-content\/uploads\/15827116982531-2.png\"><\/p>\n<\/div>\n<\/div>\n<\/div>\n<\/div>\n<p><!-- \u8517\u6c41\u673aadvantages End --><\/p>\n<p>&nbsp;&nbsp;&nbsp;&nbsp;&nbsp;&nbsp;&nbsp;&nbsp;&nbsp;&nbsp;&nbsp;&nbsp;&nbsp;&nbsp;&nbsp;&nbsp;&nbsp;&nbsp;&nbsp;&nbsp;&nbsp;&nbsp;&nbsp;&nbsp;&nbsp;&nbsp;&nbsp;&nbsp;&nbsp;&nbsp;&nbsp;&nbsp;&nbsp;&nbsp;&nbsp;&nbsp;&nbsp;&nbsp;&nbsp;&nbsp;&nbsp;&nbsp;&nbsp;&nbsp;&nbsp;&nbsp;&nbsp;&nbsp;&nbsp;&nbsp;&nbsp;&nbsp;&nbsp;&nbsp;&nbsp;&nbsp;&nbsp;&nbsp;&nbsp;&nbsp;&nbsp;&nbsp;&nbsp;&nbsp;&nbsp;&nbsp;&nbsp;&nbsp;&nbsp;&nbsp;&nbsp;&nbsp;&nbsp;&nbsp;&nbsp;<\/p>\n<p>Documento\uff1a<img decoding=\"async\" src=\"https:\/\/www.hommy.com\/wp-content\/uploads\/icon_pdf-14.gif\" style=\"margin-right: 2px\" alt=\"produto-pequena m\u00e1quina de cana-de-a\u00e7\u00facar-Hommy-img-1\" title=\"\"><a href=\"https:\/\/img80002414.weyesimg.com\/uploads\/www.hommy.com\/addon\/16028294431979.pdf\" title=\"16028294431979.pdf\" style=\"font-size: 12px\">16028294431979.pdf<\/a><\/p>\n<h2>Quanto custam os espremedores de sumos?<\/h2>\n<p style=\"margin-top: 5px;margin-bottom: 5px\">O custo m\u00e9dio de uma m\u00e1quina de sumos topo de gama pode variar entre $250 e $600, dependendo das carater\u00edsticas do produto e da escolha de um espremedor manual ou vertical. Os pre\u00e7os dos espremedores econ\u00f3micos come\u00e7am nos $100 e v\u00e3o at\u00e9 aos $300 ou mais.<\/p>\n<p style=\"margin-top: 5px;margin-bottom: 5px\"><\/p>\n<h2>O sumo de cana-de-a\u00e7\u00facar expira em 15 minutos?<\/h2>\n<p style=\"margin-top: 5px;margin-bottom: 5px\">O sumo de cana-de-a\u00e7\u00facar \u00e9 um excelente complemento para a sua dieta. \u00c9 uma \u00f3ptima fonte de hidratos de carbono simples. \u00c9 tamb\u00e9m uma \u00f3ptima fonte de prote\u00ednas. O sumo de cana-de-a\u00e7\u00facar \u00e9 tamb\u00e9m uma excelente fonte de vitamina C, B6 e folato. O sumo de cana-de-a\u00e7\u00facar, tal como outros sumos, \u00e9 perec\u00edvel.<\/p>\n<p style=\"margin-top: 5px;margin-bottom: 5px\"><\/p>\n<h2>Espremedor de sumos Breville S\u00e9rie 800: 2.550 Watts<\/h2>\n<p style=\"margin-top: 5px;margin-bottom: 5px\">O espremedor Breville \u00e9 um dos melhores espremedores para fazer sumo de cana-de-a\u00e7\u00facar. O espremedor Breville 800 Series Juicer est\u00e1 dispon\u00edvel em diferentes modelos com v\u00e1rios n\u00edveis de pot\u00eancia e produ\u00e7\u00e3o de sumo. Para a extra\u00e7\u00e3o de sumo, pode escolher o espremedor Breville 800 Series Juicer ou o Breville 700 Series Juicer. Aqui est\u00e1 o que precisa de saber sobre o espremedor Breville e o processo de extra\u00e7\u00e3o de sumo.<\/p>\n<\/div><\/div>","protected":false},"excerpt":{"rendered":"<p>Sugar Cane Juice Extractor Machine with cooler Sugar Cane Juice Extractor Machine with cooler|PRODUCT FEATURES|Sugarcane Juice Machine With Cooler and freezer|PRODUCT ADVANTAGE &nbsp; Our machine is precisely designed and fabricated using high grade components and latest technology to ensure that it functions as per the international standards. These machines are designed to offer optimum results [&hellip;]<\/p>\n","protected":false},"featured_media":422,"comment_status":"open","ping_status":"open","template":"","meta":{"_swt_meta_header_display":false,"_swt_meta_footer_display":false,"_swt_meta_site_title_display":false,"_swt_meta_sticky_header":false,"_swt_meta_transparent_header":false},"product_brand":[],"product_cat":[75],"product_tag":[],"class_list":{"0":"post-438","1":"product","2":"type-product","3":"status-publish","4":"has-post-thumbnail","6":"product_cat-sugarcane-juice-machine","8":"first","9":"instock","10":"shipping-taxable","11":"product-type-simple"},"_links":{"self":[{"href":"https:\/\/www.hommy.com\/pt\/wp-json\/wp\/v2\/product\/438","targetHints":{"allow":["GET"]}}],"collection":[{"href":"https:\/\/www.hommy.com\/pt\/wp-json\/wp\/v2\/product"}],"about":[{"href":"https:\/\/www.hommy.com\/pt\/wp-json\/wp\/v2\/types\/product"}],"replies":[{"embeddable":true,"href":"https:\/\/www.hommy.com\/pt\/wp-json\/wp\/v2\/comments?post=438"}],"wp:featuredmedia":[{"embeddable":true,"href":"https:\/\/www.hommy.com\/pt\/wp-json\/wp\/v2\/media\/422"}],"wp:attachment":[{"href":"https:\/\/www.hommy.com\/pt\/wp-json\/wp\/v2\/media?parent=438"}],"wp:term":[{"taxonomy":"product_brand","embeddable":true,"href":"https:\/\/www.hommy.com\/pt\/wp-json\/wp\/v2\/product_brand?post=438"},{"taxonomy":"product_cat","embeddable":true,"href":"https:\/\/www.hommy.com\/pt\/wp-json\/wp\/v2\/product_cat?post=438"},{"taxonomy":"product_tag","embeddable":true,"href":"https:\/\/www.hommy.com\/pt\/wp-json\/wp\/v2\/product_tag?post=438"}],"curies":[{"name":"wp","href":"https:\/\/api.w.org\/{rel}","templated":true}]}}