{"id":399,"date":"2024-07-02T13:35:40","date_gmt":"2024-07-02T13:35:40","guid":{"rendered":"http:\/\/localhost\/hommywp\/zj150-table-top-sugarcane-juicer-desktop-juice-extractor-wholesale\/"},"modified":"2025-08-01T09:57:32","modified_gmt":"2025-08-01T09:57:32","slug":"espremedor-de-cana-de-mesa","status":"publish","type":"product","link":"https:\/\/www.hommy.com\/pt\/p\/espremedor-de-cana-de-mesa\/","title":{"rendered":"Zj150 espremedor de cana de mesa extrator de suco de mesa por atacado"},"content":{"rendered":"<div>\n<p>&nbsp;<\/p>\n<h2 style=\"text-align: center\"><strong><span style=\"font-family: arial, helvetica, sans-serif;font-size: 24px\"><a name=\"Sugar Cane Juice Extractor Machine with cooler\"><\/a>M\u00e1quina de extra\u00e7\u00e3o de sumo de cana-de-a\u00e7\u00facar com refrigerador<\/span><\/strong><\/h2>\n<p style=\"text-align: center\"><span style=\"font-size: 16px\"><span style=\"font-family: arial, helvetica, sans-serif\"><a href=\"#Sugar Cane Juice Extractor Machine with cooler\" target=\"_self\" data-lv=\"0\" rel=\"noopener\">M\u00e1quina de extra\u00e7\u00e3o de sumo de cana-de-a\u00e7\u00facar com refrigerador<\/a>|<a href=\"#PRODUCT FEATURES\" target=\"_self\" data-lv=\"0\" rel=\"noopener\">CARACTER\u00cdSTICAS DO PRODUTO<\/a>|<a href=\"#Sugarcane extraction process\" target=\"_self\" data-lv=\"0\" rel=\"noopener\">Processo de extra\u00e7\u00e3o da cana-de-a\u00e7\u00facar<\/a>|<a href=\"#PRODUCT DETAILS\" target=\"_self\" data-lv=\"0\" rel=\"noopener\">DETALHES DO PRODUTO<\/a>|<a href=\"#PRODUCT ADVANTAGE\" target=\"_self\" data-lv=\"0\" rel=\"noopener\">VANTAGEM DO PRODUTO<\/a><\/span><\/span><\/p>\n<p style=\"text-align: center\">&nbsp;<\/p>\n<p><!-- Video start --><video poster=\"https:\/\/img80002414.weyesimg.com\/uploads\/wij2rdgc.allweyes.com\/video\/15553140195921.mp4?vframe\/jpg\/offset\/1\" id=\"video\" preload=\"auto\" controls=\"controls\" style=\"width:100%;height:510px\"><\/video><!-- Video end --><\/p>\n<p><\/p>\n<p>Este tampo de mesa <a style=\"color:blue\" href=\"https:\/\/www.hommy.com\/pt\/sugarcan-juice-machine\/\">m\u00e1quina de espremer cana-de-a\u00e7\u00facar<\/a> \u00e9 concebido e fabricado pelos nossos especialistas para lhe fornecer o espremedor de melhor qualidade. A nossa m\u00e1quina de sumo de cana-de-a\u00e7\u00facar est\u00e1 equipada com componentes de primeira qualidade que lhe proporcionam o sumo de melhor qualidade. Al\u00e9m disso, a nossa m\u00e1quina de sumo est\u00e1 equipada com um consumo de energia muito baixo que a torna eficiente em termos energ\u00e9ticos. Esta m\u00e1quina de sumo \u00e9 muito f\u00e1cil de operar e est\u00e1 dispon\u00edvel a um pre\u00e7o muito razo\u00e1vel.&nbsp;<\/p>\n<div class=\"text-left d-tem09-title d-interval\" data-detail=\"wrap\">\n<div class=\"title-header\">\n<h2><strong><span style=\"font-size: 24px;font-family: arial, helvetica, sans-serif\"><a name=\"PRODUCT FEATURES\"><\/a>CARACTER\u00cdSTICAS DO PRODUTO<\/span><\/strong><\/h2>\n<div class=\"subtitle\"><span>A f\u00e1brica da Hommy ocupa uma \u00e1rea de 30500 metros quadrados na cidade de Xinhui Jiangmen, incluindo linhas de produ\u00e7\u00e3o flex\u00edveis, laborat\u00f3rio de I&amp;D, centro de aprendizagem e oficina equipada com equipamento de ponta.<\/span><\/div>\n<\/div>\n<\/div>\n<p>&nbsp;<\/p>\n<div class=\"d-tem11-graphic tem11-graphic mockup\" data-detail=\"wrap\">\n<div class=\"tab_row\">\n<div class=\"img\" style=\"width: 50%\"><img decoding=\"async\" title=\"\" alt=\"produto-Hommy-img\" src=\"https:\/\/www.hommy.com\/wp-content\/uploads\/15553143755100.jpg\"><\/div>\n<div class=\"text_box\" style=\"width: 50%\">\n<div class=\"txt\">\n<p>&nbsp;<\/p>\n<h2><strong><span style=\"font-family: arial, helvetica, sans-serif;font-size: 24px\"><a name=\"Sugarcane extraction process\"><\/a>Processo de extra\u00e7\u00e3o da cana-de-a\u00e7\u00facar<\/span><\/strong><\/h2>\n<p>&nbsp;<\/p>\n<p style=\"line-height: 1.5em\">Silencioso, compacto, dur\u00e1vel, f\u00e1cil de limpar, higi\u00e9nico e seguro de operar.<\/p>\n<p style=\"line-height: 1.5em\"><strong><span style=\"font-size: 18px\">Rolo<\/span><\/strong><br \/>Fabricado em a\u00e7o inoxid\u00e1vel 100%.<br \/>\u00c9 f\u00e1cil pegar no rolo para limpar sempre.<br \/>A cana-de-a\u00e7\u00facar \u00e9 triturada numa \u00fanica passagem com extra\u00e7\u00e3o 85% .<\/p>\n<p style=\"line-height: 1.5em\"><strong><span style=\"font-size: 18px\">Motor de engrenagens<\/span><\/strong><br \/>Motor de engrenagem de velocidade reduzida para um bin\u00e1rio m\u00e1ximo, 1\/2HP, 400watt, monof\u00e1sico.<br \/>\nTalo de cana<br \/>Acomoda o caule de cana-de-a\u00e7\u00facar at\u00e9 2-1\/4\" de di\u00e2metro.<\/p>\n<p style=\"line-height: 1.5em\"><strong><span style=\"font-size: 18px\">Sistema de controlo<\/span><\/strong><br \/>O trabalho do rolo pode avan\u00e7ar e recuar Mudar <br \/>Seguran\u00e7a<br \/>Interbloqueio autom\u00e1tico de seguran\u00e7a Interruptor<br \/>Higi\u00e9nico<\/p>\n<p>&nbsp;<\/p>\n<\/div>\n<\/div>\n<\/div>\n<\/div>\n<p>&nbsp;<\/p>\n<div class=\"text-left d-tem09-title d-interval\" data-detail=\"wrap\">\n<div class=\"title-header\">\n<h2><strong><span style=\"font-size: 24px;font-family: arial, helvetica, sans-serif\"><a name=\"PRODUCT DETAILS\"><\/a>DETALHES DO PRODUTO<\/span><\/strong><\/h2>\n<div class=\"subtitle\"><span>Ap\u00f3s anos de desenvolvimento, estabelecemos uma rede de distribui\u00e7\u00e3o em grande escala em v\u00e1rios pa\u00edses e recebemos um bom feedback dos nossos clientes.<\/span><\/div>\n<\/div>\n<\/div>\n<p>&nbsp;<\/p>\n<div class=\"d-tem18-graphic d-clearfix d-interval mockup clearfix\" data-detail=\"wrap\">\n<div class=\"col-lg-4 col-md-4 col-sm-4 col-xs-6\">\n<div class=\"item\">\n<div class=\"images\"><img decoding=\"async\" title=\"\" alt=\"produto-Hommy-img\" src=\"https:\/\/www.hommy.com\/wp-content\/uploads\/15553143982359.jpg\"><\/div>\n<\/div>\n<\/div>\n<div class=\"col-lg-4 col-md-4 col-sm-4 col-xs-6\">\n<div class=\"item\">\n<div class=\"images\"><img decoding=\"async\" title=\"\" alt=\"produto-Hommy-ZJ150 Espremedor de cana-de-a\u00e7\u00facar de mesa-img\" src=\"https:\/\/www.hommy.com\/wp-content\/uploads\/15553144069641.jpg\"><\/div>\n<\/div>\n<\/div>\n<div class=\"col-lg-4 col-md-4 col-sm-4 col-xs-6\">\n<div class=\"item\">\n<div class=\"images\"><img decoding=\"async\" title=\"\" alt=\"produto-ZJ150 Espremedor de cana-de-a\u00e7\u00facar de mesa-Hommy-img\" src=\"https:\/\/www.hommy.com\/wp-content\/uploads\/15553144137588.jpg\"><\/div>\n<\/div>\n<\/div>\n<\/div>\n<p>&nbsp;<\/p>\n<div class=\"d-tem18-graphic d-clearfix d-interval mockup clearfix\" data-detail=\"wrap\">\n<div class=\"col-lg-4 col-md-4 col-sm-4 col-xs-6\">\n<div class=\"item\">\n<div class=\"images\"><img decoding=\"async\" title=\"\" alt=\"produto-Hommy-img\" src=\"https:\/\/www.hommy.com\/wp-content\/uploads\/15553144276886.jpg\"><\/div>\n<\/div>\n<\/div>\n<div class=\"col-lg-4 col-md-4 col-sm-4 col-xs-6\">\n<div class=\"item\">\n<div class=\"images\"><img decoding=\"async\" title=\"\" alt=\"produto-Hommy-img\" src=\"https:\/\/www.hommy.com\/wp-content\/uploads\/15553144368062.jpg\"><\/div>\n<\/div>\n<\/div>\n<div class=\"col-lg-4 col-md-4 col-sm-4 col-xs-6\">\n<div class=\"item\">\n<div class=\"images\"><img decoding=\"async\" title=\"\" alt=\"produto-Hommy-img-1\" src=\"https:\/\/www.hommy.com\/wp-content\/uploads\/15553144427240.jpg\"><\/div>\n<\/div>\n<\/div>\n<\/div>\n<p>&nbsp;<\/p>\n<div class=\"text-left d-tem09-title d-interval\" data-detail=\"wrap\">\n<div class=\"title-header\">\n<h2><span style=\"font-family: arial, helvetica, sans-serif\"><strong><span style=\"font-size: 24px\"><a name=\"Product Advantage\"><\/a>VANTAGEM DO PRODUTO<\/span><\/strong><\/span><\/h2>\n<p><span>Al\u00e9m disso, engenheiros altamente qualificados, tecn\u00f3logos competentes e pessoal experiente contribuem muito para o desenvolvimento da empresa.<\/span><\/p>\n<p><span><img loading=\"lazy\" decoding=\"async\" title=\"\" alt=\"produto-Hommy-img-1\" src=\"https:\/\/www.hommy.com\/wp-content\/uploads\/15553145973638.jpg\" style=\"font-size: 0px;width: 200px;height: 600px\" width=\"200\" height=\"600\" border=\"0\" vspace=\"0\"><\/span><\/p>\n<p><span><span style=\"text-align: center\"><img loading=\"lazy\" decoding=\"async\" src=\"https:\/\/www.hommy.com\/wp-content\/uploads\/15795117582501.jpg\" title=\"\" alt=\"produto-Hommy-ZJ150 Espremedor de cana-de-a\u00e7\u00facar de mesa-img-1\" width=\"200\" height=\"666\" border=\"0\" vspace=\"0\" style=\"width: 200px;height: 666px\"><\/span><\/span><\/p>\n<p><span><span style=\"text-align: center\">1. rolo: 100% rolo de a\u00e7o inoxid\u00e1vel #304 de qualidade alimentar<\/span><br style=\"text-align: center\" \/><span style=\"text-align: center\">O rolo pode ser facilmente retirado para limpar todos os dias&nbsp;<\/span><br style=\"text-align: center\" \/><span style=\"text-align: center\">Sumo para levar para fora da embalagem : 85%&nbsp;<\/span><\/span><\/p>\n<p><span><img loading=\"lazy\" decoding=\"async\" src=\"https:\/\/www.hommy.com\/wp-content\/uploads\/15795118756560.jpg\" title=\"\" alt=\"produto-ZJ150 Espremedor de cana-de-a\u00e7\u00facar de mesa-Hommy-img-1\" width=\"200\" height=\"498\" border=\"0\" vspace=\"0\" style=\"width: 200px;height: 498px\"><\/span><\/p>\n<p><span><br style=\"text-align: center\" \/><span style=\"text-align: center\">2. corpo em a\u00e7o inoxid\u00e1vel .<\/span><\/span><\/p>\n<\/div>\n<\/div>\n<p>Documento:<img decoding=\"async\" src=\"https:\/\/www.hommy.com\/wp-content\/uploads\/icon_pdf-11.gif\" style=\"margin-right: 2px\" alt=\"produto-Hommy-img-1\" title=\"\"><a href=\"https:\/\/img80002414.weyesimg.com\/uploads\/www.hommy.com\/addon\/16028268331685.pdf\" title=\"16028268331685.pdf\" style=\"font-size: 12px\">16028268331685.pdf<\/a><\/p>\n<h2 style=\"font-family: sans-serif\">Posso congelar o sumo de cana-de-a\u00e7\u00facar?<\/h2>\n<p style=\"margin-top: 5px;margin-bottom: 5px;font-family: sans-serif;font-size: 16px\">Sim. \u00c9 o mesmo que congelar limonada.  Mas n\u00e3o a congele durante muito tempo ou ficar\u00e1 com a\u00e7\u00facar cristalizado no sumo.  Se estiveres apenas a tentar guard\u00e1-lo, basta coloc\u00e1-lo no frigor\u00edfico e ele conserva-se durante uma semana.<\/p>\n<p style=\"margin-top: 5px;margin-bottom: 5px;font-family: sans-serif;font-size: 16px\"><\/p>\n<h2 style=\"font-family: sans-serif\">Quantas toneladas de cana-de-a\u00e7\u00facar crescem num hectare?<\/h2>\n<p style=\"margin-top: 5px;margin-bottom: 5px;font-family: sans-serif;font-size: 16px\">De acordo com o USDA, uma tonelada de cana-de-a\u00e7\u00facar equivale a 2.224 libras, ou 1.000 quilos. Este \u00e9 o rendimento m\u00e9dio para os produtores comerciais de cana-de-a\u00e7\u00facar nos Estados Unidos. Em 2014, o USDA informou que o rendimento m\u00e9dio para todos os produtores de cana-de-a\u00e7\u00facar foi de 5.383 toneladas de cana-de-a\u00e7\u00facar por acre. Isto inclui todos os tipos de cana-de-a\u00e7\u00facar, incluindo seca e h\u00famida.<\/p>\n<p style=\"margin-top: 5px;margin-bottom: 5px;font-family: sans-serif;font-size: 16px\"><\/p>\n<h2 style=\"font-family: sans-serif\">Quanto tempo dura o sumo de cana-de-a\u00e7\u00facar?<\/h2>\n<p style=\"margin-top: 5px;margin-bottom: 5px;font-family: sans-serif;font-size: 16px\">Embora n\u00e3o tenha efectuado quaisquer estudos a longo prazo sobre o sumo de cana-de-a\u00e7\u00facar, \u00e9 do meu conhecimento que o sumo de cana-de-a\u00e7\u00facar \u00e9 melhor quando consumido imediatamente ap\u00f3s a sua produ\u00e7\u00e3o.&nbsp;<\/p>\n<\/div><\/div>","protected":false},"excerpt":{"rendered":"<p>&nbsp; Sugar Cane Juice Extractor Machine with cooler Sugar Cane Juice Extractor Machine with cooler|PRODUCT FEATURES|Sugarcane extraction process|PRODUCT DETAILS|PRODUCT ADVANTAGE &nbsp; This Table top sugarcane juicer machine is designed and manufactured by our experts to provide you the best quality juicer. Our sugarcane juicer machine is equipped with top grade components that provide you the [&hellip;]<\/p>\n","protected":false},"featured_media":388,"comment_status":"open","ping_status":"open","template":"","meta":{"_swt_meta_header_display":false,"_swt_meta_footer_display":false,"_swt_meta_site_title_display":false,"_swt_meta_sticky_header":false,"_swt_meta_transparent_header":false},"product_brand":[],"product_cat":[75],"product_tag":[],"class_list":{"0":"post-399","1":"product","2":"type-product","3":"status-publish","4":"has-post-thumbnail","6":"product_cat-sugarcane-juice-machine","8":"first","9":"instock","10":"shipping-taxable","11":"product-type-simple"},"_links":{"self":[{"href":"https:\/\/www.hommy.com\/pt\/wp-json\/wp\/v2\/product\/399","targetHints":{"allow":["GET"]}}],"collection":[{"href":"https:\/\/www.hommy.com\/pt\/wp-json\/wp\/v2\/product"}],"about":[{"href":"https:\/\/www.hommy.com\/pt\/wp-json\/wp\/v2\/types\/product"}],"replies":[{"embeddable":true,"href":"https:\/\/www.hommy.com\/pt\/wp-json\/wp\/v2\/comments?post=399"}],"wp:featuredmedia":[{"embeddable":true,"href":"https:\/\/www.hommy.com\/pt\/wp-json\/wp\/v2\/media\/388"}],"wp:attachment":[{"href":"https:\/\/www.hommy.com\/pt\/wp-json\/wp\/v2\/media?parent=399"}],"wp:term":[{"taxonomy":"product_brand","embeddable":true,"href":"https:\/\/www.hommy.com\/pt\/wp-json\/wp\/v2\/product_brand?post=399"},{"taxonomy":"product_cat","embeddable":true,"href":"https:\/\/www.hommy.com\/pt\/wp-json\/wp\/v2\/product_cat?post=399"},{"taxonomy":"product_tag","embeddable":true,"href":"https:\/\/www.hommy.com\/pt\/wp-json\/wp\/v2\/product_tag?post=399"}],"curies":[{"name":"wp","href":"https:\/\/api.w.org\/{rel}","templated":true}]}}