{"id":367,"date":"2024-07-02T13:06:07","date_gmt":"2024-07-02T13:06:07","guid":{"rendered":"http:\/\/localhost\/hommywp\/pa-c5b-auto-touch-screen-hot-dog-lunch-vending-machine\/"},"modified":"2025-08-01T09:57:32","modified_gmt":"2025-08-01T09:57:32","slug":"pa-c5b-maquina-de-venda-automatica-de-alimentos-quentes-e-congelados","status":"publish","type":"product","link":"https:\/\/www.hommy.com\/pt\/p\/pa-c5b-maquina-de-venda-automatica-de-alimentos-quentes-e-congelados\/","title":{"rendered":"Pa-C5b M\u00e1quina de venda autom\u00e1tica de cachorro-quente e almo\u00e7o com ecr\u00e3 t\u00e1til"},"content":{"rendered":"<div>\n<h1 style=\"text-align: center\"><strong><span style=\"letter-spacing: 0px;font-family: arial, helvetica, sans-serif;font-size: 24px\"><a name=\"Hot meal vending machine in 24 hours\"><\/a>M\u00e1quina de venda autom\u00e1tica de refei\u00e7\u00f5es quentes em 24 horas<\/span><\/strong><\/h1>\n<p style=\"text-align: center\"><a href=\"#Hot meal vending machine in 24 hours\" target=\"_self\" data-lv=\"0\" rel=\"noopener\"><span style=\"letter-spacing: 0px;font-family: arial, helvetica, sans-serif;font-size: 18px\">M\u00e1quina de venda autom\u00e1tica de refei\u00e7\u00f5es quentes em 24 horas<\/span><\/a><span style=\"letter-spacing: 0px;font-family: arial, helvetica, sans-serif;font-size: 18px\">|<a href=\"#Product Features\" target=\"_self\" data-lv=\"0\" rel=\"noopener\">Carater\u00edsticas do produto<\/a>|<a href=\"#Product specification\" target=\"_self\" data-lv=\"0\" rel=\"noopener\">Especifica\u00e7\u00e3o do produto<\/a>|<a href=\"#Product Advantage\" target=\"_self\" data-lv=\"0\" rel=\"noopener\">Vantagem do produto<\/a><\/span><\/p>\n<p><strong><span style=\"letter-spacing: 0px;font-family: arial, helvetica, sans-serif;font-size: 24px\"><br \/><\/span><\/strong><\/p>\n<p><\/p>\n<p style=\"text-align: center\">&nbsp;&nbsp;&nbsp;&nbsp;<\/p>\n<p><span style=\"font-family:\u5b8b\u4f53;letter-spacing:0;font-size:29px\">Temos estado a fazer isto nos \u00faltimos anos. As nossas m\u00e1quinas de venda autom\u00e1tica de cachorros-quentes s\u00e3o concebidas para fazer dinheiro. As m\u00e1quinas de venda autom\u00e1tica de cachorros-quentes s\u00e3o conhecidas por serem os produtos alimentares mais populares no mercado atual. H\u00e1 muitos itens alimentares diferentes que tamb\u00e9m est\u00e3o a ser vendidos no mercado hoje. As nossas m\u00e1quinas de venda autom\u00e1tica de cachorros-quentes s\u00e3o especificamente concebidas para lhe permitir ganhar dinheiro com a venda de cachorros-quentes no mercado. As m\u00e1quinas de venda autom\u00e1tica de cachorros-quentes podem ser instaladas no mercado para que os clientes possam fazer as suas encomendas facilmente. As m\u00e1quinas de venda autom\u00e1tica de cachorros-quentes s\u00e3o muito f\u00e1ceis de usar e s\u00e3o configuradas.<\/span><\/p>\n<p><span style=\"font-family:\u5b8b\u4f53;letter-spacing:0;font-size:29px\"><\/span><\/p>\n<div class=\"d-tem01-graphic tem01-graphic mockup\" data-detail=\"wrap\">\n<div class=\"cont-section clearfix d-clearfix\">\n<div class=\"col-md-6 col-sm-6 col-xs-6\">\n<p><\/p>\n<p><\/p>\n<p><\/p>\n<p><\/p>\n<div class=\"graphic_pic animated wow bounceIn\" data-wow-delay=\".7s\">\n<p style=\"text-align:center\"><img loading=\"lazy\" decoding=\"async\" src=\"https:\/\/www.hommy.com\/wp-content\/uploads\/16103279005601.jpg\" alt=\"produto-Hommy-PA-C5B M\u00e1quina autom\u00e1tica de venda autom\u00e1tica de alimentos quentes e congelados-img\" title=\"\" width=\"550\" height=\"500\" border=\"0\" vspace=\"0\" style=\"width: 550px;height: 500px\"><\/p>\n<\/div>\n<\/div>\n<div class=\"col-md-6 col-sm-6 col-xs-6\">\n<div class=\"right-p\">\n<div class=\"h2 heading\">\n<p><span style=\"font-family:Calibri;font-size:21px\"><\/span><\/p>\n<h1><span style=\"font-size: 24px\"><strong><span style=\"letter-spacing: 0px;font-family: arial, helvetica, sans-serif\"><a name=\"Product Features\"><\/a>Carater\u00edsticas do produto<\/span><\/strong><\/span><\/h1>\n<p><span style=\"font-size: 24px\"><strong><span style=\"letter-spacing: 0px;font-family: arial, helvetica, sans-serif\"><br \/><\/span><\/strong><\/span><\/p>\n<p><span style=\"font-family: arial, helvetica, sans-serif;font-size: 18px\">1. Ecr\u00e3 t\u00e1til de 32\" para promo\u00e7\u00e3o e opera\u00e7\u00e3o. Sistema de gest\u00e3o de plataforma em nuvem. <br \/><\/span><\/p>\n<p style=\"margin: 0 0 17px;text-indent: 0;padding: 0;line-height: 18px\"><span style=\"font-family: arial, helvetica, sans-serif;font-size: 18px\">2. Janela visual do produto. A porta \u00e9 feita em duas camadas de vidro visual totalmente selado e no exterior com uma camada de pel\u00edcula de vidro com fun\u00e7\u00e3o de descongela\u00e7\u00e3o autom\u00e1tica.<\/span><\/p>\n<p style=\"margin: 0 0 17px;text-indent: 0;padding: 0;line-height: 18px\"><span style=\"font-family: arial, helvetica, sans-serif;font-size: 18px\">3. Sistema de pagamento<span style=\"font-family: arial, helvetica, sans-serif;font-size: 21px\">\uff1a<\/span><\/span><\/p>\n<p style=\"margin: 0 0 17px;text-indent: 0;padding: 0\"><span style=\"font-family: arial, helvetica, sans-serif;font-size: 18px\">4. A m\u00e1quina no interior pode manter 81pcs refei\u00e7\u00e3o selada, tamanho da refei\u00e7\u00e3o selada: 8\"(L)x5 1\/8\"(W)*1 3\/8\"(H). <\/span><\/p>\n<p style=\"margin-left:0;text-indent:0\"><span style=\"font-family: arial, helvetica, sans-serif;font-size: 18px\">5. Existem 1-27 tipos de alimentos dispon\u00edveis para venda, e o pre\u00e7o e o tempo de aquecimento de cada item podem ser definidos separadamente.<\/span><\/p>\n<p style=\"margin-left:0;text-indent:0\"><span style=\"font-family: arial, helvetica, sans-serif;font-size: 18px\">6. A temperatura da sala de armazenamento dispon\u00edvel a partir de 0 \u2103 \uff5e 4 \u2103. Pode ser configurado com base em diferentes produtos.<\/span><\/p>\n<p style=\"margin-left:0;text-indent:0\"><span style=\"font-size: 18px;font-family: arial, helvetica, sans-serif\"><span style=\"font-size: 18px\">7. Temperatura de aquecimento: &nbsp;<\/span>60\u2103\uff5e90\u2103. N<span style=\"font-size: 18px;letter-spacing: 0px\">S\u00e3o necess\u00e1rios 45 segundos para cozer uma refei\u00e7\u00e3o selada (fresca, nunca congelada).<\/span><span style=\"font-size: 18px;letter-spacing: 0px\">&nbsp;<\/span><span style=\"font-size: 18px\">O tempo de aquecimento pode ser ajustado com base nos materiais.&nbsp;<\/span><\/span><\/p>\n<p style=\"margin-left:0;text-indent:0\"><span style=\"font-family: arial, helvetica, sans-serif;font-size: 18px\">8. M\u00e9todo de aquecimento: forno de micro-ondas comercial patenteado (pot\u00eancia do forno de micro-ondas: 3000W) <\/span><\/p>\n<p style=\"margin-left:0;text-indent:0\"><span style=\"font-family: arial, helvetica, sans-serif;font-size: 18px\">9. Velocidade de entrega da haste de empurrar: 60~90 segundos. A velocidade ser\u00e1 variada para diferentes camadas de paletes. <\/span><\/p>\n<p style=\"margin-left:0;text-indent:0\"><span style=\"font-family: arial, helvetica, sans-serif;font-size: 18px\">10. Material do corpo da m\u00e1quina: moldagem de espuma de toda a m\u00e1quina, bom isolamento t\u00e9rmico. &nbsp;<\/span><\/p>\n<p style=\"margin-left:0;text-indent:0\"><span style=\"font-family: arial, helvetica, sans-serif;font-size: 18px\">11. Compressor: pot\u00eancia 550W, Marca Embraco\uff0cRefrigerante 134A<\/span><\/p>\n<\/div>\n<\/div>\n<p>&nbsp; &nbsp; &nbsp; &nbsp; &nbsp; &nbsp;<\/p><\/div>\n<\/div>\n<\/div>\n<h1><span style=\"font-size: 24px;font-family: arial, helvetica, sans-serif\"><strong><span style=\"font-size: 24px;letter-spacing: 0px\"><br \/><\/span><\/strong><\/span><\/h1>\n<h1><span style=\"font-size: 24px;font-family: arial, helvetica, sans-serif\"><strong><span style=\"font-size: 24px;letter-spacing: 0px\"><a name=\"Product specification\"><\/a>Especifica\u00e7\u00e3o do produto<\/span><\/strong><\/span><\/h1>\n<p><span style=\"font-size: 24px;font-family: arial, helvetica, sans-serif\"><strong><span style=\"font-size: 24px;letter-spacing: 0px\"><br \/><\/span><\/strong><\/span><\/p>\n<p><span style=\"font-size: 24px;font-family: arial, helvetica, sans-serif\"><strong><span style=\"font-size: 24px;letter-spacing: 0px\"><img decoding=\"async\" src=\"https:\/\/www.hommy.com\/wp-content\/uploads\/16103283228193.png\" alt=\"produto-Hommy-img\" title=\"\"><\/span><\/strong><\/span><\/p>\n<h1><span style=\"font-family: arial, helvetica, sans-serif;font-size: 24px\"><strong><span style=\"font-family: arial, helvetica, sans-serif;letter-spacing: 0px\"><br \/><\/span><\/strong><\/span><\/h1>\n<h1><span style=\"font-family: arial, helvetica, sans-serif;font-size: 24px\"><strong><span style=\"font-family: arial, helvetica, sans-serif;letter-spacing: 0px\"><a name=\"Product Advantage\"><\/a>Vantagem do produto<\/span><\/strong><\/span><\/h1>\n<p><span style=\"font-family: arial, helvetica, sans-serif;font-size: 24px\"><strong><span style=\"font-family: arial, helvetica, sans-serif;letter-spacing: 0px\"><\/span><\/strong><\/span><\/p>\n<div class=\"d-tem01-graphic tem01-graphic mockup\" data-detail=\"wrap\">\n<div class=\"cont-section clearfix d-clearfix\">\n<div class=\"col-md-6 col-sm-6 col-xs-6\">\n<div class=\"right-p\">\n<div class=\"h2 heading\">\n<p style=\"margin-top: 0;margin-right: 0;margin-bottom: 0;padding: 0;vertical-align: baseline\"><span style=\"letter-spacing: 0px;font-family: arial, helvetica, sans-serif;font-size: 18px\">1. Sa\u00edda do eixo XY do manipulador inteligente e entrega do elevador&nbsp;<\/span><\/p>\n<p style=\"margin-top: 0;margin-right: 0;margin-bottom: 0;padding: 0;vertical-align: baseline\"><span style=\"letter-spacing: 0px;font-family: arial, helvetica, sans-serif;font-size: 18px\"><br \/><\/span><\/p>\n<p style=\"margin-top: 0;margin-right: 0;margin-bottom: 0;padding: 0;vertical-align: baseline\"><span style=\"letter-spacing: 0px;font-family: arial, helvetica, sans-serif;font-size: 18px\"><br \/><\/span><\/p>\n<\/div>\n<\/div>\n<div class=\"graphic_pic animated wow bounceIn\" data-wow-delay=\".7s\">\n<p style=\"text-align:center\"><img loading=\"lazy\" decoding=\"async\" src=\"https:\/\/www.hommy.com\/wp-content\/uploads\/16103285159669.jpg\" alt=\"produto-Hommy-img\" title=\"\" width=\"350\" height=\"500\" border=\"0\" vspace=\"0\" style=\"width: 350px;height: 500px\"><\/p>\n<\/div>\n<\/div>\n<div class=\"col-md-6 col-sm-6 col-xs-6\">\n<div class=\"right-p\">\n<div class=\"h2 heading\">\n<p style=\"text-indent: 0;padding: 0;vertical-align: baseline\"><span style=\"letter-spacing: 0px;font-size: 18px;font-family: arial, helvetica, sans-serif\">2. Maior capacidade, cerca de 81 unidades: 3 caixas por camada X 3 caixas\/via de carga X 9 camadas=81<\/span><\/p>\n<p style=\"text-indent: 0;padding: 0;vertical-align: baseline\"><span style=\"letter-spacing: 0px;font-size: 18px;font-family: arial, helvetica, sans-serif\"><br \/><\/span><\/p>\n<\/div>\n<\/div>\n<div class=\"graphic_pic animated wow bounceIn\" data-wow-delay=\".7s\">\n<p style=\"text-align:center\"><img loading=\"lazy\" decoding=\"async\" src=\"https:\/\/www.hommy.com\/wp-content\/uploads\/16103285488561.png\" alt=\"product-PA-C5B M\u00e1quina autom\u00e1tica de venda autom\u00e1tica de alimentos quentes e congelados-Hommy-img\" title=\"\" width=\"350\" height=\"500\" border=\"0\" vspace=\"0\" style=\"width: 350px;height: 500px\"><\/p>\n<\/div>\n<\/div>\n<\/div>\n<\/div>\n<p><span style=\"font-family: arial, helvetica, sans-serif;font-size: 24px\"><strong><span style=\"font-family: arial, helvetica, sans-serif;letter-spacing: 0px\"><\/span><\/strong><\/span><\/p>\n<div class=\"d-tem01-graphic tem01-graphic mockup\" data-detail=\"wrap\">\n<div class=\"cont-section clearfix d-clearfix\">\n<div class=\"col-md-6 col-sm-6 col-xs-6\">\n<div class=\"right-p\">\n<div class=\"h2 heading\">\n<p><span style=\"font-family: arial, helvetica, sans-serif;font-size: 18px\"><span style=\"font-family: arial, helvetica, sans-serif;letter-spacing: 0px\">3.&nbsp;<\/span><span style=\"font-family: arial, helvetica, sans-serif\">O sistema de pagamento pode aceitar: moeda, fatura, moeda Exchang, interface de cart\u00e3o de cr\u00e9dito.<\/span><\/span><\/p>\n<\/div>\n<\/div>\n<div class=\"graphic_pic animated wow bounceIn\" data-wow-delay=\".7s\">\n<p style=\"text-align:center\"><img loading=\"lazy\" decoding=\"async\" src=\"https:\/\/www.hommy.com\/wp-content\/uploads\/16103285763964.png\" alt=\"produto-Hommy-img\" title=\"\" width=\"350\" height=\"500\" border=\"0\" vspace=\"0\" style=\"width: 350px;height: 500px\"><\/p>\n<\/div>\n<\/div>\n<div class=\"col-md-6 col-sm-6 col-xs-6\">\n<div class=\"right-p\">\n<div class=\"h2 heading\">\n<p><span style=\"font-size: 18px;font-family: arial, helvetica, sans-serif\">4. Sistema de gest\u00e3o remota por computador: consulta de detalhes de vendas, lembretes de escassez, lembretes de falhas de m\u00e1quinas.<\/span><\/p>\n<\/div>\n<\/div>\n<div class=\"graphic_pic animated wow bounceIn\" data-wow-delay=\".7s\">\n<p style=\"text-align:center\"><img loading=\"lazy\" decoding=\"async\" src=\"https:\/\/www.hommy.com\/wp-content\/uploads\/16103286021739.jpg\" alt=\"produto-Hommy-img\" title=\"\" width=\"350\" height=\"500\" border=\"0\" vspace=\"0\" style=\"width: 350px;height: 500px\"><\/p>\n<\/div>\n<\/div>\n<\/div>\n<\/div>\n<h2>Qual \u00e9 a cidade com mais m\u00e1quinas de venda autom\u00e1tica?<\/h2>\n<p style=\"margin-top: 5px;margin-bottom: 5px\"><\/p>\n<p style=\"margin-top: 5px;margin-bottom: 5px\">Estas s\u00e3o algumas das respostas mais populares a essa pergunta.<\/p>\n<p style=\"margin-top: 5px;margin-bottom: 5px\"><\/p>\n<p style=\"margin-top: 5px;margin-bottom: 5px\">A cidade com o maior n\u00famero de m\u00e1quinas de venda autom\u00e1tica do mundo?<\/p>\n<p style=\"margin-top: 5px;margin-bottom: 5px\"><\/p>\n<p style=\"margin-top: 5px;margin-bottom: 5px\">De acordo com um novo relat\u00f3rio de um estudo da Universidade da Calif\u00f3rnia, em San Diego (UCSD), Los Angeles tem o maior n\u00famero de m\u00e1quinas de venda autom\u00e1tica do mundo.<\/p>\n<p style=\"margin-top: 5px;margin-bottom: 5px\"><\/p>\n<p style=\"margin-top: 5px;margin-bottom: 5px\">O estudo tamb\u00e9m descobriu que h\u00e1 mais de uma m\u00e1quina de venda autom\u00e1tica por cada 1000 pessoas na cidade, mas ainda h\u00e1 mais do dobro do que na segunda cidade mais populosa, Nova Iorque.<\/p>\n<p style=\"margin-top: 5px;margin-bottom: 5px\"><\/p>\n<h2>As m\u00e1quinas de venda autom\u00e1tica em linha s\u00e3o rent\u00e1veis?<\/h2>\n<p style=\"margin-top: 5px;margin-bottom: 5px\"><\/p>\n<p style=\"margin-top: 5px;margin-bottom: 5px\">Em suma, as m\u00e1quinas de venda autom\u00e1tica em linha s\u00e3o uma solu\u00e7\u00e3o em linha para o problema do fornecimento de bens aos consumidores. As m\u00e1quinas de venda autom\u00e1tica em linha s\u00e3o o equivalente em linha de uma m\u00e1quina de venda autom\u00e1tica, exceto que s\u00e3o baseadas na Internet.<\/p>\n<p style=\"margin-top: 5px;margin-bottom: 5px\"><\/p>\n<p style=\"margin-top: 5px;margin-bottom: 5px\">A m\u00e1quina de venda autom\u00e1tica online permite a uma empresa vender produtos online, sem ter de se preocupar com a log\u00edstica f\u00edsica de um produto. Em vez disso, as m\u00e1quinas de venda autom\u00e1tica online tratam do cumprimento do produto.<\/p>\n<p style=\"margin-top: 5px;margin-bottom: 5px\"><\/p>\n<p style=\"margin-top: 5px;margin-bottom: 5px\"><\/p>\n<p style=\"margin-top: 5px;margin-bottom: 5px\">O que \u00e9 que se vende melhor numa m\u00e1quina de venda autom\u00e1tica? Uma das respostas mais interessantes veio de uma entrevista recente com o inventor do \"Tootsie Pop\" e o inventor da barra de chocolate moderna, Forrest Mars, a quem foi feita a pergunta sobre o que colocaria numa m\u00e1quina de venda autom\u00e1tica.<\/p>\n<\/p><\/div>","protected":false},"excerpt":{"rendered":"<p>Hot meal vending machine in 24 hours Hot meal vending machine in 24 hours|Product Features|Product specification|Product Advantage &nbsp;&nbsp;&nbsp;&nbsp; We have been doing this for the past several years. Our hot dog vending machines are designed to make you money. The hot dog vending machines are known to be the most popular food items in the [&hellip;]<\/p>\n","protected":false},"featured_media":361,"comment_status":"open","ping_status":"open","template":"","meta":{"_swt_meta_header_display":false,"_swt_meta_footer_display":false,"_swt_meta_site_title_display":false,"_swt_meta_sticky_header":false,"_swt_meta_transparent_header":false},"product_brand":[],"product_cat":[74,68],"product_tag":[],"class_list":{"0":"post-367","1":"product","2":"type-product","3":"status-publish","4":"has-post-thumbnail","6":"product_cat-hot-food-vending-machine","7":"product_cat-vending-machine","9":"first","10":"instock","11":"shipping-taxable","12":"product-type-simple"},"_links":{"self":[{"href":"https:\/\/www.hommy.com\/pt\/wp-json\/wp\/v2\/product\/367","targetHints":{"allow":["GET"]}}],"collection":[{"href":"https:\/\/www.hommy.com\/pt\/wp-json\/wp\/v2\/product"}],"about":[{"href":"https:\/\/www.hommy.com\/pt\/wp-json\/wp\/v2\/types\/product"}],"replies":[{"embeddable":true,"href":"https:\/\/www.hommy.com\/pt\/wp-json\/wp\/v2\/comments?post=367"}],"wp:featuredmedia":[{"embeddable":true,"href":"https:\/\/www.hommy.com\/pt\/wp-json\/wp\/v2\/media\/361"}],"wp:attachment":[{"href":"https:\/\/www.hommy.com\/pt\/wp-json\/wp\/v2\/media?parent=367"}],"wp:term":[{"taxonomy":"product_brand","embeddable":true,"href":"https:\/\/www.hommy.com\/pt\/wp-json\/wp\/v2\/product_brand?post=367"},{"taxonomy":"product_cat","embeddable":true,"href":"https:\/\/www.hommy.com\/pt\/wp-json\/wp\/v2\/product_cat?post=367"},{"taxonomy":"product_tag","embeddable":true,"href":"https:\/\/www.hommy.com\/pt\/wp-json\/wp\/v2\/product_tag?post=367"}],"curies":[{"name":"wp","href":"https:\/\/api.w.org\/{rel}","templated":true}]}}