{"id":360,"date":"2024-07-02T13:06:03","date_gmt":"2024-07-02T13:06:03","guid":{"rendered":"http:\/\/localhost\/hommywp\/pa-c5a-buy-china-popular-intelligent-hamburger-vending-machine\/"},"modified":"2025-08-01T09:57:32","modified_gmt":"2025-08-01T09:57:32","slug":"pa-c5a-maquina-de-venda-automatica-de-hamburgueres","status":"publish","type":"product","link":"https:\/\/www.hommy.com\/pt\/p\/pa-c5a-maquina-de-venda-automatica-de-hamburgueres\/","title":{"rendered":"Pa-C5A Comprar M\u00e1quina de venda autom\u00e1tica de hamb\u00farguer inteligente popular da China"},"content":{"rendered":"<div>\n<p style=\"margin: 0px;text-align: center\"><\/p>\n<h1 style=\"margin: 0px;text-align: center\"><strong><span style=\"letter-spacing: 0px;font-family: arial, helvetica, sans-serif;font-size: 24px\"><a name=\"Hot and Freeze vending machine 24hours\"><\/a>M\u00e1quina de venda autom\u00e1tica de bebidas quentes e congeladas 24 horas por dia<\/span><\/strong><br \/><\/h1>\n<p style=\"text-align: center\"><a href=\"#Hot and Freeze vending machine 24hours\" target=\"_self\" data-lv=\"0\" rel=\"noopener\"><span style=\"letter-spacing: 0px;font-family: arial, helvetica, sans-serif;font-size: 18px\">M\u00e1quina de venda autom\u00e1tica de bebidas quentes e congeladas 24 horas por dia<\/span><\/a><span style=\"letter-spacing: 0px;font-family: arial, helvetica, sans-serif;font-size: 18px\">|<a href=\"#Product Features\" target=\"_self\" data-lv=\"0\" rel=\"noopener\">Carater\u00edsticas do produto<\/a>|<a href=\"#Product specification\" target=\"_self\" data-lv=\"0\" rel=\"noopener\">Especifica\u00e7\u00e3o do produto<\/a>|<a href=\"#Product Advantage\" target=\"_self\" data-lv=\"0\" rel=\"noopener\">Vantagem do produto<\/a><\/span><\/p>\n<p><\/p>\n<p style=\"text-align: center\">&nbsp;&nbsp;&nbsp;&nbsp;<\/p>\n<p>A nossa clientela \u00e9 constitu\u00edda por cadeias de retalho l\u00edderes em todo o pa\u00eds. Estas m\u00e1quinas ajudam a melhorar as vendas da sua marca e a satisfa\u00e7\u00e3o dos seus clientes. S\u00e3o utilizadas para a venda de hamb\u00fargueres em restaurantes, col\u00e9gios, clubes, universidades, escrit\u00f3rios e centros comerciais. Estes tamb\u00e9m s\u00e3o projetados e fabricados por nossos designers proficientes usando mat\u00e9rias-primas de excelente qualidade e tecnologia avan\u00e7ada.<\/p>\n<p><\/p>\n<p>Estas m\u00e1quinas de venda autom\u00e1tica de alimentos permitem aos clientes selecionar hamb\u00fargueres de acordo com as suas prefer\u00eancias. Podemos personalizar estas m\u00e1quinas de acordo com a escolha dos nossos clientes. Estas m\u00e1quinas podem ser personalizadas de acordo com a exig\u00eancia dos nossos clientes. Tamb\u00e9m pode personalizar estas m\u00e1quinas de acordo com a escolha desejada dos seus clientes.<\/p>\n<p><span style=\"font-family:\u5b8b\u4f53;letter-spacing:0;font-size:29px\"><\/span><\/p>\n<div class=\"d-tem01-graphic tem01-graphic mockup\" data-detail=\"wrap\">\n<div class=\"cont-section clearfix d-clearfix\">\n<div class=\"col-md-6 col-sm-6 col-xs-6\"><\/p>\n<div class=\"graphic_pic animated wow bounceIn\" data-wow-delay=\".7s\">\n<p style=\"text-align:center\"><img decoding=\"async\" src=\"https:\/\/www.hommy.com\/wp-content\/uploads\/16103263443281.jpg\" alt=\"produto-Hommy-PA-C5A M\u00e1quina de venda autom\u00e1tica de hamb\u00fargueres-img\" title=\"\"><\/p>\n<\/div>\n<\/div>\n<div class=\"col-md-6 col-sm-6 col-xs-6\">\n<div class=\"right-p\">\n<div class=\"h2 heading\">\n<h1 style=\"margin: 0px;text-indent: 0px;text-align: justify\"><strong><span style=\"letter-spacing: 0px;font-family: arial, helvetica, sans-serif;font-size: 24px\"><a name=\"Product Features\"><\/a>Carater\u00edsticas do produto<\/span><\/strong><\/h1>\n<p style=\"margin-top:0;margin-right:0;margin-bottom:0;margin-left:0;text-indent:0;text-align:justify\"><span style=\"letter-spacing: 0px;font-family: arial, helvetica, sans-serif;font-size: 18px\"><br \/><\/span><\/p>\n<p><span style=\"font-size: 18px;font-family: arial, helvetica, sans-serif\">1. Ecr\u00e3 t\u00e1til de 32\" para promo\u00e7\u00e3o e opera\u00e7\u00e3o. Sistema de gest\u00e3o de plataforma em nuvem. <\/span><\/p>\n<p style=\"margin-left:0;text-indent:0\"><span style=\"font-size: 18px;font-family: arial, helvetica, sans-serif\">2. Sistema de pagamento: Moeda, fatura, cart\u00e3o de cr\u00e9dito fornece interface (porta MDB), moedas de retorno. &nbsp;<\/span><\/p>\n<p style=\"margin-left:0;text-indent:0\"><span style=\"font-size: 18px;font-family: arial, helvetica, sans-serif\">3. A m\u00e1quina dentro pode manter 54pcs hamb\u00fargueres, tamanho das caixas de alimentos: (L)220mm*(W)180mm*(H)40\uff5e70mm. O armazenamento pode ser de 81 caixas se a largura da caixa for de 150 mm.<\/span><\/p>\n<p style=\"margin-left:0;text-indent:0\"><span style=\"font-size: 18px;font-family: arial, helvetica, sans-serif\">4. A temperatura da \u00e1rea de armazenamento pode ser ajustada de 5 \u2103 \uff5e 10 \u2103. Pode ser configurado com base em diferentes produtos.<\/span><\/p>\n<p style=\"margin-left:0;text-indent:0\"><span style=\"font-size: 18px;font-family: arial, helvetica, sans-serif\"><span style=\"font-family: Calibri;font-size: 21px\">5. Temperatura de aquecimento:<\/span><span style=\"font-size: 18px;font-family: arial, helvetica, sans-serif\"><span style=\"font-size: 21px\"> &nbsp;60\u2103\uff5e90\u2103. N<\/span><span style=\"letter-spacing: 0px;font-size: 21px\">eed 30 <\/span><\/span><span style=\"font-family: arial, helvetica, sans-serif;letter-spacing: 0px;font-size: 21px\">segundos para cozer um<\/span><span style=\"font-family: \u5b8b\u4f53;letter-spacing: 0px;font-size: 21px\"> <\/span><span style=\"font-family: Calibri;letter-spacing: 0px;font-size: 21px\">hamb\u00farguer<\/span><span style=\"font-family: \u5b8b\u4f53;letter-spacing: 0px;font-size: 21px\">.<\/span><span style=\"font-family: Calibri;letter-spacing: 0px;font-size: 21px\">&nbsp;<\/span><span style=\"font-family: Calibri;font-size: 21px\">O tempo de aquecimento pode ser ajustado com base nos materiais.&nbsp;<\/span><\/span><\/p>\n<p style=\"margin-left:0;text-indent:0\"><span style=\"font-size: 18px;font-family: arial, helvetica, sans-serif\">6. Velocidade de entrega da vareta: 60~90 segundos. A velocidade ser\u00e1 variada para diferentes camadas de paletes. <\/span><\/p>\n<p style=\"margin-left:0;text-indent:0\"><span style=\"font-size: 18px;font-family: arial, helvetica, sans-serif\">7. M\u00e9todo de aquecimento: forno de micro-ondas comercial patenteado (1600W)<\/span><\/p>\n<p style=\"margin-left:0;text-indent:0\"><span style=\"font-size: 18px;font-family: arial, helvetica, sans-serif\">8. Tipos de alimentos dispon\u00edveis: 1-27 tipos, o pre\u00e7o de cada produto e o tempo de aquecimento podem ser configurados <\/span><\/p>\n<p style=\"margin-left:0;text-indent:0\"><span style=\"font-size: 18px;font-family: arial, helvetica, sans-serif\">9. Material do corpo da m\u00e1quina: moldagem de espuma de toda a m\u00e1quina, bom isolamento t\u00e9rmico. &nbsp;<\/span><\/p>\n<p style=\"margin-left:0;text-indent:0\"><span style=\"font-size: 18px;font-family: arial, helvetica, sans-serif\">10. Compressor: pot\u00eancia 550W, Marca Embraco\uff0cRefrigerante 134A<\/span><\/p>\n<\/div>\n<\/div>\n<p><span style=\"font-family: arial, helvetica, sans-serif;font-size: 18px\"><br \/>\n &nbsp; &nbsp; &nbsp; &nbsp; &nbsp; &nbsp;<\/span><\/div>\n<\/div>\n<\/div>\n<h1><span style=\"font-family: arial, helvetica, sans-serif\"><strong><span style=\"letter-spacing: 0px;font-size: 24px\"><a name=\"Product specification\"><\/a>Especifica\u00e7\u00e3o do produto<\/span><\/strong><\/span><\/h1>\n<p><span style=\"font-family: arial, helvetica, sans-serif\"><strong><span style=\"letter-spacing: 0px;font-size: 24px\"><br \/><\/span><\/strong><\/span><\/p>\n<p><span style=\"font-family: arial, helvetica, sans-serif\"><strong><span style=\"letter-spacing: 0px;font-size: 24px\"><img decoding=\"async\" src=\"https:\/\/www.hommy.com\/wp-content\/uploads\/16103258145399.png\" alt=\"produto-Hommy-img\" title=\"\"><\/span><\/strong><\/span><\/p>\n<p><\/p>\n<h1><strong><span style=\"letter-spacing: 0px;font-family: arial, helvetica, sans-serif;font-size: 24px\"><a name=\"Product Advantage\"><\/a>Vantagem do produto<\/span><\/strong><\/h1>\n<p><strong><span style=\"letter-spacing: 0px;font-family: arial, helvetica, sans-serif;font-size: 24px\"><\/span><\/strong><\/p>\n<div class=\"d-tem01-graphic tem01-graphic mockup\" data-detail=\"wrap\">\n<div class=\"cont-section clearfix d-clearfix\">\n<div class=\"col-md-6 col-sm-6 col-xs-6\">\n<div class=\"right-p\">\n<div class=\"h2 heading\">\n<p><span style=\"letter-spacing: 0px;font-family: arial, helvetica, sans-serif;font-size: 18px\">1. Sa\u00edda do eixo XY do manipulador inteligente e entrega do elevador<\/span><\/p>\n<p><span style=\"font-family: \u5b8b\u4f53;letter-spacing: 0;font-size: 20px\"><br \/><\/span><\/p>\n<\/div>\n<\/div>\n<div class=\"graphic_pic animated wow bounceIn\" data-wow-delay=\".7s\">\n<p style=\"text-align:center\"><img loading=\"lazy\" decoding=\"async\" src=\"https:\/\/www.hommy.com\/wp-content\/uploads\/16103259329622.jpg\" alt=\"produto-Hommy-img\" title=\"\" width=\"350\" height=\"500\" border=\"0\" vspace=\"0\" style=\"width: 350px;height: 500px\"><\/p>\n<\/div>\n<\/div>\n<div class=\"col-md-6 col-sm-6 col-xs-6\">\n<div class=\"right-p\">\n<div class=\"h2 heading\">\n<p style=\"text-indent: 0;padding: 0;vertical-align: baseline\"><span style=\"letter-spacing: 0px;font-family: arial, helvetica, sans-serif;font-size: 18px\">2. Maior capacidade, cerca de 81 unidades: 3 caixas por camada X 3 caixas\/via de carga X 9 camadas=81<\/span><\/p>\n<p style=\"text-indent: 0;padding: 0;vertical-align: baseline\"><span style=\"font-family: \u5b8b\u4f53;letter-spacing: 0;font-size: 20px\"><br \/><\/span><\/p>\n<\/div>\n<\/div>\n<div class=\"graphic_pic animated wow bounceIn\" data-wow-delay=\".7s\">\n<p style=\"text-align:center\"><img loading=\"lazy\" decoding=\"async\" src=\"https:\/\/www.hommy.com\/wp-content\/uploads\/16103259613183.png\" alt=\"product-PA-C5A M\u00e1quina de venda autom\u00e1tica de hamb\u00fargueres-Hommy-img\" title=\"\" width=\"350\" height=\"500\" border=\"0\" vspace=\"0\" style=\"width: 350px;height: 500px\"><\/p>\n<\/div>\n<\/div>\n<\/div>\n<\/div>\n<p><span style=\"font-family: arial, helvetica, sans-serif\"><strong><span style=\"letter-spacing: 0px;font-size: 24px\"><\/span><\/strong><\/span><\/p>\n<div class=\"d-tem01-graphic tem01-graphic mockup\" data-detail=\"wrap\">\n<div class=\"cont-section clearfix d-clearfix\">\n<div class=\"col-md-6 col-sm-6 col-xs-6\">\n<div class=\"right-p\">\n<div class=\"h2 heading\">\n<p><span style=\"font-family: arial, helvetica, sans-serif;font-size: 18px\"><span style=\"font-family: arial, helvetica, sans-serif;letter-spacing: 0px\">3.&nbsp;<\/span><span style=\"font-family: arial, helvetica, sans-serif\">O sistema de pagamento pode aceitar: moeda, fatura, moeda Exchang, interface de cart\u00e3o de cr\u00e9dito.<\/span><\/span><\/p>\n<p><span style=\"font-family:Calibri;font-size:21px\"><br \/><\/span><\/p>\n<\/div>\n<\/div>\n<div class=\"graphic_pic animated wow bounceIn\" data-wow-delay=\".7s\">\n<p style=\"text-align:center\"><img loading=\"lazy\" decoding=\"async\" src=\"https:\/\/www.hommy.com\/wp-content\/uploads\/16103261329674.png\" alt=\"produto-Hommy-img\" title=\"\" width=\"350\" height=\"500\" border=\"0\" vspace=\"0\" style=\"width: 350px;height: 500px\"><\/p>\n<\/div>\n<\/div>\n<div class=\"col-md-6 col-sm-6 col-xs-6\">\n<div class=\"right-p\">\n<div class=\"h2 heading\">\n<p><span style=\"font-family: arial, helvetica, sans-serif;font-size: 18px\">4. Sistema de gest\u00e3o remota por computador: consulta de detalhes de vendas, lembretes de escassez, lembretes de falhas de m\u00e1quinas.<\/span><\/p>\n<\/div>\n<\/div>\n<div class=\"graphic_pic animated wow bounceIn\" data-wow-delay=\".7s\">\n<p style=\"text-align:center\"><img loading=\"lazy\" decoding=\"async\" src=\"https:\/\/www.hommy.com\/wp-content\/uploads\/16103261597199.jpg\" alt=\"produto-Hommy-img\" title=\"\" width=\"400\" height=\"350\" border=\"0\" vspace=\"0\" style=\"width: 400px;height: 350px\"><\/p>\n<\/div>\n<\/div>\n<\/div>\n<\/div>\n<p><span style=\"font-family:\u5b8b\u4f53;letter-spacing:0;font-size:29px\"><\/span><\/p>\n<h2>Como \u00e9 que se pode ser propriet\u00e1rio de uma m\u00e1quina de venda autom\u00e1tica na Florida?<\/h2>\n<p style=\"margin-top: 5px;margin-bottom: 5px\">Na Fl\u00f3rida, as regras e regulamentos relativos \u00e0s m\u00e1quinas de venda autom\u00e1tica s\u00e3o controlados pelo Florida Office of the State Comptroller, e \u00e9 necess\u00e1rio obter uma licen\u00e7a. Existem tr\u00eas tipos de licen\u00e7as de venda autom\u00e1tica: Comerciantes de m\u00e1quinas de venda autom\u00e1tica, licenciados de venda autom\u00e1tica e licen\u00e7as de venda de lojas de retalho. As regras para a aquisi\u00e7\u00e3o de uma licen\u00e7a de venda autom\u00e1tica s\u00e3o completamente diferentes das aplic\u00e1veis \u00e0s m\u00e1quinas de venda autom\u00e1tica. Eis como obter uma licen\u00e7a de venda autom\u00e1tica na Florida e a taxa de licen\u00e7a<\/p>\n<p style=\"margin-top: 5px;margin-bottom: 5px\"><\/p>\n<h2>Posso colocar uma m\u00e1quina de venda autom\u00e1tica em qualquer local do Reino Unido?<\/h2>\n<p style=\"margin-top: 5px;margin-bottom: 5px\">As m\u00e1quinas de venda autom\u00e1tica, tamb\u00e9m designadas por unidades automatizadas, self-service e autosservi\u00e7o, s\u00e3o um servi\u00e7o de alimenta\u00e7\u00e3o e bebidas que permite aos utilizadores adquirir produtos ou servi\u00e7os, normalmente de um fornecedor, sem interagir com um atendente ou pessoa de servi\u00e7o. A utiliza\u00e7\u00e3o de m\u00e1quinas de venda autom\u00e1tica \u00e9 especialmente comum em locais p\u00fablicos, como sistemas de tr\u00e2nsito, bibliotecas, escrit\u00f3rios, institui\u00e7\u00f5es de ensino e empresas.<\/p>\n<p style=\"margin-top: 5px;margin-bottom: 5px\"><\/p>\n<h2>Quanto pesa uma m\u00e1quina de venda autom\u00e1tica?<\/h2>\n<p style=\"margin-top: 5px;margin-bottom: 5px\">Uma forma comum e simples de determinar o peso de uma m\u00e1quina de venda autom\u00e1tica \u00e9 abri-la e contar as moedas no compartimento (ou compartimentos, se houver mais do que um compartimento). Este m\u00e9todo n\u00e3o \u00e9 perfeito, especialmente se houver v\u00e1rios compartimentos ou se os compartimentos estiverem cheios at\u00e9 \u00e0 capacidade m\u00e1xima. Este s\u00edtio Web diz-lhe quanto pesa uma m\u00e1quina de venda autom\u00e1tica e calcula o troco.<\/p>\n<\/p><\/div>","protected":false},"excerpt":{"rendered":"<p>Hot and Freeze vending machine 24hours Hot and Freeze vending machine 24hours|Product Features|Product specification|Product Advantage &nbsp;&nbsp;&nbsp;&nbsp; Our clientele consists of leading retail chains across the country. This machines helps in improving sales of their brand, and their customers\u2019 satisfaction. They are used for vending burgers at restaurants, colleges, clubs, universities, offices, and malls. These are [&hellip;]<\/p>\n","protected":false},"featured_media":354,"comment_status":"open","ping_status":"open","template":"","meta":{"_swt_meta_header_display":false,"_swt_meta_footer_display":false,"_swt_meta_site_title_display":false,"_swt_meta_sticky_header":false,"_swt_meta_transparent_header":false},"product_brand":[],"product_cat":[74,68],"product_tag":[],"class_list":{"0":"post-360","1":"product","2":"type-product","3":"status-publish","4":"has-post-thumbnail","6":"product_cat-hot-food-vending-machine","7":"product_cat-vending-machine","9":"first","10":"instock","11":"shipping-taxable","12":"product-type-simple"},"_links":{"self":[{"href":"https:\/\/www.hommy.com\/pt\/wp-json\/wp\/v2\/product\/360","targetHints":{"allow":["GET"]}}],"collection":[{"href":"https:\/\/www.hommy.com\/pt\/wp-json\/wp\/v2\/product"}],"about":[{"href":"https:\/\/www.hommy.com\/pt\/wp-json\/wp\/v2\/types\/product"}],"replies":[{"embeddable":true,"href":"https:\/\/www.hommy.com\/pt\/wp-json\/wp\/v2\/comments?post=360"}],"wp:featuredmedia":[{"embeddable":true,"href":"https:\/\/www.hommy.com\/pt\/wp-json\/wp\/v2\/media\/354"}],"wp:attachment":[{"href":"https:\/\/www.hommy.com\/pt\/wp-json\/wp\/v2\/media?parent=360"}],"wp:term":[{"taxonomy":"product_brand","embeddable":true,"href":"https:\/\/www.hommy.com\/pt\/wp-json\/wp\/v2\/product_brand?post=360"},{"taxonomy":"product_cat","embeddable":true,"href":"https:\/\/www.hommy.com\/pt\/wp-json\/wp\/v2\/product_cat?post=360"},{"taxonomy":"product_tag","embeddable":true,"href":"https:\/\/www.hommy.com\/pt\/wp-json\/wp\/v2\/product_tag?post=360"}],"curies":[{"name":"wp","href":"https:\/\/api.w.org\/{rel}","templated":true}]}}