{"id":353,"date":"2024-07-02T13:05:59","date_gmt":"2024-07-02T13:05:59","guid":{"rendered":"http:\/\/localhost\/hommywp\/pa-c5b-automatic-smart-hot-and-frozen-food-vending-machine\/"},"modified":"2025-08-01T09:57:32","modified_gmt":"2025-08-01T09:57:32","slug":"pa-c5b-maquina-de-venda-automatica-de-alimentos-quentes-e-congelados-1","status":"publish","type":"product","link":"https:\/\/www.hommy.com\/pt\/p\/pa-c5b-maquina-de-venda-automatica-de-alimentos-quentes-e-congelados-1\/","title":{"rendered":"Pa-C5b M\u00e1quina autom\u00e1tica inteligente de venda autom\u00e1tica de alimentos quentes e congelados"},"content":{"rendered":"<div>\n<p style=\"text-align: center\">\n<p>A m\u00e1quina autom\u00e1tica de venda autom\u00e1tica de alimentos fornecida por n\u00f3s \u00e9 fabricada a partir de componentes de qualidade premium que adquirimos dos fornecedores genu\u00ednos do mercado e da mais recente tecnologia em conformidade com os padr\u00f5es estabelecidos pela ind\u00fastria.<\/p>\n<p>A m\u00e1quina autom\u00e1tica de venda autom\u00e1tica de alimentos oferecida por n\u00f3s foi concebida para oferecer uma forma segura e conveniente de vender uma variedade de snacks e bebidas ao p\u00fablico.<\/p>\n<p><\/p>\n<p>Trazemos at\u00e9 si a nossa experi\u00eancia no fornecimento e instala\u00e7\u00e3o de m\u00e1quinas autom\u00e1ticas de venda autom\u00e1tica de alimentos, atrav\u00e9s das quais pode satisfazer as necessidades de uma vasta clientela. Estas m\u00e1quinas autom\u00e1ticas de venda autom\u00e1tica de alimentos s\u00e3o f\u00e1ceis de operar e manter.<\/p>\n<p><span style=\"font-family:\u5b8b\u4f53;font-size:29px\">Produto <\/span><span style=\"font-family:\u5b8b\u4f53;font-size:29px\">especifica\u00e7\u00e3o:<\/span><\/p>\n<p><img decoding=\"async\" src=\"https:\/\/www.hommy.com\/wp-content\/uploads\/16429868956703.png\" alt=\"produto-Hommy-img\" title=\"\"><\/p>\n<p><img decoding=\"async\" src=\"https:\/\/www.hommy.com\/wp-content\/uploads\/16429869202673.jpg\" alt=\"produto-Hommy-img\" title=\"\"><\/p>\n<p style=\"margin-bottom:0;text-align:justify\"><span style=\"font-family:\u5b8b\u4f53;font-size:29px\"><br \/><\/span><\/p>\n<p style=\"margin-bottom:0;text-align:justify\"><span style=\"font-family:\u5b8b\u4f53;font-size:29px\">Carater\u00edsticas do produto : <\/span><\/p>\n<p><span style=\"font-family:Calibri;font-size:21px\">1.&nbsp;<\/span><span style=\"font-family:Calibri;font-size:21px\">21<\/span><span style=\"font-family:\u7b49\u7ebf;font-size:21px\">.<\/span><span style=\"font-family:Calibri;font-size:21px\">5\" t\u00e1til<\/span><span style=\"font-family:Calibri;font-size:21px\">&nbsp;ecr\u00e3 para promo\u00e7\u00e3o e funcionamento<\/span><span style=\"font-family:Calibri;font-size:21px\">. Sistema de gest\u00e3o da plataforma de nuvem. <\/span><\/p>\n<p style=\"margin-bottom: 17px;line-height: 18px\"><span style=\"font-family:\u5b8b\u4f53;font-size:21px\">2.<\/span><span style=\"font-family:\u5b8b\u4f53;font-size:21px\">Janela visual do produto<\/span><span style=\"font-family:Calibri;font-size:21px\">. A porta \u00e9 fabricada em<\/span><span style=\"font-family:\u5b8b\u4f53;font-size:21px\">&nbsp;duas camadas de vidro visual totalmente selado e <\/span><span style=\"font-family:Calibri;font-size:21px\">no exterior com <\/span><span style=\"font-family:\u5b8b\u4f53;font-size:21px\">uma camada de pel\u00edcula de vidro<\/span><span style=\"font-family:Calibri;font-size:21px\">&nbsp;com <\/span><span style=\"font-family:\u5b8b\u4f53;font-size:21px\">autom\u00e1tico <\/span><span style=\"font-family:Calibri;font-size:21px\">de<\/span><span style=\"font-family:\u5b8b\u4f53;font-size:21px\">geada<\/span><span style=\"font-family:Calibri;font-size:21px\">fun\u00e7\u00e3o de controlo.<\/span><\/p>\n<p style=\"margin-bottom: 17px;line-height: 18px\"><span style=\"font-family:Calibri;font-size:21px\">3.&nbsp;<\/span><span style=\"font-family:Calibri;font-size:21px\">Sistema de pagamento<\/span><span style=\"font-family:Calibri;font-size:21px\">\uff1a<\/span><span style=\"font-family:\u7b49\u7ebf;font-size:21px\">b<\/span><span style=\"font-family:Calibri;font-size:21px\">il, moeda e moeda de troca, interface de cart\u00e3o de cr\u00e9dito.<\/span><\/p>\n<p style=\"margin-bottom: 17px\"><span style=\"font-family:Calibri;font-size:21px\">4.&nbsp;<\/span><span style=\"font-family:Calibri;font-size:21px\">O<\/span><span style=\"font-family:Calibri;font-size:21px\">&nbsp;m\u00e1quina no interior <\/span><span style=\"font-family:Calibri;font-size:21px\">pode manter <\/span><span style=\"font-family:Calibri;font-size:21px\">72<\/span><span style=\"font-family:Calibri;font-size:21px\">pe\u00e7as <\/span><span style=\"font-family:Calibri;font-size:21px\">refei\u00e7\u00e3o selada, tamanho da refei\u00e7\u00e3o selada: 8\"(C)x5 1\/8\"(L)<\/span><span style=\"font-family:Calibri;font-size:21px\">*<\/span><span style=\"font-family:Calibri;font-size:21px\">1 3\/8\"(H).<\/span><span style=\"font-family: Calibri;font-size: 21px\">Manter a quantidade da caixa com base no seu tamanho.<\/span><\/p>\n<p style=\"margin-bottom: 17px\"><span style=\"font-family:Calibri;font-size:21px\">5.&nbsp;<\/span><span style=\"font-family:Calibri;font-size:21px\">H\u00e1 1-27 tipos de alimentos dispon\u00edveis para venda, e o pre\u00e7o e o tempo de aquecimento de cada item podem ser definidos separadamente<\/span><span style=\"font-family:Calibri;font-size:21px\">.<\/span><\/p>\n<p><span style=\"font-family:Calibri;font-size:21px\">6.&nbsp;<\/span><span style=\"font-family:Calibri;font-size:21px\">O <\/span><span style=\"font-family:Calibri;font-size:21px\">temperatura<\/span><span style=\"font-family:Calibri;font-size:21px\">&nbsp;de espa\u00e7o de armazenamento dispon\u00edvel <\/span><span style=\"font-family:Calibri;font-size:21px\">de <\/span><span style=\"font-family:Calibri;font-size:21px\">0<\/span><span style=\"font-family:Calibri;font-size:21px\">\u2103\uff5e<\/span><span style=\"font-family:Calibri;font-size:21px\">4<\/span><span style=\"font-family:Calibri;font-size:21px\">\u2103. <\/span><span style=\"font-family:Calibri;font-size:21px\">Pode <\/span><span style=\"font-family:Calibri;font-size:21px\">ser configurado com base em diferentes produtos<\/span><span style=\"font-family:Calibri;font-size:21px\">cts.<\/span><\/p>\n<p><span style=\"font-family:Calibri;font-size:21px\">7.&nbsp;<\/span><span style=\"font-family:Calibri;font-size:21px\">Temperatura de aquecimento: <\/span><span style=\"font-family:Calibri;font-size:21px\">&nbsp;60\u2103\uff5e90\u2103<\/span><span style=\"font-family:Calibri;font-size:21px\">. N<\/span><span style=\"font-family:\u5b8b\u4f53;font-size:21px\">eed 45 segundos<\/span><span style=\"font-family:Calibri;font-size:21px\">s<\/span><span style=\"font-family:\u5b8b\u4f53;font-size:21px\">&nbsp;para bak<\/span><span style=\"font-family:Calibri;font-size:21px\">ing<\/span><span style=\"font-family:\u5b8b\u4f53;font-size:21px\">&nbsp;uma refei\u00e7\u00e3o selada (fresca, nunca congelada) .<\/span><span style=\"font-family:Calibri;font-size:21px\">&nbsp;<\/span><span style=\"font-family:Calibri;font-size:21px\">O tempo de aquecimento pode ser ajustado com base nos materiais.<\/span><span style=\"font-family:Calibri;font-size:21px\">&nbsp;<\/span><\/p>\n<p><span style=\"font-family:Calibri;font-size:21px\">8.&nbsp;<\/span><span style=\"font-family:Calibri;font-size:21px\">M\u00e9todo de aquecimento: forno de micro-ondas comercial patenteado<\/span><span style=\"font-family:Calibri;font-size:21px\">(pot\u00eancia do micro-ondas :3000W ) <\/span><\/p>\n<p><span style=\"font-family:Calibri;font-size:21px\">9.&nbsp;<\/span><span style=\"font-family:Calibri;font-size:21px\">Velocidade de sa\u00edda da biela: <\/span><span style=\"font-family:Calibri;font-size:21px\">60\uff5e90<\/span><span style=\"font-family:Calibri;font-size:21px\">&nbsp;segundos. A velocidade varia consoante as diferentes camadas de paletes. <\/span><\/p>\n<p><span style=\"font-family:Calibri;font-size:21px\">10.&nbsp;<\/span><span style=\"font-family:Calibri;font-size:21px\">Material do corpo da m\u00e1quina: moldagem de espuma de toda a m\u00e1quina, bom isolamento t\u00e9rmico. &nbsp;<\/span><\/p>\n<p><span style=\"font-family:Calibri;font-size:21px\">11.&nbsp;<\/span><span style=\"font-family:Calibri;font-size:21px\">Compressor: pot\u00eancia 550W, Marca Embraco\uff0cRefrigerante 134A<\/span><\/p>\n<p><span style=\"font-family:Calibri;font-size:21px\">&nbsp;<\/span><\/p>\n<p style=\"margin-bottom:0;text-align:justify\"><span style=\"font-family:\u5b8b\u4f53;font-size:29px\">&nbsp;<\/span><\/p>\n<p style=\"margin-bottom:0;text-align:justify\"><span style=\"font-family:\u5b8b\u4f53;font-size:29px\">&nbsp;<\/span><\/p>\n<p style=\"margin-bottom:0;text-align:justify\"><span style=\"font-family:\u5b8b\u4f53;font-size:29px\">Vantagem do produto:<\/span><\/p>\n<p style=\"vertical-align: baseline\"><span style=\"font-family: \u5b8b\u4f53;font-size: 20px\">1.&nbsp;<\/span><span style=\"font-family: \u5b8b\u4f53;font-size: 20px\">Sa\u00edda do eixo XY do manipulador inteligente e entrega do elevador<\/span><\/p>\n<p style=\"vertical-align: baseline\"><span style=\"font-family: \u5b8b\u4f53;font-size: 20px\"><img decoding=\"async\" src=\"https:\/\/www.hommy.com\/wp-content\/uploads\/16429869909431.jpg\" alt=\"produto-Hommy-PA-C5B M\u00e1quina autom\u00e1tica de venda autom\u00e1tica de alimentos quentes e congelados-img\" title=\"\"><\/span><\/p>\n<p style=\"vertical-align: baseline\"><span style=\"font-family: \u5b8b\u4f53;font-size: 20px\">2.<\/span><span style=\"font-family: \u5b8b\u4f53;font-size: 20px\">Maior capacidade de cerca de <\/span><span style=\"font-family: Calibri;font-size: 20px\">72<\/span><span style=\"font-family: \u5b8b\u4f53;font-size: 20px\">pcs : 3 corredores de pcs por camada X 3 caixas\/correio de carga X <\/span><span style=\"font-family: Calibri;font-size: 20px\">8<\/span><span style=\"font-family: \u5b8b\u4f53;font-size: 20px\">&nbsp;camadas=<\/span><span style=\"font-family: Calibri;font-size: 20px\">72<\/span><\/p>\n<p style=\"vertical-align: baseline\"><img loading=\"lazy\" decoding=\"async\" src=\"https:\/\/www.hommy.com\/wp-content\/uploads\/16429870106983.png\" title=\"\" alt=\"produto-Hommy-img\" width=\"350\" height=\"617\" border=\"0\" vspace=\"0\" style=\"width: 350px;height: 617px\"><\/p>\n<p><span style=\"font-family: \u5b8b\u4f53;font-size: 20px\">3.<\/span><span style=\"font-family:Calibri;font-size:21px\">O sistema de pagamento pode aceitar: moeda, fatura, moeda Exchang, interface de cart\u00e3o de cr\u00e9dito.<\/span><\/p>\n<p style=\"vertical-align: baseline\"><img loading=\"lazy\" decoding=\"async\" src=\"https:\/\/www.hommy.com\/wp-content\/uploads\/16429870508135.png\" title=\"\" alt=\"produto-Hommy-img\" width=\"350\" height=\"546\" border=\"0\" vspace=\"0\" style=\"width: 350px;height: 546px\"><\/p>\n<p><span style=\"font-family:Calibri;font-size:21px\">4.<\/span><span style=\"font-family:Calibri;font-size:21px\">Sistema de gest\u00e3o remota por computador: consulta de detalhes de vendas, lembretes de faltas, lembretes de falhas de m\u00e1quinas.<\/span><\/p>\n<p style=\"vertical-align: baseline\"><img decoding=\"async\" src=\"https:\/\/www.hommy.com\/wp-content\/uploads\/16429870792380.jpg\" alt=\"product-PA-C5B M\u00e1quina autom\u00e1tica de venda autom\u00e1tica de alimentos quentes e congelados-Hommy-img\" title=\"\"><\/p>\n<h2>Quantos snacks cabem numa m\u00e1quina de venda autom\u00e1tica?<\/h2>\n<p><\/p>\n<p>Gostaria de saber qual \u00e9, na opini\u00e3o de todos, o n\u00famero m\u00e1ximo de alimentos que uma m\u00e1quina de venda autom\u00e1tica pode conter? S\u00e3o apenas snacks ou podem conter outros alimentos como sandes e at\u00e9 bebidas? Existe um limite definido para a quantidade que pode caber numa m\u00e1quina de venda autom\u00e1tica ou \u00e9 apenas o limite do fabricante?<\/p>\n<p><\/p>\n<p>Esta \u00e9 a minha maior queixa em rela\u00e7\u00e3o \u00e0 minha m\u00e1quina de venda autom\u00e1tica no trabalho. S\u00f3 pode conter um m\u00e1ximo de 13 sandes de cada vez, e s\u00f3 pode conter um m\u00e1ximo de 5 bebidas (sem latas). Isto sem contar com os condimentos. Quando estou a trabalhar, n\u00e3o consigo arranjar tempo suficiente para comer e comprar comida, por isso tento sempre fazer outra coisa ou pagar para que me tragam alguma coisa. Por isso, normalmente acabo por comprar 5 ou 6 sandes de uma vez e talvez<\/p>\n<p><\/p>\n<h2>Quanto custa uma m\u00e1quina de venda autom\u00e1tica?<\/h2>\n<p><\/p>\n<p>R: Uma m\u00e1quina de venda autom\u00e1tica \u00e9 um dispositivo eletromec\u00e2nico ou el\u00e9trico que est\u00e1 programado para distribuir um produto selecionado a partir de uma sele\u00e7\u00e3o de produtos. O produto eletromec\u00e2nico \u00e9 um tipo de m\u00e1quina em que um motor ou solenoide \u00e9 utilizado para distribuir um ou mais produtos. A distribui\u00e7\u00e3o ocorre quando o motor \u00e9 acionado por um microprocessador para entregar o produto selecionado a uma calha ou abertura onde \u00e9 retirado por um utilizador.<\/p>\n<p><\/p>\n<h2>P: Podem fazer alguma oferta especial para m\u00e1quinas de venda autom\u00e1tica?<\/h2>\n<p><\/p>\n<p>R: Isto varia de fabricante para fabricante. Algumas m\u00e1quinas permitem-lhe combinar produtos para baixar o pre\u00e7o, enquanto outras est\u00e3o programadas para entregar o produto da caixa de pre\u00e7o mais baixo.<\/p>\n<p><\/p>\n<h2>P: Posso encomendar a minha nova m\u00e1quina de venda autom\u00e1tica online?<\/h2>\n<p><\/p>\n<p>R: Isto varia consoante o fabricante. Alguns exigem que se visite o s\u00edtio Web do fabricante para encomendar a m\u00e1quina, enquanto outros podem ser encomendados ao representante de vendas local. Deve pesquisar sempre as m\u00e1quinas de venda autom\u00e1tica que est\u00e1 a comprar para determinar se<\/p>\n<p><\/p>\n<h2>Quanto pesa uma m\u00e1quina de venda autom\u00e1tica? A resposta n\u00e3o \u00e9 assim t\u00e3o simples.<\/h2>\n<p><\/p>\n<p>A maioria das pessoas tem a sua opini\u00e3o sobre o peso de uma m\u00e1quina de venda autom\u00e1tica, mas a realidade \u00e9 que os diferentes locais t\u00eam quantidades vari\u00e1veis de peso. Por exemplo, o peso de uma m\u00e1quina de venda autom\u00e1tica pode ser de 10 lbs em Seattle e de 40 lbs em Chicago. E n\u00e3o, n\u00e3o \u00e9 porque esse seja o peso real da m\u00e1quina de venda autom\u00e1tica; \u00e9 devido \u00e0 densidade da cidade e aos tipos de produtos que s\u00e3o vendidos nas m\u00e1quinas de venda autom\u00e1tica. Isso deve-se ao facto de a constru\u00e7\u00e3o de uma m\u00e1quina de venda autom\u00e1tica variar, o que afecta o seu peso.<\/p>\n<p><\/p>\n<\/p><\/div>","protected":false},"excerpt":{"rendered":"<p>Automatic Food Vending Machine provided by us is manufactured from the premium quality components that we procure from the genuine vendors of the market and the latest technology in compliance with industry set standards. The Automatic Food Vending Machine offered by us is designed to offer safe and convenient way to vend a variety of [&hellip;]<\/p>\n","protected":false},"featured_media":1956,"comment_status":"open","ping_status":"open","template":"","meta":{"_swt_meta_header_display":false,"_swt_meta_footer_display":false,"_swt_meta_site_title_display":false,"_swt_meta_sticky_header":false,"_swt_meta_transparent_header":false},"product_brand":[],"product_cat":[74,68],"product_tag":[],"class_list":{"0":"post-353","1":"product","2":"type-product","3":"status-publish","4":"has-post-thumbnail","6":"product_cat-hot-food-vending-machine","7":"product_cat-vending-machine","9":"first","10":"instock","11":"shipping-taxable","12":"product-type-simple"},"_links":{"self":[{"href":"https:\/\/www.hommy.com\/pt\/wp-json\/wp\/v2\/product\/353","targetHints":{"allow":["GET"]}}],"collection":[{"href":"https:\/\/www.hommy.com\/pt\/wp-json\/wp\/v2\/product"}],"about":[{"href":"https:\/\/www.hommy.com\/pt\/wp-json\/wp\/v2\/types\/product"}],"replies":[{"embeddable":true,"href":"https:\/\/www.hommy.com\/pt\/wp-json\/wp\/v2\/comments?post=353"}],"wp:featuredmedia":[{"embeddable":true,"href":"https:\/\/www.hommy.com\/pt\/wp-json\/wp\/v2\/media\/1956"}],"wp:attachment":[{"href":"https:\/\/www.hommy.com\/pt\/wp-json\/wp\/v2\/media?parent=353"}],"wp:term":[{"taxonomy":"product_brand","embeddable":true,"href":"https:\/\/www.hommy.com\/pt\/wp-json\/wp\/v2\/product_brand?post=353"},{"taxonomy":"product_cat","embeddable":true,"href":"https:\/\/www.hommy.com\/pt\/wp-json\/wp\/v2\/product_cat?post=353"},{"taxonomy":"product_tag","embeddable":true,"href":"https:\/\/www.hommy.com\/pt\/wp-json\/wp\/v2\/product_tag?post=353"}],"curies":[{"name":"wp","href":"https:\/\/api.w.org\/{rel}","templated":true}]}}