{"id":346,"date":"2024-07-02T13:05:55","date_gmt":"2024-07-02T13:05:55","guid":{"rendered":"http:\/\/localhost\/hommywp\/pa-c5-e-24-7-baked-fresh-food-vending-machine-with-kiosk\/"},"modified":"2025-08-01T09:57:32","modified_gmt":"2025-08-01T09:57:32","slug":"pa-c5-e-maquina-de-venda-automatica-para-quiosques","status":"publish","type":"product","link":"https:\/\/www.hommy.com\/pt\/p\/pa-c5-e-maquina-de-venda-automatica-para-quiosques\/","title":{"rendered":"Pa-C5-E M\u00e1quina de venda autom\u00e1tica de alimentos frescos cozinhados 24 horas por dia, 7 dias por semana, com quiosque"},"content":{"rendered":"<div>\n<p style=\"text-align: center\"><span style=\"font-family:Calibri;font-size:29px\">Quiosque de pastelaria M\u00e1quina de venda autom\u00e1tica 24 horas <\/span><span style=\"font-family:\u5b8b\u4f53;font-size:29px\">&nbsp;&nbsp;&nbsp;<\/span><span style=\"font-family:\u5b8b\u4f53;font-size:29px\">&nbsp;<\/span><\/p>\n<p><span style=\"font-family:\u5b8b\u4f53;font-size:29px\">N\u00f3s somos um dos principais fabricantes, fornecedores e exportadores deste produto. Somos um nome de renome nesta ind\u00fastria que ganhou uma grande reputa\u00e7\u00e3o no mercado para a fabrica\u00e7\u00e3o, fornecimento e exporta\u00e7\u00e3o deste produto. A m\u00e1quina de venda autom\u00e1tica de alimentos oferecida \u00e9 amplamente exigida no mercado por sua durabilidade, f\u00e1cil instala\u00e7\u00e3o e compacta.&nbsp;&nbsp;&nbsp;&nbsp;&nbsp;&nbsp;&nbsp;&nbsp;&nbsp;&nbsp;&nbsp;&nbsp;&nbsp;&nbsp;&nbsp;&nbsp;<\/span><span style=\"font-family:Calibri;font-size:29px\">&nbsp;<\/span><\/p>\n<p><span style=\"font-family:\u5b8b\u4f53;font-size:29px\">&nbsp; &nbsp; &nbsp; &nbsp; &nbsp; &nbsp; &nbsp; &nbsp; &nbsp; &nbsp; &nbsp;<\/span><\/p>\n<p><span style=\"font-family:\u5b8b\u4f53;font-size:29px\">Produto <\/span><span style=\"font-family:\u5b8b\u4f53;font-size:29px\">especifica\u00e7\u00e3o:<\/span><\/p>\n<p><span style=\"font-family:\u5b8b\u4f53;font-size:29px\"><img decoding=\"async\" src=\"https:\/\/www.hommy.com\/wp-content\/uploads\/16432479186040.png\" alt=\"produto-Hommy-img\" title=\"\"><\/span><\/p>\n<p><\/p>\n<p style=\"margin-bottom:0;text-align:justify\"><img decoding=\"async\" src=\"https:\/\/www.hommy.com\/wp-content\/uploads\/16432479979159.png\" alt=\"produto-PA-C5-E Quiosque de venda autom\u00e1tica de bolos-Hommy-img\" title=\"\"><\/p>\n<p style=\"margin-bottom:0;text-align:justify\"><span style=\"font-family:\u5b8b\u4f53;font-size:29px\"><br \/><\/span><\/p>\n<p style=\"margin-bottom:0;text-align:justify\"><span style=\"font-family:\u5b8b\u4f53;font-size:29px\">Carater\u00edsticas do produto : <\/span><\/p>\n<p><span style=\"font-family:Calibri;font-size:21px\">1.&nbsp;<\/span><span style=\"font-family:Calibri;font-size:21px\">21<\/span><span style=\"font-family:\u7b49\u7ebf;font-size:21px\">.<\/span><span style=\"font-family:Calibri;font-size:21px\">5\" t\u00e1til<\/span><span style=\"font-family:Calibri;font-size:21px\">&nbsp;ecr\u00e3 para promo\u00e7\u00e3o e funcionamento<\/span><span style=\"font-family:Calibri;font-size:21px\">. Sistema de gest\u00e3o da plataforma de nuvem. <\/span><\/p>\n<p style=\"margin-bottom: 17px;line-height: 18px\"><span style=\"font-family:\u5b8b\u4f53;font-size:21px\">2.&nbsp;<\/span><span style=\"font-family:\u5b8b\u4f53;font-size:21px\">Janela visual do produto<\/span><span style=\"font-family:Calibri;font-size:21px\">. A porta \u00e9 fabricada em<\/span><span style=\"font-family:\u5b8b\u4f53;font-size:21px\">&nbsp;duas camadas de vidro visual totalmente selado e <\/span><span style=\"font-family:Calibri;font-size:21px\">no exterior com <\/span><span style=\"font-family:\u5b8b\u4f53;font-size:21px\">uma camada de pel\u00edcula de vidro<\/span><span style=\"font-family:Calibri;font-size:21px\">&nbsp;com <\/span><span style=\"font-family:\u5b8b\u4f53;font-size:21px\">autom\u00e1tico <\/span><span style=\"font-family:Calibri;font-size:21px\">de<\/span><span style=\"font-family:\u5b8b\u4f53;font-size:21px\">geada<\/span><span style=\"font-family:Calibri;font-size:21px\">fun\u00e7\u00e3o de controlo.<\/span><\/p>\n<p style=\"margin-bottom: 17px;line-height: 18px\"><span style=\"font-family:Calibri;font-size:21px\">3.&nbsp;<\/span><span style=\"font-family:Calibri;font-size:21px\">Sistema de pagamento<\/span><span style=\"font-family:Calibri;font-size:21px\">\uff1a<\/span><span style=\"font-family:\u7b49\u7ebf;font-size:21px\">b<\/span><span style=\"font-family:Calibri;font-size:21px\">il, moeda e moeda de troca, interface de cart\u00e3o de cr\u00e9dito.<\/span><\/p>\n<p style=\"margin-bottom: 17px\"><span style=\"font-family:Calibri;font-size:21px\">4.&nbsp;<\/span><span style=\"font-family:Calibri;font-size:21px\">O<\/span><span style=\"font-family:Calibri;font-size:21px\">&nbsp;m\u00e1quina no interior <\/span><span style=\"font-family:Calibri;font-size:21px\">pode manter <\/span><span style=\"font-family:Calibri;font-size:21px\">72<\/span><span style=\"font-family:Calibri;font-size:21px\">pe\u00e7as <\/span><span style=\"font-family:Calibri;font-size:21px\">refei\u00e7\u00e3o selada, tamanho da refei\u00e7\u00e3o selada: 8\"(C)x5 1\/8\"(L)<\/span><span style=\"font-family:Calibri;font-size:21px\">*<\/span><span style=\"font-family:Calibri;font-size:21px\">1 3\/8\"(H). <\/span><\/p>\n<p style=\"margin-bottom: 17px\"><span style=\"font-family:\u7b49\u7ebf;font-size:21px\">&nbsp;<\/span><span style=\"font-family:Calibri;font-size:21px\">&nbsp;Manter a quantidade da caixa com base no seu tamanho.<\/span><\/p>\n<p style=\"margin-bottom: 17px\"><span style=\"font-family:Calibri;font-size:21px\">5.&nbsp;<\/span><span style=\"font-family:Calibri;font-size:21px\">H\u00e1 1-27 tipos de alimentos dispon\u00edveis para venda, e o pre\u00e7o e o tempo de aquecimento de cada item podem ser definidos separadamente<\/span><span style=\"font-family:Calibri;font-size:21px\">.<\/span><\/p>\n<p><span style=\"font-family:Calibri;font-size:21px\">6.&nbsp;<\/span><span style=\"font-family:Calibri;font-size:21px\">O <\/span><span style=\"font-family:Calibri;font-size:21px\">temperatura<\/span><span style=\"font-family:Calibri;font-size:21px\">&nbsp;de espa\u00e7o de armazenamento dispon\u00edvel <\/span><span style=\"font-family:Calibri;font-size:21px\">de <\/span><span style=\"font-family:Calibri;font-size:21px\">0<\/span><span style=\"font-family:Calibri;font-size:21px\">\u2103\uff5e<\/span><span style=\"font-family:Calibri;font-size:21px\">4<\/span><span style=\"font-family:Calibri;font-size:21px\">\u2103. <\/span><span style=\"font-family:Calibri;font-size:21px\">Pode <\/span><span style=\"font-family:Calibri;font-size:21px\">ser configurado com base em diferentes produtos<\/span><span style=\"font-family:Calibri;font-size:21px\">cts.<\/span><\/p>\n<p><span style=\"font-family:Calibri;font-size:21px\">7.&nbsp;<\/span><span style=\"font-family:Calibri;font-size:21px\">Temperatura de aquecimento: <\/span><span style=\"font-family:Calibri;font-size:21px\">&nbsp;60\u2103\uff5e90\u2103<\/span><span style=\"font-family:Calibri;font-size:21px\">. N<\/span><span style=\"font-family:\u5b8b\u4f53;font-size:21px\">eed 45 segundos<\/span><span style=\"font-family:Calibri;font-size:21px\">s<\/span><span style=\"font-family:\u5b8b\u4f53;font-size:21px\">&nbsp;para bak<\/span><span style=\"font-family:Calibri;font-size:21px\">ing<\/span><span style=\"font-family:\u5b8b\u4f53;font-size:21px\">&nbsp;uma refei\u00e7\u00e3o selada (fresca, nunca congelada) .<\/span><span style=\"font-family:Calibri;font-size:21px\">&nbsp;<\/span><span style=\"font-family:Calibri;font-size:21px\">O tempo de aquecimento pode ser ajustado com base nos materiais.<\/span><span style=\"font-family:Calibri;font-size:21px\">&nbsp;<\/span><\/p>\n<p><span style=\"font-family:Calibri;font-size:21px\">8.&nbsp;<\/span><span style=\"font-family:Calibri;font-size:21px\">M\u00e9todo de aquecimento: forno de micro-ondas comercial patenteado<\/span><span style=\"font-family:Calibri;font-size:21px\">(pot\u00eancia do micro-ondas :3000W ) <\/span><\/p>\n<p><span style=\"font-family:Calibri;font-size:21px\">9.&nbsp;<\/span><span style=\"font-family:Calibri;font-size:21px\">Velocidade de sa\u00edda da biela: <\/span><span style=\"font-family:Calibri;font-size:21px\">60\uff5e90<\/span><span style=\"font-family:Calibri;font-size:21px\">&nbsp;segundos. A velocidade varia consoante as diferentes camadas de paletes. <\/span><\/p>\n<p><span style=\"font-family:Calibri;font-size:21px\">10.&nbsp;<\/span><span style=\"font-family:Calibri;font-size:21px\">Material do corpo da m\u00e1quina: moldagem de espuma de toda a m\u00e1quina, bom isolamento t\u00e9rmico. &nbsp;<\/span><\/p>\n<p><span style=\"font-family:Calibri;font-size:21px\">11.&nbsp;<\/span><span style=\"font-family:Calibri;font-size:21px\">Compressor: pot\u00eancia 550W, Marca Embraco\uff0cRefrigerante 134A<\/span><\/p>\n<p><span style=\"font-family:Calibri;font-size:21px\"><br \/><\/span><\/p>\n<p><span style=\"font-family:Calibri;font-size:21px\"><\/span><\/p>\n<p style=\"margin-bottom:0;text-align:justify\"><span style=\"font-family:\u5b8b\u4f53;font-size:29px\">Vantagem do produto:<\/span><\/p>\n<p style=\"vertical-align: baseline\"><span style=\"font-family: \u5b8b\u4f53;font-size: 20px\">1.<\/span><span style=\"font-family: \u5b8b\u4f53;font-size: 20px\">Sa\u00edda do eixo XY do manipulador inteligente e entrega do elevador<\/span><\/p>\n<p style=\"vertical-align: baseline\"><span style=\"font-family: \u5b8b\u4f53;font-size: 20px\"><img loading=\"lazy\" decoding=\"async\" src=\"https:\/\/www.hommy.com\/wp-content\/uploads\/16432481569558.png\" title=\"\" alt=\"produto-Hommy-img\" width=\"350\" height=\"625\" border=\"0\" vspace=\"0\" style=\"width: 350px;height: 625px\"><\/span><\/p>\n<p style=\"vertical-align: baseline\"><span style=\"font-family: \u5b8b\u4f53;font-size: 20px\">2.<\/span><span style=\"font-family: \u5b8b\u4f53;font-size: 20px\">Maior capacidade de cerca de <\/span><span style=\"font-family: Calibri;font-size: 20px\">72<\/span><span style=\"font-family: \u5b8b\u4f53;font-size: 20px\">pcs : 3 corredores de pcs por camada X 3 caixas\/correio de carga X <\/span><span style=\"font-family: Calibri;font-size: 20px\">8<\/span><span style=\"font-family: \u5b8b\u4f53;font-size: 20px\">&nbsp;camadas=<\/span><span style=\"font-family: Calibri;font-size: 20px\">72<\/span><\/p>\n<p style=\"vertical-align: baseline\"><img loading=\"lazy\" decoding=\"async\" src=\"https:\/\/www.hommy.com\/wp-content\/uploads\/16432481748716.jpg\" title=\"\" alt=\"produto-Hommy-img\" width=\"350\" height=\"1706\" border=\"0\" vspace=\"0\" style=\"width: 350px;height: 1706px\"><\/p>\n<p><span style=\"font-family: \u5b8b\u4f53;font-size: 20px\">3.<\/span><span style=\"font-family:Calibri;font-size:21px\">O sistema de pagamento pode aceitar: moeda, fatura, moeda Exchang, interface de cart\u00e3o de cr\u00e9dito.<\/span><\/p>\n<p style=\"vertical-align: baseline\"><img loading=\"lazy\" decoding=\"async\" src=\"https:\/\/www.hommy.com\/wp-content\/uploads\/16432481982026.jpg\" title=\"\" alt=\"produto-Hommy-img\" width=\"350\" height=\"1167\" border=\"0\" vspace=\"0\" style=\"width: 350px;height: 1167px\"><\/p>\n<p><span style=\"font-family:Calibri;font-size:21px\">4.<\/span><span style=\"font-family:Calibri;font-size:21px\">Sistema de gest\u00e3o remota por computador: consulta de detalhes de vendas, lembretes de faltas, lembretes de falhas de m\u00e1quinas.<\/span><\/p>\n<p style=\"vertical-align: baseline\"><img decoding=\"async\" src=\"https:\/\/www.hommy.com\/wp-content\/uploads\/16432482259182.jpg\" alt=\"produto-Hommy-PA-C5-E Quiosque de pastelaria M\u00e1quina de venda autom\u00e1tica-img\" title=\"\"><\/p>\n<p><span style=\"font-family:Calibri;font-size:21px\"><\/span><\/p>\n<h2>Quanto custa uma m\u00e1quina de venda autom\u00e1tica refrigerada?&nbsp;<\/h2>\n<p style=\"margin-top: 5px;margin-bottom: 5px\">A resposta a estas quest\u00f5es n\u00e3o \u00e9 simples. Embora uma m\u00e1quina de venda autom\u00e1tica possa ser operada com um lucro substancial, existem muitos outros custos de possuir uma m\u00e1quina de venda autom\u00e1tica. Neste artigo, analisarei alguns dos diferentes custos e explicarei em que medida contribuem para a rentabilidade das m\u00e1quinas de venda autom\u00e1tica.<\/p>\n<p style=\"margin-top: 5px;margin-bottom: 5px\"><\/p>\n<h2>Quanta eletricidade consome uma m\u00e1quina de snacks?<\/h2>\n<p style=\"margin-top: 5px;margin-bottom: 5px\">O consumo de energia das m\u00e1quinas de snacks \u00e9 calculado com base numa s\u00e9rie de carater\u00edsticas, como o tamanho, o tipo, a pot\u00eancia do motor el\u00e9trico da m\u00e1quina, a capacidade do aparelho, a frequ\u00eancia das compras, o pre\u00e7o, etc. A tabela seguinte destina-se a ajud\u00e1-lo a selecionar uma m\u00e1quina de snacks com a melhor efici\u00eancia energ\u00e9tica (ou seja, o maior consumo de energia por unidade de snacks comprados).<\/p>\n<p style=\"margin-top: 5px;margin-bottom: 5px\"><\/p>\n<h2>Que alimentos se encontram numa m\u00e1quina de venda autom\u00e1tica?<\/h2>\n<p style=\"margin-top: 5px;margin-bottom: 5px\">Uma m\u00e1quina para alguns, um local para encontrar um lanche ou uma refei\u00e7\u00e3o r\u00e1pida para outros. \u00c9 uma necessidade para muitos, mesmo que tenha assumido o papel de um centro de entretenimento. Algumas m\u00e1quinas foram concebidas para tentar os visitantes com uma variedade de snacks e refei\u00e7\u00f5es, como um local para reabastecer, como uma oportunidade para comer algo r\u00e1pido ou, por vezes, como uma \u00e1rea de divers\u00e3o para as crian\u00e7as. Que tipos de alimentos se encontram nas m\u00e1quinas? S\u00e3o muitos, desde um cachorro-quente a um burrito, passando por uma variedade de doces e snacks que s\u00e3o f\u00e1ceis de agarrar e utilizar em viagem.<\/p>\n<\/p><\/div>","protected":false},"excerpt":{"rendered":"<p>Baked kiosk Vending Machine 24hours &nbsp;&nbsp;&nbsp;&nbsp; We are one of the leading manufacturers, suppliers and exporters of this product.We are a renowned name in this industry that has earned a great reputation in the market for manufacturing, supplying and exporting this product. The offered Food Vending Machine is widely demanded in the market for its [&hellip;]<\/p>\n","protected":false},"featured_media":1955,"comment_status":"open","ping_status":"open","template":"","meta":{"_swt_meta_header_display":false,"_swt_meta_footer_display":false,"_swt_meta_site_title_display":false,"_swt_meta_sticky_header":false,"_swt_meta_transparent_header":false},"product_brand":[],"product_cat":[74,68],"product_tag":[],"class_list":{"0":"post-346","1":"product","2":"type-product","3":"status-publish","4":"has-post-thumbnail","6":"product_cat-hot-food-vending-machine","7":"product_cat-vending-machine","9":"first","10":"instock","11":"shipping-taxable","12":"product-type-simple"},"_links":{"self":[{"href":"https:\/\/www.hommy.com\/pt\/wp-json\/wp\/v2\/product\/346","targetHints":{"allow":["GET"]}}],"collection":[{"href":"https:\/\/www.hommy.com\/pt\/wp-json\/wp\/v2\/product"}],"about":[{"href":"https:\/\/www.hommy.com\/pt\/wp-json\/wp\/v2\/types\/product"}],"replies":[{"embeddable":true,"href":"https:\/\/www.hommy.com\/pt\/wp-json\/wp\/v2\/comments?post=346"}],"wp:featuredmedia":[{"embeddable":true,"href":"https:\/\/www.hommy.com\/pt\/wp-json\/wp\/v2\/media\/1955"}],"wp:attachment":[{"href":"https:\/\/www.hommy.com\/pt\/wp-json\/wp\/v2\/media?parent=346"}],"wp:term":[{"taxonomy":"product_brand","embeddable":true,"href":"https:\/\/www.hommy.com\/pt\/wp-json\/wp\/v2\/product_brand?post=346"},{"taxonomy":"product_cat","embeddable":true,"href":"https:\/\/www.hommy.com\/pt\/wp-json\/wp\/v2\/product_cat?post=346"},{"taxonomy":"product_tag","embeddable":true,"href":"https:\/\/www.hommy.com\/pt\/wp-json\/wp\/v2\/product_tag?post=346"}],"curies":[{"name":"wp","href":"https:\/\/api.w.org\/{rel}","templated":true}]}}