{"id":339,"date":"2024-07-02T13:05:47","date_gmt":"2024-07-02T13:05:47","guid":{"rendered":"http:\/\/localhost\/hommywp\/pa-c5-a-automat-hamburgers-vending-machine-for-sale-price\/"},"modified":"2025-08-01T09:57:32","modified_gmt":"2025-08-01T09:57:32","slug":"pa-c5-a-maquina-de-venda-automatica-de-hamburgueres","status":"publish","type":"product","link":"https:\/\/www.hommy.com\/pt\/p\/pa-c5-a-maquina-de-venda-automatica-de-hamburgueres\/","title":{"rendered":"Pa-C5-A Automat M\u00e1quina de venda autom\u00e1tica de hamb\u00fargueres para venda Pre\u00e7o"},"content":{"rendered":"<div>\n<p style=\"text-align: center\"><span style=\"font-size: 29px;font-family: Helvetica\">M\u00e1quina de venda autom\u00e1tica de bebidas quentes e congeladas 24 horas por dia<\/span><\/p>\n<p style=\"text-align: center\"><span style=\"font-size: 29px;font-family: Helvetica\">https:\/\/youtu.be\/fjqlShughpQ&nbsp; <\/span><span style=\"font-family:\u5b8b\u4f53;font-size:29px\">&nbsp;<\/span><\/p>\n<p><span style=\"font-family: Helvetica;font-size: 16px\">Fabricante, fornecedor, exportador, distribuidor de m\u00e1quinas de venda autom\u00e1tica de hamb\u00fargueres. Temos a nossa pr\u00f3pria unidade de fabrico e temos acordos com v\u00e1rios fabricantes de renome para garantir que somos capazes de oferecer m\u00e1quinas de alta qualidade. As nossas ofertas compreendem m\u00e1quinas completas, incluindo a unidade, o dispositivo de refrigera\u00e7\u00e3o e o sistema de venda autom\u00e1tica. Oferecemos m\u00e1quinas de alta qualidade.<\/span><\/p>\n<p><span style=\"font-size: 29px;font-family: Helvetica\">Especifica\u00e7\u00e3o do produto\uff1a<\/span><\/p>\n<p><span style=\"font-family:\u5b8b\u4f53;font-size:29px\"><img decoding=\"async\" src=\"https:\/\/www.hommy.com\/wp-content\/uploads\/16429863857179.png\" alt=\"produto-Hommy-img\" title=\"\"><\/span><\/p>\n<p><\/p>\n<p style=\"margin-bottom:0;text-align:justify\"><span style=\"font-family:\u5b8b\u4f53;font-size:29px\">Carater\u00edsticas do produto: <\/span><\/p>\n<p><span style=\"font-family:Calibri;font-size:21px\">1. 21<\/span><span style=\"font-family:\u7b49\u7ebf;font-size:21px\">.<\/span><span style=\"font-family:Calibri;font-size:21px\">Ecr\u00e3 t\u00e1til de 5\" para promo\u00e7\u00e3o e opera\u00e7\u00e3o. Sistema de gest\u00e3o de plataforma em nuvem. <\/span><\/p>\n<p><span style=\"font-family:Calibri;font-size:21px\">2. Sistema de pagamento: Moeda, fatura, cart\u00e3o de cr\u00e9dito fornece interface (porta MDB), moedas de retorno. &nbsp;<\/span><\/p>\n<p><span style=\"font-family:Calibri;font-size:21px\">3. A m\u00e1quina dentro pode manter 72pcs hamb\u00fargueres, tamanho das caixas de alimentos: (L)220mm*(W)180mm*(H)40\uff5e70mm. O armazenamento pode ser de 81 caixas se a largura da caixa for de 150 mm.<\/span><span style=\"font-family:\u5b8b\u4f53;font-size:21px\"><span style=\"font-family:\u5b8b\u4f53\">\uff08<\/span>base na sua caixa para a ajustar \uff09.<\/span><\/p>\n<p><span style=\"font-family:Calibri;font-size:21px\">4. A temperatura da \u00e1rea de armazenamento pode ser ajustada de 5 \u2103 \uff5e 10 \u2103. Pode ser configurado com base em diferentes produtos.<\/span><\/p>\n<p><span style=\"font-family:Calibri;font-size:21px\">5. Temperatura de aquecimento: 60\u2103\uff5e90\u2103. N<\/span><span style=\"font-family:\u5b8b\u4f53;font-size:21px\">eed 30 segundos<\/span><span style=\"font-family:Calibri;font-size:21px\">s<\/span><span style=\"font-family:\u5b8b\u4f53;font-size:21px\">&nbsp;para bak<\/span><span style=\"font-family:Calibri;font-size:21px\">ing<\/span><span style=\"font-family:\u5b8b\u4f53;font-size:21px\">&nbsp;um <\/span><span style=\"font-family:Calibri;font-size:21px\">hamb\u00farguer<\/span><span style=\"font-family:\u5b8b\u4f53;font-size:21px\">.<\/span><span style=\"font-family:Calibri;font-size:21px\">&nbsp;O tempo de aquecimento pode ser ajustado com base nos materiais.&nbsp;<\/span><\/p>\n<p><span style=\"font-family:Calibri;font-size:21px\">6. Velocidade de entrega da vareta: 60~90 segundos. A velocidade ser\u00e1 variada para diferentes camadas de paletes. <\/span><\/p>\n<p><span style=\"font-family:Calibri;font-size:21px\">7. M\u00e9todo de aquecimento: forno de micro-ondas comercial patenteado (2000W)<\/span><\/p>\n<p><span style=\"font-family:Calibri;font-size:21px\">8. Tipos de alimentos dispon\u00edveis: 1-27 tipos, o pre\u00e7o de cada produto e o tempo de aquecimento podem ser configurados <\/span><\/p>\n<p><span style=\"font-family:Calibri;font-size:21px\">9. Material do corpo da m\u00e1quina: moldagem de espuma de toda a m\u00e1quina, bom isolamento t\u00e9rmico. &nbsp;<\/span><\/p>\n<p><span style=\"font-family:Calibri;font-size:21px\">10. Compressor: pot\u00eancia 550W, Marca Embraco\uff0cRefrigerante 134A<\/span><\/p>\n<p style=\"margin-bottom:0;text-align:justify\"><\/p>\n<p style=\"margin-bottom:0;text-align:justify\"><span style=\"font-family:\u5b8b\u4f53;font-size:29px\">Vantagem do produto:<\/span><\/p>\n<p style=\"margin-bottom:0;text-align:justify\"><span style=\"font-family: Calibri;font-size: 16px\">1.&nbsp;<\/span><span style=\"font-family: \u5b8b\u4f53;font-size: 20px\">Sa\u00edda do eixo XY do manipulador inteligente e entrega do elevador<\/span><\/p>\n<p style=\"margin-bottom:0;text-align:justify\"><span style=\"font-family: \u5b8b\u4f53;font-size: 20px\"><img decoding=\"async\" src=\"https:\/\/www.hommy.com\/wp-content\/uploads\/16429864739993.jpg\" alt=\"produto-Hommy-img\" title=\"\"><\/span><\/p>\n<p style=\"vertical-align: baseline\"><span style=\"font-family: Calibri;font-size: 20px\">2<\/span><span style=\"font-family: \u5b8b\u4f53;font-size: 20px\">Maior capacidade de cerca de <\/span><span style=\"font-family: Calibri;font-size: 20px\">72<\/span><span style=\"font-family: \u5b8b\u4f53;font-size: 20px\">pcs : 3 corredores de pcs por camada X 3 caixas\/correio de carga X <\/span><span style=\"font-family: Calibri;font-size: 20px\">8<\/span><span style=\"font-family: \u5b8b\u4f53;font-size: 20px\">&nbsp;camadas=<\/span><span style=\"font-family: Calibri;font-size: 20px\">72<\/span><\/p>\n<p style=\"vertical-align: baseline\"><img loading=\"lazy\" decoding=\"async\" src=\"https:\/\/www.hommy.com\/wp-content\/uploads\/16429864907681.jpg\" title=\"\" alt=\"produto-Hommy-img\" width=\"350\" height=\"1440\" border=\"0\" vspace=\"0\" style=\"width: 350px;height: 1440px\"><\/p>\n<p><span style=\"font-family: \u5b8b\u4f53;font-size: 20px\">3.<\/span><span style=\"font-family:Calibri;font-size:21px\">O sistema de pagamento pode aceitar: moeda, fatura, moeda Exchang, interface de cart\u00e3o de cr\u00e9dito.<\/span><\/p>\n<p style=\"vertical-align: baseline\"><img loading=\"lazy\" decoding=\"async\" src=\"https:\/\/www.hommy.com\/wp-content\/uploads\/16429865163876.png\" title=\"\" alt=\"produto-Hommy-img\" width=\"350\" height=\"546\" border=\"0\" vspace=\"0\" style=\"width: 350px;height: 546px\"><\/p>\n<p><span style=\"font-family:Calibri;font-size:21px\">4. sistema de gest\u00e3o remota por computador: consulta de detalhes de vendas, lembretes de escassez, lembrete de falha de m\u00e1quina.<\/span><\/p>\n<p style=\"vertical-align: baseline\"><img decoding=\"async\" src=\"https:\/\/www.hommy.com\/wp-content\/uploads\/16429865641427.jpg\" alt=\"produto-PA-C5-A M\u00e1quina de venda autom\u00e1tica de hamb\u00fargueres-Hommy-img\" title=\"\"><\/p>\n<p><span style=\"font-family:\u5b8b\u4f53;font-size:29px\"><\/span><\/p>\n<h2 style=\"font-family: sans-serif\">Que alimentos se encontram numa m\u00e1quina de venda autom\u00e1tica?<\/h2>\n<p style=\"margin-top: 5px;margin-bottom: 5px;font-family: sans-serif;font-size: 16px\">A maioria das m\u00e1quinas de venda autom\u00e1tica tem diferentes tipos de artigos dispon\u00edveis, mas cada um tem um objetivo diferente. Algumas s\u00e3o direcionadas para quem tem um or\u00e7amento limitado; outras para quem trabalha no escrit\u00f3rio e n\u00e3o tem tempo para ir buscar um snack ou uma bebida r\u00e1pida.<\/p>\n<p style=\"margin-top: 5px;margin-bottom: 5px;font-family: sans-serif;font-size: 16px\"><\/p>\n<h2 style=\"font-family: sans-serif\">O que \u00e9 que posso vender na m\u00e1quina de venda autom\u00e1tica?<\/h2>\n<p style=\"margin-top: 5px;margin-bottom: 5px;font-family: sans-serif;font-size: 16px\">Esta resposta n\u00e3o \u00e9 apenas espec\u00edfica para as m\u00e1quinas de venda autom\u00e1tica e n\u00e3o tem qualquer inten\u00e7\u00e3o de ser uma lista exaustiva. H\u00e1 muito poucos artigos que podem ser vendidos em m\u00e1quinas de venda autom\u00e1tica. De um modo geral, o que se pretende \u00e9 encontrar as coisas que uma m\u00e1quina de venda autom\u00e1tica est\u00e1 equipada para aceitar e, em seguida, as coisas que uma m\u00e1quina de venda autom\u00e1tica est\u00e1 equipada para vender. Por exemplo, uma m\u00e1quina de venda autom\u00e1tica que aceita dinheiro, garrafas de bebidas e rebu\u00e7ados tem mais probabilidades de aceitar (ou pelo menos de poder aceitar) os dois primeiros artigos, mas provavelmente n\u00e3o aceitar\u00e1 e muito provavelmente n\u00e3o vender\u00e1 o terceiro. Uma m\u00e1quina de venda autom\u00e1tica que aceita dinheiro, garrafas de bebida e rebu\u00e7ados tem maior probabilidade de vender as duas primeiras coisas e de vender a terceira. Uma m\u00e1quina de venda autom\u00e1tica que aceita dinheiro, apenas garrafas de bebida e apenas rebu\u00e7ados tem menos probabilidades de aceitar qualquer um deles e tem mais probabilidades de n\u00e3o aceitar nenhum. Uma m\u00e1quina de venda autom\u00e1tica que s\u00f3 aceita dinheiro e rebu\u00e7ados provavelmente n\u00e3o aceitar\u00e1 nenhum e n\u00e3o vender\u00e1 nenhum.<\/p>\n<p style=\"margin-top: 5px;margin-bottom: 5px;font-family: sans-serif;font-size: 16px\"><\/p>\n<h2 style=\"font-family: sans-serif\">Quantos snacks cabem numa m\u00e1quina de venda autom\u00e1tica?<\/h2>\n<p style=\"margin-top: 5px;margin-bottom: 5px;font-family: sans-serif;font-size: 16px\">A maior parte das m\u00e1quinas de venda autom\u00e1tica, e certamente aquelas de que estamos a falar aqui, t\u00eam um n\u00famero m\u00e1ximo de artigos que podem ser armazenados na m\u00e1quina. Nalgumas, o n\u00famero m\u00e1ximo \u00e9 definido como o \u00faltimo n\u00famero de um temporizador de contagem decrescente, noutras \u00e9 a capacidade da m\u00e1quina. O exemplo mais \u00f3bvio \u00e9 o n\u00famero de bot\u00f5es que podem ser premidos numa m\u00e1quina de teclar ou num teclado. Algumas m\u00e1quinas t\u00eam um n\u00famero m\u00e1ximo baseado no peso dos objectos que se podem depositar nelas, embora estas sejam geralmente utilizadas apenas para detetar objectos roubados ou adulterados.<\/p>\n<\/p><\/div>","protected":false},"excerpt":{"rendered":"<p>Hot and Freeze vending machine 24hours https:\/\/youtu.be\/fjqlShughpQ&nbsp; &nbsp; Manufacturer, Supplier, Exporter, Distributor of Hamburgers Vending Machine. We have our own manufacturing unit and have tie-ups with various reputed manufacturers to ensure that we are able to offer high quality machines. Our offerings comprise of complete machines including the unit, the refrigeration device and the vending [&hellip;]<\/p>\n","protected":false},"featured_media":1954,"comment_status":"open","ping_status":"open","template":"","meta":{"_swt_meta_header_display":false,"_swt_meta_footer_display":false,"_swt_meta_site_title_display":false,"_swt_meta_sticky_header":false,"_swt_meta_transparent_header":false},"product_brand":[],"product_cat":[74,68],"product_tag":[],"class_list":{"0":"post-339","1":"product","2":"type-product","3":"status-publish","4":"has-post-thumbnail","6":"product_cat-hot-food-vending-machine","7":"product_cat-vending-machine","9":"first","10":"instock","11":"shipping-taxable","12":"product-type-simple"},"_links":{"self":[{"href":"https:\/\/www.hommy.com\/pt\/wp-json\/wp\/v2\/product\/339","targetHints":{"allow":["GET"]}}],"collection":[{"href":"https:\/\/www.hommy.com\/pt\/wp-json\/wp\/v2\/product"}],"about":[{"href":"https:\/\/www.hommy.com\/pt\/wp-json\/wp\/v2\/types\/product"}],"replies":[{"embeddable":true,"href":"https:\/\/www.hommy.com\/pt\/wp-json\/wp\/v2\/comments?post=339"}],"wp:featuredmedia":[{"embeddable":true,"href":"https:\/\/www.hommy.com\/pt\/wp-json\/wp\/v2\/media\/1954"}],"wp:attachment":[{"href":"https:\/\/www.hommy.com\/pt\/wp-json\/wp\/v2\/media?parent=339"}],"wp:term":[{"taxonomy":"product_brand","embeddable":true,"href":"https:\/\/www.hommy.com\/pt\/wp-json\/wp\/v2\/product_brand?post=339"},{"taxonomy":"product_cat","embeddable":true,"href":"https:\/\/www.hommy.com\/pt\/wp-json\/wp\/v2\/product_cat?post=339"},{"taxonomy":"product_tag","embeddable":true,"href":"https:\/\/www.hommy.com\/pt\/wp-json\/wp\/v2\/product_tag?post=339"}],"curies":[{"name":"wp","href":"https:\/\/api.w.org\/{rel}","templated":true}]}}