{"id":333,"date":"2024-07-02T13:05:42","date_gmt":"2024-07-02T13:05:42","guid":{"rendered":"http:\/\/localhost\/hommywp\/pa-c5-d-fast-hot-food-dinner-vending-machine-manufacturers-cost\/"},"modified":"2025-08-01T09:57:30","modified_gmt":"2025-08-01T09:57:30","slug":"pa-c5-d-maquina-de-venda-automatica-de-alimentos-quentes","status":"publish","type":"product","link":"https:\/\/www.hommy.com\/pt\/p\/pa-c5-d-maquina-de-venda-automatica-de-alimentos-quentes\/","title":{"rendered":"Pa-C5-D M\u00e1quina de venda autom\u00e1tica de comida r\u00e1pida e quente para jantares Custo de fabrico"},"content":{"rendered":"<div>\n<p style=\"text-align: center\"><strong><span style=\"font-family: Helvetica\"><span style=\"font-size: 29px\">M\u00e1quina de venda autom\u00e1tica de alimentos congelados <\/span><span style=\"font-size: 29px\">&nbsp;&nbsp;<\/span><\/span><\/strong><\/p>\n<p style=\"text-align: center\"><span style=\"font-family:Calibri;font-size:29px\"><a href=\"https:\/\/youtu.be\/BHUP1KlKXJ8\" style=\"font-size: 20px;text-decoration: underline\" rel=\"nofollow noopener\" target=\"_blank\"><span style=\"font-family: Calibri;font-size: 20px\">https:\/\/youtu.be\/BHUP1KlKXJ8<\/span><\/a><\/span><\/p>\n<p>Somos tamb\u00e9m um fornecedor desta M\u00e1quina de venda autom\u00e1tica de jantares em qualquer capacidade que possa querer. Os nossos profissionais asseguram o fabrico de equipamento da melhor qualidade de uma forma eficiente e econ\u00f3mica. Este equipamento encontra aplica\u00e7\u00e3o em sectores variados como hospitais, institui\u00e7\u00f5es de ensino e hot\u00e9is. Tem v\u00e1rias carater\u00edsticas que o tornam compat\u00edvel com v\u00e1rios sistemas operativos e \u00e9 altamente dur\u00e1vel. Para al\u00e9m destes, a nossa equipa tamb\u00e9m oferece servi\u00e7os p\u00f3s-venda, bem como vem com 1 ano de garantia. Por isso, entre em contacto connosco e informe-nos sobre os seus pedidos personalizados.<\/p>\n<p><span style=\"font-size: 29px;font-family: Helvetica\">Especifica\u00e7\u00e3o do produto:<\/span><span style=\"font-family:\u5b8b\u4f53;font-size:29px\"> <\/span><\/p>\n<p><img decoding=\"async\" src=\"https:\/\/www.hommy.com\/wp-content\/uploads\/16429885749685.png\" alt=\"produto-Hommy-img\" title=\"\"><\/p>\n<p style=\"margin-bottom:0;text-align:justify\"><span style=\"font-family:\u5b8b\u4f53;font-size:29px\">Carater\u00edsticas do produto:<\/span><\/p>\n<p style=\"margin-bottom:0;text-align:justify\"><span style=\"font-family:\u5b8b\u4f53;font-size:29px\"><img decoding=\"async\" src=\"https:\/\/www.hommy.com\/wp-content\/uploads\/16429886114114.png\" alt=\"produto-PA-C5-D m\u00e1quina de venda autom\u00e1tica de alimentos quentes-Hommy-img\" title=\"\"><\/span><\/p>\n<p style=\"margin-bottom:0;text-align:justify\"><span style=\"font-family:\u5b8b\u4f53;font-size:29px\"><\/span><\/p>\n<p><span style=\"font-family:Calibri;font-size:21px\">1.&nbsp;<\/span><span style=\"font-family:Calibri;font-size:21px\">21.5\"<\/span><span style=\"font-family:Calibri;font-size:21px\">&nbsp;ecr\u00e3 de promo\u00e7\u00e3o e explora\u00e7\u00e3o .<\/span><\/p>\n<p><span style=\"font-family:\u5b8b\u4f53;font-size:21px\">2.<\/span><span style=\"font-family:Calibri;font-size:21px\">O sistema de pagamento pode aceitar: moeda, fatura, moeda Exchang, interface de cart\u00e3o de cr\u00e9dito.<\/span><\/p>\n<p style=\"margin-bottom: 17px\"><span style=\"font-family:Calibri;font-size:21px\">3. O<\/span><span style=\"font-family:Calibri;font-size:21px\">&nbsp;m\u00e1quina no interior <\/span><span style=\"font-family:Calibri;font-size:21px\">pode manter <\/span><span style=\"font-family:Calibri;font-size:21px\">cerca de 60<\/span><span style=\"font-family:Calibri;font-size:21px\">pe\u00e7as <\/span><span style=\"font-family:Calibri;font-size:21px\">caixas ,<\/span><span style=\"font-family:Calibri;font-size:21px\">&nbsp;Manter a quantidade da caixa com base no seu tamanho.<\/span><\/p>\n<p><span style=\"font-family:Calibri;font-size:21px\">&nbsp;que ser\u00e1 mais quantidade e manter\u00e1 a temperatura de -<\/span><span style=\"font-family:Calibri;font-size:21px\">10<\/span><span style=\"font-family:\u5b8b\u4f53;font-size:21px\">\u2103<\/span><span style=\"font-family:Calibri;font-size:21px\">&nbsp;para <\/span><span style=\"font-family:Calibri;font-size:21px\">-18<\/span><span style=\"font-family:\u5b8b\u4f53;font-size:21px\">\u2103<\/span><span style=\"font-family:Calibri;font-size:21px\">. <\/span><\/p>\n<p><span style=\"font-family:Calibri;font-size:21px\">4. Placa de controlo avan\u00e7ada para PC, fun\u00e7\u00e3o bem programada e funcionamento est\u00e1vel.<\/span><\/p>\n<p><span style=\"font-family:Calibri;font-size:21px\">5. <\/span><span style=\"font-family:Calibri;font-size:21px\">o aquecedor funciona com 2 unidades de micro-ondas de 3000W para o fazer funcionar. &nbsp;&nbsp;<\/span><\/p>\n<p><span style=\"font-family:Calibri;font-size:21px\">6. <\/span><span style=\"font-family:Calibri;font-size:21px\">A temperatura do congelador pode ser configurada com base em diferentes produtos<\/span><span style=\"font-family:Calibri;font-size:21px\">t<\/span><span style=\"font-family:Calibri;font-size:21px\">com fun\u00e7\u00e3o de descongela\u00e7\u00e3o autom\u00e1tica, para garantir o funcionamento normal da m\u00e1quina em condi\u00e7\u00f5es meteorol\u00f3gicas de alta temperatura e alta humidade <\/span><span style=\"font-family:Calibri;font-size:21px\">.<\/span><\/p>\n<p><span style=\"font-family:Calibri;font-size:21px\">7<\/span><span style=\"font-family:Calibri;font-size:21px\">. Existe uma fun\u00e7\u00e3o de prote\u00e7\u00e3o contra falhas de energia, a m\u00e1quina ainda mostra o poder do estado, tem a fun\u00e7\u00e3o de mem\u00f3ria, a fun\u00e7\u00e3o de prote\u00e7\u00e3o contra fugas de sobrecarga, assegura o funcionamento seguro da m\u00e1quina. <\/span><\/p>\n<p style=\"margin-bottom:0;text-align:justify\"><span style=\"font-family:Calibri;font-size:21px\">8<\/span><span style=\"font-family:\u5b8b\u4f53;font-size:21px\">. A l\u00edngua \u00e9 o ingl\u00eas . &nbsp;<\/span><\/p>\n<p><span style=\"font-family:Calibri;font-size:21px\">9<\/span><span style=\"font-family:Calibri;font-size:21px\">. Sistema de gest\u00e3o remota por computador: consulta de detalhes de vendas, lembretes de faltas, lembretes de falhas de m\u00e1quinas.<\/span><\/p>\n<p style=\"margin-bottom:0;text-align:justify\"><\/p>\n<p style=\"margin-bottom:0;text-align:justify\"><span style=\"font-family:\u5b8b\u4f53;font-size:29px\">Vantagem do produto:<\/span><\/p>\n<p><span style=\"font-family:Calibri;font-size:21px\">2.&nbsp;<\/span><span style=\"font-family:Calibri;font-size:21px\">21.5\"<\/span><span style=\"font-family:Calibri;font-size:21px\">&nbsp;ecr\u00e3 de promo\u00e7\u00e3o e explora\u00e7\u00e3o .<\/span><\/p>\n<p style=\"vertical-align: baseline\"><img loading=\"lazy\" decoding=\"async\" src=\"https:\/\/www.hommy.com\/wp-content\/uploads\/16429886899474.png\" title=\"\" alt=\"produto-Hommy-img\" width=\"350\" height=\"600\" border=\"0\" vspace=\"0\" style=\"width: 350px;height: 600px\"><\/p>\n<p style=\"margin-bottom:0;text-align:justify\"><span style=\"font-family:Calibri;font-size:21px\">1.&nbsp;<\/span><span style=\"font-family:Calibri;font-size:21px\">A m\u00e1quina funciona com 2 unidades de micro-ondas que se esgotam rapidamente. <\/span><\/p>\n<p style=\"vertical-align: baseline\"><img loading=\"lazy\" decoding=\"async\" src=\"https:\/\/www.hommy.com\/wp-content\/uploads\/16429887131008.jpg\" title=\"\" alt=\"produto-Hommy-PA-C5-D m\u00e1quina de venda autom\u00e1tica de alimentos quentes-img\" width=\"350\" height=\"1440\" border=\"0\" vspace=\"0\" style=\"width: 350px;height: 1440px\"><\/p>\n<p style=\"vertical-align: baseline\"><span style=\"font-family: Calibri;font-size: 20px\">2.&nbsp;<\/span><span style=\"font-family: Calibri;font-size: 20px\">O canal interior da caixa congelada pode ser ligeiramente ajustado de acordo com o tamanho da caixa<\/span><\/p>\n<p style=\"vertical-align: baseline\"><span style=\"font-family: Calibri;font-size: 20px\">&nbsp;<img loading=\"lazy\" decoding=\"async\" src=\"https:\/\/www.hommy.com\/wp-content\/uploads\/16429887421050.png\" title=\"\" alt=\"produto-Hommy-img\" width=\"350\" height=\"630\" border=\"0\" vspace=\"0\" style=\"width: 350px;height: 630px\"><\/span><\/p>\n<p><span style=\"font-family: \u5b8b\u4f53;font-size: 20px\">3.<\/span><span style=\"font-family:Calibri;font-size:21px\">O sistema de pagamento pode aceitar: moeda, fatura, moeda Exchang, interface de cart\u00e3o de cr\u00e9dito.<\/span><\/p>\n<p style=\"vertical-align: baseline\"><img loading=\"lazy\" decoding=\"async\" src=\"https:\/\/www.hommy.com\/wp-content\/uploads\/16429887821275.png\" title=\"\" alt=\"produto-Hommy-img\" width=\"350\" height=\"546\" border=\"0\" vspace=\"0\" style=\"width: 350px;height: 546px\"><\/p>\n<p><span style=\"font-family:Calibri;font-size:21px\">4.<\/span><span style=\"font-family:Calibri;font-size:21px\">Sistema de gest\u00e3o remota por computador: consulta de detalhes de vendas, lembretes de faltas, lembretes de falhas de m\u00e1quinas.<\/span><\/p>\n<p style=\"vertical-align: baseline\"><img decoding=\"async\" src=\"https:\/\/www.hommy.com\/wp-content\/uploads\/16429888126916.jpg\" alt=\"produto-Hommy-img-1\" title=\"\"><\/p>\n<p style=\"margin-bottom:0;text-align:justify\"><\/p>\n<h2 style=\"font-family: sans-serif\">As m\u00e1quinas de venda autom\u00e1tica em linha s\u00e3o rent\u00e1veis?<\/h2>\n<p style=\"margin-top: 5px;margin-bottom: 5px;font-family: sans-serif;font-size: 16px\">As m\u00e1quinas de venda autom\u00e1tica, ou m\u00e1quinas de retalho de autosservi\u00e7o, s\u00e3o m\u00e1quinas de retalho que vendem produtos a um cliente, sem a interven\u00e7\u00e3o de um funcion\u00e1rio. Podem ser encontradas numa grande variedade de estabelecimentos, tais como cadeias de fast food, hot\u00e9is, supermercados e lojas de conveni\u00eancia.<\/p>\n<p style=\"margin-top: 5px;margin-bottom: 5px;font-family: sans-serif;font-size: 16px\"><\/p>\n<h2 style=\"font-family: sans-serif\">Quanta eletricidade consome uma m\u00e1quina de snacks?<\/h2>\n<p style=\"margin-top: 5px;margin-bottom: 5px;font-family: sans-serif;font-size: 16px\">A quantidade de eletricidade utilizada para fazer funcionar uma m\u00e1quina de venda autom\u00e1tica \u00e9 bastante elevada. Uma m\u00e1quina de venda autom\u00e1tica m\u00e9dia na Austr\u00e1lia consome at\u00e9 2,5 quilowatts-hora de eletricidade por m\u00eas, por m\u00e1quina, o que equivale a fazer funcionar o ar condicionado da sua casa durante mais de um m\u00eas.<\/p>\n<p style=\"margin-top: 5px;margin-bottom: 5px;font-family: sans-serif;font-size: 16px\"><\/p>\n<h2 style=\"font-family: sans-serif\">O que \u00e9 uma rota de venda autom\u00e1tica?<\/h2>\n<p style=\"margin-top: 5px;margin-bottom: 5px;font-family: sans-serif;font-size: 16px\">As rotas de venda autom\u00e1tica s\u00e3o a unidade b\u00e1sica utilizada para descrever a estrutura de um grupo de m\u00e1quinas de venda autom\u00e1tica num local de venda a retalho. Cada grupo de m\u00e1quinas de venda autom\u00e1tica, ou um cluster, pode ter uma ou mais rotas que s\u00e3o a sequ\u00eancia de paragens que s\u00e3o feitas a partir de cada m\u00e1quina. A sequ\u00eancia de paragens pode ser repetida, sendo o padr\u00e3o de paragem utilizado num grupo de m\u00e1quinas por vezes designado por rota. Por exemplo, a Rota 1 para um grupo de m\u00e1quinas de venda autom\u00e1tica pode consistir na Rota 1, Rota 2, Rota 3 e Rota 4.<\/p>\n<\/p><\/div>","protected":false},"excerpt":{"rendered":"<p>Frozen food vending machine &nbsp;&nbsp; https:\/\/youtu.be\/BHUP1KlKXJ8 We are also a supplier of this Dinner Vending Machine in any capacity you might want it in. Our professionals ensure to fabricate the best quality equipment in an efficient and cost-effective manner. This equipment finds application in varied sectors like hospitals, educational institutions, and hotels. It has various [&hellip;]<\/p>\n","protected":false},"featured_media":326,"comment_status":"open","ping_status":"open","template":"","meta":{"_swt_meta_header_display":false,"_swt_meta_footer_display":false,"_swt_meta_site_title_display":false,"_swt_meta_sticky_header":false,"_swt_meta_transparent_header":false},"product_brand":[],"product_cat":[74,68],"product_tag":[],"class_list":{"0":"post-333","1":"product","2":"type-product","3":"status-publish","4":"has-post-thumbnail","6":"product_cat-hot-food-vending-machine","7":"product_cat-vending-machine","9":"first","10":"instock","11":"shipping-taxable","12":"product-type-simple"},"_links":{"self":[{"href":"https:\/\/www.hommy.com\/pt\/wp-json\/wp\/v2\/product\/333","targetHints":{"allow":["GET"]}}],"collection":[{"href":"https:\/\/www.hommy.com\/pt\/wp-json\/wp\/v2\/product"}],"about":[{"href":"https:\/\/www.hommy.com\/pt\/wp-json\/wp\/v2\/types\/product"}],"replies":[{"embeddable":true,"href":"https:\/\/www.hommy.com\/pt\/wp-json\/wp\/v2\/comments?post=333"}],"wp:featuredmedia":[{"embeddable":true,"href":"https:\/\/www.hommy.com\/pt\/wp-json\/wp\/v2\/media\/326"}],"wp:attachment":[{"href":"https:\/\/www.hommy.com\/pt\/wp-json\/wp\/v2\/media?parent=333"}],"wp:term":[{"taxonomy":"product_brand","embeddable":true,"href":"https:\/\/www.hommy.com\/pt\/wp-json\/wp\/v2\/product_brand?post=333"},{"taxonomy":"product_cat","embeddable":true,"href":"https:\/\/www.hommy.com\/pt\/wp-json\/wp\/v2\/product_cat?post=333"},{"taxonomy":"product_tag","embeddable":true,"href":"https:\/\/www.hommy.com\/pt\/wp-json\/wp\/v2\/product_tag?post=333"}],"curies":[{"name":"wp","href":"https:\/\/api.w.org\/{rel}","templated":true}]}}