{"id":325,"date":"2024-07-02T13:05:36","date_gmt":"2024-07-02T13:05:36","guid":{"rendered":"http:\/\/localhost\/hommywp\/pa-c5-c-18-degree-hot-frozen-vending-machine-coin-operated\/"},"modified":"2025-08-01T09:57:30","modified_gmt":"2025-08-01T09:57:30","slug":"pa-c5-c-18degree-maquina-de-venda-automatica-de-alimentos-quentes","status":"publish","type":"product","link":"https:\/\/www.hommy.com\/pt\/p\/pa-c5-c-18degree-maquina-de-venda-automatica-de-alimentos-quentes\/","title":{"rendered":"Pa-C5-C -18 graus M\u00e1quina de venda autom\u00e1tica de bebidas quentes e congeladas operada por moedas"},"content":{"rendered":"<div>\n<p style=\"text-align: center\"><span style=\"font-family:Calibri;font-size:29px\">&nbsp; &nbsp; &nbsp; &nbsp; &nbsp;M\u00e1quina de venda autom\u00e1tica de alimentos congelados <\/span><span style=\"font-family:\u5b8b\u4f53;font-size:29px\">&nbsp;<\/span><span style=\"font-family:\u5b8b\u4f53;font-size:29px\">&nbsp;<\/span><\/p>\n<p style=\"text-align: center\"><span style=\"font-family:Calibri;font-size:29px\"><a href=\"https:\/\/youtu.be\/mGrWMrU2t1E\" rel=\"nofollow noopener\" target=\"_blank\">https:\/\/youtu.be\/mGrWMrU2t1E<\/a> <\/span><\/p>\n<p>Somos um fornecedor confi\u00e1vel de m\u00e1quinas de venda autom\u00e1tica de congelados para todos os nossos clientes. Com a nossa vasta experi\u00eancia na ind\u00fastria, somos capazes de fornecer estas m\u00e1quinas numa variedade de especifica\u00e7\u00f5es e desenhos. Para al\u00e9m disso, tamb\u00e9m garantimos que a nossa gama de m\u00e1quinas est\u00e1 dispon\u00edvel em v\u00e1rias cores e acabamentos a um pre\u00e7o altamente competitivo. Para al\u00e9m disso, a nossa m\u00e1quina de arrefecimento est\u00e1 dispon\u00edvel com uma garantia de um ano tamb\u00e9m.<\/p>\n<p><span style=\"font-size: 29px;font-family: Helvetica\">Especifica\u00e7\u00e3o do produto:<\/span><\/p>\n<p><img decoding=\"async\" src=\"https:\/\/www.hommy.com\/wp-content\/uploads\/16429880106386.png\" alt=\"produto-Hommy-img\" title=\"\"><\/p>\n<p style=\"margin-bottom:0;text-align:justify\"><span style=\"font-family:\u5b8b\u4f53;font-size:29px\">Carater\u00edsticas do produto: <\/span><\/p>\n<p><span style=\"font-family:Calibri;font-size:21px\">1.&nbsp;<\/span><span style=\"font-family:Calibri;font-size:21px\">21.5\"<\/span><span style=\"font-family:Calibri;font-size:21px\">&nbsp;ecr\u00e3 de promo\u00e7\u00e3o e explora\u00e7\u00e3o .<\/span><\/p>\n<p><span style=\"font-family:\u5b8b\u4f53;font-size:21px\">2.<\/span><span style=\"font-family:Calibri;font-size:21px\">&nbsp;O sistema de pagamento pode aceitar: moeda, fatura, moeda Exchang, interface de cart\u00e3o de cr\u00e9dito.<\/span><\/p>\n<p style=\"margin-bottom: 17px\"><span style=\"font-family:Calibri;font-size:21px\">3. O<\/span><span style=\"font-family:Calibri;font-size:21px\">&nbsp;m\u00e1quina no interior <\/span><span style=\"font-family:Calibri;font-size:21px\">pode manter <\/span><span style=\"font-family:Calibri;font-size:21px\">cerca de 60<\/span><span style=\"font-family:Calibri;font-size:21px\">pe\u00e7as <\/span><span style=\"font-family:Calibri;font-size:21px\">caixas ,<\/span><span style=\"font-family:Calibri;font-size:21px\">&nbsp;Manter a quantidade da caixa com base no seu tamanho.<\/span><\/p>\n<p><span style=\"font-family:Calibri;font-size:21px\">que ser\u00e1 mais quantidade e manter\u00e1 a temperatura de -<\/span><span style=\"font-family:Calibri;font-size:21px\">10<\/span><span style=\"font-family:\u5b8b\u4f53;font-size:21px\">\u2103<\/span><span style=\"font-family:Calibri;font-size:21px\">&nbsp;para <\/span><span style=\"font-family:Calibri;font-size:21px\">-18<\/span><span style=\"font-family:\u5b8b\u4f53;font-size:21px\">\u2103<\/span><span style=\"font-family:Calibri;font-size:21px\">. <\/span><\/p>\n<p><span style=\"font-family:Calibri;font-size:21px\">4. Placa de controlo avan\u00e7ada para PC, fun\u00e7\u00e3o bem programada e funcionamento est\u00e1vel.<\/span><\/p>\n<p><span style=\"font-family:Calibri;font-size:21px\">5. <\/span><span style=\"font-family:Calibri;font-size:21px\">o aquecedor funciona com um micro-ondas de 3000W para o fazer funcionar. &nbsp;&nbsp;<\/span><\/p>\n<p><span style=\"font-family:Calibri;font-size:21px\">6. <\/span><span style=\"font-family:Calibri;font-size:21px\">A temperatura do congelador pode ser configurada com base em diferentes produtos<\/span><span style=\"font-family:Calibri;font-size:21px\">t<\/span><span style=\"font-family:Calibri;font-size:21px\">com fun\u00e7\u00e3o de descongela\u00e7\u00e3o autom\u00e1tica, para garantir o funcionamento normal da m\u00e1quina em condi\u00e7\u00f5es meteorol\u00f3gicas de alta temperatura e alta humidade <\/span><span style=\"font-family:Calibri;font-size:21px\">.<\/span><\/p>\n<p><span style=\"font-family:Calibri;font-size:21px\">7<\/span><span style=\"font-family:Calibri;font-size:21px\">. Existe uma fun\u00e7\u00e3o de prote\u00e7\u00e3o contra falhas de energia, a m\u00e1quina ainda mostra o poder do estado, tem a fun\u00e7\u00e3o de mem\u00f3ria, a fun\u00e7\u00e3o de prote\u00e7\u00e3o contra fugas de sobrecarga, assegura o funcionamento seguro da m\u00e1quina. <\/span><\/p>\n<p style=\"margin-bottom:0;text-align:justify\"><span style=\"font-family:Calibri;font-size:21px\">8<\/span><span style=\"font-family:\u5b8b\u4f53;font-size:21px\">. A l\u00edngua \u00e9 o ingl\u00eas . &nbsp;<\/span><\/p>\n<p><span style=\"font-family:Calibri;font-size:21px\">9<\/span><span style=\"font-family:Calibri;font-size:21px\">. Sistema de gest\u00e3o remota por computador: consulta de detalhes de vendas, lembretes de faltas, lembretes de falhas de m\u00e1quinas.<\/span><\/p>\n<p style=\"margin-bottom:0;text-align:justify\"><\/p>\n<p style=\"margin-bottom:0;text-align:justify\"><span style=\"font-family:\u5b8b\u4f53;font-size:29px\">Vantagem do produto:<\/span><\/p>\n<p><span style=\"font-family:Calibri;font-size:21px\">2.&nbsp;<\/span><span style=\"font-family:Calibri;font-size:21px\">21.5\"<\/span><span style=\"font-family:Calibri;font-size:21px\">&nbsp;ecr\u00e3 de promo\u00e7\u00e3o e explora\u00e7\u00e3o .<\/span><\/p>\n<p style=\"vertical-align: baseline\"><img loading=\"lazy\" decoding=\"async\" src=\"https:\/\/www.hommy.com\/wp-content\/uploads\/16429880684263.png\" title=\"\" alt=\"produto-Hommy-img\" width=\"450\" height=\"600\" border=\"0\" vspace=\"0\" style=\"width: 450px;height: 600px\"><\/p>\n<p style=\"margin-bottom:0;text-align:justify\"><span style=\"font-family:Calibri;font-size:21px\">1.&nbsp;<\/span><span style=\"font-family:Calibri;font-size:21px\">A m\u00e1quina funciona com micro-ondas . <\/span><\/p>\n<p style=\"vertical-align: baseline\"><img loading=\"lazy\" decoding=\"async\" src=\"https:\/\/www.hommy.com\/wp-content\/uploads\/16429880974892.jpg\" title=\"\" alt=\"produto-Hommy-PA-C5-C -18 graus m\u00e1quina de venda autom\u00e1tica de alimentos quentes-img\" width=\"350\" height=\"1440\" border=\"0\" vspace=\"0\" style=\"width: 350px;height: 1440px\"><\/p>\n<p style=\"vertical-align: baseline\"><span style=\"font-family: Calibri;font-size: 20px\">2.&nbsp;<\/span><span style=\"font-family: Calibri;font-size: 20px\">O canal interior da caixa congelada pode ser ligeiramente ajustado de acordo com o tamanho da caixa<\/span><\/p>\n<p style=\"vertical-align: baseline\"><span style=\"font-family: Calibri;font-size: 20px\">&nbsp;<img loading=\"lazy\" decoding=\"async\" src=\"https:\/\/www.hommy.com\/wp-content\/uploads\/16429881268233.png\" title=\"\" alt=\"produto-Hommy-img\" width=\"350\" height=\"630\" border=\"0\" vspace=\"0\" style=\"width: 350px;height: 630px\"><\/span><\/p>\n<p><span style=\"font-family: \u5b8b\u4f53;font-size: 20px\">3.<\/span><span style=\"font-family:Calibri;font-size:21px\">O sistema de pagamento pode aceitar: moeda, fatura, moeda Exchang, interface de cart\u00e3o de cr\u00e9dito.<\/span><\/p>\n<p style=\"vertical-align: baseline\"><img loading=\"lazy\" decoding=\"async\" src=\"https:\/\/www.hommy.com\/wp-content\/uploads\/16429881522399.png\" title=\"\" alt=\"produto-Hommy-img\" width=\"350\" height=\"546\" border=\"0\" vspace=\"0\" style=\"width: 350px;height: 546px\"><\/p>\n<p><span style=\"font-family:Calibri;font-size:21px\">4.<\/span><span style=\"font-family:Calibri;font-size:21px\">Sistema de gest\u00e3o remota por computador: consulta de detalhes de vendas, lembretes de faltas, lembretes de falhas de m\u00e1quinas.<\/span><\/p>\n<p style=\"vertical-align: baseline\"><img decoding=\"async\" src=\"https:\/\/www.hommy.com\/wp-content\/uploads\/16429881852523.jpg\" alt=\"produto-PA-C5-C -18 graus m\u00e1quina de venda autom\u00e1tica de alimentos quentes-Hommy-img\" title=\"\"><\/p>\n<h2 style=\"font-family: sans-serif\">Qual \u00e9 a cidade com mais m\u00e1quinas de venda autom\u00e1tica?<\/h2>\n<p style=\"margin-top: 5px;margin-bottom: 5px;font-family: sans-serif;font-size: 16px\">De certa forma, as m\u00e1quinas de venda autom\u00e1tica s\u00e3o o enteado esquecido do consumidor. Olhamos para elas como solu\u00e7\u00f5es r\u00e1pidas e convenientes, mas raramente pensamos nelas como uma op\u00e7\u00e3o vi\u00e1vel. No entanto, os n\u00fameros dizem o contr\u00e1rio. A m\u00e1quina de venda autom\u00e1tica est\u00e1 a ser utilizada, com o n\u00famero de compras a mostrar que a popularidade destas m\u00e1quinas continua a crescer. A resposta parece ser o facto de existirem cerca de 12.000 m\u00e1quinas em todo o Jap\u00e3o, o que foi revelado num artigo de uma revista em 2005, quando existiam apenas cerca de 7.500 m\u00e1quinas no Jap\u00e3o.<\/p>\n<p style=\"margin-top: 5px;margin-bottom: 5px;font-family: sans-serif;font-size: 16px\"><\/p>\n<h2 style=\"font-family: sans-serif\">Qual \u00e9 a qualidade do neg\u00f3cio das m\u00e1quinas de venda autom\u00e1tica?<\/h2>\n<p style=\"margin-top: 5px;margin-bottom: 5px;font-family: sans-serif;font-size: 16px\">As m\u00e1quinas de venda autom\u00e1tica existem h\u00e1 muitos anos. Existiam tanto em restaurantes como em lojas de conveni\u00eancia. Com o advento dos tempos actuais, as m\u00e1quinas de venda autom\u00e1tica tornaram-se um dos m\u00e9todos mais eficazes para vender o seu produto. Com a popularidade das empresas de m\u00e1quinas de venda autom\u00e1tica, \u00e9 f\u00e1cil encontrar empresas de m\u00e1quinas de venda autom\u00e1tica de qualidade e obter uma instalada na sua empresa. No artigo que se segue, encontrar\u00e1 dicas que pode seguir para encontrar a melhor empresa de m\u00e1quinas de venda autom\u00e1tica.<\/p>\n<p style=\"margin-top: 5px;margin-bottom: 5px;font-family: sans-serif;font-size: 16px\"><\/p>\n<h2 style=\"font-family: sans-serif\">Como \u00e9 que as m\u00e1quinas de venda autom\u00e1tica de alimentos funcionam?<\/h2>\n<p style=\"margin-top: 5px;margin-bottom: 5px;font-family: sans-serif;font-size: 16px\">As m\u00e1quinas de venda autom\u00e1tica de alimentos t\u00eam duas partes. A primeira \u00e9 uma m\u00e1quina de venda autom\u00e1tica mec\u00e2nica, que \u00e9 a parte que lhe entrega um \u00fanico tipo de alimento. Esta m\u00e1quina n\u00e3o muda a comida, mas muda o tipo de comida que recebe. Em geral, as m\u00e1quinas de venda autom\u00e1tica de alimentos s\u00e3o mais comuns nas grandes cidades ou nos centros comerciais, mas nem sempre \u00e9 esse o caso. Tamb\u00e9m n\u00e3o \u00e9 invulgar que uma \u00fanica mercearia tenha as suas pr\u00f3prias m\u00e1quinas. A maioria das mercearias tem m\u00e1quinas de venda autom\u00e1tica de alimentos. Estas s\u00e3o as m\u00e1quinas que lhe entregam a sua comida quando entra na loja. Existem diferentes tipos de m\u00e1quinas de venda autom\u00e1tica que fornecem diferentes tipos de alimentos. Algumas distribuem um \u00fanico tipo de comida, como pizzas congeladas. Outras podem fornecer dois tipos de alimentos, como sandes e refrigerantes. Por fim, existem por vezes m\u00e1quinas que combinam dois tipos de alimentos, como um cachorro-quente com refrigerante ou uma sandes de queijo grelhado. Algumas m\u00e1quinas distribuem a quantidade certa, enquanto outras d\u00e3o-lhe muito mais ou menos do que precisa.<\/p>\n<\/p><\/div>","protected":false},"excerpt":{"rendered":"<p>&nbsp; &nbsp; &nbsp; &nbsp; &nbsp;Sealing frozen food vending machine &nbsp;&nbsp; https:\/\/youtu.be\/mGrWMrU2t1E We are a trusted supplier of Frozen Vending Machines to all of our clients. With our vast industry experience, we are able to provide these machines in a variety of specifications and designs. Apart from this, we also ensure that our range of machines [&hellip;]<\/p>\n","protected":false},"featured_media":1953,"comment_status":"open","ping_status":"open","template":"","meta":{"_swt_meta_header_display":false,"_swt_meta_footer_display":false,"_swt_meta_site_title_display":false,"_swt_meta_sticky_header":false,"_swt_meta_transparent_header":false},"product_brand":[],"product_cat":[74,68],"product_tag":[],"class_list":{"0":"post-325","1":"product","2":"type-product","3":"status-publish","4":"has-post-thumbnail","6":"product_cat-hot-food-vending-machine","7":"product_cat-vending-machine","9":"first","10":"instock","11":"shipping-taxable","12":"product-type-simple"},"_links":{"self":[{"href":"https:\/\/www.hommy.com\/pt\/wp-json\/wp\/v2\/product\/325","targetHints":{"allow":["GET"]}}],"collection":[{"href":"https:\/\/www.hommy.com\/pt\/wp-json\/wp\/v2\/product"}],"about":[{"href":"https:\/\/www.hommy.com\/pt\/wp-json\/wp\/v2\/types\/product"}],"replies":[{"embeddable":true,"href":"https:\/\/www.hommy.com\/pt\/wp-json\/wp\/v2\/comments?post=325"}],"wp:featuredmedia":[{"embeddable":true,"href":"https:\/\/www.hommy.com\/pt\/wp-json\/wp\/v2\/media\/1953"}],"wp:attachment":[{"href":"https:\/\/www.hommy.com\/pt\/wp-json\/wp\/v2\/media?parent=325"}],"wp:term":[{"taxonomy":"product_brand","embeddable":true,"href":"https:\/\/www.hommy.com\/pt\/wp-json\/wp\/v2\/product_brand?post=325"},{"taxonomy":"product_cat","embeddable":true,"href":"https:\/\/www.hommy.com\/pt\/wp-json\/wp\/v2\/product_cat?post=325"},{"taxonomy":"product_tag","embeddable":true,"href":"https:\/\/www.hommy.com\/pt\/wp-json\/wp\/v2\/product_tag?post=325"}],"curies":[{"name":"wp","href":"https:\/\/api.w.org\/{rel}","templated":true}]}}