{"id":318,"date":"2024-07-02T12:48:38","date_gmt":"2024-07-02T12:48:38","guid":{"rendered":"http:\/\/localhost\/hommywp\/pa-c8-french-fries-vending-machine\/"},"modified":"2025-08-01T09:57:30","modified_gmt":"2025-08-01T09:57:30","slug":"pa-c8-maquina-de-venda-automatica-de-batatas-fritas","status":"publish","type":"product","link":"https:\/\/www.hommy.com\/pt\/p\/pa-c8-maquina-de-venda-automatica-de-batatas-fritas\/","title":{"rendered":"PA-C8 M\u00e1quina de venda autom\u00e1tica de batatas fritas"},"content":{"rendered":"<div>\n<h1 style=\"text-align: center\"><strong><span style=\"letter-spacing: 0px;font-family: arial, helvetica, sans-serif;font-size: 24px\"><a name=\"Fries vending machine\"><\/a>M\u00e1quina de venda autom\u00e1tica de batatas fritas<\/span><\/strong><\/h1>\n<p style=\"text-align: center\"><a href=\"#Fries vending machine\" target=\"_self\" data-lv=\"0\" rel=\"noopener\"><span style=\"letter-spacing: 0px;font-family: arial, helvetica, sans-serif;font-size: 18px\">M\u00e1quina de venda autom\u00e1tica de batatas fritas<\/span><\/a><span style=\"letter-spacing: 0px;font-family: arial, helvetica, sans-serif;font-size: 18px\">|<a href=\"#Product Features\" target=\"_self\" data-lv=\"0\" rel=\"noopener\">Carater\u00edsticas do produto<\/a>|<a href=\"#Product specification\" target=\"_self\" data-lv=\"0\" rel=\"noopener\">Especifica\u00e7\u00e3o do produto<\/a>|<a href=\"#Product Advantage\" target=\"_self\" data-lv=\"0\" rel=\"noopener\">Vantagem do produto<\/a><\/span><\/p>\n<p><strong><span style=\"letter-spacing: 0px;font-family: arial, helvetica, sans-serif;font-size: 24px\"><br \/><\/span><\/strong><\/p>\n<p><strong><span style=\"letter-spacing: 0px;font-family: arial, helvetica, sans-serif;font-size: 24px\"><br \/><\/span><\/strong><\/p>\n<p><\/p>\n<p style=\"text-align: center\">&nbsp;&nbsp;&nbsp;&nbsp;<\/p>\n<p><\/p>\n<p><span style=\"font-family:\u5b8b\u4f53;letter-spacing:0;font-size:29px\"><\/span><\/p>\n<div class=\"d-tem01-graphic tem01-graphic mockup\" data-detail=\"wrap\">\n<div class=\"cont-section clearfix d-clearfix\">\n<div class=\"col-md-6 col-sm-6 col-xs-6\"><\/p>\n<p><\/p>\n<p><\/p>\n<p><\/p>\n<p style=\"text-align:center\"><img loading=\"lazy\" decoding=\"async\" src=\"https:\/\/www.hommy.com\/wp-content\/uploads\/16841138152247.png\" alt=\"produto-Hommy-PA-C8 M\u00e1quina de venda autom\u00e1tica de batatas fritas-img\" title=\"\" width=\"700\" height=\"551\" border=\"0\" vspace=\"0\" style=\"width: 700px;height: 551px\"><\/p>\n<p>&nbsp; &nbsp; &nbsp; &nbsp; &nbsp; &nbsp;<\/p>\n<\/div>\n<div class=\"col-md-6 col-sm-6 col-xs-6\">\n<div class=\"right-p\">\n<div class=\"h2 heading\">\n<h1 style=\"margin: 0px;text-indent: 0px;text-align: justify\"><span style=\"font-size: 24px\"><strong><span style=\"letter-spacing: 0px;font-family: arial, helvetica, sans-serif\"><a name=\"Product Features\"><\/a>Carater\u00edsticas do produto<\/span><\/strong><\/span><\/h1>\n<p style=\"margin-top:0;margin-right:0;margin-bottom:0;margin-left:0;text-indent:0;text-align:justify\"><span style=\"letter-spacing: 0px;font-family: arial, helvetica, sans-serif;font-size: 18px\"><br \/><\/span><\/p>\n<p><span style=\"font-size: 18px;font-family: arial, helvetica, sans-serif\">1: o ecr\u00e3 publicit\u00e1rio de 42\" em frente \u00e0 m\u00e1quina&nbsp;<\/span><\/p>\n<p><span style=\"font-size: 18px;font-family: arial, helvetica, sans-serif\">2: Tempo de fritura: 90-145 segundos ajust\u00e1vel<\/span><\/p>\n<p><span style=\"font-family: arial, helvetica, sans-serif;font-size: 18px\"><span style=\"font-family: arial, helvetica, sans-serif\">3: Temperatura de fritura: 175<\/span><span style=\"font-family: arial, helvetica, sans-serif\">\u2103<\/span><span style=\"font-family: arial, helvetica, sans-serif\">-185<\/span><span style=\"font-family: arial, helvetica, sans-serif\">\u2103<\/span><span style=\"font-family: arial, helvetica, sans-serif\">.<\/span><\/span><\/p>\n<p><span style=\"font-family: arial, helvetica, sans-serif;font-size: 18px\"><span style=\"font-family: arial, helvetica, sans-serif\">4: manter a loja de batatas fritas manter a <\/span><span style=\"font-family: arial, helvetica, sans-serif\">temperatura : -7\u2103-0\u2103 .<\/span><span style=\"font-family: arial, helvetica, sans-serif\">&nbsp;<\/span><\/span><\/p>\n<p><span style=\"font-size: 18px;font-family: arial, helvetica, sans-serif\">5: A m\u00e1quina pode utilizar \u00f3leo vegetal ou gordura de vaca, a ta\u00e7a de aquecimento mant\u00e9m 5,6L de \u00f3leo. <\/span><span style=\"font-family: arial, helvetica, sans-serif;font-size: 18px\"><span style=\"font-family: Calibri\"><br \/><\/span><span style=\"font-family: arial, helvetica, sans-serif\"><span style=\"font-family: arial, helvetica, sans-serif\">6: Caldo de batatas fritas congeladas: 25kg, <\/span><span style=\"font-family: arial, helvetica, sans-serif\">cerca de 110 <\/span><span style=\"font-family: arial, helvetica, sans-serif\">por\u00e7\u00f5es (6 sacos)<\/span><\/span><\/span><span style=\"font-family: Calibri;font-size: 20px\"> <\/span><\/p>\n<p><span style=\"font-size: 18px;font-family: arial, helvetica, sans-serif\">7: a m\u00e1quina pode ser mantida no interior ou no exterior, no exterior \u00e9 necess\u00e1rio adicionar um telhado.<\/span><\/p>\n<p><span style=\"font-size: 18px;font-family: arial, helvetica, sans-serif\">8: N\u00e3o fumadores de \u00f3leo, sem odores<br \/>9: Conector com sistema de pagamento: nota de papel, moeda, moeda de troca, cart\u00e3o de cr\u00e9dito apenas interface MDB.<\/span><\/p>\n<p><span style=\"font-size: 18px;font-family: arial, helvetica, sans-serif\">10:De 16 em 16 dias, \u00e9 necess\u00e1rio retirar a fritadeira e limp\u00e1-la.<\/span><\/p>\n<p><span style=\"font-size: 18px;font-family: arial, helvetica, sans-serif\">11. a m\u00e1quina tem fun\u00e7\u00e3o remota, voc\u00ea pode ver todos os dias vender relat\u00f3rio tamb\u00e9m a m\u00e1quina tem fun\u00e7\u00e3o de lembrete. &nbsp;<\/span><\/p>\n<p><span style=\"font-size: 18px;font-family: arial, helvetica, sans-serif\">12. A cada 400 por\u00e7\u00f5es ou 4 dias de trabalho da m\u00e1quina, \u00e9 necess\u00e1rio mudar o \u00f3leo.<\/span><\/p>\n<p><span style=\"font-size: 18px;font-family: arial, helvetica, sans-serif\">13: A m\u00e1quina tem no seu interior 3 tipos de pacotes de sumo para escolher. <\/span><\/p>\n<p><span style=\"font-size: 18px;font-family: arial, helvetica, sans-serif\">14:Preven\u00e7\u00e3o de inc\u00eandios e seguran\u00e7a alimentar<\/span><\/p>\n<p><span style=\"font-family: arial, helvetica, sans-serif;font-size: 18px\"><span style=\"font-family: arial, helvetica, sans-serif\">A:<\/span><span style=\"font-family: arial, helvetica, sans-serif\">&nbsp;existem 2 sensores no \u00f3leo para detetar a temperatura do \u00f3leo. Durante a dete\u00e7\u00e3o, eles comparam-se entre si, qualquer sensor que encontre uma temperatura demasiado elevada, a m\u00e1quina p\u00e1ra.<\/span><\/span><\/p>\n<p><span style=\"font-family: arial, helvetica, sans-serif;font-size: 18px\"><span style=\"font-family: \u5b8b\u4f53;font-size: 20px\">B:<\/span><span style=\"font-family: Calibri;font-size: 20px\">Na parte de tr\u00e1s da fritadeira, existem 2 sensores de sobreaquecimento.<\/span><\/span><\/p>\n<p><span style=\"font-size: 18px;font-family: arial, helvetica, sans-serif\">C: A fritadeira da m\u00e1quina est\u00e1 completamente selada, mesmo que o \u00f3leo arda, \u00e9 apenas no interior da fritadeira, o fogo nunca sair\u00e1 para causar danos. <\/span><\/p>\n<p><span style=\"font-family: arial, helvetica, sans-serif;font-size: 18px\">15:A m\u00e1quina tem uma fun\u00e7\u00e3o de controlo da seguran\u00e7a alimentar:<\/span><\/p>\n<p><span style=\"font-family: arial, helvetica, sans-serif;font-size: 18px\">A m\u00e1quina tem uma fun\u00e7\u00e3o de lembrete, lembramos regularmente o pessoal de mudar o \u00f3leo regularmente para alcan\u00e7ar quest\u00f5es de seguran\u00e7a alimentar<\/span><\/p>\n<p><span style=\"font-family: arial, helvetica, sans-serif;font-size: 18px\">R: A m\u00e1quina pode calcular o tempo de aquecimento do \u00f3leo, ap\u00f3s 48 horas, a m\u00e1quina informa o operador para substituir o \u00f3leo por SMS, se o operador n\u00e3o substituir o \u00f3leo a tempo, a m\u00e1quina p\u00e1ra automaticamente.<\/span><\/p>\n<p><span style=\"font-family: arial, helvetica, sans-serif;font-size: 18px\">B: Se a m\u00e1quina verificar que a temperatura do frigor\u00edfico se mant\u00e9m acima de 0 graus Celsius durante 2 horas, a m\u00e1quina informar\u00e1 o operador.<\/span><\/p>\n<p><span style=\"font-family: arial, helvetica, sans-serif;font-size: 18px\">16: Pot\u00eancia: 2800W quando a fritadeira est\u00e1 ligada. A pot\u00eancia m\u00e9dia \u00e9 de 1000W.<\/span><\/p>\n<p><span style=\"font-size: 18px\"><span style=\"font-family: arial, helvetica, sans-serif\">17\uff1aTamanho\uff1a<\/span><span style=\"font-family: Calibri\"><span style=\"font-family: Calibri\"><\/span><span style=\"font-family: arial, helvetica, sans-serif\">1050mm * 833mm * 1998mm<\/span><\/span><\/span><\/p>\n<\/div>\n<\/div>\n<p>&nbsp; &nbsp; &nbsp; &nbsp; &nbsp; &nbsp;<\/p><\/div>\n<\/div>\n<\/div>\n<h1><strong><span style=\"letter-spacing: 0px;font-size: 24px;font-family: arial, helvetica, sans-serif\"><a name=\"Product specification\"><\/a>Especifica\u00e7\u00e3o do produto<\/span><\/strong><\/h1>\n<p><img decoding=\"async\" src=\"https:\/\/www.hommy.com\/wp-content\/uploads\/16841138634873.jpg\" alt=\"produto-Hommy-img\" title=\"\"><\/p>\n<p><\/p>\n<p><span style=\"font-family:\u5b8b\u4f53;letter-spacing:0;font-size:29px\"><\/span><\/p>\n<h1><span style=\"font-family: arial, helvetica, sans-serif;font-size: 24px\"><strong><span style=\"font-family: arial, helvetica, sans-serif;letter-spacing: 0px\"><a name=\"Product Advantage\"><\/a>Vantagem do produto<\/span><\/strong><\/span><\/h1>\n<p><span style=\"font-family: arial, helvetica, sans-serif;font-size: 24px\"><strong><span style=\"font-family: arial, helvetica, sans-serif;letter-spacing: 0px\"><\/span><\/strong><\/span><\/p>\n<div class=\"d-tem01-graphic tem01-graphic mockup\" data-detail=\"wrap\">\n<div class=\"cont-section clearfix d-clearfix\">\n<div class=\"col-md-6 col-sm-6 col-xs-6\">\n<div class=\"right-p\">\n<div class=\"h2 heading\">\n<p style=\"margin-top: 0;margin-right: 0;margin-bottom: 0;padding: 0;vertical-align: baseline\"><span style=\"letter-spacing: 0px;font-family: arial, helvetica, sans-serif;font-size: 18px\">1. A m\u00e1quina tem no seu interior 3 tipos de sumo \u00e0 escolha, na caixa de sumo pode colocar qualquer sabor \u00e0 base do seu mercado.&nbsp;<\/span><span style=\"font-family: \u5b8b\u4f53;letter-spacing: 0;font-size: 20px\">&nbsp;<\/span><\/p>\n<\/div>\n<\/div>\n<div class=\"graphic_pic animated wow bounceIn\" data-wow-delay=\".7s\">\n<p style=\"text-align:center\"><img loading=\"lazy\" decoding=\"async\" src=\"https:\/\/www.hommy.com\/wp-content\/uploads\/16104273736605.png\" alt=\"produto-Hommy-img\" title=\"\" width=\"350\" height=\"500\" border=\"0\" vspace=\"0\" style=\"width: 350px;height: 500px\"><\/p>\n<\/div>\n<\/div>\n<div class=\"col-md-6 col-sm-6 col-xs-6\">\n<div class=\"right-p\">\n<div class=\"h2 heading\">\n<p style=\"text-indent: 0;padding: 0;vertical-align: baseline\"><span style=\"letter-spacing: 0px;font-family: arial, helvetica, sans-serif;font-size: 18px\">2.  O sistema de distribui\u00e7\u00e3o quantitativa na m\u00e1quina \u00e9 acionado por uma haste para garantir que as al\u00edquotas s\u00e3o sempre semelhantes.<\/span><\/p>\n<p style=\"text-indent: 0;padding: 0;vertical-align: baseline\"><span style=\"letter-spacing: 0px;font-family: arial, helvetica, sans-serif;font-size: 18px\"><br \/><\/span><\/p>\n<\/div>\n<\/div>\n<div class=\"graphic_pic animated wow bounceIn\" data-wow-delay=\".7s\">\n<p style=\"text-align:center\"><img loading=\"lazy\" decoding=\"async\" src=\"https:\/\/www.hommy.com\/wp-content\/uploads\/16104279021623.png\" alt=\"produto-Hommy-PA-C8 M\u00e1quina de venda autom\u00e1tica de batatas fritas-img\" title=\"\" width=\"350\" height=\"436\" border=\"0\" vspace=\"0\" style=\"width: 350px;height: 436px\"><\/p>\n<\/div>\n<\/div>\n<\/div>\n<\/div>\n<p><span style=\"font-family: arial, helvetica, sans-serif;font-size: 24px\"><strong><span style=\"font-family: arial, helvetica, sans-serif;letter-spacing: 0px\"><\/span><\/strong><\/span><\/p>\n<div class=\"d-tem01-graphic tem01-graphic mockup\" data-detail=\"wrap\">\n<div class=\"cont-section clearfix d-clearfix\">\n<div class=\"col-md-6 col-sm-6 col-xs-6\">\n<div class=\"right-p\">\n<div class=\"h2 heading\">\n<p><span style=\"font-family: arial, helvetica, sans-serif;font-size: 18px\"><span style=\"font-family: arial, helvetica, sans-serif;letter-spacing: 0px\">3.&nbsp;<\/span><span style=\"font-family: arial, helvetica, sans-serif\">O sistema de pagamento pode aceitar: moeda, fatura, moeda Exchang, interface de cart\u00e3o de cr\u00e9dito.<\/span><\/span><\/p>\n<p><span style=\"font-family: arial, helvetica, sans-serif;font-size: 18px\"><span style=\"font-family: arial, helvetica, sans-serif\"><br \/><\/span><\/span><\/p>\n<\/div>\n<\/div>\n<div class=\"graphic_pic animated wow bounceIn\" data-wow-delay=\".7s\">\n<p style=\"text-align:center\"><img loading=\"lazy\" decoding=\"async\" src=\"https:\/\/www.hommy.com\/wp-content\/uploads\/16104282731690.png\" alt=\"produto-Hommy-img\" title=\"\" width=\"350\" height=\"500\" border=\"0\" vspace=\"0\" style=\"width: 350px;height: 500px\"><\/p>\n<\/div>\n<\/div>\n<div class=\"col-md-6 col-sm-6 col-xs-6\">\n<div class=\"right-p\">\n<div class=\"h2 heading\">\n<p><span style=\"font-family: arial, helvetica, sans-serif;font-size: 18px\">4. Sistema de gest\u00e3o remota por computador: consulta de detalhes de vendas, lembretes de escassez, lembretes de falhas de m\u00e1quinas.<\/span><\/p>\n<\/div>\n<\/div>\n<div class=\"graphic_pic animated wow bounceIn\" data-wow-delay=\".7s\">\n<p style=\"text-align:center\"><img loading=\"lazy\" decoding=\"async\" src=\"https:\/\/www.hommy.com\/wp-content\/uploads\/16104281316072.jpg\" alt=\"produto-PA-C8 M\u00e1quina de venda autom\u00e1tica de batatas fritas-Hommy-img\" title=\"\" width=\"350\" height=\"500\" border=\"0\" vspace=\"0\" style=\"width: 350px;height: 500px\"><\/p>\n<\/div>\n<\/div>\n<\/div>\n<\/div>\n<p><span style=\"font-family:\u5b8b\u4f53;letter-spacing:0;font-size:29px\"><\/span><\/p>\n<p><\/p>\n<\/p><\/div>","protected":false},"excerpt":{"rendered":"<p>Fries vending machine Fries vending machine|Product Features|Product specification|Product Advantage &nbsp;&nbsp;&nbsp;&nbsp; &nbsp; &nbsp; &nbsp; &nbsp; &nbsp; &nbsp; Product Features 1:&nbsp;the 42&quot; advertising screen in front of the machine&nbsp; 2: Frying time: 90-145 Seconds adjustable 3: Frying&nbsp;temperature: 175\u2103-185\u2103. 4: keep french fried store keep the temperature :&nbsp;-7\u2103&#8211;0\u2103&nbsp;.&nbsp; 5:&nbsp;Machine can use vegetable oil or beef fat, fired bowl [&hellip;]<\/p>\n","protected":false},"featured_media":312,"comment_status":"open","ping_status":"open","template":"","meta":{"_swt_meta_header_display":false,"_swt_meta_footer_display":false,"_swt_meta_site_title_display":false,"_swt_meta_sticky_header":false,"_swt_meta_transparent_header":false},"product_brand":[],"product_cat":[73,68],"product_tag":[],"class_list":{"0":"post-318","1":"product","2":"type-product","3":"status-publish","4":"has-post-thumbnail","6":"product_cat-french-fries-vending-machine","7":"product_cat-vending-machine","9":"first","10":"instock","11":"shipping-taxable","12":"product-type-simple"},"_links":{"self":[{"href":"https:\/\/www.hommy.com\/pt\/wp-json\/wp\/v2\/product\/318","targetHints":{"allow":["GET"]}}],"collection":[{"href":"https:\/\/www.hommy.com\/pt\/wp-json\/wp\/v2\/product"}],"about":[{"href":"https:\/\/www.hommy.com\/pt\/wp-json\/wp\/v2\/types\/product"}],"replies":[{"embeddable":true,"href":"https:\/\/www.hommy.com\/pt\/wp-json\/wp\/v2\/comments?post=318"}],"wp:featuredmedia":[{"embeddable":true,"href":"https:\/\/www.hommy.com\/pt\/wp-json\/wp\/v2\/media\/312"}],"wp:attachment":[{"href":"https:\/\/www.hommy.com\/pt\/wp-json\/wp\/v2\/media?parent=318"}],"wp:term":[{"taxonomy":"product_brand","embeddable":true,"href":"https:\/\/www.hommy.com\/pt\/wp-json\/wp\/v2\/product_brand?post=318"},{"taxonomy":"product_cat","embeddable":true,"href":"https:\/\/www.hommy.com\/pt\/wp-json\/wp\/v2\/product_cat?post=318"},{"taxonomy":"product_tag","embeddable":true,"href":"https:\/\/www.hommy.com\/pt\/wp-json\/wp\/v2\/product_tag?post=318"}],"curies":[{"name":"wp","href":"https:\/\/api.w.org\/{rel}","templated":true}]}}