{"id":311,"date":"2024-07-02T12:41:30","date_gmt":"2024-07-02T12:41:30","guid":{"rendered":"http:\/\/localhost\/hommywp\/hm-aj02-drinks-vending-machines\/"},"modified":"2025-08-01T09:57:30","modified_gmt":"2025-08-01T09:57:30","slug":"hm-aj02-maquinas-de-venda-automatica-de-bebidas","status":"publish","type":"product","link":"https:\/\/www.hommy.com\/pt\/p\/hm-aj02-maquinas-de-venda-automatica-de-bebidas\/","title":{"rendered":"M\u00e1quinas de venda autom\u00e1tica de bebidas HM-AJ02"},"content":{"rendered":"<div>\n<p style=\"text-align: center\"><span style=\"font-family:Calibri;font-size:29px\">Fabricantes de m\u00e1quinas de venda autom\u00e1tica de refrigerantes<\/span><\/p>\n<p style=\"text-align: center\"><span style=\"font-family: Calibri;font-size: 29px\">&nbsp; &nbsp; &nbsp; &nbsp; &nbsp; &nbsp; &nbsp; &nbsp; &nbsp; &nbsp; &nbsp; &nbsp; &nbsp; &nbsp; &nbsp; &nbsp; &nbsp; &nbsp; &nbsp; &nbsp; &nbsp; &nbsp; &nbsp; &nbsp; &nbsp; &nbsp; &nbsp; https:\/\/youtu.be\/r5pGq47GZRk<\/span><span style=\"font-family: \u5b8b\u4f53;font-size: 29px\">&nbsp;<\/span><\/p>\n<p><span style=\"font-family: \u5b8b\u4f53;font-size: 29px\">&nbsp;&nbsp; &nbsp; &nbsp; &nbsp; &nbsp; &nbsp; &nbsp; &nbsp;<\/span><\/p>\n<p><span style=\"font-family:\u5b8b\u4f53;font-size:29px\">Produto <\/span><span style=\"font-family:\u5b8b\u4f53;font-size:29px\">especifica\u00e7\u00e3o:<\/span><\/p>\n<p><span style=\"font-family:\u5b8b\u4f53;font-size:29px\"><\/span><\/p>\n<p><img decoding=\"async\" src=\"https:\/\/www.hommy.com\/wp-content\/uploads\/16431817002770.png\" alt=\"produto-Hommy-img\" title=\"\"><\/p>\n<p><img decoding=\"async\" src=\"https:\/\/www.hommy.com\/wp-content\/uploads\/16431817051742.png\" alt=\"produto-Hommy-img\" title=\"\"><\/p>\n<p><img decoding=\"async\" src=\"https:\/\/www.hommy.com\/wp-content\/uploads\/16431817134316.png\" alt=\"produto-Hommy-img\" title=\"\"><\/p>\n<p><img decoding=\"async\" src=\"https:\/\/www.hommy.com\/wp-content\/uploads\/16431819938817.png\" alt=\"produto-HM-AJ02 m\u00e1quinas de venda autom\u00e1tica de bebidas-Hommy-img\" title=\"\"><\/p>\n<p style=\"margin-bottom:0;text-align:justify\"><span style=\"font-family:\u5b8b\u4f53;font-size:29px\">Carater\u00edsticas do produto: <\/span><\/p>\n<p style=\"margin-bottom:0;text-align:justify\"><span style=\"font-family:Arial;font-size:21px\">1.&nbsp;<\/span><span style=\"font-family:Arial;font-size:21px\">Ecr\u00e3 de 21'' para publicidade e funcionamento.<\/span><\/p>\n<p style=\"margin-bottom:0;text-align:justify\"><span style=\"font-family:Arial;font-size:21px\">2.&nbsp;<\/span><span style=\"font-family:Arial;font-size:21px\">Sistema de pagamento: moeda, fatura e moeda de retorno, interface MDB para cart\u00e3o de cr\u00e9dito. <\/span><\/p>\n<p style=\"margin-bottom:0;text-align:justify\"><span style=\"font-family:Arial;font-size:21px\">3.&nbsp;<\/span><span style=\"font-family:Arial;font-size:21px\">Existem 36 sabores \u00e0 escolha que s\u00e3o refrigerantes com gelo, <\/span><span style=\"font-family:\u7b49\u7ebf;font-size:21px\">Te<\/span><span style=\"font-family:\u7b49\u7ebf;font-size:21px\">a <\/span><span style=\"font-family:Arial;font-size:21px\">beber com gelo , sumo com gelo ou sem gelo , misturar sumo com gelo ou sem gelo . &nbsp;<\/span><\/p>\n<p style=\"margin-bottom:0;text-align:justify\"><span style=\"font-family:Arial;font-size:21px\">4.&nbsp;<\/span><span style=\"font-family:Arial;font-size:21px\">A temperatura de arrefecimento para refrigerantes pode estar dispon\u00edvel de 0~5\u02daC.<\/span><\/p>\n<p style=\"margin-bottom:0;text-align:justify\"><span style=\"font-family:Arial;font-size:21px\">5.&nbsp;<\/span><span style=\"font-family:Arial;font-size:21px\">A m\u00e1quina produz cubos de gelo automaticamente. Temperatura de arrefecimento -5~0\u02daC.<\/span><\/p>\n<p style=\"margin-bottom:0;text-align:justify\"><span style=\"font-family:Arial;font-size:21px\">6.&nbsp;<\/span><span style=\"font-family:Arial;font-size:21px\">Para o enchimento de \u00e1gua, pode ligar a m\u00e1quina \u00e0 \u00e1gua da torneira ou encher a \u00e1gua com um barril de \u00e1gua. No entanto, sugerimos que se ligue \u00e0 \u00e1gua da torneira para evitar o reabastecimento frequente de \u00e1gua. <\/span><\/p>\n<p style=\"margin-bottom:0;text-align:justify\"><span style=\"font-family:Arial;font-size:21px\">7.&nbsp;<\/span><span style=\"font-family:Arial;font-size:21px\">Armazenamento de 100 unidades de copos de papel de 500 ml (=16 on\u00e7as).<\/span><\/p>\n<p style=\"margin-bottom:0;text-align:justify\"><span style=\"font-family:Arial;font-size:21px\">8.&nbsp;<\/span><span style=\"font-family:Arial;font-size:21px\">Todas as l\u00ednguas principais est\u00e3o dispon\u00edveis. <\/span><\/p>\n<p style=\"margin-bottom:0;text-align:justify\"><span style=\"font-family:Arial;font-size:21px\">9.&nbsp;<\/span><span style=\"font-family:Arial;font-size:21px\">O software de monitoriza\u00e7\u00e3o e gest\u00e3o remota permite-lhe gerir os dados de vendas, verificar o estado da m\u00e1quina em tempo real, o volume de vendas, a situa\u00e7\u00e3o do material, a mensagem de alarme de reposi\u00e7\u00e3o de material para o telem\u00f3vel. Descobrir atempadamente a falha da m\u00e1quina e enviar diretamente o diagn\u00f3stico de trabalho para o centro de monitoriza\u00e7\u00e3o da f\u00e1brica para resolver o problema mais rapidamente.<\/span><\/p>\n<p style=\"margin-bottom:0;text-align:justify\"><span style=\"font-family:Arial;font-size:21px\">10.&nbsp;<\/span><span style=\"font-family:Arial;font-size:21px\">Tamanho da m\u00e1quina: 933X839X1929mm <\/span><\/p>\n<p style=\"margin-bottom:0;text-align:justify\"><span style=\"font-family:\u5b8b\u4f53;font-size:29px\">&nbsp;<\/span><\/p>\n<p style=\"margin-bottom:0;text-align:justify\"><span style=\"font-family:\u5b8b\u4f53;font-size:29px\">Vantagem do produto:<\/span><\/p>\n<p style=\"vertical-align: baseline\"><span style=\"font-family: Calibri;font-size: 20px\">1.&nbsp;<\/span><span style=\"font-family: Calibri;font-size: 20px\">Congelador maior para guardar 2 caixas de embalagem para os molhos de refrigerante e 6 sumos, mantendo a temperatura de 3 a 8 graus. <\/span><span style=\"font-family: \u5b8b\u4f53;font-size: 20px\">&nbsp;&nbsp;<\/span><\/p>\n<p style=\"vertical-align: baseline\"><span style=\"font-family: \u5b8b\u4f53;font-size: 20px\"><img loading=\"lazy\" decoding=\"async\" src=\"https:\/\/www.hommy.com\/wp-content\/uploads\/16431820291701.png\" title=\"\" alt=\"produto-Hommy-HM-AJ02 m\u00e1quinas de venda autom\u00e1tica de bebidas-img\" width=\"350\" height=\"504\" border=\"0\" vspace=\"0\" style=\"width: 350px;height: 504px\"><\/span><\/p>\n<p style=\"margin-bottom:0;text-align:justify\"><span style=\"font-family: Calibri;font-size: 20px\">2.&nbsp;<\/span><span style=\"font-family: Calibri;font-size: 20px\">Armazenamento de 100 unidades de copos de papel de 500 ml=16OZ.<\/span><\/p>\n<p style=\"margin-bottom:0;text-align:justify\"><img loading=\"lazy\" decoding=\"async\" src=\"https:\/\/www.hommy.com\/wp-content\/uploads\/16431821757393.png\" title=\"\" alt=\"produto-Hommy-img\" width=\"350\" height=\"737\" border=\"0\" vspace=\"0\" style=\"width: 350px;height: 737px\"><\/p>\n<p><span style=\"font-family: \u5b8b\u4f53;font-size: 20px\">3.<\/span><span style=\"font-family:Calibri;font-size:21px\">O sistema de pagamento pode aceitar: moeda, fatura, moeda Exchang, interface de cart\u00e3o de cr\u00e9dito.<\/span><\/p>\n<p style=\"vertical-align: baseline\"><img loading=\"lazy\" decoding=\"async\" src=\"https:\/\/www.hommy.com\/wp-content\/uploads\/16431822358936.png\" title=\"\" alt=\"produto-Hommy-img-1\" width=\"350\" height=\"546\" border=\"0\" vspace=\"0\" style=\"width: 350px;height: 546px\"><\/p>\n<p><span style=\"font-family:Calibri;font-size:21px\">4.<\/span><span style=\"font-family:Calibri;font-size:21px\">Sistema de gest\u00e3o remota por computador: consulta de detalhes de vendas, lembretes de faltas, lembretes de falhas de m\u00e1quinas.<\/span><\/p>\n<p style=\"vertical-align: baseline\"><img decoding=\"async\" src=\"https:\/\/www.hommy.com\/wp-content\/uploads\/16431822849546.jpg\" alt=\"produto-Hommy-img-1\" title=\"\"><\/p>\n<p style=\"vertical-align: baseline\"><span style=\"font-family: \u5b8b\u4f53;font-size: 20px\">5<\/span><span style=\"font-family: Calibri;font-size: 20px\">. a m\u00e1quina tem um sistema de limpeza autom\u00e1tica, pode basear-se na exig\u00eancia do cliente para configurar quanto tempo vai <\/span><\/p>\n<p style=\"vertical-align: baseline\"><span style=\"font-family: \u5b8b\u4f53;font-size: 20px\">&nbsp;<\/span><span style=\"font-family: Calibri;font-size: 20px\">&nbsp;&nbsp;Autom\u00e1tico para limpar uma vez a m\u00e1quina . <\/span><\/p>\n<p style=\"vertical-align: baseline\"><img loading=\"lazy\" decoding=\"async\" src=\"https:\/\/www.hommy.com\/wp-content\/uploads\/16431823398318.png\" title=\"\" alt=\"produto-Hommy-img-1\" width=\"350\" height=\"712\" border=\"0\" vspace=\"0\" style=\"width: 350px;height: 712px\"><\/p>\n<p><\/p>\n<\/p><\/div>","protected":false},"excerpt":{"rendered":"<p>Soda vending machine manufacturers &nbsp; &nbsp; &nbsp; &nbsp; &nbsp; &nbsp; &nbsp; &nbsp; &nbsp; &nbsp; &nbsp; &nbsp; &nbsp; &nbsp; &nbsp; &nbsp; &nbsp; &nbsp; &nbsp; &nbsp; &nbsp; &nbsp; &nbsp; &nbsp; &nbsp; &nbsp; &nbsp; https:\/\/youtu.be\/r5pGq47GZRk&nbsp; &nbsp;&nbsp; &nbsp; &nbsp; &nbsp; &nbsp; &nbsp; &nbsp; &nbsp; Product specification: Product Features: 1.&nbsp;21&#039;&#039; screen for advertisement and operation. 2.&nbsp;Payment system: coin, bill and [&hellip;]<\/p>\n","protected":false},"featured_media":1971,"comment_status":"open","ping_status":"open","template":"","meta":{"_swt_meta_header_display":false,"_swt_meta_footer_display":false,"_swt_meta_site_title_display":false,"_swt_meta_sticky_header":false,"_swt_meta_transparent_header":false},"product_brand":[],"product_cat":[72,68],"product_tag":[],"class_list":{"0":"post-311","1":"product","2":"type-product","3":"status-publish","4":"has-post-thumbnail","6":"product_cat-soda-drink-vending-machine","7":"product_cat-vending-machine","9":"first","10":"instock","11":"shipping-taxable","12":"product-type-simple"},"_links":{"self":[{"href":"https:\/\/www.hommy.com\/pt\/wp-json\/wp\/v2\/product\/311","targetHints":{"allow":["GET"]}}],"collection":[{"href":"https:\/\/www.hommy.com\/pt\/wp-json\/wp\/v2\/product"}],"about":[{"href":"https:\/\/www.hommy.com\/pt\/wp-json\/wp\/v2\/types\/product"}],"replies":[{"embeddable":true,"href":"https:\/\/www.hommy.com\/pt\/wp-json\/wp\/v2\/comments?post=311"}],"wp:featuredmedia":[{"embeddable":true,"href":"https:\/\/www.hommy.com\/pt\/wp-json\/wp\/v2\/media\/1971"}],"wp:attachment":[{"href":"https:\/\/www.hommy.com\/pt\/wp-json\/wp\/v2\/media?parent=311"}],"wp:term":[{"taxonomy":"product_brand","embeddable":true,"href":"https:\/\/www.hommy.com\/pt\/wp-json\/wp\/v2\/product_brand?post=311"},{"taxonomy":"product_cat","embeddable":true,"href":"https:\/\/www.hommy.com\/pt\/wp-json\/wp\/v2\/product_cat?post=311"},{"taxonomy":"product_tag","embeddable":true,"href":"https:\/\/www.hommy.com\/pt\/wp-json\/wp\/v2\/product_tag?post=311"}],"curies":[{"name":"wp","href":"https:\/\/api.w.org\/{rel}","templated":true}]}}