{"id":291,"date":"2024-07-02T12:32:25","date_gmt":"2024-07-02T12:32:25","guid":{"rendered":"http:\/\/localhost\/hommywp\/hm160a-automated-milkshake-vending-machine-for-sale-price\/"},"modified":"2025-08-01T09:57:30","modified_gmt":"2025-08-01T09:57:30","slug":"maquina-de-venda-automatica-de-batidos-de-leite","status":"publish","type":"product","link":"https:\/\/www.hommy.com\/pt\/p\/maquina-de-venda-automatica-de-batidos-de-leite\/","title":{"rendered":"HM160A Automated Milkshake Vending Machine Pre\u00e7o de venda"},"content":{"rendered":"<p style=\"text-align: center\"><\/p>\n<h2 style=\"text-align: center\">&nbsp;<strong><span style=\"line-height: 1.42857;font-family: arial, helvetica, sans-serif;font-size: 24px\"><a name=\"http:\/\/wij2rdgc.allweyes.com\/table-top-vending-ice-cream-machine\"><\/a>M\u00e1quina de venda autom\u00e1tica de batidos<\/span><\/strong><\/h2>\n<p style=\"text-align: center\"><span style=\"font-size: 16px\"><span style=\"line-height: 1.42857;font-family: arial, helvetica, sans-serif\"><a href=\"#PRODUCT FEATURES\" target=\"_self\" data-lv=\"0\" rel=\"noopener\">CARACTER\u00cdSTICAS DO PRODUTO<\/a>|<a href=\"#Vending milkshake machine\" target=\"_self\" data-lv=\"0\" rel=\"noopener\">M\u00e1quina de venda autom\u00e1tica de batidos<\/a>|<a href=\"#PRODUCT SPECIFICATION\" target=\"_self\" data-lv=\"0\" rel=\"noopener\">ESPECIFICA\u00c7\u00c3O DO PRODUTO<\/a>|<a href=\"#PRODUCT ADVANTAG\" target=\"_self\" data-lv=\"0\" rel=\"noopener\">VANTAGEM DO PRODUTO<\/a><\/span><\/span><\/p>\n<p><\/p>\n<p><!-- Video start --><video poster=\"https:\/\/img80002414.weyesimg.com\/uploads\/www.hommy.com\/video\/15866853031191.mp4?vframe\/jpg\/offset\/1\" id=\"video\" preload=\"auto\" controls=\"controls\" style=\"width:100%;height:510px\"><\/video><!-- Video end --><\/p>\n<p>As m\u00e1quinas de venda autom\u00e1tica de batidos s\u00e3o uma das mais comuns e fi\u00e1veis m\u00e1quinas de venda autom\u00e1tica em supermercados, grandes cadeias de lojas e at\u00e9 cadeias de fast food. A m\u00e1quina de venda autom\u00e1tica de batidos \u00e9 uma m\u00e1quina de venda autom\u00e1tica que produz batidos frescos e satisfat\u00f3rios, perfeitos para o ver\u00e3o. Quando compra um batido na m\u00e1quina, pode escolher os seus sabores preferidos, como baunilha, chocolate, morango, etc., depois paga, espera um pouco e recebe o batido de que precisa.<\/p>\n<p><\/p>\n<p>Se sempre quis ter o seu pr\u00f3prio neg\u00f3cio, mas n\u00e3o quer ter o inc\u00f3modo de uma loja de tijolo e argamassa, ent\u00e3o um neg\u00f3cio de m\u00e1quinas de venda autom\u00e1tica de batidos pode ser perfeito para si! Com despesas gerais m\u00ednimas e sem invent\u00e1rio para controlar, este tipo de neg\u00f3cio \u00e9 perfeito para empres\u00e1rios ocupados. Al\u00e9m disso, quem \u00e9 que n\u00e3o gosta de batidos?!<\/p>\n<p>Com as nossas m\u00e1quinas de venda autom\u00e1tica, pode oferecer aos seus clientes um delicioso batido que eles podem desfrutar em qualquer altura. Al\u00e9m disso, as nossas m\u00e1quinas s\u00e3o f\u00e1ceis de utilizar e requerem uma manuten\u00e7\u00e3o m\u00ednima, para que se possa concentrar na gest\u00e3o do seu neg\u00f3cio.<\/p>\n<h2><strong><span style=\"font-size: 24px;font-family: arial, helvetica, sans-serif\"><a name=\"PRODUCT FEATURES\"><\/a>CARACTER\u00cdSTICAS DO PRODUTO<\/span><\/strong><\/h2>\n<div class=\"text-left d-tem09-title d-interval\" data-detail=\"wrap\">\n<div class=\"title-header\">\n<p style=\"margin: 0px;text-align: justify;text-indent: 0px\"><span style=\"letter-spacing: 0px;font-family: Calibri;font-size: 16px\">A m\u00e1quina de venda autom\u00e1tica de batidos Hommy tem uma fun\u00e7\u00e3o mais humanizada: no interior tem 3 sabores para escolher, manter fresco, misturador na tremonha, descongelar, pasteuriza\u00e7\u00e3o, remoto, relat\u00f3rio de vendas, lembrar, <\/span><span style=\"letter-spacing: 0px;font-family: \u5b8b\u4f53;font-size: 16px\">escolha de idioma diferente . tamb\u00e9m aceitamos OEM e ODM.&nbsp;<\/span><\/p>\n<\/div>\n<\/div>\n<p>&nbsp;<\/p>\n<div class=\"d-tem11-graphic tem11-graphic mockup\" data-detail=\"wrap\">\n<div class=\"tab_row\">\n<div class=\"img\" style=\"width: 50%\"><img loading=\"lazy\" decoding=\"async\" width=\"563\" height=\"747\" title=\"\" style=\"width: 563px;height: 747px\" alt=\"produto-Hommy-img\" src=\"https:\/\/www.hommy.com\/wp-content\/uploads\/15866853985802.png\" border=\"0\" vspace=\"0\"><\/div>\n<div class=\"text_box\" style=\"width: 50%\">\n<div class=\"txt\">\n<div class=\"title\">\n<h2>&nbsp;<strong><span style=\"font-size: 24px;font-family: arial, helvetica, sans-serif\"><a name=\"Vending milkshake machine\"><\/a>M\u00e1quina de venda autom\u00e1tica de batidos<\/span><\/strong><\/h2>\n<\/div>\n<p>&nbsp;<\/p>\n<p style=\"line-height: 1.75em\">Controlador de ecr\u00e3 t\u00e1til de 10,1 polegadas semelhante a um tablet com sistema Android&nbsp;<\/p>\n<p style=\"line-height: 1.75em\">Estados da m\u00e1quina (temperatura da tremonha e do cilindro, regula\u00e7\u00e3o do racionamento, processo de produ\u00e7\u00e3o, erro, alerta de n\u00edvel de material, pre\u00e7o) <\/p>\n<p style=\"line-height: 1.75em\">Controlo de dados (volume de vendas) <\/p>\n<p style=\"line-height: 1.75em\">Controlo de distribui\u00e7\u00e3o <\/p>\n<p style=\"line-height: 1.75em\">Defini\u00e7\u00f5es da m\u00e1quina <\/p>\n<p style=\"line-height: 1.75em\">Funcionamento inteligente <\/p>\n<p style=\"line-height: 1.75em\">Fun\u00e7\u00e3o de envio de alerta para telem\u00f3vel <\/p>\n<p style=\"line-height: 1.75em\">O interior da m\u00e1quina tem mais fun\u00e7\u00f5es, o que pode ajud\u00e1-lo a economizar mais custos artificiais:<\/p>\n<p style=\"line-height: 1.75em\">O sistema de pr\u00e9-arrefecimento mant\u00e9m a mistura abaixo de 5 \u2103 durante os modos autom\u00e1tico e de espera. <\/p>\n<p style=\"line-height: 1.75em\">A bomba de ar fornece a mistura com uma certa quantidade de ar aos cilindros de congela\u00e7\u00e3o. <\/p>\n<p style=\"line-height: 1.75em\">O misturador mant\u00e9m a uniformidade da mistura nas tremonhas. <\/p>\n<p style=\"line-height: 1.75em\">O tratamento t\u00e9rmico proporciona uma rotina de limpeza di\u00e1ria para manter o produto de acordo com as normas de qualidade e seguran\u00e7a at\u00e9 duas semanas antes da limpeza completa com desmontagem. <\/p>\n<p style=\"line-height: 1.75em\"><span style=\"font-size: 18px\"><strong><br \/><\/strong><\/span><\/p>\n<p style=\"line-height: 1.75em\"><span style=\"font-size: 18px\"><strong>Descongela\u00e7\u00e3o <\/strong><\/span><\/p>\n<p style=\"line-height: 1.75em\">A descongela\u00e7\u00e3o de produ\u00e7\u00e3o derrete rapidamente o produto em ambos os cilindros e volta ao modo de produ\u00e7\u00e3o para reproduzir. <\/p>\n<p style=\"line-height: 1.75em\">A descongela\u00e7\u00e3o por lavagem derrete rapidamente o produto nos cilindros, o que reduz significativamente os restos antes da limpeza. <\/p>\n<p style=\"line-height: 1.75em\"><strong><span style=\"font-size: 18px\"><br \/><\/span><\/strong><\/p>\n<p style=\"line-height: 1.75em\"><strong><span style=\"font-size: 18px\">Desinfe\u00e7\u00e3o <\/span><\/strong><\/p>\n<p style=\"line-height: 1.75em\">Fun\u00e7\u00e3o especial que torna o processo de higieniza\u00e7\u00e3o semi-autom\u00e1tico e f\u00e1cil. <\/p>\n<p style=\"line-height: 1.75em\">N\u00e3o desmontar a m\u00e1quina para limpar a unidade de bloqueio da garganta, a unidade de bomba de ar, o batedor e o cilindro.<br \/>\nO contador permite ao operador visualizar o n\u00famero de por\u00e7\u00f5es distribu\u00eddas. <\/p>\n<p style=\"line-height: 1.75em\">&nbsp;<\/p>\n<\/div>\n<\/div>\n<\/div>\n<\/div>\n<p>&nbsp;<\/p>\n<div class=\"text-left d-tem09-title d-interval\" data-detail=\"wrap\">\n<div class=\"title-header\">\n<h2><strong><span style=\"font-size: 24px;font-family: arial, helvetica, sans-serif\"><a name=\"PRODUCT SPECIFICATION\"><\/a>ESPECIFICA\u00c7\u00c3O DO PRODUTO<\/span><\/strong><\/h2>\n<p><span>A excelente experi\u00eancia do cliente \u00e9 o ponto de partida da Hommy.<\/span><\/p>\n<p><span><\/span><\/p>\n<p><span><br \/><img decoding=\"async\" src=\"https:\/\/www.hommy.com\/wp-content\/uploads\/15866860778248.png\" title=\"uploads\/www.hommy.com\/images\/https:\/\/www.hommy.com\/wp-content\/uploads\/15866860778248.png\" alt=\"imagem.png\" \/><\/span><\/p>\n<p><span><br \/><\/span><\/p>\n<h2><strong><span style=\"font-size: 24px;font-family: arial, helvetica, sans-serif\"><a name=\"PRODUCT ADVANTAG\"><\/a>VANTAGEM DO PRODUTO<\/span><\/strong><br \/><\/h2>\n<\/div>\n<\/div>\n<div class=\"text-left d-tem09-title d-interval\" data-detail=\"wrap\">\n<div class=\"title-header\">\n<p>Hommy tem produtos <a style=\"color:blue\" href=\"\/pt\/\">m\u00e1quina de gelados<\/a> H\u00e1 20 anos de experi\u00eancia, a m\u00e1quina de venda autom\u00e1tica de gelados adiciona mais fun\u00e7\u00f5es de gelado suave, porque n\u00e3o h\u00e1 ningu\u00e9m para fazer o servi\u00e7o a toda a hora. baseamo-nos nesta adi\u00e7\u00e3o de mais sensores e usamos software para control\u00e1-la, que \u00e9 de boa qualidade e boa fun\u00e7\u00e3o.<\/p>\n<\/div>\n<\/div>\n<div class=\"d-tem01-graphic tem01-graphic mockup\" data-detail=\"wrap\">\n<div class=\"cont-section clearfix d-clearfix\">\n<div class=\"col-md-6 col-sm-6 col-xs-6\">\n<div class=\"right-p\">\n<div class=\"h2 heading\">Pasteuriza\u00e7\u00e3o&nbsp;<\/div>\n<div class=\"description\"><span style=\"letter-spacing: 0px;font-family: \u5b8b\u4f53;font-size: 16px\">Se vender gelados \u00e0 noite, o sistema de configura\u00e7\u00e3o autom\u00e1tica Pasteuriza\u00e7\u00e3o : Pode matar <\/span><span style=\"font-family: Calibri;font-size: 16px\">a bact\u00e9ria <\/span><span style=\"font-family: \u5b8b\u4f53;font-size: 16px\">que <\/span><span style=\"font-family: Calibri;font-size: 16px\">produzir<\/span><span style=\"font-family: \u5b8b\u4f53;font-size: 16px\">&nbsp;<\/span><span style=\"font-family: Calibri;font-size: 16px\">no interior da m\u00e1quina<\/span><span style=\"font-family: \u5b8b\u4f53;font-size: 16px\">&nbsp;de -5<\/span><span style=\"font-family: \u5b8b\u4f53;font-size: 16px\">\u2103<\/span><span style=\"font-family: \u5b8b\u4f53;font-size: 16px\">&nbsp;<\/span><span style=\"font-family: Arial;font-size: 16px\">\u2192<\/span><span style=\"font-family: \u5b8b\u4f53;font-size: 16px\">&nbsp;<\/span><span style=\"font-family: \u5b8b\u4f53;font-size: 16px\">65<\/span><span style=\"font-family: \u5b8b\u4f53;font-size: 16px\">\u2103<\/span><span style=\"font-family: Arial;font-size: 16px\">\u2192<\/span><span style=\"font-family: \u5b8b\u4f53;font-size: 16px\">&nbsp;-5<\/span><span style=\"font-family: \u5b8b\u4f53;font-size: 16px\">\u2103<\/span><span style=\"font-family: Calibri;font-size: 16px\">processo<\/span><span style=\"font-family: \u5b8b\u4f53;font-size: 16px\">&nbsp;(desinfetar o cilindro de carga e a mat\u00e9ria-prima no interior, depois refrigerar at\u00e9 ao estado de reserva).&nbsp;<\/span>&nbsp;&nbsp;&nbsp;&nbsp;&nbsp;&nbsp;&nbsp;&nbsp;&nbsp;&nbsp;&nbsp;&nbsp;<\/p>\n<p style=\"text-align: center\"><img decoding=\"async\" title=\"\" alt=\"produto-milkshake m\u00e1quina -Hommy-img\" src=\"https:\/\/www.hommy.com\/wp-content\/uploads\/15787019009152-5.png\"><\/p>\n<\/div>\n<\/div>\n<\/div>\n<div class=\"col-md-6 col-sm-6 col-xs-6\">\n<div class=\"right-p\">\n<div class=\"h2 heading\">Deixar o sensor<\/div>\n<div class=\"description\"><span style=\"font-family: \u5b8b\u4f53;font-size: 16px\">Deixar o sensor ter <\/span><span style=\"font-family: Calibri;font-size: 16px\">Segunda fase, a primeira fase do alarme de n\u00edvel de material em falta, a segunda fase do encerramento autom\u00e1tico.<\/span><span style=\"font-family: \u5b8b\u4f53;font-size: 16px\">&nbsp;Quando receber a primeira mensagem, tem algum tempo para adicionar material, n\u00e3o precisa de deixar a m\u00e1quina parar para a trabalhar. <\/span><\/div>\n<\/div>\n<div class=\"graphic_pic animated wow bounceIn\" data-wow-delay=\".7s\">\n<p style=\"text-align: center\"><img loading=\"lazy\" decoding=\"async\" width=\"473\" height=\"306\" title=\"\" style=\"width: 203px\" alt=\"produto-Hommy-milkshake m\u00e1quina -img\" src=\"https:\/\/www.hommy.com\/wp-content\/uploads\/15788874673345-5.jpg\"><\/p>\n<\/div>\n<\/div>\n<\/div>\n<\/div>\n<p><\/p>\n<p>&nbsp;<\/p>\n<div class=\"d-tem01-graphic tem01-graphic mockup\" data-detail=\"wrap\">\n<div class=\"cont-section clearfix d-clearfix\">\n<div class=\"col-md-6 col-sm-6 col-xs-6\">\n<div class=\"right-p\">\n<div class=\"h2 heading\">Fun\u00e7\u00e3o de promo\u00e7\u00e3o<\/div>\n<div class=\"description\">\n<p style=\"font-family: Calibri;font-size: 16px;font-style: normal;font-weight: normal;margin-top: 0px;margin-bottom: 0px\"><span style=\"font-family: \u5b8b\u4f53;font-size: 16px\">A m\u00e1quina tem no seu interior uma fun\u00e7\u00e3o de promo\u00e7\u00e3o, pode configurar a promo\u00e7\u00e3o a qualquer altura, do dia para a hora, tudo o que quiser. <\/span><\/p>\n<p style=\"margin: 1em 0px 13px\"><span style=\"font-family: \u5b8b\u4f53;font-size: 16px\"><span>&nbsp;&nbsp;&nbsp;Isso pode ajud\u00e1-lo a adicionar a quantidade vendida.<\/span><\/span><\/p>\n<\/div>\n<\/div>\n<div class=\"graphic_pic animated wow bounceIn\" data-wow-delay=\".7s\">\n<p style=\"text-align: center\"><img decoding=\"async\" title=\"\" alt=\"produto-HM160A M\u00e1quina de venda autom\u00e1tica de batidos-Hommy-img\" src=\"https:\/\/www.hommy.com\/wp-content\/uploads\/15788858121941-5.png\"><\/p>\n<\/div>\n<\/div>\n<div class=\"col-md-6 col-sm-6 col-xs-6\">\n<div class=\"right-p\">\n<div class=\"h2 heading\">L\u00edngua diferente<\/div>\n<div class=\"description\">\n<p style=\"font-family: Calibri;font-size: 16px;font-style: normal;font-weight: normal;margin-top: 0px;margin-bottom: 0px\"><span style=\"font-family: \u5b8b\u4f53;font-size: 16px\">O interior da m\u00e1quina tem mais idiomas \u00e0 escolha: chin\u00eas, ingl\u00eas, polaco, Ar\u00e1bia Saudita, Mal\u00e1sia, Tail\u00e2ndia, Espanha.<\/span><\/p>\n<p>.<\/p><\/div>\n<\/div>\n<div class=\"graphic_pic animated wow bounceIn\" data-wow-delay=\".7s\">\n<p style=\"text-align: center\"><img loading=\"lazy\" decoding=\"async\" width=\"404\" height=\"209\" title=\"\" style=\"width: 271px\" alt=\"produto-Hommy-HM160A M\u00e1quina de venda autom\u00e1tica de batidos-img\" src=\"https:\/\/www.hommy.com\/wp-content\/uploads\/15788858317746-5.png\"><\/p>\n<\/div>\n<\/div>\n<\/div>\n<\/div>\n<p style=\"text-align: center\"><\/p>\n<p>Documento\uff1a<img decoding=\"async\" src=\"https:\/\/www.hommy.com\/wp-content\/uploads\/icon_pdf-9.gif\" style=\"margin-right: 2px\" alt=\"produto-Hommy-img-1\" title=\"\"><a href=\"https:\/\/img80002414.weyesimg.com\/uploads\/www.hommy.com\/addon\/16028350847689.pdf\" title=\"16028350847689.pdf\" style=\"font-size: 12px\">16028350847689.pdf<\/a><\/p>\n<h2 style=\"font-family: sans-serif\">Como funciona uma m\u00e1quina de venda autom\u00e1tica de batidos?<\/h2>\n<p style=\"margin-top: 5px;margin-bottom: 5px;font-family: sans-serif;font-size: 16px\">O processo de compra \u00e9 muito simples, basta selecionar o sabor e a quantidade de batido pretendidos no menu do expositor, pagar com fatura ou cart\u00e3o de cr\u00e9dito, aguardar que o batido seja servido e depois \u00e9 s\u00f3 pegar nele e sabore\u00e1-lo.<\/p>\n<p style=\"margin-top: 5px;margin-bottom: 5px;font-family: sans-serif;font-size: 16px\"><\/p>\n<h2 style=\"font-family: sans-serif\">As m\u00e1quinas de venda autom\u00e1tica de batidos s\u00e3o um neg\u00f3cio rent\u00e1vel?<\/h2>\n<p style=\"margin-top: 5px;margin-bottom: 5px;font-family: sans-serif;font-size: 16px\">\u00c9 um facto que o neg\u00f3cio dos batidos est\u00e1 a ganhar grande popularidade em muitas partes do mundo. Muitos caf\u00e9s, restaurantes, estabelecimentos de fast food e at\u00e9 mercearias est\u00e3o agora a adicionar m\u00e1quinas de venda autom\u00e1tica de batidos aos seus servi\u00e7os. Se est\u00e1 a planear entrar no neg\u00f3cio das m\u00e1quinas de venda autom\u00e1tica de batidos, ent\u00e3o pode ter a certeza de que \u00e9 um neg\u00f3cio muito lucrativo.<\/p>\n<\/p><\/div>","protected":false},"excerpt":{"rendered":"<p>&nbsp;Vending milkshake machine PRODUCT FEATURES|Vending milkshake machine|PRODUCT SPECIFICATION|PRODUCT ADVANTAG Milkshake vending machines are one of the most common and reliable vending machines in supermarkets, large chain stores and even fast food chains. The Milkshake Vending Machine is a vending machine that makes cool and satisfying milkshakes, perfect for summer. When you buy a milkshake from [&hellip;]<\/p>\n","protected":false},"featured_media":284,"comment_status":"open","ping_status":"open","template":"","meta":{"_swt_meta_header_display":false,"_swt_meta_footer_display":false,"_swt_meta_site_title_display":false,"_swt_meta_sticky_header":false,"_swt_meta_transparent_header":false},"product_brand":[],"product_cat":[71,68],"product_tag":[],"class_list":{"0":"post-291","1":"product","2":"type-product","3":"status-publish","4":"has-post-thumbnail","6":"product_cat-ice-cream-vending-machine","7":"product_cat-vending-machine","9":"first","10":"instock","11":"shipping-taxable","12":"product-type-simple"},"_links":{"self":[{"href":"https:\/\/www.hommy.com\/pt\/wp-json\/wp\/v2\/product\/291","targetHints":{"allow":["GET"]}}],"collection":[{"href":"https:\/\/www.hommy.com\/pt\/wp-json\/wp\/v2\/product"}],"about":[{"href":"https:\/\/www.hommy.com\/pt\/wp-json\/wp\/v2\/types\/product"}],"replies":[{"embeddable":true,"href":"https:\/\/www.hommy.com\/pt\/wp-json\/wp\/v2\/comments?post=291"}],"wp:featuredmedia":[{"embeddable":true,"href":"https:\/\/www.hommy.com\/pt\/wp-json\/wp\/v2\/media\/284"}],"wp:attachment":[{"href":"https:\/\/www.hommy.com\/pt\/wp-json\/wp\/v2\/media?parent=291"}],"wp:term":[{"taxonomy":"product_brand","embeddable":true,"href":"https:\/\/www.hommy.com\/pt\/wp-json\/wp\/v2\/product_brand?post=291"},{"taxonomy":"product_cat","embeddable":true,"href":"https:\/\/www.hommy.com\/pt\/wp-json\/wp\/v2\/product_cat?post=291"},{"taxonomy":"product_tag","embeddable":true,"href":"https:\/\/www.hommy.com\/pt\/wp-json\/wp\/v2\/product_tag?post=291"}],"curies":[{"name":"wp","href":"https:\/\/api.w.org\/{rel}","templated":true}]}}