{"id":283,"date":"2024-07-02T12:32:18","date_gmt":"2024-07-02T12:32:18","guid":{"rendered":"http:\/\/localhost\/hommywp\/hm116c-table-top-frozen-yogurt-ice-cream-vending-machine-for-shop\/"},"modified":"2025-08-01T09:57:30","modified_gmt":"2025-08-01T09:57:30","slug":"hm116c-maquina-de-venda-automatica-de-gelados-de-mesa","status":"publish","type":"product","link":"https:\/\/www.hommy.com\/pt\/p\/hm116c-maquina-de-venda-automatica-de-gelados-de-mesa\/","title":{"rendered":"Hm116c M\u00e1quina de venda autom\u00e1tica de gelados de iogurte de mesa para loja"},"content":{"rendered":"<p>&nbsp;<\/p>\n<h2 style=\"text-align: center\"><strong><span style=\"font-family: arial, helvetica, sans-serif;font-size: 24px\"><a name=\"Tablet top Semi-Automatic Vending ice cream machine\"><\/a>M\u00e1quina de venda autom\u00e1tica de gelados semi-autom\u00e1tica de mesa<\/span><\/strong><\/h2>\n<p style=\"text-align: center\"><a href=\"#Tablet top Semi-Automatic Vending ice cream machine\" target=\"_self\" data-lv=\"0\" rel=\"noopener\"><span style=\"font-size: 16px;font-family: arial, helvetica, sans-serif\">M\u00e1quina de venda autom\u00e1tica de gelados semi-autom\u00e1tica de mesa<\/span><\/a><span style=\"font-size: 16px;font-family: arial, helvetica, sans-serif\">|<a href=\"#PRODUCT FEATURES\" target=\"_self\" data-lv=\"0\" rel=\"noopener\">CARACTER\u00cdSTICAS DO PRODUTO<\/a>|<a href=\"#One flavour Semi-Automatic Vending ice cream machine\" target=\"_self\" data-lv=\"0\" rel=\"noopener\">M\u00e1quina de gelados autom\u00e1tica semi-autom\u00e1tica de um sabor<\/a>|<a href=\"#PRODUCT SPECIFICATION\" target=\"_self\" data-lv=\"0\" rel=\"noopener\">ESPECIFICA\u00c7\u00c3O DO PRODUTO<\/a><\/span><\/p>\n<p><span style=\"font-size: 20px\"><br \/><\/span><\/p>\n<p><!-- Video start --><video poster=\"https:\/\/img80002414.weyesimg.com\/uploads\/www.hommy.com\/video\/15866891701789.mp4?vframe\/jpg\/offset\/1\" id=\"video\" preload=\"auto\" controls=\"controls\" style=\"width:100%;height:510px\"><\/video><!-- Video end --><\/p>\n<p><!-- Video start --><video poster=\"https:\/\/img80002414.weyesimg.com\/uploads\/www.hommy.com\/video\/15866892228873.mp4?vframe\/jpg\/offset\/1\" id=\"video\" preload=\"auto\" controls=\"controls\" style=\"width:100%;height:510px\"><\/video><!-- Video end --><\/p>\n<div class=\"text-left d-tem09-title d-interval\" data-detail=\"wrap\">\n<div class=\"title-header\">\n<p>As nossas instala\u00e7\u00f5es de fabrico est\u00e3o localizadas numa base de produ\u00e7\u00e3o avan\u00e7ada. Est\u00e1 bem equipado com tecnologia moderna e as melhores m\u00e1quinas da classe para entregar a nossa gama de m\u00e1quinas no final dos clientes. Al\u00e9m disso, tamb\u00e9m cuidamos de embalagens personalizadas para a nossa gama. As m\u00e1quinas oferecidas podem ser compradas de n\u00f3s a um pre\u00e7o acess\u00edvel.<\/p>\n<h2><strong><span style=\"font-size: 24px;font-family: arial, helvetica, sans-serif\"><a name=\"PRODUCT FEATURES\"><\/a>CARACTER\u00cdSTICAS DO PRODUTO<\/span><\/strong><\/h2>\n<div class=\"subtitle\"><span>A f\u00e1brica da Hommy ocupa uma \u00e1rea de 30500 metros quadrados na cidade de Xinhui Jiangmen, incluindo linhas de produ\u00e7\u00e3o flex\u00edveis, laborat\u00f3rio de I&amp;D, centro de aprendizagem e oficina equipada com equipamento de ponta.<\/span><\/div>\n<\/div>\n<\/div>\n<p>&nbsp;<\/p>\n<div class=\"d-tem11-graphic tem11-graphic mockup\" data-detail=\"wrap\">\n<div class=\"tab_row\">\n<div class=\"img\" style=\"width: 50%\"><img loading=\"lazy\" decoding=\"async\" title=\"\" alt=\"produto-Hommy-img\" src=\"https:\/\/www.hommy.com\/wp-content\/uploads\/15866897447758.png\" width=\"747\" height=\"1205\" border=\"0\" vspace=\"0\" style=\"width: 747px;height: 1205px\"><\/div>\n<div class=\"text_box\" style=\"width: 50%\">\n<div class=\"txt\">\n<div class=\"title\">\n<h2><strong><span style=\"font-family: arial, helvetica, sans-serif;font-size: 24px\"><a name=\"One flavour Semi-Automatic Vending ice cream machine\"><\/a>M\u00e1quina de gelados autom\u00e1tica semi-autom\u00e1tica de um sabor<\/span><\/strong><\/h2>\n<p><\/p>\n<p>pode escolher um distribuidor de ch\u00e1venas ou de cones para a m\u00e1quina&nbsp;<span style=\"font-size: 14px\">&nbsp;<\/span><\/p>\n<\/div>\n<p style=\"line-height: 2em\">Controlador de ecr\u00e3 t\u00e1til de 10,1 polegadas semelhante a um tablet com sistema Android<br \/>Estados da m\u00e1quina (temperatura da tremonha e do cilindro, regula\u00e7\u00e3o do racionamento, processo de produ\u00e7\u00e3o, erro, alerta de n\u00edvel de material, pre\u00e7o)<br \/>Controlo de dados (volume de vendas)<br \/>Controlo de distribui\u00e7\u00e3o<br \/>Defini\u00e7\u00f5es da m\u00e1quina<br \/>Funcionamento inteligente<br \/>Fun\u00e7\u00e3o de envio de alerta para telem\u00f3vel<br \/>O interior da m\u00e1quina tem mais fun\u00e7\u00f5es, o que pode ajudar a poupar mais custos artificiais: <br \/>O sistema de pr\u00e9-arrefecimento mant\u00e9m a mistura abaixo de 5 \u2103 durante os modos autom\u00e1tico e de espera.<br \/>A bomba de ar fornece a mistura com uma certa quantidade de ar aos cilindros de congela\u00e7\u00e3o.<br \/>O misturador mant\u00e9m a uniformidade da mistura nas tremonhas.<br \/>O tratamento t\u00e9rmico proporciona uma rotina de limpeza di\u00e1ria para manter o produto de acordo com as normas de qualidade e seguran\u00e7a at\u00e9 duas semanas antes da limpeza completa com desmontagem.<br \/><span style=\"font-size: 18px\"><strong><br \/><\/strong><\/span><\/p>\n<p style=\"line-height: 2em\"><span style=\"font-size: 18px\"><strong>Descongela\u00e7\u00e3o <\/strong><\/span><br \/>A descongela\u00e7\u00e3o de produ\u00e7\u00e3o derrete rapidamente o produto em ambos os cilindros e volta ao modo de produ\u00e7\u00e3o para reproduzir. <br \/>A descongela\u00e7\u00e3o por lavagem derrete rapidamente o produto nos cilindros, o que reduz significativamente os restos antes da limpeza. <br \/><strong><span style=\"font-size: 18px\"><br \/><\/span><\/strong><\/p>\n<p style=\"line-height: 2em\"><strong><span style=\"font-size: 18px\">Desinfe\u00e7\u00e3o<\/span><\/strong><br \/>Fun\u00e7\u00e3o especial que torna o processo de higieniza\u00e7\u00e3o semi-autom\u00e1tico e f\u00e1cil.<br \/>N\u00e3o desmontar a m\u00e1quina para limpar a unidade de bloqueio da garganta, a unidade de bomba de ar, o batedor e o cilindro. <\/p>\n<p>&nbsp;<\/p>\n<\/div>\n<\/div>\n<\/div>\n<\/div>\n<p>&nbsp;<\/p>\n<div class=\"text-left d-tem09-title d-interval\" data-detail=\"wrap\">\n<div class=\"title-header\">\n<p><span style=\"font-size: 24px\"><br \/><\/span><\/p>\n<p><span style=\"font-size: 24px\"><\/span><\/p>\n<h2><strong><span style=\"font-size: 24px;font-family: arial, helvetica, sans-serif\"><a name=\"PRODUCT SPECIFICATION\"><\/a>ESPECIFICA\u00c7\u00c3O DO PRODUTO<\/span><\/strong><\/h2>\n<p><span>A excelente experi\u00eancia do cliente \u00e9 o ponto de partida da Hommy.<\/span><\/p>\n<p><span><br \/><img decoding=\"async\" src=\"https:\/\/www.hommy.com\/wp-content\/uploads\/15866898582668.png\" title=\"uploads\/www.hommy.com\/images\/https:\/\/www.hommy.com\/wp-content\/uploads\/15866898582668.png\" alt=\"imagem.png\" \/><\/span><\/p>\n<p><span style=\"font-size: 24px\"><br \/><\/span><\/p>\n<h2><strong><span style=\"font-size: 24px;font-family: arial, helvetica, sans-serif\"><a name=\"PRODUCT ADVANTAGE\"><\/a>VANTAGEM DO PRODUTO<\/span><\/strong><\/h2>\n<\/div>\n<\/div>\n<div class=\"text-left d-tem09-title d-interval\" data-detail=\"wrap\">\n<div class=\"title-header\">\n<p>Hommy tem produtos <a style=\"color:blue\" href=\"\/pt\/\">m\u00e1quina de gelados<\/a> H\u00e1 20 anos de experi\u00eancia, a m\u00e1quina de venda autom\u00e1tica de gelados adiciona mais fun\u00e7\u00f5es de gelado suave, porque n\u00e3o h\u00e1 ningu\u00e9m para fazer o servi\u00e7o a toda a hora. baseamo-nos nesta adi\u00e7\u00e3o de mais sensores e usamos software para control\u00e1-la, que \u00e9 de boa qualidade e boa fun\u00e7\u00e3o.<\/p>\n<\/div>\n<\/div>\n<div class=\"d-tem01-graphic tem01-graphic mockup\" data-detail=\"wrap\">\n<div class=\"cont-section clearfix d-clearfix\">\n<div class=\"col-md-6 col-sm-6 col-xs-6\" style=\"width: 501px\">\n<div class=\"right-p\">\n<div class=\"h2 heading\">Descongela\u00e7\u00e3o&nbsp;<\/div>\n<p><\/p>\n<p><span style=\"letter-spacing: 0px;font-family: \u5b8b\u4f53;font-size: 16px\">Quando a m\u00e1quina est\u00e1 a funcionar durante 1 hora e n\u00e3o vende gelado, o cilindro fica bloqueado durante algum tempo, configuramos o sistema de descongela\u00e7\u00e3o autom\u00e1tica, para que a m\u00e1quina possa continuar a funcionar e descongelar o gelo interior e fazer gelado ou iogurte congelado de boa qualidade.&nbsp;<\/span><\/p>\n<\/div>\n<div class=\"graphic_pic animated wow bounceIn\" data-wow-delay=\".7s\">\n<p style=\"text-align: center\"><img loading=\"lazy\" decoding=\"async\" width=\"393\" height=\"211\" title=\"\" alt=\"produto-HM116C m\u00e1quina de venda autom\u00e1tica de gelados de mesa-Hommy-img\" src=\"https:\/\/www.hommy.com\/wp-content\/uploads\/15788853994504-4.png\" style=\"width: 415px\"><\/p>\n<p><\/p>\n<p>&nbsp; &nbsp; &nbsp; &nbsp; &nbsp; &nbsp;<\/p><\/div>\n<\/div>\n<div class=\"col-md-6 col-sm-6 col-xs-6\" style=\"width: 501px\">\n<div class=\"right-p\">\n<div class=\"h2 heading\">Dispensador de cones para waffles e copos de gelado&nbsp;&nbsp;<\/div>\n<p><\/p>\n<p>A HM116T \u00e9 combinada com o distribuidor de cones de wfffle ou com o distribuidor de copos para formar a m\u00e1quina HM116C, que pode ser colocada numa loja sem vigil\u00e2ncia 24 horas ou no exterior da loja.<\/p>\n<p><\/p>\n<\/div>\n<div class=\"graphic_pic animated wow bounceIn\" data-wow-delay=\".7s\"><img loading=\"lazy\" decoding=\"async\" width=\"473\" height=\"228\" title=\"\" alt=\"produto-Hommy-HM116C m\u00e1quina de venda autom\u00e1tica de gelados de mesa-img\" src=\"https:\/\/www.hommy.com\/wp-content\/uploads\/15866909545893.jpg\" style=\"width: 473px\">&nbsp; &nbsp; &nbsp; &nbsp; &nbsp; &nbsp; &nbsp;&nbsp;<\/div>\n<\/div>\n<\/div>\n<\/div>\n<div class=\"d-tem01-graphic tem01-graphic mockup\" data-detail=\"wrap\">\n<div class=\"cont-section clearfix d-clearfix\">\n<div class=\"col-md-6 col-sm-6 col-xs-6\" style=\"width: 501px\">\n<div class=\"right-p\">\n<div class=\"h2 heading\">Pasteuriza\u00e7\u00e3o&nbsp;<\/div>\n<div class=\"description\" style=\"line-height: 24.5px\"><span style=\"letter-spacing: 0px;font-family: \u5b8b\u4f53;font-size: 16px\">Se vender gelados \u00e0 noite, o sistema de configura\u00e7\u00e3o autom\u00e1tica Pasteuriza\u00e7\u00e3o : Pode matar&nbsp;<\/span><span style=\"font-family: Calibri;font-size: 16px\">a bact\u00e9ria&nbsp;<\/span><span style=\"font-family: \u5b8b\u4f53;font-size: 16px\">que&nbsp;<\/span><span style=\"font-family: Calibri;font-size: 16px\">produzir<\/span><span style=\"font-family: \u5b8b\u4f53;font-size: 16px\">&nbsp;<\/span><span style=\"font-family: Calibri;font-size: 16px\">no interior da m\u00e1quina<\/span><span style=\"font-family: \u5b8b\u4f53;font-size: 16px\">&nbsp;de -5<\/span><span style=\"font-family: \u5b8b\u4f53;font-size: 16px\">\u2103<\/span><span style=\"font-family: \u5b8b\u4f53;font-size: 16px\">&nbsp;<\/span><span style=\"font-family: Arial;font-size: 16px\">\u2192<\/span><span style=\"font-family: \u5b8b\u4f53;font-size: 16px\">&nbsp;<\/span><span style=\"font-family: \u5b8b\u4f53;font-size: 16px\">65<\/span><span style=\"font-family: \u5b8b\u4f53;font-size: 16px\">\u2103<\/span><span style=\"font-family: Arial;font-size: 16px\">\u2192<\/span><span style=\"font-family: \u5b8b\u4f53;font-size: 16px\">&nbsp;-5<\/span><span style=\"font-family: \u5b8b\u4f53;font-size: 16px\">\u2103<\/span><span style=\"font-family: Calibri;font-size: 16px\">processo<\/span><span style=\"font-family: \u5b8b\u4f53;font-size: 16px\">&nbsp;(desinfetar o cilindro de carga e a mat\u00e9ria-prima no interior, depois refrigerar at\u00e9 ao estado de reserva).&nbsp;<\/span>&nbsp;&nbsp;&nbsp;&nbsp;&nbsp;&nbsp;&nbsp;&nbsp;&nbsp;&nbsp;&nbsp;&nbsp;<\/p>\n<p style=\"text-align: center\"><img decoding=\"async\" title=\"\" alt=\"produto-Hommy-img\" src=\"https:\/\/www.hommy.com\/wp-content\/uploads\/15787019009152-4.png\"><\/p>\n<\/div>\n<\/div>\n<\/div>\n<div class=\"col-md-6 col-sm-6 col-xs-6\" style=\"width: 501px\">\n<div class=\"right-p\">\n<div class=\"h2 heading\">Deixar o sensor<\/div>\n<div class=\"description\" style=\"line-height: 24.5px\"><span style=\"font-family: \u5b8b\u4f53;font-size: 16px\">Deixar o sensor ter&nbsp;<\/span><span style=\"font-family: Calibri;font-size: 16px\">Segunda fase, a primeira fase do alarme de n\u00edvel de material em falta, a segunda fase do encerramento autom\u00e1tico.<\/span><span style=\"font-family: \u5b8b\u4f53;font-size: 16px\">&nbsp;Quando receber a primeira mensagem, tem algum tempo para adicionar material, n\u00e3o precisa de deixar a m\u00e1quina parar para a trabalhar.<\/span><\/div>\n<\/div>\n<div class=\"graphic_pic animated wow bounceIn\" data-wow-delay=\".7s\">\n<p style=\"text-align: center\"><img loading=\"lazy\" decoding=\"async\" width=\"473\" height=\"306\" title=\"\" alt=\"produto-Hommy-vending m\u00e1quina de gelados -img\" src=\"https:\/\/www.hommy.com\/wp-content\/uploads\/15788874673345-4.jpg\" style=\"width: 203px\"><\/p>\n<\/div>\n<\/div>\n<\/div>\n<\/div>\n<p>&nbsp;<\/p>\n<div class=\"d-tem01-graphic tem01-graphic mockup\" data-detail=\"wrap\">\n<div class=\"cont-section clearfix d-clearfix\">\n<div class=\"col-md-6 col-sm-6 col-xs-6\" style=\"width: 501px\">\n<div class=\"right-p\">\n<div class=\"h2 heading\">Fun\u00e7\u00e3o de promo\u00e7\u00e3o<\/div>\n<div class=\"description\" style=\"line-height: 24.5px\">\n<p style=\"margin-bottom: 0px;font-family: Calibri;font-size: 16px\"><span style=\"font-family: \u5b8b\u4f53\">A m\u00e1quina tem no seu interior uma fun\u00e7\u00e3o de promo\u00e7\u00e3o, pode configurar a promo\u00e7\u00e3o a qualquer altura, do dia para a hora, tudo o que quiser.<\/span><\/p>\n<p style=\"margin-top: 1em;margin-bottom: 13px\"><span style=\"font-family: \u5b8b\u4f53;font-size: 16px\"><span>&nbsp;&nbsp;&nbsp;Isso pode ajud\u00e1-lo a adicionar a quantidade vendida.<\/span><\/span><\/p>\n<\/div>\n<\/div>\n<div class=\"graphic_pic animated wow bounceIn\" data-wow-delay=\".7s\">\n<p style=\"text-align: center\"><img decoding=\"async\" title=\"\" alt=\"produto-Hommy-img-1\" src=\"https:\/\/www.hommy.com\/wp-content\/uploads\/15788858121941-4.png\"><\/p>\n<\/div>\n<\/div>\n<div class=\"col-md-6 col-sm-6 col-xs-6\" style=\"width: 501px\">\n<div class=\"right-p\">\n<div class=\"h2 heading\">L\u00edngua diferente<\/div>\n<div class=\"description\" style=\"line-height: 24.5px\">\n<p style=\"margin-bottom: 0px;font-family: Calibri;font-size: 16px\"><span style=\"font-family: \u5b8b\u4f53\">O interior da m\u00e1quina tem mais idiomas \u00e0 escolha: chin\u00eas, ingl\u00eas, polaco, Ar\u00e1bia Saudita, Mal\u00e1sia, Tail\u00e2ndia, Espanha.<\/span><\/p>\n<p>.<\/p><\/div>\n<\/div>\n<div class=\"graphic_pic animated wow bounceIn\" data-wow-delay=\".7s\">\n<p style=\"text-align: center\"><img loading=\"lazy\" decoding=\"async\" width=\"404\" height=\"209\" title=\"\" alt=\"produto-m\u00e1quina de gelados autom\u00e1tica -Hommy-img-1\" src=\"https:\/\/www.hommy.com\/wp-content\/uploads\/15788858317746-4.png\" style=\"width: 271px\"><\/p>\n<\/div>\n<\/div>\n<\/div>\n<\/div>\n<p> &nbsp; &nbsp; &nbsp; &nbsp; &nbsp; &nbsp; &nbsp; &nbsp; &nbsp; &nbsp; &nbsp; &nbsp; &nbsp; &nbsp; &nbsp; &nbsp; &nbsp; &nbsp; &nbsp; &nbsp; &nbsp; &nbsp; &nbsp; &nbsp; &nbsp; &nbsp; &nbsp; &nbsp; &nbsp; &nbsp; &nbsp; &nbsp; &nbsp; &nbsp; &nbsp; &nbsp; &nbsp; &nbsp;<\/p>\n<p>Documento\uff1a<img decoding=\"async\" src=\"https:\/\/www.hommy.com\/wp-content\/uploads\/icon_pdf-8.gif\" style=\"margin-right: 2px\" alt=\"produto-HM116C m\u00e1quina de venda autom\u00e1tica de gelados de mesa-Hommy-img-1\" title=\"\"><a href=\"https:\/\/img80002414.weyesimg.com\/uploads\/www.hommy.com\/addon\/16028360706859.pdf\" title=\"16028360706859.pdf\" style=\"font-size: 12px\">16028360706859.pdf<\/a><\/p>\n<h2 style=\"font-family: sans-serif\">Como \u00e9 que as m\u00e1quinas de venda autom\u00e1tica de ramen funcionam?<\/h2>\n<p style=\"margin-top: 5px;margin-bottom: 5px;font-family: sans-serif;font-size: 16px\">Existem muitos modelos diferentes de m\u00e1quinas de venda autom\u00e1tica de ramen no mercado, mas os princ\u00edpios b\u00e1sicos s\u00e3o os mesmos e consistem num grande arm\u00e1rio fechado, no qual os produtos alimentares s\u00e3o depositados pelo cliente, sendo o mecanismo de distribui\u00e7\u00e3o ativado por meio de uma moeda ou chave.<\/p>\n<p style=\"margin-top: 5px;margin-bottom: 5px;font-family: sans-serif;font-size: 16px\"><\/p>\n<h2 style=\"font-family: sans-serif\">Como funciona o yo Kai Express?<\/h2>\n<p style=\"margin-top: 5px;margin-bottom: 5px;font-family: sans-serif;font-size: 16px\">O modo de funcionamento do produto consiste em colocar o produto na l\u00edngua para fornecer o ingrediente ativo. Como resultado, engole-se \u00e1gua e o sistema digestivo dissolve o produto e processa a \u00e1gua, fazendo com que o ingrediente ativo chegue onde \u00e9 suposto.<\/p>\n<p style=\"margin-top: 5px;margin-bottom: 5px;font-family: sans-serif;font-size: 16px\"><\/p>\n<h2 style=\"font-family: sans-serif\">As m\u00e1quinas de venda autom\u00e1tica de gelo valem a pena?<\/h2>\n<p style=\"margin-top: 5px;margin-bottom: 5px;font-family: sans-serif;font-size: 16px\">A tecnologia das m\u00e1quinas de gelo continua a evoluir, trazendo inova\u00e7\u00f5es que alteram a forma como consumimos gelo. Percorremos um longo caminho desde as primeiras m\u00e1quinas que utilizavam uma mangueira de v\u00e1cuo para sugar a \u00e1gua de um grande bloco de gelo. Atualmente, temos m\u00e1quinas que distribuem e servem gelo que est\u00e1, pelo menos, parcialmente congelado.<\/p>\n<\/p><\/div>","protected":false},"excerpt":{"rendered":"<p>&nbsp; Tablet top Semi-Automatic Vending ice cream machine Tablet top Semi-Automatic Vending ice cream machine|PRODUCT FEATURES|One flavour Semi-Automatic Vending ice cream machine|PRODUCT SPECIFICATION Our manufacturing facility is located in an advanced production base. It is well equipped with modern technology and the best-in-class machines to deliver our range of machines at clients&#039; end. Apart from [&hellip;]<\/p>\n","protected":false},"featured_media":274,"comment_status":"open","ping_status":"open","template":"","meta":{"_swt_meta_header_display":false,"_swt_meta_footer_display":false,"_swt_meta_site_title_display":false,"_swt_meta_sticky_header":false,"_swt_meta_transparent_header":false},"product_brand":[],"product_cat":[71,68],"product_tag":[],"class_list":{"0":"post-283","1":"product","2":"type-product","3":"status-publish","4":"has-post-thumbnail","6":"product_cat-ice-cream-vending-machine","7":"product_cat-vending-machine","9":"first","10":"instock","11":"shipping-taxable","12":"product-type-simple"},"_links":{"self":[{"href":"https:\/\/www.hommy.com\/pt\/wp-json\/wp\/v2\/product\/283","targetHints":{"allow":["GET"]}}],"collection":[{"href":"https:\/\/www.hommy.com\/pt\/wp-json\/wp\/v2\/product"}],"about":[{"href":"https:\/\/www.hommy.com\/pt\/wp-json\/wp\/v2\/types\/product"}],"replies":[{"embeddable":true,"href":"https:\/\/www.hommy.com\/pt\/wp-json\/wp\/v2\/comments?post=283"}],"wp:featuredmedia":[{"embeddable":true,"href":"https:\/\/www.hommy.com\/pt\/wp-json\/wp\/v2\/media\/274"}],"wp:attachment":[{"href":"https:\/\/www.hommy.com\/pt\/wp-json\/wp\/v2\/media?parent=283"}],"wp:term":[{"taxonomy":"product_brand","embeddable":true,"href":"https:\/\/www.hommy.com\/pt\/wp-json\/wp\/v2\/product_brand?post=283"},{"taxonomy":"product_cat","embeddable":true,"href":"https:\/\/www.hommy.com\/pt\/wp-json\/wp\/v2\/product_cat?post=283"},{"taxonomy":"product_tag","embeddable":true,"href":"https:\/\/www.hommy.com\/pt\/wp-json\/wp\/v2\/product_tag?post=283"}],"curies":[{"name":"wp","href":"https:\/\/api.w.org\/{rel}","templated":true}]}}