{"id":273,"date":"2024-07-02T12:32:11","date_gmt":"2024-07-02T12:32:11","guid":{"rendered":"http:\/\/localhost\/hommywp\/china-froyo-ice-cream-self-serve-vending-machine-suppliers\/"},"modified":"2025-08-01T09:57:30","modified_gmt":"2025-08-01T09:57:30","slug":"maquina-automatica-de-venda-de-iogurte-congelado","status":"publish","type":"product","link":"https:\/\/www.hommy.com\/pt\/p\/maquina-automatica-de-venda-de-iogurte-congelado\/","title":{"rendered":"China M\u00e1quina de venda autom\u00e1tica de gelados Froyo Fornecedores"},"content":{"rendered":"<p style=\"text-align: center\">&nbsp;<\/p>\n<h2 style=\"text-align: center\"><strong><span style=\"line-height: 1.42857;font-family: arial, helvetica, sans-serif;font-size: 24px\"><a name=\"Automatic vending frozn Yogurt\"><\/a>M\u00e1quina autom\u00e1tica de venda autom\u00e1tica de iogurte e gelado soft<\/span><\/strong><\/h2>\n<p style=\"text-align: center\"><a href=\"#Automatic vending frozn Yogurt\" target=\"_self\" data-lv=\"0\" rel=\"noopener\"><span style=\"font-size: 16px\"><span style=\"line-height: 1.42857;font-family: arial, helvetica, sans-serif\">Venda autom\u00e1tica frozn Iogurte<\/span><\/span><\/a><span style=\"font-size: 16px\"><span style=\"line-height: 1.42857;font-family: arial, helvetica, sans-serif\">|<a href=\"#PRODUCT FEATURES\" target=\"_self\" data-lv=\"0\" rel=\"noopener\">CARACTER\u00cdSTICAS DO PRODUTO<\/a>|<a href=\"#HM931 Vending Frozen Yogurt\" target=\"_self\" data-lv=\"0\" rel=\"noopener\">HM931 Venda autom\u00e1tica de iogurte congelado<\/a>|<a href=\"#PRODUCT DETAILS\" target=\"_self\" data-lv=\"0\" rel=\"noopener\">DETALHES DO PRODUTO<\/a>|<a href=\"#PRODUCT ADVANTAGE\" target=\"_self\" data-lv=\"0\" rel=\"noopener\">VANTAGEM DO PRODUTO<\/a>|<a href=\"#Automatic vending frozn Yogurt machine\" target=\"_self\" data-lv=\"0\" rel=\"noopener\">M\u00e1quina autom\u00e1tica de venda de iogurte congelado<\/a><\/span><\/span><\/p>\n<p><strong><span style=\"line-height: 1.42857;font-family: arial, helvetica, sans-serif;font-size: 24px\"><br \/><\/span><\/strong><\/p>\n<p><span style=\"font-size: 20px;line-height: 1.42857\"><br \/><\/span><\/p>\n<p><!-- Video start --><video poster=\"https:\/\/img80002414.weyesimg.com\/uploads\/wij2rdgc.allweyes.com\/video\/15553826498991.mp4?vframe\/jpg\/offset\/1\" id=\"video\" preload=\"auto\" controls=\"controls\" style=\"width:100%;height:510px\"><\/video><!-- Video end --><\/p>\n<p>&nbsp;M\u00e1quinas de venda autom\u00e1tica de gelados s\u00e3o o produto mais popular entre os clientes. Estamos a oferecer <a style=\"color:blue\" href=\"https:\/\/www.hommy.com\/pt\/maquina-de-venda-automatica\/\">m\u00e1quina de venda autom\u00e1tica de gelados<\/a>s aos nossos clientes a um pre\u00e7o muito acess\u00edvel. Estas m\u00e1quinas s\u00e3o muito simples de instalar e podem ser operadas muito facilmente. S\u00e3o a melhor forma de servir o gelado aos clientes.<\/p>\n<div class=\"text-left d-tem09-title d-interval\" data-detail=\"wrap\">\n<div class=\"title-header\">\n<h2><strong><span style=\"font-size: 24px;font-family: arial, helvetica, sans-serif\"><a name=\"PRODUCT FEATURES\"><\/a>CARACTER\u00cdSTICAS DO PRODUTO<\/span><\/strong><\/h2>\n<div class=\"subtitle\"><span>A f\u00e1brica da Hommy ocupa uma \u00e1rea de 30500 metros quadrados na cidade de Xinhui Jiangmen, incluindo linhas de produ\u00e7\u00e3o flex\u00edveis, laborat\u00f3rio de I&amp;D, centro de aprendizagem e oficina equipada com equipamento de ponta.<\/span><\/div>\n<\/div>\n<\/div>\n<p>&nbsp;<\/p>\n<div class=\"d-tem11-graphic tem11-graphic mockup\" data-detail=\"wrap\">\n<div class=\"tab_row\">\n<div class=\"img\" style=\"width: 50%\">\n<p style=\"text-align:center\"><img decoding=\"async\" title=\"\" alt=\"produto-HM931 M\u00e1quina de venda autom\u00e1tica de gelados semi-autom\u00e1tica-Hommy-img\" src=\"https:\/\/www.hommy.com\/wp-content\/uploads\/15865900183784.jpg\"><\/p>\n<\/div>\n<div class=\"text_box\" style=\"width: 50%\">\n<div class=\"txt\">\n<p><strong style=\"font-family: arial, helvetica, sans-serif;font-size: 24px;color: inherit\"><a name=\"HM931 Vending Frozen Yogurt\"><\/a>HM931 M\u00e1quina de venda autom\u00e1tica de iogurte gelado e gelado soft&nbsp;<\/strong><\/p>\n<p>&nbsp;<\/p>\n<p style=\"line-height: 2em\">Controlador de ecr\u00e3 t\u00e1til de 10,1 polegadas semelhante a um tablet com sistema Android<br \/>Estados da m\u00e1quina (temperatura da tremonha e do cilindro, regula\u00e7\u00e3o do racionamento, processo de produ\u00e7\u00e3o, erro, alerta de n\u00edvel de material, pre\u00e7o)<br \/>Controlo de dados (volume de vendas)<br \/>Controlo de distribui\u00e7\u00e3o<br \/>Defini\u00e7\u00f5es da m\u00e1quina<br \/>Funcionamento inteligente<br \/>Fun\u00e7\u00e3o de envio de alerta para telem\u00f3vel<br \/>O interior da m\u00e1quina tem mais fun\u00e7\u00f5es, o que pode ajud\u00e1-lo a economizar mais custos artificiais: <br \/>O sistema de pr\u00e9-arrefecimento mant\u00e9m a mistura abaixo de 5 \u2103 durante os modos autom\u00e1tico e de espera.<br \/>A bomba de ar fornece a mistura com uma certa quantidade de ar aos cilindros de congela\u00e7\u00e3o.<br \/>O misturador mant\u00e9m a uniformidade da mistura nas tremonhas.<br \/>O tratamento t\u00e9rmico proporciona uma rotina de limpeza di\u00e1ria para manter o produto de acordo com as normas de qualidade e seguran\u00e7a at\u00e9 duas semanas antes da limpeza completa com desmontagem.<br \/><span style=\"font-size: 18px\"><strong><br \/><\/strong><\/span><\/p>\n<p style=\"line-height: 2em\"><span style=\"font-size: 18px\"><strong>Descongela\u00e7\u00e3o <\/strong><\/span><br \/>A descongela\u00e7\u00e3o de produ\u00e7\u00e3o derrete rapidamente o produto em ambos os cilindros e volta ao modo de produ\u00e7\u00e3o para reproduzir. <br \/>A descongela\u00e7\u00e3o por lavagem derrete rapidamente o produto nos cilindros, o que reduz significativamente os restos antes da limpeza. <br \/><strong><span style=\"font-size: 18px\"><br \/><\/span><\/strong><\/p>\n<p style=\"line-height: 2em\"><strong><span style=\"font-size: 18px\">Desinfe\u00e7\u00e3o<\/span><\/strong><br \/>Fun\u00e7\u00e3o especial que torna o processo de higieniza\u00e7\u00e3o semi-autom\u00e1tico e f\u00e1cil.<br \/>N\u00e3o desmontar a m\u00e1quina para limpar a unidade de bloqueio da garganta, a unidade de bomba de ar, o batedor e o cilindro. <br \/>O contador permite ao operador visualizar o n\u00famero de por\u00e7\u00f5es distribu\u00eddas.<\/p>\n<p>&nbsp;<\/p>\n<\/div>\n<\/div>\n<\/div>\n<\/div>\n<p>&nbsp;<\/p>\n<div class=\"text-left d-tem09-title d-interval\" data-detail=\"wrap\">\n<div class=\"title-header\">\n<h2><strong><span style=\"font-size: 24px;font-family: arial, helvetica, sans-serif\"><a name=\"PRODUCT DETAILS\"><\/a>DETALHES DO PRODUTO<\/span><\/strong><\/h2>\n<p><span>Ap\u00f3s anos de desenvolvimento, estabelecemos uma rede de distribui\u00e7\u00e3o em grande escala em v\u00e1rios pa\u00edses e recebemos um bom feedback dos nossos clientes.<\/span><\/p>\n<p><span><img decoding=\"async\" src=\"https:\/\/www.hommy.com\/wp-content\/uploads\/15865889343417.png\" title=\"uploads\/www.hommy.com\/images\/https:\/\/www.hommy.com\/wp-content\/uploads\/15865889343417.png\" alt=\"imagem.png\" \/><\/span><\/p>\n<\/div>\n<\/div>\n<p>&nbsp;<\/p>\n<div class=\"d-tem18-graphic d-clearfix d-interval mockup clearfix\" data-detail=\"wrap\">\n<div class=\"col-md-3 col-sm-6 col-xs-6\">\n<div class=\"item\">\n<div class=\"images\"><img decoding=\"async\" title=\"\" alt=\"produto-m\u00e1quina de venda autom\u00e1tica de gelados -Hommy-img\" src=\"https:\/\/www.hommy.com\/wp-content\/uploads\/15553836668919.jpg\"><\/div>\n<\/div>\n<\/div>\n<div class=\"col-md-3 col-sm-6 col-xs-6\">\n<div class=\"item\">\n<div class=\"images\"><img decoding=\"async\" title=\"\" alt=\"produto-Hommy-img\" src=\"https:\/\/www.hommy.com\/wp-content\/uploads\/15553836743956.jpg\"><\/div>\n<\/div>\n<\/div>\n<div class=\"col-md-3 col-sm-6 col-xs-6\">\n<div class=\"item\">\n<div class=\"images\"><img decoding=\"async\" title=\"\" alt=\"produto-Hommy-vending m\u00e1quina de gelados -img\" src=\"https:\/\/www.hommy.com\/wp-content\/uploads\/15553836824820.jpg\"><\/div>\n<\/div>\n<\/div>\n<div class=\"col-md-3 col-sm-6 col-xs-6\">\n<div class=\"item\">\n<div class=\"images\"><img decoding=\"async\" title=\"\" alt=\"produto-Hommy-HM931 M\u00e1quina de venda autom\u00e1tica de gelados semi-autom\u00e1tica-img\" src=\"https:\/\/www.hommy.com\/wp-content\/uploads\/15553836974995.jpg\"><\/div>\n<\/div>\n<\/div>\n<\/div>\n<p>&nbsp;<\/p>\n<div class=\"d-tem18-graphic d-clearfix d-interval mockup clearfix\" data-detail=\"wrap\">\n<div class=\"col-md-3 col-sm-6 col-xs-6\">\n<div class=\"item\">\n<div class=\"images\"><img decoding=\"async\" title=\"\" alt=\"produto-HM931 M\u00e1quina de venda autom\u00e1tica de gelados semi-autom\u00e1tica-Hommy-img-1\" src=\"https:\/\/www.hommy.com\/wp-content\/uploads\/15553837083520.jpg\"><\/div>\n<\/div>\n<\/div>\n<div class=\"col-md-3 col-sm-6 col-xs-6\">\n<div class=\"item\">\n<div class=\"images\"><img decoding=\"async\" title=\"\" alt=\"produto-Hommy-img-1\" src=\"https:\/\/www.hommy.com\/wp-content\/uploads\/15553837173715.jpg\"><\/div>\n<\/div>\n<\/div>\n<div class=\"col-md-3 col-sm-6 col-xs-6\">\n<div class=\"item\">\n<div class=\"images\"><img decoding=\"async\" title=\"\" alt=\"produto-m\u00e1quina de gelados autom\u00e1tica -Hommy-img-1\" src=\"https:\/\/www.hommy.com\/wp-content\/uploads\/15553837259830.jpg\"><\/div>\n<\/div>\n<\/div>\n<div class=\"col-md-3 col-sm-6 col-xs-6\">\n<div class=\"item\">\n<div class=\"images\"><img decoding=\"async\" title=\"\" alt=\"produto-Hommy-img-1\" src=\"https:\/\/www.hommy.com\/wp-content\/uploads\/15553837338758.jpg\"><\/div>\n<\/div>\n<\/div>\n<\/div>\n<p>&nbsp;<\/p>\n<div class=\"text-left d-tem09-title d-interval\" data-detail=\"wrap\">\n<div class=\"title-header\">\n<h2><strong><span style=\"font-size: 24px;font-family: arial, helvetica, sans-serif\"><a name=\"PRODUCT ADVANTAGE\"><\/a>VANTAGEM DO PRODUTO<\/span><\/strong><\/h2>\n<div class=\"subtitle\">\n<p><span>Al\u00e9m disso, engenheiros altamente qualificados, tecn\u00f3logos competentes e pessoal experiente contribuem muito para o desenvolvimento da empresa.<\/span><\/p>\n<p><span><br \/><\/span><\/p>\n<\/div>\n<\/div>\n<\/div>\n<p style=\"text-align:center\"><img decoding=\"async\" src=\"https:\/\/www.hommy.com\/wp-content\/uploads\/15553838159494.jpg\" alt=\"produto-Hommy-vending m\u00e1quina de gelados -img-1\" title=\"\"><\/p>\n<p><\/p>\n<div class=\"d-tem04-promotion d-tem01-promotion mockup\" data-detail=\"wrap\">\n<div class=\"cont-section\">\n<div class=\"main\">\n<div class=\"header text-center\">\n<h2><strong><span style=\"font-family: arial, helvetica, sans-serif;font-size: 24px\"><a name=\"Automatic vending frozn Yogurt machine\"><\/a>M\u00e1quina autom\u00e1tica de venda de iogurte congelado<\/span><\/strong><\/h2>\n<div class=\"subtitle\" style=\"text-align: left\">\n<p><\/p>\n<p style=\"line-height: 2em\"><strong><span><\/span><\/strong>Descongela\u00e7\u00e3o: quando a m\u00e1quina est\u00e1 a funcionar durante 1 hora e n\u00e3o vende gelado, o cilindro fica bloqueado durante algum tempo, configuramos o sistema de descongela\u00e7\u00e3o autom\u00e1tica, para que a m\u00e1quina possa continuar a funcionar e descongelar o gelo interior e fazer gelado ou iogurte congelado de boa qualidade.<\/p>\n<p style=\"line-height: 2em\"><strong><span><\/span><\/strong>Bomba de ar: ajust\u00e1vel de 20% a 80%, reduz a gera\u00e7\u00e3o de cristais de gelo, faz com que o iogurte congelado (gelado) tenha um sabor suave e um aspeto branco; reduz a utiliza\u00e7\u00e3o de mat\u00e9rias-primas, aumenta os lucros.<\/p>\n<p style=\"line-height: 2em\"><strong><span><\/span><\/strong>O incens\u00e1rio tem uma segunda fase, a primeira fase de alarme de n\u00edvel de material em falta, a segunda fase de paragem autom\u00e1tica. Quando receber a primeira mensagem, tem algum tempo para adicionar material, n\u00e3o precisa de deixar a m\u00e1quina parar para trabalhar.<\/p>\n<p style=\"line-height: 2em\"><strong><span><\/span><\/strong>A m\u00e1quina tem uma fun\u00e7\u00e3o de promo\u00e7\u00e3o, que pode ser configurada de segunda a sexta-feira, das 10:00 \u00e0s 12:00, para comprar gelado com algum desconto<br \/>\nIsso pode ajud\u00e1-lo a adicionar a quantidade vendida.<\/p>\n<p style=\"line-height: 2em\"><strong><span><\/span><\/strong>O interior da m\u00e1quina tem mais idiomas \u00e0 escolha: chin\u00eas, ingl\u00eas, polaco, Ar\u00e1bia Saudita, Mal\u00e1sia, Tail\u00e2ndia, Espanha.<\/p>\n<p style=\"line-height: 2em\"><strong><span><\/span><\/strong>O interior da m\u00e1quina tem 3 topos para o cliente escolher.<\/p>\n<\/div>\n<\/div>\n<\/div>\n<\/div>\n<\/div>\n<p>&nbsp;Documento\uff1a<img decoding=\"async\" src=\"https:\/\/www.hommy.com\/wp-content\/uploads\/icon_pdf-7.gif\" style=\"margin-right: 2px\" alt=\"produto-Hommy-HM931 M\u00e1quina de venda autom\u00e1tica de gelados semi-autom\u00e1tica-img-1\" title=\"\"><a href=\"https:\/\/img80002414.weyesimg.com\/uploads\/www.hommy.com\/addon\/16028336929840.pdf\" title=\"16028336929840.pdf\" style=\"font-size: 12px\">16028336929840.pdf<\/a><\/p>\n<h2>Como \u00e9 que uma m\u00e1quina de venda autom\u00e1tica l\u00ea o dinheiro?<\/h2>\n<p style=\"margin-top: 5px;margin-bottom: 5px\">Uma m\u00e1quina de venda autom\u00e1tica \u00e9 uma pequena caixa onde se coloca uma moeda e se carrega num bot\u00e3o. A m\u00e1quina distribui ent\u00e3o o que foi pedido. Por exemplo, posso premir um bot\u00e3o para pedir um caf\u00e9, e a m\u00e1quina devolve um caf\u00e9 para uma ch\u00e1vena.<\/p>\n<p style=\"margin-top: 5px;margin-bottom: 5px\"><\/p>\n<h2>Quanto custa comprar uma m\u00e1quina de venda autom\u00e1tica de gelo?<\/h2>\n<p style=\"margin-top: 5px;margin-bottom: 5px\">As m\u00e1quinas de venda autom\u00e1tica de gelo s\u00e3o utilizadas numa variedade de contextos para diferentes fins. Podem ser usadas em pequenas lojas de conveni\u00eancia, mercearias, centros comerciais, escolas, restaurantes, bares e outros locais onde \u00e9 necess\u00e1rio gelo e \u00e1gua. O custo das m\u00e1quinas de venda autom\u00e1tica de gelo depende muito da quantidade de gelo e \u00e1gua necess\u00e1ria, do espa\u00e7o necess\u00e1rio, do custo da m\u00e1quina e de outros factores.<\/p>\n<p style=\"margin-top: 5px;margin-bottom: 5px\"><\/p>\n<h2>Como \u00e9 que os japoneses utilizam as m\u00e1quinas de venda autom\u00e1tica?<\/h2>\n<p style=\"margin-top: 5px;margin-bottom: 5px\">Neste artigo, vamos analisar os diferentes tipos de m\u00e1quinas de venda autom\u00e1tica, o seu funcionamento e as diferentes formas como as pessoas as utilizam.<\/p>\n<\/p><\/div>","protected":false},"excerpt":{"rendered":"<p>&nbsp; Automatic vending frozn Yogurt &amp; soft ice cream machine Automatic vending frozn Yogurt|PRODUCT FEATURES|HM931 Vending Frozen Yogurt|PRODUCT DETAILS|PRODUCT ADVANTAGE|Automatic vending frozn Yogurt machine &nbsp;Ice Cream Self Serve Vending Machines are the most popular product among the customers. We are offering ice cream vending machines to our customers at a very affordable price. These machines [&hellip;]<\/p>\n","protected":false},"featured_media":261,"comment_status":"open","ping_status":"open","template":"","meta":{"_swt_meta_header_display":false,"_swt_meta_footer_display":false,"_swt_meta_site_title_display":false,"_swt_meta_sticky_header":false,"_swt_meta_transparent_header":false},"product_brand":[],"product_cat":[71,68],"product_tag":[],"class_list":{"0":"post-273","1":"product","2":"type-product","3":"status-publish","4":"has-post-thumbnail","6":"product_cat-ice-cream-vending-machine","7":"product_cat-vending-machine","9":"first","10":"instock","11":"shipping-taxable","12":"product-type-simple"},"_links":{"self":[{"href":"https:\/\/www.hommy.com\/pt\/wp-json\/wp\/v2\/product\/273","targetHints":{"allow":["GET"]}}],"collection":[{"href":"https:\/\/www.hommy.com\/pt\/wp-json\/wp\/v2\/product"}],"about":[{"href":"https:\/\/www.hommy.com\/pt\/wp-json\/wp\/v2\/types\/product"}],"replies":[{"embeddable":true,"href":"https:\/\/www.hommy.com\/pt\/wp-json\/wp\/v2\/comments?post=273"}],"wp:featuredmedia":[{"embeddable":true,"href":"https:\/\/www.hommy.com\/pt\/wp-json\/wp\/v2\/media\/261"}],"wp:attachment":[{"href":"https:\/\/www.hommy.com\/pt\/wp-json\/wp\/v2\/media?parent=273"}],"wp:term":[{"taxonomy":"product_brand","embeddable":true,"href":"https:\/\/www.hommy.com\/pt\/wp-json\/wp\/v2\/product_brand?post=273"},{"taxonomy":"product_cat","embeddable":true,"href":"https:\/\/www.hommy.com\/pt\/wp-json\/wp\/v2\/product_cat?post=273"},{"taxonomy":"product_tag","embeddable":true,"href":"https:\/\/www.hommy.com\/pt\/wp-json\/wp\/v2\/product_tag?post=273"}],"curies":[{"name":"wp","href":"https:\/\/api.w.org\/{rel}","templated":true}]}}