{"id":260,"date":"2024-07-02T12:32:04","date_gmt":"2024-07-02T12:32:04","guid":{"rendered":"http:\/\/localhost\/hommywp\/hm931s-sundae-ice-cream-self-vending-machine-factory-cheap-cost\/"},"modified":"2025-08-01T09:57:30","modified_gmt":"2025-08-01T09:57:30","slug":"hm931s-maquina-de-venda-automatica-de-gelados-de-sundae","status":"publish","type":"product","link":"https:\/\/www.hommy.com\/pt\/p\/hm931s-maquina-de-venda-automatica-de-gelados-de-sundae\/","title":{"rendered":"Hm931s Sundae M\u00e1quina de venda autom\u00e1tica de sorvete de auto custo barato de f\u00e1brica"},"content":{"rendered":"<p style=\"text-align: center\"><\/p>\n<h2 style=\"text-align: center\">&nbsp;<strong><span style=\"line-height: 1.42857;font-family: arial, helvetica, sans-serif;font-size: 24px\"><a name=\"Vending sundae ice cream machine\"><\/a>M\u00e1quina de venda autom\u00e1tica de gelados de sundae<\/span><\/strong><\/h2>\n<p style=\"text-align: center\"><span style=\"font-size: 16px\"><span style=\"line-height: 1.42857;font-family: arial, helvetica, sans-serif\"><a href=\"#Vending sundae ice cream machine\" target=\"_self\" data-lv=\"0\" rel=\"noopener\">M\u00e1quina de venda autom\u00e1tica de gelados de sundae<\/a>|<a href=\"#RODUCT FEATURES\" target=\"_self\" data-lv=\"0\" rel=\"noopener\">CARACTER\u00cdSTICAS DO PRODUTO<\/a>|<a href=\"#Vending Sundae ice cream machine\" target=\"_self\" data-lv=\"0\" rel=\"noopener\">M\u00e1quina de venda autom\u00e1tica de gelados Sundae<\/a>|<a href=\"#PRODUCT SPECIFICATION\" target=\"_self\" data-lv=\"0\" rel=\"noopener\">ESPECIFICA\u00c7\u00c3O DO PRODUTO<\/a>|<a href=\"#PRODUCT SPECIFICATION\" target=\"_self\" data-lv=\"0\" rel=\"noopener\">ESPECIFICA\u00c7\u00c3O DO PRODUTO<\/a><\/span><\/span><\/p>\n<p><span style=\"font-size: 20px;line-height: 1.42857\"><br \/><\/span><\/p>\n<p><!-- Video start --><video poster=\"https:\/\/img80002414.weyesimg.com\/uploads\/www.hommy.com\/video\/15865859723575.mp4?vframe\/jpg\/offset\/1\" id=\"video\" preload=\"auto\" controls=\"controls\" style=\"width:100%;height:510px\"><\/video><!-- Video end --><\/p>\n<p>A nossa vasta gama de m\u00e1quinas de venda autom\u00e1tica de gelados de qualidade aprovada garante que os gelados produzidos, batidos de leite, s\u00e3o de qualidade inigual\u00e1vel e que voc\u00ea pode ter certeza de seu sabor, textura e aroma. A nossa produ\u00e7\u00e3o de m\u00e1quinas de venda autom\u00e1tica de gelado s\u00e3o amplamente aplaudidos por suas carater\u00edsticas \u00fanicas, como a produ\u00e7\u00e3o de res\u00edduos zero, emiss\u00e3o zero, opera\u00e7\u00f5es eco-friendly e custos de manuten\u00e7\u00e3o zero.<\/p>\n<p><span style=\"font-size: 24px\"><br \/><\/span><\/p>\n<h2><strong><span style=\"font-family: arial, helvetica, sans-serif;font-size: 24px\"><a name=\"RODUCT FEATURES\"><\/a>CARACTER\u00cdSTICAS DO PRODUTO<\/span><\/strong><\/h2>\n<div class=\"text-left d-tem09-title d-interval\" data-detail=\"wrap\">\n<div class=\"title-header\">\n<p style=\"margin: 0px;text-align: justify;text-indent: 0px\"><span style=\"letter-spacing: 0px;font-family: Calibri;font-size: 16px\">Venda autom\u00e1tica dom\u00e9stica <a style=\"color:blue\" href=\"\/pt\/\">m\u00e1quina de gelados<\/a> t\u00eam fun\u00e7\u00f5es mais humanizadas: manter fresco, bomba de ar, misturador na tremonha, descongela\u00e7\u00e3o, pasteuriza\u00e7\u00e3o, controlo remoto, relat\u00f3rio de vendas, lembrete, <\/span><span style=\"letter-spacing: 0px;font-family: \u5b8b\u4f53;font-size: 16px\">escolha de idioma diferente . tamb\u00e9m aceitamos OEM e ODM.&nbsp;<\/span><\/p>\n<\/div>\n<\/div>\n<p>&nbsp;<\/p>\n<div class=\"d-tem11-graphic tem11-graphic mockup\" data-detail=\"wrap\">\n<div class=\"tab_row\">\n<div class=\"img\" style=\"width: 50%\"><img loading=\"lazy\" decoding=\"async\" width=\"563\" height=\"682\" title=\"\" style=\"width: 563px;height: 682px\" alt=\"produto-Hommy-img\" src=\"https:\/\/www.hommy.com\/wp-content\/uploads\/15865861187157.png\" border=\"0\" vspace=\"0\"><\/div>\n<div class=\"text_box\" style=\"width: 50%\">\n<div class=\"txt\">\n<div class=\"title\">\n<h2><strong><span style=\"font-family: arial, helvetica, sans-serif;font-size: 24px\"><a name=\"Vending Sundae ice cream machine\"><\/a>M\u00e1quina de venda autom\u00e1tica de gelados Sundae<\/span><\/strong><\/h2>\n<\/div>\n<p>&nbsp;<\/p>\n<p style=\"margin-top:0;margin-right:0;margin-bottom:0;margin-left:0;text-indent:0;text-align:justify\"><span style=\"font-family:\u5b8b\u4f53;letter-spacing:0;font-size:14px\">1.3 sabores de gelado de sundae para escolher.<\/span><\/p>\n<p style=\"margin-top:0;margin-right:0;margin-bottom:0;margin-left:0;text-indent:0;text-align:justify\"><span style=\"font-family:\u5b8b\u4f53;letter-spacing:0;font-size:14px\">2. O interior pode conter cerca de 70 ch\u00e1venas e 70 colheres.<\/span><\/p>\n<p style=\"margin-top:0;margin-right:0;margin-bottom:0;margin-left:0;text-indent:0;text-align:justify\"><span style=\"font-family:\u5b8b\u4f53;letter-spacing:0;font-size:14px\">3. sistema de pagamento: Em moeda local - dinheiro \/ moeda met\u00e1lica \/ moeda de troca \/ cart\u00e3o de cr\u00e9dito \/ pagamento em linha.<\/span><\/p>\n<p style=\"margin-top:0;margin-right:0;margin-bottom:0;margin-left:0;text-indent:0;text-align:justify\"><span style=\"font-family:\u5b8b\u4f53;letter-spacing:0;font-size:14px\">4.<\/span><span style=\"font-family: Calibri;letter-spacing: 0px\">Controlador de ecr\u00e3 t\u00e1til de 10,1 polegadas semelhante a um tablet com<\/span><span style=\"font-family: \u5b8b\u4f53;letter-spacing: 0px\">&nbsp;<\/span><span style=\"font-family: Calibri;letter-spacing: 0px\">Sistema Android<\/span><\/p>\n<p style=\"margin-top:0;margin-right:0;margin-bottom:0;margin-left:0;text-indent:0;text-align:justify\"><span style=\"font-family:Calibri;letter-spacing:0;font-size:14px\">5. Estados da m\u00e1quina (temperatura da tremonha e do cilindro)<\/span><span style=\"font-family:\u5b8b\u4f53;letter-spacing:0;font-size:14px\">&nbsp;,<\/span><span style=\"font-family:Calibri;letter-spacing:0;font-size:14px\">defini\u00e7\u00e3o racionada, processo de produ\u00e7\u00e3o, erro, alerta de n\u00edvel de material, pre\u00e7o<\/span><span style=\"font-family:\u5b8b\u4f53;letter-spacing:0;font-size:14px\">)<\/span><\/p>\n<p style=\"margin-top:0;margin-right:0;margin-bottom:0;margin-left:0;text-indent:0;text-align:justify\"><span style=\"font-family:Calibri;letter-spacing:0;font-size:14px\">Controlo de dados (volume de vendas) ,&nbsp;<\/span><span style=\"font-family: Calibri;letter-spacing: 0px\">Controlo de distribui\u00e7\u00e3o,&nbsp;<\/span><span style=\"font-family: Calibri;letter-spacing: 0px\">Defini\u00e7\u00f5es da m\u00e1quina&nbsp;<\/span><span style=\"font-family: Calibri;letter-spacing: 0px\">Funcionamento inteligente<\/span><span style=\"font-family: Calibri;letter-spacing: 0px\">Fun\u00e7\u00e3o de envio de alerta para o telem\u00f3vel.<\/span><\/p>\n<p style=\"line-height: 1.75em\">6. o interior da m\u00e1quina tem mais fun\u00e7\u00f5es, o que pode ajud\u00e1-lo a economizar mais custos artificiais:<\/p>\n<p style=\"line-height: 1.75em\"><span style=\"text-align: justify;font-family: \u5b8b\u4f53;letter-spacing: 0px;font-size: 16px\">-<\/span><span style=\"text-align: justify;font-family: Calibri;letter-spacing: 0px;font-size: 16px\">O sistema de pr\u00e9-arrefecimento mant\u00e9m a mistura abaixo de 5<\/span><span style=\"text-align: justify;font-family: \u5b8b\u4f53;letter-spacing: 0px;font-size: 16px\">\u2103<\/span><span style=\"text-align: justify;font-family: Calibri;letter-spacing: 0px;font-size: 16px\">&nbsp;durante os modos autom\u00e1tico e de espera.<\/span><\/p>\n<p style=\"margin-top:0;margin-right:0;margin-bottom:0;margin-left:0;text-indent:0;text-align:justify\"><span style=\"font-family:\u5b8b\u4f53;letter-spacing:0;font-size:16px\">-<\/span><span style=\"font-family:Calibri;letter-spacing:0;font-size:16px\">A bomba de ar fornece a mistura com uma certa quantidade de ar aos cilindros de congela\u00e7\u00e3o.<\/span><\/p>\n<p style=\"margin-top:0;margin-right:0;margin-bottom:0;margin-left:0;text-indent:0;text-align:justify\"><span style=\"font-family:\u5b8b\u4f53;letter-spacing:0;font-size:16px\">-<\/span><span style=\"font-family:Calibri;letter-spacing:0;font-size:16px\">O misturador mant\u00e9m a uniformidade da mistura nas tremonhas.<\/span><\/p>\n<p style=\"margin-top:0;margin-right:0;margin-bottom:0;margin-left:0;text-indent:0;text-align:justify\"><span style=\"font-family:\u5b8b\u4f53;letter-spacing:0;font-size:16px\">-<\/span><span style=\"font-family:Calibri;letter-spacing:0;font-size:16px\">O tratamento t\u00e9rmico proporciona uma rotina de limpeza di\u00e1ria para manter o produto de acordo com as normas de qualidade e seguran\u00e7a at\u00e9 duas semanas antes da limpeza completa com desmontagem.<\/span><\/p>\n<p style=\"margin-top:0;margin-right:0;margin-bottom:0;margin-left:0;text-indent:0;text-align:justify\"><span style=\"font-family:\u5b8b\u4f53;letter-spacing:0;font-size:16px\">-<\/span><span style=\"font-family:Calibri;letter-spacing:0;font-size:16px\">Descongela\u00e7\u00e3o <\/span><\/p>\n<p style=\"margin-top:0;margin-right:0;margin-bottom:0;margin-left:0;text-indent:0;text-align:justify\"><span style=\"font-family:Calibri;letter-spacing:0;font-size:16px\">- A descongela\u00e7\u00e3o de produ\u00e7\u00e3o derrete rapidamente o produto em ambos os cilindros e volta ao modo de produ\u00e7\u00e3o para reproduzir. <\/span><\/p>\n<p style=\"margin-top:0;margin-right:0;margin-bottom:0;margin-left:0;text-indent:0;text-align:justify\"><span style=\"font-family:Calibri;letter-spacing:0;font-size:16px\">- A descongela\u00e7\u00e3o por lavagem derrete rapidamente o produto nos cilindros, o que reduz significativamente os restos antes da limpeza. <\/span><\/p>\n<p style=\"margin-top:0;margin-right:0;margin-bottom:0;margin-left:0;text-indent:0;text-align:justify\"><span style=\"font-family:\u5b8b\u4f53;letter-spacing:0;font-size:16px\">-<\/span><span style=\"font-family:Calibri;letter-spacing:0;font-size:16px\">Desinfe\u00e7\u00e3o<\/span><\/p>\n<p style=\"margin-top:0;margin-right:0;margin-bottom:0;margin-left:0;text-indent:0;text-align:justify\"><span style=\"font-family:Calibri;letter-spacing:0;font-size:16px\">- Fun\u00e7\u00e3o especial que torna o processo de higieniza\u00e7\u00e3o semi-autom\u00e1tico e f\u00e1cil.<\/span><\/p>\n<p style=\"margin-top:0;margin-right:0;margin-bottom:0;margin-left:0;text-indent:0;text-align:justify\"><span style=\"font-family:Calibri;letter-spacing:0;font-size:16px\">- N\u00e3o desmontar a m\u00e1quina para limpar a unidade de bloqueio da garganta, a unidade de bomba de ar, o batedor e o cilindro. <\/span><\/p>\n<p style=\"margin-top:0;margin-right:0;margin-bottom:0;margin-left:0;text-indent:0;text-align:justify\"><span style=\"font-family:\u5b8b\u4f53;letter-spacing:0;font-size:16px\">-<\/span><span style=\"font-family:Calibri;letter-spacing:0;font-size:16px\">O contador permite ao operador visualizar o n\u00famero de por\u00e7\u00f5es distribu\u00eddas.<\/span><\/p>\n<p style=\"line-height: 1.75em\"><span style=\"font-size: 18px\"><strong><br \/><\/strong><\/span><\/p>\n<p style=\"line-height: 1.75em\"><\/p>\n<p style=\"line-height: 1.75em\">&nbsp;<\/p>\n<\/div>\n<\/div>\n<\/div>\n<\/div>\n<p>&nbsp;<\/p>\n<div class=\"text-left d-tem09-title d-interval\" data-detail=\"wrap\">\n<div class=\"title-header\">\n<h2><strong><span style=\"font-family: arial, helvetica, sans-serif;font-size: 24px\"><a name=\"PRODUCT SPECIFICATION\"><\/a>ESPECIFICA\u00c7\u00c3O DO PRODUTO<\/span><\/strong><\/h2>\n<p><span>A excelente experi\u00eancia do cliente \u00e9 o ponto de partida da Hommy.<\/span><\/p>\n<p><span><img decoding=\"async\" src=\"https:\/\/www.hommy.com\/wp-content\/uploads\/15865866043625.png\" title=\"uploads\/www.hommy.com\/images\/https:\/\/www.hommy.com\/wp-content\/uploads\/15865866043625.png\" alt=\"imagem.png\" \/><\/span><\/p>\n<p><span><br \/><\/span><\/p>\n<h2><strong><span style=\"font-size: 24px;font-family: arial, helvetica, sans-serif\"><a name=\"PRODUCT SPECIFICATION\"><\/a>ESPECIFICA\u00c7\u00c3O DO PRODUTO<\/span><\/strong><br \/><\/h2>\n<p><\/p>\n<p>A Hommy produziu uma m\u00e1quina de gelados durante 20 anos de experi\u00eancia, a m\u00e1quina de venda autom\u00e1tica de gelados adiciona mais fun\u00e7\u00f5es de gelado suave, porque n\u00e3o h\u00e1 ningu\u00e9m para fazer o servi\u00e7o a toda a hora. baseamo-nos nesta adi\u00e7\u00e3o de mais sensores e usamos software para control\u00e1-la, que \u00e9 de boa qualidade e boa fun\u00e7\u00e3o.<\/p>\n<\/div>\n<\/div>\n<div class=\"d-tem01-graphic tem01-graphic mockup\" data-detail=\"wrap\">\n<div class=\"cont-section clearfix d-clearfix\">\n<div class=\"col-md-6 col-sm-6 col-xs-6\">\n<div class=\"right-p\">\n<div class=\"h2 heading\">Descongela\u00e7\u00e3o&nbsp;<\/div>\n<p><\/p>\n<p><span style=\"letter-spacing: 0px;font-family: \u5b8b\u4f53;font-size: 16px\">Quando a m\u00e1quina est\u00e1 a funcionar durante 1 hora e n\u00e3o vende gelado, o cilindro fica bloqueado durante algum tempo, configuramos o sistema de descongela\u00e7\u00e3o autom\u00e1tica, para que a m\u00e1quina possa continuar a funcionar e descongelar o gelo interior e fazer gelado ou iogurte congelado de boa qualidade.&nbsp;<\/span><\/p>\n<\/div>\n<div class=\"graphic_pic animated wow bounceIn\" data-wow-delay=\".7s\">\n<p style=\"text-align: center\"><img loading=\"lazy\" decoding=\"async\" width=\"393\" height=\"211\" title=\"\" style=\"width: 415px\" alt=\"produto-M\u00e1quina de venda autom\u00e1tica de mam\u00e3s -img\" src=\"https:\/\/www.hommy.com\/wp-content\/uploads\/15788853994504-3.png\"><\/p>\n<p><\/p>\n<p>&nbsp; &nbsp; &nbsp; &nbsp; &nbsp; &nbsp;<\/p><\/div>\n<\/div>\n<div class=\"col-md-6 col-sm-6 col-xs-6\">\n<div class=\"right-p\">\n<div class=\"h2 heading\">Bomba de ar&nbsp;<\/div>\n<div class=\"description\">\n<p><span style=\"letter-spacing: 0px;font-family: \u5b8b\u4f53;font-size: 16px\">Ajust\u00e1vel de 20% a 80%, reduz a gera\u00e7\u00e3o de cristais de gelo, faz com que o iogurte congelado (gelado) tenha um sabor suave e um aspeto branco; reduz a utiliza\u00e7\u00e3o de mat\u00e9rias-primas, aumenta os lucros<\/span><\/p>\n<p>.<\/p><\/div>\n<\/div>\n<div class=\"graphic_pic animated wow bounceIn\" data-wow-delay=\".7s\"><img loading=\"lazy\" decoding=\"async\" width=\"473\" height=\"228\" title=\"\" style=\"width: 473px\" alt=\"m\u00e1quina de venda autom\u00e1tica de produtos -Hommy-img\" src=\"https:\/\/www.hommy.com\/wp-content\/uploads\/15787019643805-3.png\"><br \/>\n &nbsp; &nbsp; &nbsp; &nbsp; &nbsp; &nbsp;<\/div>\n<\/div>\n<\/div>\n<\/div>\n<p>&nbsp;<\/p>\n<p>&nbsp;<\/p>\n<div class=\"d-tem01-graphic tem01-graphic mockup\" data-detail=\"wrap\">\n<div class=\"cont-section clearfix d-clearfix\">\n<div class=\"col-md-6 col-sm-6 col-xs-6\">\n<div class=\"right-p\">\n<div class=\"h2 heading\">Pasteuriza\u00e7\u00e3o&nbsp;<\/div>\n<div class=\"description\"><span style=\"letter-spacing: 0px;font-family: \u5b8b\u4f53;font-size: 16px\">Se vender gelados \u00e0 noite, o sistema de configura\u00e7\u00e3o autom\u00e1tica Pasteuriza\u00e7\u00e3o : Pode matar <\/span><span style=\"font-family: Calibri;font-size: 16px\">a bact\u00e9ria <\/span><span style=\"font-family: \u5b8b\u4f53;font-size: 16px\">que <\/span><span style=\"font-family: Calibri;font-size: 16px\">produzir<\/span><span style=\"font-family: \u5b8b\u4f53;font-size: 16px\">&nbsp;<\/span><span style=\"font-family: Calibri;font-size: 16px\">no interior da m\u00e1quina<\/span><span style=\"font-family: \u5b8b\u4f53;font-size: 16px\">&nbsp;de -5<\/span><span style=\"font-family: \u5b8b\u4f53;font-size: 16px\">\u2103<\/span><span style=\"font-family: \u5b8b\u4f53;font-size: 16px\">&nbsp;<\/span><span style=\"font-family: Arial;font-size: 16px\">\u2192<\/span><span style=\"font-family: \u5b8b\u4f53;font-size: 16px\">&nbsp;<\/span><span style=\"font-family: \u5b8b\u4f53;font-size: 16px\">65<\/span><span style=\"font-family: \u5b8b\u4f53;font-size: 16px\">\u2103<\/span><span style=\"font-family: Arial;font-size: 16px\">\u2192<\/span><span style=\"font-family: \u5b8b\u4f53;font-size: 16px\">&nbsp;-5<\/span><span style=\"font-family: \u5b8b\u4f53;font-size: 16px\">\u2103<\/span><span style=\"font-family: Calibri;font-size: 16px\">processo<\/span><span style=\"font-family: \u5b8b\u4f53;font-size: 16px\">&nbsp;(desinfetar o cilindro de carga e a mat\u00e9ria-prima no interior, depois refrigerar at\u00e9 ao estado de reserva).&nbsp;<\/span>&nbsp;&nbsp;&nbsp;&nbsp;&nbsp;&nbsp;&nbsp;&nbsp;&nbsp;&nbsp;&nbsp;&nbsp;<\/p>\n<p style=\"text-align: center\"><img decoding=\"async\" title=\"\" alt=\"produto-HM931S m\u00e1quina de venda autom\u00e1tica de gelados de sundae-Hommy-img\" src=\"https:\/\/www.hommy.com\/wp-content\/uploads\/15787019009152-3.png\"><\/p>\n<\/div>\n<\/div>\n<\/div>\n<div class=\"col-md-6 col-sm-6 col-xs-6\">\n<div class=\"right-p\">\n<div class=\"h2 heading\">Deixar o sensor<\/div>\n<div class=\"description\"><span style=\"font-family: \u5b8b\u4f53;font-size: 16px\">Deixar o sensor ter <\/span><span style=\"font-family: Calibri;font-size: 16px\">Segunda fase, a primeira fase do alarme de n\u00edvel de material em falta, a segunda fase do encerramento autom\u00e1tico.<\/span><span style=\"font-family: \u5b8b\u4f53;font-size: 16px\">&nbsp;Quando receber a primeira mensagem, tem algum tempo para adicionar material, n\u00e3o precisa de deixar a m\u00e1quina parar para a trabalhar. <\/span><\/div>\n<\/div>\n<div class=\"graphic_pic animated wow bounceIn\" data-wow-delay=\".7s\">\n<p style=\"text-align: center\"><img loading=\"lazy\" decoding=\"async\" width=\"473\" height=\"306\" title=\"\" style=\"width: 203px\" alt=\"produto-Hommy-img\" src=\"https:\/\/www.hommy.com\/wp-content\/uploads\/15788874673345-3.jpg\"><\/p>\n<\/div>\n<\/div>\n<\/div>\n<\/div>\n<p><\/p>\n<p>&nbsp;<\/p>\n<div class=\"d-tem01-graphic tem01-graphic mockup\" data-detail=\"wrap\">\n<div class=\"cont-section clearfix d-clearfix\">\n<div class=\"col-md-6 col-sm-6 col-xs-6\">\n<div class=\"right-p\">\n<div class=\"h2 heading\">Fun\u00e7\u00e3o de promo\u00e7\u00e3o<\/div>\n<div class=\"description\">\n<p style=\"font-family: Calibri;font-size: 16px;font-style: normal;font-weight: normal;margin-top: 0px;margin-bottom: 0px\"><span style=\"font-family: \u5b8b\u4f53;font-size: 16px\">A m\u00e1quina tem no seu interior uma fun\u00e7\u00e3o de promo\u00e7\u00e3o, pode configurar a promo\u00e7\u00e3o a qualquer altura, do dia para a hora, tudo o que quiser. <\/span><\/p>\n<p style=\"margin: 1em 0px 13px\"><span style=\"font-family: \u5b8b\u4f53;font-size: 16px\"><span>&nbsp;&nbsp;&nbsp;Isso pode ajud\u00e1-lo a adicionar a quantidade vendida.<\/span><\/span><\/p>\n<\/div>\n<\/div>\n<div class=\"graphic_pic animated wow bounceIn\" data-wow-delay=\".7s\">\n<p style=\"text-align: center\"><img decoding=\"async\" title=\"\" alt=\"produto-Hommy-img-1\" src=\"https:\/\/www.hommy.com\/wp-content\/uploads\/15788858121941-3.png\"><\/p>\n<\/div>\n<\/div>\n<div class=\"col-md-6 col-sm-6 col-xs-6\">\n<div class=\"right-p\">\n<div class=\"h2 heading\">L\u00edngua diferente<\/div>\n<div class=\"description\">\n<p style=\"font-family: Calibri;font-size: 16px;font-style: normal;font-weight: normal;margin-top: 0px;margin-bottom: 0px\"><span style=\"font-family: \u5b8b\u4f53;font-size: 16px\">O interior da m\u00e1quina tem mais idiomas \u00e0 escolha: chin\u00eas, ingl\u00eas, polaco, Ar\u00e1bia Saudita, Mal\u00e1sia, Tail\u00e2ndia, Espanha.<\/span><\/p>\n<p>.<\/p><\/div>\n<\/div>\n<div class=\"graphic_pic animated wow bounceIn\" data-wow-delay=\".7s\">\n<p style=\"text-align: center\"><img loading=\"lazy\" decoding=\"async\" width=\"404\" height=\"209\" title=\"\" style=\"width: 271px\" alt=\"produto-Hommy-HM931S m\u00e1quina de venda autom\u00e1tica de gelados de sundae-img-1\" src=\"https:\/\/www.hommy.com\/wp-content\/uploads\/15788858317746-3.png\"><\/p>\n<\/div>\n<\/div>\n<\/div>\n<\/div>\n<p>Documento\uff1a<img decoding=\"async\" src=\"https:\/\/www.hommy.com\/wp-content\/uploads\/icon_pdf-6.gif\" style=\"margin-right: 2px\" alt=\"produto-M\u00e1quina de venda autom\u00e1tica de mam\u00e3s -img-1\" title=\"\"><a href=\"https:\/\/img80002414.weyesimg.com\/uploads\/www.hommy.com\/addon\/16028339783025.pdf\" title=\"16028339783025.pdf\" style=\"font-size: 12px\">16028339783025.pdf<\/a><\/p>\n<h2>\u00c9 <a style=\"color:blue\" href=\"\/pt\/\">m\u00e1quina de gelados<\/a> vale o dinheiro?<\/h2>\n<p style=\"margin-top: 5px;margin-bottom: 5px\">O meu filho \u00e9 um grande f\u00e3 de gelados. Ele gosta porque sabe a gelado e porque pode p\u00f4r-lhe coberturas. Quando vamos \u00e0 loja, ele pede sempre gelado de baunilha com pepitas de chocolate, calda de chocolate e granulado de chocolate, mas tenho andado a pensar em comprar-lhe uma m\u00e1quina de fazer gelados em casa. Acho que seria fixe poder fazer o meu pr\u00f3prio gelado, ou fazer o dele.<\/p>\n<p style=\"margin-top: 5px;margin-bottom: 5px\"><\/p>\n<h2>Quanto custa fazer o seu pr\u00f3prio gelo?<\/h2>\n<p style=\"margin-top: 5px;margin-bottom: 5px\">O gelo \u00e9 uma \u00f3ptima forma de arrefecer bebidas e alimentos. Na maioria das vezes, quando as pessoas fazem gelo, utilizam uma m\u00e1quina que faz o trabalho por elas. Existem muitos tipos de m\u00e1quinas de gelo que podem ser utilizadas para criar gelo, nomeadamente: M\u00e1quinas de gelo dom\u00e9sticas Existem muitas m\u00e1quinas de gelo dom\u00e9sticas que as pessoas podem comprar ou construir elas pr\u00f3prias. A maioria destas m\u00e1quinas produz grandes quantidades de gelo de cada vez. Isto \u00e9 \u00f3timo para festas e reuni\u00f5es. Se quiser fazer o seu pr\u00f3prio gelo em casa, \u00e9 f\u00e1cil faz\u00ea-lo e existem muitos tutoriais sobre como o fazer.<\/p>\n<p style=\"margin-top: 5px;margin-bottom: 5px\"><\/p>\n<h2>S\u00e3o <a style=\"color:blue\" href=\"https:\/\/www.hommy.com\/pt\/maquina-de-venda-automatica\/\">m\u00e1quina de venda autom\u00e1tica de gelados<\/a>\u00e9 rent\u00e1vel?<\/h2>\n<p style=\"margin-top: 5px;margin-bottom: 5px\">As m\u00e1quinas de venda autom\u00e1tica de gelados s\u00e3o muito lucrativas para os propriet\u00e1rios das m\u00e1quinas. As pessoas adoram gelados e est\u00e3o dispostas a pagar por eles. As margens de lucro destas m\u00e1quinas s\u00e3o mais elevadas do que as de outras m\u00e1quinas. As m\u00e1quinas de venda autom\u00e1tica de gelados s\u00e3o utilizadas pelas massas para satisfazer os seus desejos de gelado. Estas m\u00e1quinas s\u00e3o capazes de fornecer todos os tipos de sabores de gelado que as pessoas podem desfrutar em casa. Estas m\u00e1quinas s\u00e3o muito utilizadas em col\u00e9gios, aeroportos, caf\u00e9s e lojas de conveni\u00eancia. As m\u00e1quinas de venda autom\u00e1tica de gelados est\u00e3o equipadas com diferentes sabores de gelados e outros tipos de produtos.<\/p>\n<\/p><\/div>","protected":false},"excerpt":{"rendered":"<p>&nbsp;Vending sundae ice cream machine Vending sundae ice cream machine|RODUCT FEATURES|Vending Sundae ice cream machine|PRODUCT SPECIFICATION|PRODUCT SPECIFICATION Our wide range of quality-approved Ice Cream Self Vending Machine ensures that the produced ice creams, milk shakes, are of unmatched quality and that you can be certain of their taste, texture, and aroma. Our production of Ice [&hellip;]<\/p>\n","protected":false},"featured_media":251,"comment_status":"open","ping_status":"open","template":"","meta":{"_swt_meta_header_display":false,"_swt_meta_footer_display":false,"_swt_meta_site_title_display":false,"_swt_meta_sticky_header":false,"_swt_meta_transparent_header":false},"product_brand":[],"product_cat":[71,68],"product_tag":[],"class_list":{"0":"post-260","1":"product","2":"type-product","3":"status-publish","4":"has-post-thumbnail","6":"product_cat-ice-cream-vending-machine","7":"product_cat-vending-machine","9":"first","10":"instock","11":"shipping-taxable","12":"product-type-simple"},"_links":{"self":[{"href":"https:\/\/www.hommy.com\/pt\/wp-json\/wp\/v2\/product\/260","targetHints":{"allow":["GET"]}}],"collection":[{"href":"https:\/\/www.hommy.com\/pt\/wp-json\/wp\/v2\/product"}],"about":[{"href":"https:\/\/www.hommy.com\/pt\/wp-json\/wp\/v2\/types\/product"}],"replies":[{"embeddable":true,"href":"https:\/\/www.hommy.com\/pt\/wp-json\/wp\/v2\/comments?post=260"}],"wp:featuredmedia":[{"embeddable":true,"href":"https:\/\/www.hommy.com\/pt\/wp-json\/wp\/v2\/media\/251"}],"wp:attachment":[{"href":"https:\/\/www.hommy.com\/pt\/wp-json\/wp\/v2\/media?parent=260"}],"wp:term":[{"taxonomy":"product_brand","embeddable":true,"href":"https:\/\/www.hommy.com\/pt\/wp-json\/wp\/v2\/product_brand?post=260"},{"taxonomy":"product_cat","embeddable":true,"href":"https:\/\/www.hommy.com\/pt\/wp-json\/wp\/v2\/product_cat?post=260"},{"taxonomy":"product_tag","embeddable":true,"href":"https:\/\/www.hommy.com\/pt\/wp-json\/wp\/v2\/product_tag?post=260"}],"curies":[{"name":"wp","href":"https:\/\/api.w.org\/{rel}","templated":true}]}}