{"id":250,"date":"2024-07-02T12:21:26","date_gmt":"2024-07-02T12:21:26","guid":{"rendered":"http:\/\/localhost\/hommywp\/hm116t-hot-sale-types-of-soft-ice-cream-vending-machines-wholesale\/"},"modified":"2025-08-01T09:57:30","modified_gmt":"2025-08-01T09:57:30","slug":"maquina-de-venda-automatica-de-gelados-de-mesa","status":"publish","type":"product","link":"https:\/\/www.hommy.com\/pt\/p\/maquina-de-venda-automatica-de-gelados-de-mesa\/","title":{"rendered":"HM116T Venda quente Tipos de m\u00e1quinas de venda autom\u00e1tica de sorvete expresso Atacado"},"content":{"rendered":"<div>\n<p style=\"text-align: center\"><span style=\"font-size: 20px\"><br \/><\/span><\/p>\n<h2 style=\"text-align: center\"><strong><span style=\"font-family: arial, helvetica, sans-serif;font-size: 24px\">Venda autom\u00e1tica de mesa <a style=\"color:blue\" href=\"\/pt\/\">m\u00e1quina de gelados<\/a><\/span><\/strong><\/h2>\n<p style=\"text-align: center\"><span style=\"font-size: 16px;font-family: arial, helvetica, sans-serif\"><a href=\"#PRODUCT FEATURES\" target=\"_self\" data-lv=\"0\" rel=\"noopener\">CARACTER\u00cdSTICAS DO PRODUTO<\/a>|<a href=\"#Table top vending ice cream machine\" target=\"_self\" data-lv=\"0\" rel=\"noopener\">M\u00e1quina de venda autom\u00e1tica de gelados de mesa<\/a>|<a href=\"#PRODUCT SPECIFICATION\" target=\"_self\" data-lv=\"0\" rel=\"noopener\">ESPECIFICA\u00c7\u00c3O DO PRODUTO<\/a>|<a href=\"#PRODUCT ADVANTAGE\" target=\"_self\" data-lv=\"0\" rel=\"noopener\">VANTAGEM DO PRODUTO<\/a>|<a href=\"#Table top vending ice cream machine\" target=\"_self\" data-lv=\"0\" rel=\"noopener\">M\u00e1quina de venda autom\u00e1tica de gelados de mesa<\/a><\/span><\/p>\n<p><span style=\"font-size: 20px\"><br \/><\/span><\/p>\n<p><!-- Video start --><video poster=\"https:\/\/img80002414.weyesimg.com\/uploads\/wij2rdgc.allweyes.com\/video\/15553973509836.mp4?vframe\/jpg\/offset\/1\" id=\"video\" preload=\"auto\" controls=\"controls\" style=\"width:100%;height:510px\"><\/video><!-- Video end --><\/p>\n<p><!-- Video start --><video poster=\"https:\/\/img80002414.weyesimg.com\/uploads\/wij2rdgc.allweyes.com\/video\/15553974149008.mp4?vframe\/jpg\/offset\/1\" id=\"video\" preload=\"auto\" controls=\"controls\" style=\"width:100%;height:510px\"><\/video><!-- Video end --><\/p>\n<div class=\"text-left d-tem09-title d-interval\" data-detail=\"wrap\">\n<p><h2><strong><span style=\"font-size: 24px;font-family: arial, helvetica, sans-serif\"><\/span><\/strong><\/h2>\n<p>Se adora gelado creme mas detesta as longas filas na sua geladaria favorita, ent\u00e3o precisa de um gelado creme de mesa <a style=\"color:blue\" href=\"https:\/\/www.hommy.com\/pt\/maquina-de-venda-automatica\/\">m\u00e1quina de venda autom\u00e1tica de gelados<\/a> da nossa atividade.<\/p>\n<p>Quer esteja \u00e0 procura de um modelo de mesa para a sua gelataria ou de um modelo de ch\u00e3o para a sua loja de conveni\u00eancia, temos tudo o que precisa. Oferecemos uma grande variedade de m\u00e1quinas de venda autom\u00e1tica de gelado soft para escolher, por isso \u00e9 certo que vai encontrar o perfeito para o seu neg\u00f3cio.<\/p>\n<p>Os nossos modelos de mesa s\u00e3o perfeitos para gelatarias, stands de concess\u00e3o e outros neg\u00f3cios com espa\u00e7o limitado. Se tiver um neg\u00f3cio maior, ou se estiver \u00e0 procura de uma m\u00e1quina que possa lidar com maiores volumes de clientes, ent\u00e3o os nossos modelos de ch\u00e3o s\u00e3o uma \u00f3ptima op\u00e7\u00e3o. Independentemente do modelo que escolher, pode ter a certeza de que est\u00e1 a adquirir uma m\u00e1quina fi\u00e1vel e de alta qualidade. Para mais informa\u00e7\u00f5es sobre como as nossas m\u00e1quinas de venda autom\u00e1tica podem ajudar a aumentar as suas vendas, contacte-nos hoje mesmo.<\/p>\n<h2><strong><span style=\"font-size: 24px;font-family: arial, helvetica, sans-serif\"><a name=\"PRODUCT FEATURES\"><\/a>CARACTER\u00cdSTICAS DO PRODUTO<\/span><\/strong><\/h2>\n<div class=\"subtitle\"><span>A f\u00e1brica da Hommy ocupa uma \u00e1rea de 30500 metros quadrados na cidade de Xinhui Jiangmen, incluindo linhas de produ\u00e7\u00e3o flex\u00edveis, laborat\u00f3rio de I&amp;D, centro de aprendizagem e oficina equipada com equipamento de ponta.<\/span><\/div>\n<\/p>\n<\/div>\n<p>&nbsp;<\/p>\n<div class=\"d-tem11-graphic tem11-graphic mockup\" data-detail=\"wrap\">\n<div class=\"tab_row\">\n<div class=\"img\" style=\"width: 50%\"><img decoding=\"async\" title=\"\" alt=\"produto-HM116T M\u00e1quina de venda autom\u00e1tica de gelados de mesa-Hommy-img\" src=\"https:\/\/www.hommy.com\/wp-content\/uploads\/15553978716753.jpg\"><\/div>\n<div class=\"text_box\" style=\"width: 50%\">\n<div class=\"txt\">\n<p><strong style=\"color: inherit;font-family: inherit;font-size: 30px\"><span style=\"font-family: arial, helvetica, sans-serif;font-size: 24px\"><a name=\"Table top vending ice cream machine\"><\/a>M\u00e1quina de venda autom\u00e1tica de gelados de mesa<\/span><\/strong><\/p>\n<p>&nbsp;<\/p>\n<p style=\"line-height: 1.5em\">Controlador de ecr\u00e3 t\u00e1til de 10,1 polegadas semelhante a um tablet com sistema Android<br \/>Estados da m\u00e1quina (temperatura da tremonha e do cilindro, regula\u00e7\u00e3o do racionamento, processo de produ\u00e7\u00e3o, erro, alerta de n\u00edvel de material, pre\u00e7o)<br \/>Controlo de dados (volume de vendas)<br \/>Controlo de distribui\u00e7\u00e3o<br \/>Defini\u00e7\u00f5es da m\u00e1quina<br \/>Funcionamento inteligente<br \/>Fun\u00e7\u00e3o de envio de alerta para telem\u00f3vel<br \/>O interior da m\u00e1quina tem mais fun\u00e7\u00f5es, o que pode ajud\u00e1-lo a economizar mais custos artificiais: <br \/>O sistema de pr\u00e9-arrefecimento mant\u00e9m a mistura abaixo de 5 \u2103 durante os modos autom\u00e1tico e de espera.<br \/>O misturador mant\u00e9m a uniformidade da mistura nas tremonhas.<br \/>O tratamento t\u00e9rmico proporciona uma rotina de limpeza di\u00e1ria para manter o produto de acordo com as normas de qualidade e seguran\u00e7a at\u00e9 duas semanas antes da limpeza completa com desmontagem.<br \/><span style=\"font-size: 18px\"><strong><br \/><\/strong><\/span><\/p>\n<p style=\"line-height: 1.5em\"><span style=\"font-size: 18px\"><strong>Descongela\u00e7\u00e3o<\/strong><\/span> <br \/>A descongela\u00e7\u00e3o de produ\u00e7\u00e3o derrete rapidamente o produto em ambos os cilindros e volta ao modo de produ\u00e7\u00e3o para reproduzir. <br \/>A descongela\u00e7\u00e3o por lavagem derrete rapidamente o produto nos cilindros, o que reduz significativamente os restos antes da limpeza. <br \/><span style=\"font-size: 18px\"><strong><br \/><\/strong><\/span><\/p>\n<p style=\"line-height: 1.5em\"><span style=\"font-size: 18px\"><strong>Desinfe\u00e7\u00e3o<\/strong><\/span><br \/>Fun\u00e7\u00e3o especial que torna o processo de higieniza\u00e7\u00e3o semi-autom\u00e1tico e f\u00e1cil.<br \/>N\u00e3o desmontar a m\u00e1quina para limpar a unidade de bloqueio da garganta, a unidade de bomba de ar, o batedor e o cilindro. <br \/>O contador permite ao operador visualizar o n\u00famero de por\u00e7\u00f5es distribu\u00eddas.<\/p>\n<p>&nbsp;<\/p>\n<\/div>\n<\/div>\n<\/div>\n<\/div>\n<p>&nbsp; &nbsp; &nbsp; &nbsp;<\/p>\n<p>&nbsp; &nbsp; &nbsp;<\/p>\n<h2><span style=\"font-size: 24px\">&nbsp; &nbsp;<strong><span style=\"font-family: arial, helvetica, sans-serif;font-size: 24px\"><a name=\"PRODUCT SPECIFICATION\"><\/a>ESPECIFICA\u00c7\u00c3O DO PRODUTO<\/span><\/strong><\/span><\/h2>\n<p><span>&nbsp; &nbsp; &nbsp;A excelente experi\u00eancia do cliente \u00e9 o ponto de partida da Hommy.<\/span><\/p>\n<div class=\"text-left d-tem09-title d-interval\" data-detail=\"wrap\">\n<div class=\"title-header\">\n<p><span style=\"font-size: 24px\"><img decoding=\"async\" src=\"https:\/\/www.hommy.com\/wp-content\/uploads\/15866026037065.png\" title=\"uploads\/www.hommy.com\/images\/https:\/\/www.hommy.com\/wp-content\/uploads\/15866026037065.png\" alt=\"imagem.png\" \/><\/span><\/p>\n<p><span style=\"font-size: 24px\"><br \/><\/span><\/p>\n<h2><strong><span style=\"font-size: 24px;font-family: arial, helvetica, sans-serif\"><a name=\"PRODUCT ADVANTAGE\"><\/a>VANTAGEM DO PRODUTO<\/span><\/strong><br \/><\/h2>\n<div class=\"subtitle\"><span>Al\u00e9m disso, engenheiros altamente qualificados, tecn\u00f3logos competentes e pessoal experiente contribuem muito para o desenvolvimento da empresa.<\/span><\/div>\n<\/div>\n<\/div>\n<p><\/p>\n<div class=\"d-tem04-promotion d-tem01-promotion mockup\" data-detail=\"wrap\">\n<div class=\"cont-section\">\n<div class=\"main\">\n<div class=\"header text-center\">\n<h2><strong><span style=\"font-family: arial, helvetica, sans-serif;font-size: 24px\"><a name=\"Table top vending ice cream machine\"><\/a>M\u00e1quina de venda autom\u00e1tica de gelados de mesa<\/span><\/strong><\/h2>\n<div class=\"subtitle\" style=\"text-align: left\">\n<p><\/p>\n<p style=\"line-height: 2em\"><strong><span><\/span><\/strong>Descongela\u00e7\u00e3o: quando a m\u00e1quina est\u00e1 a funcionar durante 1 hora e n\u00e3o vende gelado, o cilindro fica bloqueado durante algum tempo, configuramos o sistema de descongela\u00e7\u00e3o autom\u00e1tica, para que a m\u00e1quina possa continuar a funcionar e descongelar o gelo interior e fazer gelado ou iogurte congelado de boa qualidade.<\/p>\n<p style=\"line-height: 2em\"><strong><span><\/span><\/strong>O incens\u00e1rio tem uma segunda fase, a primeira fase de alarme de n\u00edvel de material em falta, a segunda fase de paragem autom\u00e1tica. Quando receber a primeira mensagem, tem algum tempo para adicionar material, n\u00e3o precisa de deixar a m\u00e1quina parar para trabalhar.<\/p>\n<p style=\"line-height: 2em\"><strong><span><\/span><\/strong>A m\u00e1quina tem uma fun\u00e7\u00e3o de promo\u00e7\u00e3o, que pode ser configurada de segunda a sexta-feira, das 10:00 \u00e0s 12:00, para comprar gelado com algum desconto<br \/>\n &nbsp; Isso pode ajud\u00e1-lo a adicionar a quantidade vendida.<\/p>\n<p style=\"line-height: 2em\"><strong><span><\/span><\/strong>O interior da m\u00e1quina tem mais idiomas \u00e0 escolha: chin\u00eas, ingl\u00eas, polaco, Ar\u00e1bia Saudita, Mal\u00e1sia, Tail\u00e2ndia, Espanha.<\/p>\n<\/div>\n<\/div>\n<\/div>\n<\/div>\n<\/div>\n<p>&nbsp;Documento\uff1a<img decoding=\"async\" src=\"https:\/\/www.hommy.com\/wp-content\/uploads\/icon_pdf-5.gif\" style=\"margin-right: 2px\" alt=\"produto-Hommy-img\" title=\"\"><a href=\"https:\/\/img80002414.weyesimg.com\/uploads\/www.hommy.com\/addon\/16028346312026.pdf\" title=\"16028346312026.pdf\" style=\"font-size: 12px\">16028346312026.pdf<\/a><\/p>\n<h2 style=\"font-family: sans-serif\">As m\u00e1quinas de gelados fazem servi\u00e7o suave?<\/h2>\n<p style=\"margin-top: 5px;margin-bottom: 5px;font-family: sans-serif;font-size: 16px\">A resposta curta: sim, o moderno f\u00e1-lo. De facto, s\u00e3o t\u00e3o boas que acabaram de comprar uma nova, e h\u00e1 uma raz\u00e3o para isso. A resposta longa... j\u00e1 experimentei v\u00e1rios tipos de m\u00e1quinas de gelado. Esta pequena KitchenAid faz gelados deliciosos e cremosos - mas n\u00e3o \u00e9 disso que estou a falar, pois o que estou a falar \u00e9 de fazer gelados sem uma m\u00e1quina de gelados.<\/p>\n<p style=\"margin-top: 5px;margin-bottom: 5px;font-family: sans-serif;font-size: 16px\"><\/p>\n<h2 style=\"font-family: sans-serif\">Quanto custa um <a style=\"color:blue\" href=\"https:\/\/www.hommy.com\/pt\/maquina-de-gelado-soft\/\">m\u00e1quina de gelado soft<\/a>?<\/h2>\n<p style=\"margin-top: 5px;margin-bottom: 5px;font-family: sans-serif;font-size: 16px\">\u00c9 sem d\u00favida um artigo de luxo. O pre\u00e7o de retalho de um <a style=\"color:blue\" href=\"\/pt\/\">m\u00e1quina de gelados<\/a> O pre\u00e7o come\u00e7a normalmente a partir de $50 e varia entre $150 e $300, consoante as carater\u00edsticas e o design do produto. Quanto mais carater\u00edsticas e desenhos o fabricante apresentar, mais elevado ser\u00e1 o pre\u00e7o. Mas n\u00e3o se preocupe, porque o seu dinheiro vai valer a pena!<\/p>\n<p style=\"margin-top: 5px;margin-bottom: 5px;font-family: sans-serif;font-size: 16px\"><\/p>\n<h2 style=\"font-family: sans-serif\">Quanto custa uma m\u00e1quina de peluches?<\/h2>\n<p style=\"margin-top: 5px;margin-bottom: 5px;font-family: sans-serif;font-size: 16px\">Uma das perguntas mais comuns feitas na San Diego Comic Con e noutras conven\u00e7\u00f5es de banda desenhada, onde tenho oportunidade de ver e vender novos artigos pela primeira vez, \u00e9: \"Quanto custa isso? \"Quanto custa isso?\", dizem, olhando para o que t\u00eam na m\u00e3o. \"Quanto custa uma caixa cor-de-rosa grande?\"<\/p>\n<p style=\"margin-top: 5px;margin-bottom: 5px;font-family: sans-serif;font-size: 16px\">Normalmente, \u00e9 uma caixa pequena de um objeto e o que cont\u00e9m \u00e9 apenas uma coisa numa caixa. Pode ser um boneco de a\u00e7\u00e3o, uma t-shirt, uma banda desenhada, um jogo, um poster, uma t-shirt ou um peluche ou mesmo apenas um brinquedo fant\u00e1stico, dependendo do que a pessoa que o compra tem em mente. A pergunta \u00e9 normalmente feita sobre uma caixa ou um conjunto de coisas numa caixa e normalmente perguntam-me quanto custa a caixa, o que normalmente s\u00f3 \u00e9 perguntado e respondido no caso de compras em conven\u00e7\u00f5es, uma vez que tenho pre\u00e7os definidos para as caixas<\/p>\n<\/div><\/div>","protected":false},"excerpt":{"rendered":"<p>Table top vending ice cream machine PRODUCT FEATURES|Table top vending ice cream machine|PRODUCT SPECIFICATION|PRODUCT ADVANTAGE|Table top vending ice cream machine If you love soft ice cream but hate the long lines at your favorite ice cream shop, then you need a table top soft ice cream vending machine from our business. Whether you\u2019re looking for [&hellip;]<\/p>\n","protected":false},"featured_media":247,"comment_status":"open","ping_status":"open","template":"","meta":{"_swt_meta_header_display":false,"_swt_meta_footer_display":false,"_swt_meta_site_title_display":false,"_swt_meta_sticky_header":false,"_swt_meta_transparent_header":false},"product_brand":[],"product_cat":[71,68],"product_tag":[],"class_list":{"0":"post-250","1":"product","2":"type-product","3":"status-publish","4":"has-post-thumbnail","6":"product_cat-ice-cream-vending-machine","7":"product_cat-vending-machine","9":"first","10":"instock","11":"shipping-taxable","12":"product-type-simple"},"_links":{"self":[{"href":"https:\/\/www.hommy.com\/pt\/wp-json\/wp\/v2\/product\/250","targetHints":{"allow":["GET"]}}],"collection":[{"href":"https:\/\/www.hommy.com\/pt\/wp-json\/wp\/v2\/product"}],"about":[{"href":"https:\/\/www.hommy.com\/pt\/wp-json\/wp\/v2\/types\/product"}],"replies":[{"embeddable":true,"href":"https:\/\/www.hommy.com\/pt\/wp-json\/wp\/v2\/comments?post=250"}],"wp:featuredmedia":[{"embeddable":true,"href":"https:\/\/www.hommy.com\/pt\/wp-json\/wp\/v2\/media\/247"}],"wp:attachment":[{"href":"https:\/\/www.hommy.com\/pt\/wp-json\/wp\/v2\/media?parent=250"}],"wp:term":[{"taxonomy":"product_brand","embeddable":true,"href":"https:\/\/www.hommy.com\/pt\/wp-json\/wp\/v2\/product_brand?post=250"},{"taxonomy":"product_cat","embeddable":true,"href":"https:\/\/www.hommy.com\/pt\/wp-json\/wp\/v2\/product_cat?post=250"},{"taxonomy":"product_tag","embeddable":true,"href":"https:\/\/www.hommy.com\/pt\/wp-json\/wp\/v2\/product_tag?post=250"}],"curies":[{"name":"wp","href":"https:\/\/api.w.org\/{rel}","templated":true}]}}