{"id":246,"date":"2024-07-02T12:21:20","date_gmt":"2024-07-02T12:21:20","guid":{"rendered":"http:\/\/localhost\/hommywp\/milk-shake-vending-machine-manufacturers-for-franchise-business\/"},"modified":"2025-08-01T09:57:28","modified_gmt":"2025-08-01T09:57:28","slug":"maquina-de-venda-automatica-de-gelados-de-2-sabores","status":"publish","type":"product","link":"https:\/\/www.hommy.com\/pt\/p\/maquina-de-venda-automatica-de-gelados-de-2-sabores\/","title":{"rendered":"Fabricantes de m\u00e1quinas de venda autom\u00e1tica de Milk Shake para neg\u00f3cios de franquia"},"content":{"rendered":"<div>\n<p style=\"text-align: center\"><\/p>\n<h2 style=\"text-align: center\"><strong><span style=\"font-family: arial, helvetica, sans-serif;font-size: 24px\"><a name=\" 2 flavour Vending ice cream machine\"><\/a>&nbsp;<span style=\"font-family: arial, helvetica, sans-serif;line-height: 1.42857\">2 sabores Vending <a style=\"color:blue\" href=\"\/pt\/\">m\u00e1quina de gelados<\/a><\/span><\/span><\/strong><\/h2>\n<p style=\"text-align: center\"><span style=\"font-size: 16px\"><span style=\"font-family: arial, helvetica, sans-serif;line-height: 1.42857\"><a href=\"#PRODUCT FEATURES\" target=\"_self\" data-lv=\"0\" rel=\"noopener\">CARACTER\u00cdSTICAS DO PRODUTO<\/a>|<a href=\"#2 flavour Vending ice cream machine\" target=\"_self\" data-lv=\"0\" rel=\"noopener\">M\u00e1quina de venda autom\u00e1tica de gelados de 2 sabores<\/a>|<a href=\"#PRODUCT SPECIFICATION\" target=\"_self\" data-lv=\"0\" rel=\"noopener\">ESPECIFICA\u00c7\u00c3O DO PRODUTO<\/a>|<a href=\"#PRODUCT ADVANTAGE\" target=\"_self\" data-lv=\"0\" rel=\"noopener\">VANTAGEM DO PRODUTO<\/a>|<a href=\"#2 flavour+1mix Vending ice cream machine\" target=\"_self\" data-lv=\"0\" rel=\"noopener\">2 sabores+1 mistura M\u00e1quina de venda autom\u00e1tica de gelados<\/a><\/span><\/span><\/p>\n<p><span style=\"font-size: 20px;line-height: 1.42857\"><br \/><\/span><\/p>\n<p><span style=\"font-size: 20px;line-height: 1.42857\"><br \/><\/span><\/p>\n<p><!-- Video start --><video poster=\"https:\/\/img80002414.weyesimg.com\/uploads\/wij2rdgc.allweyes.com\/video\/15553866867786.mp4?vframe\/jpg\/offset\/1\" id=\"video\" preload=\"auto\" controls=\"controls\" style=\"width:100%;height:510px\"><\/video><!-- Video end --><\/p>\n<div class=\"text-left d-tem09-title d-interval\" data-detail=\"wrap\">\n<p><h2><strong><span style=\"font-size: 24px;font-family: arial, helvetica, sans-serif\"><\/span><\/strong><\/h2>\n<p>Esta m\u00e1quina de venda autom\u00e1tica de Milk Shake de alta qualidade \u00e9 conhecida pela sua constru\u00e7\u00e3o robusta, f\u00e1cil opera\u00e7\u00e3o, durabilidade e vida \u00fatil mais longa.<\/p>\n<p><\/p>\n<p>A nossa empresa \u00e9 altamente dedicada a oferecer os melhores servi\u00e7os da classe. Estas m\u00e1quinas s\u00e3o fabricadas com a ajuda de ferramentas e tecnologias modernas, utilizando mat\u00e9rias-primas da melhor qualidade. As nossas m\u00e1quinas est\u00e3o dispon\u00edveis em v\u00e1rios tamanhos e designs para satisfazer os requisitos dos nossos clientes.<\/p>\n<h2><strong><span style=\"font-size: 24px;font-family: arial, helvetica, sans-serif\"><br \/><\/span><\/strong><br \/><\/h2>\n<h2><strong><span style=\"font-size: 24px;font-family: arial, helvetica, sans-serif\"><a name=\"PRODUCT FEATURES\"><\/a><\/span><\/strong><\/h2>\n<h2><strong><span style=\"font-size: 24px;font-family: arial, helvetica, sans-serif\">CARACTER\u00cdSTICAS DO PRODUTO<\/span><\/strong><\/h2>\n<div class=\"subtitle\"><span>A f\u00e1brica da Hommy ocupa uma \u00e1rea de 30500 metros quadrados na cidade de Xinhui Jiangmen, incluindo linhas de produ\u00e7\u00e3o flex\u00edveis, laborat\u00f3rio de I&amp;D, centro de aprendizagem e oficina equipada com equipamento de ponta.<\/span><\/div>\n<\/p>\n<\/div>\n<p>&nbsp;<\/p>\n<div class=\"d-tem11-graphic tem11-graphic mockup\" data-detail=\"wrap\">\n<div class=\"tab_row\">\n<div class=\"img\" style=\"width: 50%\"><img decoding=\"async\" title=\"\" alt=\"produto-Hommy-img\" src=\"https:\/\/www.hommy.com\/wp-content\/uploads\/15865908083316.png\"><\/div>\n<div class=\"text_box\" style=\"width: 50%\">\n<div class=\"txt\">\n<div class=\"title\">\n<h2><strong><span style=\"font-family: arial, helvetica, sans-serif;font-size: 24px\"><a name=\"2 flavour Vending ice cream machine\"><\/a>M\u00e1quina de venda autom\u00e1tica de gelados de 2 sabores<\/span><\/strong><\/h2>\n<\/div>\n<p>&nbsp;<\/p>\n<p style=\"line-height: 2em\">Controlador de ecr\u00e3 t\u00e1til de 10,1 polegadas semelhante a um tablet com sistema Android<br \/>Estados da m\u00e1quina (temperatura da tremonha e do cilindro, regula\u00e7\u00e3o do racionamento, processo de produ\u00e7\u00e3o, erro, alerta de n\u00edvel de material, pre\u00e7o)<br \/>Controlo de dados (volume de vendas)<br \/>Controlo de distribui\u00e7\u00e3o<br \/>Defini\u00e7\u00f5es da m\u00e1quina<br \/>Funcionamento inteligente<br \/>Fun\u00e7\u00e3o de envio de alerta para telem\u00f3vel<br \/>O interior da m\u00e1quina tem mais fun\u00e7\u00f5es, o que pode ajud\u00e1-lo a economizar mais custos artificiais: <br \/>O sistema de pr\u00e9-arrefecimento mant\u00e9m a mistura abaixo de 5 \u2103 durante os modos autom\u00e1tico e de espera.<br \/>A bomba de ar fornece a mistura com uma certa quantidade de ar aos cilindros de congela\u00e7\u00e3o.<br \/>O misturador mant\u00e9m a uniformidade da mistura nas tremonhas.<br \/>O tratamento t\u00e9rmico proporciona uma rotina de limpeza di\u00e1ria para manter o produto de acordo com as normas de qualidade e seguran\u00e7a at\u00e9 duas semanas antes da limpeza completa com desmontagem.<br \/><span style=\"font-size: 18px\"><strong><br \/><\/strong><\/span><\/p>\n<p style=\"line-height: 2em\"><span style=\"font-size: 18px\"><strong>Descongela\u00e7\u00e3o <\/strong><\/span><br \/>A descongela\u00e7\u00e3o de produ\u00e7\u00e3o derrete rapidamente o produto em ambos os cilindros e volta ao modo de produ\u00e7\u00e3o para reproduzir. <br \/>A descongela\u00e7\u00e3o por lavagem derrete rapidamente o produto nos cilindros, o que reduz significativamente os restos antes da limpeza. <br \/><strong><span style=\"font-size: 18px\"><br \/><\/span><\/strong><\/p>\n<p style=\"line-height: 2em\"><strong><span style=\"font-size: 18px\">Desinfe\u00e7\u00e3o<\/span><\/strong><br \/>Fun\u00e7\u00e3o especial que torna o processo de higieniza\u00e7\u00e3o semi-autom\u00e1tico e f\u00e1cil.<br \/>N\u00e3o desmontar a m\u00e1quina para limpar a unidade de bloqueio da garganta, a unidade de bomba de ar, o batedor e o cilindro. <\/p>\n<p>&nbsp;<\/p>\n<\/div>\n<\/div>\n<\/div>\n<\/div>\n<p>&nbsp;<\/p>\n<div class=\"text-left d-tem09-title d-interval\" data-detail=\"wrap\">\n<div class=\"title-header\">\n<p><span style=\"font-size: 24px\"><br \/><\/span><\/p>\n<p><span style=\"font-size: 24px\"><\/span><\/p>\n<h2><strong><span style=\"font-size: 24px;font-family: arial, helvetica, sans-serif\"><a name=\"PRODUCT SPECIFICATION\"><\/a>ESPECIFICA\u00c7\u00c3O DO PRODUTO<\/span><\/strong><\/h2>\n<p><span>A excelente experi\u00eancia do cliente \u00e9 o ponto de partida da Hommy.<\/span><\/p>\n<p><span><br \/><\/span><img decoding=\"async\" src=\"https:\/\/www.hommy.com\/wp-content\/uploads\/15865910264788.png\" title=\"uploads\/www.hommy.com\/images\/https:\/\/www.hommy.com\/wp-content\/uploads\/15865910264788.png\" alt=\"imagem.png\" \/><\/p>\n<p><span style=\"font-size: 24px\"><br \/><\/span><\/p>\n<p><strong><span style=\"font-size: 24px;font-family: arial, helvetica, sans-serif\"><a name=\"PRODUCT ADVANTAGE\"><\/a>VANTAGEM DO PRODUTO<\/span><\/strong><\/p>\n<div class=\"subtitle\"><span>Al\u00e9m disso, engenheiros altamente qualificados, tecn\u00f3logos competentes e pessoal experiente contribuem muito para o desenvolvimento da empresa.<\/span><\/div>\n<\/div>\n<\/div>\n<p><\/p>\n<div class=\"d-tem14-graphic mockup\" data-detail=\"wrap\">\n<div class=\"clearfix d-clearfix\">\n<div class=\"col-md-6 col-sm-6 col-xs-6\">\n<div class=\"thumbnail\"><img decoding=\"async\" src=\"https:\/\/www.hommy.com\/wp-content\/uploads\/15553857822086.jpg\" alt=\"produto-Hommy-img\" title=\"\"><\/div>\n<\/div>\n<div class=\"col-md-6 col-sm-6 col-xs-6\">\n<div class=\"thumbnail\"><img decoding=\"async\" src=\"https:\/\/www.hommy.com\/wp-content\/uploads\/15553857901363.jpg\" alt=\"produto-M\u00e1quina de venda autom\u00e1tica de mam\u00e3s -img\" title=\"\"><\/div>\n<\/div>\n<\/div>\n<\/div>\n<p><\/p>\n<div class=\"d-tem04-promotion d-tem01-promotion mockup\" data-detail=\"wrap\">\n<div class=\"cont-section\">\n<div class=\"main\">\n<div class=\"header text-center\">\n<h2><strong><span style=\"font-family: arial, helvetica, sans-serif;font-size: 24px\"><a name=\"2 flavour+1mix Vending ice cream machine\"><\/a>2 sabores+1 mistura M\u00e1quina de venda autom\u00e1tica de gelados<\/span><\/strong><\/h2>\n<div class=\"subtitle\" style=\"text-align: left\">\n<p><\/p>\n<p style=\"line-height: 2em\"><strong><span><\/span><\/strong>Descongela\u00e7\u00e3o: quando a m\u00e1quina est\u00e1 a funcionar durante 1 hora e n\u00e3o vende gelado, o cilindro fica bloqueado durante algum tempo, configuramos o sistema de descongela\u00e7\u00e3o autom\u00e1tica, para que a m\u00e1quina possa continuar a funcionar e descongelar o gelo interior e fazer gelado ou iogurte congelado de boa qualidade.<\/p>\n<p style=\"line-height: 2em\"><strong><span><\/span><\/strong>Bomba de ar: ajust\u00e1vel de 20% a 80%, reduz a gera\u00e7\u00e3o de cristais de gelo, faz com que o iogurte congelado (gelado) tenha um sabor suave e um aspeto branco; reduz a utiliza\u00e7\u00e3o de mat\u00e9rias-primas, aumenta os lucros.<\/p>\n<p style=\"line-height: 2em\"><strong><span><\/span><\/strong>Se voc\u00ea vender sorvete \u00e0 noite, a configura\u00e7\u00e3o autom\u00e1tica do sistema Pasteuriza\u00e7\u00e3o: Pode matar as bact\u00e9rias que produzem dentro da m\u00e1quina de -5 \u2103 \u2192 65 \u2103 \u2192 -5 \u2103 processo (desinfetar o cilindro de carregamento e a mat\u00e9ria-prima dentro, depois refrigerar para o status de reserva). para que voc\u00ea possa manter a m\u00e1quina a cada 14 dias uma vez.<\/p>\n<p style=\"line-height: 2em\"><strong><span><\/span><\/strong>O incens\u00e1rio tem uma segunda fase, a primeira fase de alarme de n\u00edvel de material em falta, a segunda fase de paragem autom\u00e1tica. Quando receber a primeira mensagem, tem algum tempo para adicionar material, n\u00e3o precisa de deixar a m\u00e1quina parar para trabalhar.<\/p>\n<p style=\"line-height: 2em\"><strong><span><\/span><\/strong>A fun\u00e7\u00e3o de promo\u00e7\u00e3o pode ajudar a adicionar quantidades esgotadas todos os dias, pode configurar de segunda a sexta-feira, das 10:00 \u00e0s 12:00, a compra de gelados com algum desconto para atrair as compras dos clientes.<\/p>\n<p style=\"line-height: 2em\"><strong><span><\/span><\/strong>O interior da m\u00e1quina tem mais idiomas \u00e0 escolha: chin\u00eas, ingl\u00eas, polaco, Ar\u00e1bia Saudita, Mal\u00e1sia, Tail\u00e2ndia, Espanha.<\/p>\n<h2>Porque \u00e9 que uma m\u00e1quina de venda autom\u00e1tica me cobrou mais?<\/h2>\n<p style=\"margin-top: 5px;margin-bottom: 5px\"><\/p>\n<p style=\"margin-top: 5px;margin-bottom: 5px\">Comprei uma lata de Coca-Cola numa m\u00e1quina de venda autom\u00e1tica na esta\u00e7\u00e3o de comboios de Toronto. Custava $1,50 e a m\u00e1quina de venda autom\u00e1tica dizia que eu tinha $1,47 na minha conta. Mas quando olhei para o meu recibo, este dizia que eu s\u00f3 tinha $1,40. Como \u00e9 que isso aconteceu?<\/p>\n<p style=\"margin-top: 5px;margin-bottom: 5px\"><\/p>\n<p style=\"margin-top: 5px;margin-bottom: 5px\">Resposta: A m\u00e1quina pensou que tinha mais dinheiro na sua conta do que tinha na realidade.<\/p>\n<p style=\"margin-top: 5px;margin-bottom: 5px\"><\/p>\n<p style=\"margin-top: 5px;margin-bottom: 5px\">Este \u00e9 um caso em que a m\u00e1quina estava a tentar ser simp\u00e1tica. Ofereceu-lhe um desconto no pre\u00e7o do produto da m\u00e1quina de venda autom\u00e1tica. A m\u00e1quina quis fazer-lhe um favor.<\/p>\n<p style=\"margin-top: 5px;margin-bottom: 5px\"><\/p>\n<p style=\"margin-top: 5px;margin-bottom: 5px\"><\/p>\n<h2>Um d\u00f3lar com fita adesiva funciona?<\/h2>\n<p style=\"margin-top: 5px;margin-bottom: 5px\"><\/p>\n<p style=\"margin-top: 5px;margin-bottom: 5px\">\u00c9 como eu? Converti-me recentemente \u00e0s cassetes.<\/p>\n<p style=\"margin-top: 5px;margin-bottom: 5px\"><\/p>\n<p style=\"margin-top: 5px;margin-bottom: 5px\">Fiz o \"dabbing\" durante alguns meses e depois fiquei frustrado e voltei ao que fazia antes. Estava insatisfeito com os meus resultados e comecei a pensar em como a fita adesiva pode ser uma coisa boa, talvez mesmo uma coisa \u00f3ptima.<\/p>\n<p style=\"margin-top: 5px;margin-bottom: 5px\"><\/p>\n<p style=\"margin-top: 5px;margin-bottom: 5px\">Por isso, comprei algum equipamento de grava\u00e7\u00e3o e comecei a gravar.<\/p>\n<p style=\"margin-top: 5px;margin-bottom: 5px\"><\/p>\n<p style=\"margin-top: 5px;margin-bottom: 5px\"><\/p>\n<h2>Quanto custa uma m\u00e1quina de venda autom\u00e1tica a s\u00e9rio? Uma resposta surpreendentemente curta<\/h2>\n<p style=\"margin-top: 5px;margin-bottom: 5px\"><\/p>\n<p style=\"margin-top: 5px;margin-bottom: 5px\">O vener\u00e1vel Vending Times tem um artigo que mostra o custo m\u00e9dio de uma m\u00e1quina de venda autom\u00e1tica real. Gosto do artigo porque inclui uma reparti\u00e7\u00e3o dos custos, o que \u00e9 algo que raramente vejo. No entanto, como um cromo dos dados, estava interessado em saber como chegaram \u00e0 sua estimativa.<\/p>\n<p style=\"margin-top: 5px;margin-bottom: 5px\"><\/p>\n<p style=\"margin-top: 5px;margin-bottom: 5px\">O problema \u00e9 o seguinte. Os dados do artigo prov\u00eam do inqu\u00e9rito anual da Vending Times, que questiona o t\u00edpico interveniente da ind\u00fastria de venda autom\u00e1tica sobre os seus custos. No entanto, o artigo n\u00e3o inclui uma declara\u00e7\u00e3o de exonera\u00e7\u00e3o de responsabilidade sobre a exatid\u00e3o do inqu\u00e9rito. Por outras palavras, n\u00e3o inclui<\/p>\n<p style=\"margin-top: 5px;margin-bottom: 5px\"><br style=\"font-family: sans-serif;font-size: 16px\" \/><\/p>\n<p style=\"line-height: 2em\"><\/p>\n<\/div>\n<\/div>\n<\/div>\n<\/div>\n<\/div>\n<p>&nbsp;Documento\uff1a<img decoding=\"async\" src=\"https:\/\/www.hommy.com\/wp-content\/uploads\/icon_pdf-4.gif\" style=\"margin-right: 2px\" alt=\"produto-HM736 2 sabores+1mix M\u00e1quina de venda autom\u00e1tica de gelados-Hommy-img\" title=\"\"><a href=\"https:\/\/img80002414.weyesimg.com\/uploads\/www.hommy.com\/addon\/16028344033211.pdf\" title=\"16028344033211.pdf\" style=\"font-size: 12px\">16028344033211.pdf<\/a><\/p>\n<p><\/p>\n<\/div><\/div>","protected":false},"excerpt":{"rendered":"<p>&nbsp;2 flavour Vending ice cream machine RODUCT FEATURES|2 flavour Vending ice cream machine|PRODUCT SPECIFICATION|PRODUCT ADVANTAGE|2 flavour+1mix Vending ice cream machine This high-quality Milk Shake Vending Machine is known for its robust construction, easy operation, durability and longer life. Our company is highly dedicated towards offering the best in class services. These machines are manufactured with [&hellip;]<\/p>\n","protected":false},"featured_media":241,"comment_status":"open","ping_status":"open","template":"","meta":{"_swt_meta_header_display":false,"_swt_meta_footer_display":false,"_swt_meta_site_title_display":false,"_swt_meta_sticky_header":false,"_swt_meta_transparent_header":false},"product_brand":[],"product_cat":[71,68],"product_tag":[],"class_list":{"0":"post-246","1":"product","2":"type-product","3":"status-publish","4":"has-post-thumbnail","6":"product_cat-ice-cream-vending-machine","7":"product_cat-vending-machine","9":"first","10":"instock","11":"shipping-taxable","12":"product-type-simple"},"_links":{"self":[{"href":"https:\/\/www.hommy.com\/pt\/wp-json\/wp\/v2\/product\/246","targetHints":{"allow":["GET"]}}],"collection":[{"href":"https:\/\/www.hommy.com\/pt\/wp-json\/wp\/v2\/product"}],"about":[{"href":"https:\/\/www.hommy.com\/pt\/wp-json\/wp\/v2\/types\/product"}],"replies":[{"embeddable":true,"href":"https:\/\/www.hommy.com\/pt\/wp-json\/wp\/v2\/comments?post=246"}],"wp:featuredmedia":[{"embeddable":true,"href":"https:\/\/www.hommy.com\/pt\/wp-json\/wp\/v2\/media\/241"}],"wp:attachment":[{"href":"https:\/\/www.hommy.com\/pt\/wp-json\/wp\/v2\/media?parent=246"}],"wp:term":[{"taxonomy":"product_brand","embeddable":true,"href":"https:\/\/www.hommy.com\/pt\/wp-json\/wp\/v2\/product_brand?post=246"},{"taxonomy":"product_cat","embeddable":true,"href":"https:\/\/www.hommy.com\/pt\/wp-json\/wp\/v2\/product_cat?post=246"},{"taxonomy":"product_tag","embeddable":true,"href":"https:\/\/www.hommy.com\/pt\/wp-json\/wp\/v2\/product_tag?post=246"}],"curies":[{"name":"wp","href":"https:\/\/api.w.org\/{rel}","templated":true}]}}