{"id":240,"date":"2024-07-02T12:21:13","date_gmt":"2024-07-02T12:21:13","guid":{"rendered":"http:\/\/localhost\/hommywp\/hm736s-buy-yummy-ice-cream-self-serving-machine-for-many-locations\/"},"modified":"2025-08-01T09:57:28","modified_gmt":"2025-08-01T09:57:28","slug":"hm736s-maquina-de-venda-automatica-de-gelados","status":"publish","type":"product","link":"https:\/\/www.hommy.com\/pt\/p\/hm736s-maquina-de-venda-automatica-de-gelados\/","title":{"rendered":"Hm736s Comprar M\u00e1quina de Sorvete Expresso Self Serving para v\u00e1rios locais"},"content":{"rendered":"<div>\n<p style=\"text-align: center\">&nbsp;<\/p>\n<h2 style=\"text-align: center\"><strong><span style=\"font-family: arial, helvetica, sans-serif;font-size: 24px\"><a name=\"Vending ice cream machine\"><\/a>M\u00e1quina de venda autom\u00e1tica de gelados<\/span><\/strong><br \/><\/h2>\n<p style=\"text-align: center\"><a href=\"#Vending ice cream machine\" target=\"_self\" data-lv=\"0\" rel=\"noopener\"><span style=\"font-size: 16px\"><span style=\"font-family: arial, helvetica, sans-serif\">M\u00e1quina de venda autom\u00e1tica de gelados<\/span><\/span><\/a><span style=\"font-size: 16px\"><span style=\"font-family: arial, helvetica, sans-serif\">|<a href=\"#PRODUCT FEATURES\" target=\"_self\" data-lv=\"0\" rel=\"noopener\">CARACTER\u00cdSTICAS DO PRODUTO<\/a>|<a href=\"#Vending ice cream machine\" target=\"_self\" data-lv=\"0\" rel=\"noopener\">M\u00e1quina de venda autom\u00e1tica de gelados<\/a>|<a href=\"#PRODUCT SPECIFICATION\" target=\"_self\" data-lv=\"0\" rel=\"noopener\">ESPECIFICA\u00c7\u00c3O DO PRODUTO<\/a>|<a href=\"#PRODUCT ADVANTAGE\" target=\"_self\" data-lv=\"0\" rel=\"noopener\">VANTAGEM DO PRODUTO<\/a><\/span><\/span><\/p>\n<p style=\"text-align: center\"><span style=\"font-size: 20px\"><br \/><\/span><\/p>\n<p><span style=\"font-size: 20px\"><br \/><\/span><\/p>\n<p><!-- Video start --><video poster=\"https:\/\/img80002414.weyesimg.com\/uploads\/www.hommy.com\/video\/15861297568561.mp4?vframe\/jpg\/offset\/1\" id=\"video\" preload=\"auto\" controls=\"controls\" style=\"width:100%;height:510px\"><\/video><!-- Video end --><\/p>\n<p><!-- Video start --><video poster=\"https:\/\/img80002414.weyesimg.com\/uploads\/www.hommy.com\/video\/15861298201490.mp4?vframe\/jpg\/offset\/1\" id=\"video\" preload=\"auto\" controls=\"controls\" style=\"width:100%;height:510px\"><\/video><!-- Video end --><\/p>\n<p>A m\u00e1quina de venda autom\u00e1tica de gelados \u00e9 uma m\u00e1quina de venda autom\u00e1tica que o pode ajudar a vender gelados de servi\u00e7o suave numa base di\u00e1ria. Neste tipo de m\u00e1quina, os clientes podem selecionar um sabor, escolher um copo e pagar o gelado. \u00c9 ideal para locais como hot\u00e9is, restaurantes e supermercados.<\/p>\n<p>Num mundo onde a tecnologia est\u00e1 em constante evolu\u00e7\u00e3o, n\u00e3o \u00e9 de admirar que at\u00e9 a venda de gelados esteja a tornar-se mais high-tech. Esta m\u00e1quina inovadora permite que os clientes se sirvam a si pr\u00f3prios, o que significa que pode fazer uma pausa enquanto continua a ganhar dinheiro.<\/p>\n<p>A m\u00e1quina de servir gelados Self Serving \u00e9 perfeita para qualquer vendedor que queira aumentar os seus lucros sem sacrificar o seu tempo livre. Com esta m\u00e1quina, pode fazer uma pausa bem merecida enquanto os seus clientes se servem. Sem necessidade de pessoal, a m\u00e1quina de servir gelados \u00e9 uma forma econ\u00f3mica de vender gelados. Ent\u00e3o, de que est\u00e1 \u00e0 espera? Adquira uma hoje e comece a desfrutar dos lucros!<\/p>\n<h2><span style=\"font-size: 24px\"><a name=\"PRODUCT FEATURES\"><\/a><strong><span style=\"font-size: 24px;font-family: arial, helvetica, sans-serif\">CARACTER\u00cdSTICAS DO PRODUTO<\/span><\/strong><\/span><\/h2>\n<div class=\"text-left d-tem09-title d-interval\" data-detail=\"wrap\">\n<div class=\"title-header\">\n<p style=\"margin: 0px;text-align: justify;text-indent: 0px\"><span style=\"letter-spacing: 0px;font-family: Calibri;font-size: 16px\">Venda autom\u00e1tica dom\u00e9stica <a style=\"color:blue\" href=\"\/pt\/\">m\u00e1quina de gelados<\/a> t\u00eam fun\u00e7\u00f5es mais humanizadas: manter fresco, bomba de ar, misturador na tremonha, descongela\u00e7\u00e3o, pasteuriza\u00e7\u00e3o, controlo remoto, relat\u00f3rio de vendas, lembrete, <\/span><span style=\"letter-spacing: 0px;font-family: \u5b8b\u4f53;font-size: 16px\">escolha de idioma diferente . tamb\u00e9m aceitamos OEM e ODM.&nbsp;<\/span><\/p>\n<\/div>\n<\/div>\n<p>&nbsp;<\/p>\n<div class=\"d-tem11-graphic tem11-graphic mockup\" data-detail=\"wrap\">\n<div class=\"tab_row\">\n<div class=\"img\" style=\"width: 50%\"><img loading=\"lazy\" decoding=\"async\" width=\"563\" height=\"747\" title=\"\" style=\"width: 563px;height: 747px\" alt=\"produto-HM736S m\u00e1quina de venda autom\u00e1tica de gelados-Hommy-img\" src=\"https:\/\/www.hommy.com\/wp-content\/uploads\/15861296472488.png\" border=\"0\" vspace=\"0\"><\/div>\n<div class=\"text_box\" style=\"width: 50%\">\n<div class=\"txt\">\n<div class=\"title\">\n<h2>&nbsp;<strong><span style=\"font-family: arial, helvetica, sans-serif;font-size: 24px\"><a name=\"Vending ice cream machine\"><\/a>M\u00e1quina de venda autom\u00e1tica de gelados<\/span><\/strong><\/h2>\n<\/div>\n<p>&nbsp;<\/p>\n<p style=\"line-height: 1.75em\">Controlador de tablet com ecr\u00e3 t\u00e1til de 25 polegadas, para Publicidade Zona acabada de gelados <\/p>\n<p style=\"margin-top:0;margin-right:0;margin-bottom:0;margin-left:0;text-indent:0;text-align:justify\"><span style=\"font-family:\u5b8b\u4f53;letter-spacing:0;font-size:14px\">1. M\u00e1quina de sorvete expresso de 2 sabores+1 mistura .<\/span><\/p>\n<p style=\"margin-top:0;margin-right:0;margin-bottom:0;margin-left:0;text-indent:0;text-align:justify\"><span style=\"font-family:\u5b8b\u4f53;letter-spacing:0;font-size:14px\">2. O interior pode conter cerca de 180 pcs de cones de waffle.<\/span><\/p>\n<p style=\"margin-top:0;margin-right:0;margin-bottom:0;margin-left:0;text-indent:0;text-align:justify\"><span style=\"font-family:\u5b8b\u4f53;letter-spacing:0;font-size:14px\">3. sistema de pagamento: Em moeda local - dinheiro \/ moeda met\u00e1lica \/ moeda de troca \/ cart\u00e3o de cr\u00e9dito \/ pagamento em linha.<\/span><\/p>\n<p style=\"margin-top:0;margin-right:0;margin-bottom:0;margin-left:0;text-indent:0;text-align:justify\"><span style=\"font-family:\u5b8b\u4f53;letter-spacing:0;font-size:14px\">O funcionamento interno da m\u00e1quina de gelados :&nbsp;<\/span><\/p>\n<p style=\"line-height: 1.75em\">Controlador de ecr\u00e3 t\u00e1til de 10,1 polegadas semelhante a um tablet com sistema Android <\/p>\n<p style=\"line-height: 1.75em\">Estados da m\u00e1quina (temperatura da tremonha e do cilindro, regula\u00e7\u00e3o do racionamento, processo de produ\u00e7\u00e3o, erro, alerta de n\u00edvel de material, pre\u00e7o) <\/p>\n<p style=\"line-height: 1.75em\">Controlo de dados (volume de vendas) <\/p>\n<p style=\"line-height: 1.75em\">Controlo de distribui\u00e7\u00e3o <\/p>\n<p style=\"line-height: 1.75em\">Defini\u00e7\u00f5es da m\u00e1quina <\/p>\n<p style=\"line-height: 1.75em\">Funcionamento inteligente <\/p>\n<p style=\"line-height: 1.75em\">Fun\u00e7\u00e3o de envio de alerta para telem\u00f3vel <\/p>\n<p style=\"line-height: 1.75em\">O interior da m\u00e1quina tem mais fun\u00e7\u00f5es, o que pode ajud\u00e1-lo a economizar mais custos artificiais:<\/p>\n<p style=\"line-height: 1.75em\">O sistema de pr\u00e9-arrefecimento mant\u00e9m a mistura abaixo de 5 \u2103 durante os modos autom\u00e1tico e de espera. <\/p>\n<p style=\"line-height: 1.75em\">A bomba de ar fornece a mistura com uma certa quantidade de ar aos cilindros de congela\u00e7\u00e3o. <\/p>\n<p style=\"line-height: 1.75em\">O misturador mant\u00e9m a uniformidade da mistura nas tremonhas. <\/p>\n<p style=\"line-height: 1.75em\">O tratamento t\u00e9rmico proporciona uma rotina de limpeza di\u00e1ria para manter o produto de acordo com as normas de qualidade e seguran\u00e7a at\u00e9 duas semanas antes da limpeza completa com desmontagem. <\/p>\n<p style=\"line-height: 1.75em\"><span style=\"font-size: 18px\"><strong><br \/><\/strong><\/span><\/p>\n<p style=\"line-height: 1.75em\"><span style=\"font-size: 18px\"><strong>Descongela\u00e7\u00e3o <\/strong><\/span><\/p>\n<p style=\"line-height: 1.75em\">A descongela\u00e7\u00e3o de produ\u00e7\u00e3o derrete rapidamente o produto em ambos os cilindros e volta ao modo de produ\u00e7\u00e3o para reproduzir. <\/p>\n<p style=\"line-height: 1.75em\">A descongela\u00e7\u00e3o por lavagem derrete rapidamente o produto nos cilindros, o que reduz significativamente os restos antes da limpeza. <\/p>\n<p style=\"line-height: 1.75em\"><strong><span style=\"font-size: 18px\"><br \/><\/span><\/strong><\/p>\n<p style=\"line-height: 1.75em\"><strong><span style=\"font-size: 18px\">Desinfe\u00e7\u00e3o <\/span><\/strong><\/p>\n<p style=\"line-height: 1.75em\">Fun\u00e7\u00e3o especial que torna o processo de higieniza\u00e7\u00e3o semi-autom\u00e1tico e f\u00e1cil. <\/p>\n<p style=\"line-height: 1.75em\">N\u00e3o desmontar a m\u00e1quina para limpar a unidade de bloqueio da garganta, a unidade de bomba de ar, o batedor e o cilindro.<br \/>\nO contador permite ao operador visualizar o n\u00famero de por\u00e7\u00f5es distribu\u00eddas. <\/p>\n<p style=\"line-height: 1.75em\">&nbsp;<\/p>\n<\/div>\n<\/div>\n<\/div>\n<\/div>\n<p>&nbsp;<\/p>\n<div class=\"text-left d-tem09-title d-interval\" data-detail=\"wrap\">\n<div class=\"title-header\">\n<h2><strong><span style=\"font-size: 24px;font-family: arial, helvetica, sans-serif\"><a name=\"PRODUCT SPECIFICATION\"><\/a>ESPECIFICA\u00c7\u00c3O DO PRODUTO<\/span><\/strong><\/h2>\n<p><span>A excelente experi\u00eancia do cliente \u00e9 o ponto de partida da Hommy.<\/span><\/p>\n<p><span><img decoding=\"async\" src=\"https:\/\/www.hommy.com\/wp-content\/uploads\/15863021586541.png\" title=\"uploads\/www.hommy.com\/images\/https:\/\/www.hommy.com\/wp-content\/uploads\/15863021586541.png\" alt=\"imagem.png\" \/><\/span><\/p>\n<p><\/p>\n<h2>&nbsp; &nbsp;&nbsp;<strong><span style=\"font-size: 24px;font-family: arial, helvetica, sans-serif\"><a name=\"PRODUCT ADVANTAGE\"><\/a>VANTAGEM DO PRODUTO<\/span><\/strong><\/h2>\n<p>A Hommy produziu uma m\u00e1quina de gelados durante 20 anos de experi\u00eancia, a m\u00e1quina de venda autom\u00e1tica de gelados adiciona mais fun\u00e7\u00f5es de gelado suave, porque n\u00e3o h\u00e1 ningu\u00e9m para fazer o servi\u00e7o a toda a hora. baseamo-nos nesta adi\u00e7\u00e3o de mais sensores e usamos software para control\u00e1-la, que \u00e9 de boa qualidade e boa fun\u00e7\u00e3o.<\/p>\n<\/div>\n<\/div>\n<div class=\"d-tem01-graphic tem01-graphic mockup\" data-detail=\"wrap\">\n<div class=\"cont-section clearfix d-clearfix\">\n<div class=\"col-md-6 col-sm-6 col-xs-6\">\n<div class=\"right-p\">\n<div class=\"h2 heading\">Descongela\u00e7\u00e3o&nbsp;<\/div>\n<p><\/p>\n<p><span style=\"letter-spacing: 0px;font-family: \u5b8b\u4f53;font-size: 16px\">Quando a m\u00e1quina est\u00e1 a funcionar durante 1 hora e n\u00e3o vende gelado, o cilindro fica bloqueado durante algum tempo, configuramos o sistema de descongela\u00e7\u00e3o autom\u00e1tica, para que a m\u00e1quina possa continuar a funcionar e descongelar o gelo interior e fazer gelado ou iogurte congelado de boa qualidade.&nbsp;<\/span><\/p>\n<\/div>\n<div class=\"graphic_pic animated wow bounceIn\" data-wow-delay=\".7s\">\n<p style=\"text-align: center\"><img loading=\"lazy\" decoding=\"async\" width=\"393\" height=\"211\" title=\"\" style=\"width: 415px\" alt=\"produto-Hommy-HM736S m\u00e1quina de venda autom\u00e1tica de gelados-img\" src=\"https:\/\/www.hommy.com\/wp-content\/uploads\/15788853994504-2.png\"><\/p>\n<p><\/p>\n<p>&nbsp; &nbsp; &nbsp; &nbsp; &nbsp; &nbsp;<\/p><\/div>\n<\/div>\n<div class=\"col-md-6 col-sm-6 col-xs-6\">\n<div class=\"right-p\">\n<div class=\"h2 heading\">Bomba de ar&nbsp;<\/div>\n<div class=\"description\">\n<p><span style=\"letter-spacing: 0px;font-family: \u5b8b\u4f53;font-size: 16px\">Ajust\u00e1vel de 20% a 80%, reduz a gera\u00e7\u00e3o de cristais de gelo, faz com que o iogurte congelado (gelado) tenha um sabor suave e um aspeto branco; reduz a utiliza\u00e7\u00e3o de mat\u00e9rias-primas, aumenta os lucros<\/span><\/p>\n<p>.<\/p><\/div>\n<\/div>\n<div class=\"graphic_pic animated wow bounceIn\" data-wow-delay=\".7s\"><img loading=\"lazy\" decoding=\"async\" width=\"473\" height=\"228\" title=\"\" style=\"width: 473px\" alt=\"m\u00e1quina de venda autom\u00e1tica de produtos -Hommy-img\" src=\"https:\/\/www.hommy.com\/wp-content\/uploads\/15787019643805-2.png\"><br \/>\n &nbsp; &nbsp; &nbsp; &nbsp; &nbsp; &nbsp;<\/div>\n<\/div>\n<\/div>\n<\/div>\n<p>&nbsp;<\/p>\n<p>&nbsp;<\/p>\n<div class=\"d-tem01-graphic tem01-graphic mockup\" data-detail=\"wrap\">\n<div class=\"cont-section clearfix d-clearfix\">\n<div class=\"col-md-6 col-sm-6 col-xs-6\">\n<div class=\"right-p\">\n<div class=\"h2 heading\">Pasteuriza\u00e7\u00e3o&nbsp;<\/div>\n<div class=\"description\"><span style=\"letter-spacing: 0px;font-family: \u5b8b\u4f53;font-size: 16px\">Se vender gelados \u00e0 noite, o sistema de configura\u00e7\u00e3o autom\u00e1tica Pasteuriza\u00e7\u00e3o : Pode matar <\/span><span style=\"font-family: Calibri;font-size: 16px\">a bact\u00e9ria <\/span><span style=\"font-family: \u5b8b\u4f53;font-size: 16px\">que <\/span><span style=\"font-family: Calibri;font-size: 16px\">produzir<\/span><span style=\"font-family: \u5b8b\u4f53;font-size: 16px\">&nbsp;<\/span><span style=\"font-family: Calibri;font-size: 16px\">no interior da m\u00e1quina<\/span><span style=\"font-family: \u5b8b\u4f53;font-size: 16px\">&nbsp;de -5\u2103&nbsp;<\/span><span style=\"font-family: Arial;font-size: 16px\">\u2192<\/span><span style=\"font-family: \u5b8b\u4f53;font-size: 16px\">&nbsp;65\u2103<\/span><span style=\"font-family: Arial;font-size: 16px\">\u2192<\/span><span style=\"font-family: \u5b8b\u4f53;font-size: 16px\">&nbsp;-5\u2103<\/span><span style=\"font-family: Calibri;font-size: 16px\">processo<\/span><span style=\"font-family: \u5b8b\u4f53;font-size: 16px\">&nbsp;(desinfetar o cilindro de carga e a mat\u00e9ria-prima no interior, depois refrigerar at\u00e9 ao estado de reserva).&nbsp;<\/span>&nbsp;&nbsp;&nbsp;&nbsp;&nbsp;&nbsp;&nbsp;&nbsp;&nbsp;&nbsp;&nbsp;&nbsp;<\/p>\n<p style=\"text-align: center\"><img decoding=\"async\" title=\"\" alt=\"produto-M\u00e1quina de venda autom\u00e1tica de mam\u00e3s -img\" src=\"https:\/\/www.hommy.com\/wp-content\/uploads\/15787019009152-2.png\"><\/p>\n<\/div>\n<\/div>\n<\/div>\n<div class=\"col-md-6 col-sm-6 col-xs-6\">\n<div class=\"right-p\">\n<div class=\"h2 heading\">Deixar o sensor<\/div>\n<div class=\"description\"><span style=\"font-family: \u5b8b\u4f53;font-size: 16px\">Deixar o sensor ter <\/span><span style=\"font-family: Calibri;font-size: 16px\">Segunda fase, a primeira fase do alarme de n\u00edvel de material em falta, a segunda fase do encerramento autom\u00e1tico.<\/span><span style=\"font-family: \u5b8b\u4f53;font-size: 16px\">&nbsp;Quando receber a primeira mensagem, tem algum tempo para adicionar material, n\u00e3o precisa de deixar a m\u00e1quina parar para a trabalhar. <\/span><\/div>\n<\/div>\n<div class=\"graphic_pic animated wow bounceIn\" data-wow-delay=\".7s\">\n<p style=\"text-align: center\"><img loading=\"lazy\" decoding=\"async\" width=\"473\" height=\"306\" title=\"\" style=\"width: 203px\" alt=\"produto-Hommy-img\" src=\"https:\/\/www.hommy.com\/wp-content\/uploads\/15788874673345-2.jpg\"><\/p>\n<\/div>\n<\/div>\n<\/div>\n<\/div>\n<p><\/p>\n<p>&nbsp;<\/p>\n<div class=\"d-tem01-graphic tem01-graphic mockup\" data-detail=\"wrap\">\n<div class=\"cont-section clearfix d-clearfix\">\n<div class=\"col-md-6 col-sm-6 col-xs-6\">\n<div class=\"right-p\">\n<div class=\"h2 heading\">Fun\u00e7\u00e3o de promo\u00e7\u00e3o<\/div>\n<div class=\"description\">\n<p style=\"font-family: Calibri;font-size: 16px;font-style: normal;font-weight: normal;margin-top: 0px;margin-bottom: 0px\"><span style=\"font-family: \u5b8b\u4f53;font-size: 16px\">A m\u00e1quina tem no seu interior uma fun\u00e7\u00e3o de promo\u00e7\u00e3o, pode configurar a promo\u00e7\u00e3o a qualquer altura, do dia para a hora, tudo o que quiser. <\/span><\/p>\n<p style=\"margin: 1em 0px 13px\"><span style=\"font-family: \u5b8b\u4f53;font-size: 16px\">&nbsp;&nbsp;&nbsp;Isso pode ajud\u00e1-lo a adicionar a quantidade vendida.<\/span><\/p>\n<\/div>\n<\/div>\n<div class=\"graphic_pic animated wow bounceIn\" data-wow-delay=\".7s\">\n<p style=\"text-align: center\"><img decoding=\"async\" title=\"\" alt=\"produto-HM736S m\u00e1quina de venda autom\u00e1tica de gelados-Hommy-img-1\" src=\"https:\/\/www.hommy.com\/wp-content\/uploads\/15788858121941-2.png\"><\/p>\n<\/div>\n<\/div>\n<div class=\"col-md-6 col-sm-6 col-xs-6\">\n<div class=\"right-p\">\n<div class=\"h2 heading\">L\u00edngua diferente<\/div>\n<div class=\"description\">\n<p style=\"font-family: Calibri;font-size: 16px;font-style: normal;font-weight: normal;margin-top: 0px;margin-bottom: 0px\"><span style=\"font-family: \u5b8b\u4f53;font-size: 16px\">O interior da m\u00e1quina tem mais idiomas \u00e0 escolha: chin\u00eas, ingl\u00eas, polaco, Ar\u00e1bia Saudita, Mal\u00e1sia, Tail\u00e2ndia, Espanha.<\/span><\/p>\n<p>.<\/p><\/div>\n<\/div>\n<div class=\"graphic_pic animated wow bounceIn\" data-wow-delay=\".7s\">\n<p style=\"text-align: center\"><img loading=\"lazy\" decoding=\"async\" width=\"404\" height=\"209\" title=\"\" style=\"width: 271px\" alt=\"produto-Hommy-img-1\" src=\"https:\/\/www.hommy.com\/wp-content\/uploads\/15788858317746-2.png\"><\/p>\n<\/div>\n<\/div>\n<\/div>\n<\/div>\n<p><\/p>\n<p>Documento\uff1a<img decoding=\"async\" src=\"https:\/\/www.hommy.com\/wp-content\/uploads\/icon_pdf-3.gif\" style=\"margin-right: 2px\" alt=\"produto-Hommy-HM736S m\u00e1quina de venda autom\u00e1tica de gelados-img-1\" title=\"\"><a href=\"https:\/\/img80002414.weyesimg.com\/uploads\/www.hommy.com\/addon\/16028320351286.pdf\" title=\"16028320351286.pdf\" style=\"font-size: 12px\">16028320351286.pdf<\/a><\/p>\n<p>&nbsp;<\/p>\n<h2 style=\"font-family: sans-serif\">Quanto custa uma m\u00e1quina de venda autom\u00e1tica a s\u00e9rio?&nbsp;<\/h2>\n<p style=\"margin-top: 5px;margin-bottom: 5px;font-family: sans-serif;font-size: 16px\">H\u00e1 alguns aspectos a ter em conta antes de comprar. Em primeiro lugar, como \u00e9 que a vai utilizar? Se tem um hobby ou pretende iniciar um neg\u00f3cio informal ou regular de venda autom\u00e1tica apenas por divers\u00e3o, n\u00e3o espere gastar milhares de d\u00f3lares numa m\u00e1quina de qualidade. Se planeia vender snacks ou refei\u00e7\u00f5es aos transeuntes, precisa de saber o que vai precisar para os confecionar.<\/p>\n<p style=\"margin-top: 5px;margin-bottom: 5px;font-family: sans-serif;font-size: 16px\"><\/p>\n<h2 style=\"font-family: sans-serif\">O que \u00e9 que cont\u00e9m um servi\u00e7o suave?<\/h2>\n<p style=\"margin-top: 5px;margin-bottom: 5px;font-family: sans-serif;font-size: 16px\">Um soft serve \u00e9 um gelado sem gordura que tem uma textura mais cremosa do que o gelado. Os gelados soft s\u00e3o frequentemente servidos num cone, mas tamb\u00e9m podem ser servidos numa ta\u00e7a ou numa tigela. Existem muitos tipos diferentes de sabores de gelado soft dispon\u00edveis, mas os mais comuns s\u00e3o baunilha e chocolate.<\/p>\n<p style=\"margin-top: 5px;margin-bottom: 5px;font-family: sans-serif;font-size: 16px\"><\/p>\n<h2 style=\"font-family: sans-serif\">O gelado precisa de a\u00e7\u00facar?<\/h2>\n<p style=\"margin-top: 5px;margin-bottom: 5px;font-family: sans-serif;font-size: 16px\">N\u00e3o \u00e9 uma pergunta que muitos fabricantes de gelados gostariam de responder. Embora muitos tenham adicionado a\u00e7\u00facar aos seus produtos numa tentativa de atrair os clientes, alguns ainda optam por deixar de fora o ado\u00e7ante. O gelado h\u00e1 muito que \u00e9 considerado um deleite saud\u00e1vel e, durante d\u00e9cadas, a American Dietetic Association (ADA) afirmou que n\u00e3o h\u00e1 problema em consumi-lo com modera\u00e7\u00e3o. Embora possa ser bom para um indiv\u00edduo optar por consumir gelado em pequenas quantidades, uma recomenda\u00e7\u00e3o da ADA n\u00e3o se destina a recomendar ou tolerar o consumo de grandes quantidades de gelado\", afirma o Dr. Joseph Murray, diretor da pol\u00edtica de nutri\u00e7\u00e3o da ADA.<\/p>\n<\/div><\/div>","protected":false},"excerpt":{"rendered":"<p>&nbsp; Vending ice cream machine Vending ice cream machine|PRODUCT FEATURES|Vending ice cream machine|PRODUCT SPECIFICATION|PRODUCT ADVANTAGE Ice Cream self serving machine is a vending machine that can help you sell soft serve ice cream on a daily basis. In this kind of machine, customers can select a flavor, choose a cup, and pay for ice cream. [&hellip;]<\/p>\n","protected":false},"featured_media":231,"comment_status":"open","ping_status":"open","template":"","meta":{"_swt_meta_header_display":false,"_swt_meta_footer_display":false,"_swt_meta_site_title_display":false,"_swt_meta_sticky_header":false,"_swt_meta_transparent_header":false},"product_brand":[],"product_cat":[71,68],"product_tag":[],"class_list":{"0":"post-240","1":"product","2":"type-product","3":"status-publish","4":"has-post-thumbnail","6":"product_cat-ice-cream-vending-machine","7":"product_cat-vending-machine","9":"first","10":"instock","11":"shipping-taxable","12":"product-type-simple"},"_links":{"self":[{"href":"https:\/\/www.hommy.com\/pt\/wp-json\/wp\/v2\/product\/240","targetHints":{"allow":["GET"]}}],"collection":[{"href":"https:\/\/www.hommy.com\/pt\/wp-json\/wp\/v2\/product"}],"about":[{"href":"https:\/\/www.hommy.com\/pt\/wp-json\/wp\/v2\/types\/product"}],"replies":[{"embeddable":true,"href":"https:\/\/www.hommy.com\/pt\/wp-json\/wp\/v2\/comments?post=240"}],"wp:featuredmedia":[{"embeddable":true,"href":"https:\/\/www.hommy.com\/pt\/wp-json\/wp\/v2\/media\/231"}],"wp:attachment":[{"href":"https:\/\/www.hommy.com\/pt\/wp-json\/wp\/v2\/media?parent=240"}],"wp:term":[{"taxonomy":"product_brand","embeddable":true,"href":"https:\/\/www.hommy.com\/pt\/wp-json\/wp\/v2\/product_brand?post=240"},{"taxonomy":"product_cat","embeddable":true,"href":"https:\/\/www.hommy.com\/pt\/wp-json\/wp\/v2\/product_cat?post=240"},{"taxonomy":"product_tag","embeddable":true,"href":"https:\/\/www.hommy.com\/pt\/wp-json\/wp\/v2\/product_tag?post=240"}],"curies":[{"name":"wp","href":"https:\/\/api.w.org\/{rel}","templated":true}]}}