{"id":205,"date":"2024-07-02T12:09:28","date_gmt":"2024-07-02T12:09:28","guid":{"rendered":"http:\/\/localhost\/hommywp\/pa-c7a-street-pizza-vending-machine-manufacturers-for-walmart\/"},"modified":"2025-08-01T09:57:28","modified_gmt":"2025-08-01T09:57:28","slug":"pa-c7a-maquina-de-venda-automatica-de-pizzas-1","status":"publish","type":"product","link":"https:\/\/www.hommy.com\/pt\/p\/pa-c7a-maquina-de-venda-automatica-de-pizzas-1\/","title":{"rendered":"Pa-C7a M\u00e1quina de venda autom\u00e1tica de pizza de rua Fabricantes para Walmart"},"content":{"rendered":"<div>\n<h1 style=\"text-align: center\"><strong><span style=\"letter-spacing: 0px;font-family: arial, helvetica, sans-serif;font-size: 24px\"><a name=\"Frozen Pizza Vending Machine\"><\/a>M\u00e1quina de venda autom\u00e1tica de pizzas congeladas&nbsp;<\/span><\/strong><\/h1>\n<p style=\"text-align: center\"><a href=\"#Frozen Pizza Vending Machine\" target=\"_self\" data-lv=\"0\" rel=\"noopener\"><span style=\"letter-spacing: 0px;font-family: arial, helvetica, sans-serif;font-size: 18px\">M\u00e1quina de venda autom\u00e1tica de pizzas congeladas<\/span><\/a><span style=\"letter-spacing: 0px;font-family: arial, helvetica, sans-serif;font-size: 18px\">|<a href=\"#Product specification\" target=\"_self\" data-lv=\"0\" rel=\"noopener\">Especifica\u00e7\u00e3o do produto<\/a>|<a href=\"#Product Features\" target=\"_self\" data-lv=\"0\" rel=\"noopener\">Carater\u00edsticas do produto<\/a>|<a href=\"#Product Advantage\" target=\"_self\" data-lv=\"0\" rel=\"noopener\">Vantagem do produto<\/a><\/span><\/p>\n<p><\/p>\n<p style=\"text-align: center\">&nbsp;&nbsp;&nbsp;&nbsp;<\/p>\n<h1><\/h1>\n<p>N\u00f3s somos um nome proeminente neste dom\u00ednio, mantendo uma posi\u00e7\u00e3o forte entre os nossos concorrentes na ind\u00fastria. A m\u00e1quina de venda autom\u00e1tica de pizza oferecida \u00e9 altamente apreciada por sua qualidade, durabilidade, baixo custo de manuten\u00e7\u00e3o e confiabilidade. Esta m\u00e1quina de venda autom\u00e1tica de pizza pode ser aproveitada de n\u00f3s a pre\u00e7os mais acess\u00edveis.<\/p>\n<div class=\"d-tem01-graphic tem01-graphic mockup\" data-detail=\"wrap\">\n<div class=\"cont-section clearfix d-clearfix\">\n<div class=\"col-md-6 col-sm-6 col-xs-6\"><\/p>\n<div class=\"graphic_pic animated wow bounceIn\" data-wow-delay=\".7s\">\n<p style=\"text-align:center\"><img loading=\"lazy\" decoding=\"async\" src=\"https:\/\/www.hommy.com\/wp-content\/uploads\/16097211447314.jpg\" alt=\"produto-Hommy-PA-C7A m\u00e1quina de venda autom\u00e1tica de pizzas-img\" title=\"\" width=\"500\" height=\"400\" border=\"0\" vspace=\"0\" style=\"width: 500px;height: 400px\"><\/p>\n<\/div>\n<\/div>\n<div class=\"col-md-6 col-sm-6 col-xs-6\">\n<div class=\"right-p\">\n<div class=\"h2 heading\">\n<p><strong><span style=\"letter-spacing: 0px;font-family: arial, helvetica, sans-serif;font-size: 24px\"><a name=\"Product Features\"><\/a>Carater\u00edsticas do produto<\/span><\/strong><span style=\"font-family:\u5b8b\u4f53;letter-spacing:0;font-size:29px\">&nbsp;<\/span><\/p>\n<\/div>\n<p><span style=\"font-family: arial, helvetica, sans-serif;font-size: 18px\"><\/span><\/p>\n<p><span style=\"font-family: arial, helvetica, sans-serif;font-size: 18px\">1. Ecr\u00e3 de 21,5\" para funcionamento .<\/span><\/p>\n<p><span style=\"letter-spacing: 0px;font-family: arial, helvetica, sans-serif;font-size: 18px\">2. tendo em conta o ambiente de congela\u00e7\u00e3o e de baixa temperatura, a estrutura patenteada do canal foi concebida para garantir uma entrega suave e est\u00e1vel das mercadorias a baixa temperatura. <\/span><\/p>\n<p><span style=\"font-family: arial, helvetica, sans-serif;font-size: 18px\">3. O sistema de pagamento pode aceitar: moeda, fatura, moeda Exchang, interface de cart\u00e3o de cr\u00e9dito.<\/span><\/p>\n<p><span style=\"font-family: arial, helvetica, sans-serif;font-size: 18px\"><span style=\"font-family: Calibri;font-size: 21px\">4. O freezer dentro pode manter 30pcs pizza \uff08esta \u00e9 a caixa de embalagem de pizza estilo americano: 41X41X4.5cm) se o tamanho da sua caixa de embalagem de pizza for pequeno, isso ser\u00e1 mais quantidade e manter\u00e1 a temperatura de -8<\/span><span style=\"font-family: \u5b8b\u4f53;font-size: 21px\">\u2103<\/span><span style=\"font-family: Calibri;font-size: 21px\">&nbsp;a 10<\/span><span style=\"font-family: \u5b8b\u4f53;font-size: 21px\">\u2103<\/span><span style=\"font-family: Calibri;font-size: 21px\">. <\/span><\/span><\/p>\n<p><span style=\"font-family: arial, helvetica, sans-serif;font-size: 18px\">5. Placa de controlo avan\u00e7ada para PC, fun\u00e7\u00e3o bem programada e funcionamento est\u00e1vel.<\/span><\/p>\n<p><span style=\"font-family: arial, helvetica, sans-serif;font-size: 18px\">6. A temperatura do congelador pode ser configurada com base em diferentes produtos, com fun\u00e7\u00e3o de descongela\u00e7\u00e3o autom\u00e1tica, para garantir que a m\u00e1quina em condi\u00e7\u00f5es meteorol\u00f3gicas de alta temperatura e alta humidade funcione normalmente e fun\u00e7\u00e3o de pasteuriza\u00e7\u00e3o;<\/span><\/p>\n<p><span style=\"font-family: arial, helvetica, sans-serif;font-size: 18px\">7. Existe uma fun\u00e7\u00e3o de prote\u00e7\u00e3o contra a falha de energia, a m\u00e1quina ainda mostra o poder do estado, tem a fun\u00e7\u00e3o de mem\u00f3ria, a fun\u00e7\u00e3o de prote\u00e7\u00e3o contra fugas de sobrecarga, garantir o funcionamento seguro da m\u00e1quina. <\/span><\/p>\n<p style=\"margin-top:0;margin-right:0;margin-bottom:0;text-align:justify\"><span style=\"letter-spacing: 0px;font-family: arial, helvetica, sans-serif;font-size: 18px\">8. A l\u00edngua \u00e9 o ingl\u00eas . &nbsp;<\/span><\/p>\n<p><span style=\"font-family: arial, helvetica, sans-serif;font-size: 18px\">9. Sistema de gest\u00e3o remota por computador: consulta de detalhes de vendas, lembretes de faltas, lembretes de falhas de m\u00e1quinas.<\/span><\/p>\n<p><span style=\"font-family: arial, helvetica, sans-serif;font-size: 18px\"><br \/><\/span><\/p>\n<p><span style=\"font-family: arial, helvetica, sans-serif;font-size: 18px\"><\/span><\/p>\n<\/div>\n<p>&nbsp; &nbsp; &nbsp; &nbsp; &nbsp; &nbsp; &nbsp;<\/p><\/div>\n<\/div>\n<\/div>\n<p><\/p>\n<h1 style=\", Helvetica, Arial, sans-serif\"><strong><span style=\"letter-spacing: 0px;font-family: arial, helvetica, sans-serif;font-size: 24px\"><a name=\"Product specification\"><\/a>Especifica\u00e7\u00e3o do produto<\/span><\/strong><\/h1>\n<p><strong><span style=\"letter-spacing: 0px;font-family: arial, helvetica, sans-serif;font-size: 24px\"><br \/><\/span><\/strong><\/p>\n<p><strong><span style=\"letter-spacing: 0px;font-family: arial, helvetica, sans-serif;font-size: 24px\"><img decoding=\"async\" src=\"https:\/\/www.hommy.com\/wp-content\/uploads\/16097213592257.png\" alt=\"produto-Hommy-img\" title=\"\"><\/span><\/strong><\/p>\n<h1><span style=\"font-family: arial, helvetica, sans-serif;font-size: 24px\"><strong><span style=\"font-family: arial, helvetica, sans-serif;letter-spacing: 0px\"><a name=\"Product Advantage\"><\/a><\/span><\/strong><\/span><br \/><\/h1>\n<h1><span style=\"font-family: arial, helvetica, sans-serif;font-size: 24px\"><strong><span style=\"font-family: arial, helvetica, sans-serif;letter-spacing: 0px\"><a name=\"Product Advantage\"><\/a>Vantagem do produto<\/span><\/strong><\/span><\/h1>\n<div class=\"d-tem01-graphic tem01-graphic mockup\" data-detail=\"wrap\">\n<div class=\"cont-section clearfix d-clearfix\">\n<div class=\"col-md-6 col-sm-6 col-xs-6\">\n<div class=\"right-p\">\n<div class=\"h2 heading\">\n<p style=\"margin-top:0;margin-right:0;margin-bottom:0;margin-left:0;text-indent:0;text-align:justify\"><span style=\"font-family:Calibri;font-size:21px\">1.&nbsp;&nbsp;<\/span><span style=\"font-family:Calibri;font-size:21px\">21.5<\/span><span style=\"font-family:Calibri;font-size:21px\">\"<\/span><span style=\"font-family:Calibri;font-size:21px\">&nbsp;ecr\u00e3 de funcionamento .<\/span><\/p>\n<p style=\"margin-top:0;margin-right:0;margin-bottom:0;margin-left:0;text-indent:0;text-align:justify\"><span style=\"font-family:Calibri;font-size:21px\"><br \/><\/span><\/p>\n<\/div>\n<\/div>\n<div class=\"graphic_pic animated wow bounceIn\" data-wow-delay=\".7s\">\n<p style=\"text-align:center\"><img loading=\"lazy\" decoding=\"async\" src=\"https:\/\/www.hommy.com\/wp-content\/uploads\/16097215947160.jpg\" alt=\"produto-PA-C7A m\u00e1quina de venda autom\u00e1tica de pizzas-Hommy-img\" title=\"\" width=\"350\" height=\"551\" border=\"0\" vspace=\"0\" style=\"width: 350px;height: 551px\"><\/p>\n<\/div>\n<\/div>\n<div class=\"col-md-6 col-sm-6 col-xs-6\">\n<div class=\"right-p\">\n<div class=\"h2 heading\">\n<p style=\"margin-top:0;margin-right:0;margin-bottom:0;margin-left:0;text-indent:0;text-align:justify\"><span style=\"font-family: arial, helvetica, sans-serif;font-size: 18px\"><span style=\"font-family: arial, helvetica, sans-serif;letter-spacing: 0px\">2. 30 conjuntos de pizzas s\u00e3o guardados na caixa de papel que se encontra no interior da m\u00e1quina, mantendo a temperatura <\/span><span style=\"font-family: arial, helvetica, sans-serif\">de -8\u2103 a 10\u2103.<\/span><\/span><\/p>\n<p style=\"margin-top:0;margin-right:0;margin-bottom:0;margin-left:0;text-indent:0;text-align:justify\"><span style=\"font-family: arial, helvetica, sans-serif;font-size: 18px\"><span style=\"font-family: arial, helvetica, sans-serif\"><br \/><\/span><\/span><\/p>\n<\/div>\n<\/div>\n<div class=\"graphic_pic animated wow bounceIn\" data-wow-delay=\".7s\">\n<p style=\"text-align:center\"><img loading=\"lazy\" decoding=\"async\" src=\"https:\/\/www.hommy.com\/wp-content\/uploads\/16097216543041.jpg\" alt=\"produto-Hommy-img\" title=\"\" width=\"300\" height=\"350\" border=\"0\" vspace=\"0\" style=\"width: 300px;height: 350px\"><\/p>\n<\/div>\n<\/div>\n<\/div>\n<\/div>\n<div class=\"d-tem01-graphic tem01-graphic mockup\" data-detail=\"wrap\">\n<div class=\"cont-section clearfix d-clearfix\">\n<div class=\"col-md-6 col-sm-6 col-xs-6\">\n<div class=\"right-p\">\n<div class=\"h2 heading\">\n<p><span style=\"font-family: arial, helvetica, sans-serif;font-size: 18px\"><span style=\"font-family: arial, helvetica, sans-serif;letter-spacing: 0px\">3.&nbsp;<\/span><span style=\"font-family: arial, helvetica, sans-serif\">O sistema de pagamento pode aceitar: moeda, fatura, moeda Exchang, interface de cart\u00e3o de cr\u00e9dito.<\/span><\/span><\/p>\n<p><span style=\"font-family: arial, helvetica, sans-serif;font-size: 18px\"><span style=\"font-family: arial, helvetica, sans-serif\"><br \/><\/span><\/span><\/p>\n<\/div>\n<\/div>\n<div class=\"graphic_pic animated wow bounceIn\" data-wow-delay=\".7s\">\n<p style=\"text-align:center\"><img loading=\"lazy\" decoding=\"async\" src=\"https:\/\/www.hommy.com\/wp-content\/uploads\/16097217475490.jpg\" alt=\"produto-Hommy-img\" title=\"\" width=\"350\" height=\"551\" border=\"0\" vspace=\"0\" style=\"width: 350px;height: 551px\"><\/p>\n<p><\/p>\n<p><\/p>\n<p><\/p>\n<h2 style=\"font-family: sans-serif\">Quais s\u00e3o os pa\u00edses que t\u00eam m\u00e1quinas de venda autom\u00e1tica de pizzas?<\/h2>\n<p style=\"margin-top: 5px;margin-bottom: 5px;font-family: sans-serif;font-size: 16px\">As m\u00e1quinas de venda autom\u00e1tica podem ser muito eficazes se chegarem \u00e0s massas.<\/p>\n<p style=\"margin-top: 5px;margin-bottom: 5px;font-family: sans-serif;font-size: 16px\">Muitos pa\u00edses t\u00eam algum tipo de m\u00e1quinas de venda autom\u00e1tica que oferecem comida local e internacional, desde pizza a d\u00f6ner kebab. Muitos pa\u00edses t\u00eam m\u00e1quinas de venda autom\u00e1tica de pizzas com capacidade para fazer pizzas de massa fina e grossa. Estas m\u00e1quinas de venda autom\u00e1tica podem ser muito boas se n\u00e3o estiverem demasiado cheias, embora possam n\u00e3o ser f\u00e1ceis de alcan\u00e7ar se o local for de dif\u00edcil acesso. Al\u00e9m disso, a m\u00e1quina deve ser capaz de confecionar a comida num curto espa\u00e7o de tempo, uma vez que as m\u00e1quinas s\u00e3o frequentemente utilizadas por crian\u00e7as em idade escolar e, muitas vezes, necessitam de uma refei\u00e7\u00e3o r\u00e1pida.&nbsp;<\/p>\n<p style=\"margin-top: 5px;margin-bottom: 5px;font-family: sans-serif;font-size: 16px\"><\/p>\n<h2 style=\"font-family: sans-serif\">\u00c9 poss\u00edvel ganhar dinheiro com m\u00e1quinas de venda autom\u00e1tica?<\/h2>\n<p style=\"margin-top: 5px;margin-bottom: 5px;font-family: sans-serif;font-size: 16px\">Uma m\u00e1quina de venda autom\u00e1tica \u00e9 uma pe\u00e7a de equipamento de retalho que distribui produtos. Uma m\u00e1quina de venda autom\u00e1tica cont\u00e9m muitos tipos diferentes de produtos, tais como snacks, bebidas, refei\u00e7\u00f5es e muito mais. S\u00e3o uma forma eficaz de fazer chegar os produtos \u00e0s pessoas de forma r\u00e1pida e c\u00f3moda. A hist\u00f3ria das m\u00e1quinas de venda autom\u00e1tica \u00e9 bastante interessante, come\u00e7ando no final do s\u00e9culo XIX e in\u00edcio do s\u00e9culo XX. Foram utilizadas para vender refrigerantes e gelados na d\u00e9cada de 1930, o que constituiu um grande passo na ind\u00fastria do retalho. No final da d\u00e9cada de 1960 e in\u00edcio da d\u00e9cada de 1970, as m\u00e1quinas de venda autom\u00e1tica tornaram-se bastante comuns nos Estados Unidos, e t\u00eam vindo a espalhar-se por todo o mundo.<\/p>\n<p style=\"margin-top: 5px;margin-bottom: 5px;font-family: sans-serif;font-size: 16px\"><\/p>\n<h2 style=\"font-family: sans-serif\">Quem fabrica m\u00e1quinas de venda autom\u00e1tica de pizzas?<\/h2>\n<p style=\"margin-top: 5px;margin-bottom: 5px;font-family: sans-serif;font-size: 16px\">Existem dois tipos principais de m\u00e1quinas de venda autom\u00e1tica. Um \u00e9 a m\u00e1quina de venda autom\u00e1tica original, que vende cigarros, refrigerantes, cerveja, rebu\u00e7ados e, por vezes, alimentos. O outro tipo de m\u00e1quina de venda autom\u00e1tica, mais comum, \u00e9 a m\u00e1quina de venda autom\u00e1tica de pizzas. H\u00e1 mais de 15 anos que as m\u00e1quinas de venda autom\u00e1tica de pizzas s\u00e3o escolhas populares para pequenas empresas e at\u00e9 para pequenas e grandes cadeias. As m\u00e1quinas de venda autom\u00e1tica de pizzas, e o seu sucesso, t\u00eam sido um tema quente na \u00faltima d\u00e9cada e muitas das principais cadeias de pizzas e mesmo algumas cadeias de pizzas de cadeias mais pequenas ou regionais, adquiriram e implantaram m\u00e1quinas de venda autom\u00e1tica para o seu menu.<\/p>\n<\/div>\n<\/div>\n<div class=\"col-md-6 col-sm-6 col-xs-6\">\n<div class=\"right-p\">\n<div class=\"h2 heading\">\n<p><span style=\"font-family: arial, helvetica, sans-serif;font-size: 18px\">4. Sistema de gest\u00e3o remota por computador: consulta de detalhes de vendas, lembretes de escassez, lembretes de falhas de m\u00e1quinas.<\/span><\/p>\n<p><span style=\"font-family: arial, helvetica, sans-serif;font-size: 18px\"><br \/><\/span><\/p>\n<\/div>\n<\/div>\n<div class=\"graphic_pic animated wow bounceIn\" data-wow-delay=\".7s\">\n<p style=\"text-align:center\"><img loading=\"lazy\" decoding=\"async\" src=\"https:\/\/www.hommy.com\/wp-content\/uploads\/16097217804233.png\" alt=\"produto-Hommy-img\" title=\"\" width=\"350\" height=\"551\" border=\"0\" vspace=\"0\" style=\"width: 350px;height: 551px\"><\/p>\n<\/div>\n<\/div>\n<\/div>\n<\/div><\/div>","protected":false},"excerpt":{"rendered":"<p>Frozen Pizza Vending Machine&nbsp; Frozen Pizza Vending Machine|Product specification|Product Features|Product Advantage &nbsp;&nbsp;&nbsp;&nbsp; We are a prominent name in this domain, holding a strong position among our competitors in the industry. The offered Pizza Vending Machine is highly appreciated for its quality, durability, low maintenance cost and reliability. This Pizza Vending Machine can be availed from [&hellip;]<\/p>\n","protected":false},"featured_media":199,"comment_status":"open","ping_status":"open","template":"","meta":{"_swt_meta_header_display":false,"_swt_meta_footer_display":false,"_swt_meta_site_title_display":false,"_swt_meta_sticky_header":false,"_swt_meta_transparent_header":false},"product_brand":[],"product_cat":[70,68],"product_tag":[],"class_list":{"0":"post-205","1":"product","2":"type-product","3":"status-publish","4":"has-post-thumbnail","6":"product_cat-pizza-vending-machine","7":"product_cat-vending-machine","9":"first","10":"instock","11":"shipping-taxable","12":"product-type-simple"},"_links":{"self":[{"href":"https:\/\/www.hommy.com\/pt\/wp-json\/wp\/v2\/product\/205","targetHints":{"allow":["GET"]}}],"collection":[{"href":"https:\/\/www.hommy.com\/pt\/wp-json\/wp\/v2\/product"}],"about":[{"href":"https:\/\/www.hommy.com\/pt\/wp-json\/wp\/v2\/types\/product"}],"replies":[{"embeddable":true,"href":"https:\/\/www.hommy.com\/pt\/wp-json\/wp\/v2\/comments?post=205"}],"wp:featuredmedia":[{"embeddable":true,"href":"https:\/\/www.hommy.com\/pt\/wp-json\/wp\/v2\/media\/199"}],"wp:attachment":[{"href":"https:\/\/www.hommy.com\/pt\/wp-json\/wp\/v2\/media?parent=205"}],"wp:term":[{"taxonomy":"product_brand","embeddable":true,"href":"https:\/\/www.hommy.com\/pt\/wp-json\/wp\/v2\/product_brand?post=205"},{"taxonomy":"product_cat","embeddable":true,"href":"https:\/\/www.hommy.com\/pt\/wp-json\/wp\/v2\/product_cat?post=205"},{"taxonomy":"product_tag","embeddable":true,"href":"https:\/\/www.hommy.com\/pt\/wp-json\/wp\/v2\/product_tag?post=205"}],"curies":[{"name":"wp","href":"https:\/\/api.w.org\/{rel}","templated":true}]}}