{"id":198,"date":"2024-07-02T12:09:24","date_gmt":"2024-07-02T12:09:24","guid":{"rendered":"http:\/\/localhost\/hommywp\/pa-c6-touch-screen-automatic-pizza-vending-machine-for-college\/"},"modified":"2025-08-01T09:57:28","modified_gmt":"2025-08-01T09:57:28","slug":"pa-c6-maquina-automatica-de-venda-automatica-de-pizzas","status":"publish","type":"product","link":"https:\/\/www.hommy.com\/pt\/p\/pa-c6-maquina-automatica-de-venda-automatica-de-pizzas\/","title":{"rendered":"Pa-C6 M\u00e1quina de venda autom\u00e1tica de pizza com ecr\u00e3 t\u00e1til para a faculdade"},"content":{"rendered":"<div>\n<p><\/p>\n<h1 style=\"text-align: center\"><span style=\"font-family: arial, helvetica, sans-serif\"><strong><span style=\"letter-spacing: 0px;font-size: 29px\"><a name=\"Automatic Infrared Heating Vending Pizza Machine\"><\/a>M\u00e1quina autom\u00e1tica de venda autom\u00e1tica de pizza com aquecimento por infravermelhos<\/span><\/strong><\/span><\/h1>\n<p style=\"text-align: center\"><span style=\"letter-spacing: 0px;font-family: arial, helvetica, sans-serif;font-size: 18px\"><a href=\"#Automatic Infrared Heating Vending Pizza Machine\" target=\"_self\" data-lv=\"0\" rel=\"noopener\">M\u00e1quina autom\u00e1tica de venda autom\u00e1tica de pizza com aquecimento por infravermelhos<\/a>|<a href=\"#Product Features\" target=\"_self\" data-lv=\"0\" rel=\"noopener\">Carater\u00edsticas do produto<\/a>|<a href=\"#Product specification\" target=\"_self\" data-lv=\"0\" rel=\"noopener\">Especifica\u00e7\u00e3o do produto<\/a>|<a href=\"#Product Advantage\" target=\"_self\" data-lv=\"0\" rel=\"noopener\">Vantagem do produto<\/a><\/span><\/p>\n<p><\/p>\n<p style=\"text-align: center\">&nbsp;&nbsp;&nbsp;&nbsp;<\/p>\n<p>Temos uma equipa qualificada de profissionais que fabricam estas M\u00e1quinas de Venda de Pizza com Ecr\u00e3 T\u00e1ctil em estrita ades\u00e3o aos padr\u00f5es industriais. N\u00f3s prometemos entregar essas m\u00e1quinas para os clientes a pre\u00e7os l\u00edderes da ind\u00fastria. Os produtos oferecidos por n\u00f3s s\u00e3o amplamente reconhecidos por sua alta durabilidade, confiabilidade, facilidade de opera\u00e7\u00e3o e recursos de alta seguran\u00e7a. Os clientes podem aproveitar de n\u00f3s produtos que podem ser operados de forma automatizada em qualquer um dos seus pontos de venda. Al\u00e9m disso, n\u00f3s tamb\u00e9m fornecemos solu\u00e7\u00f5es personalizadas na forma de tela de toque modular pizza m\u00e1quina de venda autom\u00e1tica.<\/p>\n<div class=\"d-tem01-graphic tem01-graphic mockup\" data-detail=\"wrap\">\n<div class=\"cont-section clearfix d-clearfix\">\n<div class=\"col-md-6 col-sm-6 col-xs-6\"><\/p>\n<div class=\"graphic_pic animated wow bounceIn\" data-wow-delay=\".7s\"><img decoding=\"async\" src=\"https:\/\/www.hommy.com\/wp-content\/uploads\/16064612268625.png\" alt=\"produto-Hommy-img\" title=\"\"><br \/>\n &nbsp; &nbsp; &nbsp; &nbsp; &nbsp; &nbsp;<\/div>\n<\/div>\n<div class=\"col-md-6 col-sm-6 col-xs-6\">\n<div class=\"right-p\">\n<div class=\"h2 heading\">\n<h1><strong><span style=\"letter-spacing: 0px;font-family: arial, helvetica, sans-serif;font-size: 24px\"><a name=\"Product Features\"><\/a>Carater\u00edsticas do produto<\/span><\/strong><\/h1>\n<\/div>\n<div class=\"description\">\n<p><span style=\"font-size: 18px;font-family: arial, helvetica, sans-serif\">1. Ecr\u00e3 de 55\" para promo\u00e7\u00e3o e funcionamento do ecr\u00e3 de 15\" .<\/span><\/p>\n<p><span style=\"font-size: 18px;font-family: arial, helvetica, sans-serif\">2. O sistema de pagamento pode aceitar: moeda, fatura, moeda Exchang, interface de cart\u00e3o de cr\u00e9dito.<\/span><\/p>\n<p><span style=\"font-size: 18px;font-family: arial, helvetica, sans-serif\">3. O freezer interno pode manter 48pcs 10 \"pizza e manter a temperatura de -8 \u2103 a 10 \u2103. <\/span><\/p>\n<p><span style=\"font-size: 18px;font-family: arial, helvetica, sans-serif\">4. A m\u00e1quina guarda no seu interior 48 caixas de papel.<\/span><\/p>\n<p><span style=\"font-size: 18px;font-family: arial, helvetica, sans-serif\">5. Placa de controlo avan\u00e7ada para PC, fun\u00e7\u00e3o bem programada e funcionamento est\u00e1vel.<\/span><\/p>\n<p><span style=\"font-size: 18px;font-family: arial, helvetica, sans-serif\">6. O congelador no interior tem um ecr\u00e3 publicit\u00e1rio de maiores dimens\u00f5es e fun\u00e7\u00e3o de pasteuriza\u00e7\u00e3o. <\/span><\/p>\n<p style=\"margin-left:0;text-indent:0\"><span style=\"font-size: 18px;font-family: arial, helvetica, sans-serif\">7. A temperatura do congelador pode ser configurada com base em diferentes produtos, com fun\u00e7\u00e3o de descongela\u00e7\u00e3o autom\u00e1tica, para garantir que a m\u00e1quina em condi\u00e7\u00f5es de alta temperatura e alta humidade funciona normalmente;<\/span><\/p>\n<p style=\"margin-left:0;text-indent:0\"><span style=\"letter-spacing: 0px;font-size: 18px;font-family: arial, helvetica, sans-serif\">8. Temperatura de aquecimento por infravermelhos <span style=\"letter-spacing: 0px;font-size: 18px;font-family: \u5b8b\u4f53\">\uff1a<\/span>60-300 \u2103 precisa de 45-55 segundos para assar uma pizza.<\/span><\/p>\n<p style=\"margin-left:0;text-indent:0\"><span style=\"letter-spacing: 0px;font-size: 18px;font-family: arial, helvetica, sans-serif\">9.  Tamanho da casa de infravermelhos: 400X400X300mm e pot\u00eancia: 3000W. <\/span><\/p>\n<p style=\"margin-left:0;text-indent:0\"><span style=\"font-size: 18px;font-family: arial, helvetica, sans-serif\">10. Existe uma fun\u00e7\u00e3o de prote\u00e7\u00e3o contra a falha de energia, a m\u00e1quina ainda mostra o poder do estado, tem a fun\u00e7\u00e3o de mem\u00f3ria, a fun\u00e7\u00e3o de prote\u00e7\u00e3o contra fugas de sobrecarga, garantir o funcionamento seguro da m\u00e1quina. <\/span><\/p>\n<p style=\"margin-top:0;margin-right:0;margin-bottom:0;margin-left:0;text-indent:0;text-align:justify\"><span style=\"letter-spacing: 0px;font-size: 18px;font-family: arial, helvetica, sans-serif\">11. A l\u00edngua pode basear-se em diferentes pa\u00edses para a ajustar. <\/span><\/p>\n<p style=\"margin-top:0;margin-right:0;margin-bottom:0;margin-left:0;text-indent:0;text-align:justify\"><span style=\"letter-spacing: 0px;font-size: 18px;font-family: arial, helvetica, sans-serif\">12. 48 conjuntos de pizzas s\u00e3o armazenados no interior da m\u00e1quina.<\/span><\/p>\n<p style=\"margin-left:0;text-indent:0\"><span style=\"font-size: 18px;font-family: arial, helvetica, sans-serif\">13. Sistema de gest\u00e3o remota por computador: consulta de pormenores de vendas, lembretes de faltas, lembretes de falhas de m\u00e1quinas.<\/span><\/p>\n<\/div>\n<\/div>\n<p>&nbsp; &nbsp; &nbsp; &nbsp; &nbsp; &nbsp;&nbsp;<\/p><\/div>\n<\/div>\n<\/div>\n<h1><span style=\"font-size: 24px\"><strong><span style=\"letter-spacing: 0px;font-family: arial, helvetica, sans-serif\"><a name=\"Product specification\"><\/a>Especifica\u00e7\u00e3o do produto<\/span><\/strong><\/span><\/h1>\n<p><strong><span style=\"letter-spacing: 0px;font-size: 29px;font-family: arial, helvetica, sans-serif\"><br \/><\/span><\/strong><\/p>\n<p><strong><span style=\"letter-spacing: 0px;font-size: 29px;font-family: arial, helvetica, sans-serif\"><img loading=\"lazy\" decoding=\"async\" src=\"https:\/\/www.hommy.com\/wp-content\/uploads\/16064598714551.png\" title=\"\" alt=\"produto-Hommy-img\" width=\"1000\" height=\"462\" border=\"0\" vspace=\"0\" style=\"width: 1000px;height: 462px\"><\/span><\/strong><\/p>\n<p><strong><span style=\"letter-spacing: 0px;font-size: 29px;font-family: arial, helvetica, sans-serif\"><br \/><\/span><\/strong><\/p>\n<p><strong><span style=\"letter-spacing: 0px;font-size: 29px;font-family: arial, helvetica, sans-serif\"><\/span><\/strong><\/p>\n<h1><span style=\"font-size: 24px\"><strong><span style=\"letter-spacing: 0px;font-family: arial, helvetica, sans-serif\">Vantagem do produto<\/span><\/strong><\/span><\/h1>\n<p><span style=\"font-family:\u5b8b\u4f53;letter-spacing:0;font-size:29px\"><\/span><\/p>\n<div class=\"d-tem01-graphic tem01-graphic mockup\" data-detail=\"wrap\">\n<div class=\"cont-section clearfix d-clearfix\">\n<div class=\"col-md-6 col-sm-6 col-xs-6\">\n<div class=\"right-p\">\n<div class=\"h2 heading\">\n<p><span style=\"font-size: 18px;font-family: arial, helvetica, sans-serif\">Ecr\u00e3 de 1,55\" para promo\u00e7\u00e3o e funcionamento com ecr\u00e3 de 15\".<\/span><\/p>\n<p><span style=\"font-size: 18px;font-family: arial, helvetica, sans-serif\"><br \/><\/span><\/p>\n<p><span style=\"font-family:Calibri;font-size:21px\"><br \/><\/span><\/p>\n<\/div>\n<\/div>\n<div class=\"graphic_pic animated wow bounceIn\" data-wow-delay=\".7s\" style=\"text-align: center\"><img loading=\"lazy\" decoding=\"async\" src=\"https:\/\/www.hommy.com\/wp-content\/uploads\/16064607889486.jpg\" alt=\"produto-Hommy-img\" title=\"\" width=\"300\" height=\"583\" border=\"0\" vspace=\"0\" style=\"width: 300px;height: 583px\"><br \/>\n &nbsp; &nbsp; &nbsp; &nbsp; &nbsp; &nbsp;<\/div>\n<\/div>\n<div class=\"col-md-6 col-sm-6 col-xs-6\">\n<div class=\"right-p\">\n<p><span style=\"font-family: arial, helvetica, sans-serif;font-size: 18px\">2.<span style=\"font-family: arial, helvetica, sans-serif;letter-spacing: 0px\">Temperatura de aquecimento infravermelho: 60-300 \u2103 precisa de 45-55 segundos para assar uma pizza e tamanho da casa infravermelha: 400X400X300mm e pot\u00eancia: 3000W.<\/span><\/span><\/p>\n<p><span style=\"font-family: arial, helvetica, sans-serif;font-size: 18px\"><span style=\"font-family: arial, helvetica, sans-serif;letter-spacing: 0px\"><br \/><\/span><\/span><\/p>\n<\/div>\n<div class=\"graphic_pic animated wow bounceIn\" data-wow-delay=\".7s\" style=\"text-align: center\"><img loading=\"lazy\" decoding=\"async\" src=\"https:\/\/www.hommy.com\/wp-content\/uploads\/16064607973919.jpg\" alt=\"produto-Hommy-img\" title=\"\" width=\"300\" height=\"583\" border=\"0\" vspace=\"0\" style=\"width: 300px;height: 583px\">&nbsp; &nbsp; &nbsp; &nbsp; &nbsp; &nbsp; &nbsp;<\/div>\n<\/div>\n<\/div>\n<\/div>\n<div class=\"d-tem01-graphic tem01-graphic mockup\" data-detail=\"wrap\">\n<div class=\"cont-section clearfix d-clearfix\">\n<div class=\"col-md-6 col-sm-6 col-xs-6\">\n<div class=\"right-p\">\n<p><span style=\"font-family: arial, helvetica, sans-serif;font-size: 18px\">3.<span style=\"font-family: arial, helvetica, sans-serif;text-align: justify;letter-spacing: 0px\">48 conjuntos de pizzas s\u00e3o armazenados no interior da m\u00e1quina, mantendo a temperatura <\/span><span style=\"font-family: arial, helvetica, sans-serif;text-align: justify\">de -8\u2103 a 10\u2103.<\/span><\/span><\/p>\n<p><span style=\"text-align: justify;font-family: Calibri;font-size: 21px\"><br \/><\/span><\/p>\n<\/div>\n<div class=\"graphic_pic animated wow bounceIn\" data-wow-delay=\".7s\" style=\"text-align: center\"><img loading=\"lazy\" decoding=\"async\" src=\"https:\/\/www.hommy.com\/wp-content\/uploads\/16064608154132.png\" alt=\"produto-PA-C6 M\u00e1quina autom\u00e1tica de venda autom\u00e1tica de pizzas-Hommy-img\" title=\"\" width=\"300\" height=\"583\" border=\"0\" vspace=\"0\" style=\"width: 300px;height: 583px\"><br \/>\n &nbsp; &nbsp; &nbsp; &nbsp; &nbsp; &nbsp;<\/div>\n<\/div>\n<div class=\"col-md-6 col-sm-6 col-xs-6\">\n<div class=\"right-p\">\n<div class=\"h2 heading\">\n<p><span style=\"font-family: arial, helvetica, sans-serif;font-size: 18px\">4. o interior da m\u00e1quina guarda 48 caixas de papel.<\/span><\/p>\n<p><span style=\"font-family:Calibri;font-size:21px\"><br \/><\/span><\/p>\n<\/div>\n<\/div>\n<div class=\"graphic_pic animated wow bounceIn\" data-wow-delay=\".7s\" style=\"text-align: center\"><img loading=\"lazy\" decoding=\"async\" src=\"https:\/\/www.hommy.com\/wp-content\/uploads\/16064608329874.png\" alt=\"produto-Hommy-PA-C6 M\u00e1quina autom\u00e1tica de venda autom\u00e1tica de pizzas-img\" title=\"\" width=\"300\" height=\"583\" border=\"0\" vspace=\"0\" style=\"width: 300px;height: 583px\">&nbsp; &nbsp; &nbsp; &nbsp; &nbsp; &nbsp; &nbsp;<\/div>\n<\/div>\n<\/div>\n<\/div>\n<div class=\"d-tem01-graphic tem01-graphic mockup\" data-detail=\"wrap\">\n<div class=\"cont-section clearfix d-clearfix\">\n<div class=\"col-md-6 col-sm-6 col-xs-6\">\n<div class=\"right-p\">\n<div class=\"h2 heading\">\n<p><span style=\"font-family: arial, helvetica, sans-serif;font-size: 18px\">5. o sistema de pagamento pode aceitar: moeda, fatura, moeda Exchang, interface de cart\u00e3o de cr\u00e9dito.<\/span><\/p>\n<p><span style=\"font-family:Calibri;font-size:21px\"><br \/><\/span><\/p>\n<\/div>\n<\/div>\n<p style=\"text-align: center\"><img loading=\"lazy\" decoding=\"async\" src=\"https:\/\/www.hommy.com\/wp-content\/uploads\/16064608579105.png\" alt=\"produto-Hommy-img-1\" title=\"\" width=\"300\" height=\"350\" border=\"0\" vspace=\"0\" style=\"width: 300px;height: 350px\">&nbsp; &nbsp; &nbsp; &nbsp; &nbsp; &nbsp; &nbsp;<\/p>\n<\/div>\n<div class=\"col-md-6 col-sm-6 col-xs-6\">\n<div class=\"right-p\">\n<div class=\"h2 heading\">\n<p><span style=\"font-family: arial, helvetica, sans-serif;font-size: 18px\">6. Sistema de gest\u00e3o remota por computador: consulta de detalhes de vendas, lembretes de faltas, lembretes de falhas de m\u00e1quinas.<\/span><\/p>\n<p><span style=\"font-family:Calibri;font-size:21px\"><br \/><\/span><\/p>\n<\/div>\n<\/div>\n<p style=\"text-align: center\"><img loading=\"lazy\" decoding=\"async\" src=\"https:\/\/www.hommy.com\/wp-content\/uploads\/16064608773586.jpg\" alt=\"produto-Hommy-img-1\" title=\"\" width=\"400\" height=\"437\" border=\"0\" vspace=\"0\" style=\"width: 400px;height: 437px\">&nbsp; &nbsp; &nbsp; &nbsp; &nbsp; &nbsp; &nbsp;<\/p>\n<\/div>\n<\/div>\n<\/div>\n<p>Documento\uff1a<img decoding=\"async\" src=\"https:\/\/www.hommy.com\/wp-content\/uploads\/icon_pdf.gif\" style=\"margin-right: 2px\" alt=\"produto-Hommy-img-1\" title=\"\"><a href=\"https:\/\/img80002414.weyesimg.com\/uploads\/www.hommy.com\/addon\/16064611261775.pdf\" title=\"16064611261775.pdf\" style=\"font-size: 12px\">16064611261775.pdf<\/a><\/p>\n<h2>Quem fabrica m\u00e1quinas de venda autom\u00e1tica de pizzas?<\/h2>\n<p style=\"margin-top: 5px;margin-bottom: 5px\">Estava a falar com um dos meus s\u00f3cios que \u00e9 propriet\u00e1rio de uma das maiores empresas de m\u00e1quinas de venda autom\u00e1tica. Trabalha com empresas que t\u00eam m\u00e1quinas que fornecem as bebidas para v\u00e1rios eventos e muitas vezes t\u00eam m\u00e1quinas no ambiente empresarial para fornecer aos empregados as bebidas de que necessitam.<\/p>\n<p style=\"margin-top: 5px;margin-bottom: 5px\"><\/p>\n<h2>Devo investir na pizza Piestro?<\/h2>\n<p style=\"margin-top: 5px;margin-bottom: 5px\">Estou a pensar se devo comprar a Piestro Pizza para investir. Depois de falar com v\u00e1rios investidores acho que todos me v\u00e3o dizer para levar o meu neg\u00f3cio para outro lado. Algu\u00e9m tem alguma dica que eu deva analisar antes de decidir se devo investir ou n\u00e3o. Se conseguir ganhar a vida com isso, ent\u00e3o n\u00e3o precisa de investir. Sugiro que aprenda os fundamentos da piza (e de outros neg\u00f3cios) online e, em seguida, procure oportunidades de franchising (\u00e9 melhor procurar primeiro e acima de tudo). H\u00e1 tantas oportunidades de franchising por a\u00ed, que deve ter alguma sorte. Estou no meu terceiro ano a gerir um franchising da Pizza Hut na Calif\u00f3rnia e tenho-me sa\u00eddo muito bem at\u00e9 agora, mas, como tudo na vida, tem de dedicar tempo, aprender o que precisa de saber e estar preparado para o sucesso.<\/p>\n<p style=\"margin-top: 5px;margin-bottom: 5px\"><\/p>\n<h2>Quanto custa um forno de pizza comercial?<\/h2>\n<p style=\"margin-top: 5px;margin-bottom: 5px\">Um forno de pizza comercial pode custar entre $5.000 e $15.000, dependendo se o forno de pizza \u00e9 suficientemente grande para caber uma das suas pizzas, ou do tipo de forno de pizza que procura. Os fornos para pizzas comerciais podem ser utilizados para muitos tipos de alimentos, n\u00e3o apenas para pizzas. Dependendo do tamanho do forno para pizzas que pretende, pode ser qualquer coisa, desde um pequeno forno de mesa at\u00e9 grandes fornos para pizzas comerciais. Os maiores fornos de pizza comerciais atualmente dispon\u00edveis s\u00e3o capazes de pegar numa das suas pizzas, coz\u00ea-la e coloc\u00e1-la numa superf\u00edcie plana com facilidade. Alguns fornos de pizza comerciais tamb\u00e9m t\u00eam a capacidade de aquecer os alimentos enquanto est\u00e3o a cozer.<\/p>\n<\/p><\/div>","protected":false},"excerpt":{"rendered":"<p>Automatic Infrared Heating Vending Pizza Machine Automatic Infrared Heating Vending Pizza Machine|Product Features|Product specification|Product Advantage &nbsp;&nbsp;&nbsp;&nbsp; We have a skilled team of professionals that manufacture these Touch Screen Pizza Vending Machines in strict adherence to industrial standards. We promise to deliver these machines to clients at industry leading prices. The products offered by us are [&hellip;]<\/p>\n","protected":false},"featured_media":189,"comment_status":"open","ping_status":"open","template":"","meta":{"_swt_meta_header_display":false,"_swt_meta_footer_display":false,"_swt_meta_site_title_display":false,"_swt_meta_sticky_header":false,"_swt_meta_transparent_header":false},"product_brand":[],"product_cat":[70,68],"product_tag":[],"class_list":{"0":"post-198","1":"product","2":"type-product","3":"status-publish","4":"has-post-thumbnail","6":"product_cat-pizza-vending-machine","7":"product_cat-vending-machine","9":"first","10":"instock","11":"shipping-taxable","12":"product-type-simple"},"_links":{"self":[{"href":"https:\/\/www.hommy.com\/pt\/wp-json\/wp\/v2\/product\/198","targetHints":{"allow":["GET"]}}],"collection":[{"href":"https:\/\/www.hommy.com\/pt\/wp-json\/wp\/v2\/product"}],"about":[{"href":"https:\/\/www.hommy.com\/pt\/wp-json\/wp\/v2\/types\/product"}],"replies":[{"embeddable":true,"href":"https:\/\/www.hommy.com\/pt\/wp-json\/wp\/v2\/comments?post=198"}],"wp:featuredmedia":[{"embeddable":true,"href":"https:\/\/www.hommy.com\/pt\/wp-json\/wp\/v2\/media\/189"}],"wp:attachment":[{"href":"https:\/\/www.hommy.com\/pt\/wp-json\/wp\/v2\/media?parent=198"}],"wp:term":[{"taxonomy":"product_brand","embeddable":true,"href":"https:\/\/www.hommy.com\/pt\/wp-json\/wp\/v2\/product_brand?post=198"},{"taxonomy":"product_cat","embeddable":true,"href":"https:\/\/www.hommy.com\/pt\/wp-json\/wp\/v2\/product_cat?post=198"},{"taxonomy":"product_tag","embeddable":true,"href":"https:\/\/www.hommy.com\/pt\/wp-json\/wp\/v2\/product_tag?post=198"}],"curies":[{"name":"wp","href":"https:\/\/api.w.org\/{rel}","templated":true}]}}