{"id":188,"date":"2024-07-02T12:09:20","date_gmt":"2024-07-02T12:09:20","guid":{"rendered":"http:\/\/localhost\/hommywp\/pa-c6-b-with-roof-fully-automatic-pizza-vending-machine-price\/"},"modified":"2025-08-01T09:57:28","modified_gmt":"2025-08-01T09:57:28","slug":"pa-c6-b-com-telhado-maquina-automatica-de-venda-automatica-de-pizza-preco","status":"publish","type":"product","link":"https:\/\/www.hommy.com\/pt\/p\/pa-c6-b-com-telhado-maquina-automatica-de-venda-automatica-de-pizza-preco\/","title":{"rendered":"Pa-C6-B com telhado M\u00e1quina de venda autom\u00e1tica de pizza Pre\u00e7o"},"content":{"rendered":"<p style=\"text-align: center;\"><strong><span style=\"font-family: Calibri; font-size: 29px;\">neg\u00f3cio de m\u00e1quinas de venda autom\u00e1tica de pizzas<\/span><\/strong><\/p>\n<div class=\"epyt-video-wrapper\">\n<div  style=\"display: block; margin: 0px auto;\"  id=\"_ytid_88395\"  width=\"800\" height=\"450\"  data-origwidth=\"800\" data-origheight=\"450\"  data-relstop=\"1\" data-facadesrc=\"https:\/\/www.youtube.com\/embed\/uVsIe_11_mE?enablejsapi=1&#038;autoplay=0&#038;cc_load_policy=0&#038;cc_lang_pref=&#038;iv_load_policy=1&#038;loop=0&#038;rel=0&#038;fs=1&#038;playsinline=0&#038;autohide=2&#038;theme=dark&#038;color=red&#038;controls=1&#038;disablekb=0&#038;\" class=\"__youtube_prefs__ epyt-facade epyt-is-override  no-lazyload\" data-epautoplay=\"1\" ><img decoding=\"async\" data-spai-excluded=\"true\" class=\"epyt-facade-poster skip-lazy\" loading=\"lazy\" alt=\"Leitor do YouTube\" src=\"https:\/\/i.ytimg.com\/vi\/uVsIe_11_mE\/maxresdefault.jpg\" title=\"\"><button class=\"epyt-facade-play\" aria-label=\"Jogar\"><svg data-no-lazy=\"1\" height=\"100%\" version=\"1.1\" viewbox=\"0 0 68 48\" width=\"100%\"><path class=\"ytp-large-play-button-bg\" d=\"M66.52,7.74c-0.78-2.93-2.49-5.41-5.42-6.19C55.79,.13,34,0,34,0S12.21,.13,6.9,1.55 C3.97,2.33,2.27,4.81,1.48,7.74C0.06,13.05,0,24,0,24s0.06,10.95,1.48,16.26c0.78,2.93,2.49,5.41,5.42,6.19 C12.21,47.87,34,48,34,48s21.79-0.13,27.1-1.55c2.93-0.78,4.64-3.26,5.42-6.19C67.94,34.95,68,24,68,24S67.94,13.05,66.52,7.74z\" fill=\"#f00\"><\/path><path d=\"M 45,24 27,14 27,34\" fill=\"#fff\"><\/path><\/svg><\/button><\/div>\n<\/div>\n<p>Estes s\u00e3o fabricados usando mat\u00e9ria-prima verificada de qualidade usando tecnologia premium. Conosco, voc\u00ea pode aproveitar o pre\u00e7o premium da M\u00e1quina de Venda de Pizza. Al\u00e9m disso, nossa gama oferecida de m\u00e1quinas est\u00e1 dispon\u00edvel em diferentes especifica\u00e7\u00f5es, voc\u00ea pode comprar as melhores e acess\u00edveis m\u00e1quinas para o seu neg\u00f3cio.<\/p>\n<p><strong><span style=\"font-family: \u5b8b\u4f53; font-size: 29px;\">Produto <\/span><span style=\"font-family: \u5b8b\u4f53; font-size: 29px;\">especifica\u00e7\u00e3o\uff1a<\/span><\/strong><\/p>\n<p><strong><span style=\"font-family: \u5b8b\u4f53; font-size: 29px;\"><img loading=\"lazy\" decoding=\"async\" style=\"height: 961px; width: 800px;\" title=\"\" src=\"https:\/\/www.hommy.com\/wp-content\/uploads\/16428200333753-4.jpg\" alt=\"produto-Hommy-PA-C6-B com telhado m\u00e1quina autom\u00e1tica de venda autom\u00e1tica de pizzas pre\u00e7o-img\" width=\"800\" height=\"961\" border=\"0\" vspace=\"0\"><\/span><\/strong><\/p>\n<p>&nbsp;<\/p>\n<p><img decoding=\"async\" src=\"https:\/\/www.hommy.com\/wp-content\/uploads\/16428201553858-4.jpg\" alt=\"produto-Hommy-img\" title=\"\"><\/p>\n<p><img loading=\"lazy\" decoding=\"async\" style=\"width: 800px; height: 890px;\" title=\"\" src=\"https:\/\/www.hommy.com\/wp-content\/uploads\/16428200313238-4.jpg\" alt=\"produto-Hommy-img\" width=\"800\" height=\"890\" border=\"0\" vspace=\"0\"><\/p>\n<p><img decoding=\"async\" src=\"https:\/\/www.hommy.com\/wp-content\/uploads\/16428201485643-4.jpg\" alt=\"produto-Hommy-img\" title=\"\"><\/p>\n<p>&nbsp;<\/p>\n<p>&nbsp;<\/p>\n<p><img decoding=\"async\" src=\"https:\/\/www.hommy.com\/wp-content\/uploads\/16427514456587.jpg\" alt=\"produto-Hommy-img\" title=\"\"><\/p>\n<p style=\"margin-bottom: 0; text-align: justify;\"><strong><span style=\"font-family: \u5b8b\u4f53; font-size: 29px;\">Carater\u00edsticas do produto:<\/span><\/strong><\/p>\n<p><span style=\"font-family: Calibri; font-size: 21px;\">1.\u00a0<\/span><span style=\"font-family: Calibri; font-size: 21px;\">Ecr\u00e3 de 32\" para promo\u00e7\u00e3o e funcionamento do ecr\u00e3 de 10,5\" .<\/span><\/p>\n<p><span style=\"font-family: Calibri; font-size: 21px;\">2.\u00a0<\/span><span style=\"font-family: Calibri; font-size: 21px;\">O sistema de pagamento pode aceitar: moeda, fatura, moeda Exchang, interface de cart\u00e3o de cr\u00e9dito.<\/span><\/p>\n<p><span style=\"font-family: Calibri; font-size: 21px;\">3.\u00a0<\/span><span style=\"font-family: Calibri; font-size: 21px;\">O congelador da m\u00e1quina de venda autom\u00e1tica de pizza no interior pode manter 88pcs 12 \"pizza e manter a temperatura de 10<\/span><span style=\"font-family: Calibri; font-size: 21px;\">\u2103<\/span><span style=\"font-family: Calibri; font-size: 21px;\">\u00a0a -18<\/span><span style=\"font-family: Calibri; font-size: 21px;\">\u2103<\/span><span style=\"font-family: Calibri; font-size: 21px;\">. <\/span><\/p>\n<p><span style=\"font-family: Calibri; font-size: 21px;\">4.\u00a0<\/span><span style=\"font-family: Calibri; font-size: 21px;\">A m\u00e1quina guarda no seu interior 88 caixas de papel.<\/span><\/p>\n<p><span style=\"font-family: Calibri; font-size: 21px;\">5.\u00a0<\/span><span style=\"font-family: Calibri; font-size: 21px;\">Placa de controlo avan\u00e7ada para PC, fun\u00e7\u00e3o bem programada e funcionamento est\u00e1vel.<\/span><\/p>\n<p><span style=\"font-family: Calibri; font-size: 21px;\">6.\u00a0<\/span><span style=\"font-family: Calibri; font-size: 21px;\">Armazenamos automaticamente os dados dos produtos no armaz\u00e9m atrav\u00e9s da leitura de c\u00f3digos QR. Para cada produto, definimos um c\u00f3digo QR. Pode saber claramente o tempo de produ\u00e7\u00e3o e a data de validade do produto, para que possa seguir o paradeiro do produto. Quando o produto est\u00e1 a dois dias da data de validade, o nosso sistema ajuda-o automaticamente a vender at\u00e9 \u00e0 venda. Quando o produto tiver ultrapassado o prazo de validade, o sistema deixar\u00e1 automaticamente de vender o produto para garantir a qualidade e a seguran\u00e7a. <\/span><\/p>\n<p><span style=\"font-family: Calibri; font-size: 21px;\">7.\u00a0<\/span><span style=\"font-family: Calibri; font-size: 21px;\">A temperatura do congelador pode ser configurada com base em diferentes produtos, com fun\u00e7\u00e3o de descongela\u00e7\u00e3o autom\u00e1tica, para garantir que a m\u00e1quina funciona normalmente em condi\u00e7\u00f5es meteorol\u00f3gicas de alta temperatura e alta humidade;<\/span><\/p>\n<p><span style=\"font-family: Calibri; font-size: 21px;\">8.\u00a0<\/span><span style=\"font-family: Calibri; font-size: 21px;\">Temperatura de aquecimento por infravermelhos <span style=\"font-family: \u5b8b\u4f53;\">\uff1a<\/span><span style=\"font-family: Calibri;\">60-300 \u2103 precisa de 3-5 minutos para assar uma pizza.<\/span><\/span><\/p>\n<p><span style=\"font-family: Calibri; font-size: 21px;\">9.\u00a0<\/span><span style=\"font-family: Calibri; font-size: 21px;\">\u00a0Tamanho da casa de infravermelhos: 400X400X300mm e pot\u00eancia: 3000W. <\/span><\/p>\n<p><span style=\"font-family: Calibri; font-size: 21px;\">10.\u00a0<\/span><span style=\"font-family: Calibri; font-size: 21px;\">Existe uma fun\u00e7\u00e3o de prote\u00e7\u00e3o contra a falha de energia, a m\u00e1quina ainda mostra o poder do estado, tem a fun\u00e7\u00e3o de mem\u00f3ria, a fun\u00e7\u00e3o de prote\u00e7\u00e3o contra fugas de sobrecarga, assegura o funcionamento seguro da m\u00e1quina. <\/span><\/p>\n<p style=\"margin-bottom: 0; text-align: justify;\"><span style=\"font-family: Calibri; font-size: 21px;\">11.\u00a0<\/span><span style=\"font-family: Calibri; font-size: 21px;\">A l\u00edngua pode basear-se em diferentes pa\u00edses para a ajustar. <\/span><\/p>\n<p><span style=\"font-family: Calibri; font-size: 21px;\">12.\u00a0<\/span><span style=\"font-family: Calibri; font-size: 21px;\">Fun\u00e7\u00e3o de poupan\u00e7a de energia autom\u00e1tica adicionada. A m\u00e1quina acrescenta dois per\u00edodos de tempo para almo\u00e7o e jantar. A m\u00e1quina pr\u00e9-aquece automaticamente \u00e0 temperatura definida pelo utilizador entre 80 e 100 graus. Quando o cliente paga, a m\u00e1quina aquece automaticamente, de modo que o tempo de cozedura \u00e9 reduzido, a velocidade de venda \u00e9 acelerada e n\u00e3o h\u00e1 necessidade de pr\u00e9-aquecer durante todo o dia.<\/span><\/p>\n<p><span style=\"font-family: Calibri; font-size: 21px;\">13.\u00a0<\/span><span style=\"font-family: Calibri; font-size: 21px;\">Sistema de gest\u00e3o remota por computador: consulta de detalhes de vendas, lembretes de escassez, lembrete de falha de m\u00e1quina, que pode economizar mais custo de trabalho, m\u00e1quina de venda autom\u00e1tica de pizza hommy adicionar mais fun\u00e7\u00e3o humanizada.<\/span><\/p>\n<p><span style=\"font-family: Calibri; font-size: 21px;\">14.\u00a0<\/span><span style=\"font-family: Calibri; font-size: 21px;\">o infravermelho no interior tem uma temperatura para cima e para baixo para ajustar a temperatura e o tempo de cozedura com base nos diferentes sabores de piza.<\/span><\/p>\n<p><span style=\"font-family: Calibri; font-size: 21px;\">15.\u00a0<\/span><span style=\"font-family: Calibri; font-size: 21px;\">A m\u00e1quina monitoriza a temperatura do compartimento do congelador durante 24 horas. Quando a temperatura n\u00e3o atinge o padr\u00e3o que definiu, recorda-o automaticamente para garantir que a piza n\u00e3o se deteriora e cumpre as normas de seguran\u00e7a e higiene do produto.<\/span><\/p>\n<p><span style=\"font-family: Calibri; font-size: 21px;\">\u00a0<\/span><\/p>\n<p style=\"margin-bottom: 0; text-align: justify;\"><strong><span style=\"font-family: \u5b8b\u4f53; font-size: 29px;\">\u00a0<\/span><\/strong><\/p>\n<p><strong><span style=\"font-family: \u5b8b\u4f53; font-size: 29px;\">Vantagem do produto:<\/span><\/strong><\/p>\n<p><span style=\"font-family: Calibri; font-size: 21px;\">1.\u00a0<\/span><span style=\"font-family: Calibri; font-size: 21px;\">Temperatura de aquecimento por infravermelhos <span style=\"font-family: \u5b8b\u4f53;\">\uff1a<\/span><span style=\"font-family: Calibri;\">60-300 \u2103 precisa de 3-5 minutos para assar uma pizza<\/span><\/span><span style=\"font-family: \u5b8b\u4f53; font-size: 21px;\">\u00a0e <\/span><span style=\"font-family: Calibri; font-size: 21px;\">Tamanho da casa de infravermelhos: 400X400X300mm e pot\u00eancia: 3000W. <\/span><\/p>\n<p><img loading=\"lazy\" decoding=\"async\" style=\"width: 350px; height: 1440px;\" title=\"\" src=\"https:\/\/www.hommy.com\/wp-content\/uploads\/16427515605998.jpg\" alt=\"produto-PA-C6-B com m\u00e1quina de venda autom\u00e1tica de pizzas no teto pre\u00e7o-Hommy-img\" width=\"350\" height=\"1440\" border=\"0\" vspace=\"0\"><\/p>\n<p style=\"margin-bottom: 0; text-align: justify;\"><span style=\"font-family: Calibri; font-size: 21px;\">2.\u00a0<\/span><span style=\"font-family: Calibri; font-size: 21px;\">Se utilizar uma frigideira de alum\u00ednio para cozinhar, pode aquecer o fundo da piza de forma mais uniforme e a piza que sai \u00e9 mais deliciosa.<\/span><\/p>\n<p style=\"margin-bottom: 0; text-align: justify;\"><img decoding=\"async\" src=\"https:\/\/www.hommy.com\/wp-content\/uploads\/16427516009268.jpg\" alt=\"produto-Hommy-PA-C6-B com m\u00e1quina de venda autom\u00e1tica de pizzas no teto pre\u00e7o-img-1\" title=\"\"><\/p>\n<p><span style=\"font-family: Calibri; font-size: 21px;\">4.<\/span><span style=\"font-family: Calibri; font-size: 16px;\">\u00a0<\/span><span style=\"font-family: Calibri; font-size: 21px;\">Armazenamos automaticamente os dados dos produtos no armaz\u00e9m atrav\u00e9s da leitura de c\u00f3digos QR. Para cada produto, definimos um c\u00f3digo QR. Pode saber claramente o tempo de produ\u00e7\u00e3o e a data de validade do produto, para que possa seguir o paradeiro do produto. Quando o produto est\u00e1 a dois dias da data de validade, o nosso sistema ajuda-o automaticamente a vender at\u00e9 \u00e0 venda. Quando o produto tiver ultrapassado o prazo de validade, o sistema deixar\u00e1 automaticamente de vender o produto para garantir a qualidade e a seguran\u00e7a.<\/span><\/p>\n<p style=\"vertical-align: baseline;\"><img decoding=\"async\" src=\"https:\/\/www.hommy.com\/wp-content\/uploads\/16427516171266.png\" alt=\"produto-Hommy-img-1\" title=\"\"><\/p>\n<p><span style=\"font-family: \u5b8b\u4f53; font-size: 20px;\">5.<\/span><span style=\"font-family: Calibri; font-size: 21px;\">O sistema de pagamento pode aceitar: moeda, fatura, moeda Exchang, interface de cart\u00e3o de cr\u00e9dito.<\/span><\/p>\n<p style=\"vertical-align: baseline;\"><img loading=\"lazy\" decoding=\"async\" style=\"width: 350px; height: 546px;\" title=\"\" src=\"https:\/\/www.hommy.com\/wp-content\/uploads\/16427516657622.png\" alt=\"produto-Hommy-img-1\" width=\"350\" height=\"546\" border=\"0\" vspace=\"0\"><\/p>\n<p><span style=\"font-family: Calibri; font-size: 21px;\">6.\u00a0<\/span><span style=\"font-family: Calibri; font-size: 21px;\">Sistema de gest\u00e3o remota por computador: consulta de detalhes de vendas, lembretes de faltas, lembretes de falhas de m\u00e1quinas.<\/span><\/p>\n<p style=\"vertical-align: baseline;\"><img decoding=\"async\" src=\"https:\/\/www.hommy.com\/wp-content\/uploads\/16427517237781.jpg\" alt=\"produto-Hommy-img-1\" title=\"\"><\/p>\n<p style=\"vertical-align: baseline;\"><span style=\"font-family: Calibri; font-size: 20px;\">7.\u00a0<\/span><span style=\"font-family: Calibri; font-size: 20px;\">\u00a0Aquecedor interno do forno com controlo separado do tempo e da temperatura, que pode basear-se em diferentes <\/span><\/p>\n<p style=\"vertical-align: baseline;\"><span style=\"font-family: Calibri; font-size: 20px;\">Ajustar o sabor . <\/span><\/p>\n<p style=\"vertical-align: baseline;\"><img loading=\"lazy\" decoding=\"async\" style=\"width: 350px; height: 254px;\" title=\"\" src=\"https:\/\/www.hommy.com\/wp-content\/uploads\/16427517719866.png\" alt=\"produto-Hommy-img-1\" width=\"350\" height=\"254\" border=\"0\" vspace=\"0\"><\/p>\n<p style=\"vertical-align: baseline;\"><span style=\"font-family: \u5b8b\u4f53; font-size: 20px;\">8.<\/span><span style=\"font-family: Calibri; font-size: 20px;\">A m\u00e1quina de venda autom\u00e1tica de pizza no interior usa a base da caixa de pizza na m\u00e1quina para projetar e pode ser mantida no freezer -18C. Usamos material de baixa resist\u00eancia \u00e0 temperatura. <\/span><\/p>\n<p style=\"vertical-align: baseline;\"><img loading=\"lazy\" decoding=\"async\" style=\"width: 350px; height: 328px;\" title=\"\" src=\"https:\/\/www.hommy.com\/wp-content\/uploads\/16427517943140.png\" alt=\"produto-PA-C6-B com m\u00e1quina de venda autom\u00e1tica de pizzas no teto pre\u00e7o-Hommy-img-1\" width=\"350\" height=\"328\" border=\"0\" vspace=\"0\"><\/p>\n<p style=\"vertical-align: baseline;\"><span style=\"font-family: Calibri; font-size: 20px;\">9.\u00a0<\/span><span style=\"font-family: Calibri; font-size: 20px;\">\u00a0Tem dois tipos de telhado para escolher A e B, este telhado pode bloquear o vento, a chuva e a neve.<\/span><\/p>\n<p style=\"vertical-align: baseline;\"><img loading=\"lazy\" decoding=\"async\" style=\"width: 650px; height: 353px;\" title=\"\" src=\"https:\/\/www.hommy.com\/wp-content\/uploads\/16427518398896.png\" alt=\"produto-Hommy-PA-C6-B com m\u00e1quina de venda autom\u00e1tica de pizzas no teto pre\u00e7o-img-2\" width=\"650\" height=\"353\" border=\"0\" vspace=\"0\"><\/p>\n<p style=\"vertical-align: baseline;\"><span style=\"font-family: Calibri; font-size: 20px;\">10.\u00a0<\/span><span style=\"font-family: Calibri; font-size: 20px;\">O seu log\u00f3tipo \u00e9 bem-vindo em OEM <\/span><\/p>\n<p style=\"vertical-align: baseline;\"><img decoding=\"async\" src=\"https:\/\/www.hommy.com\/wp-content\/uploads\/16427519343463.png\" alt=\"produto-Hommy-img-2\" title=\"\"><\/p>\n<p><span style=\"font-family: \u5b8b\u4f53; font-size: 29px;\">\u00a0<\/span><\/p>\n<h2>Quantas pizzas podem ser feitas numa hora?<\/h2>\n<p style=\"margin-top: 5px; margin-bottom: 5px;\">\n<p style=\"margin-top: 5px; margin-bottom: 5px;\">Durante toda a semana e durante todo o ver\u00e3o, pode fazer at\u00e9 6 pizzas em 30 minutos pelo pre\u00e7o de alguns minutos a ver tinta a secar. Estamos a utilizar uma variedade de coberturas e prepar\u00e1mos menus para uma semana.<\/p>\n<p style=\"margin-top: 5px; margin-bottom: 5px;\">\n<p style=\"margin-top: 5px; margin-bottom: 5px;\">\n<h2>Quanta eletricidade consome um forno de pizza?<\/h2>\n<p style=\"margin-top: 5px; margin-bottom: 5px;\">\n<p style=\"margin-top: 5px; margin-bottom: 5px;\">A pizza \u00e9 um dos alimentos mais populares da Am\u00e9rica, mas quando se trata de fornos de pizza, as pessoas nem sempre sabem o que est\u00e3o \u00e0 procura. \u00c9 por isso que fiz este Guia de Compra de Fornos de Pizza para principiantes. Comecemos por analisar a quest\u00e3o b\u00e1sica de quanta eletricidade consome um forno de pizza.<\/p>\n<p style=\"margin-top: 5px; margin-bottom: 5px;\">\n<h2>Que tipo de forno para pizzas utiliza a Dominos?<\/h2>\n<p style=\"margin-top: 5px; margin-bottom: 5px;\">\n<p style=\"margin-top: 5px; margin-bottom: 5px;\">A:<\/p>\n<p style=\"margin-top: 5px; margin-bottom: 5px;\">\n<p style=\"margin-top: 5px; margin-bottom: 5px;\">Este forno \u00e9 muito semelhante ao da fotografia.  Trata-se de um forno de piza de p\u00e9 fabricado por uma empresa chamada Leitz &amp; Kluge.<\/p>\n<p style=\"margin-top: 5px; margin-bottom: 5px;\">Este forno foi utilizado no passado para confecionar pizzas para a Pizza Hut.<\/p>\n<p style=\"margin-top: 5px; margin-bottom: 5px;\">\n<p style=\"margin-top: 5px; margin-bottom: 5px;\">Ouvi dizer a um executivo da Pizza Hut que h\u00e1 anos que fabricam pizzas neste forno.  Tamb\u00e9m ouvi dizer que a c\u00f4dea da piza neste forno \u00e9 muito mais fina do que a c\u00f4dea fina t\u00edpica.<\/p>","protected":false},"excerpt":{"rendered":"<p>pizza vending machine business These are fabricated using quality checked raw material using premium technology. With us, you can avail premium Pizza Vending Machine Price. Further, our offered range of machines is available in different specifications, you can buy the best and affordable machines for your business. Product specification\uff1a &nbsp; &nbsp; &nbsp; Product Features: 1.\u00a032\u201d [&hellip;]<\/p>\n","protected":false},"featured_media":1963,"comment_status":"closed","ping_status":"closed","template":"","meta":{"_swt_meta_header_display":false,"_swt_meta_footer_display":false,"_swt_meta_site_title_display":false,"_swt_meta_sticky_header":false,"_swt_meta_transparent_header":false},"product_brand":[],"product_cat":[70,68],"product_tag":[],"class_list":{"0":"post-188","1":"product","2":"type-product","3":"status-publish","4":"has-post-thumbnail","6":"product_cat-pizza-vending-machine","7":"product_cat-vending-machine","9":"first","10":"instock","11":"shipping-taxable","12":"product-type-simple"},"_links":{"self":[{"href":"https:\/\/www.hommy.com\/pt\/wp-json\/wp\/v2\/product\/188","targetHints":{"allow":["GET"]}}],"collection":[{"href":"https:\/\/www.hommy.com\/pt\/wp-json\/wp\/v2\/product"}],"about":[{"href":"https:\/\/www.hommy.com\/pt\/wp-json\/wp\/v2\/types\/product"}],"replies":[{"embeddable":true,"href":"https:\/\/www.hommy.com\/pt\/wp-json\/wp\/v2\/comments?post=188"}],"wp:featuredmedia":[{"embeddable":true,"href":"https:\/\/www.hommy.com\/pt\/wp-json\/wp\/v2\/media\/1963"}],"wp:attachment":[{"href":"https:\/\/www.hommy.com\/pt\/wp-json\/wp\/v2\/media?parent=188"}],"wp:term":[{"taxonomy":"product_brand","embeddable":true,"href":"https:\/\/www.hommy.com\/pt\/wp-json\/wp\/v2\/product_brand?post=188"},{"taxonomy":"product_cat","embeddable":true,"href":"https:\/\/www.hommy.com\/pt\/wp-json\/wp\/v2\/product_cat?post=188"},{"taxonomy":"product_tag","embeddable":true,"href":"https:\/\/www.hommy.com\/pt\/wp-json\/wp\/v2\/product_tag?post=188"}],"curies":[{"name":"wp","href":"https:\/\/api.w.org\/{rel}","templated":true}]}}