{"id":160,"date":"2024-07-02T12:09:03","date_gmt":"2024-07-02T12:09:03","guid":{"rendered":"http:\/\/localhost\/hommywp\/pa-c6-a-commercial-automated-pizza-vending-machine-for-university\/"},"modified":"2025-10-22T10:02:30","modified_gmt":"2025-10-22T10:02:30","slug":"pa-c6-um-anuncio-de-uma-maquina-de-venda-automatica-de-pizzas","status":"publish","type":"product","link":"https:\/\/www.hommy.com\/pt\/p\/pa-c6-um-anuncio-de-uma-maquina-de-venda-automatica-de-pizzas\/","title":{"rendered":"Pa-C6-A M\u00e1quina de venda autom\u00e1tica de pizzas para universidades"},"content":{"rendered":"<div>\n<p style=\"text-align: center;\"><strong><span style=\"font-family: Calibri; font-size: 29px;\">\u00a0 \u00a0 \u00a0 \u00a0 M\u00e1quina de venda autom\u00e1tica de pizzas <\/span><\/strong><span style=\"font-family: \u5b8b\u4f53; font-size: 29px;\">\u00a0<\/span><span style=\"font-family: \u5b8b\u4f53; font-size: 29px;\">\u00a0<\/span><\/p>\n<p style=\"text-align: center;\"><span style=\"font-family: Calibri; font-size: 29px;\"><a href=\"https:\/\/youtu.be\/9XD10B1ux2Y\" rel=\"nofollow noopener\" target=\"_blank\">https:\/\/youtu.be\/9XD10B1ux2Y<\/a> <\/span><\/p>\n<p>N\u00f3s somos um fabricante, fornecedor e exportador desta M\u00e1quina de venda autom\u00e1tica de pizza comercial. N\u00f3s somos um nome confi\u00e1vel e renomado na ind\u00fastria para a qualidade desta m\u00e1quina. Oferecemos esta M\u00e1quina Comercial de Venda de Pizza em v\u00e1rias especifica\u00e7\u00f5es de acordo com as necessidades dos nossos clientes. Somos um nome de renome na ind\u00fastria pela qualidade desta m\u00e1quina.<\/p>\n<p><span style=\"font-family: Helvetica;\"><strong><span style=\"font-size: 29px;\">Especifica\u00e7\u00e3o do produto:<\/span><\/strong><\/span><\/p>\n<p><strong><span style=\"font-family: \u5b8b\u4f53; font-size: 29px;\"><img loading=\"lazy\" decoding=\"async\" style=\"height: 961px; width: 800px;\" title=\"\" src=\"https:\/\/www.hommy.com\/wp-content\/uploads\/16428200333753-2.jpg\" alt=\"product-PA-C6-A M\u00e1quina de venda autom\u00e1tica de pizzas comercial-Hommy-img\" width=\"800\" height=\"961\" border=\"0\" vspace=\"0\"><\/span><\/strong><\/p>\n<p><img decoding=\"async\" src=\"https:\/\/www.hommy.com\/wp-content\/uploads\/16428201553858-2.jpg\" alt=\"produto-Hommy-img\" title=\"\"><\/p>\n<p><img loading=\"lazy\" decoding=\"async\" style=\"height: 890px; width: 800px;\" title=\"\" src=\"https:\/\/www.hommy.com\/wp-content\/uploads\/16428200313238-2.jpg\" alt=\"produto-Hommy-PA-C6-A M\u00e1quina de venda autom\u00e1tica de pizzas imagem comercial\" width=\"800\" height=\"890\" border=\"0\" vspace=\"0\"><\/p>\n<p><img decoding=\"async\" src=\"https:\/\/www.hommy.com\/wp-content\/uploads\/16428201485643-2.jpg\" alt=\"produto-Hommy-img\" title=\"\"><\/p>\n<p><strong><span style=\"font-family: \u5b8b\u4f53; font-size: 29px;\">\u00a0<\/span><\/strong><\/p>\n<p><img decoding=\"async\" src=\"https:\/\/www.hommy.com\/wp-content\/uploads\/16427469668914.png\" alt=\"produto-Hommy-img\" title=\"\"><\/p>\n<p style=\"margin-bottom: 0; text-align: justify;\"><span style=\"font-family: Helvetica;\"><strong><span style=\"font-size: 29px;\">Carater\u00edsticas do produto:<\/span><\/strong><\/span><\/p>\n<p><span style=\"font-family: Calibri; font-size: 21px;\">1.\u00a0<\/span><span style=\"font-family: Calibri; font-size: 21px;\">Ecr\u00e3 de 32\" para promo\u00e7\u00e3o e funcionamento do ecr\u00e3 de 10,5\" .<\/span><\/p>\n<p><span style=\"font-family: Calibri; font-size: 21px;\">2.\u00a0<\/span><span style=\"font-family: Calibri; font-size: 21px;\">O sistema de pagamento pode aceitar: moeda, fatura, moeda Exchang, interface de cart\u00e3o de cr\u00e9dito.<\/span><\/p>\n<p><span style=\"font-family: Calibri; font-size: 21px;\">3.\u00a0<\/span><span style=\"font-family: Calibri; font-size: 21px;\">O congelador da m\u00e1quina de venda autom\u00e1tica de pizza no interior pode manter 88pcs 12 \"pizza e manter a temperatura de 10<\/span><span style=\"font-family: Calibri; font-size: 21px;\">\u2103<\/span><span style=\"font-family: Calibri; font-size: 21px;\">\u00a0a -18<\/span><span style=\"font-family: Calibri; font-size: 21px;\">\u2103<\/span><span style=\"font-family: Calibri; font-size: 21px;\">. <\/span><\/p>\n<p><span style=\"font-family: Calibri; font-size: 21px;\">4.\u00a0<\/span><span style=\"font-family: Calibri; font-size: 21px;\">A m\u00e1quina guarda no seu interior 88 caixas de papel.<\/span><\/p>\n<p><span style=\"font-family: Calibri; font-size: 21px;\">5.\u00a0<\/span><span style=\"font-family: Calibri; font-size: 21px;\">Placa de controlo avan\u00e7ada para PC, fun\u00e7\u00e3o bem programada e funcionamento est\u00e1vel.<\/span><\/p>\n<p><span style=\"font-family: Calibri; font-size: 21px;\">6.\u00a0<\/span><span style=\"font-family: Calibri; font-size: 21px;\">Armazenamos automaticamente os dados dos produtos no armaz\u00e9m atrav\u00e9s da leitura de c\u00f3digos QR. Para cada produto, definimos um c\u00f3digo QR. Pode saber claramente o tempo de produ\u00e7\u00e3o e a data de validade do produto, para que possa seguir o paradeiro do produto. Quando o produto est\u00e1 a dois dias da data de validade, o nosso sistema ajuda-o automaticamente a vender at\u00e9 \u00e0 venda. Quando o produto tiver ultrapassado o prazo de validade, o sistema deixar\u00e1 automaticamente de vender o produto para garantir a qualidade e a seguran\u00e7a. <\/span><\/p>\n<p><span style=\"font-family: Calibri; font-size: 21px;\">7.\u00a0<\/span><span style=\"font-family: Calibri; font-size: 21px;\">A temperatura do congelador pode ser configurada com base em diferentes produtos, com fun\u00e7\u00e3o de descongela\u00e7\u00e3o autom\u00e1tica, para garantir que a m\u00e1quina funciona normalmente em condi\u00e7\u00f5es meteorol\u00f3gicas de alta temperatura e alta humidade;<\/span><\/p>\n<p><span style=\"font-family: Calibri; font-size: 21px;\">8.\u00a0<\/span><span style=\"font-family: Calibri; font-size: 21px;\">Temperatura de aquecimento por infravermelhos <span style=\"font-family: \u5b8b\u4f53;\">\uff1a<\/span><span style=\"font-family: Calibri;\">60-300 \u2103 precisa de 3-5 minutos para assar uma pizza.<\/span><\/span><\/p>\n<p><span style=\"font-family: Calibri; font-size: 21px;\">9.\u00a0<\/span><span style=\"font-family: Calibri; font-size: 21px;\">\u00a0Tamanho da casa de infravermelhos: 400X400X300mm e pot\u00eancia: 3000W. <\/span><\/p>\n<p><span style=\"font-family: Calibri; font-size: 21px;\">10.\u00a0<\/span><span style=\"font-family: Calibri; font-size: 21px;\">Existe uma fun\u00e7\u00e3o de prote\u00e7\u00e3o contra a falha de energia, a m\u00e1quina ainda mostra o poder do estado, tem a fun\u00e7\u00e3o de mem\u00f3ria, a fun\u00e7\u00e3o de prote\u00e7\u00e3o contra fugas de sobrecarga, assegura o funcionamento seguro da m\u00e1quina. <\/span><\/p>\n<p style=\"margin-bottom: 0; text-align: justify;\"><span style=\"font-family: Calibri; font-size: 21px;\">11.\u00a0<\/span><span style=\"font-family: Calibri; font-size: 21px;\">A l\u00edngua pode basear-se em diferentes pa\u00edses para a ajustar. <\/span><\/p>\n<p><span style=\"font-family: Calibri; font-size: 21px;\">12.\u00a0<\/span><span style=\"font-family: Calibri; font-size: 21px;\">Fun\u00e7\u00e3o de poupan\u00e7a de energia autom\u00e1tica adicionada. A m\u00e1quina acrescenta dois per\u00edodos de tempo para almo\u00e7o e jantar. A m\u00e1quina pr\u00e9-aquece automaticamente \u00e0 temperatura definida pelo utilizador entre 80 e 100 graus. Quando o cliente paga, a m\u00e1quina aquece automaticamente, de modo que o tempo de cozedura \u00e9 reduzido, a velocidade de venda \u00e9 acelerada e n\u00e3o h\u00e1 necessidade de pr\u00e9-aquecer durante todo o dia.<\/span><\/p>\n<p><span style=\"font-family: Calibri; font-size: 21px;\">13.\u00a0<\/span><span style=\"font-family: Calibri; font-size: 21px;\">Sistema de gest\u00e3o remota por computador: consulta de detalhes de vendas, lembretes de escassez, lembrete de falha de m\u00e1quina, que pode economizar mais custo de trabalho, m\u00e1quina de venda autom\u00e1tica de pizza hommy adicionar mais fun\u00e7\u00e3o humanizada.<\/span><\/p>\n<p><span style=\"font-family: Calibri; font-size: 21px;\">14.\u00a0<\/span><span style=\"font-family: Calibri; font-size: 21px;\">o infravermelho no interior tem uma temperatura para cima e para baixo para ajustar a temperatura e o tempo de cozedura com base nos diferentes sabores de piza.<\/span><\/p>\n<p><span style=\"font-family: Calibri; font-size: 21px;\">15.\u00a0<\/span><span style=\"font-family: Calibri; font-size: 21px;\">A m\u00e1quina monitoriza a temperatura do compartimento do congelador durante 24 horas. Quando a temperatura n\u00e3o atinge o padr\u00e3o que definiu, recorda-o automaticamente para garantir que a piza n\u00e3o se deteriora e cumpre as normas de seguran\u00e7a e higiene do produto.<\/span><\/p>\n<p><span style=\"font-family: Calibri; font-size: 21px;\">\u00a0<\/span><\/p>\n<p style=\"margin-bottom: 0; text-align: justify;\"><span style=\"font-family: \u5b8b\u4f53; font-size: 29px;\">\u00a0<\/span><\/p>\n<p><span style=\"font-family: Helvetica;\"><strong><span style=\"font-size: 29px;\">Vantagem do produto:<\/span><\/strong><\/span><\/p>\n<p><span style=\"font-family: Calibri; font-size: 21px;\">1.\u00a0<\/span><span style=\"font-family: Calibri; font-size: 21px;\">Temperatura de aquecimento por infravermelhos <span style=\"font-family: \u5b8b\u4f53;\">\uff1a<\/span><span style=\"font-family: Calibri;\">60-300 \u2103 precisa de 3-5 minutos para assar uma pizza<\/span><\/span><span style=\"font-family: \u5b8b\u4f53; font-size: 21px;\">\u00a0e <\/span><span style=\"font-family: Calibri; font-size: 21px;\">Tamanho da casa de infravermelhos: 400X400X300mm e pot\u00eancia: 3000W. <\/span><\/p>\n<p><img loading=\"lazy\" decoding=\"async\" style=\"width: 350px; height: 1440px;\" title=\"\" src=\"https:\/\/www.hommy.com\/wp-content\/uploads\/16427470181342.jpg\" alt=\"produto-Hommy-PA-C6-A M\u00e1quina de venda autom\u00e1tica de pizzas imagem comercial\" width=\"350\" height=\"1440\" border=\"0\" vspace=\"0\"><\/p>\n<p style=\"margin-bottom: 0; text-align: justify;\"><span style=\"font-family: Calibri; font-size: 21px;\">2.\u00a0<\/span><span style=\"font-family: Calibri; font-size: 21px;\">Se utilizar uma frigideira de alum\u00ednio para cozinhar, pode aquecer o fundo da piza de forma mais uniforme e a piza que sai \u00e9 mais deliciosa.<\/span><\/p>\n<p style=\"margin-bottom: 0; text-align: justify;\"><img decoding=\"async\" src=\"https:\/\/www.hommy.com\/wp-content\/uploads\/16427473428743.jpg\" alt=\"product-PA-C6-A M\u00e1quina de venda autom\u00e1tica de pizzas comercial-Hommy-img\" title=\"\"><\/p>\n<p><span style=\"font-family: Calibri; font-size: 21px;\">4.<\/span><span style=\"font-family: Calibri; font-size: 16px;\">\u00a0<\/span><span style=\"font-family: Calibri; font-size: 21px;\">Armazenamos automaticamente os dados dos produtos no armaz\u00e9m atrav\u00e9s da leitura de c\u00f3digos QR. Para cada produto, definimos um c\u00f3digo QR. Pode saber claramente o tempo de produ\u00e7\u00e3o e a data de validade do produto, para que possa seguir o paradeiro do produto. Quando o produto est\u00e1 a dois dias da data de validade, o nosso sistema ajuda-o automaticamente a vender at\u00e9 \u00e0 venda. Quando o produto tiver ultrapassado o prazo de validade, o sistema deixar\u00e1 automaticamente de vender o produto para garantir a qualidade e a seguran\u00e7a.<\/span><\/p>\n<p style=\"vertical-align: baseline;\"><img decoding=\"async\" src=\"https:\/\/www.hommy.com\/wp-content\/uploads\/16427473794792.png\" alt=\"produto-Hommy-img\" title=\"\"><\/p>\n<p><span style=\"font-family: \u5b8b\u4f53; font-size: 20px;\">5.<\/span><span style=\"font-family: Calibri; font-size: 21px;\">O sistema de pagamento pode aceitar: moeda, fatura, moeda Exchang, interface de cart\u00e3o de cr\u00e9dito.<\/span><\/p>\n<p style=\"vertical-align: baseline;\"><img loading=\"lazy\" decoding=\"async\" style=\"width: 350px; height: 546px;\" title=\"\" src=\"https:\/\/www.hommy.com\/wp-content\/uploads\/16427475326962.png\" alt=\"produto-Hommy-img\" width=\"350\" height=\"546\" border=\"0\" vspace=\"0\"><\/p>\n<p><span style=\"font-family: Calibri; font-size: 21px;\">6.\u00a0<\/span><span style=\"font-family: Calibri; font-size: 21px;\">Sistema de gest\u00e3o remota por computador: consulta de detalhes de vendas, lembretes de faltas, lembretes de falhas de m\u00e1quinas.<\/span><\/p>\n<p style=\"vertical-align: baseline;\"><img decoding=\"async\" src=\"https:\/\/www.hommy.com\/wp-content\/uploads\/16427475921787.jpg\" alt=\"produto-Hommy-img\" title=\"\"><\/p>\n<p style=\"vertical-align: baseline;\"><span style=\"font-family: Calibri; font-size: 20px;\">7.\u00a0<\/span><span style=\"font-family: Calibri; font-size: 20px;\">Aquecedor interno do forno com controlo separado do tempo e da temperatura, que pode basear-se em diferentes <\/span><\/p>\n<p style=\"vertical-align: baseline;\"><span style=\"font-family: Calibri; font-size: 20px;\">Ajustar o sabor . <\/span><\/p>\n<p style=\"vertical-align: baseline;\"><img loading=\"lazy\" decoding=\"async\" style=\"width: 350px; height: 254px;\" title=\"\" src=\"https:\/\/www.hommy.com\/wp-content\/uploads\/16427476598748.png\" alt=\"produto-Hommy-img-1\" width=\"350\" height=\"254\" border=\"0\" vspace=\"0\"><\/p>\n<p style=\"vertical-align: baseline;\"><span style=\"font-family: \u5b8b\u4f53; font-size: 20px;\">8.<\/span><span style=\"font-family: Calibri; font-size: 20px;\">A m\u00e1quina de venda autom\u00e1tica de pizza no interior usa a base da caixa de pizza na m\u00e1quina para projetar e pode ser mantida no freezer -18C. Usamos material de baixa resist\u00eancia \u00e0 temperatura. <\/span><\/p>\n<p style=\"vertical-align: baseline;\"><img loading=\"lazy\" decoding=\"async\" style=\"width: 350px; height: 328px;\" title=\"\" src=\"https:\/\/www.hommy.com\/wp-content\/uploads\/16427477608843.png\" alt=\"produto-Hommy-PA-C6-A M\u00e1quina de venda autom\u00e1tica de pizzas comercial-img-1\" width=\"350\" height=\"328\" border=\"0\" vspace=\"0\"><\/p>\n<\/div>","protected":false},"excerpt":{"rendered":"<p>\u00a0 \u00a0 \u00a0 \u00a0 Let\u2019s pizza vending machine \u00a0\u00a0 https:\/\/youtu.be\/9XD10B1ux2Y We are a manufacturer, supplier and exporter of this Commercial Pizza Vending Machine. We are a reliable and a renowned name in the industry for the quality of this machine. We offer this Commercial Pizza Vending Machine in various specifications as per the needs of [&hellip;]<\/p>\n","protected":false},"featured_media":1961,"comment_status":"open","ping_status":"open","template":"","meta":{"_swt_meta_header_display":false,"_swt_meta_footer_display":false,"_swt_meta_site_title_display":false,"_swt_meta_sticky_header":false,"_swt_meta_transparent_header":false},"product_brand":[],"product_cat":[70,68],"product_tag":[],"class_list":{"0":"post-160","1":"product","2":"type-product","3":"status-publish","4":"has-post-thumbnail","6":"product_cat-pizza-vending-machine","7":"product_cat-vending-machine","9":"first","10":"instock","11":"shipping-taxable","12":"product-type-simple"},"_links":{"self":[{"href":"https:\/\/www.hommy.com\/pt\/wp-json\/wp\/v2\/product\/160","targetHints":{"allow":["GET"]}}],"collection":[{"href":"https:\/\/www.hommy.com\/pt\/wp-json\/wp\/v2\/product"}],"about":[{"href":"https:\/\/www.hommy.com\/pt\/wp-json\/wp\/v2\/types\/product"}],"replies":[{"embeddable":true,"href":"https:\/\/www.hommy.com\/pt\/wp-json\/wp\/v2\/comments?post=160"}],"wp:featuredmedia":[{"embeddable":true,"href":"https:\/\/www.hommy.com\/pt\/wp-json\/wp\/v2\/media\/1961"}],"wp:attachment":[{"href":"https:\/\/www.hommy.com\/pt\/wp-json\/wp\/v2\/media?parent=160"}],"wp:term":[{"taxonomy":"product_brand","embeddable":true,"href":"https:\/\/www.hommy.com\/pt\/wp-json\/wp\/v2\/product_brand?post=160"},{"taxonomy":"product_cat","embeddable":true,"href":"https:\/\/www.hommy.com\/pt\/wp-json\/wp\/v2\/product_cat?post=160"},{"taxonomy":"product_tag","embeddable":true,"href":"https:\/\/www.hommy.com\/pt\/wp-json\/wp\/v2\/product_tag?post=160"}],"curies":[{"name":"wp","href":"https:\/\/api.w.org\/{rel}","templated":true}]}}