{"id":147,"date":"2024-07-02T12:08:54","date_gmt":"2024-07-02T12:08:54","guid":{"rendered":"http:\/\/localhost\/hommywp\/pa-c6-hot-sale-pizza-vending-machine-how-much-for-best-locations\/"},"modified":"2025-08-01T09:57:28","modified_gmt":"2025-08-01T09:57:28","slug":"pa-c6-maquina-de-venda-automatica-de-pizzas","status":"publish","type":"product","link":"https:\/\/www.hommy.com\/pt\/p\/pa-c6-maquina-de-venda-automatica-de-pizzas\/","title":{"rendered":"Pa-C6 M\u00e1quina de venda autom\u00e1tica de pizza a quente Quanto custa a melhor localiza\u00e7\u00e3o"},"content":{"rendered":"<div>\n<p style=\"text-align: center\"><strong><span style=\"font-family:\u5b8b\u4f53;font-size:29px\">A<\/span><span style=\"font-family:\u5b8b\u4f53;font-size:29px\">M\u00e1quina de venda autom\u00e1tica de pizza com aquecimento por infravermelhos<\/span><span style=\"font-family:\u5b8b\u4f53;font-size:29px\">&nbsp;<\/span><span style=\"font-family:\u5b8b\u4f53;font-size:29px\">&nbsp;<\/span><\/strong><\/p>\n<p style=\"text-align: center\"><span style=\"font-family:Calibri;font-size:29px\"><a href=\"https:\/\/youtu.be\/k7jPPm3_y3I\" rel=\"nofollow noopener\" target=\"_blank\">https:\/\/youtu.be\/k7jPPm3_y3I<\/a> <\/span><\/p>\n<p>A nossa gama de produtos \u00e9 oferecida aos compradores a pre\u00e7os competitivos. Com nossos suprimentos qualitativos, somos o principal provedor de servi\u00e7os para uma lista exclusiva de clientes.Somos um dos nomes amplamente conhecidos no dom\u00ednio que oferece uma ampla variedade de M\u00e1quina de Venda de Pizza Quanto. \u00c9 adequado para todos os tipos de restaurantes. Nossos produtos s\u00e3o projetados tendo em mente as exig\u00eancias dos clientes. Estes s\u00e3o feitos com materiais de grau superior e est\u00e3o livres de qualquer tipo de defeitos. O produto oferecido \u00e9 fabricado a partir de materiais pesados usando t\u00e9cnicas de ponta por nossos profissionais deft. Estes s\u00e3o amplamente exigidos no mercado por suas carater\u00edsticas excepcionais, como durabilidade, facilidade de trabalho, manuten\u00e7\u00e3o simples, menor consumo de energia e longa vida \u00fatil. Para al\u00e9m disso, t\u00eam um grande apelo est\u00e9tico que contribui para a beleza do ambiente. A gama fornecida pode ser aproveitada a partir de n\u00f3s em diferentes tamanhos, desenhos, modelos e especifica\u00e7\u00f5es.<\/p>\n<p><strong><span style=\"font-family: \u5b8b\u4f53;font-size: 29px\">Produto&nbsp;<\/span><span style=\"font-family: \u5b8b\u4f53;font-size: 29px\">especifica\u00e7\u00e3o\uff1a<\/span><\/strong><\/p>\n<p><strong><span style=\"font-family: \u5b8b\u4f53;font-size: 29px\"><img loading=\"lazy\" decoding=\"async\" src=\"https:\/\/www.hommy.com\/wp-content\/uploads\/16428200333753-1.jpg\" title=\"\" alt=\"produto-Hommy-img\" width=\"800\" height=\"961\" border=\"0\" vspace=\"0\" style=\"height: 961px;width: 800px\"><\/span><\/strong><\/p>\n<p><strong><span style=\"font-family: \u5b8b\u4f53;font-size: 29px\"><\/span><\/strong><\/p>\n<p><img decoding=\"async\" src=\"https:\/\/www.hommy.com\/wp-content\/uploads\/16428201553858-1.jpg\" alt=\"produto-Hommy-PA-C6 M\u00e1quina de venda autom\u00e1tica de pizzas-img\" title=\"\"><\/p>\n<p><img loading=\"lazy\" decoding=\"async\" src=\"https:\/\/www.hommy.com\/wp-content\/uploads\/16428200313238-1.jpg\" title=\"\" alt=\"produto-Hommy-img\" width=\"800\" height=\"890\" border=\"0\" vspace=\"0\" style=\"height: 890px;width: 800px\"><\/p>\n<p><img decoding=\"async\" src=\"https:\/\/www.hommy.com\/wp-content\/uploads\/16428201485643-1.jpg\" alt=\"produto-PA-C6 M\u00e1quina de venda autom\u00e1tica de pizzas-Hommy-img\" title=\"\"><span style=\"font-family: \u5b8b\u4f53;font-size: 29px\">&nbsp;<\/span><\/p>\n<p><\/p>\n<p><span style=\"font-family:\u5b8b\u4f53;font-size:29px\"><img decoding=\"async\" src=\"https:\/\/www.hommy.com\/wp-content\/uploads\/16427453675608.png\" alt=\"produto-PA-C6 M\u00e1quina de venda autom\u00e1tica de pizzas-Hommy-img\" title=\"\"><\/span><\/p>\n<p style=\"margin-bottom:0;text-align:justify\"><strong><span style=\"font-family:\u5b8b\u4f53;font-size:29px\">Carater\u00edsticas do produto :<\/span><\/strong><span style=\"font-family:\u5b8b\u4f53;font-size:29px\"> <\/span><\/p>\n<p><span style=\"font-family:Calibri;font-size:21px\">1.&nbsp;<\/span><span style=\"font-family:Calibri;font-size:21px\">Ecr\u00e3 de 32\" para promo\u00e7\u00e3o e funcionamento do ecr\u00e3 de 10,5\" .<\/span><\/p>\n<p><span style=\"font-family:Calibri;font-size:21px\">2.&nbsp;<\/span><span style=\"font-family:Calibri;font-size:21px\">O sistema de pagamento pode aceitar: moeda, fatura, moeda Exchang, interface de cart\u00e3o de cr\u00e9dito.<\/span><\/p>\n<p><span style=\"font-family:Calibri;font-size:21px\">3.&nbsp;<\/span><span style=\"font-family:Calibri;font-size:21px\">O congelador da m\u00e1quina de venda autom\u00e1tica de pizza no interior pode manter 88pcs 12 \"pizza e manter a temperatura de 10<\/span><span style=\"font-family:Calibri;font-size:21px\">\u2103<\/span><span style=\"font-family:Calibri;font-size:21px\">&nbsp;a -18<\/span><span style=\"font-family:Calibri;font-size:21px\">\u2103<\/span><span style=\"font-family:Calibri;font-size:21px\">. <\/span><\/p>\n<p><span style=\"font-family:Calibri;font-size:21px\">4.&nbsp;<\/span><span style=\"font-family:Calibri;font-size:21px\">A m\u00e1quina guarda no seu interior 88 caixas de papel.<\/span><\/p>\n<p><span style=\"font-family:Calibri;font-size:21px\">5.&nbsp;<\/span><span style=\"font-family:Calibri;font-size:21px\">Placa de controlo avan\u00e7ada para PC, fun\u00e7\u00e3o bem programada e funcionamento est\u00e1vel.<\/span><\/p>\n<p><span style=\"font-family:Calibri;font-size:21px\">6.&nbsp;<\/span><span style=\"font-family:Calibri;font-size:21px\">Armazenamos automaticamente os dados dos produtos no armaz\u00e9m atrav\u00e9s da leitura de c\u00f3digos QR. Para cada produto, definimos um c\u00f3digo QR. Pode saber claramente o tempo de produ\u00e7\u00e3o e a data de validade do produto, para que possa seguir o paradeiro do produto. Quando o produto est\u00e1 a dois dias da data de validade, o nosso sistema ajuda-o automaticamente a vender at\u00e9 \u00e0 venda. Quando o produto tiver ultrapassado o prazo de validade, o sistema deixar\u00e1 automaticamente de vender o produto para garantir a qualidade e a seguran\u00e7a. <\/span><\/p>\n<p><span style=\"font-family:Calibri;font-size:21px\">7.&nbsp;<\/span><span style=\"font-family:Calibri;font-size:21px\">A temperatura do congelador pode ser configurada com base em diferentes produtos, com fun\u00e7\u00e3o de descongela\u00e7\u00e3o autom\u00e1tica, para garantir que a m\u00e1quina funciona normalmente em condi\u00e7\u00f5es meteorol\u00f3gicas de alta temperatura e alta humidade;<\/span><\/p>\n<p><span style=\"font-family:Calibri;font-size:21px\">8.&nbsp;<\/span><span style=\"font-family:Calibri;font-size:21px\">Temperatura de aquecimento por infravermelhos <span style=\"font-family:\u5b8b\u4f53\">\uff1a<\/span><span style=\"font-family:Calibri\">60-300 \u2103 precisa de 3-5 minutos para assar uma pizza.<\/span><\/span><\/p>\n<p><span style=\"font-family:Calibri;font-size:21px\">9.&nbsp;<\/span><span style=\"font-family:Calibri;font-size:21px\">&nbsp;Tamanho da casa de infravermelhos: 400X400X300mm e pot\u00eancia: 3000W. <\/span><\/p>\n<p><span style=\"font-family:Calibri;font-size:21px\">10.&nbsp;<\/span><span style=\"font-family:Calibri;font-size:21px\">Existe uma fun\u00e7\u00e3o de prote\u00e7\u00e3o contra a falha de energia, a m\u00e1quina ainda mostra o poder do estado, tem a fun\u00e7\u00e3o de mem\u00f3ria, a fun\u00e7\u00e3o de prote\u00e7\u00e3o contra fugas de sobrecarga, assegura o funcionamento seguro da m\u00e1quina. <\/span><\/p>\n<p style=\"margin-bottom:0;text-align:justify\"><span style=\"font-family:Calibri;font-size:21px\">11.&nbsp;<\/span><span style=\"font-family:Calibri;font-size:21px\">A l\u00edngua pode basear-se em diferentes pa\u00edses para a ajustar. <\/span><\/p>\n<p><span style=\"font-family:Calibri;font-size:21px\">12.&nbsp;<\/span><span style=\"font-family:Calibri;font-size:21px\">Fun\u00e7\u00e3o de poupan\u00e7a de energia autom\u00e1tica adicionada. A m\u00e1quina acrescenta dois per\u00edodos de tempo para almo\u00e7o e jantar. A m\u00e1quina pr\u00e9-aquece automaticamente \u00e0 temperatura definida pelo utilizador entre 80 e 100 graus. Quando o cliente paga, a m\u00e1quina aquece automaticamente, de modo que o tempo de cozedura \u00e9 reduzido, a velocidade de venda \u00e9 acelerada e n\u00e3o h\u00e1 necessidade de pr\u00e9-aquecer durante todo o dia.<\/span><\/p>\n<p><span style=\"font-family:Calibri;font-size:21px\">13.&nbsp;<\/span><span style=\"font-family:Calibri;font-size:21px\">Sistema de gest\u00e3o remota por computador: consulta de detalhes de vendas, lembretes de escassez, lembrete de falha de m\u00e1quina, que pode economizar mais custo de trabalho, m\u00e1quina de venda autom\u00e1tica de pizza hommy adicionar mais fun\u00e7\u00e3o humanizada.<\/span><\/p>\n<p><span style=\"font-family:Calibri;font-size:21px\">14.&nbsp;<\/span><span style=\"font-family:Calibri;font-size:21px\">o infravermelho no interior tem uma temperatura para cima e para baixo para ajustar a temperatura e o tempo de cozedura com base nos diferentes sabores de piza.<\/span><\/p>\n<p><span style=\"font-family:Calibri;font-size:21px\">15.&nbsp;<\/span><span style=\"font-family:Calibri;font-size:21px\">A m\u00e1quina monitoriza a temperatura do compartimento do congelador durante 24 horas. Quando a temperatura n\u00e3o atinge o padr\u00e3o que definiu, recorda-o automaticamente para garantir que a piza n\u00e3o se deteriora e cumpre as normas de seguran\u00e7a e higiene do produto.<\/span><\/p>\n<p><span style=\"font-family:Calibri;font-size:21px\">&nbsp;<\/span><\/p>\n<p style=\"margin-bottom:0;text-align:justify\"><span style=\"font-family:\u5b8b\u4f53;font-size:29px\">&nbsp;<\/span><\/p>\n<p><strong><span style=\"font-family:\u5b8b\u4f53;font-size:29px\">Vantagem do produto:<\/span><\/strong><\/p>\n<p><span style=\"font-family:Calibri;font-size:21px\">1.&nbsp;<\/span><span style=\"font-family:Calibri;font-size:21px\">Temperatura de aquecimento por infravermelhos <span style=\"font-family:\u5b8b\u4f53\">\uff1a<\/span><span style=\"font-family:Calibri\">60-300 \u2103 precisa de 3-5 minutos para assar uma pizza<\/span><\/span><span style=\"font-family:\u5b8b\u4f53;font-size:21px\">&nbsp;e <\/span><span style=\"font-family:Calibri;font-size:21px\">Tamanho da casa de infravermelhos: 400X400X300mm e pot\u00eancia: 3000W. <\/span><\/p>\n<p><img loading=\"lazy\" decoding=\"async\" src=\"https:\/\/www.hommy.com\/wp-content\/uploads\/16427454092037.jpg\" title=\"\" alt=\"produto-Hommy-PA-C6 M\u00e1quina de venda autom\u00e1tica de pizzas-img\" width=\"350\" height=\"1440\" border=\"0\" vspace=\"0\" style=\"width: 350px;height: 1440px\"><\/p>\n<p style=\"margin-bottom:0;text-align:justify\"><span style=\"font-family:Calibri;font-size:21px\">2.&nbsp;<\/span><span style=\"font-family:Calibri;font-size:21px\">Se utilizar uma frigideira de alum\u00ednio para cozinhar, pode aquecer o fundo da piza de forma mais uniforme e a piza que sai \u00e9 mais deliciosa.<\/span><\/p>\n<p style=\"margin-bottom:0;text-align:justify\"><img loading=\"lazy\" decoding=\"async\" src=\"https:\/\/www.hommy.com\/wp-content\/uploads\/16427454674569.png\" title=\"\" alt=\"produto-Hommy-img\" width=\"350\" height=\"461\" border=\"0\" vspace=\"0\" style=\"width: 350px;height: 461px\"><\/p>\n<p><span style=\"font-family:Calibri;font-size:21px\">4.<\/span><span style=\"font-family:Calibri;font-size:16px\">&nbsp;<\/span><span style=\"font-family:Calibri;font-size:21px\">Armazenamos automaticamente os dados dos produtos no armaz\u00e9m atrav\u00e9s da leitura de c\u00f3digos QR. Para cada produto, definimos um c\u00f3digo QR. Pode saber claramente o tempo de produ\u00e7\u00e3o e a data de validade do produto, para que possa seguir o paradeiro do produto. Quando o produto est\u00e1 a dois dias da data de validade, o nosso sistema ajuda-o automaticamente a vender at\u00e9 \u00e0 venda. Quando o produto tiver ultrapassado o prazo de validade, o sistema deixar\u00e1 automaticamente de vender o produto para garantir a qualidade e a seguran\u00e7a.<\/span><\/p>\n<p style=\"vertical-align: baseline\"><img decoding=\"async\" src=\"https:\/\/www.hommy.com\/wp-content\/uploads\/16427454966201.png\" alt=\"produto-Hommy-img\" title=\"\"><\/p>\n<p><span style=\"font-family: \u5b8b\u4f53;font-size: 20px\">5.<\/span><span style=\"font-family:Calibri;font-size:21px\">O sistema de pagamento pode aceitar: moeda, fatura, moeda Exchang, interface de cart\u00e3o de cr\u00e9dito.<\/span><\/p>\n<p style=\"vertical-align: baseline\"><img loading=\"lazy\" decoding=\"async\" src=\"https:\/\/www.hommy.com\/wp-content\/uploads\/16427455493728.png\" title=\"\" alt=\"produto-Hommy-img\" width=\"350\" height=\"546\" border=\"0\" vspace=\"0\" style=\"width: 350px;height: 546px\"><\/p>\n<p><span style=\"font-family:Calibri;font-size:21px\">6.&nbsp;<\/span><span style=\"font-family:Calibri;font-size:21px\">Sistema de gest\u00e3o remota por computador: consulta de detalhes de vendas, lembretes de faltas, lembretes de falhas de m\u00e1quinas.<\/span><\/p>\n<p style=\"vertical-align: baseline\"><img decoding=\"async\" src=\"https:\/\/www.hommy.com\/wp-content\/uploads\/16427456043621.jpg\" alt=\"produto-Hommy-img\" title=\"\"><\/p>\n<p style=\"vertical-align: baseline\"><span style=\"font-family: Calibri;font-size: 20px\">7.&nbsp;<\/span><span style=\"font-family: Calibri;font-size: 20px\">Aquecedor interno do forno com controlo separado do tempo e da temperatura, que pode basear-se em diferentes <\/span><\/p>\n<p style=\"vertical-align: baseline\"><span style=\"font-family: Calibri;font-size: 20px\">Ajustar o sabor . <\/span><\/p>\n<p style=\"vertical-align: baseline\"><img loading=\"lazy\" decoding=\"async\" src=\"https:\/\/www.hommy.com\/wp-content\/uploads\/16427456575524.png\" title=\"\" alt=\"produto-PA-C6 M\u00e1quina de venda autom\u00e1tica de pizzas-Hommy-img-1\" width=\"350\" height=\"254\" border=\"0\" vspace=\"0\" style=\"width: 350px;height: 254px\"><\/p>\n<p style=\"vertical-align: baseline\"><span style=\"font-family: \u5b8b\u4f53;font-size: 20px\">8.<\/span><span style=\"font-family: Calibri;font-size: 20px\">A m\u00e1quina de venda autom\u00e1tica de pizza no interior usa a base da caixa de pizza na m\u00e1quina para projetar e pode ser mantida no freezer -18C. Usamos material de baixa resist\u00eancia \u00e0 temperatura. <\/span><\/p>\n<p style=\"vertical-align: baseline\"><img loading=\"lazy\" decoding=\"async\" src=\"https:\/\/www.hommy.com\/wp-content\/uploads\/16427456873382.png\" title=\"\" alt=\"produto-Hommy-PA-C6 M\u00e1quina de venda autom\u00e1tica de pizzas-img-1\" width=\"350\" height=\"328\" border=\"0\" vspace=\"0\" style=\"width: 350px;height: 328px\"><\/p>\n<h2>Como \u00e9 feita a PizzaForno?<\/h2>\n<p style=\"margin-top: 5px;margin-bottom: 5px\">A PizzaForno \u00e9 confeccionada com ingredientes da melhor qualidade, pelo que a pizza \u00e9 saborosa e fresca. A nossa massa de pizza \u00e9 confeccionada diariamente na nossa empresa e todas as coberturas s\u00e3o confeccionadas diariamente pelos nossos pizzaiolos.<\/p>\n<p style=\"margin-top: 5px;margin-bottom: 5px\"><\/p>\n<h2>Como \u00e9 que s\u00e3o feitas as pizzarias autom\u00e1ticas?<\/h2>\n<p style=\"margin-top: 5px;margin-bottom: 5px\">Os primeiros fabricantes de pizzas autom\u00e1ticos ainda est\u00e3o no mercado. Os fabricantes de pizzas autom\u00e1ticos t\u00eam um princ\u00edpio simples. Os alimentos s\u00e3o movidos de uma posi\u00e7\u00e3o para outra e cozidos automaticamente. Pode poupar tempo e dinheiro na prepara\u00e7\u00e3o dos alimentos.<\/p>\n<p style=\"margin-top: 5px;margin-bottom: 5px\"><\/p>\n<h2>Como funciona uma m\u00e1quina de venda autom\u00e1tica de pizzas?<\/h2>\n<p style=\"margin-top: 5px;margin-bottom: 5px\">Para fazer uma pizza numa m\u00e1quina de venda autom\u00e1tica, o processo \u00e9 bastante simples. Em primeiro lugar, prepara-se a massa e adicionam-se os ingredientes que se pretende incluir. De seguida, a pizza \u00e9 dobrada e introduzida na m\u00e1quina. A m\u00e1quina come\u00e7a ent\u00e3o a fechar-se e, no momento oportuno, a piza \u00e9 libertada para um compartimento especial. Para compreender o funcionamento de uma m\u00e1quina de venda autom\u00e1tica de pizzas, \u00e9 necess\u00e1rio, em primeiro lugar, compreender os tipos de ingredientes que s\u00e3o utilizados na pizza e os diferentes tipos de massa.<\/p>\n<\/p><\/div>","protected":false},"excerpt":{"rendered":"<p>Automatic Infrared Heating Vending Pizza Machine&nbsp;&nbsp; https:\/\/youtu.be\/k7jPPm3_y3I We are offering our range to buyers at competitive rates. With our qualitative supplies, we are the foremost service provider to an exclusive client list.We are one of the widely known name in the domain offering a broad assortment of Pizza Vending Machine How Much. It is suitable [&hellip;]<\/p>\n","protected":false},"featured_media":1960,"comment_status":"open","ping_status":"open","template":"","meta":{"_swt_meta_header_display":false,"_swt_meta_footer_display":false,"_swt_meta_site_title_display":false,"_swt_meta_sticky_header":false,"_swt_meta_transparent_header":false},"product_brand":[],"product_cat":[70,68],"product_tag":[],"class_list":{"0":"post-147","1":"product","2":"type-product","3":"status-publish","4":"has-post-thumbnail","6":"product_cat-pizza-vending-machine","7":"product_cat-vending-machine","9":"first","10":"instock","11":"shipping-taxable","12":"product-type-simple"},"_links":{"self":[{"href":"https:\/\/www.hommy.com\/pt\/wp-json\/wp\/v2\/product\/147","targetHints":{"allow":["GET"]}}],"collection":[{"href":"https:\/\/www.hommy.com\/pt\/wp-json\/wp\/v2\/product"}],"about":[{"href":"https:\/\/www.hommy.com\/pt\/wp-json\/wp\/v2\/types\/product"}],"replies":[{"embeddable":true,"href":"https:\/\/www.hommy.com\/pt\/wp-json\/wp\/v2\/comments?post=147"}],"wp:featuredmedia":[{"embeddable":true,"href":"https:\/\/www.hommy.com\/pt\/wp-json\/wp\/v2\/media\/1960"}],"wp:attachment":[{"href":"https:\/\/www.hommy.com\/pt\/wp-json\/wp\/v2\/media?parent=147"}],"wp:term":[{"taxonomy":"product_brand","embeddable":true,"href":"https:\/\/www.hommy.com\/pt\/wp-json\/wp\/v2\/product_brand?post=147"},{"taxonomy":"product_cat","embeddable":true,"href":"https:\/\/www.hommy.com\/pt\/wp-json\/wp\/v2\/product_cat?post=147"},{"taxonomy":"product_tag","embeddable":true,"href":"https:\/\/www.hommy.com\/pt\/wp-json\/wp\/v2\/product_tag?post=147"}],"curies":[{"name":"wp","href":"https:\/\/api.w.org\/{rel}","templated":true}]}}