{"id":110,"date":"2024-07-02T12:08:34","date_gmt":"2024-07-02T12:08:34","guid":{"rendered":"http:\/\/localhost\/hommywp\/pa-b1-12-pizza-box-for-vending-machine\/"},"modified":"2025-08-01T09:57:26","modified_gmt":"2025-08-01T09:57:26","slug":"pa-b1-12-caixa-de-pizza","status":"publish","type":"product","link":"https:\/\/www.hommy.com\/pt\/p\/pa-b1-12-caixa-de-pizza\/","title":{"rendered":"Pa-B1-12\" Caixa de pizza para m\u00e1quina de venda autom\u00e1tica"},"content":{"rendered":"<div>\n<p style=\"text-align: center\"><span style=\"font-family:Calibri;font-size:29px\">3 min. de m\u00e1quina de venda autom\u00e1tica de pizzas<\/span><span style=\"font-family: Calibri;font-size: 29px\">&nbsp; &nbsp; &nbsp; &nbsp; &nbsp;&nbsp;<\/span><\/p>\n<p><span style=\"font-family: Calibri;font-size: 29px\">&nbsp; &nbsp; &nbsp; &nbsp; &nbsp;<\/span><span style=\"font-family: \u5b8b\u4f53;font-size: 29px\">&nbsp;&nbsp;&nbsp;&nbsp;&nbsp;&nbsp;&nbsp;&nbsp;&nbsp;&nbsp;&nbsp;&nbsp;&nbsp;&nbsp;<\/span><span style=\"font-family: Calibri;font-size: 29px\">&nbsp; &nbsp; <\/span><span style=\"font-family: \u5b8b\u4f53;font-size: 29px\">&nbsp; &nbsp; &nbsp; &nbsp; &nbsp; &nbsp; &nbsp; &nbsp; &nbsp; &nbsp;<\/span><\/p>\n<p style=\"margin-bottom:0;text-align:justify\"><span style=\"font-family:\u5b8b\u4f53;font-size:29px\"><\/span><\/p>\n<p>N\u00f3s temos sido um fabricante, fornecedor e exportador de Caixa de Pizza para m\u00e1quina de venda autom\u00e1tica que vem em projetos atraentes. As nossas Caixas de Pizza s\u00e3o fabricadas com material b\u00e1sico de qualidade superior. Esta caixa de pizza \u00e9 amplamente exigida na ind\u00fastria alimentar para armazenar produtos alimentares como pizza, sandu\u00edches, produtos alimentares, etc.<\/p>\n<p><\/p>\n<p>O que \u00e9 a caixa de pizza?<\/p>\n<p><\/p>\n<p>As caixas de pizza s\u00e3o utilizadas para armazenar produtos alimentares e s\u00e3o feitas de cart\u00e3o. S\u00e3o feitas para serem mantidas numa forma espec\u00edfica que cabe na m\u00e1quina de venda autom\u00e1tica. A raz\u00e3o pela qual as caixas para pizzas s\u00e3o chamadas de caixas para pizzas deve-se \u00e0 forma como armazenam as pizzas. S\u00e3o diferentes das caixas de piza normais, uma vez que foram concebidas para guardar pizzas muito maiores. Existem diferentes modelos de caixas para piza dispon\u00edveis no mercado, como a caixa redonda, a caixa triangular, a caixa quadrilateral, etc. As caixas de piza utilizadas para confecionar pizzas t\u00eam geralmente uma forma quadrada ou circular.<\/p>\n<p style=\"margin-bottom:0;text-align:justify\"><\/p>\n<p style=\"margin-bottom:0;text-align:justify\"><span style=\"font-size: 29px;font-family: Helvetica\">Carater\u00edsticas do produto :<\/span><span style=\"font-family:\u5b8b\u4f53;font-size:29px\"> <\/span><\/p>\n<p><span style=\"font-family:Calibri;font-size:21px\">1.&nbsp;<\/span><span style=\"font-family:Calibri;font-size:21px\">Caixa de pizza de 12\", que tem dois tipos de tamanho \u00e0 escolha, 32x32x3cm e 32x32x3,5cm. Basear-nos-emos em diferentes tamanhos de caixa de pizza para ajustar a quantidade dentro da m\u00e1quina de pizza. <\/span><\/p>\n<p><span style=\"font-family:Calibri;font-size:21px\">2.&nbsp;<\/span><span style=\"font-family:Calibri;font-size:21px\">A caixa para pizzas mant\u00e9m-se dentro do congelador, por isso escolhemos um material que deve passar por papel \u00e0 prova de humidade. <\/span><\/p>\n<p><span style=\"font-family:Calibri;font-size:21px\">3.&nbsp;<\/span><span style=\"font-family:Calibri;font-size:21px\">A caixa para pizzas tem um design especial para a m\u00e1quina de venda autom\u00e1tica de pizzas hommy. <\/span><\/p>\n<p><span style=\"font-family:Calibri;font-size:21px\">4.&nbsp;<\/span><span style=\"font-family:Calibri;font-size:21px\">A caixa de pizza e a forma de pizza de alum\u00ednio s\u00e3o um conjunto para a m\u00e1quina de venda autom\u00e1tica de pizza Hommy funcionar.<\/span><\/p>\n<h2 style=\"font-family: sans-serif\">Quanto custa uma m\u00e1quina Pizza Forno?<\/h2>\n<p style=\"margin-top: 5px;margin-bottom: 5px;font-family: sans-serif;font-size: 16px\"><\/p>\n<p style=\"margin-top: 5px;margin-bottom: 5px;font-family: sans-serif;font-size: 16px\">A Pizza Forno \u00e9 uma empresa familiar, o que significa que sabemos o que significa gerir uma empresa - temos fam\u00edlia e amigos que conhecemos h\u00e1 muitos anos. N\u00e3o s\u00f3 isso, mas tamb\u00e9m estamos no com\u00e9rcio de produtos alimentares h\u00e1 muitos anos, o que significa que tivemos a oportunidade de aprender com os erros, as m\u00e1s e as boas experi\u00eancias e \u00e9 assim que sabemos o que vai receber de n\u00f3s: uma cara simp\u00e1tica que o ajudar\u00e1 com a sua encomenda e o aconselhar\u00e1; uma entrega simp\u00e1tica que tentar\u00e1 agradar-lhe e prestar-lhe o melhor servi\u00e7o poss\u00edvel; uma entrega r\u00e1pida e simp\u00e1tica e um telefonema gratuito, honesto, simp\u00e1tico e cort\u00eas. Em suma, oferecemos o melhor servi\u00e7o do sector! \u00c9 por isso que todos os nossos parceiros de entrega s\u00e3o recomendados por n\u00f3s h\u00e1 muitos anos, trabalhamos com eles porque ganharam a nossa confian\u00e7a e reputa\u00e7\u00e3o.<\/p>\n<p style=\"margin-top: 5px;margin-bottom: 5px;font-family: sans-serif;font-size: 16px\"><\/p>\n<h2 style=\"font-family: sans-serif\">Devo investir na pizza Piestro?<\/h2>\n<p style=\"margin-top: 5px;margin-bottom: 5px;font-family: sans-serif;font-size: 16px\"><\/p>\n<p style=\"margin-top: 5px;margin-bottom: 5px;font-family: sans-serif;font-size: 16px\">Sei que este \u00e9 um t\u00f3pico um pouco fora do tema, mas pensei em perguntar. Tenho estado a pensar em investir na Piestro's. J\u00e1 existem h\u00e1 cerca de 7 anos. Da \u00faltima vez que vi, o pre\u00e7o era inferior a $10. S\u00e3o conhecidos pelas suas pizzas feitas de massa congelada com coberturas que ficam no s\u00edtio, mas s\u00e3o mais uma casa de sandes. Afirmam ser mais saud\u00e1veis do que a maioria das pizzarias. Sou novo na zona e gosto da sua pizza \"caseira\".<\/p>\n<p style=\"margin-top: 5px;margin-bottom: 5px;font-family: sans-serif;font-size: 16px\"><\/p>\n<h2 style=\"font-family: sans-serif\">Como funciona o quiosque de pizzas?<\/h2>\n<p style=\"margin-top: 5px;margin-bottom: 5px;font-family: sans-serif;font-size: 16px\"><\/p>\n<p style=\"margin-top: 5px;margin-bottom: 5px;font-family: sans-serif;font-size: 16px\">Um quiosque de pizzas \u00e9 um servi\u00e7o de entrega de pizzas em que as pessoas podem comer as suas pizzas em movimento a partir de uma m\u00e1quina de venda autom\u00e1tica, como uma m\u00e1quina de arcada. Somos uma m\u00e1quina de venda autom\u00e1tica de pizzas, uma m\u00e1quina de venda autom\u00e1tica de pizzas \u00e9 uma m\u00e1quina de distribui\u00e7\u00e3o de alimentos normalmente concebida para vender alimentos e bebidas. Muitas vezes, tamb\u00e9m permitem o pagamento em dinheiro, com cart\u00e3o de cr\u00e9dito ou com o telem\u00f3vel do utilizador. Existem dois tipos de quiosques: um quiosque de autosservi\u00e7o totalmente automatizado e um quiosque de servi\u00e7o com assist\u00eancia humana.<\/p>\n<\/p><\/div>","protected":false},"excerpt":{"rendered":"<p>3 min vending pizza machine&nbsp; &nbsp; &nbsp; &nbsp; &nbsp;&nbsp; &nbsp; &nbsp; &nbsp; &nbsp; &nbsp;&nbsp;&nbsp;&nbsp;&nbsp;&nbsp;&nbsp;&nbsp;&nbsp;&nbsp;&nbsp;&nbsp;&nbsp;&nbsp;&nbsp;&nbsp; &nbsp; &nbsp; &nbsp; &nbsp; &nbsp; &nbsp; &nbsp; &nbsp; &nbsp; &nbsp; &nbsp; We have been a manufacturer, supplier and exporter of Pizza Box for vending machine that comes in attractive designs. Our Pizza Boxes are manufactured using premium quality basic material. This [&hellip;]<\/p>\n","protected":false},"featured_media":1958,"comment_status":"open","ping_status":"open","template":"","meta":{"_swt_meta_header_display":false,"_swt_meta_footer_display":false,"_swt_meta_site_title_display":false,"_swt_meta_sticky_header":false,"_swt_meta_transparent_header":false},"product_brand":[],"product_cat":[70,68],"product_tag":[],"class_list":{"0":"post-110","1":"product","2":"type-product","3":"status-publish","4":"has-post-thumbnail","6":"product_cat-pizza-vending-machine","7":"product_cat-vending-machine","9":"first","10":"instock","11":"shipping-taxable","12":"product-type-simple"},"_links":{"self":[{"href":"https:\/\/www.hommy.com\/pt\/wp-json\/wp\/v2\/product\/110","targetHints":{"allow":["GET"]}}],"collection":[{"href":"https:\/\/www.hommy.com\/pt\/wp-json\/wp\/v2\/product"}],"about":[{"href":"https:\/\/www.hommy.com\/pt\/wp-json\/wp\/v2\/types\/product"}],"replies":[{"embeddable":true,"href":"https:\/\/www.hommy.com\/pt\/wp-json\/wp\/v2\/comments?post=110"}],"wp:featuredmedia":[{"embeddable":true,"href":"https:\/\/www.hommy.com\/pt\/wp-json\/wp\/v2\/media\/1958"}],"wp:attachment":[{"href":"https:\/\/www.hommy.com\/pt\/wp-json\/wp\/v2\/media?parent=110"}],"wp:term":[{"taxonomy":"product_brand","embeddable":true,"href":"https:\/\/www.hommy.com\/pt\/wp-json\/wp\/v2\/product_brand?post=110"},{"taxonomy":"product_cat","embeddable":true,"href":"https:\/\/www.hommy.com\/pt\/wp-json\/wp\/v2\/product_cat?post=110"},{"taxonomy":"product_tag","embeddable":true,"href":"https:\/\/www.hommy.com\/pt\/wp-json\/wp\/v2\/product_tag?post=110"}],"curies":[{"name":"wp","href":"https:\/\/api.w.org\/{rel}","templated":true}]}}