{"id":1056,"date":"2024-07-02T17:44:56","date_gmt":"2024-07-02T17:44:56","guid":{"rendered":"http:\/\/localhost\/hommywp\/hm123-3-tanks-ice-slushie-maker-slushy-juice-dispenser-supplier\/"},"modified":"2025-08-01T09:57:50","modified_gmt":"2025-08-01T09:57:50","slug":"hm123-maquina-de-gelo-liquido","status":"publish","type":"product","link":"https:\/\/www.hommy.com\/pt\/p\/hm123-maquina-de-gelo-liquido\/","title":{"rendered":"Hm123 3 Tanques M\u00e1quina de fazer suco de gelo, Slushy, Fornecedor de distribuidor de suco"},"content":{"rendered":"<div>\n<p style=\"text-align: center;\">\n<p style=\"text-align: center;\"><strong style=\"color: inherit; font-family: inherit; font-size: 30px; text-align: center;\"><span style=\"letter-spacing: 0px; font-size: 29px; font-family: arial, helvetica, sans-serif;\"><a name=\"Slush ice machine\"><\/a>M\u00e1quina de gelo para sumos<\/span><\/strong><\/p>\n<p style=\"text-align: center;\"><a href=\"#Slush ice machine\" target=\"_self\" rel=\"noopener\" data-lv=\"0\"><span style=\"font-family: arial, helvetica, sans-serif; font-size: 16px;\">M\u00e1quina de gelo para sumos<\/span><\/a><span style=\"font-family: arial, helvetica, sans-serif; font-size: 16px;\">|<a href=\"#ProductFeatures\" target=\"_self\" rel=\"noopener\" data-lv=\"0\">Carater\u00edsticas do produto<\/a>|<a href=\"#Product specification\" target=\"_self\" rel=\"noopener\" data-lv=\"0\">Especifica\u00e7\u00e3o do produto<\/a>|<a href=\"#Product Advantage\" target=\"_self\" rel=\"noopener\" data-lv=\"0\">Vantagem do produto<\/a><\/span><\/p>\n<h2><span style=\"letter-spacing: 0px; font-family: Helvetica; font-size: 16px;\">Estas m\u00e1quinas s\u00e3o fabricadas utilizando mat\u00e9rias-primas da melhor qualidade em conformidade com as normas estabelecidas pela ind\u00fastria. Estes fabricantes de Slushie s\u00e3o amplamente utilizados na ind\u00fastria de latic\u00ednios, processamento de alimentos, sucos e bebidas, cervejarias, padarias, sorvetes, confeitaria, padaria, sorvete e ind\u00fastrias de fabrica\u00e7\u00e3o de refrigerantes. O Slushie Maker pode ser facilmente operado com a ajuda de um modo manual ou autom\u00e1tico. Esta m\u00e1quina est\u00e1 equipada com um recipiente com uma altura ajust\u00e1vel para dispensar a bebida de lama. A nossa gama oferecida de m\u00e1quina de suco \u00e9 usada tanto para bebidas frias e quentes.<\/span><\/h2>\n<div class=\"d-tem01-graphic tem01-graphic mockup\" data-detail=\"wrap\">\n<div class=\"cont-section clearfix d-clearfix\">\n<div class=\"col-md-6 col-sm-6 col-xs-6\">\n<div class=\"right-p\">\n<div class=\"h2 heading\"><img decoding=\"async\" style=\"text-align: center; font-size: 14px;\" title=\"\" src=\"https:\/\/www.hommy.com\/wp-content\/uploads\/16030983848017.jpg\" alt=\"produto-Hommy-img\"><\/div>\n<\/div>\n<\/div>\n<div class=\"col-md-6 col-sm-6 col-xs-6\">\n<div class=\"right-p\">\n<div class=\"h2 heading\">\n<p style=\"text-indent: 0; text-align: justify; margin: 0;\"><span style=\"font-size: 24px;\"><strong><span style=\"letter-spacing: 0px; font-family: arial, helvetica, sans-serif;\"><a name=\"Product Features\"><\/a>Carater\u00edsticas do produto<\/span><\/strong><\/span><\/p>\n<p style=\"text-indent: 0; text-align: justify; margin: 0;\"><span style=\"font-family: \u5b8b\u4f53; letter-spacing: 0; font-size: 29px;\">\u00a0<\/span><\/p>\n<p style=\"text-indent: 0; text-align: justify; margin: 0;\"><span style=\"font-family: arial, helvetica, sans-serif; font-size: 16px;\">1. Cada ta\u00e7a tem uma temperatura de controlo independente. <\/span><\/p>\n<p style=\"text-indent: 0; text-align: justify; margin: 0;\"><span style=\"font-family: arial, helvetica, sans-serif; font-size: 16px;\">2. Concha de a\u00e7o inoxid\u00e1vel dur\u00e1vel<\/span><\/p>\n<p style=\"text-indent: 0; text-align: justify; margin: 0;\"><span style=\"font-family: arial, helvetica, sans-serif; font-size: 16px;\">3. Simples de manter e f\u00e1cil de operar.<\/span><\/p>\n<p style=\"text-indent: 0; text-align: justify; margin: 0;\"><span style=\"font-family: arial, helvetica, sans-serif; font-size: 16px;\">4. Temperatura de funcionamento: -1,1 a -2,0 graus. Tempo de arrefecimento: 25-60 minutos. <\/span><\/p>\n<p style=\"text-indent: 0; text-align: justify; margin: 0;\"><span style=\"font-family: arial, helvetica, sans-serif; font-size: 16px;\">5. Ta\u00e7a em ABS amov\u00edvel. Capacidade de cada ta\u00e7a 15L<\/span><\/p>\n<p style=\"text-indent: 0; text-align: justify; margin: 0;\"><span style=\"font-family: arial, helvetica, sans-serif; font-size: 16px;\">6. Alta efici\u00eancia com agita\u00e7\u00e3o horizontal e poupan\u00e7a de energia com cilindro potente<\/span><\/p>\n<p style=\"text-indent: 0; text-align: justify; margin: 0;\"><span style=\"font-family: arial, helvetica, sans-serif; font-size: 16px;\">7. Tabuleiro de recolha de gotas amov\u00edvel: pr\u00e1tico para limpar <\/span><\/p>\n<p style=\"text-indent: 0; text-align: justify; margin: 0;\"><span style=\"font-family: arial, helvetica, sans-serif; font-size: 16px;\">8. Esta m\u00e1quina pode fazer lama e \u00e1gua fria \u00e0 escolha.<\/span><\/p>\n<p style=\"text-indent: 0; text-align: justify; margin: 0;\"><span style=\"font-family: arial, helvetica, sans-serif; font-size: 16px;\">9. a tampa tem uma luz led, quando se fecha a tampa esta abre-se automaticamente. <\/span><\/p>\n<p style=\"text-indent: 0; text-align: justify; margin: 0;\"><span style=\"font-family: arial, helvetica, sans-serif; font-size: 16px;\">10. Dispensa uma variedade de bebidas, tais como bebidas de granita, cocktails congelados, sumos de fruta, batidos, caf\u00e9s, cappuccino e ch\u00e1, bebidas, podendo tamb\u00e9m funcionar no modo de bebidas refrigeradas.<\/span><\/p>\n<\/div>\n<\/div>\n<\/div>\n<\/div>\n<\/div>\n<h2><span style=\"font-size: 24px;\"><strong><span style=\"letter-spacing: 0px; font-family: arial, helvetica, sans-serif;\"><a name=\"Product specification\"><\/a>Especifica\u00e7\u00e3o do produto<\/span><\/strong><\/span><\/h2>\n<p><img loading=\"lazy\" decoding=\"async\" style=\"width: 1000px; height: 466px;\" title=\"\" src=\"https:\/\/www.hommy.com\/wp-content\/uploads\/16030983347155.png\" alt=\"produto-Hommy-img\" width=\"1000\" height=\"466\" border=\"0\" vspace=\"0\"><\/p>\n<p><strong><span style=\"letter-spacing: 0px; font-family: arial, helvetica, sans-serif; font-size: 24px;\"><a name=\"Product Advantage\"><\/a>Vantagem do produto<\/span><\/strong><\/p>\n<div class=\"d-tem01-graphic tem01-graphic mockup\" data-detail=\"wrap\">\n<div class=\"cont-section clearfix d-clearfix\">\n<div class=\"col-md-6 col-sm-6 col-xs-6\">\n<div class=\"right-p\">\n<div class=\"h2 heading\">\n<p style=\"text-indent: 0; padding: 0; vertical-align: baseline;\"><span style=\"letter-spacing: 0px; font-size: 16px; font-family: arial, helvetica, sans-serif;\">1. A tampa tem luz led, quando se fecha a tampa do tanque que abrir\u00e1 automaticamente, adicionamos um sensor dentro da parte inferior da tampa.<\/span><\/p>\n<p style=\"text-indent: 0; padding: 0; vertical-align: baseline;\"><span style=\"font-family: \u5b8b\u4f53; letter-spacing: 0; font-size: 20px;\">\u00a0<\/span><\/p>\n<p style=\"text-indent: 0; padding: 0; vertical-align: baseline;\"><span style=\"font-family: \u5b8b\u4f53; letter-spacing: 0; font-size: 20px;\">\u00a0<\/span><\/p>\n<\/div>\n<\/div>\n<div class=\"graphic_pic animated wow bounceIn\" data-wow-delay=\".7s\">\n<p style=\"text-align: center;\"><img loading=\"lazy\" decoding=\"async\" style=\"width: 350px; height: 500px;\" title=\"\" src=\"https:\/\/www.hommy.com\/wp-content\/uploads\/16030985995267.jpg\" alt=\"produto-Hommy-img\" width=\"350\" height=\"500\" border=\"0\" vspace=\"0\"><\/p>\n<\/div>\n<\/div>\n<div class=\"col-md-6 col-sm-6 col-xs-6\">\n<div class=\"right-p\">\n<div class=\"h2 heading\">\n<p style=\"text-indent: 0; padding: 0; vertical-align: baseline;\"><span style=\"letter-spacing: 0px; font-size: 16px; font-family: arial, helvetica, sans-serif;\">2. A m\u00e1quina pode fazer lama e \u00e1gua de resfriamento para voc\u00ea escolher. usamos a temperatura para control\u00e1-lo, o sensor de temperatura que \u00e9 material de toque.<\/span><span style=\"font-family: \u5b8b\u4f53; letter-spacing: 0; font-size: 20px;\">\u00a0<\/span><\/p>\n<p style=\"text-indent: 0; padding: 0; vertical-align: baseline;\"><span style=\"font-family: \u5b8b\u4f53; letter-spacing: 0; font-size: 20px;\">\u00a0<\/span><\/p>\n<\/div>\n<\/div>\n<div class=\"graphic_pic animated wow bounceIn\" data-wow-delay=\".7s\">\n<p style=\"text-align: center;\"><img loading=\"lazy\" decoding=\"async\" style=\"width: 350px; height: 350px;\" title=\"\" src=\"https:\/\/www.hommy.com\/wp-content\/uploads\/16030986283305.jpg\" alt=\"produto-Hommy-HM123 m\u00e1quina de gelo para gelados-img\" width=\"350\" height=\"350\" border=\"0\" vspace=\"0\"><\/p>\n<\/div>\n<\/div>\n<\/div>\n<\/div>\n<div class=\"d-tem01-graphic tem01-graphic mockup\" data-detail=\"wrap\">\n<div class=\"cont-section clearfix d-clearfix\">\n<div class=\"col-md-6 col-sm-6 col-xs-6\">\n<div class=\"right-p\">\n<div class=\"h2 heading\">\n<p style=\"text-indent: 0; padding: 0; vertical-align: baseline;\"><span style=\"letter-spacing: 0px; font-family: arial, helvetica, sans-serif; font-size: 16px;\">3. O meio da m\u00e1quina adiciona uma bandeja de vazamento, quando o tanque deixa a \u00e1gua de resfriamento, esta bandeja e mant\u00e9m o fluxo para a bandeja de res\u00edduos.<\/span><span style=\"font-family: \u5b8b\u4f53; letter-spacing: 0; font-size: 20px;\">\u00a0<\/span><\/p>\n<\/div>\n<\/div>\n<div class=\"graphic_pic animated wow bounceIn\" data-wow-delay=\".7s\">\n<p style=\"text-align: center;\"><img loading=\"lazy\" decoding=\"async\" style=\"width: 350px; height: 500px;\" title=\"\" src=\"https:\/\/www.hommy.com\/wp-content\/uploads\/16030986689326.png\" alt=\"produto-Hommy-img\" width=\"350\" height=\"500\" border=\"0\" vspace=\"0\"><\/p>\n<\/div>\n<\/div>\n<div class=\"col-md-6 col-sm-6 col-xs-6\">\n<div class=\"right-p\">\n<div class=\"h2 heading\">\n<p style=\"text-indent: 0; padding: 0; vertical-align: baseline;\"><span style=\"letter-spacing: 0px; font-size: 16px; font-family: arial, helvetica, sans-serif;\">4. Cada dep\u00f3sito utiliza um controlo individual da temperatura, a m\u00e1quina converte automaticamente e de forma inteligente a temperatura atual de cada dep\u00f3sito.<\/span><\/p>\n<\/div>\n<\/div>\n<div class=\"graphic_pic animated wow bounceIn\" data-wow-delay=\".7s\">\n<p style=\"text-align: center;\"><img loading=\"lazy\" decoding=\"async\" style=\"width: 350px; height: 500px;\" title=\"\" src=\"https:\/\/www.hommy.com\/wp-content\/uploads\/16030986943618.jpg\" alt=\"produto-HM123 m\u00e1quina de gelo para gelados-Hommy-img\" width=\"350\" height=\"500\" border=\"0\" vspace=\"0\"><\/p>\n<\/div>\n<\/div>\n<\/div>\n<\/div>\n<p>Documento:<img decoding=\"async\" style=\"margin-right: 2px;\" src=\"https:\/\/www.hommy.com\/wp-content\/uploads\/icon_pdf-85.gif\" alt=\"produto-Hommy-img-1\" title=\"\"><a style=\"font-size: 12px;\" title=\"16031724368516.pdf\" href=\"https:\/\/img80002414.weyesimg.com\/uploads\/www.hommy.com\/addon\/16031724368516.pdf\">16031724368516.pdf<\/a><\/p>\n<h2 style=\"font-family: sans-serif;\">O que \u00e9 a neve lamacenta?<\/h2>\n<p style=\"margin-top: 5px; margin-bottom: 5px; font-family: sans-serif; font-size: 16px;\">A neve lamacenta \u00e9 uma mistura de \u00e1gua, neve e gelo. N\u00e3o \u00e9 como a chuva, que \u00e9 a \u00e1gua que cai do c\u00e9u e derrete, tornando-se numa po\u00e7a. A neve derretida \u00e9 uma forma s\u00f3lida de \u00e1gua, congelada num s\u00f3lido, e \u00e9 s\u00f3lida porque a \u00e1gua est\u00e1 congelada, e a \u00e1gua est\u00e1 congelada porque a temperatura do ar est\u00e1 abaixo do ponto de congela\u00e7\u00e3o. A neve derretida ocorre quando a neve derrete num ambiente frio e h\u00famido.<\/p>\n<p style=\"margin-top: 5px; margin-bottom: 5px; font-family: sans-serif; font-size: 16px;\">\n<h2 style=\"font-family: sans-serif;\">Como \u00e9 que se faz um Slurpee de ma\u00e7\u00e3?<\/h2>\n<p style=\"margin-top: 5px; margin-bottom: 5px; font-family: sans-serif; font-size: 16px;\">Primeiro, come\u00e7a-se por fazer uma tarte de ma\u00e7\u00e3, mas em vez de canela p\u00f5e-se sumo de ma\u00e7\u00e3. Depois, congela-se durante a noite e, no dia seguinte, deita-se um pouco de Coca-Cola ou Sprite. (Este passo \u00e9 opcional.)Lembro-me de estar sentado no meu quarto na Slurpee Factory na noite anterior ao meu anivers\u00e1rio. Eu estava na minha cama, coberto de massa de tarte de ma\u00e7\u00e3 pegajosa e xarope de Coca-Cola. A minha m\u00e3e estava na sala de estar, a andar de um lado para o outro, com uma T-shirt, cal\u00e7as de ganga e t\u00e9nis. O seu cabelo estava como de costume e as suas unhas estavam limpas, mas ela parecia tensa e inquieta. \"\u00c9 melhor teres cuidado\", dizia ela, \"h\u00e1 muito xarope l\u00e1 fora\". O cheiro a tarte de ma\u00e7\u00e3 era forte, t\u00e3o forte que eu conseguia cheir\u00e1-lo at\u00e9 no meu quarto.<\/p>\n<p style=\"margin-top: 5px; margin-bottom: 5px; font-family: sans-serif; font-size: 16px;\">\n<h2 style=\"font-family: sans-serif;\">O xarope para cones de neve pode ser utilizado para fazer granizados?<\/h2>\n<p style=\"margin-top: 5px; margin-bottom: 5px; font-family: sans-serif; font-size: 16px;\">Resposta: Sim, pode. E tamb\u00e9m tem um sabor \u00f3timo. Este xarope prov\u00e9m da planta da cana-de-a\u00e7\u00facar e \u00e9 muito popular em muitas partes do mundo. Pode comprar-se o xarope de cana-de-a\u00e7\u00facar em quase todas as mercearias ou mercearias asi\u00e1ticas. \u00c9 uma fonte natural de a\u00e7\u00facar. E tem uma do\u00e7ura natural que faz com que as raspadinhas tenham um sabor \u00f3timo!<\/p>\n<\/div>","protected":false},"excerpt":{"rendered":"<p>Slush ice machine Slush ice machine|ProductFeatures|Product specification|Product Advantage These machines are manufactured using the finest quality raw materials in compliance with set industry standards. These Slushie Makers are widely used in Dairy Industry, food processing, juice and beverage, breweries, bakeries, ice cream, confectionary, bakery, ice cream and soft drink manufacturing industries. Slushie Maker can be [&hellip;]<\/p>\n","protected":false},"featured_media":1049,"comment_status":"closed","ping_status":"closed","template":"","meta":{"_swt_meta_header_display":false,"_swt_meta_footer_display":false,"_swt_meta_site_title_display":false,"_swt_meta_sticky_header":false,"_swt_meta_transparent_header":false},"product_brand":[],"product_cat":[91],"product_tag":[],"class_list":{"0":"post-1056","1":"product","2":"type-product","3":"status-publish","4":"has-post-thumbnail","6":"product_cat-slush-machine","8":"first","9":"instock","10":"shipping-taxable","11":"product-type-simple"},"_links":{"self":[{"href":"https:\/\/www.hommy.com\/pt\/wp-json\/wp\/v2\/product\/1056","targetHints":{"allow":["GET"]}}],"collection":[{"href":"https:\/\/www.hommy.com\/pt\/wp-json\/wp\/v2\/product"}],"about":[{"href":"https:\/\/www.hommy.com\/pt\/wp-json\/wp\/v2\/types\/product"}],"replies":[{"embeddable":true,"href":"https:\/\/www.hommy.com\/pt\/wp-json\/wp\/v2\/comments?post=1056"}],"wp:featuredmedia":[{"embeddable":true,"href":"https:\/\/www.hommy.com\/pt\/wp-json\/wp\/v2\/media\/1049"}],"wp:attachment":[{"href":"https:\/\/www.hommy.com\/pt\/wp-json\/wp\/v2\/media?parent=1056"}],"wp:term":[{"taxonomy":"product_brand","embeddable":true,"href":"https:\/\/www.hommy.com\/pt\/wp-json\/wp\/v2\/product_brand?post=1056"},{"taxonomy":"product_cat","embeddable":true,"href":"https:\/\/www.hommy.com\/pt\/wp-json\/wp\/v2\/product_cat?post=1056"},{"taxonomy":"product_tag","embeddable":true,"href":"https:\/\/www.hommy.com\/pt\/wp-json\/wp\/v2\/product_tag?post=1056"}],"curies":[{"name":"wp","href":"https:\/\/api.w.org\/{rel}","templated":true}]}}