{"id":1048,"date":"2024-07-02T17:44:51","date_gmt":"2024-07-02T17:44:51","guid":{"rendered":"http:\/\/localhost\/hommywp\/hm121-commercial-one-tank-frozen-slush-machine-for-sale-price-list\/"},"modified":"2025-08-01T09:57:50","modified_gmt":"2025-08-01T09:57:50","slug":"hm121-maquina-de-lama","status":"publish","type":"product","link":"https:\/\/www.hommy.com\/pt\/p\/hm121-maquina-de-lama\/","title":{"rendered":"Hm121 M\u00e1quina de suco congelado de um tanque comercial para venda Lista de pre\u00e7os"},"content":{"rendered":"<div>\n<h2 style=\"margin: 0px;text-align: center\"><strong><span style=\"letter-spacing: 0px;font-family: arial, helvetica, sans-serif;font-size: 24px\"><a name=\"Slush machine\"><\/a>M\u00e1quina de fazer suco <\/span><\/strong><span style=\"font-family:\u5b8b\u4f53;letter-spacing:0;font-size:29px\">&nbsp;<\/span><\/h2>\n<p style=\"margin: 0px;text-align: center\"><\/p>\n<p style=\", Helvetica, Arial, sans-serif;margin: 0px;text-align: center\"><\/p>\n<p style=\"margin: 0px;text-align: center\"><a href=\"#Slush machine\" target=\"_self\" data-lv=\"0\" rel=\"noopener\"><span style=\"letter-spacing: 0px;font-family: arial, helvetica, sans-serif;font-size: 16px\"><span style=\"font-family: arial, helvetica, sans-serif;font-size: 16px;text-align: center\">M\u00e1quina de fazer suco<\/span><\/span><\/a><span style=\"letter-spacing: 0px;font-family: arial, helvetica, sans-serif;font-size: 16px\"><span style=\"font-family: arial, helvetica, sans-serif;font-size: 16px;text-align: center\"><\/span>|<a href=\"#Product Features\" target=\"_self\" data-lv=\"0\" rel=\"noopener\">Carater\u00edsticas do produto<\/a>|<a href=\"#Product specification\" target=\"_self\" data-lv=\"0\" rel=\"noopener\">Especifica\u00e7\u00e3o do produto<\/a>|<a href=\"#Product Advantage\" target=\"_self\" data-lv=\"0\" rel=\"noopener\">Vantagem do produto<\/a><\/span><\/p>\n<p style=\"margin-top:0;margin-right:0;margin-bottom:0;margin-left:0\"><span style=\"font-family:\u5b8b\u4f53;letter-spacing:0;font-size:29px\">&nbsp;&nbsp;<\/span><\/p>\n<p>As m\u00e1quinas Slush s\u00e3o fabricadas com a\u00e7o inoxid\u00e1vel da melhor qualidade. As m\u00e1quinas Slush est\u00e3o dispon\u00edveis em diferentes modelos, tamanhos e configura\u00e7\u00f5es de acordo com a exig\u00eancia dos clientes.<\/p>\n<p><\/p>\n<p>N\u00f3s tamb\u00e9m oferecemos a m\u00e1quina de Slush a uma taxa altamente competitiva. As nossas m\u00e1quinas Slush s\u00e3o apreciadas no mercado pela sua qualidade, desempenho e durabilidade.<\/p>\n<p style=\"margin-top:0;margin-right:0;margin-bottom:0;margin-left:0\"><span style=\"font-family:\u5b8b\u4f53;letter-spacing:0;font-size:29px\"><\/span><\/p>\n<div class=\"d-tem01-graphic tem01-graphic mockup\" data-detail=\"wrap\">\n<div class=\"cont-section clearfix d-clearfix\">\n<div class=\"col-md-6 col-sm-6 col-xs-6\">\n<div class=\"graphic_pic animated wow bounceIn\" data-wow-delay=\".7s\">\n<p style=\"text-align:center\"><img loading=\"lazy\" decoding=\"async\" src=\"https:\/\/www.hommy.com\/wp-content\/uploads\/16030924215415.png\" alt=\"produto-HM121 m\u00e1quina de tritura\u00e7\u00e3o-Hommy-img\" title=\"\" width=\"200\" height=\"722\" border=\"0\" vspace=\"0\" style=\"width: 200px;height: 722px\"><\/p>\n<\/div>\n<\/div>\n<div class=\"col-md-6 col-sm-6 col-xs-6\">\n<div class=\"right-p\">\n<div class=\"h2 heading\">\n<h2 style=\"margin: 0px;text-indent: 0px;text-align: justify\"><strong><span style=\"letter-spacing: 0px;font-family: arial, helvetica, sans-serif;font-size: 24px\"><a name=\"Product Features\"><\/a>Carater\u00edsticas do produto<\/span><\/strong><\/h2>\n<p style=\"margin-top:0;margin-right:0;margin-bottom:0;margin-left:0;text-indent:0;text-align:justify\"><span style=\"letter-spacing: 0px;font-family: arial, helvetica, sans-serif;font-size: 16px\"><br \/><\/span><\/p>\n<p style=\"margin-top:0;margin-right:0;margin-bottom:0;margin-left:0;text-indent:0;text-align:justify\"><span style=\"font-size: 16px\">1. Cada ta\u00e7a tem uma temperatura de controlo independente. <\/span><\/p>\n<p style=\"margin-top:0;margin-right:0;margin-bottom:0;margin-left:0;text-indent:0;text-align:justify\"><span style=\"font-size: 16px\">2. Concha de a\u00e7o inoxid\u00e1vel dur\u00e1vel<\/span><\/p>\n<p style=\"margin-top:0;margin-right:0;margin-bottom:0;margin-left:0;text-indent:0;text-align:justify\"><span style=\"font-size: 16px\">3. Simples de manter e f\u00e1cil de operar.<\/span><\/p>\n<p style=\"margin-top:0;margin-right:0;margin-bottom:0;margin-left:0;text-indent:0;text-align:justify\"><span style=\"font-family: \u5b8b\u4f53;font-size: 16px\">4. Temperatura de funcionamento: -1,1 a -2,0 graus. Tempo de arrefecimento: 25-60 minutos. <\/span><\/p>\n<p style=\"margin-top:0;margin-right:0;margin-bottom:0;margin-left:0;text-indent:0;text-align:justify\"><span style=\"font-size: 16px\">5. Ta\u00e7a em ABS amov\u00edvel. Capacidade de cada ta\u00e7a 15L<\/span><\/p>\n<p style=\"margin-top:0;margin-right:0;margin-bottom:0;margin-left:0;text-indent:0;text-align:justify\"><span style=\"font-size: 16px\">6. Alta efici\u00eancia com agita\u00e7\u00e3o horizontal e poupan\u00e7a de energia com cilindro potente<\/span><\/p>\n<p style=\"margin-top:0;margin-right:0;margin-bottom:0;margin-left:0;text-indent:0;text-align:justify\"><span style=\"font-size: 16px\">7. Tabuleiro de recolha de gotas amov\u00edvel: pr\u00e1tico para limpar <\/span><\/p>\n<p style=\"margin-top:0;margin-right:0;margin-bottom:0;margin-left:0;text-indent:0;text-align:justify\"><span style=\"font-size: 16px\">8. Esta m\u00e1quina pode fazer lama e \u00e1gua fria \u00e0 escolha.<\/span><\/p>\n<p style=\"margin-top:0;margin-right:0;margin-bottom:0;margin-left:0;text-indent:0;text-align:justify\"><span style=\"font-size: 16px\">9. a tampa tem uma luz led, quando se fecha a tampa esta abre-se automaticamente. <\/span><\/p>\n<p style=\"margin-top:0;margin-right:0;margin-bottom:0;margin-left:0;text-indent:0;text-align:justify\"><span style=\"font-size: 16px\">10. Dispensa uma variedade de bebidas, tais como bebidas de granita, cocktails congelados, sumos de fruta, batidos, caf\u00e9s, cappuccino e ch\u00e1, bebidas, podendo tamb\u00e9m funcionar no modo de bebidas refrigeradas.<\/span><\/p>\n<\/div>\n<\/div>\n<p><\/div>\n<\/div>\n<\/div>\n<h2 style=\"margin: 0px;text-indent: 0px;text-align: justify\"><strong><span style=\"letter-spacing: 0px;font-family: arial, helvetica, sans-serif;font-size: 24px\"><a name=\"Product specification\"><\/a>Especifica\u00e7\u00e3o do produto<\/span><\/strong><\/h2>\n<p><strong><span style=\"letter-spacing: 0px;font-family: arial, helvetica, sans-serif;font-size: 24px\"><br \/><\/span><\/strong><\/p>\n<p><img loading=\"lazy\" decoding=\"async\" src=\"https:\/\/www.hommy.com\/wp-content\/uploads\/16030911295872.png\" title=\"\" alt=\"produto-Hommy-img\" width=\"1000\" height=\"466\" border=\"0\" vspace=\"0\" style=\"width: 1000px;height: 466px\"><\/p>\n<p><\/p>\n<h2><span style=\"font-family: arial, helvetica, sans-serif;font-size: 24px\"><strong><span style=\"font-family: arial, helvetica, sans-serif;letter-spacing: 0px\"><a name=\"Product Advantage\"><\/a>Vantagem do produto<\/span><\/strong><\/span><\/h2>\n<p><span style=\"font-family: arial, helvetica, sans-serif;font-size: 24px\"><strong><span style=\"font-family: arial, helvetica, sans-serif;letter-spacing: 0px\"><\/span><\/strong><\/span><\/p>\n<div class=\"d-tem01-graphic tem01-graphic mockup\" data-detail=\"wrap\">\n<div class=\"cont-section clearfix d-clearfix\">\n<div class=\"col-md-6 col-sm-6 col-xs-6\">\n<div class=\"right-p\">\n<p><span style=\"font-family: arial, helvetica, sans-serif;font-size: 16px\">1. A tampa tem luz led, quando se fecha a tampa do tanque que abrir\u00e1 automaticamente, adicionamos um sensor dentro da parte inferior da tampa.<\/span><\/p>\n<p><span style=\"font-family: arial, helvetica, sans-serif;font-size: 16px\"><br \/><\/span><\/p>\n<p><span style=\"font-family: arial, helvetica, sans-serif;font-size: 16px\">&nbsp;<\/span><\/p>\n<\/div>\n<div class=\"graphic_pic animated wow bounceIn\" data-wow-delay=\".7s\">\n<p style=\"text-align:center\"><img loading=\"lazy\" decoding=\"async\" src=\"https:\/\/www.hommy.com\/wp-content\/uploads\/16030927928472.jpg\" alt=\"produto-Hommy-HM121 m\u00e1quina de tritura\u00e7\u00e3o-img\" title=\"\" width=\"350\" height=\"500\" border=\"0\" vspace=\"0\" style=\"width: 350px;height: 500px\"><\/p>\n<\/div>\n<\/div>\n<div class=\"col-md-6 col-sm-6 col-xs-6\">\n<div class=\"right-p\">\n<div class=\"h2 heading\">\n<div class=\"right-p\" style=\"padding: 0px 0px 0px 30px\">\n<div class=\"h2 heading\" style=\"margin: 0px 0px 15px;font-size: 22px\">\n<p style=\"padding: 0px;vertical-align: baseline\"><span style=\"letter-spacing: 0px;font-family: arial, helvetica, sans-serif;font-size: 16px\">2. A m\u00e1quina pode fazer lama e \u00e1gua de resfriamento para voc\u00ea escolher. usamos a temperatura para control\u00e1-lo, o sensor de temperatura que \u00e9 material de toque.<\/span><span style=\"font-family: \u5b8b\u4f53;letter-spacing: 0px;font-size: 20px\">&nbsp;<\/span><\/p>\n<p><span style=\"font-family: \u5b8b\u4f53;letter-spacing: 0px;font-size: 20px\"><br \/><\/span><\/div>\n<\/div>\n<\/div>\n<\/div>\n<div class=\"graphic_pic animated wow bounceIn\" data-wow-delay=\".7s\">\n<p style=\"text-align:center\"><img loading=\"lazy\" decoding=\"async\" src=\"https:\/\/www.hommy.com\/wp-content\/uploads\/16030928933359.jpg\" alt=\"produto-Hommy-img\" title=\"\" width=\"350\" height=\"500\" border=\"0\" vspace=\"0\" style=\"width: 350px;height: 500px\"><\/p>\n<\/div>\n<\/div>\n<\/div>\n<\/div>\n<div class=\"d-tem01-graphic tem01-graphic mockup\" data-detail=\"wrap\">\n<div class=\"cont-section clearfix d-clearfix\">\n<div class=\"col-md-6 col-sm-6 col-xs-6\">\n<div class=\"right-p\">\n<div class=\"h2 heading\">\n<p style=\"text-indent: 0;padding: 0;vertical-align: baseline\"><span style=\"letter-spacing: 0px;font-family: arial, helvetica, sans-serif;font-size: 16px\"><\/span><\/p>\n<p style=\"text-indent: 0;padding: 0;vertical-align: baseline\"><span style=\"letter-spacing: 0px;font-family: arial, helvetica, sans-serif;font-size: 16px\">3. A m\u00e1quina do meio adiciona uma bandeja de vazamento, quando o tanque deixa a \u00e1gua de resfriamento, esta bandeja e mant\u00e9m o fluxo para a bandeja de res\u00edduos.<\/span><span style=\"font-family: \u5b8b\u4f53;letter-spacing: 0;font-size: 20px\">&nbsp;<\/span><\/p>\n<p style=\"text-indent: 0;padding: 0;vertical-align: baseline\"><span style=\"letter-spacing: 0px;font-family: arial, helvetica, sans-serif;font-size: 16px\"><\/span><\/p>\n<\/div>\n<\/div>\n<div class=\"graphic_pic animated wow bounceIn\" data-wow-delay=\".7s\">\n<p style=\"text-align:center\"><img loading=\"lazy\" decoding=\"async\" src=\"https:\/\/www.hommy.com\/wp-content\/uploads\/16030929185677.png\" alt=\"produto-Hommy-img\" title=\"\" width=\"350\" height=\"500\" border=\"0\" vspace=\"0\" style=\"width: 350px;height: 500px\"><\/p>\n<\/div>\n<\/div>\n<div class=\"col-md-6 col-sm-6 col-xs-6\">\n<div class=\"right-p\">\n<p style=\"text-indent: 0;padding: 0;vertical-align: baseline\"><span style=\"letter-spacing: 0px;font-family: arial, helvetica, sans-serif;font-size: 16px\"><\/span><\/p>\n<p style=\"text-indent: 0;padding: 0;vertical-align: baseline\"><span style=\"letter-spacing: 0px;font-family: arial, helvetica, sans-serif;font-size: 16px\">4. Cada dep\u00f3sito utiliza um controlo individual da temperatura, a m\u00e1quina converte automaticamente e de forma inteligente a temperatura atual de cada dep\u00f3sito.<\/span><\/p>\n<p style=\"text-indent: 0;padding: 0;vertical-align: baseline\"><span style=\"letter-spacing: 0px;font-family: arial, helvetica, sans-serif;font-size: 16px\"><br \/><\/span><\/p>\n<p style=\"text-indent: 0;padding: 0;vertical-align: baseline\"><span style=\"letter-spacing: 0px;font-family: arial, helvetica, sans-serif;font-size: 16px\"><br \/><\/span><\/p>\n<p style=\"text-align:center\"><img loading=\"lazy\" decoding=\"async\" src=\"https:\/\/www.hommy.com\/wp-content\/uploads\/16030929441107.jpg\" alt=\"produto-Hommy-img\" title=\"\" width=\"350\" height=\"500\" border=\"0\" vspace=\"0\" style=\"width: 350px;height: 500px\"><\/p>\n<\/div>\n<\/div>\n<\/div>\n<\/div>\n<p>Documento\uff1a<img decoding=\"async\" src=\"https:\/\/www.hommy.com\/wp-content\/uploads\/icon_pdf-84.gif\" style=\"margin-right: 2px\" alt=\"produto-HM121 m\u00e1quina de lavar roupa-Hommy-img-1\" title=\"\"><a href=\"https:\/\/img80002414.weyesimg.com\/uploads\/www.hommy.com\/addon\/16030931029898.pdf\" title=\"16030931029898.pdf\" style=\"font-size: 12px\">16030931029898.pdf<\/a><\/p>\n<h2>Porque \u00e9 que o meu gelado de baunilha est\u00e1 amarelo?<\/h2>\n<p style=\"margin-top: 5px;margin-bottom: 5px\"><\/p>\n<p style=\"margin-top: 5px;margin-bottom: 5px\">Hoje vamos fazer um gelado de baunilha. A minha receita pede metade de leite e metade de natas. J\u00e1 experimentei as duas e n\u00e3o parece alterar a cor do gelado. Adicionei uma colher de ch\u00e1 de corante alimentar amarelo \u00e0s natas e o gelado continua amarelo. Estou a pensar que o problema est\u00e1 no leite. Ser\u00e1 poss\u00edvel?<\/p>\n<p style=\"margin-top: 5px;margin-bottom: 5px\"><\/p>\n<p style=\"margin-top: 5px;margin-bottom: 5px\">A:<\/p>\n<p style=\"margin-top: 5px;margin-bottom: 5px\"><\/p>\n<p style=\"margin-top: 5px;margin-bottom: 5px\">Pode utilizar leite de uma cor diferente. De facto, os aromatizantes amarelos do gelado s\u00e3o os s\u00f3lidos do leite e um pouco de leite em p\u00f3. Os s\u00f3lidos do leite s\u00e3o amarelos, mas o leite em p\u00f3 \u00e9 branco.&nbsp;<\/p>\n<p style=\"margin-top: 5px;margin-bottom: 5px\"><\/p>\n<h2>O extrato de baunilha franc\u00eas \u00e9 o mesmo que o extrato de baunilha?<\/h2>\n<p style=\"margin-top: 5px;margin-bottom: 5px\"><\/p>\n<p style=\"margin-top: 5px;margin-bottom: 5px\">Sei que existem extractos pr\u00e9-fabricados, mas pergunto-me se existe alguma diferen\u00e7a entre o extrato de baunilha franc\u00eas e o extrato de baunilha. N\u00e3o tenho a certeza se \u00e9 necess\u00e1rio comprar um extrato de baunilha e depois mistur\u00e1-lo com um sabor espec\u00edfico para o transformar em extrato de baunilha franc\u00eas ou se uma fava de baunilha \u00e9 igualmente boa.<\/p>\n<p style=\"margin-top: 5px;margin-bottom: 5px\"><\/p>\n<h2>Qual \u00e9 o prazo de validade do gelado soft?<\/h2>\n<p style=\"margin-top: 5px;margin-bottom: 5px\"><\/p>\n<p style=\"margin-top: 5px;margin-bottom: 5px\">Pode comer-se gelado soft em qualquer dia do ano, mas o seu melhor momento \u00e9 entre julho e dezembro, segundo a American Dairy Association.<\/p>\n<p style=\"margin-top: 5px;margin-bottom: 5px\"><\/p>\n<p style=\"margin-top: 5px;margin-bottom: 5px\">De acordo com o USDA, o gelado soft pode ser congelado durante v\u00e1rios meses.<\/p>\n<\/p><\/div>","protected":false},"excerpt":{"rendered":"<p>Slush machine &nbsp; Slush machine|Product Features|Product specification|Product Advantage &nbsp;&nbsp; Slush Machines are made using the finest quality stainless steel. The Slush Machines are available in different models, sizes and configurations as per the clients requirement. We also offer the Slush Machine at a highly competitive rate. Our Slush Machines are appreciated in the market for [&hellip;]<\/p>\n","protected":false},"featured_media":1041,"comment_status":"open","ping_status":"open","template":"","meta":{"_swt_meta_header_display":false,"_swt_meta_footer_display":false,"_swt_meta_site_title_display":false,"_swt_meta_sticky_header":false,"_swt_meta_transparent_header":false},"product_brand":[],"product_cat":[91],"product_tag":[],"class_list":{"0":"post-1048","1":"product","2":"type-product","3":"status-publish","4":"has-post-thumbnail","6":"product_cat-slush-machine","8":"first","9":"instock","10":"shipping-taxable","11":"product-type-simple"},"_links":{"self":[{"href":"https:\/\/www.hommy.com\/pt\/wp-json\/wp\/v2\/product\/1048","targetHints":{"allow":["GET"]}}],"collection":[{"href":"https:\/\/www.hommy.com\/pt\/wp-json\/wp\/v2\/product"}],"about":[{"href":"https:\/\/www.hommy.com\/pt\/wp-json\/wp\/v2\/types\/product"}],"replies":[{"embeddable":true,"href":"https:\/\/www.hommy.com\/pt\/wp-json\/wp\/v2\/comments?post=1048"}],"wp:featuredmedia":[{"embeddable":true,"href":"https:\/\/www.hommy.com\/pt\/wp-json\/wp\/v2\/media\/1041"}],"wp:attachment":[{"href":"https:\/\/www.hommy.com\/pt\/wp-json\/wp\/v2\/media?parent=1048"}],"wp:term":[{"taxonomy":"product_brand","embeddable":true,"href":"https:\/\/www.hommy.com\/pt\/wp-json\/wp\/v2\/product_brand?post=1048"},{"taxonomy":"product_cat","embeddable":true,"href":"https:\/\/www.hommy.com\/pt\/wp-json\/wp\/v2\/product_cat?post=1048"},{"taxonomy":"product_tag","embeddable":true,"href":"https:\/\/www.hommy.com\/pt\/wp-json\/wp\/v2\/product_tag?post=1048"}],"curies":[{"name":"wp","href":"https:\/\/api.w.org\/{rel}","templated":true}]}}