{"id":1029,"date":"2024-07-02T17:42:00","date_gmt":"2024-07-02T17:42:00","guid":{"rendered":"http:\/\/localhost\/hommywp\/3-heads-semi-automatic-pizza-cone-press-mould-forming-machine\/"},"modified":"2025-08-01T09:57:50","modified_gmt":"2025-08-01T09:57:50","slug":"maquina-de-prensagem-de-pizza-em-cone","status":"publish","type":"product","link":"https:\/\/www.hommy.com\/pt\/p\/maquina-de-prensagem-de-pizza-em-cone\/","title":{"rendered":"M\u00e1quina formadora de moldes para pizza em cone semi-autom\u00e1tica com 3 cabe\u00e7as"},"content":{"rendered":"<div>\n<h2 style=\"text-align: center;\"><strong><span style=\"font-family: arial, helvetica, sans-serif; font-size: 24px;\"><a name=\"Pizza cone press machine\"><\/a>M\u00e1quina de prensagem de cones para pizza<\/span><\/strong><\/h2>\n<p style=\"text-align: center;\"><span style=\"font-family: arial, helvetica, sans-serif; font-size: 16px;\"><a href=\"#Pizza cone press machine\" target=\"_self\" rel=\"noopener\" data-lv=\"0\">M\u00e1quina de prensagem de cones para pizza<\/a>|<a href=\"#PRODUCT DETAILS\" target=\"_self\" rel=\"noopener\" data-lv=\"0\">DETALHES DO PRODUTO<\/a>|<a href=\"#Machine introduction of pizza production line\" target=\"_self\" rel=\"noopener\" data-lv=\"0\">Introdu\u00e7\u00e3o da m\u00e1quina da linha de produ\u00e7\u00e3o de pizzas<\/a>|<a href=\"#PRODUCT SPECIFICATION\" target=\"_self\" rel=\"noopener\" data-lv=\"0\">ESPECIFICA\u00c7\u00c3O DO PRODUTO<\/a>|<a href=\"#PRODUCT ADVANTAGE\" target=\"_self\" rel=\"noopener\" data-lv=\"0\">VANTAGEM DO PRODUTO<\/a><\/span><\/p>\n<p style=\"text-align: center;\">\n<p><!-- Video start --><video id=\"video\" style=\"width: 100%; height: 510px;\" poster=\"https:\/\/img80002414.weyesimg.com\/uploads\/wij2rdgc.allweyes.com\/video\/15553191989018.mp4?vframe\/jpg\/offset\/1\" preload=\"auto\" controls=\"controls\" width=\"300\" height=\"150\"><\/video><!-- Video end --><\/p>\n<p><!-- Video start --><video id=\"video\" style=\"width: 100%; height: 510px;\" poster=\"https:\/\/img80002414.weyesimg.com\/uploads\/wij2rdgc.allweyes.com\/video\/15553192576846.mp4?vframe\/jpg\/offset\/1\" preload=\"auto\" controls=\"controls\" width=\"300\" height=\"150\"><\/video><!-- Video end --><\/p>\n<p>Para a ind\u00fastria de processamento alimentar de pizzas, este molde para pizzas \u00e9 de extrema utilidade, pois permite poupar tempo e dinheiro nas ind\u00fastrias de processamento alimentar. Ficar\u00e1 surpreendido com a qualidade do produto desta forma para piza em cone. No mercado, pode encontrar diferentes marcas de formas para pizzas em cone, mas todas oferecem o mesmo produto. A vantagem deste molde para pizzas em forma de cone \u00e9 o facto de poupar muito trabalho no processamento do seu produto. Obter\u00e1 cones de pizza de alta qualidade com facilidade. O molde para pizza em cone \u00e9 muito f\u00e1cil de utilizar. Pode ajustar o produto de acordo com as suas necessidades. \u00c9 um produto muito dur\u00e1vel. Com muita experi\u00eancia e conhecimento, os produtos s\u00e3o fabricados \u00e0 m\u00e3o para garantir a m\u00e1xima qualidade. Os produtos s\u00e3o fabricados de acordo com as normas estabelecidas. Somos conhecidos por fabricar os produtos de alta qualidade que s\u00e3o muito dur\u00e1veis e duram muito tempo. Pode aproveitar as vantagens da nossa empresa.<\/p>\n<div class=\"text-left d-tem09-title d-interval\" data-detail=\"wrap\">\n<div class=\"title-header\">\n<h2><strong><span style=\"font-size: 24px; font-family: arial, helvetica, sans-serif;\"><a name=\"PRODUCT DETAILS\"><\/a>DETALHES DO PRODUTO<\/span><\/strong><\/h2>\n<div class=\"subtitle\">Ap\u00f3s anos de desenvolvimento, estabelecemos uma rede de distribui\u00e7\u00e3o em grande escala em v\u00e1rios pa\u00edses e recebemos um bom feedback dos nossos clientes.<\/div>\n<\/div>\n<\/div>\n<div class=\"d-tem11-graphic tem11-graphic mockup\" data-detail=\"wrap\">\n<div class=\"tab_row\">\n<div class=\"img\" style=\"width: 50%;\"><img decoding=\"async\" title=\"\" src=\"https:\/\/www.hommy.com\/wp-content\/uploads\/15553196899069.jpg\" alt=\"produto-Hommy-img\"><\/div>\n<div class=\"text_box\" style=\"width: 50%;\">\n<div class=\"txt\">\n<h2><strong><span style=\"font-family: arial, helvetica, sans-serif; font-size: 24px;\"><a name=\"Machine introduction of pizza production line\"><\/a>Introdu\u00e7\u00e3o da m\u00e1quina da linha de produ\u00e7\u00e3o de pizzas<\/span><\/strong><\/h2>\n<p style=\"line-height: 2em;\">Batedeira: misturar a farinha e os ovos numa massa de farinha.<br \/>\nM\u00e1quina de fazer bolas de massa para pizza: faz peda\u00e7os de massa redondos a partir de uma grande pasta de farinha.<br \/>\nM\u00e1quina de moldar cones de pizza: transforma a massa redonda em cones de pizza.<br \/>\nForno para pizzas em cone: assar pizzas em cone. Pode ajustar a temperatura no forno e a velocidade de acordo com o material diferente do cone de pizza.<br \/>\nExpositor de pizzas em cone: mostra a pizza em cone acabada.<br \/>\nPizza num cone! A PA-C4A \u00e9 uma m\u00e1quina autom\u00e1tica de fazer cones de pizza de tamanho pequeno, basta carregar a massa de pizza dividida pela m\u00e1quina de arredondar divisora de massa de pizza PA-C4A, depois colocar a bola de massa no m\u00f3dulo do cone e premir um bot\u00e3o de arranque, esperar que o cone coza, depois, encher os cones cozidos com qualquer variedade de coberturas de pizza. Devolver os cones cheios ao forno rotativo ou grelhador de cones de pizza PA-C4A e cozer at\u00e9 que a crosta do cone de pizza esteja dourada e as coberturas estejam a borbulhar. Os cones de pizza s\u00e3o uma forma nova, divertida e \u00fanica de fazer e servir pizzas personalizadas em casa, numa pequena loja ou num quiosque... deixe que fa\u00e7a o seu pr\u00f3prio cone de pizza de forma mais r\u00e1pida, igual e autom\u00e1tica.<\/p>\n<\/div>\n<\/div>\n<\/div>\n<\/div>\n<div class=\"text-left d-tem09-title d-interval\" data-detail=\"wrap\">\n<div class=\"title-header\">\n<h2><strong><span style=\"font-size: 24px; font-family: arial, helvetica, sans-serif;\"><a name=\"PRODUCT SPECIFICATION\"><\/a>ESPECIFICA\u00c7\u00c3O DO PRODUTO<\/span><\/strong><\/h2>\n<div class=\"subtitle\">A excelente experi\u00eancia do cliente \u00e9 o ponto de partida da Hommy.<\/div>\n<\/div>\n<\/div>\n<p style=\"line-height: 2em;\">O tamanho do molde para o cliente escolher<\/p>\n<p style=\"line-height: 2em;\">A: \u03a660mm (Di\u00e2metro) x 140mm (Altura) x 5mm (Espessura)<\/p>\n<p style=\"line-height: 2em;\">B: \u03a645mm (Di\u00e2metro) x 75mm (Altura) x 5mm (Espessura)<\/p>\n<p style=\"line-height: 2em;\">C:\u03a670mm (Di\u00e2metro) x 160mm (Altura) x 5-6mm (Espessura) +USD150<\/p>\n<p>Corpo em a\u00e7o inoxid\u00e1vel f\u00e1cil de limpar.<\/p>\n<p>O material do molde \u00e9 o alum\u00ednio, que \u00e9 de qualidade alimentar.<\/p>\n<p>Utilizar um sistema de controlo de separa\u00e7\u00e3o para cada molde que pode basear-se na escolha do cliente de um material diferente para configurar uma temperatura diferente.<\/p>\n<p>A espessura do cone Pizza pode ser ajustada com base no cliente de 4mm a 8mm.<\/p>\n<div class=\"table-responsive\">\n<table class=\"table table-bordered table-hover\">\n<tbody>\n<tr class=\"firstRow\">\n<td rowspan=\"2\" valign=\"center\" width=\"146\">\n<p style=\"text-align: center;\">Produto<\/p>\n<\/td>\n<td rowspan=\"2\" valign=\"center\" width=\"89\">\n<p style=\"text-align: center;\">Modelo<\/p>\n<\/td>\n<td colspan=\"2\" valign=\"center\" width=\"135\">\n<p style=\"text-align: center;\">Alimenta\u00e7\u00e3o el\u00e9ctrica<\/p>\n<\/td>\n<td rowspan=\"2\" valign=\"center\" width=\"117\">\n<p style=\"text-align: center;\">Produ\u00e7\u00e3o hor\u00e1ria (pieses)<\/p>\n<\/td>\n<td colspan=\"3\" valign=\"center\" width=\"266\">\n<p style=\"text-align: center;\">L\u00edquido. Dimens\u00f5es (mm)<\/p>\n<\/td>\n<td rowspan=\"2\" valign=\"center\" width=\"124\">\n<p style=\"text-align: center;\">Funcionamento<\/p>\n<\/td>\n<\/tr>\n<tr>\n<td valign=\"center\" width=\"63\">\n<p style=\"text-align: center;\">Tens\u00e3o<\/p>\n<\/td>\n<td valign=\"center\" width=\"72\">\n<p style=\"text-align: center;\">HZ<\/p>\n<\/td>\n<td valign=\"center\" width=\"82\">\n<p style=\"text-align: center;\">Largura<\/p>\n<\/td>\n<td valign=\"center\" width=\"91\">\n<p style=\"text-align: center;\">Profundidade<\/p>\n<\/td>\n<td valign=\"center\" width=\"93\">\n<p style=\"text-align: center;\">Altura<\/p>\n<\/td>\n<\/tr>\n<tr>\n<td valign=\"center\" width=\"146\">\n<p style=\"text-align: center;\"><a style=\"color: blue;\" href=\"https:\/\/www.hommy.com\/pt\/maquina-de-pizza-em-cone\/\">M\u00e1quina para cones de pizza<\/a><\/p>\n<\/td>\n<td valign=\"center\" width=\"89\">\n<p style=\"text-align: center;\"><a name=\"OLE_LINK6\"><\/a>PA-C4A<\/p>\n<\/td>\n<td valign=\"center\" width=\"63\">\n<p style=\"text-align: center;\">220V<\/p>\n<\/td>\n<td valign=\"center\" width=\"72\">\n<p style=\"text-align: center;\">50\/60HZ<\/p>\n<\/td>\n<td valign=\"center\" width=\"117\">\n<p style=\"text-align: center;\">150-180pcs\/Hr<\/p>\n<\/td>\n<td valign=\"center\" width=\"82\">\n<p style=\"text-align: center;\">660<\/p>\n<\/td>\n<td valign=\"center\" width=\"91\">\n<p style=\"text-align: center;\">520<\/p>\n<\/td>\n<td valign=\"center\" width=\"93\">\n<p style=\"text-align: center;\">770<\/p>\n<\/td>\n<td valign=\"center\" width=\"124\">\n<p style=\"text-align: center;\">Semi-autom\u00e1tico<\/p>\n<\/td>\n<\/tr>\n<\/tbody>\n<\/table>\n<\/div>\n<div class=\"text-left d-tem09-title d-interval\" data-detail=\"wrap\">\n<div class=\"title-header\">\n<h2><strong><span style=\"font-size: 24px; font-family: arial, helvetica, sans-serif;\"><a name=\"PRODUCT ADVANTAGE\"><\/a>VANTAGEM DO PRODUTO<\/span><\/strong><\/h2>\n<div class=\"subtitle\">Al\u00e9m disso, engenheiros altamente qualificados, tecn\u00f3logos competentes e pessoal experiente contribuem muito para o desenvolvimento da empresa.<\/div>\n<\/div>\n<\/div>\n<p><img loading=\"lazy\" decoding=\"async\" style=\"font-size: 0px; width: 200px; height: 600px;\" title=\"\" src=\"https:\/\/www.hommy.com\/wp-content\/uploads\/15553199014187.jpg\" alt=\"produto-Hommy-img\" width=\"200\" height=\"600\" border=\"0\" vspace=\"0\"><\/p>\n<ol style=\"list-style-type: decimal;\">\n<li>Grupo de bot\u00f5es de controlo, f\u00e1cil de cozinhar a pizza em cone.\n<p><img loading=\"lazy\" decoding=\"async\" style=\"font-size: 0px; width: 200px; height: 600px;\" title=\"\" src=\"https:\/\/www.hommy.com\/wp-content\/uploads\/15553199084905.jpg\" alt=\"produto-Hommy-img\" width=\"200\" height=\"600\" border=\"0\" vspace=\"0\"><\/li>\n<\/ol>\n<p>2) Ajustar o tamanho do cone de pizza.<\/p>\n<p>Documento\uff1a<img decoding=\"async\" style=\"margin-right: 2px;\" src=\"https:\/\/www.hommy.com\/wp-content\/uploads\/icon_pdf-82.gif\" alt=\"produto-M\u00e1quina de prensar cones de pizzaM\u00e1quina de moldar cones de pizza-Hommy-img\" title=\"\"><a style=\"font-size: 12px;\" title=\"16028161916647.pdf\" href=\"https:\/\/img80002414.weyesimg.com\/uploads\/www.hommy.com\/addon\/16028161916647.pdf\">16028161916647.pdf<\/a><\/p>\n<\/div>","protected":false},"excerpt":{"rendered":"<p>Pizza cone press machine Pizza cone press machine|PRODUCT DETAILS|Machine introduction of pizza production line|PRODUCT SPECIFICATION|PRODUCT ADVANTAGE For the pizza food processing industry this pizza mould is of extreme use as it saves time and money on the food processing industries. You will be amazed with the product quality of this pizza cone mould product. In [&hellip;]<\/p>\n","protected":false},"featured_media":1025,"comment_status":"closed","ping_status":"closed","template":"","meta":{"_swt_meta_header_display":false,"_swt_meta_footer_display":false,"_swt_meta_site_title_display":false,"_swt_meta_sticky_header":false,"_swt_meta_transparent_header":false},"product_brand":[],"product_cat":[90],"product_tag":[],"class_list":{"0":"post-1029","1":"product","2":"type-product","3":"status-publish","4":"has-post-thumbnail","6":"product_cat-pizza-cone-machine","8":"first","9":"instock","10":"shipping-taxable","11":"product-type-simple"},"_links":{"self":[{"href":"https:\/\/www.hommy.com\/pt\/wp-json\/wp\/v2\/product\/1029","targetHints":{"allow":["GET"]}}],"collection":[{"href":"https:\/\/www.hommy.com\/pt\/wp-json\/wp\/v2\/product"}],"about":[{"href":"https:\/\/www.hommy.com\/pt\/wp-json\/wp\/v2\/types\/product"}],"replies":[{"embeddable":true,"href":"https:\/\/www.hommy.com\/pt\/wp-json\/wp\/v2\/comments?post=1029"}],"wp:featuredmedia":[{"embeddable":true,"href":"https:\/\/www.hommy.com\/pt\/wp-json\/wp\/v2\/media\/1025"}],"wp:attachment":[{"href":"https:\/\/www.hommy.com\/pt\/wp-json\/wp\/v2\/media?parent=1029"}],"wp:term":[{"taxonomy":"product_brand","embeddable":true,"href":"https:\/\/www.hommy.com\/pt\/wp-json\/wp\/v2\/product_brand?post=1029"},{"taxonomy":"product_cat","embeddable":true,"href":"https:\/\/www.hommy.com\/pt\/wp-json\/wp\/v2\/product_cat?post=1029"},{"taxonomy":"product_tag","embeddable":true,"href":"https:\/\/www.hommy.com\/pt\/wp-json\/wp\/v2\/product_tag?post=1029"}],"curies":[{"name":"wp","href":"https:\/\/api.w.org\/{rel}","templated":true}]}}