{"id":1024,"date":"2024-07-02T17:41:57","date_gmt":"2024-07-02T17:41:57","guid":{"rendered":"http:\/\/localhost\/hommywp\/pa-1-electric-rotating-pizza-cone-oven-stainless-steel\/"},"modified":"2025-08-01T09:57:50","modified_gmt":"2025-08-01T09:57:50","slug":"forno-rotativo-para-pizza-em-cone-fabricante-de-pizza-em-cone","status":"publish","type":"product","link":"https:\/\/www.hommy.com\/pt\/p\/forno-rotativo-para-pizza-em-cone-fabricante-de-pizza-em-cone\/","title":{"rendered":"Pa-1 Forno el\u00e9trico rotativo para pizzas em cone, a\u00e7o inoxid\u00e1vel"},"content":{"rendered":"<div>\n<p>&nbsp;<\/p>\n<h2 style=\"text-align: center\"><strong><span style=\"font-family: arial, helvetica, sans-serif;font-size: 24px\"><a name=\"Rotating pizza cone oven\"><\/a>Forno rotativo para pizza em cone<\/span><\/strong><\/h2>\n<p style=\"text-align: center\"><a href=\"#Rotating pizza cone oven\" target=\"_self\" data-lv=\"0\" rel=\"noopener\"><span style=\"font-size: 16px;font-family: arial, helvetica, sans-serif\">Forno rotativo para pizza em cone<\/span><\/a><span style=\"font-size: 16px;font-family: arial, helvetica, sans-serif\">|<a href=\"#PRODUCT FEATURES\" target=\"_self\" data-lv=\"0\" rel=\"noopener\">CARACTER\u00cdSTICAS DO PRODUTO<\/a>|<a href=\"#PRODUCT SPECIFICATION\" target=\"_self\" data-lv=\"0\" rel=\"noopener\">ESPECIFICA\u00c7\u00c3O DO PRODUTO<\/a>|<a href=\"#PRODUCT ADVANTAGE\" target=\"_self\" data-lv=\"0\" rel=\"noopener\">VANTAGEM DO PRODUTO<\/a><\/span><\/p>\n<p><strong><span style=\"font-family: arial, helvetica, sans-serif;font-size: 24px\"><br \/><\/span><\/strong><\/p>\n<p style=\"text-align: center\">&nbsp;<\/p>\n<p><!-- Video start --><video poster=\"https:\/\/img80002414.weyesimg.com\/uploads\/wij2rdgc.allweyes.com\/video\/15553202093041.mp4?vframe\/jpg\/offset\/1\" id=\"video\" preload=\"auto\" controls=\"controls\" style=\"width:100%;height:510px\"><\/video><!-- Video end --><\/p>\n<p><!-- Video start --><video poster=\"https:\/\/img80002414.weyesimg.com\/uploads\/wij2rdgc.allweyes.com\/video\/15553202911904.mp4?vframe\/jpg\/offset\/1\" id=\"video\" preload=\"auto\" controls=\"controls\" style=\"width:100%;height:510px\"><\/video><!-- Video end --><\/p>\n<p>&nbsp;<\/p>\n<p>O forno rotativo para pizza em cone \u00e9 concebido pelos nossos profissionais utilizando a tecnologia avan\u00e7ada e em conformidade com as normas internacionais. Os clientes podem aproveitar este forno rotativo para pizza em cone em v\u00e1rios tamanhos e acabamentos para atender \u00e0s suas necessidades espec\u00edficas.<\/p>\n<p><\/p>\n<p>Devido \u00e0 nossa profici\u00eancia, este forno rotativo para pizza em cone \u00e9 amplamente procurado em v\u00e1rios hot\u00e9is, restaurantes, casas, etc.<\/p>\n<div class=\"text-left d-tem09-title d-interval\" data-detail=\"wrap\">\n<div class=\"title-header\">\n<h2><strong><span style=\"font-size: 24px;font-family: arial, helvetica, sans-serif\"><a name=\"PRODUCT FEATURES\"><\/a>CARACTER\u00cdSTICAS DO PRODUTO<\/span><\/strong><\/h2>\n<div class=\"subtitle\"><span>A f\u00e1brica da Hommy ocupa uma \u00e1rea de 30500 metros quadrados na cidade de Xinhui Jiangmen, incluindo linhas de produ\u00e7\u00e3o flex\u00edveis, laborat\u00f3rio de I&amp;D, centro de aprendizagem e oficina equipada com equipamento de ponta.<\/span><\/div>\n<\/div>\n<\/div>\n<p>&nbsp;<\/p>\n<div class=\"d-tem11-graphic tem11-graphic mockup\" data-detail=\"wrap\">\n<div class=\"tab_row\">\n<div class=\"img\" style=\"width: 50%\"><img decoding=\"async\" title=\"\" alt=\"produto-Hommy-img\" src=\"https:\/\/www.hommy.com\/wp-content\/uploads\/15553211873727.jpg\"><\/div>\n<div class=\"text_box\" style=\"width: 50%\">\n<div class=\"txt\">\n<p>&nbsp;<\/p>\n<div class=\"title\">Forno rotativo para pizza em cone<\/div>\n<p>&nbsp;<\/p>\n<p style=\"line-height: 2em\">Corpo em a\u00e7o inoxid\u00e1vel f\u00e1cil de limpar e de passar os alimentos.&nbsp;<br \/>A temperatura e a velocidade podem ser ajustadas com base em diferentes materiais.<br \/>O aquecedor \u00e9 um tubo de luz que penetra no interior dos alimentos.&nbsp;<br \/>O forno rotativo de pizza em cone pode manter a equaliza\u00e7\u00e3o quente.<br \/>O cone de pizza est\u00e1 a andar, o cliente sente-se fresco.<\/p>\n<p>&nbsp;<\/p>\n<\/div>\n<\/div>\n<\/div>\n<\/div>\n<p>&nbsp;<\/p>\n<div class=\"text-left d-tem09-title d-interval\" data-detail=\"wrap\">\n<div class=\"title-header\">\n<h2><strong><span style=\"font-size: 24px;font-family: arial, helvetica, sans-serif\"><a name=\"PRODUCT SPECIFICATION\"><\/a>ESPECIFICA\u00c7\u00c3O DO PRODUTO<\/span><\/strong><\/h2>\n<div class=\"subtitle\"><span>A excelente experi\u00eancia do cliente \u00e9 o ponto de partida da Hommy.<\/span><\/div>\n<\/div>\n<\/div>\n<p>&nbsp;<\/p>\n<div class=\"table-responsive\">\n<table class=\"table table-bordered table-hover\">\n<tbody>\n<tr class=\"firstRow\">\n<td rowspan=\"2\" width=\"119\" valign=\"center\">\n<p style=\"text-align:center\">Produto<\/p>\n<\/td>\n<td rowspan=\"2\" width=\"59\" valign=\"center\">\n<p style=\"text-align:center\">Modelo<\/p>\n<\/td>\n<td colspan=\"2\" width=\"139\" valign=\"center\">\n<p style=\"text-align:center\">Alimenta\u00e7\u00e3o el\u00e9ctrica<\/p>\n<\/td>\n<td rowspan=\"2\" width=\"184\" valign=\"center\">\n<p style=\"text-align:center\">Capacidade<\/p>\n<\/td>\n<td colspan=\"3\" width=\"210\" valign=\"center\">\n<p style=\"text-align:center\">L\u00edquido. Dimens\u00f5es (mm)<\/p>\n<\/td>\n<td rowspan=\"2\" width=\"167\" valign=\"center\">\n<p style=\"text-align:center\">Fun\u00e7\u00e3o<\/p>\n<\/td>\n<\/tr>\n<tr>\n<td width=\"63\" valign=\"center\">\n<p style=\"text-align:center\">Tens\u00e3o<\/p>\n<\/td>\n<td width=\"76\" valign=\"center\">\n<p style=\"text-align:center\">HZ<\/p>\n<\/td>\n<td width=\"68\" valign=\"center\">\n<p style=\"text-align:center\">Largura<\/p>\n<\/td>\n<td width=\"74\" valign=\"center\">\n<p style=\"text-align:center\">Profundidade<\/p>\n<\/td>\n<td width=\"68\" valign=\"center\">\n<p style=\"text-align:center\">Altura<\/p>\n<\/td>\n<\/tr>\n<tr>\n<td width=\"119\" valign=\"center\">\n<p style=\"text-align:center\">Forno de pizza em cone<\/p>\n<\/td>\n<td width=\"59\" valign=\"center\">\n<p style=\"text-align:center\">PA-1<\/p>\n<\/td>\n<td width=\"63\" valign=\"center\">\n<p style=\"text-align:center\">220V<\/p>\n<\/td>\n<td width=\"76\" valign=\"center\">\n<p style=\"text-align:center\">50\/60HZ<\/p>\n<\/td>\n<td width=\"184\" valign=\"center\">\n<p style=\"text-align:center\">Uma vez, fazer 12 cones<\/p>\n<\/td>\n<td width=\"68\" valign=\"center\">\n<p style=\"text-align:center\">660<\/p>\n<\/td>\n<td width=\"74\" valign=\"center\">\n<p style=\"text-align:center\">520<\/p>\n<\/td>\n<td width=\"68\" valign=\"center\">\n<p style=\"text-align:center\">770<\/p>\n<\/td>\n<td width=\"167\" valign=\"center\">\n<p style=\"text-align:center\">Ajustar a velocidade, rodar sobre si pr\u00f3prio, manter-se quente<\/p>\n<\/td>\n<\/tr>\n<tr>\n<td width=\"119\" valign=\"center\">\n<p style=\"text-align:center\">Forno de pizza em cone<\/p>\n<\/td>\n<td width=\"59\" valign=\"center\">\n<p style=\"text-align:center\">PA-3<\/p>\n<\/td>\n<td width=\"63\" valign=\"center\">\n<p style=\"text-align:center\">220V<\/p>\n<\/td>\n<td width=\"76\" valign=\"center\">\n<p style=\"text-align:center\">50\/60HZ<\/p>\n<\/td>\n<td width=\"184\" valign=\"center\">\n<p style=\"text-align:center\">Uma vez, fazer 12 cones<\/p>\n<\/td>\n<td width=\"68\" valign=\"center\">\n<p style=\"text-align:center\">650<\/p>\n<\/td>\n<td width=\"74\" valign=\"center\">\n<p style=\"text-align:center\">620<\/p>\n<\/td>\n<td width=\"68\" valign=\"center\">\n<p style=\"text-align:center\">600<\/p>\n<\/td>\n<td width=\"167\" valign=\"center\">\n<p style=\"text-align:center\">Ajustar a velocidade, rodar sobre si pr\u00f3prio, manter-se quente<\/p>\n<\/td>\n<\/tr>\n<\/tbody>\n<\/table>\n<\/div>\n<p>&nbsp;<\/p>\n<div class=\"text-left d-tem09-title d-interval\" data-detail=\"wrap\">\n<div class=\"title-header\">\n<h2><span style=\"font-family: arial, helvetica, sans-serif\"><strong><span style=\"font-size: 24px\"><a name=\"PRODUCT ADVANTAGE\"><\/a>VANTAGEM DO PRODUTO<\/span><\/strong><\/span><\/h2>\n<p><span>Al\u00e9m disso, engenheiros altamente qualificados, tecn\u00f3logos competentes e pessoal experiente contribuem muito para o desenvolvimento da empresa.<\/span><\/p>\n<p><span><\/span><\/p>\n<p><span><img loading=\"lazy\" decoding=\"async\" src=\"https:\/\/www.hommy.com\/wp-content\/uploads\/15553200629141.jpg\" title=\"\" alt=\"produto-Hommy-img\" width=\"300\" height=\"800\" border=\"0\" vspace=\"0\" style=\"width: 300px;height: 800px\"><\/span><\/p>\n<p><span><\/span><\/p>\n<p>1. ajustar a velocidade de rota\u00e7\u00e3o com base no seu cone de pizza no interior escolher o material .<\/p>\n<p><\/p>\n<p><img decoding=\"async\" src=\"https:\/\/www.hommy.com\/wp-content\/uploads\/15795053819851.jpg\" alt=\"produto-Hommy-img\" title=\"\"><\/p>\n<p>2. ajustar a temperatura com base no cone de pizza no interior escolher o material .<\/p>\n<p><img loading=\"lazy\" decoding=\"async\" src=\"https:\/\/www.hommy.com\/wp-content\/uploads\/15795053272563.png\" title=\"\" alt=\"produto-Hommy-img\" width=\"200\" height=\"750\" border=\"0\" vspace=\"0\" style=\"width: 200px;height: 750px\"><\/p>\n<p><\/p>\n<p>3. quando a m\u00e1quina est\u00e1 a rodar para atrair o apetite dos transeuntes<\/p>\n<p><img loading=\"lazy\" decoding=\"async\" src=\"https:\/\/www.hommy.com\/wp-content\/uploads\/15553200627014.jpg\" title=\"\" alt=\"produto-Forno rotativo para cones de pizzaForno el\u00e9trico de a\u00e7o inoxid\u00e1vel para cones de pizza-Hommy-img\" width=\"200\" height=\"800\" border=\"0\" vspace=\"0\" style=\"width: 200px;height: 800px\">&nbsp;.<\/p>\n<p><\/p>\n<p>4. f\u00e1cil de limpar .<\/p>\n<p><span><br \/><\/span><\/p>\n<p><span><br \/><\/span><\/p>\n<\/div>\n<\/div>\n<p>Documento\uff1a<img decoding=\"async\" src=\"https:\/\/www.hommy.com\/wp-content\/uploads\/icon_pdf-81.gif\" style=\"margin-right: 2px\" alt=\"product-Hommy-Forno rotativo para cones de pizzaForno el\u00e9trico de a\u00e7o inoxid\u00e1vel para cones de pizza-img\" title=\"\"><a href=\"https:\/\/img80002414.weyesimg.com\/uploads\/www.hommy.com\/addon\/16028164619911.pdf\" title=\"16028164619911.pdf\" style=\"font-size: 12px\">16028164619911.pdf<\/a><\/p>\n<p><\/p>\n<\/div><\/div>","protected":false},"excerpt":{"rendered":"<p>&nbsp; Rotating pizza cone oven Rotating pizza cone oven|PRODUCT FEATURES|PRODUCT SPECIFICATION|PRODUCT ADVANTAGE &nbsp; &nbsp; The rotating pizza cone oven is designed by our professionals using the advanced technology and in compliance with international standards. The customers can avail this rotating pizza cone oven from us in several sizes and finishes to meet their specific needs. [&hellip;]<\/p>\n","protected":false},"featured_media":1018,"comment_status":"open","ping_status":"open","template":"","meta":{"_swt_meta_header_display":false,"_swt_meta_footer_display":false,"_swt_meta_site_title_display":false,"_swt_meta_sticky_header":false,"_swt_meta_transparent_header":false},"product_brand":[],"product_cat":[90],"product_tag":[],"class_list":{"0":"post-1024","1":"product","2":"type-product","3":"status-publish","4":"has-post-thumbnail","6":"product_cat-pizza-cone-machine","8":"first","9":"instock","10":"shipping-taxable","11":"product-type-simple"},"_links":{"self":[{"href":"https:\/\/www.hommy.com\/pt\/wp-json\/wp\/v2\/product\/1024","targetHints":{"allow":["GET"]}}],"collection":[{"href":"https:\/\/www.hommy.com\/pt\/wp-json\/wp\/v2\/product"}],"about":[{"href":"https:\/\/www.hommy.com\/pt\/wp-json\/wp\/v2\/types\/product"}],"replies":[{"embeddable":true,"href":"https:\/\/www.hommy.com\/pt\/wp-json\/wp\/v2\/comments?post=1024"}],"wp:featuredmedia":[{"embeddable":true,"href":"https:\/\/www.hommy.com\/pt\/wp-json\/wp\/v2\/media\/1018"}],"wp:attachment":[{"href":"https:\/\/www.hommy.com\/pt\/wp-json\/wp\/v2\/media?parent=1024"}],"wp:term":[{"taxonomy":"product_brand","embeddable":true,"href":"https:\/\/www.hommy.com\/pt\/wp-json\/wp\/v2\/product_brand?post=1024"},{"taxonomy":"product_cat","embeddable":true,"href":"https:\/\/www.hommy.com\/pt\/wp-json\/wp\/v2\/product_cat?post=1024"},{"taxonomy":"product_tag","embeddable":true,"href":"https:\/\/www.hommy.com\/pt\/wp-json\/wp\/v2\/product_tag?post=1024"}],"curies":[{"name":"wp","href":"https:\/\/api.w.org\/{rel}","templated":true}]}}