{"id":1017,"date":"2024-07-02T17:41:51","date_gmt":"2024-07-02T17:41:51","guid":{"rendered":"http:\/\/localhost\/hommywp\/pa-3-stainless-steel-commercial-pizza-cone-oven-factory-cost\/"},"modified":"2025-08-01T09:57:49","modified_gmt":"2025-08-01T09:57:49","slug":"pa-3-forno-de-pizza-em-cone","status":"publish","type":"product","link":"https:\/\/www.hommy.com\/pt\/p\/pa-3-forno-de-pizza-em-cone\/","title":{"rendered":"Pa-3 Forno de pizza em cone comercial de a\u00e7o inoxid\u00e1vel Custo de f\u00e1brica"},"content":{"rendered":"<div>\n<p><\/p>\n<h2 style=\"text-align: center\"><strong><span style=\"font-size: 29px;font-family: arial, helvetica, sans-serif\"><a name=\"Cone Pizza Oven\"><\/a>Forno de pizza em cone<\/span><\/strong><\/h2>\n<p style=\"text-align: center\"><a href=\"#Cone Pizza Oven\" target=\"_self\" data-lv=\"0\" rel=\"noopener\"><span style=\"font-family: arial, helvetica, sans-serif;font-size: 16px\">Forno de pizza em cone<\/span><\/a><span style=\"font-family: arial, helvetica, sans-serif;font-size: 16px\">|<a href=\"#Product Features\" target=\"_self\" data-lv=\"0\" rel=\"noopener\">Carater\u00edsticas do produto<\/a>|<a href=\"#Product specification\" target=\"_self\" data-lv=\"0\" rel=\"noopener\">Especifica\u00e7\u00e3o do produto<\/a><\/span><\/p>\n<p><\/p>\n<p style=\"text-align: center\">&nbsp;&nbsp;&nbsp;&nbsp;<\/p>\n<p>Os nossos clientes est\u00e3o satisfeitos com a gama de fornos de pizza que lhes estamos a oferecer. Podemos assegurar-lhe a melhor qualidade na nossa gama. O forno \u00e9 projetado e fabricado pelos nossos profissionais experientes. Seguimos o padr\u00e3o da ind\u00fastria para a verifica\u00e7\u00e3o da qualidade do nosso produto.<\/p>\n<p>O nosso produto \u00e9 utilizado em restaurantes, hot\u00e9is, bares e pubs para fornecer pizzas saborosas aos seus clientes. O nosso produto \u00e9 oferecido em v\u00e1rios tamanhos, designs e capacidades. Tamb\u00e9m fabricamos gamas personalizadas de acordo com a exig\u00eancia dos clientes.<\/p>\n<p><\/p>\n<div class=\"d-tem01-graphic tem01-graphic mockup\" data-detail=\"wrap\">\n<div class=\"cont-section clearfix d-clearfix\">\n<div class=\"col-md-6 col-sm-6 col-xs-6\"><\/p>\n<div class=\"graphic_pic animated wow bounceIn\" data-wow-delay=\".7s\">\n<p style=\"text-align:center\"><img loading=\"lazy\" decoding=\"async\" src=\"https:\/\/www.hommy.com\/wp-content\/uploads\/16031720176609.png\" alt=\"produto-Hommy-img\" title=\"\" width=\"400\" height=\"500\" border=\"0\" vspace=\"0\" style=\"width: 400px;height: 500px\"><\/p>\n<\/div>\n<\/div>\n<div class=\"col-md-6 col-sm-6 col-xs-6\">\n<div class=\"right-p\">\n<div class=\"h2 heading\">\n<h2><span style=\"font-family: arial, helvetica, sans-serif;font-size: 24px\"><strong><span style=\"font-family: arial, helvetica, sans-serif;letter-spacing: 0px\"><br \/><\/span><\/strong><\/span><\/h2>\n<h2><span style=\"font-family: arial, helvetica, sans-serif;font-size: 24px\"><strong><span style=\"font-family: arial, helvetica, sans-serif;letter-spacing: 0px\"><a name=\"Product Features\"><\/a>Produto <\/span><span style=\"font-family: arial, helvetica, sans-serif\">Carater\u00edsticas<\/span><\/strong><\/span><\/h2>\n<p><span style=\"font-family:Calibri;font-size:32px\"><br \/><\/span><\/p>\n<p><span style=\"font-size: 16px;font-family: arial, helvetica, sans-serif\">Corpo em a\u00e7o inoxid\u00e1vel f\u00e1cil de limpar e de passar os alimentos. <\/span><\/p>\n<p><span style=\"font-size: 16px;font-family: arial, helvetica, sans-serif\">A temperatura e a velocidade podem ser ajustadas com base em diferentes materiais.<\/span><\/p>\n<p><span style=\"font-size: 16px;font-family: arial, helvetica, sans-serif\">O aquecedor \u00e9 um tubo de luz que penetra no interior dos alimentos. <\/span><\/p>\n<p><span style=\"font-family: arial, helvetica, sans-serif\"><span style=\"font-family: Calibri;font-size: 16px\">Rota<\/span><span style=\"font-family: \u5b8b\u4f53;font-size: 16px\">t<\/span><span style=\"font-family: Calibri;font-size: 16px\">O forno de pizza em cone pode manter a equaliza\u00e7\u00e3o quente.<\/span><\/span><\/p>\n<p><span style=\"font-family: arial, helvetica, sans-serif\"><span style=\"font-family: Calibri;font-size: 16px\">O cone de pizza est\u00e1 a andar, o cliente sente-se fresco e<\/span><span style=\"font-family: \u5b8b\u4f53;font-size: 16px\">&nbsp;or\u00e9ctico<\/span><span style=\"font-family: Calibri;font-size: 16px\">.<\/span><\/span><\/p>\n<p><span> &nbsp; &nbsp;<\/span><\/div>\n<\/div>\n<\/div>\n<\/div>\n<\/div>\n<h2><strong><span style=\"letter-spacing: 0px;font-family: arial, helvetica, sans-serif;font-size: 24px\"><a name=\"Product specification\"><\/a>Especifica\u00e7\u00e3o do produto<\/span><\/strong><\/h2>\n<p><strong><span style=\"letter-spacing: 0px;font-family: arial, helvetica, sans-serif;font-size: 24px\"><img decoding=\"async\" src=\"https:\/\/www.hommy.com\/wp-content\/uploads\/16031719827174.png\" alt=\"produto-PA-3 forno para pizza em cone-Hommy-img\" title=\"\"><\/span><\/strong><\/p>\n<p><strong><span style=\"letter-spacing: 0px;font-family: arial, helvetica, sans-serif;font-size: 24px\"><br \/><\/span><\/strong><\/p>\n<p><span style=\"font-family: arial, helvetica, sans-serif;font-size: 16px\">Documento\uff1a<\/span><img decoding=\"async\" src=\"https:\/\/www.hommy.com\/wp-content\/uploads\/icon_pdf-80.gif\" style=\"margin-right: 2px\" alt=\"produto-Hommy-img\" title=\"\"><a href=\"https:\/\/img80002414.weyesimg.com\/uploads\/www.hommy.com\/addon\/16031723351787.pdf\" title=\"16031723351787.pdf\" style=\"font-size: 12px\">16031723351787.pd<\/a><\/p>\n<p><\/p>\n<\/div><\/div>","protected":false},"excerpt":{"rendered":"<p>Cone Pizza Oven Cone Pizza Oven|Product Features|Product specification &nbsp;&nbsp;&nbsp;&nbsp; Our clients are happy with the range of pizza oven we are offering to them. We can assure you the best quality in our range. The oven is designed and fabricated by our well-experienced professionals. We follow industry standard for quality checking of our product. Our [&hellip;]<\/p>\n","protected":false},"featured_media":1014,"comment_status":"open","ping_status":"open","template":"","meta":{"_swt_meta_header_display":false,"_swt_meta_footer_display":false,"_swt_meta_site_title_display":false,"_swt_meta_sticky_header":false,"_swt_meta_transparent_header":false},"product_brand":[],"product_cat":[90],"product_tag":[],"class_list":{"0":"post-1017","1":"product","2":"type-product","3":"status-publish","4":"has-post-thumbnail","6":"product_cat-pizza-cone-machine","8":"first","9":"instock","10":"shipping-taxable","11":"product-type-simple"},"_links":{"self":[{"href":"https:\/\/www.hommy.com\/pt\/wp-json\/wp\/v2\/product\/1017","targetHints":{"allow":["GET"]}}],"collection":[{"href":"https:\/\/www.hommy.com\/pt\/wp-json\/wp\/v2\/product"}],"about":[{"href":"https:\/\/www.hommy.com\/pt\/wp-json\/wp\/v2\/types\/product"}],"replies":[{"embeddable":true,"href":"https:\/\/www.hommy.com\/pt\/wp-json\/wp\/v2\/comments?post=1017"}],"wp:featuredmedia":[{"embeddable":true,"href":"https:\/\/www.hommy.com\/pt\/wp-json\/wp\/v2\/media\/1014"}],"wp:attachment":[{"href":"https:\/\/www.hommy.com\/pt\/wp-json\/wp\/v2\/media?parent=1017"}],"wp:term":[{"taxonomy":"product_brand","embeddable":true,"href":"https:\/\/www.hommy.com\/pt\/wp-json\/wp\/v2\/product_brand?post=1017"},{"taxonomy":"product_cat","embeddable":true,"href":"https:\/\/www.hommy.com\/pt\/wp-json\/wp\/v2\/product_cat?post=1017"},{"taxonomy":"product_tag","embeddable":true,"href":"https:\/\/www.hommy.com\/pt\/wp-json\/wp\/v2\/product_tag?post=1017"}],"curies":[{"name":"wp","href":"https:\/\/api.w.org\/{rel}","templated":true}]}}