{"id":1013,"date":"2024-07-02T17:41:48","date_gmt":"2024-07-02T17:41:48","guid":{"rendered":"http:\/\/localhost\/hommywp\/d30-industrial-pizza-dough-mixer-depositor-and-roller-for-sale\/"},"modified":"2025-08-01T09:57:49","modified_gmt":"2025-08-01T09:57:49","slug":"d30-dosador-de-massa-e-rolo","status":"publish","type":"product","link":"https:\/\/www.hommy.com\/pt\/p\/d30-dosador-de-massa-e-rolo\/","title":{"rendered":"D30 Misturador de massa de pizza industrial, dosador e rolo para venda"},"content":{"rendered":"<div>\n<p><\/p>\n<h2 style=\"text-align: center\"><strong><span style=\"letter-spacing: 0px;font-size: 29px;font-family: arial, helvetica, sans-serif\"><a name=\"Dough Depositor and Roller\"><\/a>Dosador de massa e rolo<\/span><\/strong><\/h2>\n<p style=\"text-align: center\"><a href=\"#Dough Depositor and Roller\" target=\"_self\" data-lv=\"0\" rel=\"noopener\"><span style=\"font-family: arial, helvetica, sans-serif;font-size: 16px\">Dosador de massa e rolo<\/span><\/a><span style=\"font-family: arial, helvetica, sans-serif;font-size: 16px\">|<a href=\"#Product Features\" target=\"_self\" data-lv=\"0\" rel=\"noopener\">Carater\u00edsticas do produto<\/a>|<a href=\"#Product specification\" target=\"_self\" data-lv=\"0\" rel=\"noopener\">Especifica\u00e7\u00e3o do produto<\/a><\/span><\/p>\n<p><\/p>\n<p><\/p>\n<p style=\"text-align: center\">&nbsp;&nbsp;&nbsp;&nbsp;<\/p>\n<p>Se est\u00e1 \u00e0 procura de uma batedeira de massa de pizza fi\u00e1vel e acess\u00edvel, n\u00e3o procure mais do que a nossa sele\u00e7\u00e3o. Com uma variedade de modelos \u00e0 escolha, temos a certeza de ter a batedeira certa para as suas necessidades. Quer se trate de uma pequena pizzaria ou de um grande restaurante, temos um modelo que se adequa \u00e0s suas necessidades. E, por ser direto da f\u00e1brica, pode ter a certeza de que est\u00e1 a obter o melhor pre\u00e7o poss\u00edvel na sua compra.<\/p>\n<p><\/p>\n<div class=\"d-tem01-graphic tem01-graphic mockup\" data-detail=\"wrap\">\n<div class=\"cont-section clearfix d-clearfix\">\n<div class=\"col-md-6 col-sm-6 col-xs-6\"><\/p>\n<div class=\"graphic_pic animated wow bounceIn\" data-wow-delay=\".7s\">\n<p style=\"text-align:center\"><img loading=\"lazy\" decoding=\"async\" src=\"https:\/\/www.hommy.com\/wp-content\/uploads\/16031729678005.png\" alt=\"produto-Hommy-img\" title=\"\" width=\"350\" height=\"500\" border=\"0\" vspace=\"0\" style=\"width: 350px;height: 500px\"><\/p>\n<\/div>\n<\/div>\n<div class=\"col-md-6 col-sm-6 col-xs-6\">\n<div class=\"right-p\">\n<div class=\"h2 heading\">\n<h2><strong><span style=\"font-family: arial, helvetica, sans-serif;font-size: 24px\"><span style=\"font-family: arial, helvetica, sans-serif;letter-spacing: 0px\"><a name=\"Product Features\"><\/a>Produto <\/span><span style=\"font-family: arial, helvetica, sans-serif\">Carater\u00edsticas<\/span><\/span><\/strong><\/h2>\n<p><span style=\"font-family:Tahoma;font-size:14px\">Esta m\u00e1quina tem um design racional, uma perspetiva art\u00edstica elegante. <\/span><\/p>\n<p><span style=\"font-family:Tahoma;font-size:14px\">O ru\u00eddo \u00e9 pequeno. <\/span><\/p>\n<p><span style=\"font-family:Tahoma;font-size:14px\">A efici\u00eancia \u00e9 elevada<\/span><span style=\"font-family:Tahoma;font-size:14px\">.<\/span><\/p>\n<p><span style=\"font-family:Tahoma;font-size:14px\">A simplicidade do operador.<\/span><\/p>\n<p><span style=\"font-family:Tahoma;font-size:14px\">A limpeza \u00e9 conveniente, a sa\u00fade limpa, \u00e9 boa depois de o utilizador usar a reflex\u00e3o.<\/span><\/p>\n<\/div>\n<\/div>\n<p>&nbsp; &nbsp; &nbsp; &nbsp; &nbsp; &nbsp;<\/p><\/div>\n<\/div>\n<\/div>\n<h2 style=\", Helvetica, Arial, sans-serif\"><strong><span style=\"letter-spacing: 0px;font-family: arial, helvetica, sans-serif;font-size: 24px\"><a name=\"Product specification\"><\/a>Especifica\u00e7\u00e3o do produto<\/span><\/strong><\/h2>\n<p><strong><span style=\"letter-spacing: 0px;font-family: arial, helvetica, sans-serif;font-size: 24px\"><img loading=\"lazy\" decoding=\"async\" src=\"https:\/\/www.hommy.com\/wp-content\/uploads\/16031729262985.png\" title=\"\" alt=\"produto-Hommy-img\" width=\"1000\" height=\"272\" border=\"0\" vspace=\"0\" style=\"width: 1000px;height: 272px\"><\/span><\/strong><\/p>\n<p><\/p>\n<p>Documento\uff1a<img decoding=\"async\" src=\"https:\/\/www.hommy.com\/wp-content\/uploads\/icon_pdf-79.gif\" style=\"margin-right: 2px\" alt=\"produto-D30 Dosador de massa e rolo-Hommy-img\" title=\"\"><a href=\"https:\/\/img80002414.weyesimg.com\/uploads\/www.hommy.com\/addon\/16031739586662.pdf\" title=\"16031739586662.pdf\" style=\"font-size: 12px\">16031739586662.pdf<\/a><\/p>\n<p><\/p>\n<\/div><\/div>","protected":false},"excerpt":{"rendered":"<p>Dough Depositor and Roller Dough Depositor and Roller|Product Features|Product specification &nbsp;&nbsp;&nbsp;&nbsp; If you&#039;re in the market for a reliable and affordable pizza dough mixer, look no further than the selection at us. With a variety of models to choose from, we&#039;re sure to have the right mixer for your needs. Whether you&#039;re a small pizzeria [&hellip;]<\/p>\n","protected":false},"featured_media":1010,"comment_status":"open","ping_status":"open","template":"","meta":{"_swt_meta_header_display":false,"_swt_meta_footer_display":false,"_swt_meta_site_title_display":false,"_swt_meta_sticky_header":false,"_swt_meta_transparent_header":false},"product_brand":[],"product_cat":[90],"product_tag":[],"class_list":{"0":"post-1013","1":"product","2":"type-product","3":"status-publish","4":"has-post-thumbnail","6":"product_cat-pizza-cone-machine","8":"first","9":"instock","10":"shipping-taxable","11":"product-type-simple"},"_links":{"self":[{"href":"https:\/\/www.hommy.com\/pt\/wp-json\/wp\/v2\/product\/1013","targetHints":{"allow":["GET"]}}],"collection":[{"href":"https:\/\/www.hommy.com\/pt\/wp-json\/wp\/v2\/product"}],"about":[{"href":"https:\/\/www.hommy.com\/pt\/wp-json\/wp\/v2\/types\/product"}],"replies":[{"embeddable":true,"href":"https:\/\/www.hommy.com\/pt\/wp-json\/wp\/v2\/comments?post=1013"}],"wp:featuredmedia":[{"embeddable":true,"href":"https:\/\/www.hommy.com\/pt\/wp-json\/wp\/v2\/media\/1010"}],"wp:attachment":[{"href":"https:\/\/www.hommy.com\/pt\/wp-json\/wp\/v2\/media?parent=1013"}],"wp:term":[{"taxonomy":"product_brand","embeddable":true,"href":"https:\/\/www.hommy.com\/pt\/wp-json\/wp\/v2\/product_brand?post=1013"},{"taxonomy":"product_cat","embeddable":true,"href":"https:\/\/www.hommy.com\/pt\/wp-json\/wp\/v2\/product_cat?post=1013"},{"taxonomy":"product_tag","embeddable":true,"href":"https:\/\/www.hommy.com\/pt\/wp-json\/wp\/v2\/product_tag?post=1013"}],"curies":[{"name":"wp","href":"https:\/\/api.w.org\/{rel}","templated":true}]}}