{"id":1009,"date":"2024-07-02T17:36:46","date_gmt":"2024-07-02T17:36:46","guid":{"rendered":"http:\/\/localhost\/hommywp\/standing-huge-fake-ice-cream-point-of-sale-display-promotional-model\/"},"modified":"2025-08-01T09:57:49","modified_gmt":"2025-08-01T09:57:49","slug":"molde-para-cones-de-gelado","status":"publish","type":"product","link":"https:\/\/www.hommy.com\/pt\/p\/molde-para-cones-de-gelado\/","title":{"rendered":"Modelo promocional de ponto de venda de gelado falso em p\u00e9"},"content":{"rendered":"<div>\n<p style=\"margin-top:0;margin-right:0;margin-bottom:0;margin-left:0;text-indent:0;text-align:justify\"><\/p>\n<p style=\"margin-top:0;margin-right:0;margin-bottom:0;margin-left:0;text-indent:0;text-align:justify\"><\/p>\n<h2 style=\"margin: 0px;text-indent: 0px;text-align: center\"><strong><span style=\"letter-spacing: 0px;font-size: 29px;font-family: arial, helvetica, sans-serif\"><a name=\"Gelato cone mould\"><\/a>Molde para cones de gelado<\/span><\/strong><\/h2>\n<p style=\"margin: 0px;text-indent: 0px;text-align: center\"><span style=\"letter-spacing: 0px;font-family: arial, helvetica, sans-serif;font-size: 14px\"><a href=\"#Gelato cone mould\" target=\"_self\" data-lv=\"0\" rel=\"noopener\">Molde para cones de gelado<\/a>|<a href=\"#Product specification\" target=\"_self\" data-lv=\"0\" rel=\"noopener\">Especifica\u00e7\u00e3o do produto<\/a>|<a href=\"#Product Features\" target=\"_self\" data-lv=\"0\" rel=\"noopener\">Carater\u00edsticas do produto<\/a>|<a href=\"#Product Advantage\" target=\"_self\" data-lv=\"0\" rel=\"noopener\">Vantagem do produto<\/a><\/span><\/p>\n<p><strong><span style=\"letter-spacing: 0px;font-size: 24px;font-family: arial, helvetica, sans-serif\"><\/span><\/strong><\/p>\n<p>Este \u00e9 um gelado promocional de alta qualidade e inovador para clientes de retalho. Um modelo de promo\u00e7\u00e3o de gelado pode fazer maravilhas pela sua loja. Esta \u00e9 a forma ideal de dar nas vistas.<\/p>\n<p>Temos todos os <a style=\"color:blue\" href=\"https:\/\/www.hommy.com\/pt\/modelo-de-gelado\/\">modelo promocional de gelado<\/a>s dispon\u00edvel no nosso invent\u00e1rio, por favor, pergunte para mais detalhes sobre o modelo promocional. O nosso modelo promocional n\u00e3o \u00e9 apenas \u00fanico no aspeto, mas tamb\u00e9m na funcionalidade e somos um dos principais fabricantes e exportadores neste dom\u00ednio.<\/p>\n<p><strong><span style=\"letter-spacing: 0px;font-size: 24px;font-family: arial, helvetica, sans-serif\"><a name=\"Product specification\"><\/a>Especifica\u00e7\u00e3o do produto\uff1a<\/span><\/strong><\/p>\n<h2><span style=\"font-size: 24px\"><strong><span style=\"font-family: \u5b8b\u4f53;letter-spacing: 0px\"><br \/><\/span><\/strong><\/span><\/h2>\n<p style=\"text-align:center\"><span style=\"font-family:\u5b8b\u4f53;letter-spacing:0;font-size:29px\"><img decoding=\"async\" src=\"https:\/\/www.hommy.com\/wp-content\/uploads\/16014274909173.png\" alt=\"produto-Hommy-img\" title=\"\"><\/span><\/p>\n<p><span style=\"font-family:\u5b8b\u4f53;letter-spacing:0;font-size:29px\"><br \/><\/span><\/p>\n<p><span style=\"font-family:\u5b8b\u4f53;letter-spacing:0;font-size:29px\"><\/span><\/p>\n<div class=\"d-tem01-graphic tem01-graphic mockup\" data-detail=\"wrap\">\n<div class=\"cont-section clearfix d-clearfix\">\n<div class=\"col-md-6 col-sm-6 col-xs-6\"><\/p>\n<div class=\"graphic_pic animated wow bounceIn\" data-wow-delay=\".7s\">\n<p style=\"text-align:center\"><img loading=\"lazy\" decoding=\"async\" src=\"https:\/\/www.hommy.com\/wp-content\/uploads\/16014276873099.jpg\" alt=\"produto-Hommy-img\" title=\"\" width=\"300\" height=\"256\" border=\"0\" vspace=\"0\" style=\"width: 300px;height: 256px\"><\/p>\n<\/div>\n<\/div>\n<div class=\"col-md-6 col-sm-6 col-xs-6\">\n<div class=\"right-p\">\n<div class=\"h2 heading\">\n<p style=\"margin-top:0;margin-right:0;margin-bottom:0;margin-left:0;text-indent:0;text-align:justify\"><span style=\"font-family:\u5b8b\u4f53;letter-spacing:0;font-size:29px\"><br \/><\/span><\/p>\n<p style=\"margin-top:0;margin-right:0;margin-bottom:0;margin-left:0;text-indent:0;text-align:justify\"><span style=\"font-family:\u5b8b\u4f53;letter-spacing:0;font-size:29px\"><br \/><\/span><\/p>\n<h2 style=\"margin: 0px;text-indent: 0px;text-align: justify\"><span style=\"font-size: 24px\"><strong><span style=\"letter-spacing: 0px;font-family: arial, helvetica, sans-serif\"><a name=\"Product Features\"><\/a>Carater\u00edsticas do produto:<\/span><\/strong><\/span><span style=\"font-family:\u5b8b\u4f53;letter-spacing:0;font-size:29px\"> <\/span><\/h2>\n<h2 style=\"margin: 0px;text-indent: 0px;text-align: justify\"><span style=\"font-family:\u5b8b\u4f53;letter-spacing:0;font-size:29px\"><br \/><\/span><\/h2>\n<p style=\"text-align:justify\"><span style=\"font-family: Calibri;letter-spacing: 0;font-size: 19px\">100% Elevado grau de simula\u00e7\u00e3o<\/span><span style=\"letter-spacing: 0px;font-size: 19px;font-family: \u5b8b\u4f53\">&nbsp;<\/span><span style=\"font-family: Calibri;letter-spacing: 0;font-size: 19px\">e de alta qualidade<\/span><\/p>\n<p style=\"text-align:justify\"><span style=\"font-family: Calibri;letter-spacing: 0;font-size: 19px\"><br \/><\/span><\/p>\n<p style=\"text-align:justify\"><span style=\"font-family: Calibri;letter-spacing: 0;font-size: 19px\"><span style=\"font-family: Calibri;font-size: 19px;text-align: justify\">\u25c6&nbsp;<\/span>Fabricado com mat\u00e9rias-primas de alta qualidade<\/span><\/p>\n<p style=\"text-align:justify\"><span style=\"font-family: Calibri;letter-spacing: 0;font-size: 19px\"><br \/><\/span><\/p>\n<p style=\"text-align:justify\"><span style=\"font-family: Calibri;letter-spacing: 0;font-size: 19px\"><span style=\"font-family: Calibri;font-size: 19px;text-align: justify\">\u25c6&nbsp;<\/span>Reutiliz\u00e1vel, antiaderente; f\u00e1cil de utilizar e limpar<\/span><\/p>\n<p style=\"text-align:justify\"><span style=\"font-family: Calibri;letter-spacing: 0;font-size: 19px\"><br \/><\/span><\/p>\n<p style=\"text-align:justify\"><span style=\"font-family: Calibri;letter-spacing: 0;font-size: 19px\"><span style=\"font-family: Calibri;font-size: 19px;text-align: justify\">\u25c6&nbsp;<\/span>Poucos \u00f3leos e cheiro peculiar a mofo<\/span><\/p>\n<p style=\"text-align:justify\"><span style=\"font-family: Calibri;letter-spacing: 0;font-size: 19px\"><br \/><\/span><\/p>\n<p style=\"text-align:justify\"><span style=\"font-family: Calibri;letter-spacing: 0;font-size: 19px\"><span style=\"font-family: Calibri;font-size: 19px;text-align: justify\">\u25c6&nbsp;<\/span>N\u00e3o \u00e9 f\u00e1cil de deformar e tem uma longa vida \u00fatil<\/span><\/p>\n<\/div>\n<\/div>\n<p>&nbsp; &nbsp; &nbsp; &nbsp; &nbsp; &nbsp;<\/p><\/div>\n<\/div>\n<\/div>\n<h2><strong><span style=\"letter-spacing: 0px;font-family: arial, helvetica, sans-serif;font-size: 24px\"><a name=\"Product Advantage\"><\/a>Vantagem do produto:<\/span><\/strong><\/h2>\n<h2><span style=\"font-family:\u5b8b\u4f53;letter-spacing:0;font-size:29px\"><\/span><\/h2>\n<div class=\"d-tem01-graphic tem01-graphic mockup\" data-detail=\"wrap\">\n<div class=\"cont-section clearfix d-clearfix\">\n<div class=\"col-md-6 col-sm-6 col-xs-6\">\n<div class=\"right-p\">\n<div class=\"h2 heading\">\n<h2 style=\"text-align: justify\"><span style=\"letter-spacing: 0px;font-family: arial, helvetica, sans-serif;font-size: 16px\">1. O seu aspeto alto atrai a curiosidade dos clientes, o que pode aumentar as vendas de gelados.<\/span><\/h2>\n<p style=\"text-align:justify\"><span style=\"letter-spacing: 0px;font-family: arial, helvetica, sans-serif;font-size: 16px\"><br \/><\/span><\/p>\n<p style=\"text-align:justify\"><span style=\"letter-spacing: 0px;font-family: arial, helvetica, sans-serif;font-size: 16px\"><br \/><\/span><\/p>\n<\/div>\n<\/div>\n<div class=\"graphic_pic animated wow bounceIn\" data-wow-delay=\".7s\">\n<p style=\"text-align:center\"><img loading=\"lazy\" decoding=\"async\" src=\"https:\/\/www.hommy.com\/wp-content\/uploads\/16014277297216.jpg\" alt=\"produto-gelato cone molde-Hommy-img\" title=\"\" width=\"300\" height=\"256\" border=\"0\" vspace=\"0\" style=\"width: 300px;height: 256px\"><\/p>\n<\/div>\n<\/div>\n<div class=\"col-md-6 col-sm-6 col-xs-6\">\n<div class=\"right-p\">\n<div class=\"h2 heading\">\n<p><span style=\"letter-spacing: 0px;font-size: 16px;font-family: arial, helvetica, sans-serif\">2. Pode fazer decora\u00e7\u00f5es no exterior e dizer \u00e0 outra parte que h\u00e1 vendas de gelados na loja para atrair clientes.<\/span><span style=\"font-family: \u5b8b\u4f53;letter-spacing: 0;font-size: 19px\">&nbsp;<\/span><\/p>\n<p><span style=\"font-family: \u5b8b\u4f53;letter-spacing: 0;font-size: 19px\"><br \/><\/span><\/p>\n<p><span style=\"font-family: \u5b8b\u4f53;letter-spacing: 0;font-size: 19px\"><br \/><\/span><\/p>\n<\/div>\n<\/div>\n<div class=\"graphic_pic animated wow bounceIn\" data-wow-delay=\".7s\">\n<p style=\"text-align:center\"><img loading=\"lazy\" decoding=\"async\" src=\"https:\/\/www.hommy.com\/wp-content\/uploads\/16014277532840.png\" alt=\"produto-Hommy-img\" title=\"\" width=\"300\" height=\"500\" border=\"0\" vspace=\"0\" style=\"width: 300px;height: 500px\"><\/p>\n<\/div>\n<\/div>\n<\/div>\n<\/div>\n<p><span style=\"font-family:Calibri;font-size:14px\"><\/span><\/p>\n<p><span style=\"font-family:Calibri;font-size:14px\">Documento<\/span><span style=\"font-family: Calibri\">:<\/span><img decoding=\"async\" src=\"https:\/\/www.hommy.com\/wp-content\/uploads\/icon_pdf-78.gif\" style=\"margin-right: 2px\" alt=\"produto-Hommy-img\" title=\"\"><a href=\"https:\/\/img80002414.weyesimg.com\/uploads\/www.hommy.com\/addon\/16025750768669.pdf\" title=\"16025750768669.pdf\" style=\"font-size: 12px\">16025750768669.pdf<\/a><\/p>\n<p><span style=\"font-family:Calibri;font-size:14px\"><\/span><\/p>\n<\/div><\/div>","protected":false},"excerpt":{"rendered":"<p>Gelato cone mould Gelato cone mould|Product specification|Product Features|Product Advantage This is a high quality and innovative promotional ice cream for retail customers. An ice cream promotion model can work wonders for your store. This is an ideal way to get noticed. We have all the promotional ice cream models available in our inventory, please ask [&hellip;]<\/p>\n","protected":false},"featured_media":1946,"comment_status":"open","ping_status":"open","template":"","meta":{"_swt_meta_header_display":false,"_swt_meta_footer_display":false,"_swt_meta_site_title_display":false,"_swt_meta_sticky_header":false,"_swt_meta_transparent_header":false},"product_brand":[],"product_cat":[89],"product_tag":[],"class_list":{"0":"post-1009","1":"product","2":"type-product","3":"status-publish","4":"has-post-thumbnail","6":"product_cat-ice-cream-model","8":"first","9":"instock","10":"shipping-taxable","11":"product-type-simple"},"_links":{"self":[{"href":"https:\/\/www.hommy.com\/pt\/wp-json\/wp\/v2\/product\/1009","targetHints":{"allow":["GET"]}}],"collection":[{"href":"https:\/\/www.hommy.com\/pt\/wp-json\/wp\/v2\/product"}],"about":[{"href":"https:\/\/www.hommy.com\/pt\/wp-json\/wp\/v2\/types\/product"}],"replies":[{"embeddable":true,"href":"https:\/\/www.hommy.com\/pt\/wp-json\/wp\/v2\/comments?post=1009"}],"wp:featuredmedia":[{"embeddable":true,"href":"https:\/\/www.hommy.com\/pt\/wp-json\/wp\/v2\/media\/1946"}],"wp:attachment":[{"href":"https:\/\/www.hommy.com\/pt\/wp-json\/wp\/v2\/media?parent=1009"}],"wp:term":[{"taxonomy":"product_brand","embeddable":true,"href":"https:\/\/www.hommy.com\/pt\/wp-json\/wp\/v2\/product_brand?post=1009"},{"taxonomy":"product_cat","embeddable":true,"href":"https:\/\/www.hommy.com\/pt\/wp-json\/wp\/v2\/product_cat?post=1009"},{"taxonomy":"product_tag","embeddable":true,"href":"https:\/\/www.hommy.com\/pt\/wp-json\/wp\/v2\/product_tag?post=1009"}],"curies":[{"name":"wp","href":"https:\/\/api.w.org\/{rel}","templated":true}]}}