{"id":100,"date":"2024-07-02T12:08:31","date_gmt":"2024-07-02T12:08:31","guid":{"rendered":"http:\/\/localhost\/hommywp\/pa-al-12-aluminum-pizza-pan-vending-machine-parts\/"},"modified":"2025-08-01T09:57:26","modified_gmt":"2025-08-01T09:57:26","slug":"pa-al-12-forma-de-aluminio-para-pizza","status":"publish","type":"product","link":"https:\/\/www.hommy.com\/pt\/p\/pa-al-12-forma-de-aluminio-para-pizza\/","title":{"rendered":"Pa-Al-12\" Panela de alum\u00ednio para pizza Pe\u00e7as para m\u00e1quinas de venda autom\u00e1tica"},"content":{"rendered":"<div>\n<p style=\"text-align: center\"><span style=\"font-family:Calibri;font-size:29px\">M\u00e1quina de venda autom\u00e1tica de pizzas It\u00e1lia <\/span><\/p>\n<p><\/p>\n<p style=\"margin-bottom:0;text-align:justify\"><span style=\"font-family:\u5b8b\u4f53;font-size:29px\">Carater\u00edsticas do produto : <\/span><\/p>\n<p><span style=\"font-family:Calibri;font-size:21px\">1.&nbsp;<\/span><span style=\"font-family:Calibri;font-size:21px\">Forma para pizzas de alum\u00ednio de 12\" escolha um material que tenha sido aprovado em qualidade alimentar. &nbsp;<\/span><\/p>\n<p><span style=\"font-family:Calibri;font-size:21px\">2.&nbsp;<\/span><span style=\"font-family:Calibri;font-size:21px\">A base da forma de alum\u00ednio para pizza na caixa de pizza hommy para fazer o design que tem um di\u00e2metro de 30cm.<\/span><\/p>\n<p><span style=\"font-family:Calibri;font-size:21px\">3.&nbsp;<\/span><span style=\"font-family:Calibri;font-size:21px\">Existem orif\u00edcios e po\u00e7os adicionais no interior da forma para drenar o vapor de \u00e1gua, tornando a piza mais deliciosa. <\/span><\/p>\n<p><span style=\"font-family:Calibri;font-size:21px\">4.&nbsp;<\/span><span style=\"font-family:Calibri;font-size:21px\">A caixa de pizza de alum\u00ednio \u00e9 um design especial para a m\u00e1quina de pizza de venda autom\u00e1tica hommy. <\/span><\/p>\n<p><span style=\"font-family:Calibri;font-size:21px\">5.&nbsp;<\/span><span style=\"font-family:Calibri;font-size:21px\">A caixa de pizza e a forma de pizza de alum\u00ednio s\u00e3o um conjunto para a m\u00e1quina de venda autom\u00e1tica de pizza Hommy funcionar.<\/span><\/p>\n<p><span style=\"font-family:Calibri;font-size:21px\">Selada com componentes de qualidade alimentar de alta qualidade, a Pizza Pan de alum\u00ednio \u00e9 um produto duradouro e adequado para aplica\u00e7\u00f5es de qualidade alimentar. O produto \u00e9 amplamente apreciado pelo seu \u00f3timo desempenho, durabilidade e \u00f3timo acabamento.<\/span><\/p>\n<p><span style=\"font-family:Calibri;font-size:21px\"><\/span><\/p>\n<h2>Qual \u00e9 a dimens\u00e3o do sector das m\u00e1quinas de venda autom\u00e1tica nos EUA?<\/h2>\n<p style=\"margin-top: 5px;margin-bottom: 5px\">A ind\u00fastria de m\u00e1quinas de venda autom\u00e1tica dos EUA vale cerca de $22,4 mil milh\u00f5es em 2017. Prev\u00ea-se que cres\u00e7a a um CAGR de cerca de 2,6% durante os pr\u00f3ximos cinco anos. Em 2017, a ind\u00fastria de m\u00e1quinas de venda autom\u00e1tica dos EUA foi dominada pelo segmento de alimentos e bebidas, que contribuiu para mais de metade da receita do mercado. O segundo maior segmento foi o segmento de lanches e confeitaria. Outros segmentos importantes inclu\u00edram o segmento de bebidas, pr\u00e9-embalados, conveni\u00eancia e fast food. O mercado dever\u00e1 crescer a um CAGR de cerca de 2,6% durante os pr\u00f3ximos cinco anos.<\/p>\n<p style=\"margin-top: 5px;margin-bottom: 5px\"><\/p>\n<h2>Como \u00e9 que se faz uma m\u00e1quina de venda autom\u00e1tica saud\u00e1vel?<\/h2>\n<p style=\"margin-top: 5px;margin-bottom: 5px\">Esta \u00e9 a teoria da Healthy Vending Initiative, uma coliga\u00e7\u00e3o de funcion\u00e1rios da sa\u00fade p\u00fablica, administradores de escolas e outros que est\u00e3o a tentar mudar a forma como as m\u00e1quinas de venda autom\u00e1tica s\u00e3o vendidas e utilizadas. Estas m\u00e1quinas s\u00e3o uma \u00f3ptima forma de poupar dinheiro e de ajudar os seus empregados a comerem de forma mais saud\u00e1vel. Se est\u00e1 \u00e0 procura de uma m\u00e1quina de venda autom\u00e1tica saud\u00e1vel para o seu local de trabalho, aqui est\u00e3o algumas dicas para o ajudar a criar uma.<\/p>\n<p style=\"margin-top: 5px;margin-bottom: 5px\"><\/p>\n<h2>As m\u00e1quinas de venda autom\u00e1tica fazem dinheiro no Canad\u00e1?<\/h2>\n<p style=\"margin-top: 5px;margin-bottom: 5px\">Em qualquer parte do mundo, podemos encontrar uma m\u00e1quina de venda autom\u00e1tica. S\u00e3o frequentemente a primeira coisa que se v\u00ea quando se entra num edif\u00edcio. No Canad\u00e1, existem muitos tipos diferentes de m\u00e1quinas de venda autom\u00e1tica. Algumas vendem rebu\u00e7ados, outras vendem \u00e1gua, outras vendem cerveja.&nbsp;<\/p>\n<p style=\"margin-top: 5px;margin-bottom: 5px\"><br style=\"font-family: sans-serif;font-size: 16px\" \/><\/p>\n<p><span style=\"font-family:Calibri;font-size:21px\"><br \/><\/span><\/p>\n<\/p><\/div>","protected":false},"excerpt":{"rendered":"<p>Pizza vending machine Italy Product Features : 1.&nbsp;12\u201d aluminum pizza pan choose material that have pass food grade . &nbsp; 2.&nbsp;The aluminum pizza pan base on &nbsp;hommy pizza box to do the design that is diameter 30cm . 3.&nbsp;There are additional holes and pits inside the pan to drain away water vapor, making the pizza [&hellip;]<\/p>\n","protected":false},"featured_media":1957,"comment_status":"open","ping_status":"open","template":"","meta":{"_swt_meta_header_display":false,"_swt_meta_footer_display":false,"_swt_meta_site_title_display":false,"_swt_meta_sticky_header":false,"_swt_meta_transparent_header":false},"product_brand":[],"product_cat":[70,68],"product_tag":[],"class_list":{"0":"post-100","1":"product","2":"type-product","3":"status-publish","4":"has-post-thumbnail","6":"product_cat-pizza-vending-machine","7":"product_cat-vending-machine","9":"first","10":"instock","11":"shipping-taxable","12":"product-type-simple"},"_links":{"self":[{"href":"https:\/\/www.hommy.com\/pt\/wp-json\/wp\/v2\/product\/100","targetHints":{"allow":["GET"]}}],"collection":[{"href":"https:\/\/www.hommy.com\/pt\/wp-json\/wp\/v2\/product"}],"about":[{"href":"https:\/\/www.hommy.com\/pt\/wp-json\/wp\/v2\/types\/product"}],"replies":[{"embeddable":true,"href":"https:\/\/www.hommy.com\/pt\/wp-json\/wp\/v2\/comments?post=100"}],"wp:featuredmedia":[{"embeddable":true,"href":"https:\/\/www.hommy.com\/pt\/wp-json\/wp\/v2\/media\/1957"}],"wp:attachment":[{"href":"https:\/\/www.hommy.com\/pt\/wp-json\/wp\/v2\/media?parent=100"}],"wp:term":[{"taxonomy":"product_brand","embeddable":true,"href":"https:\/\/www.hommy.com\/pt\/wp-json\/wp\/v2\/product_brand?post=100"},{"taxonomy":"product_cat","embeddable":true,"href":"https:\/\/www.hommy.com\/pt\/wp-json\/wp\/v2\/product_cat?post=100"},{"taxonomy":"product_tag","embeddable":true,"href":"https:\/\/www.hommy.com\/pt\/wp-json\/wp\/v2\/product_tag?post=100"}],"curies":[{"name":"wp","href":"https:\/\/api.w.org\/{rel}","templated":true}]}}