{"id":2790,"date":"2025-10-25T10:14:30","date_gmt":"2025-10-25T10:14:30","guid":{"rendered":"https:\/\/www.hommy.com\/?page_id=2790"},"modified":"2025-10-25T11:44:46","modified_gmt":"2025-10-25T11:44:46","slug":"blog","status":"publish","type":"page","link":"https:\/\/www.hommy.com\/pt\/blog\/","title":{"rendered":"blog"},"content":{"rendered":"<div class=\"wp-block-query is-layout-flow wp-block-query-is-layout-flow\"><ul class=\"columns-3 wp-block-post-template is-layout-grid wp-container-core-post-template-is-layout-572542b5 wp-block-post-template-is-layout-grid\"><li class=\"wp-block-post post-2964 post type-post status-publish format-standard hentry category-news\">\n<a href=\"https:\/\/www.hommy.com\/pt\/como-as-maquinas-de-venda-automatica-de-slush-nas-lojas-de-conveniencia-cu-estao-quebrando-as-barreiras-sazonais\/\"><figure class=\"wp-block-image is-placeholder\" style=\"height:400px;\"><svg width=\"30\" height=\"30\" viewbox=\"0 0 40 40\" fill=\"currentColor\" xmlns=\"http:\/\/www.w3.org\/2000\/svg\" role=\"img\" aria-labelledby=\"icon-69f549fb89cc2\" data-icon=\"placeholder\" class=\"wp-block-image__placeholder-icon\"><title id=\"icon-69f549fb89cc2\">Polaridade<\/title>\n<g opacity=\"0.2\" clip-path=\"url(#clip0_601_10810)\" id=\"mask0_601_10810\" style=\"mask-type:luminance\" maskunits=\"userSpaceOnUse\" x=\"0\" y=\"0\" width=\"40\" height=\"40\"><path d=\"M40 0H0V40H40V0Z\" fill=\"var(--wp--preset--color--surface)\"><\/path><g mask=\"url(#mask0_601_10810)\"><path fill-rule=\"evenodd\" clip-rule=\"evenodd\" d=\"M20 40C31.0458 40 40 31.0458 40 20C40 8.95429 31.0458 0 20 0C8.95429 0 0 8.95429 0 20C0 31.0458 8.95429 40 20 40ZM26.1503 25.86C27.3066 25.129 28 23.9059 28 22.5969C28 20.778 26.672 19.1962 24.7885 18.7717L19.1451 17.371C18.6131 17.2511 18.4856 16.5951 18.9383 16.3065L23.3349 13.5021C25.3814 12.1967 25.9135 9.58069 24.5234 7.65898C24.3496 7.41874 24.0014 7.35629 23.7455 7.51949L13.8134 14.2191C12.6791 14.9426 12 16.1466 12 17.4341C12 19.2314 13.312 20.794 15.1731 21.2135L20.9084 22.635C21.4416 22.7552 21.568 23.4134 21.1131 23.7009L16.6841 26.5007C14.6319 27.7981 14.0883 30.4121 15.4699 32.3393C15.6426 32.5801 15.9906 32.644 16.2471 32.4817L26.1503 25.86Z\" fill=\"var(--wp--preset--color--heading)\"><\/path><\/g><\/g><defs><clippath id=\"clip0_601_10810\"><rect width=\"40\" height=\"40\" fill=\"white\"><\/rect><\/clippath><\/defs><\/svg><\/figure><\/a>\n\n\n<h2 class=\"wp-block-post-title has-large-font-size\"><a href=\"https:\/\/www.hommy.com\/pt\/como-as-maquinas-de-venda-automatica-de-slush-nas-lojas-de-conveniencia-cu-estao-quebrando-as-barreiras-sazonais\/\" target=\"_self\" >Como as m\u00e1quinas de venda autom\u00e1tica de slush nas lojas de conveni\u00eancia da CU est\u00e3o quebrando as barreiras sazonais?<\/a><\/h2>\n<\/li><li class=\"wp-block-post post-2962 post type-post status-publish format-standard hentry category-news\">\n<a href=\"https:\/\/www.hommy.com\/pt\/como-as-maquinas-de-venda-automatica-de-hommy-se-tornaram-o-segredo-de-aumento-de-receita-para-as-coreias-cu-gs25-e-cafes-nao-tripulados\/\"><figure class=\"wp-block-image is-placeholder\" style=\"height:400px;\"><svg width=\"30\" height=\"30\" viewbox=\"0 0 40 40\" fill=\"currentColor\" xmlns=\"http:\/\/www.w3.org\/2000\/svg\" role=\"img\" aria-labelledby=\"icon-69f549fb8a7bc\" data-icon=\"placeholder\" class=\"wp-block-image__placeholder-icon\"><title id=\"icon-69f549fb8a7bc\">Polaridade<\/title>\n<g opacity=\"0.2\" clip-path=\"url(#clip0_601_10810)\" id=\"mask0_601_10810\" style=\"mask-type:luminance\" maskunits=\"userSpaceOnUse\" x=\"0\" y=\"0\" width=\"40\" height=\"40\"><path d=\"M40 0H0V40H40V0Z\" fill=\"var(--wp--preset--color--surface)\"><\/path><g mask=\"url(#mask0_601_10810)\"><path fill-rule=\"evenodd\" clip-rule=\"evenodd\" d=\"M20 40C31.0458 40 40 31.0458 40 20C40 8.95429 31.0458 0 20 0C8.95429 0 0 8.95429 0 20C0 31.0458 8.95429 40 20 40ZM26.1503 25.86C27.3066 25.129 28 23.9059 28 22.5969C28 20.778 26.672 19.1962 24.7885 18.7717L19.1451 17.371C18.6131 17.2511 18.4856 16.5951 18.9383 16.3065L23.3349 13.5021C25.3814 12.1967 25.9135 9.58069 24.5234 7.65898C24.3496 7.41874 24.0014 7.35629 23.7455 7.51949L13.8134 14.2191C12.6791 14.9426 12 16.1466 12 17.4341C12 19.2314 13.312 20.794 15.1731 21.2135L20.9084 22.635C21.4416 22.7552 21.568 23.4134 21.1131 23.7009L16.6841 26.5007C14.6319 27.7981 14.0883 30.4121 15.4699 32.3393C15.6426 32.5801 15.9906 32.644 16.2471 32.4817L26.1503 25.86Z\" fill=\"var(--wp--preset--color--heading)\"><\/path><\/g><\/g><defs><clippath id=\"clip0_601_10810\"><rect width=\"40\" height=\"40\" fill=\"white\"><\/rect><\/clippath><\/defs><\/svg><\/figure><\/a>\n\n\n<h2 class=\"wp-block-post-title has-large-font-size\"><a href=\"https:\/\/www.hommy.com\/pt\/como-as-maquinas-de-venda-automatica-de-hommy-se-tornaram-o-segredo-de-aumento-de-receita-para-as-coreias-cu-gs25-e-cafes-nao-tripulados\/\" target=\"_self\" >Como as m\u00e1quinas de venda autom\u00e1tica de hommy se tornaram o \u201csegredo de refor\u00e7o da receita\u201d para os caf\u00e9s CU, GS25 e n\u00e3o tripulados da Coreia<\/a><\/h2>\n<\/li><li class=\"wp-block-post post-2960 post type-post status-publish format-standard hentry category-news\">\n<a href=\"https:\/\/www.hommy.com\/pt\/a-loja-de-conveniencia-da-cu-coreia-do-sul-entra-no-mercado-havaiano-com-um-aumento-de-vendas\/\"><figure class=\"wp-block-image is-placeholder\" style=\"height:400px;\"><svg width=\"30\" height=\"30\" viewbox=\"0 0 40 40\" fill=\"currentColor\" xmlns=\"http:\/\/www.w3.org\/2000\/svg\" role=\"img\" aria-labelledby=\"icon-69f549fb8b05d\" data-icon=\"placeholder\" class=\"wp-block-image__placeholder-icon\"><title id=\"icon-69f549fb8b05d\">Polaridade<\/title>\n<g opacity=\"0.2\" clip-path=\"url(#clip0_601_10810)\" id=\"mask0_601_10810\" style=\"mask-type:luminance\" maskunits=\"userSpaceOnUse\" x=\"0\" y=\"0\" width=\"40\" height=\"40\"><path d=\"M40 0H0V40H40V0Z\" fill=\"var(--wp--preset--color--surface)\"><\/path><g mask=\"url(#mask0_601_10810)\"><path fill-rule=\"evenodd\" clip-rule=\"evenodd\" d=\"M20 40C31.0458 40 40 31.0458 40 20C40 8.95429 31.0458 0 20 0C8.95429 0 0 8.95429 0 20C0 31.0458 8.95429 40 20 40ZM26.1503 25.86C27.3066 25.129 28 23.9059 28 22.5969C28 20.778 26.672 19.1962 24.7885 18.7717L19.1451 17.371C18.6131 17.2511 18.4856 16.5951 18.9383 16.3065L23.3349 13.5021C25.3814 12.1967 25.9135 9.58069 24.5234 7.65898C24.3496 7.41874 24.0014 7.35629 23.7455 7.51949L13.8134 14.2191C12.6791 14.9426 12 16.1466 12 17.4341C12 19.2314 13.312 20.794 15.1731 21.2135L20.9084 22.635C21.4416 22.7552 21.568 23.4134 21.1131 23.7009L16.6841 26.5007C14.6319 27.7981 14.0883 30.4121 15.4699 32.3393C15.6426 32.5801 15.9906 32.644 16.2471 32.4817L26.1503 25.86Z\" fill=\"var(--wp--preset--color--heading)\"><\/path><\/g><\/g><defs><clippath id=\"clip0_601_10810\"><rect width=\"40\" height=\"40\" fill=\"white\"><\/rect><\/clippath><\/defs><\/svg><\/figure><\/a>\n\n\n<h2 class=\"wp-block-post-title has-large-font-size\"><a href=\"https:\/\/www.hommy.com\/pt\/a-loja-de-conveniencia-da-cu-coreia-do-sul-entra-no-mercado-havaiano-com-um-aumento-de-vendas\/\" target=\"_self\" >A loja de conveni\u00eancia da CU Cor\u00e9ia do Sul entra no mercado havaiano com um aumento de vendas<\/a><\/h2>\n<\/li><li class=\"wp-block-post post-2958 post type-post status-publish format-standard hentry category-news\">\n<a href=\"https:\/\/www.hommy.com\/pt\/7-eleven-esta-crescendo-entao-o-que-e-tao-atraente-na-maquina-de-venda-automatica-de-smoothies\/\"><figure class=\"wp-block-image is-placeholder\" style=\"height:400px;\"><svg width=\"30\" height=\"30\" viewbox=\"0 0 40 40\" fill=\"currentColor\" xmlns=\"http:\/\/www.w3.org\/2000\/svg\" role=\"img\" aria-labelledby=\"icon-69f549fb8b8b4\" data-icon=\"placeholder\" class=\"wp-block-image__placeholder-icon\"><title id=\"icon-69f549fb8b8b4\">Polaridade<\/title>\n<g opacity=\"0.2\" clip-path=\"url(#clip0_601_10810)\" id=\"mask0_601_10810\" style=\"mask-type:luminance\" maskunits=\"userSpaceOnUse\" x=\"0\" y=\"0\" width=\"40\" height=\"40\"><path d=\"M40 0H0V40H40V0Z\" fill=\"var(--wp--preset--color--surface)\"><\/path><g mask=\"url(#mask0_601_10810)\"><path fill-rule=\"evenodd\" clip-rule=\"evenodd\" d=\"M20 40C31.0458 40 40 31.0458 40 20C40 8.95429 31.0458 0 20 0C8.95429 0 0 8.95429 0 20C0 31.0458 8.95429 40 20 40ZM26.1503 25.86C27.3066 25.129 28 23.9059 28 22.5969C28 20.778 26.672 19.1962 24.7885 18.7717L19.1451 17.371C18.6131 17.2511 18.4856 16.5951 18.9383 16.3065L23.3349 13.5021C25.3814 12.1967 25.9135 9.58069 24.5234 7.65898C24.3496 7.41874 24.0014 7.35629 23.7455 7.51949L13.8134 14.2191C12.6791 14.9426 12 16.1466 12 17.4341C12 19.2314 13.312 20.794 15.1731 21.2135L20.9084 22.635C21.4416 22.7552 21.568 23.4134 21.1131 23.7009L16.6841 26.5007C14.6319 27.7981 14.0883 30.4121 15.4699 32.3393C15.6426 32.5801 15.9906 32.644 16.2471 32.4817L26.1503 25.86Z\" fill=\"var(--wp--preset--color--heading)\"><\/path><\/g><\/g><defs><clippath id=\"clip0_601_10810\"><rect width=\"40\" height=\"40\" fill=\"white\"><\/rect><\/clippath><\/defs><\/svg><\/figure><\/a>\n\n\n<h2 class=\"wp-block-post-title has-large-font-size\"><a href=\"https:\/\/www.hommy.com\/pt\/7-eleven-esta-crescendo-entao-o-que-e-tao-atraente-na-maquina-de-venda-automatica-de-smoothies\/\" target=\"_self\" >7-Eleven Vietnam est\u00e1 crescendo! Ent\u00e3o, o que h\u00e1 de t\u00e3o atraente na m\u00e1quina de venda autom\u00e1tica de smoothies<\/a><\/h2>\n<\/li><li class=\"wp-block-post post-2956 post type-post status-publish format-standard hentry category-news\">\n<a href=\"https:\/\/www.hommy.com\/pt\/as-maquinas-de-venda-automatica-de-smoothies-hommy-sao-uma-realidade-na-varejista-gigante-da-malasia-aeon\/\"><figure class=\"wp-block-image is-placeholder\" style=\"height:400px;\"><svg width=\"30\" height=\"30\" viewbox=\"0 0 40 40\" fill=\"currentColor\" xmlns=\"http:\/\/www.w3.org\/2000\/svg\" role=\"img\" aria-labelledby=\"icon-69f549fb8c114\" data-icon=\"placeholder\" class=\"wp-block-image__placeholder-icon\"><title id=\"icon-69f549fb8c114\">Polaridade<\/title>\n<g opacity=\"0.2\" clip-path=\"url(#clip0_601_10810)\" id=\"mask0_601_10810\" style=\"mask-type:luminance\" maskunits=\"userSpaceOnUse\" x=\"0\" y=\"0\" width=\"40\" height=\"40\"><path d=\"M40 0H0V40H40V0Z\" fill=\"var(--wp--preset--color--surface)\"><\/path><g mask=\"url(#mask0_601_10810)\"><path fill-rule=\"evenodd\" clip-rule=\"evenodd\" d=\"M20 40C31.0458 40 40 31.0458 40 20C40 8.95429 31.0458 0 20 0C8.95429 0 0 8.95429 0 20C0 31.0458 8.95429 40 20 40ZM26.1503 25.86C27.3066 25.129 28 23.9059 28 22.5969C28 20.778 26.672 19.1962 24.7885 18.7717L19.1451 17.371C18.6131 17.2511 18.4856 16.5951 18.9383 16.3065L23.3349 13.5021C25.3814 12.1967 25.9135 9.58069 24.5234 7.65898C24.3496 7.41874 24.0014 7.35629 23.7455 7.51949L13.8134 14.2191C12.6791 14.9426 12 16.1466 12 17.4341C12 19.2314 13.312 20.794 15.1731 21.2135L20.9084 22.635C21.4416 22.7552 21.568 23.4134 21.1131 23.7009L16.6841 26.5007C14.6319 27.7981 14.0883 30.4121 15.4699 32.3393C15.6426 32.5801 15.9906 32.644 16.2471 32.4817L26.1503 25.86Z\" fill=\"var(--wp--preset--color--heading)\"><\/path><\/g><\/g><defs><clippath id=\"clip0_601_10810\"><rect width=\"40\" height=\"40\" fill=\"white\"><\/rect><\/clippath><\/defs><\/svg><\/figure><\/a>\n\n\n<h2 class=\"wp-block-post-title has-large-font-size\"><a href=\"https:\/\/www.hommy.com\/pt\/as-maquinas-de-venda-automatica-de-smoothies-hommy-sao-uma-realidade-na-varejista-gigante-da-malasia-aeon\/\" target=\"_self\" >As m\u00e1quinas de venda autom\u00e1tica de smoothies hommy s\u00e3o uma realidade na varejista gigante da Mal\u00e1sia Aeon<\/a><\/h2>\n<\/li><li class=\"wp-block-post post-2954 post type-post status-publish format-standard hentry category-news\">\n<a href=\"https:\/\/www.hommy.com\/pt\/a-maquina-de-venda-automatica-de-smoothie-integrou-o-recurso-de-agua-quente-portanto-pode-ser-usado-durante-todo-o-ano\/\"><figure class=\"wp-block-image is-placeholder\" style=\"height:400px;\"><svg width=\"30\" height=\"30\" viewbox=\"0 0 40 40\" fill=\"currentColor\" xmlns=\"http:\/\/www.w3.org\/2000\/svg\" role=\"img\" aria-labelledby=\"icon-69f549fb8c948\" data-icon=\"placeholder\" class=\"wp-block-image__placeholder-icon\"><title id=\"icon-69f549fb8c948\">Polaridade<\/title>\n<g opacity=\"0.2\" clip-path=\"url(#clip0_601_10810)\" id=\"mask0_601_10810\" style=\"mask-type:luminance\" maskunits=\"userSpaceOnUse\" x=\"0\" y=\"0\" width=\"40\" height=\"40\"><path d=\"M40 0H0V40H40V0Z\" fill=\"var(--wp--preset--color--surface)\"><\/path><g mask=\"url(#mask0_601_10810)\"><path fill-rule=\"evenodd\" clip-rule=\"evenodd\" d=\"M20 40C31.0458 40 40 31.0458 40 20C40 8.95429 31.0458 0 20 0C8.95429 0 0 8.95429 0 20C0 31.0458 8.95429 40 20 40ZM26.1503 25.86C27.3066 25.129 28 23.9059 28 22.5969C28 20.778 26.672 19.1962 24.7885 18.7717L19.1451 17.371C18.6131 17.2511 18.4856 16.5951 18.9383 16.3065L23.3349 13.5021C25.3814 12.1967 25.9135 9.58069 24.5234 7.65898C24.3496 7.41874 24.0014 7.35629 23.7455 7.51949L13.8134 14.2191C12.6791 14.9426 12 16.1466 12 17.4341C12 19.2314 13.312 20.794 15.1731 21.2135L20.9084 22.635C21.4416 22.7552 21.568 23.4134 21.1131 23.7009L16.6841 26.5007C14.6319 27.7981 14.0883 30.4121 15.4699 32.3393C15.6426 32.5801 15.9906 32.644 16.2471 32.4817L26.1503 25.86Z\" fill=\"var(--wp--preset--color--heading)\"><\/path><\/g><\/g><defs><clippath id=\"clip0_601_10810\"><rect width=\"40\" height=\"40\" fill=\"white\"><\/rect><\/clippath><\/defs><\/svg><\/figure><\/a>\n\n\n<h2 class=\"wp-block-post-title has-large-font-size\"><a href=\"https:\/\/www.hommy.com\/pt\/a-maquina-de-venda-automatica-de-smoothie-integrou-o-recurso-de-agua-quente-portanto-pode-ser-usado-durante-todo-o-ano\/\" target=\"_self\" >A m\u00e1quina de venda autom\u00e1tica de smoothie integrou o recurso de \u00e1gua quente, portanto, pode ser usado durante todo o ano<\/a><\/h2>\n<\/li><li class=\"wp-block-post post-2951 post type-post status-publish format-standard hentry category-news\">\n<a href=\"https:\/\/www.hommy.com\/pt\/este-smoothie-de-frutas-e-vendido-em-hot-kong-beef-bang-hot-pot-e-vendido-mais-de-300-xicaras-por-dia\/\"><figure class=\"wp-block-image is-placeholder\" style=\"height:400px;\"><svg width=\"30\" height=\"30\" viewbox=\"0 0 40 40\" fill=\"currentColor\" xmlns=\"http:\/\/www.w3.org\/2000\/svg\" role=\"img\" aria-labelledby=\"icon-69f549fb8d178\" data-icon=\"placeholder\" class=\"wp-block-image__placeholder-icon\"><title id=\"icon-69f549fb8d178\">Polaridade<\/title>\n<g opacity=\"0.2\" clip-path=\"url(#clip0_601_10810)\" id=\"mask0_601_10810\" style=\"mask-type:luminance\" maskunits=\"userSpaceOnUse\" x=\"0\" y=\"0\" width=\"40\" height=\"40\"><path d=\"M40 0H0V40H40V0Z\" fill=\"var(--wp--preset--color--surface)\"><\/path><g mask=\"url(#mask0_601_10810)\"><path fill-rule=\"evenodd\" clip-rule=\"evenodd\" d=\"M20 40C31.0458 40 40 31.0458 40 20C40 8.95429 31.0458 0 20 0C8.95429 0 0 8.95429 0 20C0 31.0458 8.95429 40 20 40ZM26.1503 25.86C27.3066 25.129 28 23.9059 28 22.5969C28 20.778 26.672 19.1962 24.7885 18.7717L19.1451 17.371C18.6131 17.2511 18.4856 16.5951 18.9383 16.3065L23.3349 13.5021C25.3814 12.1967 25.9135 9.58069 24.5234 7.65898C24.3496 7.41874 24.0014 7.35629 23.7455 7.51949L13.8134 14.2191C12.6791 14.9426 12 16.1466 12 17.4341C12 19.2314 13.312 20.794 15.1731 21.2135L20.9084 22.635C21.4416 22.7552 21.568 23.4134 21.1131 23.7009L16.6841 26.5007C14.6319 27.7981 14.0883 30.4121 15.4699 32.3393C15.6426 32.5801 15.9906 32.644 16.2471 32.4817L26.1503 25.86Z\" fill=\"var(--wp--preset--color--heading)\"><\/path><\/g><\/g><defs><clippath id=\"clip0_601_10810\"><rect width=\"40\" height=\"40\" fill=\"white\"><\/rect><\/clippath><\/defs><\/svg><\/figure><\/a>\n\n\n<h2 class=\"wp-block-post-title has-large-font-size\"><a href=\"https:\/\/www.hommy.com\/pt\/este-smoothie-de-frutas-e-vendido-em-hot-kong-beef-bang-hot-pot-e-vendido-mais-de-300-xicaras-por-dia\/\" target=\"_self\" >Este smoothie de frutas \u00e9 vendido em Hot Kong Beef Bang Hot Pot e vendido mais de 300 x\u00edcaras por dia<\/a><\/h2>\n<\/li><li class=\"wp-block-post post-2949 post type-post status-publish format-standard hentry category-news\">\n<a href=\"https:\/\/www.hommy.com\/pt\/um-novo-colaborador-das-cozinhas-centrais-adiciona-refeicoes-leves-e-smoothies-frescos-ao-seu-menu\/\"><figure class=\"wp-block-image is-placeholder\" style=\"height:400px;\"><svg width=\"30\" height=\"30\" viewbox=\"0 0 40 40\" fill=\"currentColor\" xmlns=\"http:\/\/www.w3.org\/2000\/svg\" role=\"img\" aria-labelledby=\"icon-69f549fb8d989\" data-icon=\"placeholder\" class=\"wp-block-image__placeholder-icon\"><title id=\"icon-69f549fb8d989\">Polaridade<\/title>\n<g opacity=\"0.2\" clip-path=\"url(#clip0_601_10810)\" id=\"mask0_601_10810\" style=\"mask-type:luminance\" maskunits=\"userSpaceOnUse\" x=\"0\" y=\"0\" width=\"40\" height=\"40\"><path d=\"M40 0H0V40H40V0Z\" fill=\"var(--wp--preset--color--surface)\"><\/path><g mask=\"url(#mask0_601_10810)\"><path fill-rule=\"evenodd\" clip-rule=\"evenodd\" d=\"M20 40C31.0458 40 40 31.0458 40 20C40 8.95429 31.0458 0 20 0C8.95429 0 0 8.95429 0 20C0 31.0458 8.95429 40 20 40ZM26.1503 25.86C27.3066 25.129 28 23.9059 28 22.5969C28 20.778 26.672 19.1962 24.7885 18.7717L19.1451 17.371C18.6131 17.2511 18.4856 16.5951 18.9383 16.3065L23.3349 13.5021C25.3814 12.1967 25.9135 9.58069 24.5234 7.65898C24.3496 7.41874 24.0014 7.35629 23.7455 7.51949L13.8134 14.2191C12.6791 14.9426 12 16.1466 12 17.4341C12 19.2314 13.312 20.794 15.1731 21.2135L20.9084 22.635C21.4416 22.7552 21.568 23.4134 21.1131 23.7009L16.6841 26.5007C14.6319 27.7981 14.0883 30.4121 15.4699 32.3393C15.6426 32.5801 15.9906 32.644 16.2471 32.4817L26.1503 25.86Z\" fill=\"var(--wp--preset--color--heading)\"><\/path><\/g><\/g><defs><clippath id=\"clip0_601_10810\"><rect width=\"40\" height=\"40\" fill=\"white\"><\/rect><\/clippath><\/defs><\/svg><\/figure><\/a>\n\n\n<h2 class=\"wp-block-post-title has-large-font-size\"><a href=\"https:\/\/www.hommy.com\/pt\/um-novo-colaborador-das-cozinhas-centrais-adiciona-refeicoes-leves-e-smoothies-frescos-ao-seu-menu\/\" target=\"_self\" >Um novo colaborador para as cozinhas centrais: adicione refei\u00e7\u00f5es leves e smoothies frescos ao seu menu<\/a><\/h2>\n<\/li><li class=\"wp-block-post post-2947 post type-post status-publish format-standard hentry category-news\">\n<a href=\"https:\/\/www.hommy.com\/pt\/experiencias-de-servico-inteligente-de-maquinas-de-venda-automatica-de-hommy-para-um-nivel-diferente-desbloqueando-novas-experiencias-em-hoteis-de-ultima-geracao\/\"><figure class=\"wp-block-image is-placeholder\" style=\"height:400px;\"><svg width=\"30\" height=\"30\" viewbox=\"0 0 40 40\" fill=\"currentColor\" xmlns=\"http:\/\/www.w3.org\/2000\/svg\" role=\"img\" aria-labelledby=\"icon-69f549fb8e1a7\" data-icon=\"placeholder\" class=\"wp-block-image__placeholder-icon\"><title id=\"icon-69f549fb8e1a7\">Polaridade<\/title>\n<g opacity=\"0.2\" clip-path=\"url(#clip0_601_10810)\" id=\"mask0_601_10810\" style=\"mask-type:luminance\" maskunits=\"userSpaceOnUse\" x=\"0\" y=\"0\" width=\"40\" height=\"40\"><path d=\"M40 0H0V40H40V0Z\" fill=\"var(--wp--preset--color--surface)\"><\/path><g mask=\"url(#mask0_601_10810)\"><path fill-rule=\"evenodd\" clip-rule=\"evenodd\" d=\"M20 40C31.0458 40 40 31.0458 40 20C40 8.95429 31.0458 0 20 0C8.95429 0 0 8.95429 0 20C0 31.0458 8.95429 40 20 40ZM26.1503 25.86C27.3066 25.129 28 23.9059 28 22.5969C28 20.778 26.672 19.1962 24.7885 18.7717L19.1451 17.371C18.6131 17.2511 18.4856 16.5951 18.9383 16.3065L23.3349 13.5021C25.3814 12.1967 25.9135 9.58069 24.5234 7.65898C24.3496 7.41874 24.0014 7.35629 23.7455 7.51949L13.8134 14.2191C12.6791 14.9426 12 16.1466 12 17.4341C12 19.2314 13.312 20.794 15.1731 21.2135L20.9084 22.635C21.4416 22.7552 21.568 23.4134 21.1131 23.7009L16.6841 26.5007C14.6319 27.7981 14.0883 30.4121 15.4699 32.3393C15.6426 32.5801 15.9906 32.644 16.2471 32.4817L26.1503 25.86Z\" fill=\"var(--wp--preset--color--heading)\"><\/path><\/g><\/g><defs><clippath id=\"clip0_601_10810\"><rect width=\"40\" height=\"40\" fill=\"white\"><\/rect><\/clippath><\/defs><\/svg><\/figure><\/a>\n\n\n<h2 class=\"wp-block-post-title has-large-font-size\"><a href=\"https:\/\/www.hommy.com\/pt\/experiencias-de-servico-inteligente-de-maquinas-de-venda-automatica-de-hommy-para-um-nivel-diferente-desbloqueando-novas-experiencias-em-hoteis-de-ultima-geracao\/\" target=\"_self\" >Hommy Vending Machines: experi\u00eancias de servi\u00e7o inteligentes a um n\u00edvel diferente, desbloqueando novas experi\u00eancias em hot\u00e9is de \u00faltima gera\u00e7\u00e3o<\/a><\/h2>\n<\/li><li class=\"wp-block-post post-2939 post type-post status-publish format-standard has-post-thumbnail hentry category-news category-company-news\">\n<figure style=\"aspect-ratio:auto;height:400px;\" class=\"wp-block-post-featured-image\"><a href=\"https:\/\/www.hommy.com\/pt\/lancamento-de-maquinas-de-venda-automatica-de-smoothies-de-hommy-no-chile-nas-lojas-cep\/\" target=\"_self\"  style=\"height:400px\"><img loading=\"lazy\" decoding=\"async\" width=\"800\" height=\"422\" src=\"https:\/\/www.hommy.com\/wp-content\/uploads\/Hommy_x_COPEC_smoothie_vending_machine-8952377401.jpg\" class=\"attachment-full size-full wp-post-image\" alt=\"Lan\u00e7amento de m\u00e1quinas de venda autom\u00e1tica de smoothies de hommy no chile nas lojas CEP\" style=\"width:100%;height:100%;object-fit:contain;\" srcset=\"https:\/\/www.hommy.com\/wp-content\/uploads\/Hommy_x_COPEC_smoothie_vending_machine-8952377401.jpg 800w, https:\/\/www.hommy.com\/wp-content\/uploads\/Hommy_x_COPEC_smoothie_vending_machine-8952377401-300x158.jpg 300w, https:\/\/www.hommy.com\/wp-content\/uploads\/Hommy_x_COPEC_smoothie_vending_machine-8952377401-768x405.jpg 768w, https:\/\/www.hommy.com\/wp-content\/uploads\/Hommy_x_COPEC_smoothie_vending_machine-8952377401-18x9.jpg 18w, https:\/\/www.hommy.com\/wp-content\/uploads\/Hommy_x_COPEC_smoothie_vending_machine-8952377401-600x317.jpg 600w\" sizes=\"auto, (max-width: 800px) 100vw, 800px\" title=\"\"><\/a><\/figure>\n\n<h2 class=\"wp-block-post-title has-large-font-size\"><a href=\"https:\/\/www.hommy.com\/pt\/lancamento-de-maquinas-de-venda-automatica-de-smoothies-de-hommy-no-chile-nas-lojas-cep\/\" target=\"_self\" >Lan\u00e7amento de m\u00e1quinas de venda autom\u00e1tica de smoothies de hommy no chile nas lojas CEP<\/a><\/h2>\n<\/li><li class=\"wp-block-post post-2899 post type-post status-publish format-standard has-post-thumbnail hentry category-news\">\n<figure style=\"aspect-ratio:auto;height:400px;\" class=\"wp-block-post-featured-image\"><a href=\"https:\/\/www.hommy.com\/pt\/maquina-de-venda-automatica-de-pizza-hommy\/\" target=\"_self\"  style=\"height:400px\"><img loading=\"lazy\" decoding=\"async\" width=\"600\" height=\"600\" src=\"https:\/\/www.hommy.com\/wp-content\/uploads\/16427462972540.png\" class=\"attachment-full size-full wp-post-image\" alt=\"Comece seu neg\u00f3cio de pizzas 24 horas por dia, 7 dias em que respeitem a solu\u00e7\u00e3o de pizzaria n\u00e3o tripulada Hommy\" style=\"width:100%;height:100%;object-fit:contain;\" srcset=\"https:\/\/www.hommy.com\/wp-content\/uploads\/16427462972540.png 600w, https:\/\/www.hommy.com\/wp-content\/uploads\/16427462972540-300x300.png 300w, https:\/\/www.hommy.com\/wp-content\/uploads\/16427462972540-100x100.png 100w, https:\/\/www.hommy.com\/wp-content\/uploads\/16427462972540-150x150.png 150w\" sizes=\"auto, (max-width: 600px) 100vw, 600px\" title=\"\"><\/a><\/figure>\n\n<h2 class=\"wp-block-post-title has-large-font-size\"><a href=\"https:\/\/www.hommy.com\/pt\/maquina-de-venda-automatica-de-pizza-hommy\/\" target=\"_self\" >Comece seu neg\u00f3cio de pizzas 24 horas por dia, 7 dias em que respeitem a solu\u00e7\u00e3o de pizzaria n\u00e3o tripulada Hommy<\/a><\/h2>\n<\/li><li class=\"wp-block-post post-2781 post type-post status-publish format-standard has-post-thumbnail hentry category-case category-education-sector\">\n<figure style=\"aspect-ratio:auto;height:400px;\" class=\"wp-block-post-featured-image\"><a href=\"https:\/\/www.hommy.com\/pt\/hommy-revoluciona-o-refresco-do-campus-nas-principais-universidades-brasileiras-com-maquinas-de-venda-automatica-de-smoothies-inteligentes\/\" target=\"_self\"  style=\"height:400px\"><img loading=\"lazy\" decoding=\"async\" width=\"431\" height=\"515\" src=\"https:\/\/www.hommy.com\/wp-content\/uploads\/smoothie-vending-machine-Brazil-Universities-h1.jpg\" class=\"attachment-full size-full wp-post-image\" alt=\"Hommy revoluciona o refresco do campus nas principais universidades brasileiras com m\u00e1quinas de venda autom\u00e1tica de smoothies inteligentes\" style=\"width:100%;height:100%;object-fit:contain;\" srcset=\"https:\/\/www.hommy.com\/wp-content\/uploads\/smoothie-vending-machine-Brazil-Universities-h1.jpg 431w, https:\/\/www.hommy.com\/wp-content\/uploads\/smoothie-vending-machine-Brazil-Universities-h1-251x300.jpg 251w, https:\/\/www.hommy.com\/wp-content\/uploads\/smoothie-vending-machine-Brazil-Universities-h1-10x12.jpg 10w\" sizes=\"auto, (max-width: 431px) 100vw, 431px\" title=\"\"><\/a><\/figure>\n\n<h2 class=\"wp-block-post-title has-large-font-size\"><a href=\"https:\/\/www.hommy.com\/pt\/hommy-revoluciona-o-refresco-do-campus-nas-principais-universidades-brasileiras-com-maquinas-de-venda-automatica-de-smoothies-inteligentes\/\" target=\"_self\" >Hommy revoluciona o refresco do campus nas principais universidades brasileiras com m\u00e1quinas de venda autom\u00e1tica de smoothies inteligentes<\/a><\/h2>\n<\/li><\/ul>\n\n<nav class=\"wp-block-query-pagination is-layout-flex wp-block-query-pagination-is-layout-flex\" aria-label=\"pagina\u00e7\u00e3o\">\n\n\n<div class=\"wp-block-query-pagination-numbers\"><span aria-label=\"P\u00e1gina 1\" aria-current=\"page\" class=\"page-numbers current\" data-no-translation-aria-label=\"\">1<\/span>\n<a aria-label=\"P\u00e1gina 2\" class=\"page-numbers\" href=\"?query-17-page=2\" data-no-translation-aria-label=\"\">2<\/a>\n<a aria-label=\"P\u00e1gina 3\" class=\"page-numbers\" href=\"?query-17-page=3\" data-no-translation-aria-label=\"\">3<\/a>\n<span class=\"page-numbers dots\">...<\/span>\n<a aria-label=\"P\u00e1gina 13\" class=\"page-numbers\" href=\"?query-17-page=13\" data-no-translation-aria-label=\"\">13<\/a><\/div>\n\n<a href=\"\/pt\/wp-json\/wp\/v2\/pages\/2790?query-17-page=2\" class=\"wp-block-query-pagination-next\">P\u00e1gina Seguinte<\/a>\n<\/nav>\n\n<\/div>","protected":false},"excerpt":{"rendered":"","protected":false},"author":1,"featured_media":0,"parent":0,"menu_order":0,"comment_status":"closed","ping_status":"closed","template":"","meta":{"_swt_meta_header_display":false,"_swt_meta_footer_display":false,"_swt_meta_site_title_display":false,"_swt_meta_sticky_header":false,"_swt_meta_transparent_header":false,"footnotes":""},"class_list":["post-2790","page","type-page","status-publish","hentry"],"_links":{"self":[{"href":"https:\/\/www.hommy.com\/pt\/wp-json\/wp\/v2\/pages\/2790","targetHints":{"allow":["GET"]}}],"collection":[{"href":"https:\/\/www.hommy.com\/pt\/wp-json\/wp\/v2\/pages"}],"about":[{"href":"https:\/\/www.hommy.com\/pt\/wp-json\/wp\/v2\/types\/page"}],"author":[{"embeddable":true,"href":"https:\/\/www.hommy.com\/pt\/wp-json\/wp\/v2\/users\/1"}],"replies":[{"embeddable":true,"href":"https:\/\/www.hommy.com\/pt\/wp-json\/wp\/v2\/comments?post=2790"}],"version-history":[{"count":21,"href":"https:\/\/www.hommy.com\/pt\/wp-json\/wp\/v2\/pages\/2790\/revisions"}],"predecessor-version":[{"id":2841,"href":"https:\/\/www.hommy.com\/pt\/wp-json\/wp\/v2\/pages\/2790\/revisions\/2841"}],"wp:attachment":[{"href":"https:\/\/www.hommy.com\/pt\/wp-json\/wp\/v2\/media?parent=2790"}],"curies":[{"name":"wp","href":"https:\/\/api.w.org\/{rel}","templated":true}]}}